{"id":3351,"date":"2026-04-09T14:22:28","date_gmt":"2026-04-09T11:22:28","guid":{"rendered":"https:\/\/prolab.ro\/?post_type=product&#038;p=3351"},"modified":"2026-04-09T14:22:28","modified_gmt":"2026-04-09T11:22:28","slug":"excel%c2%b2-500-dishwasher","status":"publish","type":"product","link":"https:\/\/prolab.ro\/ro\/produs\/excel%c2%b2-500-dishwasher\/","title":{"rendered":"EXCEL\u00b2 500- Dishwasher"},"content":{"rendered":"<h4 data-section-id=\"13hm9pl\" data-start=\"542\" data-end=\"576\">Capacitate &amp; productivitate<\/h4>\n<ul data-start=\"577\" data-end=\"725\">\n<li data-section-id=\"168gw0\" data-start=\"577\" data-end=\"620\"><strong data-start=\"579\" data-end=\"596\">Farfurii\/or\u0103:<\/strong> p\u00e2n\u0103 la <strong data-start=\"605\" data-end=\"618\">600 buc\/h<\/strong><\/li>\n<li data-section-id=\"mwsq3w\" data-start=\"621\" data-end=\"663\"><strong data-start=\"623\" data-end=\"638\">Pahare\/or\u0103:<\/strong> p\u00e2n\u0103 la <strong data-start=\"647\" data-end=\"661\">1000 buc\/h<\/strong><\/li>\n<li data-section-id=\"1gogrpw\" data-start=\"664\" data-end=\"725\"><strong data-start=\"666\" data-end=\"681\">Co\u0219uri\/or\u0103:<\/strong> ~<strong data-start=\"683\" data-end=\"701\">10 \u2013 42 co\u0219uri<\/strong> (\u00een func\u021bie de program)<\/li>\n<\/ul>\n<h4 data-section-id=\"7ko575\" data-start=\"790\" data-end=\"815\">Programe de sp\u0103lare<\/h4>\n<ul data-start=\"816\" data-end=\"919\">\n<li data-section-id=\"1r23no6\" data-start=\"816\" data-end=\"919\"><strong data-start=\"818\" data-end=\"832\">8 cicluri:<\/strong>\n<ul data-start=\"835\" data-end=\"919\">\n<li data-section-id=\"15f4i8x\" data-start=\"835\" data-end=\"856\">60 \/ 90 \/ 120 sec<\/li>\n<li data-section-id=\"1drss1q\" data-start=\"859\" data-end=\"876\">180 \/ 360 sec<\/li>\n<\/ul>\n<\/li>\n<\/ul>\n<h4 data-section-id=\"1m0cmco\" data-start=\"982\" data-end=\"1002\">Consum &amp; putere<\/h4>\n<ul data-start=\"1003\" data-end=\"1083\">\n<li data-section-id=\"bkz76s\" data-start=\"1003\" data-end=\"1046\"><strong data-start=\"1005\" data-end=\"1023\">Putere total\u0103:<\/strong> <strong data-start=\"1024\" data-end=\"1044\">6650 W (6.65 kW)<\/strong><\/li>\n<li data-section-id=\"73z3sy\" data-start=\"1047\" data-end=\"1083\"><strong data-start=\"1049\" data-end=\"1067\">Pomp\u0103 sp\u0103lare:<\/strong> 650 W \/ 250 W<\/li>\n<\/ul>\n<h4 data-section-id=\"1qxmuh0\" data-start=\"1131\" data-end=\"1147\">Consum ap\u0103<\/h4>\n<ul data-start=\"1148\" data-end=\"1175\">\n<li data-section-id=\"16hq3jl\" data-start=\"1148\" data-end=\"1175\"><strong data-start=\"1150\" data-end=\"1175\">3.5 \u2013 7 litri \/ ciclu<\/strong><\/li>\n<li data-section-id=\"14u05ut\" data-start=\"1521\" data-end=\"1539\">Sp\u0103lare: ~55\u00b0C<\/li>\n<li data-section-id=\"1vo4nw7\" data-start=\"1540\" data-end=\"1595\">Cl\u0103tire: temperatur\u0103 \u00eenalt\u0103<\/li>\n<\/ul>\n<p>&nbsp;<\/p>\n<p><a href=\"https:\/\/prolab.ro\/wp-content\/uploads\/2026\/04\/Vezi-modelele-AICI.pdf\">Vezi modelele AICI<\/a><\/p>","protected":false},"excerpt":{"rendered":"<p>Noua tehnologie a liniei EXCEL\u00b2 te va ghida, \u00eentr-un mod u\u0219or \u0219i intuitiv, prin func\u021biile ma\u0219inii tale de sp\u0103lat vase. Panoul soft-touch, cu tast\u0103 multicolor\u0103 \u0219i ecran TFT, afi\u0219eaz\u0103 clar temperaturile de func\u021bionare, ciclurile de sp\u0103lare \u0219i toate func\u021biile active.<\/p>","protected":false},"featured_media":3352,"comment_status":"open","ping_status":"closed","template":"","meta":{"ocean_post_layout":"","ocean_both_sidebars_style":"","ocean_both_sidebars_content_width":0,"ocean_both_sidebars_sidebars_width":0,"ocean_sidebar":"0","ocean_second_sidebar":"0","ocean_disable_margins":"enable","ocean_add_body_class":"","ocean_shortcode_before_top_bar":"","ocean_shortcode_after_top_bar":"","ocean_shortcode_before_header":"","ocean_shortcode_after_header":"","ocean_has_shortcode":"","ocean_shortcode_after_title":"","ocean_shortcode_before_footer_widgets":"","ocean_shortcode_after_footer_widgets":"","ocean_shortcode_before_footer_bottom":"","ocean_shortcode_after_footer_bottom":"","ocean_display_top_bar":"default","ocean_display_header":"default","ocean_header_style":"","ocean_center_header_left_menu":"0","ocean_custom_header_template":"0","ocean_custom_logo":0,"ocean_custom_retina_logo":0,"ocean_custom_logo_max_width":0,"ocean_custom_logo_tablet_max_width":0,"ocean_custom_logo_mobile_max_width":0,"ocean_custom_logo_max_height":0,"ocean_custom_logo_tablet_max_height":0,"ocean_custom_logo_mobile_max_height":0,"ocean_header_custom_menu":"0","ocean_menu_typo_font_family":"0","ocean_menu_typo_font_subset":"","ocean_menu_typo_font_size":0,"ocean_menu_typo_font_size_tablet":0,"ocean_menu_typo_font_size_mobile":0,"ocean_menu_typo_font_size_unit":"px","ocean_menu_typo_font_weight":"","ocean_menu_typo_font_weight_tablet":"","ocean_menu_typo_font_weight_mobile":"","ocean_menu_typo_transform":"","ocean_menu_typo_transform_tablet":"","ocean_menu_typo_transform_mobile":"","ocean_menu_typo_line_height":0,"ocean_menu_typo_line_height_tablet":0,"ocean_menu_typo_line_height_mobile":0,"ocean_menu_typo_line_height_unit":"","ocean_menu_typo_spacing":0,"ocean_menu_typo_spacing_tablet":0,"ocean_menu_typo_spacing_mobile":0,"ocean_menu_typo_spacing_unit":"","ocean_menu_link_color":"","ocean_menu_link_color_hover":"","ocean_menu_link_color_active":"","ocean_menu_link_background":"","ocean_menu_link_hover_background":"","ocean_menu_link_active_background":"","ocean_menu_social_links_bg":"","ocean_menu_social_hover_links_bg":"","ocean_menu_social_links_color":"","ocean_menu_social_hover_links_color":"","ocean_disable_title":"default","ocean_disable_heading":"default","ocean_post_title":"","ocean_post_subheading":"","ocean_post_title_style":"","ocean_post_title_background_color":"","ocean_post_title_background":0,"ocean_post_title_bg_image_position":"","ocean_post_title_bg_image_attachment":"","ocean_post_title_bg_image_repeat":"","ocean_post_title_bg_image_size":"","ocean_post_title_height":0,"ocean_post_title_bg_overlay":0.5,"ocean_post_title_bg_overlay_color":"","ocean_disable_breadcrumbs":"default","ocean_breadcrumbs_color":"","ocean_breadcrumbs_separator_color":"","ocean_breadcrumbs_links_color":"","ocean_breadcrumbs_links_hover_color":"","ocean_display_footer_widgets":"default","ocean_display_footer_bottom":"default","ocean_custom_footer_template":"0"},"product_brand":[],"product_cat":[690],"product_tag":[],"class_list":{"0":"post-3351","1":"product","2":"type-product","3":"status-publish","4":"has-post-thumbnail","6":"product_cat-dish-washing-machine","8":"entry","9":"has-media","11":"first","12":"instock","13":"taxable","14":"shipping-taxable","15":"product-type-simple","16":"has-product-nav","17":"col","18":"span_1_of_2","19":"owp-content-center","20":"owp-thumbs-layout-horizontal","21":"owp-btn-normal","22":"owp-tabs-layout-horizontal","23":"has-no-thumbnails"},"yoast_head":"<!-- This site is optimized with the Yoast SEO plugin v27.4 - https:\/\/yoast.com\/product\/yoast-seo-wordpress\/ -->\n<title>EXCEL\u00b2 500- Dishwasher - PROLAB<\/title>\n<meta name=\"robots\" content=\"index, follow, max-snippet:-1, max-image-preview:large, max-video-preview:-1\" \/>\n<link rel=\"canonical\" href=\"https:\/\/prolab.ro\/ro\/produs\/excel\u00b2-500-dishwasher\/\" \/>\n<meta property=\"og:locale\" content=\"ro_RO\" \/>\n<meta property=\"og:type\" content=\"article\" \/>\n<meta property=\"og:title\" content=\"EXCEL\u00b2 500- Dishwasher - PROLAB\" \/>\n<meta property=\"og:description\" content=\"Noua tehnologie a liniei EXCEL\u00b2 te va ghida, \u00eentr-un mod u\u0219or \u0219i intuitiv, prin func\u021biile ma\u0219inii tale de sp\u0103lat vase. Panoul soft-touch, cu tast\u0103 multicolor\u0103 \u0219i ecran TFT, afi\u0219eaz\u0103 clar temperaturile de func\u021bionare, ciclurile de sp\u0103lare \u0219i toate func\u021biile active.\" \/>\n<meta property=\"og:url\" content=\"https:\/\/prolab.ro\/ro\/produs\/excel\u00b2-500-dishwasher\/\" \/>\n<meta property=\"og:site_name\" content=\"PROLAB\" \/>\n<meta property=\"article:publisher\" content=\"https:\/\/www.facebook.com\/profile.php?id=100063772800673\" \/>\n<meta property=\"og:image\" content=\"https:\/\/prolab.ro\/wp-content\/uploads\/2026\/04\/excel2-500-sito_0_700_1000.jpg\" \/>\n\t<meta property=\"og:image:width\" content=\"780\" \/>\n\t<meta property=\"og:image:height\" content=\"1000\" \/>\n\t<meta property=\"og:image:type\" content=\"image\/jpeg\" \/>\n<meta name=\"twitter:card\" content=\"summary_large_image\" \/>\n<meta name=\"twitter:label1\" content=\"Timp estimat pentru citire\" \/>\n\t<meta name=\"twitter:data1\" content=\"1 minut\" \/>\n<script type=\"application\/ld+json\" class=\"yoast-schema-graph\">{\"@context\":\"https:\\\/\\\/schema.org\",\"@graph\":[{\"@type\":\"WebPage\",\"@id\":\"https:\\\/\\\/prolab.ro\\\/product\\\/excel%c2%b2-500-dishwasher\\\/\",\"url\":\"https:\\\/\\\/prolab.ro\\\/product\\\/excel%c2%b2-500-dishwasher\\\/\",\"name\":\"EXCEL\u00b2 500- Dishwasher - PROLAB\",\"isPartOf\":{\"@id\":\"https:\\\/\\\/prolab.ro\\\/ro\\\/#website\"},\"primaryImageOfPage\":{\"@id\":\"https:\\\/\\\/prolab.ro\\\/product\\\/excel%c2%b2-500-dishwasher\\\/#primaryimage\"},\"image\":{\"@id\":\"https:\\\/\\\/prolab.ro\\\/product\\\/excel%c2%b2-500-dishwasher\\\/#primaryimage\"},\"thumbnailUrl\":\"https:\\\/\\\/prolab.ro\\\/wp-content\\\/uploads\\\/2026\\\/04\\\/excel2-500-sito_0_700_1000.jpg\",\"datePublished\":\"2026-04-09T11:22:28+00:00\",\"breadcrumb\":{\"@id\":\"https:\\\/\\\/prolab.ro\\\/product\\\/excel%c2%b2-500-dishwasher\\\/#breadcrumb\"},\"inLanguage\":\"ro-RO\",\"potentialAction\":[{\"@type\":\"ReadAction\",\"target\":[\"https:\\\/\\\/prolab.ro\\\/product\\\/excel%c2%b2-500-dishwasher\\\/\"]}]},{\"@type\":\"ImageObject\",\"inLanguage\":\"ro-RO\",\"@id\":\"https:\\\/\\\/prolab.ro\\\/product\\\/excel%c2%b2-500-dishwasher\\\/#primaryimage\",\"url\":\"https:\\\/\\\/prolab.ro\\\/wp-content\\\/uploads\\\/2026\\\/04\\\/excel2-500-sito_0_700_1000.jpg\",\"contentUrl\":\"https:\\\/\\\/prolab.ro\\\/wp-content\\\/uploads\\\/2026\\\/04\\\/excel2-500-sito_0_700_1000.jpg\",\"width\":780,\"height\":1000},{\"@type\":\"BreadcrumbList\",\"@id\":\"https:\\\/\\\/prolab.ro\\\/product\\\/excel%c2%b2-500-dishwasher\\\/#breadcrumb\",\"itemListElement\":[{\"@type\":\"ListItem\",\"position\":1,\"name\":\"Home\",\"item\":\"https:\\\/\\\/prolab.ro\\\/\"},{\"@type\":\"ListItem\",\"position\":2,\"name\":\"Shop\",\"item\":\"https:\\\/\\\/prolab.ro\\\/shop\\\/\"},{\"@type\":\"ListItem\",\"position\":3,\"name\":\"EXCEL\u00b2 500- Dishwasher\"}]},{\"@type\":\"WebSite\",\"@id\":\"https:\\\/\\\/prolab.ro\\\/ro\\\/#website\",\"url\":\"https:\\\/\\\/prolab.ro\\\/ro\\\/\",\"name\":\"www.prolab.ro\",\"description\":\"Echipamente profesionale HORECA\",\"publisher\":{\"@id\":\"https:\\\/\\\/prolab.ro\\\/ro\\\/#organization\"},\"potentialAction\":[{\"@type\":\"SearchAction\",\"target\":{\"@type\":\"EntryPoint\",\"urlTemplate\":\"https:\\\/\\\/prolab.ro\\\/ro\\\/?s={search_term_string}\"},\"query-input\":{\"@type\":\"PropertyValueSpecification\",\"valueRequired\":true,\"valueName\":\"search_term_string\"}}],\"inLanguage\":\"ro-RO\"},{\"@type\":\"Organization\",\"@id\":\"https:\\\/\\\/prolab.ro\\\/ro\\\/#organization\",\"name\":\"HORECA PROLAB SRL\",\"url\":\"https:\\\/\\\/prolab.ro\\\/ro\\\/\",\"logo\":{\"@type\":\"ImageObject\",\"inLanguage\":\"ro-RO\",\"@id\":\"https:\\\/\\\/prolab.ro\\\/ro\\\/#\\\/schema\\\/logo\\\/image\\\/\",\"url\":\"https:\\\/\\\/prolab.ro\\\/wp-content\\\/uploads\\\/2020\\\/10\\\/cropped-2019-06-21-logos-03-B-red.png\",\"contentUrl\":\"https:\\\/\\\/prolab.ro\\\/wp-content\\\/uploads\\\/2020\\\/10\\\/cropped-2019-06-21-logos-03-B-red.png\",\"width\":1963,\"height\":546,\"caption\":\"HORECA PROLAB SRL\"},\"image\":{\"@id\":\"https:\\\/\\\/prolab.ro\\\/ro\\\/#\\\/schema\\\/logo\\\/image\\\/\"},\"sameAs\":[\"https:\\\/\\\/www.facebook.com\\\/profile.php?id=100063772800673\"]}]}<\/script>\n<!-- \/ Yoast SEO plugin. -->","yoast_head_json":{"title":"EXCEL\u00b2 500- Dishwasher - PROLAB","robots":{"index":"index","follow":"follow","max-snippet":"max-snippet:-1","max-image-preview":"max-image-preview:large","max-video-preview":"max-video-preview:-1"},"canonical":"https:\/\/prolab.ro\/ro\/produs\/excel\u00b2-500-dishwasher\/","og_locale":"ro_RO","og_type":"article","og_title":"EXCEL\u00b2 500- Dishwasher - PROLAB","og_description":"Noua tehnologie a liniei EXCEL\u00b2 te va ghida, \u00eentr-un mod u\u0219or \u0219i intuitiv, prin func\u021biile ma\u0219inii tale de sp\u0103lat vase. Panoul soft-touch, cu tast\u0103 multicolor\u0103 \u0219i ecran TFT, afi\u0219eaz\u0103 clar temperaturile de func\u021bionare, ciclurile de sp\u0103lare \u0219i toate func\u021biile active.","og_url":"https:\/\/prolab.ro\/ro\/produs\/excel\u00b2-500-dishwasher\/","og_site_name":"PROLAB","article_publisher":"https:\/\/www.facebook.com\/profile.php?id=100063772800673","og_image":[{"width":780,"height":1000,"url":"https:\/\/prolab.ro\/wp-content\/uploads\/2026\/04\/excel2-500-sito_0_700_1000.jpg","type":"image\/jpeg"}],"twitter_card":"summary_large_image","twitter_misc":{"Timp estimat pentru citire":"1 minut"},"schema":{"@context":"https:\/\/schema.org","@graph":[{"@type":"WebPage","@id":"https:\/\/prolab.ro\/product\/excel%c2%b2-500-dishwasher\/","url":"https:\/\/prolab.ro\/product\/excel%c2%b2-500-dishwasher\/","name":"EXCEL\u00b2 500- Dishwasher - PROLAB","isPartOf":{"@id":"https:\/\/prolab.ro\/ro\/#website"},"primaryImageOfPage":{"@id":"https:\/\/prolab.ro\/product\/excel%c2%b2-500-dishwasher\/#primaryimage"},"image":{"@id":"https:\/\/prolab.ro\/product\/excel%c2%b2-500-dishwasher\/#primaryimage"},"thumbnailUrl":"https:\/\/prolab.ro\/wp-content\/uploads\/2026\/04\/excel2-500-sito_0_700_1000.jpg","datePublished":"2026-04-09T11:22:28+00:00","breadcrumb":{"@id":"https:\/\/prolab.ro\/product\/excel%c2%b2-500-dishwasher\/#breadcrumb"},"inLanguage":"ro-RO","potentialAction":[{"@type":"ReadAction","target":["https:\/\/prolab.ro\/product\/excel%c2%b2-500-dishwasher\/"]}]},{"@type":"ImageObject","inLanguage":"ro-RO","@id":"https:\/\/prolab.ro\/product\/excel%c2%b2-500-dishwasher\/#primaryimage","url":"https:\/\/prolab.ro\/wp-content\/uploads\/2026\/04\/excel2-500-sito_0_700_1000.jpg","contentUrl":"https:\/\/prolab.ro\/wp-content\/uploads\/2026\/04\/excel2-500-sito_0_700_1000.jpg","width":780,"height":1000},{"@type":"BreadcrumbList","@id":"https:\/\/prolab.ro\/product\/excel%c2%b2-500-dishwasher\/#breadcrumb","itemListElement":[{"@type":"ListItem","position":1,"name":"Home","item":"https:\/\/prolab.ro\/"},{"@type":"ListItem","position":2,"name":"Shop","item":"https:\/\/prolab.ro\/shop\/"},{"@type":"ListItem","position":3,"name":"EXCEL\u00b2 500- Dishwasher"}]},{"@type":"WebSite","@id":"https:\/\/prolab.ro\/ro\/#website","url":"https:\/\/prolab.ro\/ro\/","name":"www.prolab.ro","description":"Echipamente profesionale HORECA","publisher":{"@id":"https:\/\/prolab.ro\/ro\/#organization"},"potentialAction":[{"@type":"SearchAction","target":{"@type":"EntryPoint","urlTemplate":"https:\/\/prolab.ro\/ro\/?s={search_term_string}"},"query-input":{"@type":"PropertyValueSpecification","valueRequired":true,"valueName":"search_term_string"}}],"inLanguage":"ro-RO"},{"@type":"Organization","@id":"https:\/\/prolab.ro\/ro\/#organization","name":"HORECA PROLAB SRL","url":"https:\/\/prolab.ro\/ro\/","logo":{"@type":"ImageObject","inLanguage":"ro-RO","@id":"https:\/\/prolab.ro\/ro\/#\/schema\/logo\/image\/","url":"https:\/\/prolab.ro\/wp-content\/uploads\/2020\/10\/cropped-2019-06-21-logos-03-B-red.png","contentUrl":"https:\/\/prolab.ro\/wp-content\/uploads\/2020\/10\/cropped-2019-06-21-logos-03-B-red.png","width":1963,"height":546,"caption":"HORECA PROLAB SRL"},"image":{"@id":"https:\/\/prolab.ro\/ro\/#\/schema\/logo\/image\/"},"sameAs":["https:\/\/www.facebook.com\/profile.php?id=100063772800673"]}]}},"_links":{"self":[{"href":"https:\/\/prolab.ro\/ro\/wp-json\/wp\/v2\/product\/3351","targetHints":{"allow":["GET"]}}],"collection":[{"href":"https:\/\/prolab.ro\/ro\/wp-json\/wp\/v2\/product"}],"about":[{"href":"https:\/\/prolab.ro\/ro\/wp-json\/wp\/v2\/types\/product"}],"replies":[{"embeddable":true,"href":"https:\/\/prolab.ro\/ro\/wp-json\/wp\/v2\/comments?post=3351"}],"wp:featuredmedia":[{"embeddable":true,"href":"https:\/\/prolab.ro\/ro\/wp-json\/wp\/v2\/media\/3352"}],"wp:attachment":[{"href":"https:\/\/prolab.ro\/ro\/wp-json\/wp\/v2\/media?parent=3351"}],"wp:term":[{"taxonomy":"product_brand","embeddable":true,"href":"https:\/\/prolab.ro\/ro\/wp-json\/wp\/v2\/product_brand?post=3351"},{"taxonomy":"product_cat","embeddable":true,"href":"https:\/\/prolab.ro\/ro\/wp-json\/wp\/v2\/product_cat?post=3351"},{"taxonomy":"product_tag","embeddable":true,"href":"https:\/\/prolab.ro\/ro\/wp-json\/wp\/v2\/product_tag?post=3351"}],"curies":[{"name":"wp","href":"https:\/\/api.w.org\/{rel}","templated":true}]}}