{"id":3348,"date":"2026-04-09T14:00:16","date_gmt":"2026-04-09T11:00:16","guid":{"rendered":"https:\/\/prolab.ro\/?post_type=product&#038;p=3348"},"modified":"2026-04-09T14:00:16","modified_gmt":"2026-04-09T11:00:16","slug":"masina-de-spalat-vase-silver%c2%b2-el-500-hygiene","status":"publish","type":"product","link":"https:\/\/prolab.ro\/ro\/produs\/masina-de-spalat-vase-silver%c2%b2-el-500-hygiene\/","title":{"rendered":"Ma\u0219in\u01ce de sp\u01celat vase SILVER\u00b2 EL 500 Hygiene+"},"content":{"rendered":"<h4 data-section-id=\"13hm9pl\" data-start=\"488\" data-end=\"522\">Capacitate &amp; productivitate<\/h4>\n<ul data-start=\"523\" data-end=\"671\">\n<li data-section-id=\"15lx2vd\" data-start=\"523\" data-end=\"566\"><strong data-start=\"525\" data-end=\"542\">Farfurii\/or\u0103:<\/strong> p\u00e2n\u0103 la <strong data-start=\"551\" data-end=\"564\">825 buc\/h<\/strong><\/li>\n<li data-section-id=\"jcz7il\" data-start=\"567\" data-end=\"609\"><strong data-start=\"569\" data-end=\"584\">Pahare\/or\u0103:<\/strong> p\u00e2n\u0103 la <strong data-start=\"593\" data-end=\"607\">1375 buc\/h<\/strong><\/li>\n<li data-section-id=\"m7wr2u\" data-start=\"610\" data-end=\"671\"><strong data-start=\"612\" data-end=\"627\">Co\u0219uri\/or\u0103:<\/strong> ~<strong data-start=\"629\" data-end=\"647\">20 \u2013 43 co\u0219uri<\/strong> (\u00een func\u021bie de program)<\/li>\n<\/ul>\n<h4 data-section-id=\"7ko575\" data-start=\"737\" data-end=\"762\">Programe de sp\u0103lare<\/h4>\n<ul>\n<li style=\"list-style-type: none;\">\n<ul data-start=\"763\" data-end=\"833\">\n<li data-section-id=\"1vq0jxq\" data-start=\"763\" data-end=\"833\"><strong data-start=\"765\" data-end=\"779\">4 cicluri:<\/strong>\n<ul data-start=\"782\" data-end=\"833\">\n<li data-section-id=\"16i3cgr\" data-start=\"782\" data-end=\"792\">60 sec<\/li>\n<li data-section-id=\"qp9wz8\" data-start=\"795\" data-end=\"805\">90 sec<\/li>\n<li data-section-id=\"1eonc4k\" data-start=\"808\" data-end=\"819\">180 sec<\/li>\n<li data-section-id=\"pesg20\" data-start=\"822\" data-end=\"833\">630 sec<\/li>\n<\/ul>\n<\/li>\n<\/ul>\n<\/li>\n<\/ul>\n<h4 data-section-id=\"1m0cmco\" data-start=\"912\" data-end=\"932\">Consum &amp; putere<\/h4>\n<ul data-start=\"933\" data-end=\"1005\">\n<li data-section-id=\"su1qro\" data-start=\"933\" data-end=\"976\"><strong data-start=\"935\" data-end=\"953\">Putere total\u0103:<\/strong> <strong data-start=\"954\" data-end=\"974\">5150 W (5.15 kW)<\/strong><\/li>\n<li data-section-id=\"1cai8zx\" data-start=\"977\" data-end=\"1005\"><strong data-start=\"979\" data-end=\"997\">Pomp\u0103 sp\u0103lare:<\/strong> 650 W<\/li>\n<\/ul>\n<h4 data-section-id=\"1qxmuh0\" data-start=\"1077\" data-end=\"1093\">Consum ap\u0103<\/h4>\n<ul data-start=\"1094\" data-end=\"1117\">\n<li data-section-id=\"h2fzyq\" data-start=\"1094\" data-end=\"1117\"><strong data-start=\"1096\" data-end=\"1117\">2.3 litri \/ ciclu<\/strong><\/li>\n<li data-section-id=\"14u05ut\" data-start=\"1502\" data-end=\"1520\">Sp\u0103lare: ~55\u00b0C<\/li>\n<li data-section-id=\"1ua8as6\" data-start=\"1521\" data-end=\"1574\">Cl\u0103tire: temperatur\u0103 \u00eenalt\u0103 (igienizare Hygiene+)<\/li>\n<\/ul>\n<p>&nbsp;<\/p>\n<p><a href=\"https:\/\/prolab.ro\/wp-content\/uploads\/2026\/04\/Vezi-modelele-AICI.pdf\">Vezi modelele AICI<\/a><\/p>","protected":false},"excerpt":{"rendered":"<p>Ofer\u0103 performan\u021b\u0103 ridicat\u0103, cicluri rapide \u0219i consum optimizat de ap\u0103 \u0219i energie, asigur\u00e2nd igienizare eficient\u0103 conform standardelor profesionale.<\/p>","protected":false},"featured_media":3349,"comment_status":"open","ping_status":"closed","template":"","meta":{"ocean_post_layout":"","ocean_both_sidebars_style":"","ocean_both_sidebars_content_width":0,"ocean_both_sidebars_sidebars_width":0,"ocean_sidebar":"0","ocean_second_sidebar":"0","ocean_disable_margins":"enable","ocean_add_body_class":"","ocean_shortcode_before_top_bar":"","ocean_shortcode_after_top_bar":"","ocean_shortcode_before_header":"","ocean_shortcode_after_header":"","ocean_has_shortcode":"","ocean_shortcode_after_title":"","ocean_shortcode_before_footer_widgets":"","ocean_shortcode_after_footer_widgets":"","ocean_shortcode_before_footer_bottom":"","ocean_shortcode_after_footer_bottom":"","ocean_display_top_bar":"default","ocean_display_header":"default","ocean_header_style":"","ocean_center_header_left_menu":"0","ocean_custom_header_template":"0","ocean_custom_logo":0,"ocean_custom_retina_logo":0,"ocean_custom_logo_max_width":0,"ocean_custom_logo_tablet_max_width":0,"ocean_custom_logo_mobile_max_width":0,"ocean_custom_logo_max_height":0,"ocean_custom_logo_tablet_max_height":0,"ocean_custom_logo_mobile_max_height":0,"ocean_header_custom_menu":"0","ocean_menu_typo_font_family":"0","ocean_menu_typo_font_subset":"","ocean_menu_typo_font_size":0,"ocean_menu_typo_font_size_tablet":0,"ocean_menu_typo_font_size_mobile":0,"ocean_menu_typo_font_size_unit":"px","ocean_menu_typo_font_weight":"","ocean_menu_typo_font_weight_tablet":"","ocean_menu_typo_font_weight_mobile":"","ocean_menu_typo_transform":"","ocean_menu_typo_transform_tablet":"","ocean_menu_typo_transform_mobile":"","ocean_menu_typo_line_height":0,"ocean_menu_typo_line_height_tablet":0,"ocean_menu_typo_line_height_mobile":0,"ocean_menu_typo_line_height_unit":"","ocean_menu_typo_spacing":0,"ocean_menu_typo_spacing_tablet":0,"ocean_menu_typo_spacing_mobile":0,"ocean_menu_typo_spacing_unit":"","ocean_menu_link_color":"","ocean_menu_link_color_hover":"","ocean_menu_link_color_active":"","ocean_menu_link_background":"","ocean_menu_link_hover_background":"","ocean_menu_link_active_background":"","ocean_menu_social_links_bg":"","ocean_menu_social_hover_links_bg":"","ocean_menu_social_links_color":"","ocean_menu_social_hover_links_color":"","ocean_disable_title":"default","ocean_disable_heading":"default","ocean_post_title":"","ocean_post_subheading":"","ocean_post_title_style":"","ocean_post_title_background_color":"","ocean_post_title_background":0,"ocean_post_title_bg_image_position":"","ocean_post_title_bg_image_attachment":"","ocean_post_title_bg_image_repeat":"","ocean_post_title_bg_image_size":"","ocean_post_title_height":0,"ocean_post_title_bg_overlay":0.5,"ocean_post_title_bg_overlay_color":"","ocean_disable_breadcrumbs":"default","ocean_breadcrumbs_color":"","ocean_breadcrumbs_separator_color":"","ocean_breadcrumbs_links_color":"","ocean_breadcrumbs_links_hover_color":"","ocean_display_footer_widgets":"default","ocean_display_footer_bottom":"default","ocean_custom_footer_template":"0"},"product_brand":[],"product_cat":[690],"product_tag":[],"class_list":{"0":"post-3348","1":"product","2":"type-product","3":"status-publish","4":"has-post-thumbnail","6":"product_cat-dish-washing-machine","8":"entry","9":"has-media","11":"first","12":"instock","13":"taxable","14":"shipping-taxable","15":"product-type-simple","16":"has-product-nav","17":"col","18":"span_1_of_2","19":"owp-content-center","20":"owp-thumbs-layout-horizontal","21":"owp-btn-normal","22":"owp-tabs-layout-horizontal","23":"has-no-thumbnails"},"yoast_head":"<!-- This site is optimized with the Yoast SEO plugin v27.4 - https:\/\/yoast.com\/product\/yoast-seo-wordpress\/ -->\n<title>Ma\u0219in\u01ce de sp\u01celat vase SILVER\u00b2 EL 500 Hygiene+ - PROLAB<\/title>\n<meta name=\"robots\" content=\"index, follow, max-snippet:-1, max-image-preview:large, max-video-preview:-1\" \/>\n<link rel=\"canonical\" href=\"https:\/\/prolab.ro\/ro\/produs\/masina-de-spalat-vase-silver\u00b2-el-500-hygiene\/\" \/>\n<meta property=\"og:locale\" content=\"ro_RO\" \/>\n<meta property=\"og:type\" content=\"article\" \/>\n<meta property=\"og:title\" content=\"Ma\u0219in\u01ce de sp\u01celat vase SILVER\u00b2 EL 500 Hygiene+ - PROLAB\" \/>\n<meta property=\"og:description\" content=\"Ofer\u0103 performan\u021b\u0103 ridicat\u0103, cicluri rapide \u0219i consum optimizat de ap\u0103 \u0219i energie, asigur\u00e2nd igienizare eficient\u0103 conform standardelor profesionale.\" \/>\n<meta property=\"og:url\" content=\"https:\/\/prolab.ro\/ro\/produs\/masina-de-spalat-vase-silver\u00b2-el-500-hygiene\/\" \/>\n<meta property=\"og:site_name\" content=\"PROLAB\" \/>\n<meta property=\"article:publisher\" content=\"https:\/\/www.facebook.com\/profile.php?id=100063772800673\" \/>\n<meta property=\"og:image\" content=\"https:\/\/prolab.ro\/wp-content\/uploads\/2026\/04\/silver-el2-500-2_0_700_1000.png\" \/>\n\t<meta property=\"og:image:width\" content=\"780\" \/>\n\t<meta property=\"og:image:height\" content=\"1000\" \/>\n\t<meta property=\"og:image:type\" content=\"image\/png\" \/>\n<meta name=\"twitter:card\" content=\"summary_large_image\" \/>\n<meta name=\"twitter:label1\" content=\"Timp estimat pentru citire\" \/>\n\t<meta name=\"twitter:data1\" content=\"1 minut\" \/>\n<script type=\"application\/ld+json\" class=\"yoast-schema-graph\">{\"@context\":\"https:\\\/\\\/schema.org\",\"@graph\":[{\"@type\":\"WebPage\",\"@id\":\"https:\\\/\\\/prolab.ro\\\/product\\\/masina-de-spalat-vase-silver%c2%b2-el-500-hygiene\\\/\",\"url\":\"https:\\\/\\\/prolab.ro\\\/product\\\/masina-de-spalat-vase-silver%c2%b2-el-500-hygiene\\\/\",\"name\":\"Ma\u0219in\u01ce de sp\u01celat vase SILVER\u00b2 EL 500 Hygiene+ - PROLAB\",\"isPartOf\":{\"@id\":\"https:\\\/\\\/prolab.ro\\\/ro\\\/#website\"},\"primaryImageOfPage\":{\"@id\":\"https:\\\/\\\/prolab.ro\\\/product\\\/masina-de-spalat-vase-silver%c2%b2-el-500-hygiene\\\/#primaryimage\"},\"image\":{\"@id\":\"https:\\\/\\\/prolab.ro\\\/product\\\/masina-de-spalat-vase-silver%c2%b2-el-500-hygiene\\\/#primaryimage\"},\"thumbnailUrl\":\"https:\\\/\\\/prolab.ro\\\/wp-content\\\/uploads\\\/2026\\\/04\\\/silver-el2-500-2_0_700_1000.png\",\"datePublished\":\"2026-04-09T11:00:16+00:00\",\"breadcrumb\":{\"@id\":\"https:\\\/\\\/prolab.ro\\\/product\\\/masina-de-spalat-vase-silver%c2%b2-el-500-hygiene\\\/#breadcrumb\"},\"inLanguage\":\"ro-RO\",\"potentialAction\":[{\"@type\":\"ReadAction\",\"target\":[\"https:\\\/\\\/prolab.ro\\\/product\\\/masina-de-spalat-vase-silver%c2%b2-el-500-hygiene\\\/\"]}]},{\"@type\":\"ImageObject\",\"inLanguage\":\"ro-RO\",\"@id\":\"https:\\\/\\\/prolab.ro\\\/product\\\/masina-de-spalat-vase-silver%c2%b2-el-500-hygiene\\\/#primaryimage\",\"url\":\"https:\\\/\\\/prolab.ro\\\/wp-content\\\/uploads\\\/2026\\\/04\\\/silver-el2-500-2_0_700_1000.png\",\"contentUrl\":\"https:\\\/\\\/prolab.ro\\\/wp-content\\\/uploads\\\/2026\\\/04\\\/silver-el2-500-2_0_700_1000.png\",\"width\":780,\"height\":1000},{\"@type\":\"BreadcrumbList\",\"@id\":\"https:\\\/\\\/prolab.ro\\\/product\\\/masina-de-spalat-vase-silver%c2%b2-el-500-hygiene\\\/#breadcrumb\",\"itemListElement\":[{\"@type\":\"ListItem\",\"position\":1,\"name\":\"Home\",\"item\":\"https:\\\/\\\/prolab.ro\\\/\"},{\"@type\":\"ListItem\",\"position\":2,\"name\":\"Shop\",\"item\":\"https:\\\/\\\/prolab.ro\\\/shop\\\/\"},{\"@type\":\"ListItem\",\"position\":3,\"name\":\"Ma\u0219in\u01ce de sp\u01celat vase SILVER\u00b2 EL 500 Hygiene+\"}]},{\"@type\":\"WebSite\",\"@id\":\"https:\\\/\\\/prolab.ro\\\/ro\\\/#website\",\"url\":\"https:\\\/\\\/prolab.ro\\\/ro\\\/\",\"name\":\"www.prolab.ro\",\"description\":\"Echipamente profesionale HORECA\",\"publisher\":{\"@id\":\"https:\\\/\\\/prolab.ro\\\/ro\\\/#organization\"},\"potentialAction\":[{\"@type\":\"SearchAction\",\"target\":{\"@type\":\"EntryPoint\",\"urlTemplate\":\"https:\\\/\\\/prolab.ro\\\/ro\\\/?s={search_term_string}\"},\"query-input\":{\"@type\":\"PropertyValueSpecification\",\"valueRequired\":true,\"valueName\":\"search_term_string\"}}],\"inLanguage\":\"ro-RO\"},{\"@type\":\"Organization\",\"@id\":\"https:\\\/\\\/prolab.ro\\\/ro\\\/#organization\",\"name\":\"HORECA PROLAB SRL\",\"url\":\"https:\\\/\\\/prolab.ro\\\/ro\\\/\",\"logo\":{\"@type\":\"ImageObject\",\"inLanguage\":\"ro-RO\",\"@id\":\"https:\\\/\\\/prolab.ro\\\/ro\\\/#\\\/schema\\\/logo\\\/image\\\/\",\"url\":\"https:\\\/\\\/prolab.ro\\\/wp-content\\\/uploads\\\/2020\\\/10\\\/cropped-2019-06-21-logos-03-B-red.png\",\"contentUrl\":\"https:\\\/\\\/prolab.ro\\\/wp-content\\\/uploads\\\/2020\\\/10\\\/cropped-2019-06-21-logos-03-B-red.png\",\"width\":1963,\"height\":546,\"caption\":\"HORECA PROLAB SRL\"},\"image\":{\"@id\":\"https:\\\/\\\/prolab.ro\\\/ro\\\/#\\\/schema\\\/logo\\\/image\\\/\"},\"sameAs\":[\"https:\\\/\\\/www.facebook.com\\\/profile.php?id=100063772800673\"]}]}<\/script>\n<!-- \/ Yoast SEO plugin. -->","yoast_head_json":{"title":"Ma\u0219in\u01ce de sp\u01celat vase SILVER\u00b2 EL 500 Hygiene+ - PROLAB","robots":{"index":"index","follow":"follow","max-snippet":"max-snippet:-1","max-image-preview":"max-image-preview:large","max-video-preview":"max-video-preview:-1"},"canonical":"https:\/\/prolab.ro\/ro\/produs\/masina-de-spalat-vase-silver\u00b2-el-500-hygiene\/","og_locale":"ro_RO","og_type":"article","og_title":"Ma\u0219in\u01ce de sp\u01celat vase SILVER\u00b2 EL 500 Hygiene+ - PROLAB","og_description":"Ofer\u0103 performan\u021b\u0103 ridicat\u0103, cicluri rapide \u0219i consum optimizat de ap\u0103 \u0219i energie, asigur\u00e2nd igienizare eficient\u0103 conform standardelor profesionale.","og_url":"https:\/\/prolab.ro\/ro\/produs\/masina-de-spalat-vase-silver\u00b2-el-500-hygiene\/","og_site_name":"PROLAB","article_publisher":"https:\/\/www.facebook.com\/profile.php?id=100063772800673","og_image":[{"width":780,"height":1000,"url":"https:\/\/prolab.ro\/wp-content\/uploads\/2026\/04\/silver-el2-500-2_0_700_1000.png","type":"image\/png"}],"twitter_card":"summary_large_image","twitter_misc":{"Timp estimat pentru citire":"1 minut"},"schema":{"@context":"https:\/\/schema.org","@graph":[{"@type":"WebPage","@id":"https:\/\/prolab.ro\/product\/masina-de-spalat-vase-silver%c2%b2-el-500-hygiene\/","url":"https:\/\/prolab.ro\/product\/masina-de-spalat-vase-silver%c2%b2-el-500-hygiene\/","name":"Ma\u0219in\u01ce de sp\u01celat vase SILVER\u00b2 EL 500 Hygiene+ - PROLAB","isPartOf":{"@id":"https:\/\/prolab.ro\/ro\/#website"},"primaryImageOfPage":{"@id":"https:\/\/prolab.ro\/product\/masina-de-spalat-vase-silver%c2%b2-el-500-hygiene\/#primaryimage"},"image":{"@id":"https:\/\/prolab.ro\/product\/masina-de-spalat-vase-silver%c2%b2-el-500-hygiene\/#primaryimage"},"thumbnailUrl":"https:\/\/prolab.ro\/wp-content\/uploads\/2026\/04\/silver-el2-500-2_0_700_1000.png","datePublished":"2026-04-09T11:00:16+00:00","breadcrumb":{"@id":"https:\/\/prolab.ro\/product\/masina-de-spalat-vase-silver%c2%b2-el-500-hygiene\/#breadcrumb"},"inLanguage":"ro-RO","potentialAction":[{"@type":"ReadAction","target":["https:\/\/prolab.ro\/product\/masina-de-spalat-vase-silver%c2%b2-el-500-hygiene\/"]}]},{"@type":"ImageObject","inLanguage":"ro-RO","@id":"https:\/\/prolab.ro\/product\/masina-de-spalat-vase-silver%c2%b2-el-500-hygiene\/#primaryimage","url":"https:\/\/prolab.ro\/wp-content\/uploads\/2026\/04\/silver-el2-500-2_0_700_1000.png","contentUrl":"https:\/\/prolab.ro\/wp-content\/uploads\/2026\/04\/silver-el2-500-2_0_700_1000.png","width":780,"height":1000},{"@type":"BreadcrumbList","@id":"https:\/\/prolab.ro\/product\/masina-de-spalat-vase-silver%c2%b2-el-500-hygiene\/#breadcrumb","itemListElement":[{"@type":"ListItem","position":1,"name":"Home","item":"https:\/\/prolab.ro\/"},{"@type":"ListItem","position":2,"name":"Shop","item":"https:\/\/prolab.ro\/shop\/"},{"@type":"ListItem","position":3,"name":"Ma\u0219in\u01ce de sp\u01celat vase SILVER\u00b2 EL 500 Hygiene+"}]},{"@type":"WebSite","@id":"https:\/\/prolab.ro\/ro\/#website","url":"https:\/\/prolab.ro\/ro\/","name":"www.prolab.ro","description":"Echipamente profesionale HORECA","publisher":{"@id":"https:\/\/prolab.ro\/ro\/#organization"},"potentialAction":[{"@type":"SearchAction","target":{"@type":"EntryPoint","urlTemplate":"https:\/\/prolab.ro\/ro\/?s={search_term_string}"},"query-input":{"@type":"PropertyValueSpecification","valueRequired":true,"valueName":"search_term_string"}}],"inLanguage":"ro-RO"},{"@type":"Organization","@id":"https:\/\/prolab.ro\/ro\/#organization","name":"HORECA PROLAB SRL","url":"https:\/\/prolab.ro\/ro\/","logo":{"@type":"ImageObject","inLanguage":"ro-RO","@id":"https:\/\/prolab.ro\/ro\/#\/schema\/logo\/image\/","url":"https:\/\/prolab.ro\/wp-content\/uploads\/2020\/10\/cropped-2019-06-21-logos-03-B-red.png","contentUrl":"https:\/\/prolab.ro\/wp-content\/uploads\/2020\/10\/cropped-2019-06-21-logos-03-B-red.png","width":1963,"height":546,"caption":"HORECA PROLAB SRL"},"image":{"@id":"https:\/\/prolab.ro\/ro\/#\/schema\/logo\/image\/"},"sameAs":["https:\/\/www.facebook.com\/profile.php?id=100063772800673"]}]}},"_links":{"self":[{"href":"https:\/\/prolab.ro\/ro\/wp-json\/wp\/v2\/product\/3348","targetHints":{"allow":["GET"]}}],"collection":[{"href":"https:\/\/prolab.ro\/ro\/wp-json\/wp\/v2\/product"}],"about":[{"href":"https:\/\/prolab.ro\/ro\/wp-json\/wp\/v2\/types\/product"}],"replies":[{"embeddable":true,"href":"https:\/\/prolab.ro\/ro\/wp-json\/wp\/v2\/comments?post=3348"}],"wp:featuredmedia":[{"embeddable":true,"href":"https:\/\/prolab.ro\/ro\/wp-json\/wp\/v2\/media\/3349"}],"wp:attachment":[{"href":"https:\/\/prolab.ro\/ro\/wp-json\/wp\/v2\/media?parent=3348"}],"wp:term":[{"taxonomy":"product_brand","embeddable":true,"href":"https:\/\/prolab.ro\/ro\/wp-json\/wp\/v2\/product_brand?post=3348"},{"taxonomy":"product_cat","embeddable":true,"href":"https:\/\/prolab.ro\/ro\/wp-json\/wp\/v2\/product_cat?post=3348"},{"taxonomy":"product_tag","embeddable":true,"href":"https:\/\/prolab.ro\/ro\/wp-json\/wp\/v2\/product_tag?post=3348"}],"curies":[{"name":"wp","href":"https:\/\/api.w.org\/{rel}","templated":true}]}}