{"id":3342,"date":"2026-04-09T13:38:25","date_gmt":"2026-04-09T10:38:25","guid":{"rendered":"https:\/\/prolab.ro\/?post_type=product&#038;p=3342"},"modified":"2026-04-09T13:46:05","modified_gmt":"2026-04-09T10:46:05","slug":"masina-de-spalat-vase-tunnel-evo-ase-142-e","status":"publish","type":"product","link":"https:\/\/prolab.ro\/ro\/produs\/masina-de-spalat-vase-tunnel-evo-ase-142-e\/","title":{"rendered":"Masin\u01ce de sp\u01celat vase TUNNEL EVO &#8211; ASE 142 E"},"content":{"rendered":"<h4 data-section-id=\"etu9us\" data-start=\"153\" data-end=\"178\">Alimentare electric\u0103<\/h4>\n<ul data-start=\"179\" data-end=\"242\">\n<li data-section-id=\"98d99y\" data-start=\"179\" data-end=\"209\"><strong data-start=\"181\" data-end=\"207\">400 V \/ 3 faze \/ 50 Hz<\/strong><\/li>\n<li data-section-id=\"1emx3bs\" data-start=\"210\" data-end=\"242\"><strong data-start=\"212\" data-end=\"230\">Putere total\u0103:<\/strong> <strong data-start=\"231\" data-end=\"242\">21.9 kW<\/strong><\/li>\n<\/ul>\n<h4>Capacitate \/ productivitate<\/h4>\n<ul>\n<li style=\"list-style-type: none;\">\n<ul data-start=\"362\" data-end=\"388\">\n<li data-section-id=\"10o3jyu\" data-start=\"362\" data-end=\"388\"><strong data-start=\"364\" data-end=\"388\">111 \u2013 143 co\u0219uri\/or\u0103<\/strong><\/li>\n<\/ul>\n<\/li>\n<\/ul>\n<h4 data-section-id=\"1w2o750\" data-start=\"480\" data-end=\"497\">Co\u0219<\/h4>\n<ul data-start=\"498\" data-end=\"576\">\n<li data-section-id=\"27g3cv\" data-start=\"498\" data-end=\"534\"><strong data-start=\"500\" data-end=\"519\">Dimensiune co\u0219:<\/strong> 500 \u00d7 500 mm<\/li>\n<li data-section-id=\"yduwq2\" data-start=\"535\" data-end=\"576\">Compatibil: <strong data-start=\"549\" data-end=\"574\">GN 1\/1 (530 \u00d7 325 mm)<\/strong><\/li>\n<\/ul>\n<h4 data-section-id=\"1bn7rsw\" data-start=\"915\" data-end=\"940\">Performan\u021b\u0103 sp\u0103lare<\/h4>\n<ul data-start=\"941\" data-end=\"1049\">\n<li data-section-id=\"vuox8y\" data-start=\"941\" data-end=\"976\">Diametru deschidere: <strong data-start=\"964\" data-end=\"974\">450 mm<\/strong><\/li>\n<li data-section-id=\"9e3j78\" data-start=\"977\" data-end=\"1049\">Sistem:\n<ul data-start=\"989\" data-end=\"1049\">\n<li data-section-id=\"fykdyj\" data-start=\"989\" data-end=\"1019\">sp\u0103lare + cl\u0103tire automat\u0103<\/li>\n<li data-section-id=\"1cwctfc\" data-start=\"1022\" data-end=\"1049\">flux continuu (tip band\u0103)<\/li>\n<\/ul>\n<\/li>\n<\/ul>\n<h4 data-section-id=\"pahvi8\" data-start=\"1225\" data-end=\"1264\">Temperaturi<\/h4>\n<ul data-start=\"1265\" data-end=\"1302\">\n<li data-section-id=\"141w01v\" data-start=\"1265\" data-end=\"1283\">Sp\u0103lare: ~60\u00b0C<\/li>\n<li data-section-id=\"1fsx250\" data-start=\"1284\" data-end=\"1302\">Cl\u0103tire: ~85\u00b0C<\/li>\n<\/ul>\n<p>&nbsp;<\/p>\n<p><a href=\"https:\/\/prolab.ro\/wp-content\/uploads\/2026\/04\/Mai-multe-modele-AICI-1.pdf\">Mai multe modele AICI<\/a><\/p>","protected":false},"excerpt":{"rendered":"<p><strong data-start=\"81\" data-end=\"94\">ASE 142 E<\/strong> este o ma\u0219in\u0103 de sp\u0103lat vase industrial\u0103 tip tunel, proiectat\u0103 pentru unit\u0103\u021bi HoReCa cu volum mare de lucru, precum restaurante, cantine sau hoteluri. Ofer\u0103 performan\u021b\u0103 ridicat\u0103 \u0219i flux continuu de sp\u0103lare, asigur\u00e2nd igienizare eficient\u0103 \u0219i rapid\u0103 a vaselor, cu un consum optimizat de resurse \u0219i fiabilitate \u00een exploatare intens\u0103.<\/p>","protected":false},"featured_media":3347,"comment_status":"open","ping_status":"closed","template":"","meta":{"ocean_post_layout":"","ocean_both_sidebars_style":"","ocean_both_sidebars_content_width":0,"ocean_both_sidebars_sidebars_width":0,"ocean_sidebar":"0","ocean_second_sidebar":"0","ocean_disable_margins":"enable","ocean_add_body_class":"","ocean_shortcode_before_top_bar":"","ocean_shortcode_after_top_bar":"","ocean_shortcode_before_header":"","ocean_shortcode_after_header":"","ocean_has_shortcode":"","ocean_shortcode_after_title":"","ocean_shortcode_before_footer_widgets":"","ocean_shortcode_after_footer_widgets":"","ocean_shortcode_before_footer_bottom":"","ocean_shortcode_after_footer_bottom":"","ocean_display_top_bar":"default","ocean_display_header":"default","ocean_header_style":"","ocean_center_header_left_menu":"0","ocean_custom_header_template":"0","ocean_custom_logo":0,"ocean_custom_retina_logo":0,"ocean_custom_logo_max_width":0,"ocean_custom_logo_tablet_max_width":0,"ocean_custom_logo_mobile_max_width":0,"ocean_custom_logo_max_height":0,"ocean_custom_logo_tablet_max_height":0,"ocean_custom_logo_mobile_max_height":0,"ocean_header_custom_menu":"0","ocean_menu_typo_font_family":"0","ocean_menu_typo_font_subset":"","ocean_menu_typo_font_size":0,"ocean_menu_typo_font_size_tablet":0,"ocean_menu_typo_font_size_mobile":0,"ocean_menu_typo_font_size_unit":"px","ocean_menu_typo_font_weight":"","ocean_menu_typo_font_weight_tablet":"","ocean_menu_typo_font_weight_mobile":"","ocean_menu_typo_transform":"","ocean_menu_typo_transform_tablet":"","ocean_menu_typo_transform_mobile":"","ocean_menu_typo_line_height":0,"ocean_menu_typo_line_height_tablet":0,"ocean_menu_typo_line_height_mobile":0,"ocean_menu_typo_line_height_unit":"","ocean_menu_typo_spacing":0,"ocean_menu_typo_spacing_tablet":0,"ocean_menu_typo_spacing_mobile":0,"ocean_menu_typo_spacing_unit":"","ocean_menu_link_color":"","ocean_menu_link_color_hover":"","ocean_menu_link_color_active":"","ocean_menu_link_background":"","ocean_menu_link_hover_background":"","ocean_menu_link_active_background":"","ocean_menu_social_links_bg":"","ocean_menu_social_hover_links_bg":"","ocean_menu_social_links_color":"","ocean_menu_social_hover_links_color":"","ocean_disable_title":"default","ocean_disable_heading":"default","ocean_post_title":"","ocean_post_subheading":"","ocean_post_title_style":"","ocean_post_title_background_color":"","ocean_post_title_background":0,"ocean_post_title_bg_image_position":"","ocean_post_title_bg_image_attachment":"","ocean_post_title_bg_image_repeat":"","ocean_post_title_bg_image_size":"","ocean_post_title_height":0,"ocean_post_title_bg_overlay":0.5,"ocean_post_title_bg_overlay_color":"","ocean_disable_breadcrumbs":"default","ocean_breadcrumbs_color":"","ocean_breadcrumbs_separator_color":"","ocean_breadcrumbs_links_color":"","ocean_breadcrumbs_links_hover_color":"","ocean_display_footer_widgets":"default","ocean_display_footer_bottom":"default","ocean_custom_footer_template":"0"},"product_brand":[],"product_cat":[690],"product_tag":[],"class_list":{"0":"post-3342","1":"product","2":"type-product","3":"status-publish","4":"has-post-thumbnail","6":"product_cat-dish-washing-machine","8":"entry","9":"has-media","11":"first","12":"instock","13":"taxable","14":"shipping-taxable","15":"product-type-simple","16":"has-product-nav","17":"col","18":"span_1_of_2","19":"owp-content-center","20":"owp-thumbs-layout-horizontal","21":"owp-btn-normal","22":"owp-tabs-layout-horizontal","23":"has-no-thumbnails"},"yoast_head":"<!-- This site is optimized with the Yoast SEO plugin v27.4 - https:\/\/yoast.com\/product\/yoast-seo-wordpress\/ -->\n<title>Masin\u01ce de sp\u01celat vase TUNNEL EVO - ASE 142 E - PROLAB<\/title>\n<meta name=\"robots\" content=\"index, follow, max-snippet:-1, max-image-preview:large, max-video-preview:-1\" \/>\n<link rel=\"canonical\" href=\"https:\/\/prolab.ro\/ro\/produs\/masina-de-spalat-vase-tunnel-evo-ase-142-e\/\" \/>\n<meta property=\"og:locale\" content=\"ro_RO\" \/>\n<meta property=\"og:type\" content=\"article\" \/>\n<meta property=\"og:title\" content=\"Masin\u01ce de sp\u01celat vase TUNNEL EVO - ASE 142 E - PROLAB\" \/>\n<meta property=\"og:description\" content=\"ASE 142 E este o ma\u0219in\u0103 de sp\u0103lat vase industrial\u0103 tip tunel, proiectat\u0103 pentru unit\u0103\u021bi HoReCa cu volum mare de lucru, precum restaurante, cantine sau hoteluri. Ofer\u0103 performan\u021b\u0103 ridicat\u0103 \u0219i flux continuu de sp\u0103lare, asigur\u00e2nd igienizare eficient\u0103 \u0219i rapid\u0103 a vaselor, cu un consum optimizat de resurse \u0219i fiabilitate \u00een exploatare intens\u0103.\" \/>\n<meta property=\"og:url\" content=\"https:\/\/prolab.ro\/ro\/produs\/masina-de-spalat-vase-tunnel-evo-ase-142-e\/\" \/>\n<meta property=\"og:site_name\" content=\"PROLAB\" \/>\n<meta property=\"article:publisher\" content=\"https:\/\/www.facebook.com\/profile.php?id=100063772800673\" \/>\n<meta property=\"article:modified_time\" content=\"2026-04-09T10:46:05+00:00\" \/>\n<meta property=\"og:image\" content=\"https:\/\/prolab.ro\/wp-content\/uploads\/2026\/04\/tunnel-evo-ase142e_0_700_1000.jpg\" \/>\n\t<meta property=\"og:image:width\" content=\"700\" \/>\n\t<meta property=\"og:image:height\" content=\"445\" \/>\n\t<meta property=\"og:image:type\" content=\"image\/jpeg\" \/>\n<meta name=\"twitter:card\" content=\"summary_large_image\" \/>\n<meta name=\"twitter:label1\" content=\"Timp estimat pentru citire\" \/>\n\t<meta name=\"twitter:data1\" content=\"1 minut\" \/>\n<script type=\"application\/ld+json\" class=\"yoast-schema-graph\">{\"@context\":\"https:\\\/\\\/schema.org\",\"@graph\":[{\"@type\":\"WebPage\",\"@id\":\"https:\\\/\\\/prolab.ro\\\/product\\\/masina-de-spalat-vase-tunnel-evo-ase-142-e\\\/\",\"url\":\"https:\\\/\\\/prolab.ro\\\/product\\\/masina-de-spalat-vase-tunnel-evo-ase-142-e\\\/\",\"name\":\"Masin\u01ce de sp\u01celat vase TUNNEL EVO - ASE 142 E - PROLAB\",\"isPartOf\":{\"@id\":\"https:\\\/\\\/prolab.ro\\\/ro\\\/#website\"},\"primaryImageOfPage\":{\"@id\":\"https:\\\/\\\/prolab.ro\\\/product\\\/masina-de-spalat-vase-tunnel-evo-ase-142-e\\\/#primaryimage\"},\"image\":{\"@id\":\"https:\\\/\\\/prolab.ro\\\/product\\\/masina-de-spalat-vase-tunnel-evo-ase-142-e\\\/#primaryimage\"},\"thumbnailUrl\":\"https:\\\/\\\/prolab.ro\\\/wp-content\\\/uploads\\\/2026\\\/04\\\/tunnel-evo-ase142e_0_700_1000.jpg\",\"datePublished\":\"2026-04-09T10:38:25+00:00\",\"dateModified\":\"2026-04-09T10:46:05+00:00\",\"breadcrumb\":{\"@id\":\"https:\\\/\\\/prolab.ro\\\/product\\\/masina-de-spalat-vase-tunnel-evo-ase-142-e\\\/#breadcrumb\"},\"inLanguage\":\"ro-RO\",\"potentialAction\":[{\"@type\":\"ReadAction\",\"target\":[\"https:\\\/\\\/prolab.ro\\\/product\\\/masina-de-spalat-vase-tunnel-evo-ase-142-e\\\/\"]}]},{\"@type\":\"ImageObject\",\"inLanguage\":\"ro-RO\",\"@id\":\"https:\\\/\\\/prolab.ro\\\/product\\\/masina-de-spalat-vase-tunnel-evo-ase-142-e\\\/#primaryimage\",\"url\":\"https:\\\/\\\/prolab.ro\\\/wp-content\\\/uploads\\\/2026\\\/04\\\/tunnel-evo-ase142e_0_700_1000.jpg\",\"contentUrl\":\"https:\\\/\\\/prolab.ro\\\/wp-content\\\/uploads\\\/2026\\\/04\\\/tunnel-evo-ase142e_0_700_1000.jpg\",\"width\":700,\"height\":445},{\"@type\":\"BreadcrumbList\",\"@id\":\"https:\\\/\\\/prolab.ro\\\/product\\\/masina-de-spalat-vase-tunnel-evo-ase-142-e\\\/#breadcrumb\",\"itemListElement\":[{\"@type\":\"ListItem\",\"position\":1,\"name\":\"Home\",\"item\":\"https:\\\/\\\/prolab.ro\\\/\"},{\"@type\":\"ListItem\",\"position\":2,\"name\":\"Shop\",\"item\":\"https:\\\/\\\/prolab.ro\\\/shop\\\/\"},{\"@type\":\"ListItem\",\"position\":3,\"name\":\"Masin\u01ce de sp\u01celat vase TUNNEL EVO &#8211; ASE 142 E\"}]},{\"@type\":\"WebSite\",\"@id\":\"https:\\\/\\\/prolab.ro\\\/ro\\\/#website\",\"url\":\"https:\\\/\\\/prolab.ro\\\/ro\\\/\",\"name\":\"www.prolab.ro\",\"description\":\"Echipamente profesionale HORECA\",\"publisher\":{\"@id\":\"https:\\\/\\\/prolab.ro\\\/ro\\\/#organization\"},\"potentialAction\":[{\"@type\":\"SearchAction\",\"target\":{\"@type\":\"EntryPoint\",\"urlTemplate\":\"https:\\\/\\\/prolab.ro\\\/ro\\\/?s={search_term_string}\"},\"query-input\":{\"@type\":\"PropertyValueSpecification\",\"valueRequired\":true,\"valueName\":\"search_term_string\"}}],\"inLanguage\":\"ro-RO\"},{\"@type\":\"Organization\",\"@id\":\"https:\\\/\\\/prolab.ro\\\/ro\\\/#organization\",\"name\":\"HORECA PROLAB SRL\",\"url\":\"https:\\\/\\\/prolab.ro\\\/ro\\\/\",\"logo\":{\"@type\":\"ImageObject\",\"inLanguage\":\"ro-RO\",\"@id\":\"https:\\\/\\\/prolab.ro\\\/ro\\\/#\\\/schema\\\/logo\\\/image\\\/\",\"url\":\"https:\\\/\\\/prolab.ro\\\/wp-content\\\/uploads\\\/2020\\\/10\\\/cropped-2019-06-21-logos-03-B-red.png\",\"contentUrl\":\"https:\\\/\\\/prolab.ro\\\/wp-content\\\/uploads\\\/2020\\\/10\\\/cropped-2019-06-21-logos-03-B-red.png\",\"width\":1963,\"height\":546,\"caption\":\"HORECA PROLAB SRL\"},\"image\":{\"@id\":\"https:\\\/\\\/prolab.ro\\\/ro\\\/#\\\/schema\\\/logo\\\/image\\\/\"},\"sameAs\":[\"https:\\\/\\\/www.facebook.com\\\/profile.php?id=100063772800673\"]}]}<\/script>\n<!-- \/ Yoast SEO plugin. -->","yoast_head_json":{"title":"Masin\u01ce de sp\u01celat vase TUNNEL EVO - ASE 142 E - PROLAB","robots":{"index":"index","follow":"follow","max-snippet":"max-snippet:-1","max-image-preview":"max-image-preview:large","max-video-preview":"max-video-preview:-1"},"canonical":"https:\/\/prolab.ro\/ro\/produs\/masina-de-spalat-vase-tunnel-evo-ase-142-e\/","og_locale":"ro_RO","og_type":"article","og_title":"Masin\u01ce de sp\u01celat vase TUNNEL EVO - ASE 142 E - PROLAB","og_description":"ASE 142 E este o ma\u0219in\u0103 de sp\u0103lat vase industrial\u0103 tip tunel, proiectat\u0103 pentru unit\u0103\u021bi HoReCa cu volum mare de lucru, precum restaurante, cantine sau hoteluri. Ofer\u0103 performan\u021b\u0103 ridicat\u0103 \u0219i flux continuu de sp\u0103lare, asigur\u00e2nd igienizare eficient\u0103 \u0219i rapid\u0103 a vaselor, cu un consum optimizat de resurse \u0219i fiabilitate \u00een exploatare intens\u0103.","og_url":"https:\/\/prolab.ro\/ro\/produs\/masina-de-spalat-vase-tunnel-evo-ase-142-e\/","og_site_name":"PROLAB","article_publisher":"https:\/\/www.facebook.com\/profile.php?id=100063772800673","article_modified_time":"2026-04-09T10:46:05+00:00","og_image":[{"width":700,"height":445,"url":"https:\/\/prolab.ro\/wp-content\/uploads\/2026\/04\/tunnel-evo-ase142e_0_700_1000.jpg","type":"image\/jpeg"}],"twitter_card":"summary_large_image","twitter_misc":{"Timp estimat pentru citire":"1 minut"},"schema":{"@context":"https:\/\/schema.org","@graph":[{"@type":"WebPage","@id":"https:\/\/prolab.ro\/product\/masina-de-spalat-vase-tunnel-evo-ase-142-e\/","url":"https:\/\/prolab.ro\/product\/masina-de-spalat-vase-tunnel-evo-ase-142-e\/","name":"Masin\u01ce de sp\u01celat vase TUNNEL EVO - ASE 142 E - PROLAB","isPartOf":{"@id":"https:\/\/prolab.ro\/ro\/#website"},"primaryImageOfPage":{"@id":"https:\/\/prolab.ro\/product\/masina-de-spalat-vase-tunnel-evo-ase-142-e\/#primaryimage"},"image":{"@id":"https:\/\/prolab.ro\/product\/masina-de-spalat-vase-tunnel-evo-ase-142-e\/#primaryimage"},"thumbnailUrl":"https:\/\/prolab.ro\/wp-content\/uploads\/2026\/04\/tunnel-evo-ase142e_0_700_1000.jpg","datePublished":"2026-04-09T10:38:25+00:00","dateModified":"2026-04-09T10:46:05+00:00","breadcrumb":{"@id":"https:\/\/prolab.ro\/product\/masina-de-spalat-vase-tunnel-evo-ase-142-e\/#breadcrumb"},"inLanguage":"ro-RO","potentialAction":[{"@type":"ReadAction","target":["https:\/\/prolab.ro\/product\/masina-de-spalat-vase-tunnel-evo-ase-142-e\/"]}]},{"@type":"ImageObject","inLanguage":"ro-RO","@id":"https:\/\/prolab.ro\/product\/masina-de-spalat-vase-tunnel-evo-ase-142-e\/#primaryimage","url":"https:\/\/prolab.ro\/wp-content\/uploads\/2026\/04\/tunnel-evo-ase142e_0_700_1000.jpg","contentUrl":"https:\/\/prolab.ro\/wp-content\/uploads\/2026\/04\/tunnel-evo-ase142e_0_700_1000.jpg","width":700,"height":445},{"@type":"BreadcrumbList","@id":"https:\/\/prolab.ro\/product\/masina-de-spalat-vase-tunnel-evo-ase-142-e\/#breadcrumb","itemListElement":[{"@type":"ListItem","position":1,"name":"Home","item":"https:\/\/prolab.ro\/"},{"@type":"ListItem","position":2,"name":"Shop","item":"https:\/\/prolab.ro\/shop\/"},{"@type":"ListItem","position":3,"name":"Masin\u01ce de sp\u01celat vase TUNNEL EVO &#8211; ASE 142 E"}]},{"@type":"WebSite","@id":"https:\/\/prolab.ro\/ro\/#website","url":"https:\/\/prolab.ro\/ro\/","name":"www.prolab.ro","description":"Echipamente profesionale HORECA","publisher":{"@id":"https:\/\/prolab.ro\/ro\/#organization"},"potentialAction":[{"@type":"SearchAction","target":{"@type":"EntryPoint","urlTemplate":"https:\/\/prolab.ro\/ro\/?s={search_term_string}"},"query-input":{"@type":"PropertyValueSpecification","valueRequired":true,"valueName":"search_term_string"}}],"inLanguage":"ro-RO"},{"@type":"Organization","@id":"https:\/\/prolab.ro\/ro\/#organization","name":"HORECA PROLAB SRL","url":"https:\/\/prolab.ro\/ro\/","logo":{"@type":"ImageObject","inLanguage":"ro-RO","@id":"https:\/\/prolab.ro\/ro\/#\/schema\/logo\/image\/","url":"https:\/\/prolab.ro\/wp-content\/uploads\/2020\/10\/cropped-2019-06-21-logos-03-B-red.png","contentUrl":"https:\/\/prolab.ro\/wp-content\/uploads\/2020\/10\/cropped-2019-06-21-logos-03-B-red.png","width":1963,"height":546,"caption":"HORECA PROLAB SRL"},"image":{"@id":"https:\/\/prolab.ro\/ro\/#\/schema\/logo\/image\/"},"sameAs":["https:\/\/www.facebook.com\/profile.php?id=100063772800673"]}]}},"_links":{"self":[{"href":"https:\/\/prolab.ro\/ro\/wp-json\/wp\/v2\/product\/3342","targetHints":{"allow":["GET"]}}],"collection":[{"href":"https:\/\/prolab.ro\/ro\/wp-json\/wp\/v2\/product"}],"about":[{"href":"https:\/\/prolab.ro\/ro\/wp-json\/wp\/v2\/types\/product"}],"replies":[{"embeddable":true,"href":"https:\/\/prolab.ro\/ro\/wp-json\/wp\/v2\/comments?post=3342"}],"wp:featuredmedia":[{"embeddable":true,"href":"https:\/\/prolab.ro\/ro\/wp-json\/wp\/v2\/media\/3347"}],"wp:attachment":[{"href":"https:\/\/prolab.ro\/ro\/wp-json\/wp\/v2\/media?parent=3342"}],"wp:term":[{"taxonomy":"product_brand","embeddable":true,"href":"https:\/\/prolab.ro\/ro\/wp-json\/wp\/v2\/product_brand?post=3342"},{"taxonomy":"product_cat","embeddable":true,"href":"https:\/\/prolab.ro\/ro\/wp-json\/wp\/v2\/product_cat?post=3342"},{"taxonomy":"product_tag","embeddable":true,"href":"https:\/\/prolab.ro\/ro\/wp-json\/wp\/v2\/product_tag?post=3342"}],"curies":[{"name":"wp","href":"https:\/\/api.w.org\/{rel}","templated":true}]}}