{"id":3252,"date":"2026-03-26T13:18:07","date_gmt":"2026-03-26T10:18:07","guid":{"rendered":"https:\/\/prolab.ro\/?post_type=product&#038;p=3252"},"modified":"2026-03-26T13:18:07","modified_gmt":"2026-03-26T10:18:07","slug":"yesoven-cuptor-ego","status":"publish","type":"product","link":"https:\/\/prolab.ro\/ro\/produs\/yesoven-cuptor-ego\/","title":{"rendered":"YesOven- Cuptor EGO"},"content":{"rendered":"<h3 data-section-id=\"18x9fuc\" data-start=\"476\" data-end=\"496\">Tip echipament<\/h3>\n<ul data-start=\"497\" data-end=\"623\">\n<li data-section-id=\"81sbvt\" data-start=\"497\" data-end=\"623\">Cuptor <strong data-start=\"506\" data-end=\"523\">combi-steamer<\/strong> (3 \u00een 1):\n<ul data-start=\"536\" data-end=\"623\">\n<li data-section-id=\"oqxetp\" data-start=\"536\" data-end=\"549\">convec\u021bie<\/li>\n<li data-section-id=\"17r3dws\" data-start=\"552\" data-end=\"560\">abur<\/li>\n<li data-section-id=\"1404a87\" data-start=\"563\" data-end=\"623\">combi (aer + abur)<\/li>\n<\/ul>\n<\/li>\n<\/ul>\n<p data-start=\"625\" data-end=\"669\"><span style=\"text-decoration: underline;\">&#8211; foarte versatil (nu e doar pentru pizza)<\/span><\/p>\n<h3 data-section-id=\"zmurp9\" data-start=\"676\" data-end=\"708\">Temperatur\u0103 &amp; performan\u021b\u0103<\/h3>\n<ul data-start=\"709\" data-end=\"931\">\n<li data-section-id=\"1j3x55c\" data-start=\"709\" data-end=\"789\"><strong data-start=\"711\" data-end=\"736\">Interval temperatur\u0103:<\/strong> 30\u00b0C \u2013 280\u00b0C<\/li>\n<li data-section-id=\"jilaeq\" data-start=\"790\" data-end=\"863\">Pre\u00eenc\u0103lzire: p\u00e2n\u0103 la <strong data-start=\"814\" data-end=\"823\">300\u00b0C<\/strong><\/li>\n<li data-section-id=\"1r77gx8\" data-start=\"864\" data-end=\"931\">G\u0103tire:\n<ul data-start=\"876\" data-end=\"931\">\n<li data-section-id=\"kv853n\" data-start=\"876\" data-end=\"887\">static\u0103<\/li>\n<li data-section-id=\"vqjbqc\" data-start=\"890\" data-end=\"907\">cu ventila\u021bie<\/li>\n<li data-section-id=\"qfjy14\" data-start=\"910\" data-end=\"931\">cu abur controlat<\/li>\n<\/ul>\n<\/li>\n<\/ul>\n<h3>Capacitate<\/h3>\n<ul>\n<li>7-11 tavi<\/li>\n<li data-section-id=\"mtp4ww\" data-start=\"1056\" data-end=\"1125\">Distan\u021b\u0103 \u00eentre t\u0103vi: ~70 mm<\/li>\n<\/ul>\n<h3 data-section-id=\"1tkd6xr\" data-start=\"1456\" data-end=\"1479\">Control &amp; func\u021bii<\/h3>\n<ul data-start=\"1480\" data-end=\"1644\">\n<li data-section-id=\"13pl80r\" data-start=\"1480\" data-end=\"1551\"><strong data-start=\"1482\" data-end=\"1511\">Touchscreen digital (10\u201d)<\/strong><\/li>\n<li data-section-id=\"1nxg9vw\" data-start=\"1552\" data-end=\"1644\">Moduri:\n<ul data-start=\"1564\" data-end=\"1644\">\n<li data-section-id=\"1olt04y\" data-start=\"1564\" data-end=\"1574\">manual<\/li>\n<li data-section-id=\"f7zyin\" data-start=\"1577\" data-end=\"1588\">automat<\/li>\n<li data-section-id=\"1eo8p3o\" data-start=\"1591\" data-end=\"1644\">programat<\/li>\n<\/ul>\n<\/li>\n<\/ul>\n<h3 data-section-id=\"rrz3eq\" data-start=\"1646\" data-end=\"1667\">Func\u021bii avansate:<\/h3>\n<ul data-start=\"1668\" data-end=\"1918\">\n<li data-section-id=\"1mt9xx\" data-start=\"1668\" data-end=\"1753\"><strong data-start=\"1670\" data-end=\"1711\">core probe (sond\u0103 temperatur\u0103 produs)<\/strong><\/li>\n<li data-section-id=\"1qkxi7v\" data-start=\"1754\" data-end=\"1829\">programe salvabile (MYCOOKBOOK)<\/li>\n<li data-section-id=\"14m1fnp\" data-start=\"1830\" data-end=\"1850\">re\u021bete presetate<\/li>\n<li data-section-id=\"kc8xyx\" data-start=\"1851\" data-end=\"1918\">HACCP (export date USB)<\/li>\n<\/ul>\n<h3 data-section-id=\"i2afxr\" data-start=\"1925\" data-end=\"1950\">Sistem abur &amp; clim\u0103<\/h3>\n<ul data-start=\"1951\" data-end=\"2123\">\n<li data-section-id=\"s27g30\" data-start=\"1951\" data-end=\"2003\">Tehnologie <strong data-start=\"1964\" data-end=\"2001\">ACT (Advanced Climate Technology)<\/strong><\/li>\n<li data-section-id=\"1tzm5h4\" data-start=\"2004\" data-end=\"2077\">control automat al umidit\u0103\u021bii<\/li>\n<li data-section-id=\"1tdyqju\" data-start=\"2078\" data-end=\"2123\">reduce pierderea \u00een greutate a produselor<\/li>\n<\/ul>\n<p data-start=\"2125\" data-end=\"2152\"><span style=\"text-decoration: underline;\">-foarte important pentru:<\/span><\/p>\n<ul data-start=\"2153\" data-end=\"2195\">\n<li data-section-id=\"40ooc3\" data-start=\"2153\" data-end=\"2172\">carne suculent\u0103<\/li>\n<li data-section-id=\"oujtto\" data-start=\"2173\" data-end=\"2195\">patiserie perfect\u0103<\/li>\n<\/ul>\n<h3 data-section-id=\"naq14s\" data-start=\"2395\" data-end=\"2412\">Construc\u021bie<\/h3>\n<ul data-start=\"2413\" data-end=\"2626\">\n<li data-section-id=\"ahfjg2\" data-start=\"2413\" data-end=\"2503\">Interior: <strong data-start=\"2425\" data-end=\"2461\">inox AISI<\/strong><\/li>\n<li data-section-id=\"3rnmrs\" data-start=\"2504\" data-end=\"2555\">Sistem:\n<ul data-start=\"2516\" data-end=\"2555\">\n<li data-section-id=\"1vemh6o\" data-start=\"2516\" data-end=\"2533\">auto-cur\u0103\u021bare<\/li>\n<li data-section-id=\"u61ir3\" data-start=\"2536\" data-end=\"2555\">u\u0219\u0103 reversibil\u0103<\/li>\n<\/ul>\n<\/li>\n<li data-section-id=\"1fixdmd\" data-start=\"2556\" data-end=\"2626\">Greutate:\n<ul data-start=\"2570\" data-end=\"2626\">\n<li data-section-id=\"1ttg8i1\" data-start=\"2570\" data-end=\"2626\">~80 \u2013 140 kg<\/li>\n<\/ul>\n<\/li>\n<\/ul>\n<p>&nbsp;<\/p>\n<p><a href=\"https:\/\/prolab.ro\/wp-content\/uploads\/2026\/03\/393900085-DATA_SHEET_EGO_7T_G19.pdf\">393900085-DATA_SHEET_EGO_7T_G19<\/a><\/p>\n<p><a href=\"https:\/\/prolab.ro\/wp-content\/uploads\/2026\/03\/393900086-DATA_SHEET_EGO_11T_G19.pdf\">393900086-DATA_SHEET_EGO_11T_G19<\/a><\/p>","protected":false},"excerpt":{"rendered":"<p data-start=\"137\" data-end=\"442\">Cuptorul <strong data-start=\"146\" data-end=\"161\">YesOven EGO<\/strong> este un cuptor profesional combi (convec\u021bie + abur), proiectat pentru restaurante, cofet\u0103rii \u0219i buc\u0103t\u0103rii moderne. Cu control touchscreen, programe automate \u0219i tehnologie avansat\u0103 de gestionare a umidit\u0103\u021bii, ofer\u0103 rezultate precise \u0219i consistente pentru o gam\u0103 larg\u0103 de preparate.<\/p>","protected":false},"featured_media":3243,"comment_status":"open","ping_status":"closed","template":"","meta":{"ocean_post_layout":"","ocean_both_sidebars_style":"","ocean_both_sidebars_content_width":0,"ocean_both_sidebars_sidebars_width":0,"ocean_sidebar":"0","ocean_second_sidebar":"0","ocean_disable_margins":"enable","ocean_add_body_class":"","ocean_shortcode_before_top_bar":"","ocean_shortcode_after_top_bar":"","ocean_shortcode_before_header":"","ocean_shortcode_after_header":"","ocean_has_shortcode":"","ocean_shortcode_after_title":"","ocean_shortcode_before_footer_widgets":"","ocean_shortcode_after_footer_widgets":"","ocean_shortcode_before_footer_bottom":"","ocean_shortcode_after_footer_bottom":"","ocean_display_top_bar":"default","ocean_display_header":"default","ocean_header_style":"","ocean_center_header_left_menu":"0","ocean_custom_header_template":"0","ocean_custom_logo":0,"ocean_custom_retina_logo":0,"ocean_custom_logo_max_width":0,"ocean_custom_logo_tablet_max_width":0,"ocean_custom_logo_mobile_max_width":0,"ocean_custom_logo_max_height":0,"ocean_custom_logo_tablet_max_height":0,"ocean_custom_logo_mobile_max_height":0,"ocean_header_custom_menu":"0","ocean_menu_typo_font_family":"0","ocean_menu_typo_font_subset":"","ocean_menu_typo_font_size":0,"ocean_menu_typo_font_size_tablet":0,"ocean_menu_typo_font_size_mobile":0,"ocean_menu_typo_font_size_unit":"px","ocean_menu_typo_font_weight":"","ocean_menu_typo_font_weight_tablet":"","ocean_menu_typo_font_weight_mobile":"","ocean_menu_typo_transform":"","ocean_menu_typo_transform_tablet":"","ocean_menu_typo_transform_mobile":"","ocean_menu_typo_line_height":0,"ocean_menu_typo_line_height_tablet":0,"ocean_menu_typo_line_height_mobile":0,"ocean_menu_typo_line_height_unit":"","ocean_menu_typo_spacing":0,"ocean_menu_typo_spacing_tablet":0,"ocean_menu_typo_spacing_mobile":0,"ocean_menu_typo_spacing_unit":"","ocean_menu_link_color":"","ocean_menu_link_color_hover":"","ocean_menu_link_color_active":"","ocean_menu_link_background":"","ocean_menu_link_hover_background":"","ocean_menu_link_active_background":"","ocean_menu_social_links_bg":"","ocean_menu_social_hover_links_bg":"","ocean_menu_social_links_color":"","ocean_menu_social_hover_links_color":"","ocean_disable_title":"default","ocean_disable_heading":"default","ocean_post_title":"","ocean_post_subheading":"","ocean_post_title_style":"","ocean_post_title_background_color":"","ocean_post_title_background":0,"ocean_post_title_bg_image_position":"","ocean_post_title_bg_image_attachment":"","ocean_post_title_bg_image_repeat":"","ocean_post_title_bg_image_size":"","ocean_post_title_height":0,"ocean_post_title_bg_overlay":0.5,"ocean_post_title_bg_overlay_color":"","ocean_disable_breadcrumbs":"default","ocean_breadcrumbs_color":"","ocean_breadcrumbs_separator_color":"","ocean_breadcrumbs_links_color":"","ocean_breadcrumbs_links_hover_color":"","ocean_display_footer_widgets":"default","ocean_display_footer_bottom":"default","ocean_custom_footer_template":"0"},"product_brand":[],"product_cat":[151],"product_tag":[],"class_list":{"0":"post-3252","1":"product","2":"type-product","3":"status-publish","4":"has-post-thumbnail","6":"product_cat-cuptor","8":"entry","9":"has-media","11":"first","12":"instock","13":"taxable","14":"shipping-taxable","15":"product-type-simple","16":"has-product-nav","17":"col","18":"span_1_of_2","19":"owp-content-center","20":"owp-thumbs-layout-horizontal","21":"owp-btn-normal","22":"owp-tabs-layout-horizontal"},"yoast_head":"<!-- This site is optimized with the Yoast SEO plugin v27.4 - https:\/\/yoast.com\/product\/yoast-seo-wordpress\/ -->\n<title>YesOven- Cuptor EGO - PROLAB<\/title>\n<meta name=\"robots\" content=\"index, follow, max-snippet:-1, max-image-preview:large, max-video-preview:-1\" \/>\n<link rel=\"canonical\" href=\"https:\/\/prolab.ro\/ro\/produs\/yesoven-cuptor-ego\/\" \/>\n<meta property=\"og:locale\" content=\"ro_RO\" \/>\n<meta property=\"og:type\" content=\"article\" \/>\n<meta property=\"og:title\" content=\"YesOven- Cuptor EGO - PROLAB\" \/>\n<meta property=\"og:description\" content=\"Cuptorul YesOven EGO este un cuptor profesional combi (convec\u021bie + abur), proiectat pentru restaurante, cofet\u0103rii \u0219i buc\u0103t\u0103rii moderne. Cu control touchscreen, programe automate \u0219i tehnologie avansat\u0103 de gestionare a umidit\u0103\u021bii, ofer\u0103 rezultate precise \u0219i consistente pentru o gam\u0103 larg\u0103 de preparate.\" \/>\n<meta property=\"og:url\" content=\"https:\/\/prolab.ro\/ro\/produs\/yesoven-cuptor-ego\/\" \/>\n<meta property=\"og:site_name\" content=\"PROLAB\" \/>\n<meta property=\"article:publisher\" content=\"https:\/\/www.facebook.com\/profile.php?id=100063772800673\" \/>\n<meta property=\"og:image\" content=\"https:\/\/prolab.ro\/wp-content\/uploads\/2026\/03\/cuptor-electric-egs11ts-convectie-si-umidificare-touchscreen-11-tavi-gn11-400v-17kw-280c-ego-rack-yesovens.jpg.webp\" \/>\n\t<meta property=\"og:image:width\" content=\"560\" \/>\n\t<meta property=\"og:image:height\" content=\"640\" \/>\n\t<meta property=\"og:image:type\" content=\"image\/webp\" \/>\n<meta name=\"twitter:card\" content=\"summary_large_image\" \/>\n<meta name=\"twitter:label1\" content=\"Timp estimat pentru citire\" \/>\n\t<meta name=\"twitter:data1\" content=\"1 minut\" \/>\n<script type=\"application\/ld+json\" class=\"yoast-schema-graph\">{\"@context\":\"https:\\\/\\\/schema.org\",\"@graph\":[{\"@type\":\"WebPage\",\"@id\":\"https:\\\/\\\/prolab.ro\\\/product\\\/yesoven-cuptor-ego\\\/\",\"url\":\"https:\\\/\\\/prolab.ro\\\/product\\\/yesoven-cuptor-ego\\\/\",\"name\":\"YesOven- Cuptor EGO - PROLAB\",\"isPartOf\":{\"@id\":\"https:\\\/\\\/prolab.ro\\\/ro\\\/#website\"},\"primaryImageOfPage\":{\"@id\":\"https:\\\/\\\/prolab.ro\\\/product\\\/yesoven-cuptor-ego\\\/#primaryimage\"},\"image\":{\"@id\":\"https:\\\/\\\/prolab.ro\\\/product\\\/yesoven-cuptor-ego\\\/#primaryimage\"},\"thumbnailUrl\":\"https:\\\/\\\/prolab.ro\\\/wp-content\\\/uploads\\\/2026\\\/03\\\/cuptor-electric-egs11ts-convectie-si-umidificare-touchscreen-11-tavi-gn11-400v-17kw-280c-ego-rack-yesovens.jpg.webp\",\"datePublished\":\"2026-03-26T10:18:07+00:00\",\"breadcrumb\":{\"@id\":\"https:\\\/\\\/prolab.ro\\\/product\\\/yesoven-cuptor-ego\\\/#breadcrumb\"},\"inLanguage\":\"ro-RO\",\"potentialAction\":[{\"@type\":\"ReadAction\",\"target\":[\"https:\\\/\\\/prolab.ro\\\/product\\\/yesoven-cuptor-ego\\\/\"]}]},{\"@type\":\"ImageObject\",\"inLanguage\":\"ro-RO\",\"@id\":\"https:\\\/\\\/prolab.ro\\\/product\\\/yesoven-cuptor-ego\\\/#primaryimage\",\"url\":\"https:\\\/\\\/prolab.ro\\\/wp-content\\\/uploads\\\/2026\\\/03\\\/cuptor-electric-egs11ts-convectie-si-umidificare-touchscreen-11-tavi-gn11-400v-17kw-280c-ego-rack-yesovens.jpg.webp\",\"contentUrl\":\"https:\\\/\\\/prolab.ro\\\/wp-content\\\/uploads\\\/2026\\\/03\\\/cuptor-electric-egs11ts-convectie-si-umidificare-touchscreen-11-tavi-gn11-400v-17kw-280c-ego-rack-yesovens.jpg.webp\",\"width\":560,\"height\":640},{\"@type\":\"BreadcrumbList\",\"@id\":\"https:\\\/\\\/prolab.ro\\\/product\\\/yesoven-cuptor-ego\\\/#breadcrumb\",\"itemListElement\":[{\"@type\":\"ListItem\",\"position\":1,\"name\":\"Home\",\"item\":\"https:\\\/\\\/prolab.ro\\\/\"},{\"@type\":\"ListItem\",\"position\":2,\"name\":\"Shop\",\"item\":\"https:\\\/\\\/prolab.ro\\\/shop\\\/\"},{\"@type\":\"ListItem\",\"position\":3,\"name\":\"YesOven- Cuptor EGO\"}]},{\"@type\":\"WebSite\",\"@id\":\"https:\\\/\\\/prolab.ro\\\/ro\\\/#website\",\"url\":\"https:\\\/\\\/prolab.ro\\\/ro\\\/\",\"name\":\"www.prolab.ro\",\"description\":\"Echipamente profesionale HORECA\",\"publisher\":{\"@id\":\"https:\\\/\\\/prolab.ro\\\/ro\\\/#organization\"},\"potentialAction\":[{\"@type\":\"SearchAction\",\"target\":{\"@type\":\"EntryPoint\",\"urlTemplate\":\"https:\\\/\\\/prolab.ro\\\/ro\\\/?s={search_term_string}\"},\"query-input\":{\"@type\":\"PropertyValueSpecification\",\"valueRequired\":true,\"valueName\":\"search_term_string\"}}],\"inLanguage\":\"ro-RO\"},{\"@type\":\"Organization\",\"@id\":\"https:\\\/\\\/prolab.ro\\\/ro\\\/#organization\",\"name\":\"HORECA PROLAB SRL\",\"url\":\"https:\\\/\\\/prolab.ro\\\/ro\\\/\",\"logo\":{\"@type\":\"ImageObject\",\"inLanguage\":\"ro-RO\",\"@id\":\"https:\\\/\\\/prolab.ro\\\/ro\\\/#\\\/schema\\\/logo\\\/image\\\/\",\"url\":\"https:\\\/\\\/prolab.ro\\\/wp-content\\\/uploads\\\/2020\\\/10\\\/cropped-2019-06-21-logos-03-B-red.png\",\"contentUrl\":\"https:\\\/\\\/prolab.ro\\\/wp-content\\\/uploads\\\/2020\\\/10\\\/cropped-2019-06-21-logos-03-B-red.png\",\"width\":1963,\"height\":546,\"caption\":\"HORECA PROLAB SRL\"},\"image\":{\"@id\":\"https:\\\/\\\/prolab.ro\\\/ro\\\/#\\\/schema\\\/logo\\\/image\\\/\"},\"sameAs\":[\"https:\\\/\\\/www.facebook.com\\\/profile.php?id=100063772800673\"]}]}<\/script>\n<!-- \/ Yoast SEO plugin. -->","yoast_head_json":{"title":"YesOven- Cuptor EGO - PROLAB","robots":{"index":"index","follow":"follow","max-snippet":"max-snippet:-1","max-image-preview":"max-image-preview:large","max-video-preview":"max-video-preview:-1"},"canonical":"https:\/\/prolab.ro\/ro\/produs\/yesoven-cuptor-ego\/","og_locale":"ro_RO","og_type":"article","og_title":"YesOven- Cuptor EGO - PROLAB","og_description":"Cuptorul YesOven EGO este un cuptor profesional combi (convec\u021bie + abur), proiectat pentru restaurante, cofet\u0103rii \u0219i buc\u0103t\u0103rii moderne. Cu control touchscreen, programe automate \u0219i tehnologie avansat\u0103 de gestionare a umidit\u0103\u021bii, ofer\u0103 rezultate precise \u0219i consistente pentru o gam\u0103 larg\u0103 de preparate.","og_url":"https:\/\/prolab.ro\/ro\/produs\/yesoven-cuptor-ego\/","og_site_name":"PROLAB","article_publisher":"https:\/\/www.facebook.com\/profile.php?id=100063772800673","og_image":[{"width":560,"height":640,"url":"https:\/\/prolab.ro\/wp-content\/uploads\/2026\/03\/cuptor-electric-egs11ts-convectie-si-umidificare-touchscreen-11-tavi-gn11-400v-17kw-280c-ego-rack-yesovens.jpg.webp","type":"image\/webp"}],"twitter_card":"summary_large_image","twitter_misc":{"Timp estimat pentru citire":"1 minut"},"schema":{"@context":"https:\/\/schema.org","@graph":[{"@type":"WebPage","@id":"https:\/\/prolab.ro\/product\/yesoven-cuptor-ego\/","url":"https:\/\/prolab.ro\/product\/yesoven-cuptor-ego\/","name":"YesOven- Cuptor EGO - PROLAB","isPartOf":{"@id":"https:\/\/prolab.ro\/ro\/#website"},"primaryImageOfPage":{"@id":"https:\/\/prolab.ro\/product\/yesoven-cuptor-ego\/#primaryimage"},"image":{"@id":"https:\/\/prolab.ro\/product\/yesoven-cuptor-ego\/#primaryimage"},"thumbnailUrl":"https:\/\/prolab.ro\/wp-content\/uploads\/2026\/03\/cuptor-electric-egs11ts-convectie-si-umidificare-touchscreen-11-tavi-gn11-400v-17kw-280c-ego-rack-yesovens.jpg.webp","datePublished":"2026-03-26T10:18:07+00:00","breadcrumb":{"@id":"https:\/\/prolab.ro\/product\/yesoven-cuptor-ego\/#breadcrumb"},"inLanguage":"ro-RO","potentialAction":[{"@type":"ReadAction","target":["https:\/\/prolab.ro\/product\/yesoven-cuptor-ego\/"]}]},{"@type":"ImageObject","inLanguage":"ro-RO","@id":"https:\/\/prolab.ro\/product\/yesoven-cuptor-ego\/#primaryimage","url":"https:\/\/prolab.ro\/wp-content\/uploads\/2026\/03\/cuptor-electric-egs11ts-convectie-si-umidificare-touchscreen-11-tavi-gn11-400v-17kw-280c-ego-rack-yesovens.jpg.webp","contentUrl":"https:\/\/prolab.ro\/wp-content\/uploads\/2026\/03\/cuptor-electric-egs11ts-convectie-si-umidificare-touchscreen-11-tavi-gn11-400v-17kw-280c-ego-rack-yesovens.jpg.webp","width":560,"height":640},{"@type":"BreadcrumbList","@id":"https:\/\/prolab.ro\/product\/yesoven-cuptor-ego\/#breadcrumb","itemListElement":[{"@type":"ListItem","position":1,"name":"Home","item":"https:\/\/prolab.ro\/"},{"@type":"ListItem","position":2,"name":"Shop","item":"https:\/\/prolab.ro\/shop\/"},{"@type":"ListItem","position":3,"name":"YesOven- Cuptor EGO"}]},{"@type":"WebSite","@id":"https:\/\/prolab.ro\/ro\/#website","url":"https:\/\/prolab.ro\/ro\/","name":"www.prolab.ro","description":"Echipamente profesionale HORECA","publisher":{"@id":"https:\/\/prolab.ro\/ro\/#organization"},"potentialAction":[{"@type":"SearchAction","target":{"@type":"EntryPoint","urlTemplate":"https:\/\/prolab.ro\/ro\/?s={search_term_string}"},"query-input":{"@type":"PropertyValueSpecification","valueRequired":true,"valueName":"search_term_string"}}],"inLanguage":"ro-RO"},{"@type":"Organization","@id":"https:\/\/prolab.ro\/ro\/#organization","name":"HORECA PROLAB SRL","url":"https:\/\/prolab.ro\/ro\/","logo":{"@type":"ImageObject","inLanguage":"ro-RO","@id":"https:\/\/prolab.ro\/ro\/#\/schema\/logo\/image\/","url":"https:\/\/prolab.ro\/wp-content\/uploads\/2020\/10\/cropped-2019-06-21-logos-03-B-red.png","contentUrl":"https:\/\/prolab.ro\/wp-content\/uploads\/2020\/10\/cropped-2019-06-21-logos-03-B-red.png","width":1963,"height":546,"caption":"HORECA PROLAB SRL"},"image":{"@id":"https:\/\/prolab.ro\/ro\/#\/schema\/logo\/image\/"},"sameAs":["https:\/\/www.facebook.com\/profile.php?id=100063772800673"]}]}},"_links":{"self":[{"href":"https:\/\/prolab.ro\/ro\/wp-json\/wp\/v2\/product\/3252","targetHints":{"allow":["GET"]}}],"collection":[{"href":"https:\/\/prolab.ro\/ro\/wp-json\/wp\/v2\/product"}],"about":[{"href":"https:\/\/prolab.ro\/ro\/wp-json\/wp\/v2\/types\/product"}],"replies":[{"embeddable":true,"href":"https:\/\/prolab.ro\/ro\/wp-json\/wp\/v2\/comments?post=3252"}],"wp:featuredmedia":[{"embeddable":true,"href":"https:\/\/prolab.ro\/ro\/wp-json\/wp\/v2\/media\/3243"}],"wp:attachment":[{"href":"https:\/\/prolab.ro\/ro\/wp-json\/wp\/v2\/media?parent=3252"}],"wp:term":[{"taxonomy":"product_brand","embeddable":true,"href":"https:\/\/prolab.ro\/ro\/wp-json\/wp\/v2\/product_brand?post=3252"},{"taxonomy":"product_cat","embeddable":true,"href":"https:\/\/prolab.ro\/ro\/wp-json\/wp\/v2\/product_cat?post=3252"},{"taxonomy":"product_tag","embeddable":true,"href":"https:\/\/prolab.ro\/ro\/wp-json\/wp\/v2\/product_tag?post=3252"}],"curies":[{"name":"wp","href":"https:\/\/api.w.org\/{rel}","templated":true}]}}