{"id":3231,"date":"2026-03-26T11:18:40","date_gmt":"2026-03-26T08:18:40","guid":{"rendered":"https:\/\/prolab.ro\/?post_type=product&#038;p=3231"},"modified":"2026-03-26T11:18:40","modified_gmt":"2026-03-26T08:18:40","slug":"cuppone-cuptor-tiepolo","status":"publish","type":"product","link":"https:\/\/prolab.ro\/ro\/produs\/cuppone-cuptor-tiepolo\/","title":{"rendered":"CUPPONE- Cuptor TIEPOLO"},"content":{"rendered":"<h3 data-section-id=\"x70h07\" data-start=\"770\" data-end=\"801\">Performan\u021b\u0103 &amp; temperatur\u0103<\/h3>\n<ul>\n<li><strong data-start=\"804\" data-end=\"827\">Temperatur\u0103 maxim\u0103:<\/strong> p\u00e2n\u0103 la ~450\u00b0C<\/li>\n<li>\u00cenc\u0103lzire rapid\u0103<\/li>\n<li>Potrivit pentru: pizza clasic\u0103\/pizza roman\u0103\/focaccia<\/li>\n<\/ul>\n<h3 data-section-id=\"rsvn4t\" data-start=\"990\" data-end=\"1021\">Capacitate &amp; configura\u021bii<\/h3>\n<ul>\n<li>Variante:<\/li>\n<li><strong data-start=\"1038\" data-end=\"1071\">1 camer\u0103 sau 2 camere (stack)<\/strong><\/li>\n<li>Capacitate:<\/li>\n<li><strong data-start=\"1092\" data-end=\"1121\">4 \/ 6 \/ 9 pizza \u00d830\u201335 cm<\/strong> (\u00een func\u021bie de model)<\/li>\n<li>Disponibil \u0219i pentru t\u0103vi (bakery use)<\/li>\n<\/ul>\n<p>-foarte flexibil pentru spa\u021bii mici\u2013medii<\/p>\n<h3 data-section-id=\"tn0ado\" data-start=\"1446\" data-end=\"1469\">Camer\u0103 de coacere<\/h3>\n<ul>\n<li>Vatr\u0103:<\/li>\n<li><strong data-start=\"1483\" data-end=\"1516\">piatr\u0103 refractar\u0103 (cordierit)<\/strong><\/li>\n<li>\u00cen\u0103l\u021bime camer\u0103:<\/li>\n<li>~140\u2013180 mm<\/li>\n<li>Coacere:<\/li>\n<li>static\u0103 (f\u0103r\u0103 rota\u021bie)<\/li>\n<\/ul>\n<h3 data-section-id=\"ewrsec\" data-start=\"1649\" data-end=\"1672\">Control &amp; operare<\/h3>\n<ul data-start=\"1673\" data-end=\"1805\">\n<li data-section-id=\"xyzfgp\" data-start=\"1673\" data-end=\"1743\">Panou:\n<ul data-start=\"1684\" data-end=\"1743\">\n<li data-section-id=\"11m8ukx\" data-start=\"1684\" data-end=\"1743\"><strong data-start=\"1686\" data-end=\"1741\">electromecanic<\/strong><\/li>\n<\/ul>\n<\/li>\n<li data-section-id=\"bln837\" data-start=\"1744\" data-end=\"1805\">Func\u021bii:\n<ul data-start=\"1757\" data-end=\"1805\">\n<li data-section-id=\"1u82tjv\" data-start=\"1757\" data-end=\"1770\">termostat<\/li>\n<li data-section-id=\"13fm4jz\" data-start=\"1773\" data-end=\"1782\">timer<\/li>\n<li data-section-id=\"116xd4v\" data-start=\"1785\" data-end=\"1805\">iluminare camer\u0103<\/li>\n<\/ul>\n<\/li>\n<\/ul>","protected":false},"excerpt":{"rendered":"<p>Cuptorul electric <strong data-start=\"382\" data-end=\"401\">Cuppone Tiepolo<\/strong> este un model profesional modular, ideal pentru pizzerii \u0219i laboratoare care caut\u0103 un echilibru \u00eentre performan\u021b\u0103, fiabilitate \u0219i cost. Cu control independent al temperaturii sus\/jos \u0219i construc\u021bie robust\u0103, Tiepolo ofer\u0103 coacere uniform\u0103 \u0219i rezultate constante pentru pizza clasic\u0103, fiind o solu\u021bie eficient\u0103 pentru produc\u021bie zilnic\u0103.<\/p>","protected":false},"featured_media":3232,"comment_status":"open","ping_status":"closed","template":"","meta":{"ocean_post_layout":"","ocean_both_sidebars_style":"","ocean_both_sidebars_content_width":0,"ocean_both_sidebars_sidebars_width":0,"ocean_sidebar":"0","ocean_second_sidebar":"0","ocean_disable_margins":"enable","ocean_add_body_class":"","ocean_shortcode_before_top_bar":"","ocean_shortcode_after_top_bar":"","ocean_shortcode_before_header":"","ocean_shortcode_after_header":"","ocean_has_shortcode":"","ocean_shortcode_after_title":"","ocean_shortcode_before_footer_widgets":"","ocean_shortcode_after_footer_widgets":"","ocean_shortcode_before_footer_bottom":"","ocean_shortcode_after_footer_bottom":"","ocean_display_top_bar":"default","ocean_display_header":"default","ocean_header_style":"","ocean_center_header_left_menu":"0","ocean_custom_header_template":"0","ocean_custom_logo":0,"ocean_custom_retina_logo":0,"ocean_custom_logo_max_width":0,"ocean_custom_logo_tablet_max_width":0,"ocean_custom_logo_mobile_max_width":0,"ocean_custom_logo_max_height":0,"ocean_custom_logo_tablet_max_height":0,"ocean_custom_logo_mobile_max_height":0,"ocean_header_custom_menu":"0","ocean_menu_typo_font_family":"0","ocean_menu_typo_font_subset":"","ocean_menu_typo_font_size":0,"ocean_menu_typo_font_size_tablet":0,"ocean_menu_typo_font_size_mobile":0,"ocean_menu_typo_font_size_unit":"px","ocean_menu_typo_font_weight":"","ocean_menu_typo_font_weight_tablet":"","ocean_menu_typo_font_weight_mobile":"","ocean_menu_typo_transform":"","ocean_menu_typo_transform_tablet":"","ocean_menu_typo_transform_mobile":"","ocean_menu_typo_line_height":0,"ocean_menu_typo_line_height_tablet":0,"ocean_menu_typo_line_height_mobile":0,"ocean_menu_typo_line_height_unit":"","ocean_menu_typo_spacing":0,"ocean_menu_typo_spacing_tablet":0,"ocean_menu_typo_spacing_mobile":0,"ocean_menu_typo_spacing_unit":"","ocean_menu_link_color":"","ocean_menu_link_color_hover":"","ocean_menu_link_color_active":"","ocean_menu_link_background":"","ocean_menu_link_hover_background":"","ocean_menu_link_active_background":"","ocean_menu_social_links_bg":"","ocean_menu_social_hover_links_bg":"","ocean_menu_social_links_color":"","ocean_menu_social_hover_links_color":"","ocean_disable_title":"default","ocean_disable_heading":"default","ocean_post_title":"","ocean_post_subheading":"","ocean_post_title_style":"","ocean_post_title_background_color":"","ocean_post_title_background":0,"ocean_post_title_bg_image_position":"","ocean_post_title_bg_image_attachment":"","ocean_post_title_bg_image_repeat":"","ocean_post_title_bg_image_size":"","ocean_post_title_height":0,"ocean_post_title_bg_overlay":0.5,"ocean_post_title_bg_overlay_color":"","ocean_disable_breadcrumbs":"default","ocean_breadcrumbs_color":"","ocean_breadcrumbs_separator_color":"","ocean_breadcrumbs_links_color":"","ocean_breadcrumbs_links_hover_color":"","ocean_display_footer_widgets":"default","ocean_display_footer_bottom":"default","ocean_custom_footer_template":"0"},"product_brand":[],"product_cat":[151],"product_tag":[],"class_list":{"0":"post-3231","1":"product","2":"type-product","3":"status-publish","4":"has-post-thumbnail","6":"product_cat-cuptor","8":"entry","9":"has-media","11":"first","12":"instock","13":"taxable","14":"shipping-taxable","15":"product-type-simple","16":"has-product-nav","17":"col","18":"span_1_of_2","19":"owp-content-center","20":"owp-thumbs-layout-horizontal","21":"owp-btn-normal","22":"owp-tabs-layout-horizontal"},"yoast_head":"<!-- This site is optimized with the Yoast SEO plugin v27.4 - https:\/\/yoast.com\/product\/yoast-seo-wordpress\/ -->\n<title>CUPPONE- Cuptor TIEPOLO - PROLAB<\/title>\n<meta name=\"robots\" content=\"index, follow, max-snippet:-1, max-image-preview:large, max-video-preview:-1\" \/>\n<link rel=\"canonical\" href=\"https:\/\/prolab.ro\/ro\/produs\/cuppone-cuptor-tiepolo\/\" \/>\n<meta property=\"og:locale\" content=\"ro_RO\" \/>\n<meta property=\"og:type\" content=\"article\" \/>\n<meta property=\"og:title\" content=\"CUPPONE- Cuptor TIEPOLO - PROLAB\" \/>\n<meta property=\"og:description\" content=\"Cuptorul electric Cuppone Tiepolo este un model profesional modular, ideal pentru pizzerii \u0219i laboratoare care caut\u0103 un echilibru \u00eentre performan\u021b\u0103, fiabilitate \u0219i cost. Cu control independent al temperaturii sus\/jos \u0219i construc\u021bie robust\u0103, Tiepolo ofer\u0103 coacere uniform\u0103 \u0219i rezultate constante pentru pizza clasic\u0103, fiind o solu\u021bie eficient\u0103 pentru produc\u021bie zilnic\u0103.\" \/>\n<meta property=\"og:url\" content=\"https:\/\/prolab.ro\/ro\/produs\/cuppone-cuptor-tiepolo\/\" \/>\n<meta property=\"og:site_name\" content=\"PROLAB\" \/>\n<meta property=\"article:publisher\" content=\"https:\/\/www.facebook.com\/profile.php?id=100063772800673\" \/>\n<meta property=\"og:image\" content=\"https:\/\/prolab.ro\/wp-content\/uploads\/2026\/03\/tiepolo-front-1.jpg\" \/>\n\t<meta property=\"og:image:width\" content=\"845\" \/>\n\t<meta property=\"og:image:height\" content=\"684\" \/>\n\t<meta property=\"og:image:type\" content=\"image\/jpeg\" \/>\n<meta name=\"twitter:card\" content=\"summary_large_image\" \/>\n<meta name=\"twitter:label1\" content=\"Timp estimat pentru citire\" \/>\n\t<meta name=\"twitter:data1\" content=\"1 minut\" \/>\n<script type=\"application\/ld+json\" class=\"yoast-schema-graph\">{\"@context\":\"https:\\\/\\\/schema.org\",\"@graph\":[{\"@type\":\"WebPage\",\"@id\":\"https:\\\/\\\/prolab.ro\\\/product\\\/cuppone-cuptor-tiepolo\\\/\",\"url\":\"https:\\\/\\\/prolab.ro\\\/product\\\/cuppone-cuptor-tiepolo\\\/\",\"name\":\"CUPPONE- Cuptor TIEPOLO - PROLAB\",\"isPartOf\":{\"@id\":\"https:\\\/\\\/prolab.ro\\\/ro\\\/#website\"},\"primaryImageOfPage\":{\"@id\":\"https:\\\/\\\/prolab.ro\\\/product\\\/cuppone-cuptor-tiepolo\\\/#primaryimage\"},\"image\":{\"@id\":\"https:\\\/\\\/prolab.ro\\\/product\\\/cuppone-cuptor-tiepolo\\\/#primaryimage\"},\"thumbnailUrl\":\"https:\\\/\\\/prolab.ro\\\/wp-content\\\/uploads\\\/2026\\\/03\\\/tiepolo-front-1.jpg\",\"datePublished\":\"2026-03-26T08:18:40+00:00\",\"breadcrumb\":{\"@id\":\"https:\\\/\\\/prolab.ro\\\/product\\\/cuppone-cuptor-tiepolo\\\/#breadcrumb\"},\"inLanguage\":\"ro-RO\",\"potentialAction\":[{\"@type\":\"ReadAction\",\"target\":[\"https:\\\/\\\/prolab.ro\\\/product\\\/cuppone-cuptor-tiepolo\\\/\"]}]},{\"@type\":\"ImageObject\",\"inLanguage\":\"ro-RO\",\"@id\":\"https:\\\/\\\/prolab.ro\\\/product\\\/cuppone-cuptor-tiepolo\\\/#primaryimage\",\"url\":\"https:\\\/\\\/prolab.ro\\\/wp-content\\\/uploads\\\/2026\\\/03\\\/tiepolo-front-1.jpg\",\"contentUrl\":\"https:\\\/\\\/prolab.ro\\\/wp-content\\\/uploads\\\/2026\\\/03\\\/tiepolo-front-1.jpg\",\"width\":845,\"height\":684},{\"@type\":\"BreadcrumbList\",\"@id\":\"https:\\\/\\\/prolab.ro\\\/product\\\/cuppone-cuptor-tiepolo\\\/#breadcrumb\",\"itemListElement\":[{\"@type\":\"ListItem\",\"position\":1,\"name\":\"Home\",\"item\":\"https:\\\/\\\/prolab.ro\\\/\"},{\"@type\":\"ListItem\",\"position\":2,\"name\":\"Shop\",\"item\":\"https:\\\/\\\/prolab.ro\\\/shop\\\/\"},{\"@type\":\"ListItem\",\"position\":3,\"name\":\"CUPPONE- Cuptor TIEPOLO\"}]},{\"@type\":\"WebSite\",\"@id\":\"https:\\\/\\\/prolab.ro\\\/ro\\\/#website\",\"url\":\"https:\\\/\\\/prolab.ro\\\/ro\\\/\",\"name\":\"www.prolab.ro\",\"description\":\"Echipamente profesionale HORECA\",\"publisher\":{\"@id\":\"https:\\\/\\\/prolab.ro\\\/ro\\\/#organization\"},\"potentialAction\":[{\"@type\":\"SearchAction\",\"target\":{\"@type\":\"EntryPoint\",\"urlTemplate\":\"https:\\\/\\\/prolab.ro\\\/ro\\\/?s={search_term_string}\"},\"query-input\":{\"@type\":\"PropertyValueSpecification\",\"valueRequired\":true,\"valueName\":\"search_term_string\"}}],\"inLanguage\":\"ro-RO\"},{\"@type\":\"Organization\",\"@id\":\"https:\\\/\\\/prolab.ro\\\/ro\\\/#organization\",\"name\":\"HORECA PROLAB SRL\",\"url\":\"https:\\\/\\\/prolab.ro\\\/ro\\\/\",\"logo\":{\"@type\":\"ImageObject\",\"inLanguage\":\"ro-RO\",\"@id\":\"https:\\\/\\\/prolab.ro\\\/ro\\\/#\\\/schema\\\/logo\\\/image\\\/\",\"url\":\"https:\\\/\\\/prolab.ro\\\/wp-content\\\/uploads\\\/2020\\\/10\\\/cropped-2019-06-21-logos-03-B-red.png\",\"contentUrl\":\"https:\\\/\\\/prolab.ro\\\/wp-content\\\/uploads\\\/2020\\\/10\\\/cropped-2019-06-21-logos-03-B-red.png\",\"width\":1963,\"height\":546,\"caption\":\"HORECA PROLAB SRL\"},\"image\":{\"@id\":\"https:\\\/\\\/prolab.ro\\\/ro\\\/#\\\/schema\\\/logo\\\/image\\\/\"},\"sameAs\":[\"https:\\\/\\\/www.facebook.com\\\/profile.php?id=100063772800673\"]}]}<\/script>\n<!-- \/ Yoast SEO plugin. -->","yoast_head_json":{"title":"CUPPONE- Cuptor TIEPOLO - PROLAB","robots":{"index":"index","follow":"follow","max-snippet":"max-snippet:-1","max-image-preview":"max-image-preview:large","max-video-preview":"max-video-preview:-1"},"canonical":"https:\/\/prolab.ro\/ro\/produs\/cuppone-cuptor-tiepolo\/","og_locale":"ro_RO","og_type":"article","og_title":"CUPPONE- Cuptor TIEPOLO - PROLAB","og_description":"Cuptorul electric Cuppone Tiepolo este un model profesional modular, ideal pentru pizzerii \u0219i laboratoare care caut\u0103 un echilibru \u00eentre performan\u021b\u0103, fiabilitate \u0219i cost. Cu control independent al temperaturii sus\/jos \u0219i construc\u021bie robust\u0103, Tiepolo ofer\u0103 coacere uniform\u0103 \u0219i rezultate constante pentru pizza clasic\u0103, fiind o solu\u021bie eficient\u0103 pentru produc\u021bie zilnic\u0103.","og_url":"https:\/\/prolab.ro\/ro\/produs\/cuppone-cuptor-tiepolo\/","og_site_name":"PROLAB","article_publisher":"https:\/\/www.facebook.com\/profile.php?id=100063772800673","og_image":[{"width":845,"height":684,"url":"https:\/\/prolab.ro\/wp-content\/uploads\/2026\/03\/tiepolo-front-1.jpg","type":"image\/jpeg"}],"twitter_card":"summary_large_image","twitter_misc":{"Timp estimat pentru citire":"1 minut"},"schema":{"@context":"https:\/\/schema.org","@graph":[{"@type":"WebPage","@id":"https:\/\/prolab.ro\/product\/cuppone-cuptor-tiepolo\/","url":"https:\/\/prolab.ro\/product\/cuppone-cuptor-tiepolo\/","name":"CUPPONE- Cuptor TIEPOLO - PROLAB","isPartOf":{"@id":"https:\/\/prolab.ro\/ro\/#website"},"primaryImageOfPage":{"@id":"https:\/\/prolab.ro\/product\/cuppone-cuptor-tiepolo\/#primaryimage"},"image":{"@id":"https:\/\/prolab.ro\/product\/cuppone-cuptor-tiepolo\/#primaryimage"},"thumbnailUrl":"https:\/\/prolab.ro\/wp-content\/uploads\/2026\/03\/tiepolo-front-1.jpg","datePublished":"2026-03-26T08:18:40+00:00","breadcrumb":{"@id":"https:\/\/prolab.ro\/product\/cuppone-cuptor-tiepolo\/#breadcrumb"},"inLanguage":"ro-RO","potentialAction":[{"@type":"ReadAction","target":["https:\/\/prolab.ro\/product\/cuppone-cuptor-tiepolo\/"]}]},{"@type":"ImageObject","inLanguage":"ro-RO","@id":"https:\/\/prolab.ro\/product\/cuppone-cuptor-tiepolo\/#primaryimage","url":"https:\/\/prolab.ro\/wp-content\/uploads\/2026\/03\/tiepolo-front-1.jpg","contentUrl":"https:\/\/prolab.ro\/wp-content\/uploads\/2026\/03\/tiepolo-front-1.jpg","width":845,"height":684},{"@type":"BreadcrumbList","@id":"https:\/\/prolab.ro\/product\/cuppone-cuptor-tiepolo\/#breadcrumb","itemListElement":[{"@type":"ListItem","position":1,"name":"Home","item":"https:\/\/prolab.ro\/"},{"@type":"ListItem","position":2,"name":"Shop","item":"https:\/\/prolab.ro\/shop\/"},{"@type":"ListItem","position":3,"name":"CUPPONE- Cuptor TIEPOLO"}]},{"@type":"WebSite","@id":"https:\/\/prolab.ro\/ro\/#website","url":"https:\/\/prolab.ro\/ro\/","name":"www.prolab.ro","description":"Echipamente profesionale HORECA","publisher":{"@id":"https:\/\/prolab.ro\/ro\/#organization"},"potentialAction":[{"@type":"SearchAction","target":{"@type":"EntryPoint","urlTemplate":"https:\/\/prolab.ro\/ro\/?s={search_term_string}"},"query-input":{"@type":"PropertyValueSpecification","valueRequired":true,"valueName":"search_term_string"}}],"inLanguage":"ro-RO"},{"@type":"Organization","@id":"https:\/\/prolab.ro\/ro\/#organization","name":"HORECA PROLAB SRL","url":"https:\/\/prolab.ro\/ro\/","logo":{"@type":"ImageObject","inLanguage":"ro-RO","@id":"https:\/\/prolab.ro\/ro\/#\/schema\/logo\/image\/","url":"https:\/\/prolab.ro\/wp-content\/uploads\/2020\/10\/cropped-2019-06-21-logos-03-B-red.png","contentUrl":"https:\/\/prolab.ro\/wp-content\/uploads\/2020\/10\/cropped-2019-06-21-logos-03-B-red.png","width":1963,"height":546,"caption":"HORECA PROLAB SRL"},"image":{"@id":"https:\/\/prolab.ro\/ro\/#\/schema\/logo\/image\/"},"sameAs":["https:\/\/www.facebook.com\/profile.php?id=100063772800673"]}]}},"_links":{"self":[{"href":"https:\/\/prolab.ro\/ro\/wp-json\/wp\/v2\/product\/3231","targetHints":{"allow":["GET"]}}],"collection":[{"href":"https:\/\/prolab.ro\/ro\/wp-json\/wp\/v2\/product"}],"about":[{"href":"https:\/\/prolab.ro\/ro\/wp-json\/wp\/v2\/types\/product"}],"replies":[{"embeddable":true,"href":"https:\/\/prolab.ro\/ro\/wp-json\/wp\/v2\/comments?post=3231"}],"wp:featuredmedia":[{"embeddable":true,"href":"https:\/\/prolab.ro\/ro\/wp-json\/wp\/v2\/media\/3232"}],"wp:attachment":[{"href":"https:\/\/prolab.ro\/ro\/wp-json\/wp\/v2\/media?parent=3231"}],"wp:term":[{"taxonomy":"product_brand","embeddable":true,"href":"https:\/\/prolab.ro\/ro\/wp-json\/wp\/v2\/product_brand?post=3231"},{"taxonomy":"product_cat","embeddable":true,"href":"https:\/\/prolab.ro\/ro\/wp-json\/wp\/v2\/product_cat?post=3231"},{"taxonomy":"product_tag","embeddable":true,"href":"https:\/\/prolab.ro\/ro\/wp-json\/wp\/v2\/product_tag?post=3231"}],"curies":[{"name":"wp","href":"https:\/\/api.w.org\/{rel}","templated":true}]}}