{"id":3227,"date":"2026-03-26T11:00:25","date_gmt":"2026-03-26T08:00:25","guid":{"rendered":"https:\/\/prolab.ro\/?post_type=product&#038;p=3227"},"modified":"2026-03-26T11:00:25","modified_gmt":"2026-03-26T08:00:25","slug":"cuppone-cuptor-alpha","status":"publish","type":"product","link":"https:\/\/prolab.ro\/ro\/produs\/cuppone-cuptor-alpha\/","title":{"rendered":"CUPPONE- Cuptor ALPHA"},"content":{"rendered":"<h3 data-section-id=\"16yda80\" data-start=\"511\" data-end=\"553\">Sistem de coacere (diferen\u021ba major\u0103)<\/h3>\n<ul data-start=\"554\" data-end=\"722\">\n<li data-section-id=\"1j9m0e9\" data-start=\"554\" data-end=\"592\"><strong data-start=\"556\" data-end=\"590\">Plac\u0103 rotativ\u0103 (rotating deck)<\/strong><\/li>\n<li data-section-id=\"16fbg8c\" data-start=\"593\" data-end=\"722\">Control:\n<ul data-start=\"606\" data-end=\"722\">\n<li data-section-id=\"1g2nm0d\" data-start=\"606\" data-end=\"643\">direc\u021bie rota\u021bie (st\u00e2nga\/dreapta)<\/li>\n<li data-section-id=\"1795x9w\" data-start=\"646\" data-end=\"722\"><strong data-start=\"648\" data-end=\"682\">2 viteze + reglaj personalizat<\/strong><\/li>\n<\/ul>\n<\/li>\n<\/ul>\n<p data-start=\"724\" data-end=\"735\">-Avantaj:<\/p>\n<ul data-start=\"736\" data-end=\"810\">\n<li data-section-id=\"1wj48ui\" data-start=\"736\" data-end=\"780\">coacere uniform\u0103 f\u0103r\u0103 \u00eentoarcerea pizzei<\/li>\n<li data-section-id=\"1yeg6yl\" data-start=\"781\" data-end=\"810\">eficien\u021b\u0103 mare \u00een service(cat de rapid poti produce si livra pizza)<\/li>\n<\/ul>\n<h3 data-section-id=\"gcjivr\" data-start=\"817\" data-end=\"848\">Temperatur\u0103 &amp; performan\u021b\u0103<\/h3>\n<ul data-start=\"849\" data-end=\"1172\">\n<li data-section-id=\"1icw7qw\" data-start=\"849\" data-end=\"929\"><strong data-start=\"851\" data-end=\"874\">Temperatur\u0103 maxim\u0103:<\/strong> p\u00e2n\u0103 la ~450\u00b0C<\/li>\n<li data-section-id=\"1nw1ckt\" data-start=\"930\" data-end=\"950\">\u00cenc\u0103lzire rapid\u0103<\/li>\n<li data-section-id=\"1yxwb29\" data-start=\"951\" data-end=\"1083\">Capacitate:\n<ul data-start=\"967\" data-end=\"1083\">\n<li data-section-id=\"mncczr\" data-start=\"967\" data-end=\"1004\"><strong data-start=\"969\" data-end=\"1002\">7 pizza \u00d835 cm (model 110 cm)<\/strong><\/li>\n<li data-section-id=\"1eprm2x\" data-start=\"1007\" data-end=\"1083\"><strong data-start=\"1009\" data-end=\"1043\">10 pizza \u00d835 cm (model 140 cm)<\/strong><\/li>\n<\/ul>\n<\/li>\n<li data-section-id=\"1p2m5sg\" data-start=\"1084\" data-end=\"1172\">Productivitate:\n<ul data-start=\"1104\" data-end=\"1172\">\n<li data-section-id=\"9f6yes\" data-start=\"1104\" data-end=\"1172\">p\u00e2n\u0103 la <strong data-start=\"1114\" data-end=\"1132\">100+ pizza\/or\u0103<\/strong><\/li>\n<\/ul>\n<\/li>\n<\/ul>\n<h3 data-section-id=\"81waw8\" data-start=\"1462\" data-end=\"1490\">Control &amp; automatizare<\/h3>\n<ul data-start=\"1491\" data-end=\"1774\">\n<li data-section-id=\"126j5oa\" data-start=\"1491\" data-end=\"1521\">Panou digital \/ electronic<\/li>\n<li data-section-id=\"1av10s2\" data-start=\"1522\" data-end=\"1774\">Func\u021bii:\n<ul data-start=\"1535\" data-end=\"1774\">\n<li data-section-id=\"opidad\" data-start=\"1535\" data-end=\"1558\">control temperatur\u0103<\/li>\n<li data-section-id=\"1muyyz4\" data-start=\"1561\" data-end=\"1580\">control rota\u021bie<\/li>\n<li data-section-id=\"6tgd5w\" data-start=\"1583\" data-end=\"1606\">programe de coacere<\/li>\n<li data-section-id=\"15vx63j\" data-start=\"1609\" data-end=\"1688\"><strong data-start=\"1611\" data-end=\"1648\">program ECO (economisire energie)<\/strong><\/li>\n<li data-section-id=\"17x5jic\" data-start=\"1691\" data-end=\"1774\">programare avansat\u0103 (zilnic \/ s\u0103pt\u0103m\u00e2nal)<\/li>\n<\/ul>\n<\/li>\n<\/ul>\n<p data-start=\"1776\" data-end=\"1797\">-Sistem inteligent:<\/p>\n<ul data-start=\"1798\" data-end=\"1848\">\n<li data-section-id=\"13imfc\" data-start=\"1798\" data-end=\"1821\">monitorizare consum<\/li>\n<li data-section-id=\"1nhb3p5\" data-start=\"1822\" data-end=\"1848\">optimizare func\u021bionare<\/li>\n<\/ul>\n<h3 data-section-id=\"2xho53\" data-start=\"1855\" data-end=\"1878\">Camer\u0103 de coacere<\/h3>\n<ul data-start=\"1879\" data-end=\"2150\">\n<li data-section-id=\"5p4jmu\" data-start=\"1879\" data-end=\"1945\">\u00cen\u0103l\u021bime camer\u0103: ~180 mm<\/li>\n<li data-section-id=\"dtf85s\" data-start=\"1946\" data-end=\"2062\">Vatr\u0103:\n<ul data-start=\"1957\" data-end=\"2062\">\n<li data-section-id=\"z41we7\" data-start=\"1957\" data-end=\"2062\">piatr\u0103 refractar\u0103 (op\u021bional Napoli kit pentru pizza napoletan\u0103)<\/li>\n<\/ul>\n<\/li>\n<li data-section-id=\"d852s2\" data-start=\"2063\" data-end=\"2150\">Izola\u021bie termic\u0103 ridicat\u0103 (pierderi reduse)<\/li>\n<\/ul>","protected":false},"excerpt":{"rendered":"<p><strong data-start=\"170\" data-end=\"187\">Cuppone Alpha<\/strong> este un cuptor profesional cu <strong data-start=\"222\" data-end=\"240\">vatr\u0103 rotativ\u0103<\/strong>, conceput pentru coacere uniform\u0103 \u0219i productivitate ridicat\u0103. Cu control digital avansat \u0219i temperatur\u0103 \u00eenalt\u0103, Alpha ofer\u0103 rezultate constante pentru pizza napoletan\u0103 \u0219i clasic\u0103, fiind ideal pentru pizzerii cu volum mare \u0219i flux rapid.<\/p>","protected":false},"featured_media":3228,"comment_status":"open","ping_status":"closed","template":"","meta":{"ocean_post_layout":"","ocean_both_sidebars_style":"","ocean_both_sidebars_content_width":0,"ocean_both_sidebars_sidebars_width":0,"ocean_sidebar":"0","ocean_second_sidebar":"0","ocean_disable_margins":"enable","ocean_add_body_class":"","ocean_shortcode_before_top_bar":"","ocean_shortcode_after_top_bar":"","ocean_shortcode_before_header":"","ocean_shortcode_after_header":"","ocean_has_shortcode":"","ocean_shortcode_after_title":"","ocean_shortcode_before_footer_widgets":"","ocean_shortcode_after_footer_widgets":"","ocean_shortcode_before_footer_bottom":"","ocean_shortcode_after_footer_bottom":"","ocean_display_top_bar":"default","ocean_display_header":"default","ocean_header_style":"","ocean_center_header_left_menu":"0","ocean_custom_header_template":"0","ocean_custom_logo":0,"ocean_custom_retina_logo":0,"ocean_custom_logo_max_width":0,"ocean_custom_logo_tablet_max_width":0,"ocean_custom_logo_mobile_max_width":0,"ocean_custom_logo_max_height":0,"ocean_custom_logo_tablet_max_height":0,"ocean_custom_logo_mobile_max_height":0,"ocean_header_custom_menu":"0","ocean_menu_typo_font_family":"0","ocean_menu_typo_font_subset":"","ocean_menu_typo_font_size":0,"ocean_menu_typo_font_size_tablet":0,"ocean_menu_typo_font_size_mobile":0,"ocean_menu_typo_font_size_unit":"px","ocean_menu_typo_font_weight":"","ocean_menu_typo_font_weight_tablet":"","ocean_menu_typo_font_weight_mobile":"","ocean_menu_typo_transform":"","ocean_menu_typo_transform_tablet":"","ocean_menu_typo_transform_mobile":"","ocean_menu_typo_line_height":0,"ocean_menu_typo_line_height_tablet":0,"ocean_menu_typo_line_height_mobile":0,"ocean_menu_typo_line_height_unit":"","ocean_menu_typo_spacing":0,"ocean_menu_typo_spacing_tablet":0,"ocean_menu_typo_spacing_mobile":0,"ocean_menu_typo_spacing_unit":"","ocean_menu_link_color":"","ocean_menu_link_color_hover":"","ocean_menu_link_color_active":"","ocean_menu_link_background":"","ocean_menu_link_hover_background":"","ocean_menu_link_active_background":"","ocean_menu_social_links_bg":"","ocean_menu_social_hover_links_bg":"","ocean_menu_social_links_color":"","ocean_menu_social_hover_links_color":"","ocean_disable_title":"default","ocean_disable_heading":"default","ocean_post_title":"","ocean_post_subheading":"","ocean_post_title_style":"","ocean_post_title_background_color":"","ocean_post_title_background":0,"ocean_post_title_bg_image_position":"","ocean_post_title_bg_image_attachment":"","ocean_post_title_bg_image_repeat":"","ocean_post_title_bg_image_size":"","ocean_post_title_height":0,"ocean_post_title_bg_overlay":0.5,"ocean_post_title_bg_overlay_color":"","ocean_disable_breadcrumbs":"default","ocean_breadcrumbs_color":"","ocean_breadcrumbs_separator_color":"","ocean_breadcrumbs_links_color":"","ocean_breadcrumbs_links_hover_color":"","ocean_display_footer_widgets":"default","ocean_display_footer_bottom":"default","ocean_custom_footer_template":"0"},"product_brand":[],"product_cat":[151],"product_tag":[],"class_list":{"0":"post-3227","1":"product","2":"type-product","3":"status-publish","4":"has-post-thumbnail","6":"product_cat-cuptor","8":"entry","9":"has-media","11":"first","12":"instock","13":"taxable","14":"shipping-taxable","15":"product-type-simple","16":"has-product-nav","17":"col","18":"span_1_of_2","19":"owp-content-center","20":"owp-thumbs-layout-horizontal","21":"owp-btn-normal","22":"owp-tabs-layout-horizontal"},"yoast_head":"<!-- This site is optimized with the Yoast SEO plugin v27.4 - https:\/\/yoast.com\/product\/yoast-seo-wordpress\/ -->\n<title>CUPPONE- Cuptor ALPHA - PROLAB<\/title>\n<meta name=\"robots\" content=\"index, follow, max-snippet:-1, max-image-preview:large, max-video-preview:-1\" \/>\n<link rel=\"canonical\" href=\"https:\/\/prolab.ro\/ro\/produs\/cuppone-cuptor-alpha\/\" \/>\n<meta property=\"og:locale\" content=\"ro_RO\" \/>\n<meta property=\"og:type\" content=\"article\" \/>\n<meta property=\"og:title\" content=\"CUPPONE- Cuptor ALPHA - PROLAB\" \/>\n<meta property=\"og:description\" content=\"Cuppone Alpha este un cuptor profesional cu vatr\u0103 rotativ\u0103, conceput pentru coacere uniform\u0103 \u0219i productivitate ridicat\u0103. Cu control digital avansat \u0219i temperatur\u0103 \u00eenalt\u0103, Alpha ofer\u0103 rezultate constante pentru pizza napoletan\u0103 \u0219i clasic\u0103, fiind ideal pentru pizzerii cu volum mare \u0219i flux rapid.\" \/>\n<meta property=\"og:url\" content=\"https:\/\/prolab.ro\/ro\/produs\/cuppone-cuptor-alpha\/\" \/>\n<meta property=\"og:site_name\" content=\"PROLAB\" \/>\n<meta property=\"article:publisher\" content=\"https:\/\/www.facebook.com\/profile.php?id=100063772800673\" \/>\n<meta property=\"og:image\" content=\"https:\/\/prolab.ro\/wp-content\/uploads\/2026\/03\/DMD_Lexana-Alpha_GEN_01-1.png\" \/>\n\t<meta property=\"og:image:width\" content=\"1200\" \/>\n\t<meta property=\"og:image:height\" content=\"1200\" \/>\n\t<meta property=\"og:image:type\" content=\"image\/png\" \/>\n<meta name=\"twitter:card\" content=\"summary_large_image\" \/>\n<meta name=\"twitter:label1\" content=\"Timp estimat pentru citire\" \/>\n\t<meta name=\"twitter:data1\" content=\"1 minut\" \/>\n<script type=\"application\/ld+json\" class=\"yoast-schema-graph\">{\"@context\":\"https:\\\/\\\/schema.org\",\"@graph\":[{\"@type\":\"WebPage\",\"@id\":\"https:\\\/\\\/prolab.ro\\\/product\\\/cuppone-cuptor-alpha\\\/\",\"url\":\"https:\\\/\\\/prolab.ro\\\/product\\\/cuppone-cuptor-alpha\\\/\",\"name\":\"CUPPONE- Cuptor ALPHA - PROLAB\",\"isPartOf\":{\"@id\":\"https:\\\/\\\/prolab.ro\\\/ro\\\/#website\"},\"primaryImageOfPage\":{\"@id\":\"https:\\\/\\\/prolab.ro\\\/product\\\/cuppone-cuptor-alpha\\\/#primaryimage\"},\"image\":{\"@id\":\"https:\\\/\\\/prolab.ro\\\/product\\\/cuppone-cuptor-alpha\\\/#primaryimage\"},\"thumbnailUrl\":\"https:\\\/\\\/prolab.ro\\\/wp-content\\\/uploads\\\/2026\\\/03\\\/DMD_Lexana-Alpha_GEN_01-1.png\",\"datePublished\":\"2026-03-26T08:00:25+00:00\",\"breadcrumb\":{\"@id\":\"https:\\\/\\\/prolab.ro\\\/product\\\/cuppone-cuptor-alpha\\\/#breadcrumb\"},\"inLanguage\":\"ro-RO\",\"potentialAction\":[{\"@type\":\"ReadAction\",\"target\":[\"https:\\\/\\\/prolab.ro\\\/product\\\/cuppone-cuptor-alpha\\\/\"]}]},{\"@type\":\"ImageObject\",\"inLanguage\":\"ro-RO\",\"@id\":\"https:\\\/\\\/prolab.ro\\\/product\\\/cuppone-cuptor-alpha\\\/#primaryimage\",\"url\":\"https:\\\/\\\/prolab.ro\\\/wp-content\\\/uploads\\\/2026\\\/03\\\/DMD_Lexana-Alpha_GEN_01-1.png\",\"contentUrl\":\"https:\\\/\\\/prolab.ro\\\/wp-content\\\/uploads\\\/2026\\\/03\\\/DMD_Lexana-Alpha_GEN_01-1.png\",\"width\":1200,\"height\":1200},{\"@type\":\"BreadcrumbList\",\"@id\":\"https:\\\/\\\/prolab.ro\\\/product\\\/cuppone-cuptor-alpha\\\/#breadcrumb\",\"itemListElement\":[{\"@type\":\"ListItem\",\"position\":1,\"name\":\"Home\",\"item\":\"https:\\\/\\\/prolab.ro\\\/\"},{\"@type\":\"ListItem\",\"position\":2,\"name\":\"Shop\",\"item\":\"https:\\\/\\\/prolab.ro\\\/shop\\\/\"},{\"@type\":\"ListItem\",\"position\":3,\"name\":\"CUPPONE- Cuptor ALPHA\"}]},{\"@type\":\"WebSite\",\"@id\":\"https:\\\/\\\/prolab.ro\\\/ro\\\/#website\",\"url\":\"https:\\\/\\\/prolab.ro\\\/ro\\\/\",\"name\":\"www.prolab.ro\",\"description\":\"Echipamente profesionale HORECA\",\"publisher\":{\"@id\":\"https:\\\/\\\/prolab.ro\\\/ro\\\/#organization\"},\"potentialAction\":[{\"@type\":\"SearchAction\",\"target\":{\"@type\":\"EntryPoint\",\"urlTemplate\":\"https:\\\/\\\/prolab.ro\\\/ro\\\/?s={search_term_string}\"},\"query-input\":{\"@type\":\"PropertyValueSpecification\",\"valueRequired\":true,\"valueName\":\"search_term_string\"}}],\"inLanguage\":\"ro-RO\"},{\"@type\":\"Organization\",\"@id\":\"https:\\\/\\\/prolab.ro\\\/ro\\\/#organization\",\"name\":\"HORECA PROLAB SRL\",\"url\":\"https:\\\/\\\/prolab.ro\\\/ro\\\/\",\"logo\":{\"@type\":\"ImageObject\",\"inLanguage\":\"ro-RO\",\"@id\":\"https:\\\/\\\/prolab.ro\\\/ro\\\/#\\\/schema\\\/logo\\\/image\\\/\",\"url\":\"https:\\\/\\\/prolab.ro\\\/wp-content\\\/uploads\\\/2020\\\/10\\\/cropped-2019-06-21-logos-03-B-red.png\",\"contentUrl\":\"https:\\\/\\\/prolab.ro\\\/wp-content\\\/uploads\\\/2020\\\/10\\\/cropped-2019-06-21-logos-03-B-red.png\",\"width\":1963,\"height\":546,\"caption\":\"HORECA PROLAB SRL\"},\"image\":{\"@id\":\"https:\\\/\\\/prolab.ro\\\/ro\\\/#\\\/schema\\\/logo\\\/image\\\/\"},\"sameAs\":[\"https:\\\/\\\/www.facebook.com\\\/profile.php?id=100063772800673\"]}]}<\/script>\n<!-- \/ Yoast SEO plugin. -->","yoast_head_json":{"title":"CUPPONE- Cuptor ALPHA - PROLAB","robots":{"index":"index","follow":"follow","max-snippet":"max-snippet:-1","max-image-preview":"max-image-preview:large","max-video-preview":"max-video-preview:-1"},"canonical":"https:\/\/prolab.ro\/ro\/produs\/cuppone-cuptor-alpha\/","og_locale":"ro_RO","og_type":"article","og_title":"CUPPONE- Cuptor ALPHA - PROLAB","og_description":"Cuppone Alpha este un cuptor profesional cu vatr\u0103 rotativ\u0103, conceput pentru coacere uniform\u0103 \u0219i productivitate ridicat\u0103. Cu control digital avansat \u0219i temperatur\u0103 \u00eenalt\u0103, Alpha ofer\u0103 rezultate constante pentru pizza napoletan\u0103 \u0219i clasic\u0103, fiind ideal pentru pizzerii cu volum mare \u0219i flux rapid.","og_url":"https:\/\/prolab.ro\/ro\/produs\/cuppone-cuptor-alpha\/","og_site_name":"PROLAB","article_publisher":"https:\/\/www.facebook.com\/profile.php?id=100063772800673","og_image":[{"width":1200,"height":1200,"url":"https:\/\/prolab.ro\/wp-content\/uploads\/2026\/03\/DMD_Lexana-Alpha_GEN_01-1.png","type":"image\/png"}],"twitter_card":"summary_large_image","twitter_misc":{"Timp estimat pentru citire":"1 minut"},"schema":{"@context":"https:\/\/schema.org","@graph":[{"@type":"WebPage","@id":"https:\/\/prolab.ro\/product\/cuppone-cuptor-alpha\/","url":"https:\/\/prolab.ro\/product\/cuppone-cuptor-alpha\/","name":"CUPPONE- Cuptor ALPHA - PROLAB","isPartOf":{"@id":"https:\/\/prolab.ro\/ro\/#website"},"primaryImageOfPage":{"@id":"https:\/\/prolab.ro\/product\/cuppone-cuptor-alpha\/#primaryimage"},"image":{"@id":"https:\/\/prolab.ro\/product\/cuppone-cuptor-alpha\/#primaryimage"},"thumbnailUrl":"https:\/\/prolab.ro\/wp-content\/uploads\/2026\/03\/DMD_Lexana-Alpha_GEN_01-1.png","datePublished":"2026-03-26T08:00:25+00:00","breadcrumb":{"@id":"https:\/\/prolab.ro\/product\/cuppone-cuptor-alpha\/#breadcrumb"},"inLanguage":"ro-RO","potentialAction":[{"@type":"ReadAction","target":["https:\/\/prolab.ro\/product\/cuppone-cuptor-alpha\/"]}]},{"@type":"ImageObject","inLanguage":"ro-RO","@id":"https:\/\/prolab.ro\/product\/cuppone-cuptor-alpha\/#primaryimage","url":"https:\/\/prolab.ro\/wp-content\/uploads\/2026\/03\/DMD_Lexana-Alpha_GEN_01-1.png","contentUrl":"https:\/\/prolab.ro\/wp-content\/uploads\/2026\/03\/DMD_Lexana-Alpha_GEN_01-1.png","width":1200,"height":1200},{"@type":"BreadcrumbList","@id":"https:\/\/prolab.ro\/product\/cuppone-cuptor-alpha\/#breadcrumb","itemListElement":[{"@type":"ListItem","position":1,"name":"Home","item":"https:\/\/prolab.ro\/"},{"@type":"ListItem","position":2,"name":"Shop","item":"https:\/\/prolab.ro\/shop\/"},{"@type":"ListItem","position":3,"name":"CUPPONE- Cuptor ALPHA"}]},{"@type":"WebSite","@id":"https:\/\/prolab.ro\/ro\/#website","url":"https:\/\/prolab.ro\/ro\/","name":"www.prolab.ro","description":"Echipamente profesionale HORECA","publisher":{"@id":"https:\/\/prolab.ro\/ro\/#organization"},"potentialAction":[{"@type":"SearchAction","target":{"@type":"EntryPoint","urlTemplate":"https:\/\/prolab.ro\/ro\/?s={search_term_string}"},"query-input":{"@type":"PropertyValueSpecification","valueRequired":true,"valueName":"search_term_string"}}],"inLanguage":"ro-RO"},{"@type":"Organization","@id":"https:\/\/prolab.ro\/ro\/#organization","name":"HORECA PROLAB SRL","url":"https:\/\/prolab.ro\/ro\/","logo":{"@type":"ImageObject","inLanguage":"ro-RO","@id":"https:\/\/prolab.ro\/ro\/#\/schema\/logo\/image\/","url":"https:\/\/prolab.ro\/wp-content\/uploads\/2020\/10\/cropped-2019-06-21-logos-03-B-red.png","contentUrl":"https:\/\/prolab.ro\/wp-content\/uploads\/2020\/10\/cropped-2019-06-21-logos-03-B-red.png","width":1963,"height":546,"caption":"HORECA PROLAB SRL"},"image":{"@id":"https:\/\/prolab.ro\/ro\/#\/schema\/logo\/image\/"},"sameAs":["https:\/\/www.facebook.com\/profile.php?id=100063772800673"]}]}},"_links":{"self":[{"href":"https:\/\/prolab.ro\/ro\/wp-json\/wp\/v2\/product\/3227","targetHints":{"allow":["GET"]}}],"collection":[{"href":"https:\/\/prolab.ro\/ro\/wp-json\/wp\/v2\/product"}],"about":[{"href":"https:\/\/prolab.ro\/ro\/wp-json\/wp\/v2\/types\/product"}],"replies":[{"embeddable":true,"href":"https:\/\/prolab.ro\/ro\/wp-json\/wp\/v2\/comments?post=3227"}],"wp:featuredmedia":[{"embeddable":true,"href":"https:\/\/prolab.ro\/ro\/wp-json\/wp\/v2\/media\/3228"}],"wp:attachment":[{"href":"https:\/\/prolab.ro\/ro\/wp-json\/wp\/v2\/media?parent=3227"}],"wp:term":[{"taxonomy":"product_brand","embeddable":true,"href":"https:\/\/prolab.ro\/ro\/wp-json\/wp\/v2\/product_brand?post=3227"},{"taxonomy":"product_cat","embeddable":true,"href":"https:\/\/prolab.ro\/ro\/wp-json\/wp\/v2\/product_cat?post=3227"},{"taxonomy":"product_tag","embeddable":true,"href":"https:\/\/prolab.ro\/ro\/wp-json\/wp\/v2\/product_tag?post=3227"}],"curies":[{"name":"wp","href":"https:\/\/api.w.org\/{rel}","templated":true}]}}