{"id":3222,"date":"2026-03-26T10:41:59","date_gmt":"2026-03-26T07:41:59","guid":{"rendered":"https:\/\/prolab.ro\/?post_type=product&#038;p=3222"},"modified":"2026-03-26T11:01:11","modified_gmt":"2026-03-26T08:01:11","slug":"cuppone-cuptor-delta","status":"publish","type":"product","link":"https:\/\/prolab.ro\/ro\/produs\/cuppone-cuptor-delta\/","title":{"rendered":"CUPPONE &#8211; Cuptor DELTA"},"content":{"rendered":"<ul>\n<li><strong data-start=\"609\" data-end=\"632\">Temperatur\u0103 maxim\u0103:<\/strong> p\u00e2n\u0103 la <strong data-start=\"641\" data-end=\"650\">450\u00b0C<\/strong><\/li>\n<li>Recuperare termic\u0103 rapid\u0103<\/li>\n<li>Coacere uniform\u0103 datorit\u0103 controlului zonal<\/li>\n<li data-section-id=\"1dr8mzs\" data-start=\"807\" data-end=\"877\">Disponibil \u00een <strong data-start=\"823\" data-end=\"837\">5 versiuni<\/strong><\/li>\n<li data-section-id=\"106d98d\" data-start=\"878\" data-end=\"1055\">Capacitate:\n<ul data-start=\"894\" data-end=\"1055\">\n<li data-section-id=\"1qrakpp\" data-start=\"894\" data-end=\"959\"><strong data-start=\"896\" data-end=\"919\">1 \u2013 6 t\u0103vi \/ camer\u0103<\/strong><\/li>\n<li data-section-id=\"shm8xb\" data-start=\"962\" data-end=\"1055\">p\u00e2n\u0103 la <strong data-start=\"972\" data-end=\"993\">12 pizza simultan<\/strong> (\u00een func\u021bie de model)<\/li>\n<\/ul>\n<\/li>\n<li data-section-id=\"eis7dt\" data-start=\"1056\" data-end=\"1155\">Configurare:\n<ul data-start=\"1073\" data-end=\"1155\">\n<li data-section-id=\"q4wa93\" data-start=\"1073\" data-end=\"1155\"><strong data-start=\"1075\" data-end=\"1115\">modular (stackable p\u00e2n\u0103 la 4 camere)<\/strong><\/li>\n<\/ul>\n<\/li>\n<li data-section-id=\"1qlhb6i\" data-start=\"1240\" data-end=\"1301\">Rezisten\u021be electrice:\n<ul data-start=\"1266\" data-end=\"1301\">\n<li data-section-id=\"5mn5a7\" data-start=\"1266\" data-end=\"1283\">sus (ceiling)<\/li>\n<li data-section-id=\"10fkchz\" data-start=\"1286\" data-end=\"1301\">jos (floor)<\/li>\n<\/ul>\n<\/li>\n<li data-section-id=\"1308af7\" data-start=\"1302\" data-end=\"1374\"><strong data-start=\"1304\" data-end=\"1334\">Control independent 0\u2013100%<\/strong>\n<ul data-start=\"1419\" data-end=\"1501\">\n<li data-section-id=\"q81znk\" data-start=\"1419\" data-end=\"1501\">fa\u021b\u0103 \/ mijloc \/ spate controlate separat<\/li>\n<\/ul>\n<\/li>\n<li>\n<p data-start=\"1503\" data-end=\"1514\">coacere uniform\u0103 (f\u0103r\u0103 zone arse sau crude)<\/p>\n<\/li>\n<li>\n<p data-start=\"1503\" data-end=\"1514\">reglaj perfect pentru pizza vs p\u00e2ine<\/p>\n<\/li>\n<\/ul>\n<p data-start=\"1503\" data-end=\"1514\"><strong data-start=\"1636\" data-end=\"1659\">Touchscreen digital<\/strong><\/p>\n<ul>\n<li data-section-id=\"12a9aw5\" data-start=\"1700\" data-end=\"1961\">Func\u021bii:\n<ul data-start=\"1713\" data-end=\"1961\">\n<li data-section-id=\"6tgd5w\" data-start=\"1713\" data-end=\"1736\">programe de coacere<\/li>\n<li data-section-id=\"13fm4jz\" data-start=\"1739\" data-end=\"1748\">timer<\/li>\n<li data-section-id=\"smli2p\" data-start=\"1751\" data-end=\"1771\">pornire automat\u0103<\/li>\n<li data-section-id=\"kedyg9\" data-start=\"1774\" data-end=\"1805\">control temperatur\u0103 sus\/jos<\/li>\n<li data-section-id=\"197tptz\" data-start=\"1808\" data-end=\"1869\">mod ECO (economy)<\/li>\n<li data-section-id=\"1p8xo1i\" data-start=\"1872\" data-end=\"1961\">limitare consum energie (Smart Energy Saving)<\/li>\n<\/ul>\n<\/li>\n<\/ul>","protected":false},"excerpt":{"rendered":"<p>Cuptorul electric <strong data-start=\"193\" data-end=\"210\">Cuppone Delta<\/strong> este un echipament profesional modular, conceput pentru pizzerii \u0219i brut\u0103rii care au nevoie de flexibilitate, control precis \u0219i productivitate ridicat\u0103.<\/p>","protected":false},"featured_media":3223,"comment_status":"open","ping_status":"closed","template":"","meta":{"ocean_post_layout":"","ocean_both_sidebars_style":"","ocean_both_sidebars_content_width":0,"ocean_both_sidebars_sidebars_width":0,"ocean_sidebar":"0","ocean_second_sidebar":"0","ocean_disable_margins":"enable","ocean_add_body_class":"","ocean_shortcode_before_top_bar":"","ocean_shortcode_after_top_bar":"","ocean_shortcode_before_header":"","ocean_shortcode_after_header":"","ocean_has_shortcode":"","ocean_shortcode_after_title":"","ocean_shortcode_before_footer_widgets":"","ocean_shortcode_after_footer_widgets":"","ocean_shortcode_before_footer_bottom":"","ocean_shortcode_after_footer_bottom":"","ocean_display_top_bar":"default","ocean_display_header":"default","ocean_header_style":"","ocean_center_header_left_menu":"0","ocean_custom_header_template":"0","ocean_custom_logo":0,"ocean_custom_retina_logo":0,"ocean_custom_logo_max_width":0,"ocean_custom_logo_tablet_max_width":0,"ocean_custom_logo_mobile_max_width":0,"ocean_custom_logo_max_height":0,"ocean_custom_logo_tablet_max_height":0,"ocean_custom_logo_mobile_max_height":0,"ocean_header_custom_menu":"0","ocean_menu_typo_font_family":"0","ocean_menu_typo_font_subset":"","ocean_menu_typo_font_size":0,"ocean_menu_typo_font_size_tablet":0,"ocean_menu_typo_font_size_mobile":0,"ocean_menu_typo_font_size_unit":"px","ocean_menu_typo_font_weight":"","ocean_menu_typo_font_weight_tablet":"","ocean_menu_typo_font_weight_mobile":"","ocean_menu_typo_transform":"","ocean_menu_typo_transform_tablet":"","ocean_menu_typo_transform_mobile":"","ocean_menu_typo_line_height":0,"ocean_menu_typo_line_height_tablet":0,"ocean_menu_typo_line_height_mobile":0,"ocean_menu_typo_line_height_unit":"","ocean_menu_typo_spacing":0,"ocean_menu_typo_spacing_tablet":0,"ocean_menu_typo_spacing_mobile":0,"ocean_menu_typo_spacing_unit":"","ocean_menu_link_color":"","ocean_menu_link_color_hover":"","ocean_menu_link_color_active":"","ocean_menu_link_background":"","ocean_menu_link_hover_background":"","ocean_menu_link_active_background":"","ocean_menu_social_links_bg":"","ocean_menu_social_hover_links_bg":"","ocean_menu_social_links_color":"","ocean_menu_social_hover_links_color":"","ocean_disable_title":"default","ocean_disable_heading":"default","ocean_post_title":"","ocean_post_subheading":"","ocean_post_title_style":"","ocean_post_title_background_color":"","ocean_post_title_background":0,"ocean_post_title_bg_image_position":"","ocean_post_title_bg_image_attachment":"","ocean_post_title_bg_image_repeat":"","ocean_post_title_bg_image_size":"","ocean_post_title_height":0,"ocean_post_title_bg_overlay":0.5,"ocean_post_title_bg_overlay_color":"","ocean_disable_breadcrumbs":"default","ocean_breadcrumbs_color":"","ocean_breadcrumbs_separator_color":"","ocean_breadcrumbs_links_color":"","ocean_breadcrumbs_links_hover_color":"","ocean_display_footer_widgets":"default","ocean_display_footer_bottom":"default","ocean_custom_footer_template":"0"},"product_brand":[],"product_cat":[151],"product_tag":[],"class_list":{"0":"post-3222","1":"product","2":"type-product","3":"status-publish","4":"has-post-thumbnail","6":"product_cat-cuptor","8":"entry","9":"has-media","11":"first","12":"instock","13":"taxable","14":"shipping-taxable","15":"product-type-simple","16":"has-product-nav","17":"col","18":"span_1_of_2","19":"owp-content-center","20":"owp-thumbs-layout-horizontal","21":"owp-btn-normal","22":"owp-tabs-layout-horizontal"},"yoast_head":"<!-- This site is optimized with the Yoast SEO plugin v27.4 - https:\/\/yoast.com\/product\/yoast-seo-wordpress\/ -->\n<title>CUPPONE - Cuptor DELTA - PROLAB<\/title>\n<meta name=\"robots\" content=\"index, follow, max-snippet:-1, max-image-preview:large, max-video-preview:-1\" \/>\n<link rel=\"canonical\" href=\"https:\/\/prolab.ro\/ro\/produs\/cuppone-cuptor-delta\/\" \/>\n<meta property=\"og:locale\" content=\"ro_RO\" \/>\n<meta property=\"og:type\" content=\"article\" \/>\n<meta property=\"og:title\" content=\"CUPPONE - Cuptor DELTA - PROLAB\" \/>\n<meta property=\"og:description\" content=\"Cuptorul electric Cuppone Delta este un echipament profesional modular, conceput pentru pizzerii \u0219i brut\u0103rii care au nevoie de flexibilitate, control precis \u0219i productivitate ridicat\u0103.\" \/>\n<meta property=\"og:url\" content=\"https:\/\/prolab.ro\/ro\/produs\/cuppone-cuptor-delta\/\" \/>\n<meta property=\"og:site_name\" content=\"PROLAB\" \/>\n<meta property=\"article:publisher\" content=\"https:\/\/www.facebook.com\/profile.php?id=100063772800673\" \/>\n<meta property=\"article:modified_time\" content=\"2026-03-26T08:01:11+00:00\" \/>\n<meta property=\"og:image\" content=\"https:\/\/prolab.ro\/wp-content\/uploads\/2026\/03\/DMD_Lexana-Delta_GEN_01.png\" \/>\n\t<meta property=\"og:image:width\" content=\"1200\" \/>\n\t<meta property=\"og:image:height\" content=\"1200\" \/>\n\t<meta property=\"og:image:type\" content=\"image\/png\" \/>\n<meta name=\"twitter:card\" content=\"summary_large_image\" \/>\n<meta name=\"twitter:label1\" content=\"Timp estimat pentru citire\" \/>\n\t<meta name=\"twitter:data1\" content=\"1 minut\" \/>\n<script type=\"application\/ld+json\" class=\"yoast-schema-graph\">{\"@context\":\"https:\\\/\\\/schema.org\",\"@graph\":[{\"@type\":\"WebPage\",\"@id\":\"https:\\\/\\\/prolab.ro\\\/product\\\/cuppone-cuptor-delta\\\/\",\"url\":\"https:\\\/\\\/prolab.ro\\\/product\\\/cuppone-cuptor-delta\\\/\",\"name\":\"CUPPONE - Cuptor DELTA - PROLAB\",\"isPartOf\":{\"@id\":\"https:\\\/\\\/prolab.ro\\\/ro\\\/#website\"},\"primaryImageOfPage\":{\"@id\":\"https:\\\/\\\/prolab.ro\\\/product\\\/cuppone-cuptor-delta\\\/#primaryimage\"},\"image\":{\"@id\":\"https:\\\/\\\/prolab.ro\\\/product\\\/cuppone-cuptor-delta\\\/#primaryimage\"},\"thumbnailUrl\":\"https:\\\/\\\/prolab.ro\\\/wp-content\\\/uploads\\\/2026\\\/03\\\/DMD_Lexana-Delta_GEN_01.png\",\"datePublished\":\"2026-03-26T07:41:59+00:00\",\"dateModified\":\"2026-03-26T08:01:11+00:00\",\"breadcrumb\":{\"@id\":\"https:\\\/\\\/prolab.ro\\\/product\\\/cuppone-cuptor-delta\\\/#breadcrumb\"},\"inLanguage\":\"ro-RO\",\"potentialAction\":[{\"@type\":\"ReadAction\",\"target\":[\"https:\\\/\\\/prolab.ro\\\/product\\\/cuppone-cuptor-delta\\\/\"]}]},{\"@type\":\"ImageObject\",\"inLanguage\":\"ro-RO\",\"@id\":\"https:\\\/\\\/prolab.ro\\\/product\\\/cuppone-cuptor-delta\\\/#primaryimage\",\"url\":\"https:\\\/\\\/prolab.ro\\\/wp-content\\\/uploads\\\/2026\\\/03\\\/DMD_Lexana-Delta_GEN_01.png\",\"contentUrl\":\"https:\\\/\\\/prolab.ro\\\/wp-content\\\/uploads\\\/2026\\\/03\\\/DMD_Lexana-Delta_GEN_01.png\",\"width\":1200,\"height\":1200},{\"@type\":\"BreadcrumbList\",\"@id\":\"https:\\\/\\\/prolab.ro\\\/product\\\/cuppone-cuptor-delta\\\/#breadcrumb\",\"itemListElement\":[{\"@type\":\"ListItem\",\"position\":1,\"name\":\"Home\",\"item\":\"https:\\\/\\\/prolab.ro\\\/\"},{\"@type\":\"ListItem\",\"position\":2,\"name\":\"Shop\",\"item\":\"https:\\\/\\\/prolab.ro\\\/shop\\\/\"},{\"@type\":\"ListItem\",\"position\":3,\"name\":\"CUPPONE &#8211; Cuptor DELTA\"}]},{\"@type\":\"WebSite\",\"@id\":\"https:\\\/\\\/prolab.ro\\\/ro\\\/#website\",\"url\":\"https:\\\/\\\/prolab.ro\\\/ro\\\/\",\"name\":\"www.prolab.ro\",\"description\":\"Echipamente profesionale HORECA\",\"publisher\":{\"@id\":\"https:\\\/\\\/prolab.ro\\\/ro\\\/#organization\"},\"potentialAction\":[{\"@type\":\"SearchAction\",\"target\":{\"@type\":\"EntryPoint\",\"urlTemplate\":\"https:\\\/\\\/prolab.ro\\\/ro\\\/?s={search_term_string}\"},\"query-input\":{\"@type\":\"PropertyValueSpecification\",\"valueRequired\":true,\"valueName\":\"search_term_string\"}}],\"inLanguage\":\"ro-RO\"},{\"@type\":\"Organization\",\"@id\":\"https:\\\/\\\/prolab.ro\\\/ro\\\/#organization\",\"name\":\"HORECA PROLAB SRL\",\"url\":\"https:\\\/\\\/prolab.ro\\\/ro\\\/\",\"logo\":{\"@type\":\"ImageObject\",\"inLanguage\":\"ro-RO\",\"@id\":\"https:\\\/\\\/prolab.ro\\\/ro\\\/#\\\/schema\\\/logo\\\/image\\\/\",\"url\":\"https:\\\/\\\/prolab.ro\\\/wp-content\\\/uploads\\\/2020\\\/10\\\/cropped-2019-06-21-logos-03-B-red.png\",\"contentUrl\":\"https:\\\/\\\/prolab.ro\\\/wp-content\\\/uploads\\\/2020\\\/10\\\/cropped-2019-06-21-logos-03-B-red.png\",\"width\":1963,\"height\":546,\"caption\":\"HORECA PROLAB SRL\"},\"image\":{\"@id\":\"https:\\\/\\\/prolab.ro\\\/ro\\\/#\\\/schema\\\/logo\\\/image\\\/\"},\"sameAs\":[\"https:\\\/\\\/www.facebook.com\\\/profile.php?id=100063772800673\"]}]}<\/script>\n<!-- \/ Yoast SEO plugin. -->","yoast_head_json":{"title":"CUPPONE - Cuptor DELTA - PROLAB","robots":{"index":"index","follow":"follow","max-snippet":"max-snippet:-1","max-image-preview":"max-image-preview:large","max-video-preview":"max-video-preview:-1"},"canonical":"https:\/\/prolab.ro\/ro\/produs\/cuppone-cuptor-delta\/","og_locale":"ro_RO","og_type":"article","og_title":"CUPPONE - Cuptor DELTA - PROLAB","og_description":"Cuptorul electric Cuppone Delta este un echipament profesional modular, conceput pentru pizzerii \u0219i brut\u0103rii care au nevoie de flexibilitate, control precis \u0219i productivitate ridicat\u0103.","og_url":"https:\/\/prolab.ro\/ro\/produs\/cuppone-cuptor-delta\/","og_site_name":"PROLAB","article_publisher":"https:\/\/www.facebook.com\/profile.php?id=100063772800673","article_modified_time":"2026-03-26T08:01:11+00:00","og_image":[{"width":1200,"height":1200,"url":"https:\/\/prolab.ro\/wp-content\/uploads\/2026\/03\/DMD_Lexana-Delta_GEN_01.png","type":"image\/png"}],"twitter_card":"summary_large_image","twitter_misc":{"Timp estimat pentru citire":"1 minut"},"schema":{"@context":"https:\/\/schema.org","@graph":[{"@type":"WebPage","@id":"https:\/\/prolab.ro\/product\/cuppone-cuptor-delta\/","url":"https:\/\/prolab.ro\/product\/cuppone-cuptor-delta\/","name":"CUPPONE - Cuptor DELTA - PROLAB","isPartOf":{"@id":"https:\/\/prolab.ro\/ro\/#website"},"primaryImageOfPage":{"@id":"https:\/\/prolab.ro\/product\/cuppone-cuptor-delta\/#primaryimage"},"image":{"@id":"https:\/\/prolab.ro\/product\/cuppone-cuptor-delta\/#primaryimage"},"thumbnailUrl":"https:\/\/prolab.ro\/wp-content\/uploads\/2026\/03\/DMD_Lexana-Delta_GEN_01.png","datePublished":"2026-03-26T07:41:59+00:00","dateModified":"2026-03-26T08:01:11+00:00","breadcrumb":{"@id":"https:\/\/prolab.ro\/product\/cuppone-cuptor-delta\/#breadcrumb"},"inLanguage":"ro-RO","potentialAction":[{"@type":"ReadAction","target":["https:\/\/prolab.ro\/product\/cuppone-cuptor-delta\/"]}]},{"@type":"ImageObject","inLanguage":"ro-RO","@id":"https:\/\/prolab.ro\/product\/cuppone-cuptor-delta\/#primaryimage","url":"https:\/\/prolab.ro\/wp-content\/uploads\/2026\/03\/DMD_Lexana-Delta_GEN_01.png","contentUrl":"https:\/\/prolab.ro\/wp-content\/uploads\/2026\/03\/DMD_Lexana-Delta_GEN_01.png","width":1200,"height":1200},{"@type":"BreadcrumbList","@id":"https:\/\/prolab.ro\/product\/cuppone-cuptor-delta\/#breadcrumb","itemListElement":[{"@type":"ListItem","position":1,"name":"Home","item":"https:\/\/prolab.ro\/"},{"@type":"ListItem","position":2,"name":"Shop","item":"https:\/\/prolab.ro\/shop\/"},{"@type":"ListItem","position":3,"name":"CUPPONE &#8211; Cuptor DELTA"}]},{"@type":"WebSite","@id":"https:\/\/prolab.ro\/ro\/#website","url":"https:\/\/prolab.ro\/ro\/","name":"www.prolab.ro","description":"Echipamente profesionale HORECA","publisher":{"@id":"https:\/\/prolab.ro\/ro\/#organization"},"potentialAction":[{"@type":"SearchAction","target":{"@type":"EntryPoint","urlTemplate":"https:\/\/prolab.ro\/ro\/?s={search_term_string}"},"query-input":{"@type":"PropertyValueSpecification","valueRequired":true,"valueName":"search_term_string"}}],"inLanguage":"ro-RO"},{"@type":"Organization","@id":"https:\/\/prolab.ro\/ro\/#organization","name":"HORECA PROLAB SRL","url":"https:\/\/prolab.ro\/ro\/","logo":{"@type":"ImageObject","inLanguage":"ro-RO","@id":"https:\/\/prolab.ro\/ro\/#\/schema\/logo\/image\/","url":"https:\/\/prolab.ro\/wp-content\/uploads\/2020\/10\/cropped-2019-06-21-logos-03-B-red.png","contentUrl":"https:\/\/prolab.ro\/wp-content\/uploads\/2020\/10\/cropped-2019-06-21-logos-03-B-red.png","width":1963,"height":546,"caption":"HORECA PROLAB SRL"},"image":{"@id":"https:\/\/prolab.ro\/ro\/#\/schema\/logo\/image\/"},"sameAs":["https:\/\/www.facebook.com\/profile.php?id=100063772800673"]}]}},"_links":{"self":[{"href":"https:\/\/prolab.ro\/ro\/wp-json\/wp\/v2\/product\/3222","targetHints":{"allow":["GET"]}}],"collection":[{"href":"https:\/\/prolab.ro\/ro\/wp-json\/wp\/v2\/product"}],"about":[{"href":"https:\/\/prolab.ro\/ro\/wp-json\/wp\/v2\/types\/product"}],"replies":[{"embeddable":true,"href":"https:\/\/prolab.ro\/ro\/wp-json\/wp\/v2\/comments?post=3222"}],"wp:featuredmedia":[{"embeddable":true,"href":"https:\/\/prolab.ro\/ro\/wp-json\/wp\/v2\/media\/3223"}],"wp:attachment":[{"href":"https:\/\/prolab.ro\/ro\/wp-json\/wp\/v2\/media?parent=3222"}],"wp:term":[{"taxonomy":"product_brand","embeddable":true,"href":"https:\/\/prolab.ro\/ro\/wp-json\/wp\/v2\/product_brand?post=3222"},{"taxonomy":"product_cat","embeddable":true,"href":"https:\/\/prolab.ro\/ro\/wp-json\/wp\/v2\/product_cat?post=3222"},{"taxonomy":"product_tag","embeddable":true,"href":"https:\/\/prolab.ro\/ro\/wp-json\/wp\/v2\/product_tag?post=3222"}],"curies":[{"name":"wp","href":"https:\/\/api.w.org\/{rel}","templated":true}]}}