{"id":3205,"date":"2026-03-25T17:30:11","date_gmt":"2026-03-25T14:30:11","guid":{"rendered":"https:\/\/prolab.ro\/?post_type=product&#038;p=3205"},"modified":"2026-03-25T17:42:27","modified_gmt":"2026-03-25T14:42:27","slug":"oem-cuptor-roto-dome-touch","status":"publish","type":"product","link":"https:\/\/prolab.ro\/ro\/produs\/oem-cuptor-roto-dome-touch\/","title":{"rendered":"OEM -Cuptor Roto Dome Touch (rotativ)\/ DOME Touch (fara rotatie)"},"content":{"rendered":"<ul>\n<li data-section-id=\"rj8aue\" data-start=\"277\" data-end=\"326\"><strong data-start=\"279\" data-end=\"324\">Cuptor electric rotativ (poate sa fie si fara rotatie)<\/strong><\/li>\n<li data-section-id=\"rj8aue\" data-start=\"277\" data-end=\"326\">\n<p data-start=\"972\" data-end=\"981\">Material:<\/p>\n<ul data-start=\"984\" data-end=\"1110\">\n<li data-section-id=\"1hzybr6\" data-start=\"984\" data-end=\"1078\">vatr\u0103 din <strong data-start=\"996\" data-end=\"1038\">biscotto \/ c\u0103r\u0103mid\u0103 refractar\u0103<\/strong><\/li>\n<li data-section-id=\"vz842q\" data-start=\"1081\" data-end=\"1110\">pere\u021bi \u0219i tavan refracta<\/li>\n<\/ul>\n<\/li>\n<li data-section-id=\"nz5l22\" data-start=\"327\" data-end=\"359\">Camer\u0103 tip <strong data-start=\"340\" data-end=\"357\">dome<\/strong><\/li>\n<li data-section-id=\"1bc22jb\" data-start=\"360\" data-end=\"406\">Destinat: pizza napoletan\u0103 + pizza premium<\/li>\n<li data-section-id=\"1hbf70m\" data-start=\"446\" data-end=\"535\"><strong data-start=\"448\" data-end=\"471\">Temperatur\u0103 maxim\u0103:<\/strong> &gt;500\u00b0C (p\u00e2n\u0103 la ~530\u00b0C)<\/li>\n<li data-section-id=\"132qlxc\" data-start=\"536\" data-end=\"589\">\u00cenc\u0103lzire rapid\u0103 + recuperare termic\u0103 foarte bun\u0103<\/li>\n<li data-section-id=\"1ne4bn1\" data-start=\"590\" data-end=\"766\"><strong data-start=\"592\" data-end=\"617\">Capacitate produc\u021bie:<\/strong>\n<ul data-start=\"620\" data-end=\"766\">\n<li data-section-id=\"90y1yd\" data-start=\"620\" data-end=\"696\">p\u00e2n\u0103 la <strong data-start=\"630\" data-end=\"656\">168 pizza\/or\u0103 (\u00d830 cm)<\/strong><\/li>\n<li data-section-id=\"8ef0q7\" data-start=\"699\" data-end=\"766\">~84 pizza\/or\u0103 (\u00d840\u201345 cm)<\/li>\n<\/ul>\n<\/li>\n<li data-section-id=\"1bc22jb\" data-start=\"360\" data-end=\"406\">\n<ul data-start=\"1272\" data-end=\"1423\">\n<li data-section-id=\"dvwcov\" data-start=\"1272\" data-end=\"1423\">Elemente electrice dedicate:\n<ul data-start=\"1305\" data-end=\"1423\">\n<li data-section-id=\"qy3hvq\" data-start=\"1305\" data-end=\"1326\"><strong data-start=\"1307\" data-end=\"1326\">tavan (ceiling)<\/strong><\/li>\n<li data-section-id=\"10hfd5v\" data-start=\"1329\" data-end=\"1348\"><strong data-start=\"1331\" data-end=\"1348\">vatr\u0103 (floor)<\/strong><\/li>\n<li data-section-id=\"w3dhz9\" data-start=\"1351\" data-end=\"1423\"><strong data-start=\"1353\" data-end=\"1383\">front IR (gura cuptorului)<\/strong><\/li>\n<\/ul>\n<\/li>\n<\/ul>\n<p data-start=\"1425\" data-end=\"1436\">-permite:<\/p>\n<ul data-start=\"1437\" data-end=\"1553\">\n<li data-section-id=\"1tew9w9\" data-start=\"1437\" data-end=\"1506\">reglaj fin sus\/jos (0\u2013100%)<\/li>\n<li data-section-id=\"xo2hsi\" data-start=\"1507\" data-end=\"1553\">efect de \u201cflac\u0103r\u0103\u201d pentru pizza napoletan\u0103<\/li>\n<\/ul>\n<\/li>\n<li data-section-id=\"10dgxmv\" data-start=\"1589\" data-end=\"1656\"><strong data-start=\"1591\" data-end=\"1616\">Touchscreen TFT color<\/strong><\/li>\n<li data-section-id=\"vqu1g4\" data-start=\"1657\" data-end=\"1868\">Func\u021bii:\n<ul data-start=\"1670\" data-end=\"1868\">\n<li data-section-id=\"3a7imx\" data-start=\"1670\" data-end=\"1692\">temperatur\u0103 camer\u0103<\/li>\n<li data-section-id=\"15qca4r\" data-start=\"1695\" data-end=\"1725\">procent putere tavan\/vatr\u0103<\/li>\n<li data-section-id=\"1vkxxzn\" data-start=\"1728\" data-end=\"1745\">timer coacere<\/li>\n<li data-section-id=\"g0voys\" data-start=\"1748\" data-end=\"1761\">iluminare<\/li>\n<li data-section-id=\"vpwa97\" data-start=\"1764\" data-end=\"1785\">programe automate<\/li>\n<li data-section-id=\"1myjvah\" data-start=\"1788\" data-end=\"1807\">start programat<\/li>\n<li data-section-id=\"61r1cb\" data-start=\"1810\" data-end=\"1868\">program cur\u0103\u021bare<\/li>\n<\/ul>\n<\/li>\n<li data-section-id=\"10gumgd\" data-start=\"1870\" data-end=\"1945\"><strong data-start=\"1872\" data-end=\"1903\">10 programe personalizabile<\/strong><\/li>\n<\/ul>","protected":false},"excerpt":{"rendered":"<p>Ideal pentru coacerea pizzei napolitane \u0219i potrivit pentru diverse specialit\u0103\u021bi de pizza.<\/p>","protected":false},"featured_media":3206,"comment_status":"open","ping_status":"closed","template":"","meta":{"ocean_post_layout":"","ocean_both_sidebars_style":"","ocean_both_sidebars_content_width":0,"ocean_both_sidebars_sidebars_width":0,"ocean_sidebar":"0","ocean_second_sidebar":"0","ocean_disable_margins":"enable","ocean_add_body_class":"","ocean_shortcode_before_top_bar":"","ocean_shortcode_after_top_bar":"","ocean_shortcode_before_header":"","ocean_shortcode_after_header":"","ocean_has_shortcode":"","ocean_shortcode_after_title":"","ocean_shortcode_before_footer_widgets":"","ocean_shortcode_after_footer_widgets":"","ocean_shortcode_before_footer_bottom":"","ocean_shortcode_after_footer_bottom":"","ocean_display_top_bar":"default","ocean_display_header":"default","ocean_header_style":"","ocean_center_header_left_menu":"0","ocean_custom_header_template":"0","ocean_custom_logo":0,"ocean_custom_retina_logo":0,"ocean_custom_logo_max_width":0,"ocean_custom_logo_tablet_max_width":0,"ocean_custom_logo_mobile_max_width":0,"ocean_custom_logo_max_height":0,"ocean_custom_logo_tablet_max_height":0,"ocean_custom_logo_mobile_max_height":0,"ocean_header_custom_menu":"0","ocean_menu_typo_font_family":"0","ocean_menu_typo_font_subset":"","ocean_menu_typo_font_size":0,"ocean_menu_typo_font_size_tablet":0,"ocean_menu_typo_font_size_mobile":0,"ocean_menu_typo_font_size_unit":"px","ocean_menu_typo_font_weight":"","ocean_menu_typo_font_weight_tablet":"","ocean_menu_typo_font_weight_mobile":"","ocean_menu_typo_transform":"","ocean_menu_typo_transform_tablet":"","ocean_menu_typo_transform_mobile":"","ocean_menu_typo_line_height":0,"ocean_menu_typo_line_height_tablet":0,"ocean_menu_typo_line_height_mobile":0,"ocean_menu_typo_line_height_unit":"","ocean_menu_typo_spacing":0,"ocean_menu_typo_spacing_tablet":0,"ocean_menu_typo_spacing_mobile":0,"ocean_menu_typo_spacing_unit":"","ocean_menu_link_color":"","ocean_menu_link_color_hover":"","ocean_menu_link_color_active":"","ocean_menu_link_background":"","ocean_menu_link_hover_background":"","ocean_menu_link_active_background":"","ocean_menu_social_links_bg":"","ocean_menu_social_hover_links_bg":"","ocean_menu_social_links_color":"","ocean_menu_social_hover_links_color":"","ocean_disable_title":"default","ocean_disable_heading":"default","ocean_post_title":"","ocean_post_subheading":"","ocean_post_title_style":"","ocean_post_title_background_color":"","ocean_post_title_background":0,"ocean_post_title_bg_image_position":"","ocean_post_title_bg_image_attachment":"","ocean_post_title_bg_image_repeat":"","ocean_post_title_bg_image_size":"","ocean_post_title_height":0,"ocean_post_title_bg_overlay":0.5,"ocean_post_title_bg_overlay_color":"","ocean_disable_breadcrumbs":"default","ocean_breadcrumbs_color":"","ocean_breadcrumbs_separator_color":"","ocean_breadcrumbs_links_color":"","ocean_breadcrumbs_links_hover_color":"","ocean_display_footer_widgets":"default","ocean_display_footer_bottom":"default","ocean_custom_footer_template":"0"},"product_brand":[],"product_cat":[151],"product_tag":[],"class_list":{"0":"post-3205","1":"product","2":"type-product","3":"status-publish","4":"has-post-thumbnail","6":"product_cat-cuptor","8":"entry","9":"has-media","11":"first","12":"instock","13":"taxable","14":"shipping-taxable","15":"product-type-simple","16":"has-product-nav","17":"col","18":"span_1_of_2","19":"owp-content-center","20":"owp-thumbs-layout-horizontal","21":"owp-btn-normal","22":"owp-tabs-layout-horizontal"},"yoast_head":"<!-- This site is optimized with the Yoast SEO plugin v27.4 - https:\/\/yoast.com\/product\/yoast-seo-wordpress\/ -->\n<title>OEM -Cuptor Roto Dome Touch (rotativ)\/ DOME Touch (fara rotatie) - PROLAB<\/title>\n<meta name=\"robots\" content=\"index, follow, max-snippet:-1, max-image-preview:large, max-video-preview:-1\" \/>\n<link rel=\"canonical\" href=\"https:\/\/prolab.ro\/ro\/produs\/oem-cuptor-roto-dome-touch\/\" \/>\n<meta property=\"og:locale\" content=\"ro_RO\" \/>\n<meta property=\"og:type\" content=\"article\" \/>\n<meta property=\"og:title\" content=\"OEM -Cuptor Roto Dome Touch (rotativ)\/ DOME Touch (fara rotatie) - PROLAB\" \/>\n<meta property=\"og:description\" content=\"Ideal pentru coacerea pizzei napolitane \u0219i potrivit pentru diverse specialit\u0103\u021bi de pizza.\" \/>\n<meta property=\"og:url\" content=\"https:\/\/prolab.ro\/ro\/produs\/oem-cuptor-roto-dome-touch\/\" \/>\n<meta property=\"og:site_name\" content=\"PROLAB\" \/>\n<meta property=\"article:publisher\" content=\"https:\/\/www.facebook.com\/profile.php?id=100063772800673\" \/>\n<meta property=\"article:modified_time\" content=\"2026-03-25T14:42:27+00:00\" \/>\n<meta property=\"og:image\" content=\"https:\/\/prolab.ro\/wp-content\/uploads\/2026\/03\/Roto-Dome-1-scaled-1.jpg\" \/>\n\t<meta property=\"og:image:width\" content=\"2560\" \/>\n\t<meta property=\"og:image:height\" content=\"2515\" \/>\n\t<meta property=\"og:image:type\" content=\"image\/jpeg\" \/>\n<meta name=\"twitter:card\" content=\"summary_large_image\" \/>\n<meta name=\"twitter:label1\" content=\"Timp estimat pentru citire\" \/>\n\t<meta name=\"twitter:data1\" content=\"1 minut\" \/>\n<script type=\"application\/ld+json\" class=\"yoast-schema-graph\">{\"@context\":\"https:\\\/\\\/schema.org\",\"@graph\":[{\"@type\":\"WebPage\",\"@id\":\"https:\\\/\\\/prolab.ro\\\/product\\\/oem-cuptor-roto-dome-touch\\\/\",\"url\":\"https:\\\/\\\/prolab.ro\\\/product\\\/oem-cuptor-roto-dome-touch\\\/\",\"name\":\"OEM -Cuptor Roto Dome Touch (rotativ)\\\/ DOME Touch (fara rotatie) - PROLAB\",\"isPartOf\":{\"@id\":\"https:\\\/\\\/prolab.ro\\\/ro\\\/#website\"},\"primaryImageOfPage\":{\"@id\":\"https:\\\/\\\/prolab.ro\\\/product\\\/oem-cuptor-roto-dome-touch\\\/#primaryimage\"},\"image\":{\"@id\":\"https:\\\/\\\/prolab.ro\\\/product\\\/oem-cuptor-roto-dome-touch\\\/#primaryimage\"},\"thumbnailUrl\":\"https:\\\/\\\/prolab.ro\\\/wp-content\\\/uploads\\\/2026\\\/03\\\/Roto-Dome-1-scaled-1.jpg\",\"datePublished\":\"2026-03-25T14:30:11+00:00\",\"dateModified\":\"2026-03-25T14:42:27+00:00\",\"breadcrumb\":{\"@id\":\"https:\\\/\\\/prolab.ro\\\/product\\\/oem-cuptor-roto-dome-touch\\\/#breadcrumb\"},\"inLanguage\":\"ro-RO\",\"potentialAction\":[{\"@type\":\"ReadAction\",\"target\":[\"https:\\\/\\\/prolab.ro\\\/product\\\/oem-cuptor-roto-dome-touch\\\/\"]}]},{\"@type\":\"ImageObject\",\"inLanguage\":\"ro-RO\",\"@id\":\"https:\\\/\\\/prolab.ro\\\/product\\\/oem-cuptor-roto-dome-touch\\\/#primaryimage\",\"url\":\"https:\\\/\\\/prolab.ro\\\/wp-content\\\/uploads\\\/2026\\\/03\\\/Roto-Dome-1-scaled-1.jpg\",\"contentUrl\":\"https:\\\/\\\/prolab.ro\\\/wp-content\\\/uploads\\\/2026\\\/03\\\/Roto-Dome-1-scaled-1.jpg\",\"width\":2560,\"height\":2515},{\"@type\":\"BreadcrumbList\",\"@id\":\"https:\\\/\\\/prolab.ro\\\/product\\\/oem-cuptor-roto-dome-touch\\\/#breadcrumb\",\"itemListElement\":[{\"@type\":\"ListItem\",\"position\":1,\"name\":\"Home\",\"item\":\"https:\\\/\\\/prolab.ro\\\/\"},{\"@type\":\"ListItem\",\"position\":2,\"name\":\"Shop\",\"item\":\"https:\\\/\\\/prolab.ro\\\/shop\\\/\"},{\"@type\":\"ListItem\",\"position\":3,\"name\":\"OEM -Cuptor Roto Dome Touch (rotativ)\\\/ DOME Touch (fara rotatie)\"}]},{\"@type\":\"WebSite\",\"@id\":\"https:\\\/\\\/prolab.ro\\\/ro\\\/#website\",\"url\":\"https:\\\/\\\/prolab.ro\\\/ro\\\/\",\"name\":\"www.prolab.ro\",\"description\":\"Echipamente profesionale HORECA\",\"publisher\":{\"@id\":\"https:\\\/\\\/prolab.ro\\\/ro\\\/#organization\"},\"potentialAction\":[{\"@type\":\"SearchAction\",\"target\":{\"@type\":\"EntryPoint\",\"urlTemplate\":\"https:\\\/\\\/prolab.ro\\\/ro\\\/?s={search_term_string}\"},\"query-input\":{\"@type\":\"PropertyValueSpecification\",\"valueRequired\":true,\"valueName\":\"search_term_string\"}}],\"inLanguage\":\"ro-RO\"},{\"@type\":\"Organization\",\"@id\":\"https:\\\/\\\/prolab.ro\\\/ro\\\/#organization\",\"name\":\"HORECA PROLAB SRL\",\"url\":\"https:\\\/\\\/prolab.ro\\\/ro\\\/\",\"logo\":{\"@type\":\"ImageObject\",\"inLanguage\":\"ro-RO\",\"@id\":\"https:\\\/\\\/prolab.ro\\\/ro\\\/#\\\/schema\\\/logo\\\/image\\\/\",\"url\":\"https:\\\/\\\/prolab.ro\\\/wp-content\\\/uploads\\\/2020\\\/10\\\/cropped-2019-06-21-logos-03-B-red.png\",\"contentUrl\":\"https:\\\/\\\/prolab.ro\\\/wp-content\\\/uploads\\\/2020\\\/10\\\/cropped-2019-06-21-logos-03-B-red.png\",\"width\":1963,\"height\":546,\"caption\":\"HORECA PROLAB SRL\"},\"image\":{\"@id\":\"https:\\\/\\\/prolab.ro\\\/ro\\\/#\\\/schema\\\/logo\\\/image\\\/\"},\"sameAs\":[\"https:\\\/\\\/www.facebook.com\\\/profile.php?id=100063772800673\"]}]}<\/script>\n<!-- \/ Yoast SEO plugin. -->","yoast_head_json":{"title":"OEM -Cuptor Roto Dome Touch (rotativ)\/ DOME Touch (fara rotatie) - PROLAB","robots":{"index":"index","follow":"follow","max-snippet":"max-snippet:-1","max-image-preview":"max-image-preview:large","max-video-preview":"max-video-preview:-1"},"canonical":"https:\/\/prolab.ro\/ro\/produs\/oem-cuptor-roto-dome-touch\/","og_locale":"ro_RO","og_type":"article","og_title":"OEM -Cuptor Roto Dome Touch (rotativ)\/ DOME Touch (fara rotatie) - PROLAB","og_description":"Ideal pentru coacerea pizzei napolitane \u0219i potrivit pentru diverse specialit\u0103\u021bi de pizza.","og_url":"https:\/\/prolab.ro\/ro\/produs\/oem-cuptor-roto-dome-touch\/","og_site_name":"PROLAB","article_publisher":"https:\/\/www.facebook.com\/profile.php?id=100063772800673","article_modified_time":"2026-03-25T14:42:27+00:00","og_image":[{"width":2560,"height":2515,"url":"https:\/\/prolab.ro\/wp-content\/uploads\/2026\/03\/Roto-Dome-1-scaled-1.jpg","type":"image\/jpeg"}],"twitter_card":"summary_large_image","twitter_misc":{"Timp estimat pentru citire":"1 minut"},"schema":{"@context":"https:\/\/schema.org","@graph":[{"@type":"WebPage","@id":"https:\/\/prolab.ro\/product\/oem-cuptor-roto-dome-touch\/","url":"https:\/\/prolab.ro\/product\/oem-cuptor-roto-dome-touch\/","name":"OEM -Cuptor Roto Dome Touch (rotativ)\/ DOME Touch (fara rotatie) - PROLAB","isPartOf":{"@id":"https:\/\/prolab.ro\/ro\/#website"},"primaryImageOfPage":{"@id":"https:\/\/prolab.ro\/product\/oem-cuptor-roto-dome-touch\/#primaryimage"},"image":{"@id":"https:\/\/prolab.ro\/product\/oem-cuptor-roto-dome-touch\/#primaryimage"},"thumbnailUrl":"https:\/\/prolab.ro\/wp-content\/uploads\/2026\/03\/Roto-Dome-1-scaled-1.jpg","datePublished":"2026-03-25T14:30:11+00:00","dateModified":"2026-03-25T14:42:27+00:00","breadcrumb":{"@id":"https:\/\/prolab.ro\/product\/oem-cuptor-roto-dome-touch\/#breadcrumb"},"inLanguage":"ro-RO","potentialAction":[{"@type":"ReadAction","target":["https:\/\/prolab.ro\/product\/oem-cuptor-roto-dome-touch\/"]}]},{"@type":"ImageObject","inLanguage":"ro-RO","@id":"https:\/\/prolab.ro\/product\/oem-cuptor-roto-dome-touch\/#primaryimage","url":"https:\/\/prolab.ro\/wp-content\/uploads\/2026\/03\/Roto-Dome-1-scaled-1.jpg","contentUrl":"https:\/\/prolab.ro\/wp-content\/uploads\/2026\/03\/Roto-Dome-1-scaled-1.jpg","width":2560,"height":2515},{"@type":"BreadcrumbList","@id":"https:\/\/prolab.ro\/product\/oem-cuptor-roto-dome-touch\/#breadcrumb","itemListElement":[{"@type":"ListItem","position":1,"name":"Home","item":"https:\/\/prolab.ro\/"},{"@type":"ListItem","position":2,"name":"Shop","item":"https:\/\/prolab.ro\/shop\/"},{"@type":"ListItem","position":3,"name":"OEM -Cuptor Roto Dome Touch (rotativ)\/ DOME Touch (fara rotatie)"}]},{"@type":"WebSite","@id":"https:\/\/prolab.ro\/ro\/#website","url":"https:\/\/prolab.ro\/ro\/","name":"www.prolab.ro","description":"Echipamente profesionale HORECA","publisher":{"@id":"https:\/\/prolab.ro\/ro\/#organization"},"potentialAction":[{"@type":"SearchAction","target":{"@type":"EntryPoint","urlTemplate":"https:\/\/prolab.ro\/ro\/?s={search_term_string}"},"query-input":{"@type":"PropertyValueSpecification","valueRequired":true,"valueName":"search_term_string"}}],"inLanguage":"ro-RO"},{"@type":"Organization","@id":"https:\/\/prolab.ro\/ro\/#organization","name":"HORECA PROLAB SRL","url":"https:\/\/prolab.ro\/ro\/","logo":{"@type":"ImageObject","inLanguage":"ro-RO","@id":"https:\/\/prolab.ro\/ro\/#\/schema\/logo\/image\/","url":"https:\/\/prolab.ro\/wp-content\/uploads\/2020\/10\/cropped-2019-06-21-logos-03-B-red.png","contentUrl":"https:\/\/prolab.ro\/wp-content\/uploads\/2020\/10\/cropped-2019-06-21-logos-03-B-red.png","width":1963,"height":546,"caption":"HORECA PROLAB SRL"},"image":{"@id":"https:\/\/prolab.ro\/ro\/#\/schema\/logo\/image\/"},"sameAs":["https:\/\/www.facebook.com\/profile.php?id=100063772800673"]}]}},"_links":{"self":[{"href":"https:\/\/prolab.ro\/ro\/wp-json\/wp\/v2\/product\/3205","targetHints":{"allow":["GET"]}}],"collection":[{"href":"https:\/\/prolab.ro\/ro\/wp-json\/wp\/v2\/product"}],"about":[{"href":"https:\/\/prolab.ro\/ro\/wp-json\/wp\/v2\/types\/product"}],"replies":[{"embeddable":true,"href":"https:\/\/prolab.ro\/ro\/wp-json\/wp\/v2\/comments?post=3205"}],"wp:featuredmedia":[{"embeddable":true,"href":"https:\/\/prolab.ro\/ro\/wp-json\/wp\/v2\/media\/3206"}],"wp:attachment":[{"href":"https:\/\/prolab.ro\/ro\/wp-json\/wp\/v2\/media?parent=3205"}],"wp:term":[{"taxonomy":"product_brand","embeddable":true,"href":"https:\/\/prolab.ro\/ro\/wp-json\/wp\/v2\/product_brand?post=3205"},{"taxonomy":"product_cat","embeddable":true,"href":"https:\/\/prolab.ro\/ro\/wp-json\/wp\/v2\/product_cat?post=3205"},{"taxonomy":"product_tag","embeddable":true,"href":"https:\/\/prolab.ro\/ro\/wp-json\/wp\/v2\/product_tag?post=3205"}],"curies":[{"name":"wp","href":"https:\/\/api.w.org\/{rel}","templated":true}]}}