{"id":3199,"date":"2026-03-24T17:00:24","date_gmt":"2026-03-24T14:00:24","guid":{"rendered":"https:\/\/prolab.ro\/?post_type=product&#038;p=3199"},"modified":"2026-03-24T17:00:24","modified_gmt":"2026-03-24T14:00:24","slug":"steno-automatic-diving-arm-mixers","status":"publish","type":"product","link":"https:\/\/prolab.ro\/ro\/produs\/steno-automatic-diving-arm-mixers\/","title":{"rendered":"STENO Automatic Diving Arm Mixers"},"content":{"rendered":"<h3 data-section-id=\"25mor3\" data-start=\"230\" data-end=\"270\">Modele disponibile (gama standard)<\/h3>\n<ul data-start=\"271\" data-end=\"389\">\n<li data-section-id=\"1i9se7d\" data-start=\"271\" data-end=\"313\">IBT40 \/ IBT50 \/ IBT60 \/ IBT80 \/ IBT100<\/li>\n<li data-section-id=\"3d4o45\" data-start=\"314\" data-end=\"389\">Capacitate aluat: <strong data-start=\"334\" data-end=\"349\">40 \u2013 100 kg<\/strong><\/li>\n<\/ul>\n<p>&nbsp;<\/p>\n<h3 data-section-id=\"zp9hwo\" data-start=\"1058\" data-end=\"1078\">Sistem mecanic<\/h3>\n<ul data-start=\"1079\" data-end=\"1356\">\n<li data-section-id=\"1xpgnqy\" data-start=\"1079\" data-end=\"1208\"><strong data-start=\"1081\" data-end=\"1104\">2 motoare separate:<\/strong>\n<ul data-start=\"1107\" data-end=\"1208\">\n<li data-section-id=\"10lbaoe\" data-start=\"1107\" data-end=\"1133\">motor bra\u021be (2 viteze)<\/li>\n<li data-section-id=\"xjg71a\" data-start=\"1136\" data-end=\"1208\">motor cuv\u0103 (rota\u021bie constant\u0103)<\/li>\n<\/ul>\n<\/li>\n<li data-section-id=\"7mnqbr\" data-start=\"1209\" data-end=\"1260\"><strong data-start=\"1211\" data-end=\"1226\">Transmisie:<\/strong> angrenaje font\u0103 \u00een baie de ulei<\/li>\n<li data-section-id=\"khtgom\" data-start=\"1261\" data-end=\"1356\"><strong data-start=\"1263\" data-end=\"1276\">Rulmen\u021bi:<\/strong> pe toate componentele (f\u0103r\u0103 mentenan\u021b\u0103<\/li>\n<\/ul>\n<p>&nbsp;<\/p>\n<h3 data-section-id=\"frv4sc\" data-start=\"1461\" data-end=\"1487\">Sistem de fr\u0103m\u00e2ntare<\/h3>\n<ul data-start=\"1488\" data-end=\"1641\">\n<li data-section-id=\"13k6qmm\" data-start=\"1488\" data-end=\"1526\"><strong data-start=\"1490\" data-end=\"1498\">Tip:<\/strong> bra\u021be tuffante (dive arm)<\/li>\n<li data-section-id=\"gnr1f\" data-start=\"1527\" data-end=\"1576\"><strong data-start=\"1529\" data-end=\"1541\">Mi\u0219care:<\/strong> dubl\u0103 (\u00eentindere + pliere aluat)<\/li>\n<li data-section-id=\"1fj9ey8\" data-start=\"1577\" data-end=\"1641\"><strong data-start=\"1579\" data-end=\"1591\">Cicluri:<\/strong> 40\u201360\/min<\/li>\n<\/ul>\n<p data-start=\"1643\" data-end=\"1655\"><strong>-Rezultat:<\/strong><\/p>\n<ul data-start=\"1656\" data-end=\"1771\">\n<li data-section-id=\"15t0ekv\" data-start=\"1656\" data-end=\"1678\">oxigenare ridicat\u0103<\/li>\n<li data-section-id=\"t56v93\" data-start=\"1679\" data-end=\"1709\">dezvoltare gluten natural\u0103<\/li>\n<li data-section-id=\"10nigdo\" data-start=\"1710\" data-end=\"1771\">f\u0103r\u0103 supra\u00eenc\u0103lzire<\/li>\n<\/ul>\n<p>&nbsp;<\/p>\n<h3 data-section-id=\"yvfo57\" data-start=\"1778\" data-end=\"1794\">Bol<\/h3>\n<ul data-start=\"1795\" data-end=\"2046\">\n<li data-section-id=\"16x3y6k\" data-start=\"1795\" data-end=\"1827\">Material: <strong data-start=\"1807\" data-end=\"1825\">inox alimentar<\/strong><\/li>\n<li data-section-id=\"mywcwp\" data-start=\"1828\" data-end=\"1926\">Capacitate:\n<ul data-start=\"1844\" data-end=\"1926\">\n<li data-section-id=\"9atlgs\" data-start=\"1844\" data-end=\"1859\">67L (40 kg)<\/li>\n<li data-section-id=\"3ky8be\" data-start=\"1862\" data-end=\"1926\">p\u00e2n\u0103 la ~157L (100 kg)<\/li>\n<\/ul>\n<\/li>\n<li data-section-id=\"yi8qcn\" data-start=\"1927\" data-end=\"2046\">Sistem:\n<ul data-start=\"1939\" data-end=\"2046\">\n<li data-section-id=\"qtnf0q\" data-start=\"1939\" data-end=\"1960\">rota\u021bie constant\u0103<\/li>\n<li data-section-id=\"179me8a\" data-start=\"1963\" data-end=\"2046\">func\u021bie <strong data-start=\"1973\" data-end=\"1989\">\u201cbowl pulse\u201d<\/strong> (evacuare aluat)<\/li>\n<\/ul>\n<\/li>\n<\/ul>\n<p>&nbsp;<\/p>\n<h3 data-section-id=\"s6nwd6\" data-start=\"2302\" data-end=\"2328\">Siguran\u021b\u0103 &amp; control<\/h3>\n<ul data-start=\"2329\" data-end=\"2521\">\n<li data-section-id=\"1krfmol\" data-start=\"2329\" data-end=\"2409\">Protec\u021bie transparent\u0103 anti-\u0219oc (CE)<\/li>\n<li data-section-id=\"1o4hx1q\" data-start=\"2410\" data-end=\"2480\">Ciclu de lucru <strong data-start=\"2427\" data-end=\"2438\">automat<\/strong><\/li>\n<li data-section-id=\"txq4vv\" data-start=\"2481\" data-end=\"2521\">Control simplu (start\/stop + vitez\u0103)<\/li>\n<\/ul>","protected":false},"excerpt":{"rendered":"<p><strong data-start=\"194\" data-end=\"231\">Steno Automatic Diving Arm Mixers<\/strong> sunt echipamente profesionale de top, concepute pentru prelucrarea delicat\u0103 a aluaturilor dospite. Sistemul de mixare reproduce mi\u0219carea natural\u0103 a m\u00e2inilor, ob\u021bin\u00e2nd un aluat omogen, perfect oxigenat \u0219i f\u0103r\u0103 supra\u00eenc\u0103lzire, ideal pentru panifica\u021bie, patiserie \u0219i pizza.<\/p>","protected":false},"featured_media":3200,"comment_status":"open","ping_status":"closed","template":"","meta":{"ocean_post_layout":"","ocean_both_sidebars_style":"","ocean_both_sidebars_content_width":0,"ocean_both_sidebars_sidebars_width":0,"ocean_sidebar":"0","ocean_second_sidebar":"0","ocean_disable_margins":"enable","ocean_add_body_class":"","ocean_shortcode_before_top_bar":"","ocean_shortcode_after_top_bar":"","ocean_shortcode_before_header":"","ocean_shortcode_after_header":"","ocean_has_shortcode":"","ocean_shortcode_after_title":"","ocean_shortcode_before_footer_widgets":"","ocean_shortcode_after_footer_widgets":"","ocean_shortcode_before_footer_bottom":"","ocean_shortcode_after_footer_bottom":"","ocean_display_top_bar":"default","ocean_display_header":"default","ocean_header_style":"","ocean_center_header_left_menu":"0","ocean_custom_header_template":"0","ocean_custom_logo":0,"ocean_custom_retina_logo":0,"ocean_custom_logo_max_width":0,"ocean_custom_logo_tablet_max_width":0,"ocean_custom_logo_mobile_max_width":0,"ocean_custom_logo_max_height":0,"ocean_custom_logo_tablet_max_height":0,"ocean_custom_logo_mobile_max_height":0,"ocean_header_custom_menu":"0","ocean_menu_typo_font_family":"0","ocean_menu_typo_font_subset":"","ocean_menu_typo_font_size":0,"ocean_menu_typo_font_size_tablet":0,"ocean_menu_typo_font_size_mobile":0,"ocean_menu_typo_font_size_unit":"px","ocean_menu_typo_font_weight":"","ocean_menu_typo_font_weight_tablet":"","ocean_menu_typo_font_weight_mobile":"","ocean_menu_typo_transform":"","ocean_menu_typo_transform_tablet":"","ocean_menu_typo_transform_mobile":"","ocean_menu_typo_line_height":0,"ocean_menu_typo_line_height_tablet":0,"ocean_menu_typo_line_height_mobile":0,"ocean_menu_typo_line_height_unit":"","ocean_menu_typo_spacing":0,"ocean_menu_typo_spacing_tablet":0,"ocean_menu_typo_spacing_mobile":0,"ocean_menu_typo_spacing_unit":"","ocean_menu_link_color":"","ocean_menu_link_color_hover":"","ocean_menu_link_color_active":"","ocean_menu_link_background":"","ocean_menu_link_hover_background":"","ocean_menu_link_active_background":"","ocean_menu_social_links_bg":"","ocean_menu_social_hover_links_bg":"","ocean_menu_social_links_color":"","ocean_menu_social_hover_links_color":"","ocean_disable_title":"default","ocean_disable_heading":"default","ocean_post_title":"","ocean_post_subheading":"","ocean_post_title_style":"","ocean_post_title_background_color":"","ocean_post_title_background":0,"ocean_post_title_bg_image_position":"","ocean_post_title_bg_image_attachment":"","ocean_post_title_bg_image_repeat":"","ocean_post_title_bg_image_size":"","ocean_post_title_height":0,"ocean_post_title_bg_overlay":0.5,"ocean_post_title_bg_overlay_color":"","ocean_disable_breadcrumbs":"default","ocean_breadcrumbs_color":"","ocean_breadcrumbs_separator_color":"","ocean_breadcrumbs_links_color":"","ocean_breadcrumbs_links_hover_color":"","ocean_display_footer_widgets":"default","ocean_display_footer_bottom":"default","ocean_custom_footer_template":"0"},"product_brand":[],"product_cat":[688],"product_tag":[],"class_list":{"0":"post-3199","1":"product","2":"type-product","3":"status-publish","4":"has-post-thumbnail","6":"product_cat-mixers","8":"entry","9":"has-media","11":"first","12":"instock","13":"taxable","14":"shipping-taxable","15":"product-type-simple","16":"has-product-nav","17":"col","18":"span_1_of_2","19":"owp-content-center","20":"owp-thumbs-layout-horizontal","21":"owp-btn-normal","22":"owp-tabs-layout-horizontal","23":"has-no-thumbnails"},"yoast_head":"<!-- This site is optimized with the Yoast SEO plugin v27.5 - https:\/\/yoast.com\/product\/yoast-seo-wordpress\/ -->\n<title>STENO Automatic Diving Arm Mixers - PROLAB<\/title>\n<meta name=\"robots\" content=\"index, follow, max-snippet:-1, max-image-preview:large, max-video-preview:-1\" \/>\n<link rel=\"canonical\" href=\"https:\/\/prolab.ro\/ro\/produs\/steno-automatic-diving-arm-mixers\/\" \/>\n<meta property=\"og:locale\" content=\"ro_RO\" \/>\n<meta property=\"og:type\" content=\"article\" \/>\n<meta property=\"og:title\" content=\"STENO Automatic Diving Arm Mixers - PROLAB\" \/>\n<meta property=\"og:description\" content=\"Steno Automatic Diving Arm Mixers sunt echipamente profesionale de top, concepute pentru prelucrarea delicat\u0103 a aluaturilor dospite. Sistemul de mixare reproduce mi\u0219carea natural\u0103 a m\u00e2inilor, ob\u021bin\u00e2nd un aluat omogen, perfect oxigenat \u0219i f\u0103r\u0103 supra\u00eenc\u0103lzire, ideal pentru panifica\u021bie, patiserie \u0219i pizza.\" \/>\n<meta property=\"og:url\" content=\"https:\/\/prolab.ro\/ro\/produs\/steno-automatic-diving-arm-mixers\/\" \/>\n<meta property=\"og:site_name\" content=\"PROLAB\" \/>\n<meta property=\"article:publisher\" content=\"https:\/\/www.facebook.com\/profile.php?id=100063772800673\" \/>\n<meta property=\"og:image\" content=\"https:\/\/prolab.ro\/wp-content\/uploads\/2026\/03\/Screenshot-2026-03-24-155852.png\" \/>\n\t<meta property=\"og:image:width\" content=\"498\" \/>\n\t<meta property=\"og:image:height\" content=\"359\" \/>\n\t<meta property=\"og:image:type\" content=\"image\/png\" \/>\n<meta name=\"twitter:card\" content=\"summary_large_image\" \/>\n<meta name=\"twitter:label1\" content=\"Timp estimat pentru citire\" \/>\n\t<meta name=\"twitter:data1\" content=\"1 minut\" \/>\n<script type=\"application\/ld+json\" class=\"yoast-schema-graph\">{\"@context\":\"https:\\\/\\\/schema.org\",\"@graph\":[{\"@type\":\"WebPage\",\"@id\":\"https:\\\/\\\/prolab.ro\\\/product\\\/steno-automatic-diving-arm-mixers\\\/\",\"url\":\"https:\\\/\\\/prolab.ro\\\/product\\\/steno-automatic-diving-arm-mixers\\\/\",\"name\":\"STENO Automatic Diving Arm Mixers - PROLAB\",\"isPartOf\":{\"@id\":\"https:\\\/\\\/prolab.ro\\\/ro\\\/#website\"},\"primaryImageOfPage\":{\"@id\":\"https:\\\/\\\/prolab.ro\\\/product\\\/steno-automatic-diving-arm-mixers\\\/#primaryimage\"},\"image\":{\"@id\":\"https:\\\/\\\/prolab.ro\\\/product\\\/steno-automatic-diving-arm-mixers\\\/#primaryimage\"},\"thumbnailUrl\":\"https:\\\/\\\/prolab.ro\\\/wp-content\\\/uploads\\\/2026\\\/03\\\/Screenshot-2026-03-24-155852.png\",\"datePublished\":\"2026-03-24T14:00:24+00:00\",\"breadcrumb\":{\"@id\":\"https:\\\/\\\/prolab.ro\\\/product\\\/steno-automatic-diving-arm-mixers\\\/#breadcrumb\"},\"inLanguage\":\"ro-RO\",\"potentialAction\":[{\"@type\":\"ReadAction\",\"target\":[\"https:\\\/\\\/prolab.ro\\\/product\\\/steno-automatic-diving-arm-mixers\\\/\"]}]},{\"@type\":\"ImageObject\",\"inLanguage\":\"ro-RO\",\"@id\":\"https:\\\/\\\/prolab.ro\\\/product\\\/steno-automatic-diving-arm-mixers\\\/#primaryimage\",\"url\":\"https:\\\/\\\/prolab.ro\\\/wp-content\\\/uploads\\\/2026\\\/03\\\/Screenshot-2026-03-24-155852.png\",\"contentUrl\":\"https:\\\/\\\/prolab.ro\\\/wp-content\\\/uploads\\\/2026\\\/03\\\/Screenshot-2026-03-24-155852.png\",\"width\":498,\"height\":359},{\"@type\":\"BreadcrumbList\",\"@id\":\"https:\\\/\\\/prolab.ro\\\/product\\\/steno-automatic-diving-arm-mixers\\\/#breadcrumb\",\"itemListElement\":[{\"@type\":\"ListItem\",\"position\":1,\"name\":\"Home\",\"item\":\"https:\\\/\\\/prolab.ro\\\/\"},{\"@type\":\"ListItem\",\"position\":2,\"name\":\"Shop\",\"item\":\"https:\\\/\\\/prolab.ro\\\/shop\\\/\"},{\"@type\":\"ListItem\",\"position\":3,\"name\":\"STENO Automatic Diving Arm Mixers\"}]},{\"@type\":\"WebSite\",\"@id\":\"https:\\\/\\\/prolab.ro\\\/ro\\\/#website\",\"url\":\"https:\\\/\\\/prolab.ro\\\/ro\\\/\",\"name\":\"www.prolab.ro\",\"description\":\"Echipamente profesionale HORECA\",\"publisher\":{\"@id\":\"https:\\\/\\\/prolab.ro\\\/ro\\\/#organization\"},\"potentialAction\":[{\"@type\":\"SearchAction\",\"target\":{\"@type\":\"EntryPoint\",\"urlTemplate\":\"https:\\\/\\\/prolab.ro\\\/ro\\\/?s={search_term_string}\"},\"query-input\":{\"@type\":\"PropertyValueSpecification\",\"valueRequired\":true,\"valueName\":\"search_term_string\"}}],\"inLanguage\":\"ro-RO\"},{\"@type\":\"Organization\",\"@id\":\"https:\\\/\\\/prolab.ro\\\/ro\\\/#organization\",\"name\":\"HORECA PROLAB SRL\",\"url\":\"https:\\\/\\\/prolab.ro\\\/ro\\\/\",\"logo\":{\"@type\":\"ImageObject\",\"inLanguage\":\"ro-RO\",\"@id\":\"https:\\\/\\\/prolab.ro\\\/ro\\\/#\\\/schema\\\/logo\\\/image\\\/\",\"url\":\"https:\\\/\\\/prolab.ro\\\/wp-content\\\/uploads\\\/2020\\\/10\\\/cropped-2019-06-21-logos-03-B-red.png\",\"contentUrl\":\"https:\\\/\\\/prolab.ro\\\/wp-content\\\/uploads\\\/2020\\\/10\\\/cropped-2019-06-21-logos-03-B-red.png\",\"width\":1963,\"height\":546,\"caption\":\"HORECA PROLAB SRL\"},\"image\":{\"@id\":\"https:\\\/\\\/prolab.ro\\\/ro\\\/#\\\/schema\\\/logo\\\/image\\\/\"},\"sameAs\":[\"https:\\\/\\\/www.facebook.com\\\/profile.php?id=100063772800673\"]}]}<\/script>\n<!-- \/ Yoast SEO plugin. -->","yoast_head_json":{"title":"STENO Automatic Diving Arm Mixers - PROLAB","robots":{"index":"index","follow":"follow","max-snippet":"max-snippet:-1","max-image-preview":"max-image-preview:large","max-video-preview":"max-video-preview:-1"},"canonical":"https:\/\/prolab.ro\/ro\/produs\/steno-automatic-diving-arm-mixers\/","og_locale":"ro_RO","og_type":"article","og_title":"STENO Automatic Diving Arm Mixers - PROLAB","og_description":"Steno Automatic Diving Arm Mixers sunt echipamente profesionale de top, concepute pentru prelucrarea delicat\u0103 a aluaturilor dospite. Sistemul de mixare reproduce mi\u0219carea natural\u0103 a m\u00e2inilor, ob\u021bin\u00e2nd un aluat omogen, perfect oxigenat \u0219i f\u0103r\u0103 supra\u00eenc\u0103lzire, ideal pentru panifica\u021bie, patiserie \u0219i pizza.","og_url":"https:\/\/prolab.ro\/ro\/produs\/steno-automatic-diving-arm-mixers\/","og_site_name":"PROLAB","article_publisher":"https:\/\/www.facebook.com\/profile.php?id=100063772800673","og_image":[{"width":498,"height":359,"url":"https:\/\/prolab.ro\/wp-content\/uploads\/2026\/03\/Screenshot-2026-03-24-155852.png","type":"image\/png"}],"twitter_card":"summary_large_image","twitter_misc":{"Timp estimat pentru citire":"1 minut"},"schema":{"@context":"https:\/\/schema.org","@graph":[{"@type":"WebPage","@id":"https:\/\/prolab.ro\/product\/steno-automatic-diving-arm-mixers\/","url":"https:\/\/prolab.ro\/product\/steno-automatic-diving-arm-mixers\/","name":"STENO Automatic Diving Arm Mixers - PROLAB","isPartOf":{"@id":"https:\/\/prolab.ro\/ro\/#website"},"primaryImageOfPage":{"@id":"https:\/\/prolab.ro\/product\/steno-automatic-diving-arm-mixers\/#primaryimage"},"image":{"@id":"https:\/\/prolab.ro\/product\/steno-automatic-diving-arm-mixers\/#primaryimage"},"thumbnailUrl":"https:\/\/prolab.ro\/wp-content\/uploads\/2026\/03\/Screenshot-2026-03-24-155852.png","datePublished":"2026-03-24T14:00:24+00:00","breadcrumb":{"@id":"https:\/\/prolab.ro\/product\/steno-automatic-diving-arm-mixers\/#breadcrumb"},"inLanguage":"ro-RO","potentialAction":[{"@type":"ReadAction","target":["https:\/\/prolab.ro\/product\/steno-automatic-diving-arm-mixers\/"]}]},{"@type":"ImageObject","inLanguage":"ro-RO","@id":"https:\/\/prolab.ro\/product\/steno-automatic-diving-arm-mixers\/#primaryimage","url":"https:\/\/prolab.ro\/wp-content\/uploads\/2026\/03\/Screenshot-2026-03-24-155852.png","contentUrl":"https:\/\/prolab.ro\/wp-content\/uploads\/2026\/03\/Screenshot-2026-03-24-155852.png","width":498,"height":359},{"@type":"BreadcrumbList","@id":"https:\/\/prolab.ro\/product\/steno-automatic-diving-arm-mixers\/#breadcrumb","itemListElement":[{"@type":"ListItem","position":1,"name":"Home","item":"https:\/\/prolab.ro\/"},{"@type":"ListItem","position":2,"name":"Shop","item":"https:\/\/prolab.ro\/shop\/"},{"@type":"ListItem","position":3,"name":"STENO Automatic Diving Arm Mixers"}]},{"@type":"WebSite","@id":"https:\/\/prolab.ro\/ro\/#website","url":"https:\/\/prolab.ro\/ro\/","name":"www.prolab.ro","description":"Echipamente profesionale HORECA","publisher":{"@id":"https:\/\/prolab.ro\/ro\/#organization"},"potentialAction":[{"@type":"SearchAction","target":{"@type":"EntryPoint","urlTemplate":"https:\/\/prolab.ro\/ro\/?s={search_term_string}"},"query-input":{"@type":"PropertyValueSpecification","valueRequired":true,"valueName":"search_term_string"}}],"inLanguage":"ro-RO"},{"@type":"Organization","@id":"https:\/\/prolab.ro\/ro\/#organization","name":"HORECA PROLAB SRL","url":"https:\/\/prolab.ro\/ro\/","logo":{"@type":"ImageObject","inLanguage":"ro-RO","@id":"https:\/\/prolab.ro\/ro\/#\/schema\/logo\/image\/","url":"https:\/\/prolab.ro\/wp-content\/uploads\/2020\/10\/cropped-2019-06-21-logos-03-B-red.png","contentUrl":"https:\/\/prolab.ro\/wp-content\/uploads\/2020\/10\/cropped-2019-06-21-logos-03-B-red.png","width":1963,"height":546,"caption":"HORECA PROLAB SRL"},"image":{"@id":"https:\/\/prolab.ro\/ro\/#\/schema\/logo\/image\/"},"sameAs":["https:\/\/www.facebook.com\/profile.php?id=100063772800673"]}]}},"_links":{"self":[{"href":"https:\/\/prolab.ro\/ro\/wp-json\/wp\/v2\/product\/3199","targetHints":{"allow":["GET"]}}],"collection":[{"href":"https:\/\/prolab.ro\/ro\/wp-json\/wp\/v2\/product"}],"about":[{"href":"https:\/\/prolab.ro\/ro\/wp-json\/wp\/v2\/types\/product"}],"replies":[{"embeddable":true,"href":"https:\/\/prolab.ro\/ro\/wp-json\/wp\/v2\/comments?post=3199"}],"wp:featuredmedia":[{"embeddable":true,"href":"https:\/\/prolab.ro\/ro\/wp-json\/wp\/v2\/media\/3200"}],"wp:attachment":[{"href":"https:\/\/prolab.ro\/ro\/wp-json\/wp\/v2\/media?parent=3199"}],"wp:term":[{"taxonomy":"product_brand","embeddable":true,"href":"https:\/\/prolab.ro\/ro\/wp-json\/wp\/v2\/product_brand?post=3199"},{"taxonomy":"product_cat","embeddable":true,"href":"https:\/\/prolab.ro\/ro\/wp-json\/wp\/v2\/product_cat?post=3199"},{"taxonomy":"product_tag","embeddable":true,"href":"https:\/\/prolab.ro\/ro\/wp-json\/wp\/v2\/product_tag?post=3199"}],"curies":[{"name":"wp","href":"https:\/\/api.w.org\/{rel}","templated":true}]}}