{"id":3193,"date":"2026-03-24T16:30:15","date_gmt":"2026-03-24T13:30:15","guid":{"rendered":"https:\/\/prolab.ro\/?post_type=product&#038;p=3193"},"modified":"2026-03-24T16:30:15","modified_gmt":"2026-03-24T13:30:15","slug":"vitrina-isa-supershow-pastry","status":"publish","type":"product","link":"https:\/\/prolab.ro\/ro\/produs\/vitrina-isa-supershow-pastry\/","title":{"rendered":"Vitrina ISA Supershow Pastry"},"content":{"rendered":"<h3 data-section-id=\"1xi7zlz\" data-start=\"237\" data-end=\"261\">Sistem frigorific<\/h3>\n<ul data-start=\"262\" data-end=\"735\">\n<li data-section-id=\"1w5acpz\" data-start=\"262\" data-end=\"295\"><strong data-start=\"264\" data-end=\"280\">Temperatur\u0103:<\/strong> +1\u00b0C \/ +10\u00b0C<\/li>\n<li data-section-id=\"zp2dhn\" data-start=\"296\" data-end=\"338\"><strong data-start=\"298\" data-end=\"313\">Tip r\u0103cire:<\/strong> ventilat\u0103 (aer for\u021bat)<\/li>\n<li data-section-id=\"1yq1ik\" data-start=\"339\" data-end=\"429\"><strong data-start=\"341\" data-end=\"356\">Evaporator:<\/strong> cu aripioare (finned evaporator)<\/li>\n<li data-section-id=\"1mpikfv\" data-start=\"430\" data-end=\"456\"><strong data-start=\"432\" data-end=\"446\">Compresor:<\/strong> ermetic<\/li>\n<li data-section-id=\"1jno6ou\" data-start=\"457\" data-end=\"556\"><strong data-start=\"459\" data-end=\"480\">Agent frigorific:<\/strong> R452A \/ R404A (\u00een func\u021bie de model)<\/li>\n<li data-section-id=\"zq3aly\" data-start=\"557\" data-end=\"647\"><strong data-start=\"559\" data-end=\"574\">Dezghe\u021bare:<\/strong> automat\u0103 \/ off-cycle (la repaus)<\/li>\n<li data-section-id=\"1yui22c\" data-start=\"648\" data-end=\"735\"><strong data-start=\"650\" data-end=\"670\">Clas\u0103 climatic\u0103:<\/strong> 3 (25\u00b0C \/ 60% umiditate)<\/li>\n<\/ul>\n<p>&nbsp;<\/p>\n<h3 data-section-id=\"xmc5bo\" data-start=\"908\" data-end=\"934\">Dimensiuni (tipice)<\/h3>\n<ul data-start=\"935\" data-end=\"1105\">\n<li data-section-id=\"5hwh6e\" data-start=\"935\" data-end=\"965\"><strong data-start=\"937\" data-end=\"949\">Lungime:<\/strong> 120 \u2013 220+ cm<\/li>\n<li data-section-id=\"1ynj3r6\" data-start=\"966\" data-end=\"992\"><strong data-start=\"968\" data-end=\"981\">Ad\u00e2ncime:<\/strong> ~1105 mm<\/li>\n<li data-section-id=\"17sul9i\" data-start=\"993\" data-end=\"1023\"><strong data-start=\"995\" data-end=\"1008\">\u00cen\u0103l\u021bime:<\/strong> 117 \/ 135 cm<\/li>\n<li data-section-id=\"pqqn0e\" data-start=\"1024\" data-end=\"1105\"><strong data-start=\"1026\" data-end=\"1039\">Greutate:<\/strong> ~350\u2013380 kg (modele mari)<\/li>\n<\/ul>\n<p>&nbsp;<\/p>\n<h3 data-section-id=\"18r7j2w\" data-start=\"742\" data-end=\"768\">Alimentare &amp; consum<\/h3>\n<ul data-start=\"769\" data-end=\"901\">\n<li data-section-id=\"r7ydpl\" data-start=\"769\" data-end=\"812\"><strong data-start=\"771\" data-end=\"786\">Alimentare:<\/strong> 230V \/ 50Hz \/ monofazat<\/li>\n<li data-section-id=\"7hcjr\" data-start=\"813\" data-end=\"901\"><strong data-start=\"815\" data-end=\"826\">Putere:<\/strong> ~1500 W (\u00een func\u021bie de dimensiune<\/li>\n<\/ul>\n<p>&nbsp;<\/p>\n<h3 data-section-id=\"tc72ul\" data-start=\"1809\" data-end=\"1832\">Zona de expunere<\/h3>\n<ul data-start=\"1833\" data-end=\"2045\">\n<li data-section-id=\"10afc12\" data-start=\"1833\" data-end=\"1912\">2\u20133 nivele (\u00een func\u021bie de \u00een\u0103l\u021bime)<\/li>\n<li data-section-id=\"1e0b1mr\" data-start=\"1913\" data-end=\"1959\">Rafturi din sticl\u0103 + zon\u0103 baz\u0103 refrigerat\u0103<\/li>\n<li data-section-id=\"d91joz\" data-start=\"1960\" data-end=\"2045\">Umiditate controlat\u0103 ~55% (pentru pastry)<\/li>\n<li data-section-id=\"zenea1\" data-start=\"2075\" data-end=\"2127\"><strong data-start=\"2077\" data-end=\"2087\">Spate:<\/strong> u\u0219i glisante plexiglas \/ policarbonat<\/li>\n<li data-section-id=\"qr0c39\" data-start=\"2128\" data-end=\"2163\"><strong data-start=\"2130\" data-end=\"2139\">Fa\u021b\u0103:<\/strong> acces servire deschis<\/li>\n<li data-section-id=\"1rs2asy\" data-start=\"2164\" data-end=\"2248\"><strong data-start=\"2166\" data-end=\"2178\">Control:<\/strong> digital (termostat + HACCP)<\/li>\n<li data-section-id=\"k1cscl\" data-start=\"1652\" data-end=\"1740\">LED profesional <strong data-start=\"1670\" data-end=\"1698\">5700K (lumin\u0103 rece alb\u0103)<\/strong><\/li>\n<li data-section-id=\"s7dfyu\" data-start=\"1741\" data-end=\"1802\">Iluminare vertical\u0103 + overhead (efect \u201chighlight produs\u201d)<\/li>\n<\/ul>","protected":false},"excerpt":{"rendered":"<p data-start=\"90\" data-end=\"267\">Vitrin\u0103 orizontal\u0103 premium, foarte apropiat\u0103 ca nivel de <strong data-start=\"179\" data-end=\"190\">Stratos<\/strong>, dar cu un accent mai mare pe <strong data-start=\"221\" data-end=\"266\">design spectaculos \u0219i vizibilitate total\u0103<\/strong>.<\/p>","protected":false},"featured_media":3194,"comment_status":"open","ping_status":"closed","template":"","meta":{"ocean_post_layout":"","ocean_both_sidebars_style":"","ocean_both_sidebars_content_width":0,"ocean_both_sidebars_sidebars_width":0,"ocean_sidebar":"0","ocean_second_sidebar":"0","ocean_disable_margins":"enable","ocean_add_body_class":"","ocean_shortcode_before_top_bar":"","ocean_shortcode_after_top_bar":"","ocean_shortcode_before_header":"","ocean_shortcode_after_header":"","ocean_has_shortcode":"","ocean_shortcode_after_title":"","ocean_shortcode_before_footer_widgets":"","ocean_shortcode_after_footer_widgets":"","ocean_shortcode_before_footer_bottom":"","ocean_shortcode_after_footer_bottom":"","ocean_display_top_bar":"default","ocean_display_header":"default","ocean_header_style":"","ocean_center_header_left_menu":"0","ocean_custom_header_template":"0","ocean_custom_logo":0,"ocean_custom_retina_logo":0,"ocean_custom_logo_max_width":0,"ocean_custom_logo_tablet_max_width":0,"ocean_custom_logo_mobile_max_width":0,"ocean_custom_logo_max_height":0,"ocean_custom_logo_tablet_max_height":0,"ocean_custom_logo_mobile_max_height":0,"ocean_header_custom_menu":"0","ocean_menu_typo_font_family":"0","ocean_menu_typo_font_subset":"","ocean_menu_typo_font_size":0,"ocean_menu_typo_font_size_tablet":0,"ocean_menu_typo_font_size_mobile":0,"ocean_menu_typo_font_size_unit":"px","ocean_menu_typo_font_weight":"","ocean_menu_typo_font_weight_tablet":"","ocean_menu_typo_font_weight_mobile":"","ocean_menu_typo_transform":"","ocean_menu_typo_transform_tablet":"","ocean_menu_typo_transform_mobile":"","ocean_menu_typo_line_height":0,"ocean_menu_typo_line_height_tablet":0,"ocean_menu_typo_line_height_mobile":0,"ocean_menu_typo_line_height_unit":"","ocean_menu_typo_spacing":0,"ocean_menu_typo_spacing_tablet":0,"ocean_menu_typo_spacing_mobile":0,"ocean_menu_typo_spacing_unit":"","ocean_menu_link_color":"","ocean_menu_link_color_hover":"","ocean_menu_link_color_active":"","ocean_menu_link_background":"","ocean_menu_link_hover_background":"","ocean_menu_link_active_background":"","ocean_menu_social_links_bg":"","ocean_menu_social_hover_links_bg":"","ocean_menu_social_links_color":"","ocean_menu_social_hover_links_color":"","ocean_disable_title":"default","ocean_disable_heading":"default","ocean_post_title":"","ocean_post_subheading":"","ocean_post_title_style":"","ocean_post_title_background_color":"","ocean_post_title_background":0,"ocean_post_title_bg_image_position":"","ocean_post_title_bg_image_attachment":"","ocean_post_title_bg_image_repeat":"","ocean_post_title_bg_image_size":"","ocean_post_title_height":0,"ocean_post_title_bg_overlay":0.5,"ocean_post_title_bg_overlay_color":"","ocean_disable_breadcrumbs":"default","ocean_breadcrumbs_color":"","ocean_breadcrumbs_separator_color":"","ocean_breadcrumbs_links_color":"","ocean_breadcrumbs_links_hover_color":"","ocean_display_footer_widgets":"default","ocean_display_footer_bottom":"default","ocean_custom_footer_template":"0"},"product_brand":[],"product_cat":[689],"product_tag":[],"class_list":{"0":"post-3193","1":"product","2":"type-product","3":"status-publish","4":"has-post-thumbnail","6":"product_cat-refrigerated-showcases","8":"entry","9":"has-media","11":"first","12":"instock","13":"taxable","14":"shipping-taxable","15":"product-type-simple","16":"has-product-nav","17":"col","18":"span_1_of_2","19":"owp-content-center","20":"owp-thumbs-layout-horizontal","21":"owp-btn-normal","22":"owp-tabs-layout-horizontal"},"yoast_head":"<!-- This site is optimized with the Yoast SEO plugin v27.4 - https:\/\/yoast.com\/product\/yoast-seo-wordpress\/ -->\n<title>Vitrina ISA Supershow Pastry - PROLAB<\/title>\n<meta name=\"robots\" content=\"index, follow, max-snippet:-1, max-image-preview:large, max-video-preview:-1\" \/>\n<link rel=\"canonical\" href=\"https:\/\/prolab.ro\/ro\/produs\/vitrina-isa-supershow-pastry\/\" \/>\n<meta property=\"og:locale\" content=\"ro_RO\" \/>\n<meta property=\"og:type\" content=\"article\" \/>\n<meta property=\"og:title\" content=\"Vitrina ISA Supershow Pastry - PROLAB\" \/>\n<meta property=\"og:description\" content=\"Vitrin\u0103 orizontal\u0103 premium, foarte apropiat\u0103 ca nivel de Stratos, dar cu un accent mai mare pe design spectaculos \u0219i vizibilitate total\u0103.\" \/>\n<meta property=\"og:url\" content=\"https:\/\/prolab.ro\/ro\/produs\/vitrina-isa-supershow-pastry\/\" \/>\n<meta property=\"og:site_name\" content=\"PROLAB\" \/>\n<meta property=\"article:publisher\" content=\"https:\/\/www.facebook.com\/profile.php?id=100063772800673\" \/>\n<meta property=\"og:image\" content=\"https:\/\/prolab.ro\/wp-content\/uploads\/2026\/03\/Screenshot-2026-03-24-152701.jpg\" \/>\n\t<meta property=\"og:image:width\" content=\"1220\" \/>\n\t<meta property=\"og:image:height\" content=\"747\" \/>\n\t<meta property=\"og:image:type\" content=\"image\/jpeg\" \/>\n<meta name=\"twitter:card\" content=\"summary_large_image\" \/>\n<meta name=\"twitter:label1\" content=\"Timp estimat pentru citire\" \/>\n\t<meta name=\"twitter:data1\" content=\"1 minut\" \/>\n<script type=\"application\/ld+json\" class=\"yoast-schema-graph\">{\"@context\":\"https:\\\/\\\/schema.org\",\"@graph\":[{\"@type\":\"WebPage\",\"@id\":\"https:\\\/\\\/prolab.ro\\\/product\\\/vitrina-isa-supershow-pastry\\\/\",\"url\":\"https:\\\/\\\/prolab.ro\\\/product\\\/vitrina-isa-supershow-pastry\\\/\",\"name\":\"Vitrina ISA Supershow Pastry - PROLAB\",\"isPartOf\":{\"@id\":\"https:\\\/\\\/prolab.ro\\\/ro\\\/#website\"},\"primaryImageOfPage\":{\"@id\":\"https:\\\/\\\/prolab.ro\\\/product\\\/vitrina-isa-supershow-pastry\\\/#primaryimage\"},\"image\":{\"@id\":\"https:\\\/\\\/prolab.ro\\\/product\\\/vitrina-isa-supershow-pastry\\\/#primaryimage\"},\"thumbnailUrl\":\"https:\\\/\\\/prolab.ro\\\/wp-content\\\/uploads\\\/2026\\\/03\\\/Screenshot-2026-03-24-152701.jpg\",\"datePublished\":\"2026-03-24T13:30:15+00:00\",\"breadcrumb\":{\"@id\":\"https:\\\/\\\/prolab.ro\\\/product\\\/vitrina-isa-supershow-pastry\\\/#breadcrumb\"},\"inLanguage\":\"ro-RO\",\"potentialAction\":[{\"@type\":\"ReadAction\",\"target\":[\"https:\\\/\\\/prolab.ro\\\/product\\\/vitrina-isa-supershow-pastry\\\/\"]}]},{\"@type\":\"ImageObject\",\"inLanguage\":\"ro-RO\",\"@id\":\"https:\\\/\\\/prolab.ro\\\/product\\\/vitrina-isa-supershow-pastry\\\/#primaryimage\",\"url\":\"https:\\\/\\\/prolab.ro\\\/wp-content\\\/uploads\\\/2026\\\/03\\\/Screenshot-2026-03-24-152701.jpg\",\"contentUrl\":\"https:\\\/\\\/prolab.ro\\\/wp-content\\\/uploads\\\/2026\\\/03\\\/Screenshot-2026-03-24-152701.jpg\",\"width\":1220,\"height\":747},{\"@type\":\"BreadcrumbList\",\"@id\":\"https:\\\/\\\/prolab.ro\\\/product\\\/vitrina-isa-supershow-pastry\\\/#breadcrumb\",\"itemListElement\":[{\"@type\":\"ListItem\",\"position\":1,\"name\":\"Home\",\"item\":\"https:\\\/\\\/prolab.ro\\\/\"},{\"@type\":\"ListItem\",\"position\":2,\"name\":\"Shop\",\"item\":\"https:\\\/\\\/prolab.ro\\\/shop\\\/\"},{\"@type\":\"ListItem\",\"position\":3,\"name\":\"Vitrina ISA Supershow Pastry\"}]},{\"@type\":\"WebSite\",\"@id\":\"https:\\\/\\\/prolab.ro\\\/ro\\\/#website\",\"url\":\"https:\\\/\\\/prolab.ro\\\/ro\\\/\",\"name\":\"www.prolab.ro\",\"description\":\"Echipamente profesionale HORECA\",\"publisher\":{\"@id\":\"https:\\\/\\\/prolab.ro\\\/ro\\\/#organization\"},\"potentialAction\":[{\"@type\":\"SearchAction\",\"target\":{\"@type\":\"EntryPoint\",\"urlTemplate\":\"https:\\\/\\\/prolab.ro\\\/ro\\\/?s={search_term_string}\"},\"query-input\":{\"@type\":\"PropertyValueSpecification\",\"valueRequired\":true,\"valueName\":\"search_term_string\"}}],\"inLanguage\":\"ro-RO\"},{\"@type\":\"Organization\",\"@id\":\"https:\\\/\\\/prolab.ro\\\/ro\\\/#organization\",\"name\":\"HORECA PROLAB SRL\",\"url\":\"https:\\\/\\\/prolab.ro\\\/ro\\\/\",\"logo\":{\"@type\":\"ImageObject\",\"inLanguage\":\"ro-RO\",\"@id\":\"https:\\\/\\\/prolab.ro\\\/ro\\\/#\\\/schema\\\/logo\\\/image\\\/\",\"url\":\"https:\\\/\\\/prolab.ro\\\/wp-content\\\/uploads\\\/2020\\\/10\\\/cropped-2019-06-21-logos-03-B-red.png\",\"contentUrl\":\"https:\\\/\\\/prolab.ro\\\/wp-content\\\/uploads\\\/2020\\\/10\\\/cropped-2019-06-21-logos-03-B-red.png\",\"width\":1963,\"height\":546,\"caption\":\"HORECA PROLAB SRL\"},\"image\":{\"@id\":\"https:\\\/\\\/prolab.ro\\\/ro\\\/#\\\/schema\\\/logo\\\/image\\\/\"},\"sameAs\":[\"https:\\\/\\\/www.facebook.com\\\/profile.php?id=100063772800673\"]}]}<\/script>\n<!-- \/ Yoast SEO plugin. -->","yoast_head_json":{"title":"Vitrina ISA Supershow Pastry - PROLAB","robots":{"index":"index","follow":"follow","max-snippet":"max-snippet:-1","max-image-preview":"max-image-preview:large","max-video-preview":"max-video-preview:-1"},"canonical":"https:\/\/prolab.ro\/ro\/produs\/vitrina-isa-supershow-pastry\/","og_locale":"ro_RO","og_type":"article","og_title":"Vitrina ISA Supershow Pastry - PROLAB","og_description":"Vitrin\u0103 orizontal\u0103 premium, foarte apropiat\u0103 ca nivel de Stratos, dar cu un accent mai mare pe design spectaculos \u0219i vizibilitate total\u0103.","og_url":"https:\/\/prolab.ro\/ro\/produs\/vitrina-isa-supershow-pastry\/","og_site_name":"PROLAB","article_publisher":"https:\/\/www.facebook.com\/profile.php?id=100063772800673","og_image":[{"width":1220,"height":747,"url":"https:\/\/prolab.ro\/wp-content\/uploads\/2026\/03\/Screenshot-2026-03-24-152701.jpg","type":"image\/jpeg"}],"twitter_card":"summary_large_image","twitter_misc":{"Timp estimat pentru citire":"1 minut"},"schema":{"@context":"https:\/\/schema.org","@graph":[{"@type":"WebPage","@id":"https:\/\/prolab.ro\/product\/vitrina-isa-supershow-pastry\/","url":"https:\/\/prolab.ro\/product\/vitrina-isa-supershow-pastry\/","name":"Vitrina ISA Supershow Pastry - PROLAB","isPartOf":{"@id":"https:\/\/prolab.ro\/ro\/#website"},"primaryImageOfPage":{"@id":"https:\/\/prolab.ro\/product\/vitrina-isa-supershow-pastry\/#primaryimage"},"image":{"@id":"https:\/\/prolab.ro\/product\/vitrina-isa-supershow-pastry\/#primaryimage"},"thumbnailUrl":"https:\/\/prolab.ro\/wp-content\/uploads\/2026\/03\/Screenshot-2026-03-24-152701.jpg","datePublished":"2026-03-24T13:30:15+00:00","breadcrumb":{"@id":"https:\/\/prolab.ro\/product\/vitrina-isa-supershow-pastry\/#breadcrumb"},"inLanguage":"ro-RO","potentialAction":[{"@type":"ReadAction","target":["https:\/\/prolab.ro\/product\/vitrina-isa-supershow-pastry\/"]}]},{"@type":"ImageObject","inLanguage":"ro-RO","@id":"https:\/\/prolab.ro\/product\/vitrina-isa-supershow-pastry\/#primaryimage","url":"https:\/\/prolab.ro\/wp-content\/uploads\/2026\/03\/Screenshot-2026-03-24-152701.jpg","contentUrl":"https:\/\/prolab.ro\/wp-content\/uploads\/2026\/03\/Screenshot-2026-03-24-152701.jpg","width":1220,"height":747},{"@type":"BreadcrumbList","@id":"https:\/\/prolab.ro\/product\/vitrina-isa-supershow-pastry\/#breadcrumb","itemListElement":[{"@type":"ListItem","position":1,"name":"Home","item":"https:\/\/prolab.ro\/"},{"@type":"ListItem","position":2,"name":"Shop","item":"https:\/\/prolab.ro\/shop\/"},{"@type":"ListItem","position":3,"name":"Vitrina ISA Supershow Pastry"}]},{"@type":"WebSite","@id":"https:\/\/prolab.ro\/ro\/#website","url":"https:\/\/prolab.ro\/ro\/","name":"www.prolab.ro","description":"Echipamente profesionale HORECA","publisher":{"@id":"https:\/\/prolab.ro\/ro\/#organization"},"potentialAction":[{"@type":"SearchAction","target":{"@type":"EntryPoint","urlTemplate":"https:\/\/prolab.ro\/ro\/?s={search_term_string}"},"query-input":{"@type":"PropertyValueSpecification","valueRequired":true,"valueName":"search_term_string"}}],"inLanguage":"ro-RO"},{"@type":"Organization","@id":"https:\/\/prolab.ro\/ro\/#organization","name":"HORECA PROLAB SRL","url":"https:\/\/prolab.ro\/ro\/","logo":{"@type":"ImageObject","inLanguage":"ro-RO","@id":"https:\/\/prolab.ro\/ro\/#\/schema\/logo\/image\/","url":"https:\/\/prolab.ro\/wp-content\/uploads\/2020\/10\/cropped-2019-06-21-logos-03-B-red.png","contentUrl":"https:\/\/prolab.ro\/wp-content\/uploads\/2020\/10\/cropped-2019-06-21-logos-03-B-red.png","width":1963,"height":546,"caption":"HORECA PROLAB SRL"},"image":{"@id":"https:\/\/prolab.ro\/ro\/#\/schema\/logo\/image\/"},"sameAs":["https:\/\/www.facebook.com\/profile.php?id=100063772800673"]}]}},"_links":{"self":[{"href":"https:\/\/prolab.ro\/ro\/wp-json\/wp\/v2\/product\/3193","targetHints":{"allow":["GET"]}}],"collection":[{"href":"https:\/\/prolab.ro\/ro\/wp-json\/wp\/v2\/product"}],"about":[{"href":"https:\/\/prolab.ro\/ro\/wp-json\/wp\/v2\/types\/product"}],"replies":[{"embeddable":true,"href":"https:\/\/prolab.ro\/ro\/wp-json\/wp\/v2\/comments?post=3193"}],"wp:featuredmedia":[{"embeddable":true,"href":"https:\/\/prolab.ro\/ro\/wp-json\/wp\/v2\/media\/3194"}],"wp:attachment":[{"href":"https:\/\/prolab.ro\/ro\/wp-json\/wp\/v2\/media?parent=3193"}],"wp:term":[{"taxonomy":"product_brand","embeddable":true,"href":"https:\/\/prolab.ro\/ro\/wp-json\/wp\/v2\/product_brand?post=3193"},{"taxonomy":"product_cat","embeddable":true,"href":"https:\/\/prolab.ro\/ro\/wp-json\/wp\/v2\/product_cat?post=3193"},{"taxonomy":"product_tag","embeddable":true,"href":"https:\/\/prolab.ro\/ro\/wp-json\/wp\/v2\/product_tag?post=3193"}],"curies":[{"name":"wp","href":"https:\/\/api.w.org\/{rel}","templated":true}]}}