{"id":3180,"date":"2026-03-24T16:03:41","date_gmt":"2026-03-24T13:03:41","guid":{"rendered":"https:\/\/prolab.ro\/?post_type=product&#038;p=3180"},"modified":"2026-03-24T16:03:41","modified_gmt":"2026-03-24T13:03:41","slug":"isa-cristal-tower-vitrina-frigorifica-verticala","status":"publish","type":"product","link":"https:\/\/prolab.ro\/ro\/produs\/isa-cristal-tower-vitrina-frigorifica-verticala\/","title":{"rendered":"ISA Cristal Tower- Vitrina frigorifica verticala"},"content":{"rendered":"<h3 data-section-id=\"1k8zxjo\" data-start=\"302\" data-end=\"333\">Caracteristici principale<\/h3>\n<ul data-start=\"334\" data-end=\"908\">\n<li data-section-id=\"7erddy\" data-start=\"334\" data-end=\"447\"><strong data-start=\"336\" data-end=\"357\">Vizibilitate 360\u00b0<\/strong> \u2013 sticl\u0103 pe toate cele 4 laturi (atrage clien\u021bii)<\/li>\n<li data-section-id=\"wih529\" data-start=\"448\" data-end=\"551\"><strong data-start=\"450\" data-end=\"482\">Rafturi din sticl\u0103 reglabile<\/strong> (uneori rotative motorizate)<\/li>\n<li data-section-id=\"1repodq\" data-start=\"552\" data-end=\"644\"><strong data-start=\"554\" data-end=\"588\">Iluminare LED + design premium<\/strong> (sticl\u0103 + inox)<\/li>\n<li data-section-id=\"1y0buts\" data-start=\"645\" data-end=\"738\"><strong data-start=\"647\" data-end=\"664\">Touch display<\/strong> pentru control temperatur\u0103\/lumin\u0103<\/li>\n<li data-section-id=\"cqwcla\" data-start=\"739\" data-end=\"814\"><strong data-start=\"741\" data-end=\"774\">Sticl\u0103 \u00eenc\u0103lzit\u0103 anti-condens<\/strong><\/li>\n<li data-section-id=\"15ghz05\" data-start=\"815\" data-end=\"908\"><strong data-start=\"817\" data-end=\"838\">Instalare plug-in<\/strong> (nu necesit\u0103 unitate extern\u0103)<\/li>\n<\/ul>\n<p>&nbsp;<\/p>\n<h3 data-section-id=\"1avildf\" data-start=\"915\" data-end=\"962\">Tipuri de temperatur\u0103 (foarte important)<\/h3>\n<p data-start=\"963\" data-end=\"1012\">Modelul se poate configura \u00een mai multe variante:<\/p>\n<ul data-start=\"1014\" data-end=\"1190\">\n<li data-section-id=\"1kiwnge\" data-start=\"1014\" data-end=\"1064\"><strong data-start=\"1016\" data-end=\"1032\">+1\u00b0C \/ +10\u00b0C<\/strong> \u2192 pr\u0103jituri, torturi (PASTRY)<\/li>\n<li data-section-id=\"1y8xq6f\" data-start=\"1065\" data-end=\"1108\"><strong data-start=\"1067\" data-end=\"1084\">-15\u00b0C \/ -18\u00b0C<\/strong> \u2192 \u00eenghe\u021bat\u0103 (FREEZER)<\/li>\n<li data-section-id=\"1uh2alb\" data-start=\"1109\" data-end=\"1148\"><strong data-start=\"1111\" data-end=\"1128\">-18\u00b0C \/ +10\u00b0C<\/strong> \u2192 dual (flexibil)<\/li>\n<li data-section-id=\"1kr2bmn\" data-start=\"1149\" data-end=\"1190\"><strong data-start=\"1151\" data-end=\"1168\">+14\u00b0C \/ +16\u00b0C<\/strong> \u2192 ciocolat\u0103 premium<\/li>\n<\/ul>\n<h3><\/h3>\n<h3 data-section-id=\"19imwxb\" data-start=\"1301\" data-end=\"1330\">Dimensiuni &amp; capacitate<\/h3>\n<ul data-start=\"1331\" data-end=\"1498\">\n<li data-section-id=\"ab5go7\" data-start=\"1331\" data-end=\"1362\">\u00cen\u0103l\u021bime: <strong data-start=\"1343\" data-end=\"1360\">~160 \u2013 206 cm<\/strong><\/li>\n<li data-section-id=\"nbo1ec\" data-start=\"1363\" data-end=\"1389\">L\u0103\u021bime: <strong data-start=\"1373\" data-end=\"1387\">75 \u2013 95 cm<\/strong><\/li>\n<li data-section-id=\"13h6fs4\" data-start=\"1390\" data-end=\"1464\">Capacitate: <strong data-start=\"1404\" data-end=\"1424\">300 \u2013 700+ litri<\/strong><\/li>\n<li data-section-id=\"12bva68\" data-start=\"1465\" data-end=\"1498\">3\u20135 rafturi (fixe sau rotative)<\/li>\n<\/ul>","protected":false},"excerpt":{"rendered":"<p>Vitrin\u0103 frigorific\u0103 vertical\u0103 premium, foarte folosit\u0103 \u00een cofet\u0103rii moderne pentru expunere elegant\u0103.<\/p>","protected":false},"featured_media":3181,"comment_status":"open","ping_status":"closed","template":"","meta":{"ocean_post_layout":"","ocean_both_sidebars_style":"","ocean_both_sidebars_content_width":0,"ocean_both_sidebars_sidebars_width":0,"ocean_sidebar":"0","ocean_second_sidebar":"0","ocean_disable_margins":"enable","ocean_add_body_class":"","ocean_shortcode_before_top_bar":"","ocean_shortcode_after_top_bar":"","ocean_shortcode_before_header":"","ocean_shortcode_after_header":"","ocean_has_shortcode":"","ocean_shortcode_after_title":"","ocean_shortcode_before_footer_widgets":"","ocean_shortcode_after_footer_widgets":"","ocean_shortcode_before_footer_bottom":"","ocean_shortcode_after_footer_bottom":"","ocean_display_top_bar":"default","ocean_display_header":"default","ocean_header_style":"","ocean_center_header_left_menu":"0","ocean_custom_header_template":"0","ocean_custom_logo":0,"ocean_custom_retina_logo":0,"ocean_custom_logo_max_width":0,"ocean_custom_logo_tablet_max_width":0,"ocean_custom_logo_mobile_max_width":0,"ocean_custom_logo_max_height":0,"ocean_custom_logo_tablet_max_height":0,"ocean_custom_logo_mobile_max_height":0,"ocean_header_custom_menu":"0","ocean_menu_typo_font_family":"0","ocean_menu_typo_font_subset":"","ocean_menu_typo_font_size":0,"ocean_menu_typo_font_size_tablet":0,"ocean_menu_typo_font_size_mobile":0,"ocean_menu_typo_font_size_unit":"px","ocean_menu_typo_font_weight":"","ocean_menu_typo_font_weight_tablet":"","ocean_menu_typo_font_weight_mobile":"","ocean_menu_typo_transform":"","ocean_menu_typo_transform_tablet":"","ocean_menu_typo_transform_mobile":"","ocean_menu_typo_line_height":0,"ocean_menu_typo_line_height_tablet":0,"ocean_menu_typo_line_height_mobile":0,"ocean_menu_typo_line_height_unit":"","ocean_menu_typo_spacing":0,"ocean_menu_typo_spacing_tablet":0,"ocean_menu_typo_spacing_mobile":0,"ocean_menu_typo_spacing_unit":"","ocean_menu_link_color":"","ocean_menu_link_color_hover":"","ocean_menu_link_color_active":"","ocean_menu_link_background":"","ocean_menu_link_hover_background":"","ocean_menu_link_active_background":"","ocean_menu_social_links_bg":"","ocean_menu_social_hover_links_bg":"","ocean_menu_social_links_color":"","ocean_menu_social_hover_links_color":"","ocean_disable_title":"default","ocean_disable_heading":"default","ocean_post_title":"","ocean_post_subheading":"","ocean_post_title_style":"","ocean_post_title_background_color":"","ocean_post_title_background":0,"ocean_post_title_bg_image_position":"","ocean_post_title_bg_image_attachment":"","ocean_post_title_bg_image_repeat":"","ocean_post_title_bg_image_size":"","ocean_post_title_height":0,"ocean_post_title_bg_overlay":0.5,"ocean_post_title_bg_overlay_color":"","ocean_disable_breadcrumbs":"default","ocean_breadcrumbs_color":"","ocean_breadcrumbs_separator_color":"","ocean_breadcrumbs_links_color":"","ocean_breadcrumbs_links_hover_color":"","ocean_display_footer_widgets":"default","ocean_display_footer_bottom":"default","ocean_custom_footer_template":"0"},"product_brand":[],"product_cat":[689],"product_tag":[],"class_list":{"0":"post-3180","1":"product","2":"type-product","3":"status-publish","4":"has-post-thumbnail","6":"product_cat-refrigerated-showcases","8":"entry","9":"has-media","11":"first","12":"instock","13":"taxable","14":"shipping-taxable","15":"product-type-simple","16":"has-product-nav","17":"col","18":"span_1_of_2","19":"owp-content-center","20":"owp-thumbs-layout-horizontal","21":"owp-btn-normal","22":"owp-tabs-layout-horizontal"},"yoast_head":"<!-- This site is optimized with the Yoast SEO plugin v27.4 - https:\/\/yoast.com\/product\/yoast-seo-wordpress\/ -->\n<title>ISA Cristal Tower- Vitrina frigorifica verticala - PROLAB<\/title>\n<meta name=\"robots\" content=\"index, follow, max-snippet:-1, max-image-preview:large, max-video-preview:-1\" \/>\n<link rel=\"canonical\" href=\"https:\/\/prolab.ro\/ro\/produs\/isa-cristal-tower-vitrina-frigorifica-verticala\/\" \/>\n<meta property=\"og:locale\" content=\"ro_RO\" \/>\n<meta property=\"og:type\" content=\"article\" \/>\n<meta property=\"og:title\" content=\"ISA Cristal Tower- Vitrina frigorifica verticala - PROLAB\" \/>\n<meta property=\"og:description\" content=\"Vitrin\u0103 frigorific\u0103 vertical\u0103 premium, foarte folosit\u0103 \u00een cofet\u0103rii moderne pentru expunere elegant\u0103.\" \/>\n<meta property=\"og:url\" content=\"https:\/\/prolab.ro\/ro\/produs\/isa-cristal-tower-vitrina-frigorifica-verticala\/\" \/>\n<meta property=\"og:site_name\" content=\"PROLAB\" \/>\n<meta property=\"article:publisher\" content=\"https:\/\/www.facebook.com\/profile.php?id=100063772800673\" \/>\n<meta property=\"og:image\" content=\"https:\/\/prolab.ro\/wp-content\/uploads\/2026\/03\/Screenshot-2026-03-24-145720.png\" \/>\n\t<meta property=\"og:image:width\" content=\"693\" \/>\n\t<meta property=\"og:image:height\" content=\"618\" \/>\n\t<meta property=\"og:image:type\" content=\"image\/png\" \/>\n<meta name=\"twitter:card\" content=\"summary_large_image\" \/>\n<meta name=\"twitter:label1\" content=\"Timp estimat pentru citire\" \/>\n\t<meta name=\"twitter:data1\" content=\"1 minut\" \/>\n<script type=\"application\/ld+json\" class=\"yoast-schema-graph\">{\"@context\":\"https:\\\/\\\/schema.org\",\"@graph\":[{\"@type\":\"WebPage\",\"@id\":\"https:\\\/\\\/prolab.ro\\\/product\\\/isa-cristal-tower-vitrina-frigorifica-verticala\\\/\",\"url\":\"https:\\\/\\\/prolab.ro\\\/product\\\/isa-cristal-tower-vitrina-frigorifica-verticala\\\/\",\"name\":\"ISA Cristal Tower- Vitrina frigorifica verticala - PROLAB\",\"isPartOf\":{\"@id\":\"https:\\\/\\\/prolab.ro\\\/ro\\\/#website\"},\"primaryImageOfPage\":{\"@id\":\"https:\\\/\\\/prolab.ro\\\/product\\\/isa-cristal-tower-vitrina-frigorifica-verticala\\\/#primaryimage\"},\"image\":{\"@id\":\"https:\\\/\\\/prolab.ro\\\/product\\\/isa-cristal-tower-vitrina-frigorifica-verticala\\\/#primaryimage\"},\"thumbnailUrl\":\"https:\\\/\\\/prolab.ro\\\/wp-content\\\/uploads\\\/2026\\\/03\\\/Screenshot-2026-03-24-145720.png\",\"datePublished\":\"2026-03-24T13:03:41+00:00\",\"breadcrumb\":{\"@id\":\"https:\\\/\\\/prolab.ro\\\/product\\\/isa-cristal-tower-vitrina-frigorifica-verticala\\\/#breadcrumb\"},\"inLanguage\":\"ro-RO\",\"potentialAction\":[{\"@type\":\"ReadAction\",\"target\":[\"https:\\\/\\\/prolab.ro\\\/product\\\/isa-cristal-tower-vitrina-frigorifica-verticala\\\/\"]}]},{\"@type\":\"ImageObject\",\"inLanguage\":\"ro-RO\",\"@id\":\"https:\\\/\\\/prolab.ro\\\/product\\\/isa-cristal-tower-vitrina-frigorifica-verticala\\\/#primaryimage\",\"url\":\"https:\\\/\\\/prolab.ro\\\/wp-content\\\/uploads\\\/2026\\\/03\\\/Screenshot-2026-03-24-145720.png\",\"contentUrl\":\"https:\\\/\\\/prolab.ro\\\/wp-content\\\/uploads\\\/2026\\\/03\\\/Screenshot-2026-03-24-145720.png\",\"width\":693,\"height\":618},{\"@type\":\"BreadcrumbList\",\"@id\":\"https:\\\/\\\/prolab.ro\\\/product\\\/isa-cristal-tower-vitrina-frigorifica-verticala\\\/#breadcrumb\",\"itemListElement\":[{\"@type\":\"ListItem\",\"position\":1,\"name\":\"Home\",\"item\":\"https:\\\/\\\/prolab.ro\\\/\"},{\"@type\":\"ListItem\",\"position\":2,\"name\":\"Shop\",\"item\":\"https:\\\/\\\/prolab.ro\\\/shop\\\/\"},{\"@type\":\"ListItem\",\"position\":3,\"name\":\"ISA Cristal Tower- Vitrina frigorifica verticala\"}]},{\"@type\":\"WebSite\",\"@id\":\"https:\\\/\\\/prolab.ro\\\/ro\\\/#website\",\"url\":\"https:\\\/\\\/prolab.ro\\\/ro\\\/\",\"name\":\"www.prolab.ro\",\"description\":\"Echipamente profesionale HORECA\",\"publisher\":{\"@id\":\"https:\\\/\\\/prolab.ro\\\/ro\\\/#organization\"},\"potentialAction\":[{\"@type\":\"SearchAction\",\"target\":{\"@type\":\"EntryPoint\",\"urlTemplate\":\"https:\\\/\\\/prolab.ro\\\/ro\\\/?s={search_term_string}\"},\"query-input\":{\"@type\":\"PropertyValueSpecification\",\"valueRequired\":true,\"valueName\":\"search_term_string\"}}],\"inLanguage\":\"ro-RO\"},{\"@type\":\"Organization\",\"@id\":\"https:\\\/\\\/prolab.ro\\\/ro\\\/#organization\",\"name\":\"HORECA PROLAB SRL\",\"url\":\"https:\\\/\\\/prolab.ro\\\/ro\\\/\",\"logo\":{\"@type\":\"ImageObject\",\"inLanguage\":\"ro-RO\",\"@id\":\"https:\\\/\\\/prolab.ro\\\/ro\\\/#\\\/schema\\\/logo\\\/image\\\/\",\"url\":\"https:\\\/\\\/prolab.ro\\\/wp-content\\\/uploads\\\/2020\\\/10\\\/cropped-2019-06-21-logos-03-B-red.png\",\"contentUrl\":\"https:\\\/\\\/prolab.ro\\\/wp-content\\\/uploads\\\/2020\\\/10\\\/cropped-2019-06-21-logos-03-B-red.png\",\"width\":1963,\"height\":546,\"caption\":\"HORECA PROLAB SRL\"},\"image\":{\"@id\":\"https:\\\/\\\/prolab.ro\\\/ro\\\/#\\\/schema\\\/logo\\\/image\\\/\"},\"sameAs\":[\"https:\\\/\\\/www.facebook.com\\\/profile.php?id=100063772800673\"]}]}<\/script>\n<!-- \/ Yoast SEO plugin. -->","yoast_head_json":{"title":"ISA Cristal Tower- Vitrina frigorifica verticala - PROLAB","robots":{"index":"index","follow":"follow","max-snippet":"max-snippet:-1","max-image-preview":"max-image-preview:large","max-video-preview":"max-video-preview:-1"},"canonical":"https:\/\/prolab.ro\/ro\/produs\/isa-cristal-tower-vitrina-frigorifica-verticala\/","og_locale":"ro_RO","og_type":"article","og_title":"ISA Cristal Tower- Vitrina frigorifica verticala - PROLAB","og_description":"Vitrin\u0103 frigorific\u0103 vertical\u0103 premium, foarte folosit\u0103 \u00een cofet\u0103rii moderne pentru expunere elegant\u0103.","og_url":"https:\/\/prolab.ro\/ro\/produs\/isa-cristal-tower-vitrina-frigorifica-verticala\/","og_site_name":"PROLAB","article_publisher":"https:\/\/www.facebook.com\/profile.php?id=100063772800673","og_image":[{"width":693,"height":618,"url":"https:\/\/prolab.ro\/wp-content\/uploads\/2026\/03\/Screenshot-2026-03-24-145720.png","type":"image\/png"}],"twitter_card":"summary_large_image","twitter_misc":{"Timp estimat pentru citire":"1 minut"},"schema":{"@context":"https:\/\/schema.org","@graph":[{"@type":"WebPage","@id":"https:\/\/prolab.ro\/product\/isa-cristal-tower-vitrina-frigorifica-verticala\/","url":"https:\/\/prolab.ro\/product\/isa-cristal-tower-vitrina-frigorifica-verticala\/","name":"ISA Cristal Tower- Vitrina frigorifica verticala - PROLAB","isPartOf":{"@id":"https:\/\/prolab.ro\/ro\/#website"},"primaryImageOfPage":{"@id":"https:\/\/prolab.ro\/product\/isa-cristal-tower-vitrina-frigorifica-verticala\/#primaryimage"},"image":{"@id":"https:\/\/prolab.ro\/product\/isa-cristal-tower-vitrina-frigorifica-verticala\/#primaryimage"},"thumbnailUrl":"https:\/\/prolab.ro\/wp-content\/uploads\/2026\/03\/Screenshot-2026-03-24-145720.png","datePublished":"2026-03-24T13:03:41+00:00","breadcrumb":{"@id":"https:\/\/prolab.ro\/product\/isa-cristal-tower-vitrina-frigorifica-verticala\/#breadcrumb"},"inLanguage":"ro-RO","potentialAction":[{"@type":"ReadAction","target":["https:\/\/prolab.ro\/product\/isa-cristal-tower-vitrina-frigorifica-verticala\/"]}]},{"@type":"ImageObject","inLanguage":"ro-RO","@id":"https:\/\/prolab.ro\/product\/isa-cristal-tower-vitrina-frigorifica-verticala\/#primaryimage","url":"https:\/\/prolab.ro\/wp-content\/uploads\/2026\/03\/Screenshot-2026-03-24-145720.png","contentUrl":"https:\/\/prolab.ro\/wp-content\/uploads\/2026\/03\/Screenshot-2026-03-24-145720.png","width":693,"height":618},{"@type":"BreadcrumbList","@id":"https:\/\/prolab.ro\/product\/isa-cristal-tower-vitrina-frigorifica-verticala\/#breadcrumb","itemListElement":[{"@type":"ListItem","position":1,"name":"Home","item":"https:\/\/prolab.ro\/"},{"@type":"ListItem","position":2,"name":"Shop","item":"https:\/\/prolab.ro\/shop\/"},{"@type":"ListItem","position":3,"name":"ISA Cristal Tower- Vitrina frigorifica verticala"}]},{"@type":"WebSite","@id":"https:\/\/prolab.ro\/ro\/#website","url":"https:\/\/prolab.ro\/ro\/","name":"www.prolab.ro","description":"Echipamente profesionale HORECA","publisher":{"@id":"https:\/\/prolab.ro\/ro\/#organization"},"potentialAction":[{"@type":"SearchAction","target":{"@type":"EntryPoint","urlTemplate":"https:\/\/prolab.ro\/ro\/?s={search_term_string}"},"query-input":{"@type":"PropertyValueSpecification","valueRequired":true,"valueName":"search_term_string"}}],"inLanguage":"ro-RO"},{"@type":"Organization","@id":"https:\/\/prolab.ro\/ro\/#organization","name":"HORECA PROLAB SRL","url":"https:\/\/prolab.ro\/ro\/","logo":{"@type":"ImageObject","inLanguage":"ro-RO","@id":"https:\/\/prolab.ro\/ro\/#\/schema\/logo\/image\/","url":"https:\/\/prolab.ro\/wp-content\/uploads\/2020\/10\/cropped-2019-06-21-logos-03-B-red.png","contentUrl":"https:\/\/prolab.ro\/wp-content\/uploads\/2020\/10\/cropped-2019-06-21-logos-03-B-red.png","width":1963,"height":546,"caption":"HORECA PROLAB SRL"},"image":{"@id":"https:\/\/prolab.ro\/ro\/#\/schema\/logo\/image\/"},"sameAs":["https:\/\/www.facebook.com\/profile.php?id=100063772800673"]}]}},"_links":{"self":[{"href":"https:\/\/prolab.ro\/ro\/wp-json\/wp\/v2\/product\/3180","targetHints":{"allow":["GET"]}}],"collection":[{"href":"https:\/\/prolab.ro\/ro\/wp-json\/wp\/v2\/product"}],"about":[{"href":"https:\/\/prolab.ro\/ro\/wp-json\/wp\/v2\/types\/product"}],"replies":[{"embeddable":true,"href":"https:\/\/prolab.ro\/ro\/wp-json\/wp\/v2\/comments?post=3180"}],"wp:featuredmedia":[{"embeddable":true,"href":"https:\/\/prolab.ro\/ro\/wp-json\/wp\/v2\/media\/3181"}],"wp:attachment":[{"href":"https:\/\/prolab.ro\/ro\/wp-json\/wp\/v2\/media?parent=3180"}],"wp:term":[{"taxonomy":"product_brand","embeddable":true,"href":"https:\/\/prolab.ro\/ro\/wp-json\/wp\/v2\/product_brand?post=3180"},{"taxonomy":"product_cat","embeddable":true,"href":"https:\/\/prolab.ro\/ro\/wp-json\/wp\/v2\/product_cat?post=3180"},{"taxonomy":"product_tag","embeddable":true,"href":"https:\/\/prolab.ro\/ro\/wp-json\/wp\/v2\/product_tag?post=3180"}],"curies":[{"name":"wp","href":"https:\/\/api.w.org\/{rel}","templated":true}]}}