{"id":3167,"date":"2026-03-24T15:37:00","date_gmt":"2026-03-24T12:37:00","guid":{"rendered":"https:\/\/prolab.ro\/?post_type=product&#038;p=3167"},"modified":"2026-03-24T15:37:01","modified_gmt":"2026-03-24T12:37:01","slug":"bolarus-aurora-vitrine-frigorifice-si-tejghele-pentru-patiserie","status":"publish","type":"product","link":"https:\/\/prolab.ro\/ro\/produs\/bolarus-aurora-vitrine-frigorifice-si-tejghele-pentru-patiserie\/","title":{"rendered":"BOLARUS Aurora \u2013 vitrine frigorifice \u0219i tejghele pentru patiserie"},"content":{"rendered":"<h4 data-section-id=\"1rsffx5\" data-start=\"549\" data-end=\"572\">Sistem frigorific<\/h4>\n<ul data-start=\"574\" data-end=\"857\">\n<li data-section-id=\"1kcae7p\" data-start=\"574\" data-end=\"647\"><strong data-start=\"576\" data-end=\"607\">r\u0103cire ventilat\u0103 (dinamic\u0103)<\/strong> \u2192 distribu\u021bie uniform\u0103 a temperaturii<\/li>\n<li data-section-id=\"12y6e0i\" data-start=\"648\" data-end=\"726\">temperatur\u0103 tipic\u0103: <strong data-start=\"670\" data-end=\"686\">+4\u00b0C \u2026 +10\u00b0C<\/strong><\/li>\n<li data-section-id=\"1j85u0o\" data-start=\"727\" data-end=\"857\">variante disponibile:\n<ul data-start=\"753\" data-end=\"857\">\n<li data-section-id=\"1mwlcnb\" data-start=\"753\" data-end=\"767\">refrigerat<\/li>\n<li data-section-id=\"1lqmh8l\" data-start=\"770\" data-end=\"780\">neutru<\/li>\n<li data-section-id=\"1v614z5\" data-start=\"783\" data-end=\"857\">\u00eenc\u0103lzire (pentru produse calde +30\u00b0C&#8230;+60\u00b0C)<\/li>\n<\/ul>\n<\/li>\n<\/ul>\n<p>&nbsp;<\/p>\n<h4 data-section-id=\"k3o3k5\" data-start=\"1228\" data-end=\"1256\">Spa\u021biu \u0219i modularitate<\/h4>\n<ul data-start=\"1258\" data-end=\"1498\">\n<li data-section-id=\"p19ntb\" data-start=\"1258\" data-end=\"1360\">mai multe dimensiuni:\n<ul data-start=\"1286\" data-end=\"1360\">\n<li data-section-id=\"grd24x\" data-start=\"1286\" data-end=\"1360\">840 mm \/ 1240 mm \/ 1900+ mm etc.<\/li>\n<\/ul>\n<\/li>\n<li data-section-id=\"ijoy99\" data-start=\"1361\" data-end=\"1498\">posibilitate de:\n<ul data-start=\"1382\" data-end=\"1498\">\n<li data-section-id=\"yjua0s\" data-start=\"1382\" data-end=\"1401\">montaj \u00een linie<\/li>\n<li data-section-id=\"kn5r0b\" data-start=\"1404\" data-end=\"1427\">col\u021buri (45\u00b0 \/ 90\u00b0)<\/li>\n<li data-section-id=\"6sr855\" data-start=\"1430\" data-end=\"1498\">configura\u021bii personalizat<\/li>\n<\/ul>\n<\/li>\n<\/ul>\n<p>&nbsp;<\/p>\n<h4 data-section-id=\"naq14s\" data-start=\"1555\" data-end=\"1572\">Construc\u021bie<\/h4>\n<ul data-start=\"1574\" data-end=\"1799\">\n<li data-section-id=\"f7j9dn\" data-start=\"1574\" data-end=\"1659\">interior \u0219i suprafe\u021be din <strong data-start=\"1602\" data-end=\"1619\">inox AISI 304<\/strong><\/li>\n<li data-section-id=\"13l1bmq\" data-start=\"1660\" data-end=\"1698\">blat de lucru:\n<ul data-start=\"1679\" data-end=\"1698\">\n<li data-section-id=\"yb7g1k\" data-start=\"1679\" data-end=\"1698\">inox sau granit<\/li>\n<\/ul>\n<\/li>\n<li>sticla securizata<\/li>\n<\/ul>\n<p>&nbsp;<\/p>\n<h4 data-section-id=\"yincjr\" data-start=\"1806\" data-end=\"1839\">Func\u021bionalitate &amp; ergonomie<\/h4>\n<ul data-start=\"1841\" data-end=\"2106\">\n<li data-section-id=\"vcb7ty\" data-start=\"1841\" data-end=\"1882\">acces din spate pentru servire rapid\u0103<\/li>\n<li data-section-id=\"12aqlux\" data-start=\"1883\" data-end=\"1912\">sertare pentru depozitare<\/li>\n<li data-section-id=\"3oiaiu\" data-start=\"1913\" data-end=\"1997\">rafturi reglabile (\u00eenclina\u021bie sau pozi\u021bie)<\/li>\n<li data-section-id=\"1u33ai4\" data-start=\"1998\" data-end=\"2106\">sistem de circula\u021bie aer optimizat (men\u021bine produsele proaspete)<\/li>\n<\/ul>","protected":false},"excerpt":{"rendered":"<p>Este o linie <strong data-start=\"395\" data-end=\"407\">modular\u0103<\/strong>, ceea ce \u00eenseamn\u0103 c\u0103 po\u021bi combina mai multe vitrine pentru a crea un front complet de v\u00e2nzare.<\/p>","protected":false},"featured_media":3168,"comment_status":"open","ping_status":"closed","template":"","meta":{"ocean_post_layout":"","ocean_both_sidebars_style":"","ocean_both_sidebars_content_width":0,"ocean_both_sidebars_sidebars_width":0,"ocean_sidebar":"0","ocean_second_sidebar":"0","ocean_disable_margins":"enable","ocean_add_body_class":"","ocean_shortcode_before_top_bar":"","ocean_shortcode_after_top_bar":"","ocean_shortcode_before_header":"","ocean_shortcode_after_header":"","ocean_has_shortcode":"","ocean_shortcode_after_title":"","ocean_shortcode_before_footer_widgets":"","ocean_shortcode_after_footer_widgets":"","ocean_shortcode_before_footer_bottom":"","ocean_shortcode_after_footer_bottom":"","ocean_display_top_bar":"default","ocean_display_header":"default","ocean_header_style":"","ocean_center_header_left_menu":"0","ocean_custom_header_template":"0","ocean_custom_logo":0,"ocean_custom_retina_logo":0,"ocean_custom_logo_max_width":0,"ocean_custom_logo_tablet_max_width":0,"ocean_custom_logo_mobile_max_width":0,"ocean_custom_logo_max_height":0,"ocean_custom_logo_tablet_max_height":0,"ocean_custom_logo_mobile_max_height":0,"ocean_header_custom_menu":"0","ocean_menu_typo_font_family":"0","ocean_menu_typo_font_subset":"","ocean_menu_typo_font_size":0,"ocean_menu_typo_font_size_tablet":0,"ocean_menu_typo_font_size_mobile":0,"ocean_menu_typo_font_size_unit":"px","ocean_menu_typo_font_weight":"","ocean_menu_typo_font_weight_tablet":"","ocean_menu_typo_font_weight_mobile":"","ocean_menu_typo_transform":"","ocean_menu_typo_transform_tablet":"","ocean_menu_typo_transform_mobile":"","ocean_menu_typo_line_height":0,"ocean_menu_typo_line_height_tablet":0,"ocean_menu_typo_line_height_mobile":0,"ocean_menu_typo_line_height_unit":"","ocean_menu_typo_spacing":0,"ocean_menu_typo_spacing_tablet":0,"ocean_menu_typo_spacing_mobile":0,"ocean_menu_typo_spacing_unit":"","ocean_menu_link_color":"","ocean_menu_link_color_hover":"","ocean_menu_link_color_active":"","ocean_menu_link_background":"","ocean_menu_link_hover_background":"","ocean_menu_link_active_background":"","ocean_menu_social_links_bg":"","ocean_menu_social_hover_links_bg":"","ocean_menu_social_links_color":"","ocean_menu_social_hover_links_color":"","ocean_disable_title":"default","ocean_disable_heading":"default","ocean_post_title":"","ocean_post_subheading":"","ocean_post_title_style":"","ocean_post_title_background_color":"","ocean_post_title_background":0,"ocean_post_title_bg_image_position":"","ocean_post_title_bg_image_attachment":"","ocean_post_title_bg_image_repeat":"","ocean_post_title_bg_image_size":"","ocean_post_title_height":0,"ocean_post_title_bg_overlay":0.5,"ocean_post_title_bg_overlay_color":"","ocean_disable_breadcrumbs":"default","ocean_breadcrumbs_color":"","ocean_breadcrumbs_separator_color":"","ocean_breadcrumbs_links_color":"","ocean_breadcrumbs_links_hover_color":"","ocean_display_footer_widgets":"default","ocean_display_footer_bottom":"default","ocean_custom_footer_template":"0"},"product_brand":[],"product_cat":[689],"product_tag":[],"class_list":{"0":"post-3167","1":"product","2":"type-product","3":"status-publish","4":"has-post-thumbnail","6":"product_cat-refrigerated-showcases","8":"entry","9":"has-media","11":"first","12":"instock","13":"taxable","14":"shipping-taxable","15":"product-type-simple","16":"has-product-nav","17":"col","18":"span_1_of_2","19":"owp-content-center","20":"owp-thumbs-layout-horizontal","21":"owp-btn-normal","22":"owp-tabs-layout-horizontal"},"yoast_head":"<!-- This site is optimized with the Yoast SEO plugin v27.4 - https:\/\/yoast.com\/product\/yoast-seo-wordpress\/ -->\n<title>BOLARUS Aurora \u2013 vitrine frigorifice \u0219i tejghele pentru patiserie - PROLAB<\/title>\n<meta name=\"robots\" content=\"index, follow, max-snippet:-1, max-image-preview:large, max-video-preview:-1\" \/>\n<link rel=\"canonical\" href=\"https:\/\/prolab.ro\/ro\/produs\/bolarus-aurora-vitrine-frigorifice-si-tejghele-pentru-patiserie\/\" \/>\n<meta property=\"og:locale\" content=\"ro_RO\" \/>\n<meta property=\"og:type\" content=\"article\" \/>\n<meta property=\"og:title\" content=\"BOLARUS Aurora \u2013 vitrine frigorifice \u0219i tejghele pentru patiserie - PROLAB\" \/>\n<meta property=\"og:description\" content=\"Este o linie modular\u0103, ceea ce \u00eenseamn\u0103 c\u0103 po\u021bi combina mai multe vitrine pentru a crea un front complet de v\u00e2nzare.\" \/>\n<meta property=\"og:url\" content=\"https:\/\/prolab.ro\/ro\/produs\/bolarus-aurora-vitrine-frigorifice-si-tejghele-pentru-patiserie\/\" \/>\n<meta property=\"og:site_name\" content=\"PROLAB\" \/>\n<meta property=\"article:publisher\" content=\"https:\/\/www.facebook.com\/profile.php?id=100063772800673\" \/>\n<meta property=\"article:modified_time\" content=\"2026-03-24T12:37:01+00:00\" \/>\n<meta property=\"og:image\" content=\"https:\/\/prolab.ro\/wp-content\/uploads\/2026\/03\/Screenshot-2026-03-24-142514.png\" \/>\n\t<meta property=\"og:image:width\" content=\"511\" \/>\n\t<meta property=\"og:image:height\" content=\"453\" \/>\n\t<meta property=\"og:image:type\" content=\"image\/png\" \/>\n<meta name=\"twitter:card\" content=\"summary_large_image\" \/>\n<meta name=\"twitter:label1\" content=\"Timp estimat pentru citire\" \/>\n\t<meta name=\"twitter:data1\" content=\"1 minut\" \/>\n<script type=\"application\/ld+json\" class=\"yoast-schema-graph\">{\"@context\":\"https:\\\/\\\/schema.org\",\"@graph\":[{\"@type\":\"WebPage\",\"@id\":\"https:\\\/\\\/prolab.ro\\\/product\\\/bolarus-aurora-vitrine-frigorifice-si-tejghele-pentru-patiserie\\\/\",\"url\":\"https:\\\/\\\/prolab.ro\\\/product\\\/bolarus-aurora-vitrine-frigorifice-si-tejghele-pentru-patiserie\\\/\",\"name\":\"BOLARUS Aurora \u2013 vitrine frigorifice \u0219i tejghele pentru patiserie - PROLAB\",\"isPartOf\":{\"@id\":\"https:\\\/\\\/prolab.ro\\\/ro\\\/#website\"},\"primaryImageOfPage\":{\"@id\":\"https:\\\/\\\/prolab.ro\\\/product\\\/bolarus-aurora-vitrine-frigorifice-si-tejghele-pentru-patiserie\\\/#primaryimage\"},\"image\":{\"@id\":\"https:\\\/\\\/prolab.ro\\\/product\\\/bolarus-aurora-vitrine-frigorifice-si-tejghele-pentru-patiserie\\\/#primaryimage\"},\"thumbnailUrl\":\"https:\\\/\\\/prolab.ro\\\/wp-content\\\/uploads\\\/2026\\\/03\\\/Screenshot-2026-03-24-142514.png\",\"datePublished\":\"2026-03-24T12:37:00+00:00\",\"dateModified\":\"2026-03-24T12:37:01+00:00\",\"breadcrumb\":{\"@id\":\"https:\\\/\\\/prolab.ro\\\/product\\\/bolarus-aurora-vitrine-frigorifice-si-tejghele-pentru-patiserie\\\/#breadcrumb\"},\"inLanguage\":\"ro-RO\",\"potentialAction\":[{\"@type\":\"ReadAction\",\"target\":[\"https:\\\/\\\/prolab.ro\\\/product\\\/bolarus-aurora-vitrine-frigorifice-si-tejghele-pentru-patiserie\\\/\"]}]},{\"@type\":\"ImageObject\",\"inLanguage\":\"ro-RO\",\"@id\":\"https:\\\/\\\/prolab.ro\\\/product\\\/bolarus-aurora-vitrine-frigorifice-si-tejghele-pentru-patiserie\\\/#primaryimage\",\"url\":\"https:\\\/\\\/prolab.ro\\\/wp-content\\\/uploads\\\/2026\\\/03\\\/Screenshot-2026-03-24-142514.png\",\"contentUrl\":\"https:\\\/\\\/prolab.ro\\\/wp-content\\\/uploads\\\/2026\\\/03\\\/Screenshot-2026-03-24-142514.png\",\"width\":511,\"height\":453},{\"@type\":\"BreadcrumbList\",\"@id\":\"https:\\\/\\\/prolab.ro\\\/product\\\/bolarus-aurora-vitrine-frigorifice-si-tejghele-pentru-patiserie\\\/#breadcrumb\",\"itemListElement\":[{\"@type\":\"ListItem\",\"position\":1,\"name\":\"Home\",\"item\":\"https:\\\/\\\/prolab.ro\\\/\"},{\"@type\":\"ListItem\",\"position\":2,\"name\":\"Shop\",\"item\":\"https:\\\/\\\/prolab.ro\\\/shop\\\/\"},{\"@type\":\"ListItem\",\"position\":3,\"name\":\"BOLARUS Aurora \u2013 vitrine frigorifice \u0219i tejghele pentru patiserie\"}]},{\"@type\":\"WebSite\",\"@id\":\"https:\\\/\\\/prolab.ro\\\/ro\\\/#website\",\"url\":\"https:\\\/\\\/prolab.ro\\\/ro\\\/\",\"name\":\"www.prolab.ro\",\"description\":\"Echipamente profesionale HORECA\",\"publisher\":{\"@id\":\"https:\\\/\\\/prolab.ro\\\/ro\\\/#organization\"},\"potentialAction\":[{\"@type\":\"SearchAction\",\"target\":{\"@type\":\"EntryPoint\",\"urlTemplate\":\"https:\\\/\\\/prolab.ro\\\/ro\\\/?s={search_term_string}\"},\"query-input\":{\"@type\":\"PropertyValueSpecification\",\"valueRequired\":true,\"valueName\":\"search_term_string\"}}],\"inLanguage\":\"ro-RO\"},{\"@type\":\"Organization\",\"@id\":\"https:\\\/\\\/prolab.ro\\\/ro\\\/#organization\",\"name\":\"HORECA PROLAB SRL\",\"url\":\"https:\\\/\\\/prolab.ro\\\/ro\\\/\",\"logo\":{\"@type\":\"ImageObject\",\"inLanguage\":\"ro-RO\",\"@id\":\"https:\\\/\\\/prolab.ro\\\/ro\\\/#\\\/schema\\\/logo\\\/image\\\/\",\"url\":\"https:\\\/\\\/prolab.ro\\\/wp-content\\\/uploads\\\/2020\\\/10\\\/cropped-2019-06-21-logos-03-B-red.png\",\"contentUrl\":\"https:\\\/\\\/prolab.ro\\\/wp-content\\\/uploads\\\/2020\\\/10\\\/cropped-2019-06-21-logos-03-B-red.png\",\"width\":1963,\"height\":546,\"caption\":\"HORECA PROLAB SRL\"},\"image\":{\"@id\":\"https:\\\/\\\/prolab.ro\\\/ro\\\/#\\\/schema\\\/logo\\\/image\\\/\"},\"sameAs\":[\"https:\\\/\\\/www.facebook.com\\\/profile.php?id=100063772800673\"]}]}<\/script>\n<!-- \/ Yoast SEO plugin. -->","yoast_head_json":{"title":"BOLARUS Aurora \u2013 vitrine frigorifice \u0219i tejghele pentru patiserie - PROLAB","robots":{"index":"index","follow":"follow","max-snippet":"max-snippet:-1","max-image-preview":"max-image-preview:large","max-video-preview":"max-video-preview:-1"},"canonical":"https:\/\/prolab.ro\/ro\/produs\/bolarus-aurora-vitrine-frigorifice-si-tejghele-pentru-patiserie\/","og_locale":"ro_RO","og_type":"article","og_title":"BOLARUS Aurora \u2013 vitrine frigorifice \u0219i tejghele pentru patiserie - PROLAB","og_description":"Este o linie modular\u0103, ceea ce \u00eenseamn\u0103 c\u0103 po\u021bi combina mai multe vitrine pentru a crea un front complet de v\u00e2nzare.","og_url":"https:\/\/prolab.ro\/ro\/produs\/bolarus-aurora-vitrine-frigorifice-si-tejghele-pentru-patiserie\/","og_site_name":"PROLAB","article_publisher":"https:\/\/www.facebook.com\/profile.php?id=100063772800673","article_modified_time":"2026-03-24T12:37:01+00:00","og_image":[{"width":511,"height":453,"url":"https:\/\/prolab.ro\/wp-content\/uploads\/2026\/03\/Screenshot-2026-03-24-142514.png","type":"image\/png"}],"twitter_card":"summary_large_image","twitter_misc":{"Timp estimat pentru citire":"1 minut"},"schema":{"@context":"https:\/\/schema.org","@graph":[{"@type":"WebPage","@id":"https:\/\/prolab.ro\/product\/bolarus-aurora-vitrine-frigorifice-si-tejghele-pentru-patiserie\/","url":"https:\/\/prolab.ro\/product\/bolarus-aurora-vitrine-frigorifice-si-tejghele-pentru-patiserie\/","name":"BOLARUS Aurora \u2013 vitrine frigorifice \u0219i tejghele pentru patiserie - PROLAB","isPartOf":{"@id":"https:\/\/prolab.ro\/ro\/#website"},"primaryImageOfPage":{"@id":"https:\/\/prolab.ro\/product\/bolarus-aurora-vitrine-frigorifice-si-tejghele-pentru-patiserie\/#primaryimage"},"image":{"@id":"https:\/\/prolab.ro\/product\/bolarus-aurora-vitrine-frigorifice-si-tejghele-pentru-patiserie\/#primaryimage"},"thumbnailUrl":"https:\/\/prolab.ro\/wp-content\/uploads\/2026\/03\/Screenshot-2026-03-24-142514.png","datePublished":"2026-03-24T12:37:00+00:00","dateModified":"2026-03-24T12:37:01+00:00","breadcrumb":{"@id":"https:\/\/prolab.ro\/product\/bolarus-aurora-vitrine-frigorifice-si-tejghele-pentru-patiserie\/#breadcrumb"},"inLanguage":"ro-RO","potentialAction":[{"@type":"ReadAction","target":["https:\/\/prolab.ro\/product\/bolarus-aurora-vitrine-frigorifice-si-tejghele-pentru-patiserie\/"]}]},{"@type":"ImageObject","inLanguage":"ro-RO","@id":"https:\/\/prolab.ro\/product\/bolarus-aurora-vitrine-frigorifice-si-tejghele-pentru-patiserie\/#primaryimage","url":"https:\/\/prolab.ro\/wp-content\/uploads\/2026\/03\/Screenshot-2026-03-24-142514.png","contentUrl":"https:\/\/prolab.ro\/wp-content\/uploads\/2026\/03\/Screenshot-2026-03-24-142514.png","width":511,"height":453},{"@type":"BreadcrumbList","@id":"https:\/\/prolab.ro\/product\/bolarus-aurora-vitrine-frigorifice-si-tejghele-pentru-patiserie\/#breadcrumb","itemListElement":[{"@type":"ListItem","position":1,"name":"Home","item":"https:\/\/prolab.ro\/"},{"@type":"ListItem","position":2,"name":"Shop","item":"https:\/\/prolab.ro\/shop\/"},{"@type":"ListItem","position":3,"name":"BOLARUS Aurora \u2013 vitrine frigorifice \u0219i tejghele pentru patiserie"}]},{"@type":"WebSite","@id":"https:\/\/prolab.ro\/ro\/#website","url":"https:\/\/prolab.ro\/ro\/","name":"www.prolab.ro","description":"Echipamente profesionale HORECA","publisher":{"@id":"https:\/\/prolab.ro\/ro\/#organization"},"potentialAction":[{"@type":"SearchAction","target":{"@type":"EntryPoint","urlTemplate":"https:\/\/prolab.ro\/ro\/?s={search_term_string}"},"query-input":{"@type":"PropertyValueSpecification","valueRequired":true,"valueName":"search_term_string"}}],"inLanguage":"ro-RO"},{"@type":"Organization","@id":"https:\/\/prolab.ro\/ro\/#organization","name":"HORECA PROLAB SRL","url":"https:\/\/prolab.ro\/ro\/","logo":{"@type":"ImageObject","inLanguage":"ro-RO","@id":"https:\/\/prolab.ro\/ro\/#\/schema\/logo\/image\/","url":"https:\/\/prolab.ro\/wp-content\/uploads\/2020\/10\/cropped-2019-06-21-logos-03-B-red.png","contentUrl":"https:\/\/prolab.ro\/wp-content\/uploads\/2020\/10\/cropped-2019-06-21-logos-03-B-red.png","width":1963,"height":546,"caption":"HORECA PROLAB SRL"},"image":{"@id":"https:\/\/prolab.ro\/ro\/#\/schema\/logo\/image\/"},"sameAs":["https:\/\/www.facebook.com\/profile.php?id=100063772800673"]}]}},"_links":{"self":[{"href":"https:\/\/prolab.ro\/ro\/wp-json\/wp\/v2\/product\/3167","targetHints":{"allow":["GET"]}}],"collection":[{"href":"https:\/\/prolab.ro\/ro\/wp-json\/wp\/v2\/product"}],"about":[{"href":"https:\/\/prolab.ro\/ro\/wp-json\/wp\/v2\/types\/product"}],"replies":[{"embeddable":true,"href":"https:\/\/prolab.ro\/ro\/wp-json\/wp\/v2\/comments?post=3167"}],"wp:featuredmedia":[{"embeddable":true,"href":"https:\/\/prolab.ro\/ro\/wp-json\/wp\/v2\/media\/3168"}],"wp:attachment":[{"href":"https:\/\/prolab.ro\/ro\/wp-json\/wp\/v2\/media?parent=3167"}],"wp:term":[{"taxonomy":"product_brand","embeddable":true,"href":"https:\/\/prolab.ro\/ro\/wp-json\/wp\/v2\/product_brand?post=3167"},{"taxonomy":"product_cat","embeddable":true,"href":"https:\/\/prolab.ro\/ro\/wp-json\/wp\/v2\/product_cat?post=3167"},{"taxonomy":"product_tag","embeddable":true,"href":"https:\/\/prolab.ro\/ro\/wp-json\/wp\/v2\/product_tag?post=3167"}],"curies":[{"name":"wp","href":"https:\/\/api.w.org\/{rel}","templated":true}]}}