{"id":3131,"date":"2026-03-17T17:32:27","date_gmt":"2026-03-17T14:32:27","guid":{"rendered":"https:\/\/prolab.ro\/?post_type=product&#038;p=3131"},"modified":"2026-03-17T17:32:27","modified_gmt":"2026-03-17T14:32:27","slug":"grandimpianti-as-cleanliness-hygiene-and-safety","status":"publish","type":"product","link":"https:\/\/prolab.ro\/ro\/produs\/grandimpianti-as-cleanliness-hygiene-and-safety\/","title":{"rendered":"Grandimpianti AS: cleanliness, hygiene and safety"},"content":{"rendered":"<p data-section-id=\"myx1fz\" data-start=\"681\" data-end=\"731\"><strong>Caracteristica definitorie: bariera sanitar\u0103<\/strong><\/p>\n<p>ma\u0219inile au <strong data-start=\"748\" data-end=\"763\">2 u\u0219i opuse<\/strong>:<\/p>\n<ul>\n<li data-start=\"768\" data-end=\"809\">o parte \u2192 <strong data-start=\"778\" data-end=\"807\">zona murdar\u0103 (dirty side)<\/strong><\/li>\n<li data-start=\"812\" data-end=\"859\">cealalt\u0103 parte \u2192 <strong data-start=\"829\" data-end=\"857\">zona curat\u0103 (clean side)<\/strong><\/li>\n<\/ul>\n<p>\u2714 rufele murdare intr\u0103 pe o parte<br data-start=\"894\" data-end=\"897\" \/>\u2714 rufele curate ies pe cealalt\u0103 parte<br data-start=\"934\" data-end=\"937\" \/>\u2714 NU exist\u0103 contact \u00eentre ele<\/p>\n<p data-section-id=\"stt12g\" data-start=\"1085\" data-end=\"1107\"><strong>Igien\u0103 ridicat\u0103<\/strong><\/p>\n<ul>\n<li data-start=\"1110\" data-end=\"1160\">cicluri la <strong data-start=\"1121\" data-end=\"1158\">temperaturi \u00eenalte (dezinfectare)<\/strong><\/li>\n<li data-start=\"1163\" data-end=\"1256\">posibilitate de integrare sisteme speciale (ex: ozon)<\/li>\n<\/ul>\n<p><strong>\u00a0Construc\u021bie profesional\u0103<\/strong><\/p>\n<ul>\n<li data-start=\"1292\" data-end=\"1330\">tambur \u0219i cuv\u0103 din <strong data-start=\"1311\" data-end=\"1328\">inox AISI 304<\/strong><\/li>\n<li data-start=\"1333\" data-end=\"1381\">construc\u021bie robust\u0103 pentru utilizare intensiv\u0103<\/li>\n<\/ul>\n<p data-section-id=\"1t79g8c\" data-start=\"1383\" data-end=\"1411\"><strong>Control \u0219i optimizare<\/strong><\/p>\n<ul>\n<li data-start=\"1414\" data-end=\"1463\">programe de sp\u0103lare dedicate mediilor sensibile<\/li>\n<li data-start=\"1466\" data-end=\"1511\">optimizare consum detergent, ap\u0103 \u0219i energie<\/li>\n<\/ul>\n<p data-section-id=\"182oxlw\" data-start=\"1513\" data-end=\"1529\"><strong>Siguran\u021b\u0103<\/strong><\/p>\n<ul>\n<li data-start=\"1532\" data-end=\"1563\">sisteme de siguran\u021b\u0103 multiple<\/li>\n<li data-start=\"1566\" data-end=\"1605\">control al temperaturii \u0219i ciclurilor<\/li>\n<li data-start=\"1608\" data-end=\"1638\">separare fizic\u0103 a fluxurilor<\/li>\n<\/ul>\n<p>Capacitate de incarcare <strong>36 kg \/ 50 kg \/ 70 kg<\/strong><\/p>\n<p><a href=\"https:\/\/prolab.ro\/wp-content\/uploads\/2026\/03\/SEE-HERE-DETAILS-.pdf\">SEE HERE DETAILS<\/a><\/p>","protected":false},"excerpt":{"rendered":"<p>Seria <strong data-start=\"325\" data-end=\"331\">AS<\/strong> este o linie de <strong data-start=\"348\" data-end=\"400\">washer-extractor industriale cu barier\u0103 igienic\u0103<\/strong>, dedicate mediilor unde contaminarea trebuie eliminat\u0103 complet:<\/p>\n<ul>\n<li data-start=\"468\" data-end=\"477\">spitale<\/li>\n<li data-start=\"480\" data-end=\"489\">clinici<\/li>\n<li data-start=\"492\" data-end=\"499\">azile<\/li>\n<li data-start=\"502\" data-end=\"526\">industrie farmaceutic\u0103<\/li>\n<li data-start=\"529\" data-end=\"551\">industrie alimentar\u0103<\/li>\n<\/ul>","protected":false},"featured_media":3132,"comment_status":"open","ping_status":"closed","template":"","meta":{"ocean_post_layout":"","ocean_both_sidebars_style":"","ocean_both_sidebars_content_width":0,"ocean_both_sidebars_sidebars_width":0,"ocean_sidebar":"0","ocean_second_sidebar":"0","ocean_disable_margins":"enable","ocean_add_body_class":"","ocean_shortcode_before_top_bar":"","ocean_shortcode_after_top_bar":"","ocean_shortcode_before_header":"","ocean_shortcode_after_header":"","ocean_has_shortcode":"","ocean_shortcode_after_title":"","ocean_shortcode_before_footer_widgets":"","ocean_shortcode_after_footer_widgets":"","ocean_shortcode_before_footer_bottom":"","ocean_shortcode_after_footer_bottom":"","ocean_display_top_bar":"default","ocean_display_header":"default","ocean_header_style":"","ocean_center_header_left_menu":"0","ocean_custom_header_template":"0","ocean_custom_logo":0,"ocean_custom_retina_logo":0,"ocean_custom_logo_max_width":0,"ocean_custom_logo_tablet_max_width":0,"ocean_custom_logo_mobile_max_width":0,"ocean_custom_logo_max_height":0,"ocean_custom_logo_tablet_max_height":0,"ocean_custom_logo_mobile_max_height":0,"ocean_header_custom_menu":"0","ocean_menu_typo_font_family":"0","ocean_menu_typo_font_subset":"","ocean_menu_typo_font_size":0,"ocean_menu_typo_font_size_tablet":0,"ocean_menu_typo_font_size_mobile":0,"ocean_menu_typo_font_size_unit":"px","ocean_menu_typo_font_weight":"","ocean_menu_typo_font_weight_tablet":"","ocean_menu_typo_font_weight_mobile":"","ocean_menu_typo_transform":"","ocean_menu_typo_transform_tablet":"","ocean_menu_typo_transform_mobile":"","ocean_menu_typo_line_height":0,"ocean_menu_typo_line_height_tablet":0,"ocean_menu_typo_line_height_mobile":0,"ocean_menu_typo_line_height_unit":"","ocean_menu_typo_spacing":0,"ocean_menu_typo_spacing_tablet":0,"ocean_menu_typo_spacing_mobile":0,"ocean_menu_typo_spacing_unit":"","ocean_menu_link_color":"","ocean_menu_link_color_hover":"","ocean_menu_link_color_active":"","ocean_menu_link_background":"","ocean_menu_link_hover_background":"","ocean_menu_link_active_background":"","ocean_menu_social_links_bg":"","ocean_menu_social_hover_links_bg":"","ocean_menu_social_links_color":"","ocean_menu_social_hover_links_color":"","ocean_disable_title":"default","ocean_disable_heading":"default","ocean_post_title":"","ocean_post_subheading":"","ocean_post_title_style":"","ocean_post_title_background_color":"","ocean_post_title_background":0,"ocean_post_title_bg_image_position":"","ocean_post_title_bg_image_attachment":"","ocean_post_title_bg_image_repeat":"","ocean_post_title_bg_image_size":"","ocean_post_title_height":0,"ocean_post_title_bg_overlay":0.5,"ocean_post_title_bg_overlay_color":"","ocean_disable_breadcrumbs":"default","ocean_breadcrumbs_color":"","ocean_breadcrumbs_separator_color":"","ocean_breadcrumbs_links_color":"","ocean_breadcrumbs_links_hover_color":"","ocean_display_footer_widgets":"default","ocean_display_footer_bottom":"default","ocean_custom_footer_template":"0"},"product_brand":[],"product_cat":[687],"product_tag":[],"class_list":{"0":"post-3131","1":"product","2":"type-product","3":"status-publish","4":"has-post-thumbnail","6":"product_cat-washing-machine","8":"entry","9":"has-media","11":"first","12":"instock","13":"taxable","14":"shipping-taxable","15":"product-type-simple","16":"has-product-nav","17":"col","18":"span_1_of_2","19":"owp-content-center","20":"owp-thumbs-layout-horizontal","21":"owp-btn-normal","22":"owp-tabs-layout-horizontal","23":"has-no-thumbnails"},"yoast_head":"<!-- This site is optimized with the Yoast SEO plugin v27.6 - https:\/\/yoast.com\/product\/yoast-seo-wordpress\/ -->\n<title>Grandimpianti AS: cleanliness, hygiene and safety - PROLAB<\/title>\n<meta name=\"robots\" content=\"index, follow, max-snippet:-1, max-image-preview:large, max-video-preview:-1\" \/>\n<link rel=\"canonical\" href=\"https:\/\/prolab.ro\/ro\/produs\/grandimpianti-as-cleanliness-hygiene-and-safety\/\" \/>\n<meta property=\"og:locale\" content=\"ro_RO\" \/>\n<meta property=\"og:type\" content=\"article\" \/>\n<meta property=\"og:title\" content=\"Grandimpianti AS: cleanliness, hygiene and safety - PROLAB\" \/>\n<meta property=\"og:description\" content=\"Seria AS este o linie de washer-extractor industriale cu barier\u0103 igienic\u0103, dedicate mediilor unde contaminarea trebuie eliminat\u0103 complet:   spitale  clinici  azile  industrie farmaceutic\u0103  industrie alimentar\u0103\" \/>\n<meta property=\"og:url\" content=\"https:\/\/prolab.ro\/ro\/produs\/grandimpianti-as-cleanliness-hygiene-and-safety\/\" \/>\n<meta property=\"og:site_name\" content=\"PROLAB\" \/>\n<meta property=\"article:publisher\" content=\"https:\/\/www.facebook.com\/profile.php?id=100063772800673\" \/>\n<meta property=\"og:image\" content=\"https:\/\/prolab.ro\/wp-content\/uploads\/2026\/03\/61fbb4fee54871c134db0af9_Raggruppa-1264.jpg\" \/>\n\t<meta property=\"og:image:width\" content=\"440\" \/>\n\t<meta property=\"og:image:height\" content=\"577\" \/>\n\t<meta property=\"og:image:type\" content=\"image\/jpeg\" \/>\n<meta name=\"twitter:card\" content=\"summary_large_image\" \/>\n<meta name=\"twitter:label1\" content=\"Timp estimat pentru citire\" \/>\n\t<meta name=\"twitter:data1\" content=\"1 minut\" \/>\n<script type=\"application\/ld+json\" class=\"yoast-schema-graph\">{\"@context\":\"https:\\\/\\\/schema.org\",\"@graph\":[{\"@type\":\"WebPage\",\"@id\":\"https:\\\/\\\/prolab.ro\\\/product\\\/grandimpianti-as-cleanliness-hygiene-and-safety\\\/\",\"url\":\"https:\\\/\\\/prolab.ro\\\/product\\\/grandimpianti-as-cleanliness-hygiene-and-safety\\\/\",\"name\":\"Grandimpianti AS: cleanliness, hygiene and safety - PROLAB\",\"isPartOf\":{\"@id\":\"https:\\\/\\\/prolab.ro\\\/ro\\\/#website\"},\"primaryImageOfPage\":{\"@id\":\"https:\\\/\\\/prolab.ro\\\/product\\\/grandimpianti-as-cleanliness-hygiene-and-safety\\\/#primaryimage\"},\"image\":{\"@id\":\"https:\\\/\\\/prolab.ro\\\/product\\\/grandimpianti-as-cleanliness-hygiene-and-safety\\\/#primaryimage\"},\"thumbnailUrl\":\"https:\\\/\\\/prolab.ro\\\/wp-content\\\/uploads\\\/2026\\\/03\\\/61fbb4fee54871c134db0af9_Raggruppa-1264.jpg\",\"datePublished\":\"2026-03-17T14:32:27+00:00\",\"breadcrumb\":{\"@id\":\"https:\\\/\\\/prolab.ro\\\/product\\\/grandimpianti-as-cleanliness-hygiene-and-safety\\\/#breadcrumb\"},\"inLanguage\":\"ro-RO\",\"potentialAction\":[{\"@type\":\"ReadAction\",\"target\":[\"https:\\\/\\\/prolab.ro\\\/product\\\/grandimpianti-as-cleanliness-hygiene-and-safety\\\/\"]}]},{\"@type\":\"ImageObject\",\"inLanguage\":\"ro-RO\",\"@id\":\"https:\\\/\\\/prolab.ro\\\/product\\\/grandimpianti-as-cleanliness-hygiene-and-safety\\\/#primaryimage\",\"url\":\"https:\\\/\\\/prolab.ro\\\/wp-content\\\/uploads\\\/2026\\\/03\\\/61fbb4fee54871c134db0af9_Raggruppa-1264.jpg\",\"contentUrl\":\"https:\\\/\\\/prolab.ro\\\/wp-content\\\/uploads\\\/2026\\\/03\\\/61fbb4fee54871c134db0af9_Raggruppa-1264.jpg\",\"width\":440,\"height\":577},{\"@type\":\"BreadcrumbList\",\"@id\":\"https:\\\/\\\/prolab.ro\\\/product\\\/grandimpianti-as-cleanliness-hygiene-and-safety\\\/#breadcrumb\",\"itemListElement\":[{\"@type\":\"ListItem\",\"position\":1,\"name\":\"Home\",\"item\":\"https:\\\/\\\/prolab.ro\\\/\"},{\"@type\":\"ListItem\",\"position\":2,\"name\":\"Shop\",\"item\":\"https:\\\/\\\/prolab.ro\\\/shop\\\/\"},{\"@type\":\"ListItem\",\"position\":3,\"name\":\"Grandimpianti AS: cleanliness, hygiene and safety\"}]},{\"@type\":\"WebSite\",\"@id\":\"https:\\\/\\\/prolab.ro\\\/ro\\\/#website\",\"url\":\"https:\\\/\\\/prolab.ro\\\/ro\\\/\",\"name\":\"www.prolab.ro\",\"description\":\"Echipamente profesionale HORECA\",\"publisher\":{\"@id\":\"https:\\\/\\\/prolab.ro\\\/ro\\\/#organization\"},\"potentialAction\":[{\"@type\":\"SearchAction\",\"target\":{\"@type\":\"EntryPoint\",\"urlTemplate\":\"https:\\\/\\\/prolab.ro\\\/ro\\\/?s={search_term_string}\"},\"query-input\":{\"@type\":\"PropertyValueSpecification\",\"valueRequired\":true,\"valueName\":\"search_term_string\"}}],\"inLanguage\":\"ro-RO\"},{\"@type\":\"Organization\",\"@id\":\"https:\\\/\\\/prolab.ro\\\/ro\\\/#organization\",\"name\":\"HORECA PROLAB SRL\",\"url\":\"https:\\\/\\\/prolab.ro\\\/ro\\\/\",\"logo\":{\"@type\":\"ImageObject\",\"inLanguage\":\"ro-RO\",\"@id\":\"https:\\\/\\\/prolab.ro\\\/ro\\\/#\\\/schema\\\/logo\\\/image\\\/\",\"url\":\"https:\\\/\\\/prolab.ro\\\/wp-content\\\/uploads\\\/2020\\\/10\\\/cropped-2019-06-21-logos-03-B-red.png\",\"contentUrl\":\"https:\\\/\\\/prolab.ro\\\/wp-content\\\/uploads\\\/2020\\\/10\\\/cropped-2019-06-21-logos-03-B-red.png\",\"width\":1963,\"height\":546,\"caption\":\"HORECA PROLAB SRL\"},\"image\":{\"@id\":\"https:\\\/\\\/prolab.ro\\\/ro\\\/#\\\/schema\\\/logo\\\/image\\\/\"},\"sameAs\":[\"https:\\\/\\\/www.facebook.com\\\/profile.php?id=100063772800673\"]}]}<\/script>\n<!-- \/ Yoast SEO plugin. -->","yoast_head_json":{"title":"Grandimpianti AS: cleanliness, hygiene and safety - PROLAB","robots":{"index":"index","follow":"follow","max-snippet":"max-snippet:-1","max-image-preview":"max-image-preview:large","max-video-preview":"max-video-preview:-1"},"canonical":"https:\/\/prolab.ro\/ro\/produs\/grandimpianti-as-cleanliness-hygiene-and-safety\/","og_locale":"ro_RO","og_type":"article","og_title":"Grandimpianti AS: cleanliness, hygiene and safety - PROLAB","og_description":"Seria AS este o linie de washer-extractor industriale cu barier\u0103 igienic\u0103, dedicate mediilor unde contaminarea trebuie eliminat\u0103 complet:   spitale  clinici  azile  industrie farmaceutic\u0103  industrie alimentar\u0103","og_url":"https:\/\/prolab.ro\/ro\/produs\/grandimpianti-as-cleanliness-hygiene-and-safety\/","og_site_name":"PROLAB","article_publisher":"https:\/\/www.facebook.com\/profile.php?id=100063772800673","og_image":[{"width":440,"height":577,"url":"https:\/\/prolab.ro\/wp-content\/uploads\/2026\/03\/61fbb4fee54871c134db0af9_Raggruppa-1264.jpg","type":"image\/jpeg"}],"twitter_card":"summary_large_image","twitter_misc":{"Timp estimat pentru citire":"1 minut"},"schema":{"@context":"https:\/\/schema.org","@graph":[{"@type":"WebPage","@id":"https:\/\/prolab.ro\/product\/grandimpianti-as-cleanliness-hygiene-and-safety\/","url":"https:\/\/prolab.ro\/product\/grandimpianti-as-cleanliness-hygiene-and-safety\/","name":"Grandimpianti AS: cleanliness, hygiene and safety - PROLAB","isPartOf":{"@id":"https:\/\/prolab.ro\/ro\/#website"},"primaryImageOfPage":{"@id":"https:\/\/prolab.ro\/product\/grandimpianti-as-cleanliness-hygiene-and-safety\/#primaryimage"},"image":{"@id":"https:\/\/prolab.ro\/product\/grandimpianti-as-cleanliness-hygiene-and-safety\/#primaryimage"},"thumbnailUrl":"https:\/\/prolab.ro\/wp-content\/uploads\/2026\/03\/61fbb4fee54871c134db0af9_Raggruppa-1264.jpg","datePublished":"2026-03-17T14:32:27+00:00","breadcrumb":{"@id":"https:\/\/prolab.ro\/product\/grandimpianti-as-cleanliness-hygiene-and-safety\/#breadcrumb"},"inLanguage":"ro-RO","potentialAction":[{"@type":"ReadAction","target":["https:\/\/prolab.ro\/product\/grandimpianti-as-cleanliness-hygiene-and-safety\/"]}]},{"@type":"ImageObject","inLanguage":"ro-RO","@id":"https:\/\/prolab.ro\/product\/grandimpianti-as-cleanliness-hygiene-and-safety\/#primaryimage","url":"https:\/\/prolab.ro\/wp-content\/uploads\/2026\/03\/61fbb4fee54871c134db0af9_Raggruppa-1264.jpg","contentUrl":"https:\/\/prolab.ro\/wp-content\/uploads\/2026\/03\/61fbb4fee54871c134db0af9_Raggruppa-1264.jpg","width":440,"height":577},{"@type":"BreadcrumbList","@id":"https:\/\/prolab.ro\/product\/grandimpianti-as-cleanliness-hygiene-and-safety\/#breadcrumb","itemListElement":[{"@type":"ListItem","position":1,"name":"Home","item":"https:\/\/prolab.ro\/"},{"@type":"ListItem","position":2,"name":"Shop","item":"https:\/\/prolab.ro\/shop\/"},{"@type":"ListItem","position":3,"name":"Grandimpianti AS: cleanliness, hygiene and safety"}]},{"@type":"WebSite","@id":"https:\/\/prolab.ro\/ro\/#website","url":"https:\/\/prolab.ro\/ro\/","name":"www.prolab.ro","description":"Echipamente profesionale HORECA","publisher":{"@id":"https:\/\/prolab.ro\/ro\/#organization"},"potentialAction":[{"@type":"SearchAction","target":{"@type":"EntryPoint","urlTemplate":"https:\/\/prolab.ro\/ro\/?s={search_term_string}"},"query-input":{"@type":"PropertyValueSpecification","valueRequired":true,"valueName":"search_term_string"}}],"inLanguage":"ro-RO"},{"@type":"Organization","@id":"https:\/\/prolab.ro\/ro\/#organization","name":"HORECA PROLAB SRL","url":"https:\/\/prolab.ro\/ro\/","logo":{"@type":"ImageObject","inLanguage":"ro-RO","@id":"https:\/\/prolab.ro\/ro\/#\/schema\/logo\/image\/","url":"https:\/\/prolab.ro\/wp-content\/uploads\/2020\/10\/cropped-2019-06-21-logos-03-B-red.png","contentUrl":"https:\/\/prolab.ro\/wp-content\/uploads\/2020\/10\/cropped-2019-06-21-logos-03-B-red.png","width":1963,"height":546,"caption":"HORECA PROLAB SRL"},"image":{"@id":"https:\/\/prolab.ro\/ro\/#\/schema\/logo\/image\/"},"sameAs":["https:\/\/www.facebook.com\/profile.php?id=100063772800673"]}]}},"_links":{"self":[{"href":"https:\/\/prolab.ro\/ro\/wp-json\/wp\/v2\/product\/3131","targetHints":{"allow":["GET"]}}],"collection":[{"href":"https:\/\/prolab.ro\/ro\/wp-json\/wp\/v2\/product"}],"about":[{"href":"https:\/\/prolab.ro\/ro\/wp-json\/wp\/v2\/types\/product"}],"replies":[{"embeddable":true,"href":"https:\/\/prolab.ro\/ro\/wp-json\/wp\/v2\/comments?post=3131"}],"wp:featuredmedia":[{"embeddable":true,"href":"https:\/\/prolab.ro\/ro\/wp-json\/wp\/v2\/media\/3132"}],"wp:attachment":[{"href":"https:\/\/prolab.ro\/ro\/wp-json\/wp\/v2\/media?parent=3131"}],"wp:term":[{"taxonomy":"product_brand","embeddable":true,"href":"https:\/\/prolab.ro\/ro\/wp-json\/wp\/v2\/product_brand?post=3131"},{"taxonomy":"product_cat","embeddable":true,"href":"https:\/\/prolab.ro\/ro\/wp-json\/wp\/v2\/product_cat?post=3131"},{"taxonomy":"product_tag","embeddable":true,"href":"https:\/\/prolab.ro\/ro\/wp-json\/wp\/v2\/product_tag?post=3131"}],"curies":[{"name":"wp","href":"https:\/\/api.w.org\/{rel}","templated":true}]}}