{"id":3124,"date":"2026-03-16T17:12:08","date_gmt":"2026-03-16T14:12:08","guid":{"rendered":"https:\/\/prolab.ro\/?post_type=product&#038;p=3124"},"modified":"2026-03-16T17:12:08","modified_gmt":"2026-03-16T14:12:08","slug":"grandimpianti-ga-high-speed-hygiene","status":"publish","type":"product","link":"https:\/\/prolab.ro\/ro\/produs\/grandimpianti-ga-high-speed-hygiene\/","title":{"rendered":"Grandimpianti GA \u2013 High-Speed Hygiene"},"content":{"rendered":"<p>Disponibile \u00een capacit\u0103\u021bi de aproximativ <strong data-start=\"684\" data-end=\"709\">18 kg, 24 kg \u0219i 28 kg<\/strong>.<\/p>\n<p data-section-id=\"1n4y3vm\" data-start=\"790\" data-end=\"838\">Sistem cu <strong data-start=\"807\" data-end=\"838\">dou\u0103 u\u0219i (barier\u0103 igienic\u0103)<\/strong><\/p>\n<ul>\n<li>o u\u0219\u0103 pentru <strong data-start=\"854\" data-end=\"889\">introducerea textilelor murdare<\/strong><\/li>\n<li>o u\u0219\u0103 pe partea opus\u0103 pentru <strong data-start=\"923\" data-end=\"954\">scoaterea textilelor curate<\/strong><\/li>\n<li>elimin\u0103 contaminarea \u00eencruci\u0219at\u0103 \u00eentre zonele \u201edirty\u201d \u0219i \u201eclean\u201d.<\/li>\n<\/ul>\n<p><strong data-start=\"1073\" data-end=\"1104\">Centrifugare de mare vitez\u0103<\/strong><\/p>\n<ul>\n<li data-start=\"1107\" data-end=\"1136\">vitez\u0103 mare de centrifugare<\/li>\n<li data-start=\"1139\" data-end=\"1185\">reduce <strong data-start=\"1146\" data-end=\"1170\">umiditatea rezidual\u0103<\/strong> a textilelor<\/li>\n<li data-start=\"1188\" data-end=\"1281\">scurteaz\u0103 timpul de uscare \u0219i cre\u0219te productivitatea.<\/li>\n<\/ul>\n<p data-section-id=\"dxcn1t\" data-start=\"1283\" data-end=\"1309\">Construc\u021bie robust\u0103<\/p>\n<ul>\n<li data-start=\"1312\" data-end=\"1361\">tambur \u0219i cuv\u0103 din <strong data-start=\"1331\" data-end=\"1359\">o\u021bel inoxidabil AISI 304<\/strong><\/li>\n<li data-start=\"1364\" data-end=\"1448\">componente rezistente la coroziune \u0219i uzur\u0103.<\/li>\n<\/ul>\n<p data-section-id=\"kfxjl6\" data-start=\"1450\" data-end=\"1483\">Control electronic avansat<\/p>\n<ul>\n<li data-start=\"1486\" data-end=\"1543\">sistem de control electronic pentru programe de sp\u0103lare<\/li>\n<li data-start=\"1546\" data-end=\"1650\">posibilitatea de <strong data-start=\"1563\" data-end=\"1609\">monitorizare \u0219i personalizare a ciclurilor<\/strong>.<\/li>\n<li>Optimizare consumuri<\/li>\n<li data-start=\"1682\" data-end=\"1842\">sisteme de dozare \u0219i control care pot <strong data-start=\"1720\" data-end=\"1768\">reduce consumul de ap\u0103, energie \u0219i detergent<\/strong> \u00een func\u021bie de cantitatea de rufe.<\/li>\n<\/ul>\n<p><a href=\"https:\/\/prolab.ro\/wp-content\/uploads\/2026\/03\/DETAILS-EN.pdf\">DETAILS-EN<\/a><\/p>","protected":false},"excerpt":{"rendered":"<p>Aceste ma\u0219ini sunt <strong data-start=\"379\" data-end=\"464\">washer-extractor industriale cu centrifugare rapid\u0103 \u0219i sistem de barier\u0103 sanitar\u0103<\/strong>, create pentru <strong data-start=\"480\" data-end=\"532\">sp\u0103larea \u0219i dezinfectarea textilelor contaminate<\/strong> f\u0103r\u0103 risc de contaminare \u00eentre zona murdar\u0103 \u0219i zona curat\u0103<\/p>","protected":false},"featured_media":3125,"comment_status":"open","ping_status":"closed","template":"","meta":{"ocean_post_layout":"","ocean_both_sidebars_style":"","ocean_both_sidebars_content_width":0,"ocean_both_sidebars_sidebars_width":0,"ocean_sidebar":"0","ocean_second_sidebar":"0","ocean_disable_margins":"enable","ocean_add_body_class":"","ocean_shortcode_before_top_bar":"","ocean_shortcode_after_top_bar":"","ocean_shortcode_before_header":"","ocean_shortcode_after_header":"","ocean_has_shortcode":"","ocean_shortcode_after_title":"","ocean_shortcode_before_footer_widgets":"","ocean_shortcode_after_footer_widgets":"","ocean_shortcode_before_footer_bottom":"","ocean_shortcode_after_footer_bottom":"","ocean_display_top_bar":"default","ocean_display_header":"default","ocean_header_style":"","ocean_center_header_left_menu":"0","ocean_custom_header_template":"0","ocean_custom_logo":0,"ocean_custom_retina_logo":0,"ocean_custom_logo_max_width":0,"ocean_custom_logo_tablet_max_width":0,"ocean_custom_logo_mobile_max_width":0,"ocean_custom_logo_max_height":0,"ocean_custom_logo_tablet_max_height":0,"ocean_custom_logo_mobile_max_height":0,"ocean_header_custom_menu":"0","ocean_menu_typo_font_family":"0","ocean_menu_typo_font_subset":"","ocean_menu_typo_font_size":0,"ocean_menu_typo_font_size_tablet":0,"ocean_menu_typo_font_size_mobile":0,"ocean_menu_typo_font_size_unit":"px","ocean_menu_typo_font_weight":"","ocean_menu_typo_font_weight_tablet":"","ocean_menu_typo_font_weight_mobile":"","ocean_menu_typo_transform":"","ocean_menu_typo_transform_tablet":"","ocean_menu_typo_transform_mobile":"","ocean_menu_typo_line_height":0,"ocean_menu_typo_line_height_tablet":0,"ocean_menu_typo_line_height_mobile":0,"ocean_menu_typo_line_height_unit":"","ocean_menu_typo_spacing":0,"ocean_menu_typo_spacing_tablet":0,"ocean_menu_typo_spacing_mobile":0,"ocean_menu_typo_spacing_unit":"","ocean_menu_link_color":"","ocean_menu_link_color_hover":"","ocean_menu_link_color_active":"","ocean_menu_link_background":"","ocean_menu_link_hover_background":"","ocean_menu_link_active_background":"","ocean_menu_social_links_bg":"","ocean_menu_social_hover_links_bg":"","ocean_menu_social_links_color":"","ocean_menu_social_hover_links_color":"","ocean_disable_title":"default","ocean_disable_heading":"default","ocean_post_title":"","ocean_post_subheading":"","ocean_post_title_style":"","ocean_post_title_background_color":"","ocean_post_title_background":0,"ocean_post_title_bg_image_position":"","ocean_post_title_bg_image_attachment":"","ocean_post_title_bg_image_repeat":"","ocean_post_title_bg_image_size":"","ocean_post_title_height":0,"ocean_post_title_bg_overlay":0.5,"ocean_post_title_bg_overlay_color":"","ocean_disable_breadcrumbs":"default","ocean_breadcrumbs_color":"","ocean_breadcrumbs_separator_color":"","ocean_breadcrumbs_links_color":"","ocean_breadcrumbs_links_hover_color":"","ocean_display_footer_widgets":"default","ocean_display_footer_bottom":"default","ocean_custom_footer_template":"0"},"product_brand":[],"product_cat":[687],"product_tag":[],"class_list":{"0":"post-3124","1":"product","2":"type-product","3":"status-publish","4":"has-post-thumbnail","6":"product_cat-washing-machine","8":"entry","9":"has-media","11":"first","12":"instock","13":"taxable","14":"shipping-taxable","15":"product-type-simple","16":"has-product-nav","17":"col","18":"span_1_of_2","19":"owp-content-center","20":"owp-thumbs-layout-horizontal","21":"owp-btn-normal","22":"owp-tabs-layout-horizontal","23":"has-no-thumbnails"},"yoast_head":"<!-- This site is optimized with the Yoast SEO plugin v27.4 - https:\/\/yoast.com\/product\/yoast-seo-wordpress\/ -->\n<title>Grandimpianti GA \u2013 High-Speed Hygiene - PROLAB<\/title>\n<meta name=\"robots\" content=\"index, follow, max-snippet:-1, max-image-preview:large, max-video-preview:-1\" \/>\n<link rel=\"canonical\" href=\"https:\/\/prolab.ro\/ro\/produs\/grandimpianti-ga-high-speed-hygiene\/\" \/>\n<meta property=\"og:locale\" content=\"ro_RO\" \/>\n<meta property=\"og:type\" content=\"article\" \/>\n<meta property=\"og:title\" content=\"Grandimpianti GA \u2013 High-Speed Hygiene - PROLAB\" \/>\n<meta property=\"og:description\" content=\"Aceste ma\u0219ini sunt washer-extractor industriale cu centrifugare rapid\u0103 \u0219i sistem de barier\u0103 sanitar\u0103, create pentru sp\u0103larea \u0219i dezinfectarea textilelor contaminate f\u0103r\u0103 risc de contaminare \u00eentre zona murdar\u0103 \u0219i zona curat\u0103\" \/>\n<meta property=\"og:url\" content=\"https:\/\/prolab.ro\/ro\/produs\/grandimpianti-ga-high-speed-hygiene\/\" \/>\n<meta property=\"og:site_name\" content=\"PROLAB\" \/>\n<meta property=\"article:publisher\" content=\"https:\/\/www.facebook.com\/profile.php?id=100063772800673\" \/>\n<meta property=\"og:image\" content=\"https:\/\/prolab.ro\/wp-content\/uploads\/2026\/03\/61fbb5428e639dccc0c39549_Raggruppa-1263.jpg\" \/>\n\t<meta property=\"og:image:width\" content=\"496\" \/>\n\t<meta property=\"og:image:height\" content=\"577\" \/>\n\t<meta property=\"og:image:type\" content=\"image\/jpeg\" \/>\n<meta name=\"twitter:card\" content=\"summary_large_image\" \/>\n<meta name=\"twitter:label1\" content=\"Timp estimat pentru citire\" \/>\n\t<meta name=\"twitter:data1\" content=\"1 minut\" \/>\n<script type=\"application\/ld+json\" class=\"yoast-schema-graph\">{\"@context\":\"https:\\\/\\\/schema.org\",\"@graph\":[{\"@type\":\"WebPage\",\"@id\":\"https:\\\/\\\/prolab.ro\\\/product\\\/grandimpianti-ga-high-speed-hygiene\\\/\",\"url\":\"https:\\\/\\\/prolab.ro\\\/product\\\/grandimpianti-ga-high-speed-hygiene\\\/\",\"name\":\"Grandimpianti GA \u2013 High-Speed Hygiene - PROLAB\",\"isPartOf\":{\"@id\":\"https:\\\/\\\/prolab.ro\\\/ro\\\/#website\"},\"primaryImageOfPage\":{\"@id\":\"https:\\\/\\\/prolab.ro\\\/product\\\/grandimpianti-ga-high-speed-hygiene\\\/#primaryimage\"},\"image\":{\"@id\":\"https:\\\/\\\/prolab.ro\\\/product\\\/grandimpianti-ga-high-speed-hygiene\\\/#primaryimage\"},\"thumbnailUrl\":\"https:\\\/\\\/prolab.ro\\\/wp-content\\\/uploads\\\/2026\\\/03\\\/61fbb5428e639dccc0c39549_Raggruppa-1263.jpg\",\"datePublished\":\"2026-03-16T14:12:08+00:00\",\"breadcrumb\":{\"@id\":\"https:\\\/\\\/prolab.ro\\\/product\\\/grandimpianti-ga-high-speed-hygiene\\\/#breadcrumb\"},\"inLanguage\":\"ro-RO\",\"potentialAction\":[{\"@type\":\"ReadAction\",\"target\":[\"https:\\\/\\\/prolab.ro\\\/product\\\/grandimpianti-ga-high-speed-hygiene\\\/\"]}]},{\"@type\":\"ImageObject\",\"inLanguage\":\"ro-RO\",\"@id\":\"https:\\\/\\\/prolab.ro\\\/product\\\/grandimpianti-ga-high-speed-hygiene\\\/#primaryimage\",\"url\":\"https:\\\/\\\/prolab.ro\\\/wp-content\\\/uploads\\\/2026\\\/03\\\/61fbb5428e639dccc0c39549_Raggruppa-1263.jpg\",\"contentUrl\":\"https:\\\/\\\/prolab.ro\\\/wp-content\\\/uploads\\\/2026\\\/03\\\/61fbb5428e639dccc0c39549_Raggruppa-1263.jpg\",\"width\":496,\"height\":577},{\"@type\":\"BreadcrumbList\",\"@id\":\"https:\\\/\\\/prolab.ro\\\/product\\\/grandimpianti-ga-high-speed-hygiene\\\/#breadcrumb\",\"itemListElement\":[{\"@type\":\"ListItem\",\"position\":1,\"name\":\"Home\",\"item\":\"https:\\\/\\\/prolab.ro\\\/\"},{\"@type\":\"ListItem\",\"position\":2,\"name\":\"Shop\",\"item\":\"https:\\\/\\\/prolab.ro\\\/shop\\\/\"},{\"@type\":\"ListItem\",\"position\":3,\"name\":\"Grandimpianti GA \u2013 High-Speed Hygiene\"}]},{\"@type\":\"WebSite\",\"@id\":\"https:\\\/\\\/prolab.ro\\\/ro\\\/#website\",\"url\":\"https:\\\/\\\/prolab.ro\\\/ro\\\/\",\"name\":\"www.prolab.ro\",\"description\":\"Echipamente profesionale HORECA\",\"publisher\":{\"@id\":\"https:\\\/\\\/prolab.ro\\\/ro\\\/#organization\"},\"potentialAction\":[{\"@type\":\"SearchAction\",\"target\":{\"@type\":\"EntryPoint\",\"urlTemplate\":\"https:\\\/\\\/prolab.ro\\\/ro\\\/?s={search_term_string}\"},\"query-input\":{\"@type\":\"PropertyValueSpecification\",\"valueRequired\":true,\"valueName\":\"search_term_string\"}}],\"inLanguage\":\"ro-RO\"},{\"@type\":\"Organization\",\"@id\":\"https:\\\/\\\/prolab.ro\\\/ro\\\/#organization\",\"name\":\"HORECA PROLAB SRL\",\"url\":\"https:\\\/\\\/prolab.ro\\\/ro\\\/\",\"logo\":{\"@type\":\"ImageObject\",\"inLanguage\":\"ro-RO\",\"@id\":\"https:\\\/\\\/prolab.ro\\\/ro\\\/#\\\/schema\\\/logo\\\/image\\\/\",\"url\":\"https:\\\/\\\/prolab.ro\\\/wp-content\\\/uploads\\\/2020\\\/10\\\/cropped-2019-06-21-logos-03-B-red.png\",\"contentUrl\":\"https:\\\/\\\/prolab.ro\\\/wp-content\\\/uploads\\\/2020\\\/10\\\/cropped-2019-06-21-logos-03-B-red.png\",\"width\":1963,\"height\":546,\"caption\":\"HORECA PROLAB SRL\"},\"image\":{\"@id\":\"https:\\\/\\\/prolab.ro\\\/ro\\\/#\\\/schema\\\/logo\\\/image\\\/\"},\"sameAs\":[\"https:\\\/\\\/www.facebook.com\\\/profile.php?id=100063772800673\"]}]}<\/script>\n<!-- \/ Yoast SEO plugin. -->","yoast_head_json":{"title":"Grandimpianti GA \u2013 High-Speed Hygiene - PROLAB","robots":{"index":"index","follow":"follow","max-snippet":"max-snippet:-1","max-image-preview":"max-image-preview:large","max-video-preview":"max-video-preview:-1"},"canonical":"https:\/\/prolab.ro\/ro\/produs\/grandimpianti-ga-high-speed-hygiene\/","og_locale":"ro_RO","og_type":"article","og_title":"Grandimpianti GA \u2013 High-Speed Hygiene - PROLAB","og_description":"Aceste ma\u0219ini sunt washer-extractor industriale cu centrifugare rapid\u0103 \u0219i sistem de barier\u0103 sanitar\u0103, create pentru sp\u0103larea \u0219i dezinfectarea textilelor contaminate f\u0103r\u0103 risc de contaminare \u00eentre zona murdar\u0103 \u0219i zona curat\u0103","og_url":"https:\/\/prolab.ro\/ro\/produs\/grandimpianti-ga-high-speed-hygiene\/","og_site_name":"PROLAB","article_publisher":"https:\/\/www.facebook.com\/profile.php?id=100063772800673","og_image":[{"width":496,"height":577,"url":"https:\/\/prolab.ro\/wp-content\/uploads\/2026\/03\/61fbb5428e639dccc0c39549_Raggruppa-1263.jpg","type":"image\/jpeg"}],"twitter_card":"summary_large_image","twitter_misc":{"Timp estimat pentru citire":"1 minut"},"schema":{"@context":"https:\/\/schema.org","@graph":[{"@type":"WebPage","@id":"https:\/\/prolab.ro\/product\/grandimpianti-ga-high-speed-hygiene\/","url":"https:\/\/prolab.ro\/product\/grandimpianti-ga-high-speed-hygiene\/","name":"Grandimpianti GA \u2013 High-Speed Hygiene - PROLAB","isPartOf":{"@id":"https:\/\/prolab.ro\/ro\/#website"},"primaryImageOfPage":{"@id":"https:\/\/prolab.ro\/product\/grandimpianti-ga-high-speed-hygiene\/#primaryimage"},"image":{"@id":"https:\/\/prolab.ro\/product\/grandimpianti-ga-high-speed-hygiene\/#primaryimage"},"thumbnailUrl":"https:\/\/prolab.ro\/wp-content\/uploads\/2026\/03\/61fbb5428e639dccc0c39549_Raggruppa-1263.jpg","datePublished":"2026-03-16T14:12:08+00:00","breadcrumb":{"@id":"https:\/\/prolab.ro\/product\/grandimpianti-ga-high-speed-hygiene\/#breadcrumb"},"inLanguage":"ro-RO","potentialAction":[{"@type":"ReadAction","target":["https:\/\/prolab.ro\/product\/grandimpianti-ga-high-speed-hygiene\/"]}]},{"@type":"ImageObject","inLanguage":"ro-RO","@id":"https:\/\/prolab.ro\/product\/grandimpianti-ga-high-speed-hygiene\/#primaryimage","url":"https:\/\/prolab.ro\/wp-content\/uploads\/2026\/03\/61fbb5428e639dccc0c39549_Raggruppa-1263.jpg","contentUrl":"https:\/\/prolab.ro\/wp-content\/uploads\/2026\/03\/61fbb5428e639dccc0c39549_Raggruppa-1263.jpg","width":496,"height":577},{"@type":"BreadcrumbList","@id":"https:\/\/prolab.ro\/product\/grandimpianti-ga-high-speed-hygiene\/#breadcrumb","itemListElement":[{"@type":"ListItem","position":1,"name":"Home","item":"https:\/\/prolab.ro\/"},{"@type":"ListItem","position":2,"name":"Shop","item":"https:\/\/prolab.ro\/shop\/"},{"@type":"ListItem","position":3,"name":"Grandimpianti GA \u2013 High-Speed Hygiene"}]},{"@type":"WebSite","@id":"https:\/\/prolab.ro\/ro\/#website","url":"https:\/\/prolab.ro\/ro\/","name":"www.prolab.ro","description":"Echipamente profesionale HORECA","publisher":{"@id":"https:\/\/prolab.ro\/ro\/#organization"},"potentialAction":[{"@type":"SearchAction","target":{"@type":"EntryPoint","urlTemplate":"https:\/\/prolab.ro\/ro\/?s={search_term_string}"},"query-input":{"@type":"PropertyValueSpecification","valueRequired":true,"valueName":"search_term_string"}}],"inLanguage":"ro-RO"},{"@type":"Organization","@id":"https:\/\/prolab.ro\/ro\/#organization","name":"HORECA PROLAB SRL","url":"https:\/\/prolab.ro\/ro\/","logo":{"@type":"ImageObject","inLanguage":"ro-RO","@id":"https:\/\/prolab.ro\/ro\/#\/schema\/logo\/image\/","url":"https:\/\/prolab.ro\/wp-content\/uploads\/2020\/10\/cropped-2019-06-21-logos-03-B-red.png","contentUrl":"https:\/\/prolab.ro\/wp-content\/uploads\/2020\/10\/cropped-2019-06-21-logos-03-B-red.png","width":1963,"height":546,"caption":"HORECA PROLAB SRL"},"image":{"@id":"https:\/\/prolab.ro\/ro\/#\/schema\/logo\/image\/"},"sameAs":["https:\/\/www.facebook.com\/profile.php?id=100063772800673"]}]}},"_links":{"self":[{"href":"https:\/\/prolab.ro\/ro\/wp-json\/wp\/v2\/product\/3124","targetHints":{"allow":["GET"]}}],"collection":[{"href":"https:\/\/prolab.ro\/ro\/wp-json\/wp\/v2\/product"}],"about":[{"href":"https:\/\/prolab.ro\/ro\/wp-json\/wp\/v2\/types\/product"}],"replies":[{"embeddable":true,"href":"https:\/\/prolab.ro\/ro\/wp-json\/wp\/v2\/comments?post=3124"}],"wp:featuredmedia":[{"embeddable":true,"href":"https:\/\/prolab.ro\/ro\/wp-json\/wp\/v2\/media\/3125"}],"wp:attachment":[{"href":"https:\/\/prolab.ro\/ro\/wp-json\/wp\/v2\/media?parent=3124"}],"wp:term":[{"taxonomy":"product_brand","embeddable":true,"href":"https:\/\/prolab.ro\/ro\/wp-json\/wp\/v2\/product_brand?post=3124"},{"taxonomy":"product_cat","embeddable":true,"href":"https:\/\/prolab.ro\/ro\/wp-json\/wp\/v2\/product_cat?post=3124"},{"taxonomy":"product_tag","embeddable":true,"href":"https:\/\/prolab.ro\/ro\/wp-json\/wp\/v2\/product_tag?post=3124"}],"curies":[{"name":"wp","href":"https:\/\/api.w.org\/{rel}","templated":true}]}}