{"id":3119,"date":"2026-03-16T16:43:42","date_gmt":"2026-03-16T13:43:42","guid":{"rendered":"https:\/\/prolab.ro\/?post_type=product&#038;p=3119"},"modified":"2026-03-16T16:43:42","modified_gmt":"2026-03-16T13:43:42","slug":"grandimpianti-gwm-gwn-g4-wiz-masina-de-spalat-profesionala-rigida-cu-control-inteligent","status":"publish","type":"product","link":"https:\/\/prolab.ro\/ro\/produs\/grandimpianti-gwm-gwn-g4-wiz-masina-de-spalat-profesionala-rigida-cu-control-inteligent\/","title":{"rendered":"Grandimpianti GWM \/ GWN G4\u2011Wiz- ma\u0219ina de sp\u0103lat profesionala rigida cu control inteligent"},"content":{"rendered":"<p>Masinile \u201erigide\u201d \u00eenseamn\u0103 c\u0103 acestea au un <strong data-start=\"629\" data-end=\"666\">cadru monobloc solid \u0219i rezistent<\/strong>, f\u0103r\u0103 amortizoare sau arcuri tradi\u0163ionale, ceea ce reduce uzura mecanic\u0103 \u0219i costurile de \u00eentre\u021binere.<\/p>\n<p>Disponibile \u00een mai multe variante, de la <strong data-start=\"887\" data-end=\"909\">8\u202fkg p\u00e2n\u0103 la 28\u202fkg<\/strong> capacitate, potrivite pentru cantit\u0103\u021bi mari de rufe.<\/p>\n<h4 data-section-id=\"1s7c5v6\" data-start=\"1291\" data-end=\"1326\">Sistem de control <strong data-start=\"1315\" data-end=\"1326\">G4\u2011Wiz\u00ae<\/strong><\/h4>\n<p data-start=\"1328\" data-end=\"1421\">Un element cheie al acestor ma\u015fini este <strong data-start=\"1368\" data-end=\"1408\">sistemul de control integrat G4\u2011Wiz\u00ae<\/strong>, care ofer\u0103:<\/p>\n<p data-start=\"1423\" data-end=\"1882\">\u2714 afi\u0219aj intuitiv \u0219i operare u\u0219oar\u0103 direct de la panou<br data-start=\"1477\" data-end=\"1480\" \/>\u2714 optimizarea automat\u0103 a consumurilor de ap\u0103, energie \u0219i detergent \u00een func\u021bie de greutatea real\u0103 a \u00eenc\u0103rc\u0103turii<br data-start=\"1591\" data-end=\"1594\" \/>\u2714 echilibrare automat\u0103 a \u00eenc\u0103rc\u0103turii \u00een tambur<br data-start=\"1641\" data-end=\"1644\" \/>\u2714 managementul ciclurilor de \u00eentre\u021binere \u0219i al istoricului de sp\u0103lare<br data-start=\"1713\" data-end=\"1716\" \/>\u2714 posibil\u0103 integrare cu sisteme de plat\u0103 sau monitorizare electronic\u0103 (\u00een versiuni self\u2011service)<br data-start=\"1812\" data-end=\"1815\" \/>\u2714 stocare \u0219i analiz\u0103 de date.<\/p>\n<p data-start=\"1423\" data-end=\"1882\">\n<p data-start=\"1423\" data-end=\"1882\">Alte detalii:<\/p>\n<ul>\n<li data-start=\"2228\" data-end=\"2383\"><strong data-start=\"2228\" data-end=\"2251\">Pesare precis\u0103 DWS:<\/strong> ajusteaz\u0103 consumurile pentru fiecare ciclu de sp\u0103lare \u00een func\u021bie de greutatea \u00eenc\u0103rc\u0103turii.<\/li>\n<li data-start=\"2386\" data-end=\"2525\"><strong data-start=\"2386\" data-end=\"2429\">Dispenser ergonomic pe 4 compartimente:<\/strong> poate fi folosit pentru detergen\u0163i lichizi sau pulbere.<\/li>\n<li data-start=\"2528\" data-end=\"2663\"><strong data-start=\"2528\" data-end=\"2555\">Acces facil la cl\u0103tire:<\/strong> cu valve de evacuare \u0219i design ergonomic pentru \u00eentre\u021binere rapid\u0103.<\/li>\n<li data-start=\"2666\" data-end=\"2805\"><strong data-start=\"2666\" data-end=\"2689\">Siguran\u0163e multiple:<\/strong> inclusiv blocare de siguran\u0163\u0103 a u\u015fii p\u00e2n\u0103 la oprirea complet\u0103 a tamburului.<\/li>\n<\/ul>","protected":false},"excerpt":{"rendered":"<p><strong data-start=\"3148\" data-end=\"3169\">GWM \/ GWN G4\u2011Wiz\u00ae<\/strong> de la <strong data-start=\"3176\" data-end=\"3193\">Grandimpianti<\/strong> sunt <strong data-start=\"3199\" data-end=\"3239\">ma\u0219ini de sp\u0103lat profesionale rigide<\/strong>, dotate cu control inteligent <strong data-start=\"3270\" data-end=\"3281\">G4\u2011Wiz\u00ae<\/strong> pentru optimizare automat\u0103 a consumurilor \u0219i func\u021bionare eficient\u0103 la viteze de centrifugare medie\/joas\u0103, cu impact redus asupra materialelor \u0219i costurilor de operare.<\/p>","protected":false},"featured_media":3117,"comment_status":"open","ping_status":"closed","template":"","meta":{"ocean_post_layout":"","ocean_both_sidebars_style":"","ocean_both_sidebars_content_width":0,"ocean_both_sidebars_sidebars_width":0,"ocean_sidebar":"0","ocean_second_sidebar":"0","ocean_disable_margins":"enable","ocean_add_body_class":"","ocean_shortcode_before_top_bar":"","ocean_shortcode_after_top_bar":"","ocean_shortcode_before_header":"","ocean_shortcode_after_header":"","ocean_has_shortcode":"","ocean_shortcode_after_title":"","ocean_shortcode_before_footer_widgets":"","ocean_shortcode_after_footer_widgets":"","ocean_shortcode_before_footer_bottom":"","ocean_shortcode_after_footer_bottom":"","ocean_display_top_bar":"default","ocean_display_header":"default","ocean_header_style":"","ocean_center_header_left_menu":"0","ocean_custom_header_template":"0","ocean_custom_logo":0,"ocean_custom_retina_logo":0,"ocean_custom_logo_max_width":0,"ocean_custom_logo_tablet_max_width":0,"ocean_custom_logo_mobile_max_width":0,"ocean_custom_logo_max_height":0,"ocean_custom_logo_tablet_max_height":0,"ocean_custom_logo_mobile_max_height":0,"ocean_header_custom_menu":"0","ocean_menu_typo_font_family":"0","ocean_menu_typo_font_subset":"","ocean_menu_typo_font_size":0,"ocean_menu_typo_font_size_tablet":0,"ocean_menu_typo_font_size_mobile":0,"ocean_menu_typo_font_size_unit":"px","ocean_menu_typo_font_weight":"","ocean_menu_typo_font_weight_tablet":"","ocean_menu_typo_font_weight_mobile":"","ocean_menu_typo_transform":"","ocean_menu_typo_transform_tablet":"","ocean_menu_typo_transform_mobile":"","ocean_menu_typo_line_height":0,"ocean_menu_typo_line_height_tablet":0,"ocean_menu_typo_line_height_mobile":0,"ocean_menu_typo_line_height_unit":"","ocean_menu_typo_spacing":0,"ocean_menu_typo_spacing_tablet":0,"ocean_menu_typo_spacing_mobile":0,"ocean_menu_typo_spacing_unit":"","ocean_menu_link_color":"","ocean_menu_link_color_hover":"","ocean_menu_link_color_active":"","ocean_menu_link_background":"","ocean_menu_link_hover_background":"","ocean_menu_link_active_background":"","ocean_menu_social_links_bg":"","ocean_menu_social_hover_links_bg":"","ocean_menu_social_links_color":"","ocean_menu_social_hover_links_color":"","ocean_disable_title":"default","ocean_disable_heading":"default","ocean_post_title":"","ocean_post_subheading":"","ocean_post_title_style":"","ocean_post_title_background_color":"","ocean_post_title_background":0,"ocean_post_title_bg_image_position":"","ocean_post_title_bg_image_attachment":"","ocean_post_title_bg_image_repeat":"","ocean_post_title_bg_image_size":"","ocean_post_title_height":0,"ocean_post_title_bg_overlay":0.5,"ocean_post_title_bg_overlay_color":"","ocean_disable_breadcrumbs":"default","ocean_breadcrumbs_color":"","ocean_breadcrumbs_separator_color":"","ocean_breadcrumbs_links_color":"","ocean_breadcrumbs_links_hover_color":"","ocean_display_footer_widgets":"default","ocean_display_footer_bottom":"default","ocean_custom_footer_template":"0"},"product_brand":[],"product_cat":[687],"product_tag":[],"class_list":{"0":"post-3119","1":"product","2":"type-product","3":"status-publish","4":"has-post-thumbnail","6":"product_cat-washing-machine","8":"entry","9":"has-media","11":"first","12":"instock","13":"taxable","14":"shipping-taxable","15":"product-type-simple","16":"has-product-nav","17":"col","18":"span_1_of_2","19":"owp-content-center","20":"owp-thumbs-layout-horizontal","21":"owp-btn-normal","22":"owp-tabs-layout-horizontal"},"yoast_head":"<!-- This site is optimized with the Yoast SEO plugin v27.6 - https:\/\/yoast.com\/product\/yoast-seo-wordpress\/ -->\n<title>Grandimpianti GWM \/ GWN G4\u2011Wiz- ma\u0219ina de sp\u0103lat profesionala rigida cu control inteligent - PROLAB<\/title>\n<meta name=\"robots\" content=\"index, follow, max-snippet:-1, max-image-preview:large, max-video-preview:-1\" \/>\n<link rel=\"canonical\" href=\"https:\/\/prolab.ro\/ro\/produs\/grandimpianti-gwm-gwn-g4-wiz-masina-de-spalat-profesionala-rigida-cu-control-inteligent\/\" \/>\n<meta property=\"og:locale\" content=\"ro_RO\" \/>\n<meta property=\"og:type\" content=\"article\" \/>\n<meta property=\"og:title\" content=\"Grandimpianti GWM \/ GWN G4\u2011Wiz- ma\u0219ina de sp\u0103lat profesionala rigida cu control inteligent - PROLAB\" \/>\n<meta property=\"og:description\" content=\"GWM \/ GWN G4\u2011Wiz\u00ae de la Grandimpianti sunt ma\u0219ini de sp\u0103lat profesionale rigide, dotate cu control inteligent G4\u2011Wiz\u00ae pentru optimizare automat\u0103 a consumurilor \u0219i func\u021bionare eficient\u0103 la viteze de centrifugare medie\/joas\u0103, cu impact redus asupra materialelor \u0219i costurilor de operare.\" \/>\n<meta property=\"og:url\" content=\"https:\/\/prolab.ro\/ro\/produs\/grandimpianti-gwm-gwn-g4-wiz-masina-de-spalat-profesionala-rigida-cu-control-inteligent\/\" \/>\n<meta property=\"og:site_name\" content=\"PROLAB\" \/>\n<meta property=\"article:publisher\" content=\"https:\/\/www.facebook.com\/profile.php?id=100063772800673\" \/>\n<meta property=\"og:image\" content=\"https:\/\/prolab.ro\/wp-content\/uploads\/2026\/03\/61e68ac5282038799a549817_lavabiancheria-professionali-rigide.png\" \/>\n\t<meta property=\"og:image:width\" content=\"1080\" \/>\n\t<meta property=\"og:image:height\" content=\"1080\" \/>\n\t<meta property=\"og:image:type\" content=\"image\/png\" \/>\n<meta name=\"twitter:card\" content=\"summary_large_image\" \/>\n<meta name=\"twitter:label1\" content=\"Timp estimat pentru citire\" \/>\n\t<meta name=\"twitter:data1\" content=\"2 minute\" \/>\n<script type=\"application\/ld+json\" class=\"yoast-schema-graph\">{\"@context\":\"https:\\\/\\\/schema.org\",\"@graph\":[{\"@type\":\"WebPage\",\"@id\":\"https:\\\/\\\/prolab.ro\\\/product\\\/grandimpianti-gwm-gwn-g4-wiz-masina-de-spalat-profesionala-rigida-cu-control-inteligent\\\/\",\"url\":\"https:\\\/\\\/prolab.ro\\\/product\\\/grandimpianti-gwm-gwn-g4-wiz-masina-de-spalat-profesionala-rigida-cu-control-inteligent\\\/\",\"name\":\"Grandimpianti GWM \\\/ GWN G4\u2011Wiz- ma\u0219ina de sp\u0103lat profesionala rigida cu control inteligent - PROLAB\",\"isPartOf\":{\"@id\":\"https:\\\/\\\/prolab.ro\\\/ro\\\/#website\"},\"primaryImageOfPage\":{\"@id\":\"https:\\\/\\\/prolab.ro\\\/product\\\/grandimpianti-gwm-gwn-g4-wiz-masina-de-spalat-profesionala-rigida-cu-control-inteligent\\\/#primaryimage\"},\"image\":{\"@id\":\"https:\\\/\\\/prolab.ro\\\/product\\\/grandimpianti-gwm-gwn-g4-wiz-masina-de-spalat-profesionala-rigida-cu-control-inteligent\\\/#primaryimage\"},\"thumbnailUrl\":\"https:\\\/\\\/prolab.ro\\\/wp-content\\\/uploads\\\/2026\\\/03\\\/61e68ac5282038799a549817_lavabiancheria-professionali-rigide.png\",\"datePublished\":\"2026-03-16T13:43:42+00:00\",\"breadcrumb\":{\"@id\":\"https:\\\/\\\/prolab.ro\\\/product\\\/grandimpianti-gwm-gwn-g4-wiz-masina-de-spalat-profesionala-rigida-cu-control-inteligent\\\/#breadcrumb\"},\"inLanguage\":\"ro-RO\",\"potentialAction\":[{\"@type\":\"ReadAction\",\"target\":[\"https:\\\/\\\/prolab.ro\\\/product\\\/grandimpianti-gwm-gwn-g4-wiz-masina-de-spalat-profesionala-rigida-cu-control-inteligent\\\/\"]}]},{\"@type\":\"ImageObject\",\"inLanguage\":\"ro-RO\",\"@id\":\"https:\\\/\\\/prolab.ro\\\/product\\\/grandimpianti-gwm-gwn-g4-wiz-masina-de-spalat-profesionala-rigida-cu-control-inteligent\\\/#primaryimage\",\"url\":\"https:\\\/\\\/prolab.ro\\\/wp-content\\\/uploads\\\/2026\\\/03\\\/61e68ac5282038799a549817_lavabiancheria-professionali-rigide.png\",\"contentUrl\":\"https:\\\/\\\/prolab.ro\\\/wp-content\\\/uploads\\\/2026\\\/03\\\/61e68ac5282038799a549817_lavabiancheria-professionali-rigide.png\",\"width\":1080,\"height\":1080},{\"@type\":\"BreadcrumbList\",\"@id\":\"https:\\\/\\\/prolab.ro\\\/product\\\/grandimpianti-gwm-gwn-g4-wiz-masina-de-spalat-profesionala-rigida-cu-control-inteligent\\\/#breadcrumb\",\"itemListElement\":[{\"@type\":\"ListItem\",\"position\":1,\"name\":\"Home\",\"item\":\"https:\\\/\\\/prolab.ro\\\/\"},{\"@type\":\"ListItem\",\"position\":2,\"name\":\"Shop\",\"item\":\"https:\\\/\\\/prolab.ro\\\/shop\\\/\"},{\"@type\":\"ListItem\",\"position\":3,\"name\":\"Grandimpianti GWM \\\/ GWN G4\u2011Wiz- ma\u0219ina de sp\u0103lat profesionala rigida cu control inteligent\"}]},{\"@type\":\"WebSite\",\"@id\":\"https:\\\/\\\/prolab.ro\\\/ro\\\/#website\",\"url\":\"https:\\\/\\\/prolab.ro\\\/ro\\\/\",\"name\":\"www.prolab.ro\",\"description\":\"Echipamente profesionale HORECA\",\"publisher\":{\"@id\":\"https:\\\/\\\/prolab.ro\\\/ro\\\/#organization\"},\"potentialAction\":[{\"@type\":\"SearchAction\",\"target\":{\"@type\":\"EntryPoint\",\"urlTemplate\":\"https:\\\/\\\/prolab.ro\\\/ro\\\/?s={search_term_string}\"},\"query-input\":{\"@type\":\"PropertyValueSpecification\",\"valueRequired\":true,\"valueName\":\"search_term_string\"}}],\"inLanguage\":\"ro-RO\"},{\"@type\":\"Organization\",\"@id\":\"https:\\\/\\\/prolab.ro\\\/ro\\\/#organization\",\"name\":\"HORECA PROLAB SRL\",\"url\":\"https:\\\/\\\/prolab.ro\\\/ro\\\/\",\"logo\":{\"@type\":\"ImageObject\",\"inLanguage\":\"ro-RO\",\"@id\":\"https:\\\/\\\/prolab.ro\\\/ro\\\/#\\\/schema\\\/logo\\\/image\\\/\",\"url\":\"https:\\\/\\\/prolab.ro\\\/wp-content\\\/uploads\\\/2020\\\/10\\\/cropped-2019-06-21-logos-03-B-red.png\",\"contentUrl\":\"https:\\\/\\\/prolab.ro\\\/wp-content\\\/uploads\\\/2020\\\/10\\\/cropped-2019-06-21-logos-03-B-red.png\",\"width\":1963,\"height\":546,\"caption\":\"HORECA PROLAB SRL\"},\"image\":{\"@id\":\"https:\\\/\\\/prolab.ro\\\/ro\\\/#\\\/schema\\\/logo\\\/image\\\/\"},\"sameAs\":[\"https:\\\/\\\/www.facebook.com\\\/profile.php?id=100063772800673\"]}]}<\/script>\n<!-- \/ Yoast SEO plugin. -->","yoast_head_json":{"title":"Grandimpianti GWM \/ GWN G4\u2011Wiz- ma\u0219ina de sp\u0103lat profesionala rigida cu control inteligent - PROLAB","robots":{"index":"index","follow":"follow","max-snippet":"max-snippet:-1","max-image-preview":"max-image-preview:large","max-video-preview":"max-video-preview:-1"},"canonical":"https:\/\/prolab.ro\/ro\/produs\/grandimpianti-gwm-gwn-g4-wiz-masina-de-spalat-profesionala-rigida-cu-control-inteligent\/","og_locale":"ro_RO","og_type":"article","og_title":"Grandimpianti GWM \/ GWN G4\u2011Wiz- ma\u0219ina de sp\u0103lat profesionala rigida cu control inteligent - PROLAB","og_description":"GWM \/ GWN G4\u2011Wiz\u00ae de la Grandimpianti sunt ma\u0219ini de sp\u0103lat profesionale rigide, dotate cu control inteligent G4\u2011Wiz\u00ae pentru optimizare automat\u0103 a consumurilor \u0219i func\u021bionare eficient\u0103 la viteze de centrifugare medie\/joas\u0103, cu impact redus asupra materialelor \u0219i costurilor de operare.","og_url":"https:\/\/prolab.ro\/ro\/produs\/grandimpianti-gwm-gwn-g4-wiz-masina-de-spalat-profesionala-rigida-cu-control-inteligent\/","og_site_name":"PROLAB","article_publisher":"https:\/\/www.facebook.com\/profile.php?id=100063772800673","og_image":[{"width":1080,"height":1080,"url":"https:\/\/prolab.ro\/wp-content\/uploads\/2026\/03\/61e68ac5282038799a549817_lavabiancheria-professionali-rigide.png","type":"image\/png"}],"twitter_card":"summary_large_image","twitter_misc":{"Timp estimat pentru citire":"2 minute"},"schema":{"@context":"https:\/\/schema.org","@graph":[{"@type":"WebPage","@id":"https:\/\/prolab.ro\/product\/grandimpianti-gwm-gwn-g4-wiz-masina-de-spalat-profesionala-rigida-cu-control-inteligent\/","url":"https:\/\/prolab.ro\/product\/grandimpianti-gwm-gwn-g4-wiz-masina-de-spalat-profesionala-rigida-cu-control-inteligent\/","name":"Grandimpianti GWM \/ GWN G4\u2011Wiz- ma\u0219ina de sp\u0103lat profesionala rigida cu control inteligent - PROLAB","isPartOf":{"@id":"https:\/\/prolab.ro\/ro\/#website"},"primaryImageOfPage":{"@id":"https:\/\/prolab.ro\/product\/grandimpianti-gwm-gwn-g4-wiz-masina-de-spalat-profesionala-rigida-cu-control-inteligent\/#primaryimage"},"image":{"@id":"https:\/\/prolab.ro\/product\/grandimpianti-gwm-gwn-g4-wiz-masina-de-spalat-profesionala-rigida-cu-control-inteligent\/#primaryimage"},"thumbnailUrl":"https:\/\/prolab.ro\/wp-content\/uploads\/2026\/03\/61e68ac5282038799a549817_lavabiancheria-professionali-rigide.png","datePublished":"2026-03-16T13:43:42+00:00","breadcrumb":{"@id":"https:\/\/prolab.ro\/product\/grandimpianti-gwm-gwn-g4-wiz-masina-de-spalat-profesionala-rigida-cu-control-inteligent\/#breadcrumb"},"inLanguage":"ro-RO","potentialAction":[{"@type":"ReadAction","target":["https:\/\/prolab.ro\/product\/grandimpianti-gwm-gwn-g4-wiz-masina-de-spalat-profesionala-rigida-cu-control-inteligent\/"]}]},{"@type":"ImageObject","inLanguage":"ro-RO","@id":"https:\/\/prolab.ro\/product\/grandimpianti-gwm-gwn-g4-wiz-masina-de-spalat-profesionala-rigida-cu-control-inteligent\/#primaryimage","url":"https:\/\/prolab.ro\/wp-content\/uploads\/2026\/03\/61e68ac5282038799a549817_lavabiancheria-professionali-rigide.png","contentUrl":"https:\/\/prolab.ro\/wp-content\/uploads\/2026\/03\/61e68ac5282038799a549817_lavabiancheria-professionali-rigide.png","width":1080,"height":1080},{"@type":"BreadcrumbList","@id":"https:\/\/prolab.ro\/product\/grandimpianti-gwm-gwn-g4-wiz-masina-de-spalat-profesionala-rigida-cu-control-inteligent\/#breadcrumb","itemListElement":[{"@type":"ListItem","position":1,"name":"Home","item":"https:\/\/prolab.ro\/"},{"@type":"ListItem","position":2,"name":"Shop","item":"https:\/\/prolab.ro\/shop\/"},{"@type":"ListItem","position":3,"name":"Grandimpianti GWM \/ GWN G4\u2011Wiz- ma\u0219ina de sp\u0103lat profesionala rigida cu control inteligent"}]},{"@type":"WebSite","@id":"https:\/\/prolab.ro\/ro\/#website","url":"https:\/\/prolab.ro\/ro\/","name":"www.prolab.ro","description":"Echipamente profesionale HORECA","publisher":{"@id":"https:\/\/prolab.ro\/ro\/#organization"},"potentialAction":[{"@type":"SearchAction","target":{"@type":"EntryPoint","urlTemplate":"https:\/\/prolab.ro\/ro\/?s={search_term_string}"},"query-input":{"@type":"PropertyValueSpecification","valueRequired":true,"valueName":"search_term_string"}}],"inLanguage":"ro-RO"},{"@type":"Organization","@id":"https:\/\/prolab.ro\/ro\/#organization","name":"HORECA PROLAB SRL","url":"https:\/\/prolab.ro\/ro\/","logo":{"@type":"ImageObject","inLanguage":"ro-RO","@id":"https:\/\/prolab.ro\/ro\/#\/schema\/logo\/image\/","url":"https:\/\/prolab.ro\/wp-content\/uploads\/2020\/10\/cropped-2019-06-21-logos-03-B-red.png","contentUrl":"https:\/\/prolab.ro\/wp-content\/uploads\/2020\/10\/cropped-2019-06-21-logos-03-B-red.png","width":1963,"height":546,"caption":"HORECA PROLAB SRL"},"image":{"@id":"https:\/\/prolab.ro\/ro\/#\/schema\/logo\/image\/"},"sameAs":["https:\/\/www.facebook.com\/profile.php?id=100063772800673"]}]}},"_links":{"self":[{"href":"https:\/\/prolab.ro\/ro\/wp-json\/wp\/v2\/product\/3119","targetHints":{"allow":["GET"]}}],"collection":[{"href":"https:\/\/prolab.ro\/ro\/wp-json\/wp\/v2\/product"}],"about":[{"href":"https:\/\/prolab.ro\/ro\/wp-json\/wp\/v2\/types\/product"}],"replies":[{"embeddable":true,"href":"https:\/\/prolab.ro\/ro\/wp-json\/wp\/v2\/comments?post=3119"}],"wp:featuredmedia":[{"embeddable":true,"href":"https:\/\/prolab.ro\/ro\/wp-json\/wp\/v2\/media\/3117"}],"wp:attachment":[{"href":"https:\/\/prolab.ro\/ro\/wp-json\/wp\/v2\/media?parent=3119"}],"wp:term":[{"taxonomy":"product_brand","embeddable":true,"href":"https:\/\/prolab.ro\/ro\/wp-json\/wp\/v2\/product_brand?post=3119"},{"taxonomy":"product_cat","embeddable":true,"href":"https:\/\/prolab.ro\/ro\/wp-json\/wp\/v2\/product_cat?post=3119"},{"taxonomy":"product_tag","embeddable":true,"href":"https:\/\/prolab.ro\/ro\/wp-json\/wp\/v2\/product_tag?post=3119"}],"curies":[{"name":"wp","href":"https:\/\/api.w.org\/{rel}","templated":true}]}}