{"id":3114,"date":"2026-03-13T13:29:13","date_gmt":"2026-03-13T10:29:13","guid":{"rendered":"https:\/\/prolab.ro\/?post_type=product&#038;p=3114"},"modified":"2026-03-13T13:29:14","modified_gmt":"2026-03-13T10:29:14","slug":"mareno-m1-msyg102b-cuptor-combi-profesional-pe-gaz-convectie-abur","status":"publish","type":"product","link":"https:\/\/prolab.ro\/ro\/produs\/mareno-m1-msyg102b-cuptor-combi-profesional-pe-gaz-convectie-abur\/","title":{"rendered":"Mareno M1 MSYG102B &#8211; Cuptor combi profesional pe gaz (convec\u021bie + abur)"},"content":{"rendered":"<p data-start=\"413\" data-end=\"711\">Cuptorul are un <strong data-start=\"548\" data-end=\"576\">generator de abur direct<\/strong>, arz\u0103toare pe gaz modulante \u0219i control electronic cu programe automate pentru diferite re\u021bete.<\/p>\n<p data-start=\"713\" data-end=\"776\">Sistemul permite pornirea rapid\u0103 a celor trei moduri de g\u0103tire:<\/p>\n<ul>\n<li data-start=\"779\" data-end=\"805\"><strong data-start=\"779\" data-end=\"803\">convec\u021bie (aer cald)<\/strong><\/li>\n<li data-start=\"808\" data-end=\"818\"><strong data-start=\"808\" data-end=\"816\">abur<\/strong><\/li>\n<li data-start=\"821\" data-end=\"890\"><strong data-start=\"821\" data-end=\"849\">convec\u021bie + abur (combi)<\/strong>.<\/li>\n<\/ul>\n<p>&nbsp;<\/p>\n<ul>\n<li data-start=\"932\" data-end=\"978\"><strong data-start=\"932\" data-end=\"951\">Tip echipament:<\/strong> cuptor combi profesional<\/li>\n<li data-start=\"981\" data-end=\"1002\"><strong data-start=\"981\" data-end=\"996\">Alimentare:<\/strong> gaz<\/li>\n<li data-start=\"1005\" data-end=\"1064\"><strong data-start=\"1005\" data-end=\"1020\">Capacitate:<\/strong> <strong data-start=\"1021\" data-end=\"1039\">20 t\u0103vi GN 1\/1<\/strong> sau <strong data-start=\"1044\" data-end=\"1062\">10 t\u0103vi GN 2\/1<\/strong><\/li>\n<li data-start=\"1067\" data-end=\"1090\"><strong data-start=\"1067\" data-end=\"1088\">Moduri de g\u0103tire:<\/strong><\/li>\n<li data-start=\"1095\" data-end=\"1106\">convec\u021bie<\/li>\n<li data-start=\"1111\" data-end=\"1117\">abur<\/li>\n<li data-start=\"1122\" data-end=\"1132\">combinat<\/li>\n<li data-start=\"1135\" data-end=\"1177\"><strong data-start=\"1135\" data-end=\"1147\">Control:<\/strong> ecran digital de <strong data-start=\"1165\" data-end=\"1175\">7 inch<\/strong><\/li>\n<li data-start=\"1180\" data-end=\"1239\"><strong data-start=\"1180\" data-end=\"1211\">Programe automate de g\u0103tire<\/strong> pentru diferite preparate<\/li>\n<li data-start=\"1242\" data-end=\"1311\"><strong data-start=\"1242\" data-end=\"1258\">Sistem cloud<\/strong> pentru verificarea statusului \u0219i re\u021betelor salvate<\/li>\n<li data-start=\"1314\" data-end=\"1409\"><strong data-start=\"1314\" data-end=\"1335\">Cur\u0103\u021bare automat\u0103<\/strong> cu mai multe programe de sp\u0103lare.<\/li>\n<li data-start=\"1314\" data-end=\"1409\"><strong data-start=\"1448\" data-end=\"1463\">Dimensiuni:<\/strong> <strong data-start=\"1464\" data-end=\"1488\">1072 \u00d7 907 \u00d7 1055 mm<\/strong> (L \u00d7 A \u00d7 H)<\/li>\n<\/ul>\n<p>&nbsp;<\/p>\n<p data-start=\"1926\" data-end=\"1973\">Este un cuptor foarte versatil, folosit pentru:<\/p>\n<ul>\n<li data-start=\"1977\" data-end=\"1996\">carne \u0219i fripturi<\/li>\n<li data-start=\"1999\" data-end=\"2006\">pe\u0219te<\/li>\n<li data-start=\"2009\" data-end=\"2017\">legume<\/li>\n<li data-start=\"2020\" data-end=\"2042\">produse de patiserie<\/li>\n<li data-start=\"2045\" data-end=\"2052\">p\u00e2ine<\/li>\n<li data-start=\"2055\" data-end=\"2077\">regenerare preparate<\/li>\n<li data-start=\"2080\" data-end=\"2109\">g\u0103tire sous-vide sau la abur<\/li>\n<\/ul>","protected":false},"excerpt":{"rendered":"<p>Acest tip de cuptor combin\u0103 <strong data-start=\"191\" data-end=\"213\">3 metode de g\u0103tire<\/strong>: convec\u021bie (aer cald), abur \u0219i g\u0103tire combinat\u0103, fiind folosit \u00een restaurante, hoteluri sau cantine cu volum mare de produc\u021bie.<\/p>","protected":false},"featured_media":3115,"comment_status":"open","ping_status":"closed","template":"","meta":{"ocean_post_layout":"","ocean_both_sidebars_style":"","ocean_both_sidebars_content_width":0,"ocean_both_sidebars_sidebars_width":0,"ocean_sidebar":"0","ocean_second_sidebar":"0","ocean_disable_margins":"enable","ocean_add_body_class":"","ocean_shortcode_before_top_bar":"","ocean_shortcode_after_top_bar":"","ocean_shortcode_before_header":"","ocean_shortcode_after_header":"","ocean_has_shortcode":"","ocean_shortcode_after_title":"","ocean_shortcode_before_footer_widgets":"","ocean_shortcode_after_footer_widgets":"","ocean_shortcode_before_footer_bottom":"","ocean_shortcode_after_footer_bottom":"","ocean_display_top_bar":"default","ocean_display_header":"default","ocean_header_style":"","ocean_center_header_left_menu":"0","ocean_custom_header_template":"0","ocean_custom_logo":0,"ocean_custom_retina_logo":0,"ocean_custom_logo_max_width":0,"ocean_custom_logo_tablet_max_width":0,"ocean_custom_logo_mobile_max_width":0,"ocean_custom_logo_max_height":0,"ocean_custom_logo_tablet_max_height":0,"ocean_custom_logo_mobile_max_height":0,"ocean_header_custom_menu":"0","ocean_menu_typo_font_family":"0","ocean_menu_typo_font_subset":"","ocean_menu_typo_font_size":0,"ocean_menu_typo_font_size_tablet":0,"ocean_menu_typo_font_size_mobile":0,"ocean_menu_typo_font_size_unit":"px","ocean_menu_typo_font_weight":"","ocean_menu_typo_font_weight_tablet":"","ocean_menu_typo_font_weight_mobile":"","ocean_menu_typo_transform":"","ocean_menu_typo_transform_tablet":"","ocean_menu_typo_transform_mobile":"","ocean_menu_typo_line_height":0,"ocean_menu_typo_line_height_tablet":0,"ocean_menu_typo_line_height_mobile":0,"ocean_menu_typo_line_height_unit":"","ocean_menu_typo_spacing":0,"ocean_menu_typo_spacing_tablet":0,"ocean_menu_typo_spacing_mobile":0,"ocean_menu_typo_spacing_unit":"","ocean_menu_link_color":"","ocean_menu_link_color_hover":"","ocean_menu_link_color_active":"","ocean_menu_link_background":"","ocean_menu_link_hover_background":"","ocean_menu_link_active_background":"","ocean_menu_social_links_bg":"","ocean_menu_social_hover_links_bg":"","ocean_menu_social_links_color":"","ocean_menu_social_hover_links_color":"","ocean_disable_title":"default","ocean_disable_heading":"default","ocean_post_title":"","ocean_post_subheading":"","ocean_post_title_style":"","ocean_post_title_background_color":"","ocean_post_title_background":0,"ocean_post_title_bg_image_position":"","ocean_post_title_bg_image_attachment":"","ocean_post_title_bg_image_repeat":"","ocean_post_title_bg_image_size":"","ocean_post_title_height":0,"ocean_post_title_bg_overlay":0.5,"ocean_post_title_bg_overlay_color":"","ocean_disable_breadcrumbs":"default","ocean_breadcrumbs_color":"","ocean_breadcrumbs_separator_color":"","ocean_breadcrumbs_links_color":"","ocean_breadcrumbs_links_hover_color":"","ocean_display_footer_widgets":"default","ocean_display_footer_bottom":"default","ocean_custom_footer_template":"0"},"product_brand":[],"product_cat":[151],"product_tag":[],"class_list":{"0":"post-3114","1":"product","2":"type-product","3":"status-publish","4":"has-post-thumbnail","6":"product_cat-cuptor","8":"entry","9":"has-media","11":"first","12":"instock","13":"taxable","14":"shipping-taxable","15":"product-type-simple","16":"has-product-nav","17":"col","18":"span_1_of_2","19":"owp-content-center","20":"owp-thumbs-layout-horizontal","21":"owp-btn-normal","22":"owp-tabs-layout-horizontal","23":"has-no-thumbnails"},"yoast_head":"<!-- This site is optimized with the Yoast SEO plugin v27.4 - https:\/\/yoast.com\/product\/yoast-seo-wordpress\/ -->\n<title>Mareno M1 MSYG102B - Cuptor combi profesional pe gaz (convec\u021bie + abur) - PROLAB<\/title>\n<meta name=\"robots\" content=\"index, follow, max-snippet:-1, max-image-preview:large, max-video-preview:-1\" \/>\n<link rel=\"canonical\" href=\"https:\/\/prolab.ro\/ro\/produs\/mareno-m1-msyg102b-cuptor-combi-profesional-pe-gaz-convectie-abur\/\" \/>\n<meta property=\"og:locale\" content=\"ro_RO\" \/>\n<meta property=\"og:type\" content=\"article\" \/>\n<meta property=\"og:title\" content=\"Mareno M1 MSYG102B - Cuptor combi profesional pe gaz (convec\u021bie + abur) - PROLAB\" \/>\n<meta property=\"og:description\" content=\"Acest tip de cuptor combin\u0103 3 metode de g\u0103tire: convec\u021bie (aer cald), abur \u0219i g\u0103tire combinat\u0103, fiind folosit \u00een restaurante, hoteluri sau cantine cu volum mare de produc\u021bie.\" \/>\n<meta property=\"og:url\" content=\"https:\/\/prolab.ro\/ro\/produs\/mareno-m1-msyg102b-cuptor-combi-profesional-pe-gaz-convectie-abur\/\" \/>\n<meta property=\"og:site_name\" content=\"PROLAB\" \/>\n<meta property=\"article:publisher\" content=\"https:\/\/www.facebook.com\/profile.php?id=100063772800673\" \/>\n<meta property=\"article:modified_time\" content=\"2026-03-13T10:29:14+00:00\" \/>\n<meta property=\"og:image\" content=\"https:\/\/prolab.ro\/wp-content\/uploads\/2026\/03\/HandlerTreeThumb-14.jpg\" \/>\n\t<meta property=\"og:image:width\" content=\"2560\" \/>\n\t<meta property=\"og:image:height\" content=\"2514\" \/>\n\t<meta property=\"og:image:type\" content=\"image\/jpeg\" \/>\n<meta name=\"twitter:card\" content=\"summary_large_image\" \/>\n<meta name=\"twitter:label1\" content=\"Timp estimat pentru citire\" \/>\n\t<meta name=\"twitter:data1\" content=\"1 minut\" \/>\n<script type=\"application\/ld+json\" class=\"yoast-schema-graph\">{\"@context\":\"https:\\\/\\\/schema.org\",\"@graph\":[{\"@type\":\"WebPage\",\"@id\":\"https:\\\/\\\/prolab.ro\\\/product\\\/mareno-m1-msyg102b-cuptor-combi-profesional-pe-gaz-convectie-abur\\\/\",\"url\":\"https:\\\/\\\/prolab.ro\\\/product\\\/mareno-m1-msyg102b-cuptor-combi-profesional-pe-gaz-convectie-abur\\\/\",\"name\":\"Mareno M1 MSYG102B - Cuptor combi profesional pe gaz (convec\u021bie + abur) - PROLAB\",\"isPartOf\":{\"@id\":\"https:\\\/\\\/prolab.ro\\\/ro\\\/#website\"},\"primaryImageOfPage\":{\"@id\":\"https:\\\/\\\/prolab.ro\\\/product\\\/mareno-m1-msyg102b-cuptor-combi-profesional-pe-gaz-convectie-abur\\\/#primaryimage\"},\"image\":{\"@id\":\"https:\\\/\\\/prolab.ro\\\/product\\\/mareno-m1-msyg102b-cuptor-combi-profesional-pe-gaz-convectie-abur\\\/#primaryimage\"},\"thumbnailUrl\":\"https:\\\/\\\/prolab.ro\\\/wp-content\\\/uploads\\\/2026\\\/03\\\/HandlerTreeThumb-14.jpg\",\"datePublished\":\"2026-03-13T10:29:13+00:00\",\"dateModified\":\"2026-03-13T10:29:14+00:00\",\"breadcrumb\":{\"@id\":\"https:\\\/\\\/prolab.ro\\\/product\\\/mareno-m1-msyg102b-cuptor-combi-profesional-pe-gaz-convectie-abur\\\/#breadcrumb\"},\"inLanguage\":\"ro-RO\",\"potentialAction\":[{\"@type\":\"ReadAction\",\"target\":[\"https:\\\/\\\/prolab.ro\\\/product\\\/mareno-m1-msyg102b-cuptor-combi-profesional-pe-gaz-convectie-abur\\\/\"]}]},{\"@type\":\"ImageObject\",\"inLanguage\":\"ro-RO\",\"@id\":\"https:\\\/\\\/prolab.ro\\\/product\\\/mareno-m1-msyg102b-cuptor-combi-profesional-pe-gaz-convectie-abur\\\/#primaryimage\",\"url\":\"https:\\\/\\\/prolab.ro\\\/wp-content\\\/uploads\\\/2026\\\/03\\\/HandlerTreeThumb-14.jpg\",\"contentUrl\":\"https:\\\/\\\/prolab.ro\\\/wp-content\\\/uploads\\\/2026\\\/03\\\/HandlerTreeThumb-14.jpg\",\"width\":2560,\"height\":2514},{\"@type\":\"BreadcrumbList\",\"@id\":\"https:\\\/\\\/prolab.ro\\\/product\\\/mareno-m1-msyg102b-cuptor-combi-profesional-pe-gaz-convectie-abur\\\/#breadcrumb\",\"itemListElement\":[{\"@type\":\"ListItem\",\"position\":1,\"name\":\"Home\",\"item\":\"https:\\\/\\\/prolab.ro\\\/\"},{\"@type\":\"ListItem\",\"position\":2,\"name\":\"Shop\",\"item\":\"https:\\\/\\\/prolab.ro\\\/shop\\\/\"},{\"@type\":\"ListItem\",\"position\":3,\"name\":\"Mareno M1 MSYG102B &#8211; Cuptor combi profesional pe gaz (convec\u021bie + abur)\"}]},{\"@type\":\"WebSite\",\"@id\":\"https:\\\/\\\/prolab.ro\\\/ro\\\/#website\",\"url\":\"https:\\\/\\\/prolab.ro\\\/ro\\\/\",\"name\":\"www.prolab.ro\",\"description\":\"Echipamente profesionale HORECA\",\"publisher\":{\"@id\":\"https:\\\/\\\/prolab.ro\\\/ro\\\/#organization\"},\"potentialAction\":[{\"@type\":\"SearchAction\",\"target\":{\"@type\":\"EntryPoint\",\"urlTemplate\":\"https:\\\/\\\/prolab.ro\\\/ro\\\/?s={search_term_string}\"},\"query-input\":{\"@type\":\"PropertyValueSpecification\",\"valueRequired\":true,\"valueName\":\"search_term_string\"}}],\"inLanguage\":\"ro-RO\"},{\"@type\":\"Organization\",\"@id\":\"https:\\\/\\\/prolab.ro\\\/ro\\\/#organization\",\"name\":\"HORECA PROLAB SRL\",\"url\":\"https:\\\/\\\/prolab.ro\\\/ro\\\/\",\"logo\":{\"@type\":\"ImageObject\",\"inLanguage\":\"ro-RO\",\"@id\":\"https:\\\/\\\/prolab.ro\\\/ro\\\/#\\\/schema\\\/logo\\\/image\\\/\",\"url\":\"https:\\\/\\\/prolab.ro\\\/wp-content\\\/uploads\\\/2020\\\/10\\\/cropped-2019-06-21-logos-03-B-red.png\",\"contentUrl\":\"https:\\\/\\\/prolab.ro\\\/wp-content\\\/uploads\\\/2020\\\/10\\\/cropped-2019-06-21-logos-03-B-red.png\",\"width\":1963,\"height\":546,\"caption\":\"HORECA PROLAB SRL\"},\"image\":{\"@id\":\"https:\\\/\\\/prolab.ro\\\/ro\\\/#\\\/schema\\\/logo\\\/image\\\/\"},\"sameAs\":[\"https:\\\/\\\/www.facebook.com\\\/profile.php?id=100063772800673\"]}]}<\/script>\n<!-- \/ Yoast SEO plugin. -->","yoast_head_json":{"title":"Mareno M1 MSYG102B - Cuptor combi profesional pe gaz (convec\u021bie + abur) - PROLAB","robots":{"index":"index","follow":"follow","max-snippet":"max-snippet:-1","max-image-preview":"max-image-preview:large","max-video-preview":"max-video-preview:-1"},"canonical":"https:\/\/prolab.ro\/ro\/produs\/mareno-m1-msyg102b-cuptor-combi-profesional-pe-gaz-convectie-abur\/","og_locale":"ro_RO","og_type":"article","og_title":"Mareno M1 MSYG102B - Cuptor combi profesional pe gaz (convec\u021bie + abur) - PROLAB","og_description":"Acest tip de cuptor combin\u0103 3 metode de g\u0103tire: convec\u021bie (aer cald), abur \u0219i g\u0103tire combinat\u0103, fiind folosit \u00een restaurante, hoteluri sau cantine cu volum mare de produc\u021bie.","og_url":"https:\/\/prolab.ro\/ro\/produs\/mareno-m1-msyg102b-cuptor-combi-profesional-pe-gaz-convectie-abur\/","og_site_name":"PROLAB","article_publisher":"https:\/\/www.facebook.com\/profile.php?id=100063772800673","article_modified_time":"2026-03-13T10:29:14+00:00","og_image":[{"width":2560,"height":2514,"url":"https:\/\/prolab.ro\/wp-content\/uploads\/2026\/03\/HandlerTreeThumb-14.jpg","type":"image\/jpeg"}],"twitter_card":"summary_large_image","twitter_misc":{"Timp estimat pentru citire":"1 minut"},"schema":{"@context":"https:\/\/schema.org","@graph":[{"@type":"WebPage","@id":"https:\/\/prolab.ro\/product\/mareno-m1-msyg102b-cuptor-combi-profesional-pe-gaz-convectie-abur\/","url":"https:\/\/prolab.ro\/product\/mareno-m1-msyg102b-cuptor-combi-profesional-pe-gaz-convectie-abur\/","name":"Mareno M1 MSYG102B - Cuptor combi profesional pe gaz (convec\u021bie + abur) - PROLAB","isPartOf":{"@id":"https:\/\/prolab.ro\/ro\/#website"},"primaryImageOfPage":{"@id":"https:\/\/prolab.ro\/product\/mareno-m1-msyg102b-cuptor-combi-profesional-pe-gaz-convectie-abur\/#primaryimage"},"image":{"@id":"https:\/\/prolab.ro\/product\/mareno-m1-msyg102b-cuptor-combi-profesional-pe-gaz-convectie-abur\/#primaryimage"},"thumbnailUrl":"https:\/\/prolab.ro\/wp-content\/uploads\/2026\/03\/HandlerTreeThumb-14.jpg","datePublished":"2026-03-13T10:29:13+00:00","dateModified":"2026-03-13T10:29:14+00:00","breadcrumb":{"@id":"https:\/\/prolab.ro\/product\/mareno-m1-msyg102b-cuptor-combi-profesional-pe-gaz-convectie-abur\/#breadcrumb"},"inLanguage":"ro-RO","potentialAction":[{"@type":"ReadAction","target":["https:\/\/prolab.ro\/product\/mareno-m1-msyg102b-cuptor-combi-profesional-pe-gaz-convectie-abur\/"]}]},{"@type":"ImageObject","inLanguage":"ro-RO","@id":"https:\/\/prolab.ro\/product\/mareno-m1-msyg102b-cuptor-combi-profesional-pe-gaz-convectie-abur\/#primaryimage","url":"https:\/\/prolab.ro\/wp-content\/uploads\/2026\/03\/HandlerTreeThumb-14.jpg","contentUrl":"https:\/\/prolab.ro\/wp-content\/uploads\/2026\/03\/HandlerTreeThumb-14.jpg","width":2560,"height":2514},{"@type":"BreadcrumbList","@id":"https:\/\/prolab.ro\/product\/mareno-m1-msyg102b-cuptor-combi-profesional-pe-gaz-convectie-abur\/#breadcrumb","itemListElement":[{"@type":"ListItem","position":1,"name":"Home","item":"https:\/\/prolab.ro\/"},{"@type":"ListItem","position":2,"name":"Shop","item":"https:\/\/prolab.ro\/shop\/"},{"@type":"ListItem","position":3,"name":"Mareno M1 MSYG102B &#8211; Cuptor combi profesional pe gaz (convec\u021bie + abur)"}]},{"@type":"WebSite","@id":"https:\/\/prolab.ro\/ro\/#website","url":"https:\/\/prolab.ro\/ro\/","name":"www.prolab.ro","description":"Echipamente profesionale HORECA","publisher":{"@id":"https:\/\/prolab.ro\/ro\/#organization"},"potentialAction":[{"@type":"SearchAction","target":{"@type":"EntryPoint","urlTemplate":"https:\/\/prolab.ro\/ro\/?s={search_term_string}"},"query-input":{"@type":"PropertyValueSpecification","valueRequired":true,"valueName":"search_term_string"}}],"inLanguage":"ro-RO"},{"@type":"Organization","@id":"https:\/\/prolab.ro\/ro\/#organization","name":"HORECA PROLAB SRL","url":"https:\/\/prolab.ro\/ro\/","logo":{"@type":"ImageObject","inLanguage":"ro-RO","@id":"https:\/\/prolab.ro\/ro\/#\/schema\/logo\/image\/","url":"https:\/\/prolab.ro\/wp-content\/uploads\/2020\/10\/cropped-2019-06-21-logos-03-B-red.png","contentUrl":"https:\/\/prolab.ro\/wp-content\/uploads\/2020\/10\/cropped-2019-06-21-logos-03-B-red.png","width":1963,"height":546,"caption":"HORECA PROLAB SRL"},"image":{"@id":"https:\/\/prolab.ro\/ro\/#\/schema\/logo\/image\/"},"sameAs":["https:\/\/www.facebook.com\/profile.php?id=100063772800673"]}]}},"_links":{"self":[{"href":"https:\/\/prolab.ro\/ro\/wp-json\/wp\/v2\/product\/3114","targetHints":{"allow":["GET"]}}],"collection":[{"href":"https:\/\/prolab.ro\/ro\/wp-json\/wp\/v2\/product"}],"about":[{"href":"https:\/\/prolab.ro\/ro\/wp-json\/wp\/v2\/types\/product"}],"replies":[{"embeddable":true,"href":"https:\/\/prolab.ro\/ro\/wp-json\/wp\/v2\/comments?post=3114"}],"wp:featuredmedia":[{"embeddable":true,"href":"https:\/\/prolab.ro\/ro\/wp-json\/wp\/v2\/media\/3115"}],"wp:attachment":[{"href":"https:\/\/prolab.ro\/ro\/wp-json\/wp\/v2\/media?parent=3114"}],"wp:term":[{"taxonomy":"product_brand","embeddable":true,"href":"https:\/\/prolab.ro\/ro\/wp-json\/wp\/v2\/product_brand?post=3114"},{"taxonomy":"product_cat","embeddable":true,"href":"https:\/\/prolab.ro\/ro\/wp-json\/wp\/v2\/product_cat?post=3114"},{"taxonomy":"product_tag","embeddable":true,"href":"https:\/\/prolab.ro\/ro\/wp-json\/wp\/v2\/product_tag?post=3114"}],"curies":[{"name":"wp","href":"https:\/\/api.w.org\/{rel}","templated":true}]}}