{"id":3104,"date":"2026-03-12T15:24:12","date_gmt":"2026-03-12T12:24:12","guid":{"rendered":"https:\/\/prolab.ro\/?post_type=product&#038;p=3104"},"modified":"2026-03-12T15:24:13","modified_gmt":"2026-03-12T12:24:13","slug":"mareno-m1-70-bv78h-corp-baza-neutra-profesionala-pe-modul","status":"publish","type":"product","link":"https:\/\/prolab.ro\/ro\/produs\/mareno-m1-70-bv78h-corp-baza-neutra-profesionala-pe-modul\/","title":{"rendered":"Mareno M1-70 BV78H &#8211; Corp\/baz\u0103 neutr\u0103 profesional\u0103 pe modul"},"content":{"rendered":"<ul>\n<li data-start=\"471\" data-end=\"603\"><strong data-start=\"471\" data-end=\"485\">Tip modul:<\/strong> baz\u0103 neutr\u0103\/stand pentru echipamente de 800\u202fmm l\u0103\u021bime (f\u0103r\u0103 func\u021bie de g\u0103tit)<\/li>\n<li data-start=\"606\" data-end=\"680\"><strong data-start=\"606\" data-end=\"616\">Seria:<\/strong> M1\u201170 (modular\u0103 horeca)<\/li>\n<li data-start=\"683\" data-end=\"791\"><strong data-start=\"683\" data-end=\"699\">Construc\u021bie:<\/strong> o\u021bel inoxidabil AISI\u202f304, stabil \u0219i u\u0219or de cur\u0103\u021bat<\/li>\n<li data-start=\"794\" data-end=\"940\"><strong data-start=\"794\" data-end=\"809\">Dimensiuni:<\/strong> ~800\u202f\u00d7\u202f750\u202f\u00d7\u202f650\u202fmm (l \u00d7 ad\u00e2ncime \u00d7 \u00een\u0103l\u021bime) \u2013 model tipic pentru module de baz\u0103 de 80\u202fcm<\/li>\n<li data-start=\"943\" data-end=\"1142\"><strong data-start=\"943\" data-end=\"957\">Utilizare:<\/strong> montat sub sau \u00eentre alte utilaje de buc\u0103t\u0103rie pentru sprijin structural, spa\u021biu de depozitare pentru t\u0103vi, recipiente, ustensile sau accesorii.<\/li>\n<\/ul>\n<p>Aceste module se pot echipa cu\u00a0<strong>sertare<\/strong> si <strong>usi<\/strong>.<\/p>\n<p data-start=\"1699\" data-end=\"1730\"><strong data-start=\"1702\" data-end=\"1717\">Modulele BV<\/strong> sunt ideale:<\/p>\n<ul>\n<li data-start=\"1733\" data-end=\"1815\">ca <strong data-start=\"1736\" data-end=\"1771\">suport pentru echipamente grele<\/strong> (plite, grills, plite vitroceramice etc.)<\/li>\n<li data-start=\"1818\" data-end=\"1886\">pentru <strong data-start=\"1825\" data-end=\"1866\">depozitarea t\u0103vilor sau recipientelor<\/strong> frecvent folosite<\/li>\n<li data-start=\"1889\" data-end=\"2002\">\u00een zone unde se preg\u0103te\u0219te sau se organizeaz\u0103 preparatele \u00eenainte de g\u0103tire<\/li>\n<\/ul>","protected":false},"excerpt":{"rendered":"<p>Acest tip de modul <strong data-start=\"238\" data-end=\"269\">nu g\u0103te\u0219te \u0219i nu \u00eenc\u0103lze\u0219te<\/strong>, \u00eens\u0103 ofer\u0103 un <strong data-start=\"285\" data-end=\"327\">spa\u021biu robust de sprijin \u0219i depozitare<\/strong> pentru alte echipamente sau pentru ustensile \u00een buc\u0103t\u0103rii comerciale.<\/p>","protected":false},"featured_media":3105,"comment_status":"open","ping_status":"closed","template":"","meta":{"ocean_post_layout":"","ocean_both_sidebars_style":"","ocean_both_sidebars_content_width":0,"ocean_both_sidebars_sidebars_width":0,"ocean_sidebar":"0","ocean_second_sidebar":"0","ocean_disable_margins":"enable","ocean_add_body_class":"","ocean_shortcode_before_top_bar":"","ocean_shortcode_after_top_bar":"","ocean_shortcode_before_header":"","ocean_shortcode_after_header":"","ocean_has_shortcode":"","ocean_shortcode_after_title":"","ocean_shortcode_before_footer_widgets":"","ocean_shortcode_after_footer_widgets":"","ocean_shortcode_before_footer_bottom":"","ocean_shortcode_after_footer_bottom":"","ocean_display_top_bar":"default","ocean_display_header":"default","ocean_header_style":"","ocean_center_header_left_menu":"0","ocean_custom_header_template":"0","ocean_custom_logo":0,"ocean_custom_retina_logo":0,"ocean_custom_logo_max_width":0,"ocean_custom_logo_tablet_max_width":0,"ocean_custom_logo_mobile_max_width":0,"ocean_custom_logo_max_height":0,"ocean_custom_logo_tablet_max_height":0,"ocean_custom_logo_mobile_max_height":0,"ocean_header_custom_menu":"0","ocean_menu_typo_font_family":"0","ocean_menu_typo_font_subset":"","ocean_menu_typo_font_size":0,"ocean_menu_typo_font_size_tablet":0,"ocean_menu_typo_font_size_mobile":0,"ocean_menu_typo_font_size_unit":"px","ocean_menu_typo_font_weight":"","ocean_menu_typo_font_weight_tablet":"","ocean_menu_typo_font_weight_mobile":"","ocean_menu_typo_transform":"","ocean_menu_typo_transform_tablet":"","ocean_menu_typo_transform_mobile":"","ocean_menu_typo_line_height":0,"ocean_menu_typo_line_height_tablet":0,"ocean_menu_typo_line_height_mobile":0,"ocean_menu_typo_line_height_unit":"","ocean_menu_typo_spacing":0,"ocean_menu_typo_spacing_tablet":0,"ocean_menu_typo_spacing_mobile":0,"ocean_menu_typo_spacing_unit":"","ocean_menu_link_color":"","ocean_menu_link_color_hover":"","ocean_menu_link_color_active":"","ocean_menu_link_background":"","ocean_menu_link_hover_background":"","ocean_menu_link_active_background":"","ocean_menu_social_links_bg":"","ocean_menu_social_hover_links_bg":"","ocean_menu_social_links_color":"","ocean_menu_social_hover_links_color":"","ocean_disable_title":"default","ocean_disable_heading":"default","ocean_post_title":"","ocean_post_subheading":"","ocean_post_title_style":"","ocean_post_title_background_color":"","ocean_post_title_background":0,"ocean_post_title_bg_image_position":"","ocean_post_title_bg_image_attachment":"","ocean_post_title_bg_image_repeat":"","ocean_post_title_bg_image_size":"","ocean_post_title_height":0,"ocean_post_title_bg_overlay":0.5,"ocean_post_title_bg_overlay_color":"","ocean_disable_breadcrumbs":"default","ocean_breadcrumbs_color":"","ocean_breadcrumbs_separator_color":"","ocean_breadcrumbs_links_color":"","ocean_breadcrumbs_links_hover_color":"","ocean_display_footer_widgets":"default","ocean_display_footer_bottom":"default","ocean_custom_footer_template":"0"},"product_brand":[],"product_cat":[151],"product_tag":[],"class_list":{"0":"post-3104","1":"product","2":"type-product","3":"status-publish","4":"has-post-thumbnail","6":"product_cat-cuptor","8":"entry","9":"has-media","11":"first","12":"instock","13":"taxable","14":"shipping-taxable","15":"product-type-simple","16":"has-product-nav","17":"col","18":"span_1_of_2","19":"owp-content-center","20":"owp-thumbs-layout-horizontal","21":"owp-btn-normal","22":"owp-tabs-layout-horizontal","23":"has-no-thumbnails"},"yoast_head":"<!-- This site is optimized with the Yoast SEO plugin v27.4 - https:\/\/yoast.com\/product\/yoast-seo-wordpress\/ -->\n<title>Mareno M1-70 BV78H - Corp\/baz\u0103 neutr\u0103 profesional\u0103 pe modul - PROLAB<\/title>\n<meta name=\"robots\" content=\"index, follow, max-snippet:-1, max-image-preview:large, max-video-preview:-1\" \/>\n<link rel=\"canonical\" href=\"https:\/\/prolab.ro\/ro\/produs\/mareno-m1-70-bv78h-corp-baza-neutra-profesionala-pe-modul\/\" \/>\n<meta property=\"og:locale\" content=\"ro_RO\" \/>\n<meta property=\"og:type\" content=\"article\" \/>\n<meta property=\"og:title\" content=\"Mareno M1-70 BV78H - Corp\/baz\u0103 neutr\u0103 profesional\u0103 pe modul - PROLAB\" \/>\n<meta property=\"og:description\" content=\"Acest tip de modul nu g\u0103te\u0219te \u0219i nu \u00eenc\u0103lze\u0219te, \u00eens\u0103 ofer\u0103 un spa\u021biu robust de sprijin \u0219i depozitare pentru alte echipamente sau pentru ustensile \u00een buc\u0103t\u0103rii comerciale.\" \/>\n<meta property=\"og:url\" content=\"https:\/\/prolab.ro\/ro\/produs\/mareno-m1-70-bv78h-corp-baza-neutra-profesionala-pe-modul\/\" \/>\n<meta property=\"og:site_name\" content=\"PROLAB\" \/>\n<meta property=\"article:publisher\" content=\"https:\/\/www.facebook.com\/profile.php?id=100063772800673\" \/>\n<meta property=\"article:modified_time\" content=\"2026-03-12T12:24:13+00:00\" \/>\n<meta property=\"og:image\" content=\"https:\/\/prolab.ro\/wp-content\/uploads\/2026\/03\/HandlerTreeThumb-13.jpg\" \/>\n\t<meta property=\"og:image:width\" content=\"1920\" \/>\n\t<meta property=\"og:image:height\" content=\"1920\" \/>\n\t<meta property=\"og:image:type\" content=\"image\/jpeg\" \/>\n<meta name=\"twitter:card\" content=\"summary_large_image\" \/>\n<meta name=\"twitter:label1\" content=\"Timp estimat pentru citire\" \/>\n\t<meta name=\"twitter:data1\" content=\"1 minut\" \/>\n<script type=\"application\/ld+json\" class=\"yoast-schema-graph\">{\"@context\":\"https:\\\/\\\/schema.org\",\"@graph\":[{\"@type\":\"WebPage\",\"@id\":\"https:\\\/\\\/prolab.ro\\\/product\\\/mareno-m1-70-bv78h-corp-baza-neutra-profesionala-pe-modul\\\/\",\"url\":\"https:\\\/\\\/prolab.ro\\\/product\\\/mareno-m1-70-bv78h-corp-baza-neutra-profesionala-pe-modul\\\/\",\"name\":\"Mareno M1-70 BV78H - Corp\\\/baz\u0103 neutr\u0103 profesional\u0103 pe modul - PROLAB\",\"isPartOf\":{\"@id\":\"https:\\\/\\\/prolab.ro\\\/ro\\\/#website\"},\"primaryImageOfPage\":{\"@id\":\"https:\\\/\\\/prolab.ro\\\/product\\\/mareno-m1-70-bv78h-corp-baza-neutra-profesionala-pe-modul\\\/#primaryimage\"},\"image\":{\"@id\":\"https:\\\/\\\/prolab.ro\\\/product\\\/mareno-m1-70-bv78h-corp-baza-neutra-profesionala-pe-modul\\\/#primaryimage\"},\"thumbnailUrl\":\"https:\\\/\\\/prolab.ro\\\/wp-content\\\/uploads\\\/2026\\\/03\\\/HandlerTreeThumb-13.jpg\",\"datePublished\":\"2026-03-12T12:24:12+00:00\",\"dateModified\":\"2026-03-12T12:24:13+00:00\",\"breadcrumb\":{\"@id\":\"https:\\\/\\\/prolab.ro\\\/product\\\/mareno-m1-70-bv78h-corp-baza-neutra-profesionala-pe-modul\\\/#breadcrumb\"},\"inLanguage\":\"ro-RO\",\"potentialAction\":[{\"@type\":\"ReadAction\",\"target\":[\"https:\\\/\\\/prolab.ro\\\/product\\\/mareno-m1-70-bv78h-corp-baza-neutra-profesionala-pe-modul\\\/\"]}]},{\"@type\":\"ImageObject\",\"inLanguage\":\"ro-RO\",\"@id\":\"https:\\\/\\\/prolab.ro\\\/product\\\/mareno-m1-70-bv78h-corp-baza-neutra-profesionala-pe-modul\\\/#primaryimage\",\"url\":\"https:\\\/\\\/prolab.ro\\\/wp-content\\\/uploads\\\/2026\\\/03\\\/HandlerTreeThumb-13.jpg\",\"contentUrl\":\"https:\\\/\\\/prolab.ro\\\/wp-content\\\/uploads\\\/2026\\\/03\\\/HandlerTreeThumb-13.jpg\",\"width\":1920,\"height\":1920},{\"@type\":\"BreadcrumbList\",\"@id\":\"https:\\\/\\\/prolab.ro\\\/product\\\/mareno-m1-70-bv78h-corp-baza-neutra-profesionala-pe-modul\\\/#breadcrumb\",\"itemListElement\":[{\"@type\":\"ListItem\",\"position\":1,\"name\":\"Home\",\"item\":\"https:\\\/\\\/prolab.ro\\\/\"},{\"@type\":\"ListItem\",\"position\":2,\"name\":\"Shop\",\"item\":\"https:\\\/\\\/prolab.ro\\\/shop\\\/\"},{\"@type\":\"ListItem\",\"position\":3,\"name\":\"Mareno M1-70 BV78H &#8211; Corp\\\/baz\u0103 neutr\u0103 profesional\u0103 pe modul\"}]},{\"@type\":\"WebSite\",\"@id\":\"https:\\\/\\\/prolab.ro\\\/ro\\\/#website\",\"url\":\"https:\\\/\\\/prolab.ro\\\/ro\\\/\",\"name\":\"www.prolab.ro\",\"description\":\"Echipamente profesionale HORECA\",\"publisher\":{\"@id\":\"https:\\\/\\\/prolab.ro\\\/ro\\\/#organization\"},\"potentialAction\":[{\"@type\":\"SearchAction\",\"target\":{\"@type\":\"EntryPoint\",\"urlTemplate\":\"https:\\\/\\\/prolab.ro\\\/ro\\\/?s={search_term_string}\"},\"query-input\":{\"@type\":\"PropertyValueSpecification\",\"valueRequired\":true,\"valueName\":\"search_term_string\"}}],\"inLanguage\":\"ro-RO\"},{\"@type\":\"Organization\",\"@id\":\"https:\\\/\\\/prolab.ro\\\/ro\\\/#organization\",\"name\":\"HORECA PROLAB SRL\",\"url\":\"https:\\\/\\\/prolab.ro\\\/ro\\\/\",\"logo\":{\"@type\":\"ImageObject\",\"inLanguage\":\"ro-RO\",\"@id\":\"https:\\\/\\\/prolab.ro\\\/ro\\\/#\\\/schema\\\/logo\\\/image\\\/\",\"url\":\"https:\\\/\\\/prolab.ro\\\/wp-content\\\/uploads\\\/2020\\\/10\\\/cropped-2019-06-21-logos-03-B-red.png\",\"contentUrl\":\"https:\\\/\\\/prolab.ro\\\/wp-content\\\/uploads\\\/2020\\\/10\\\/cropped-2019-06-21-logos-03-B-red.png\",\"width\":1963,\"height\":546,\"caption\":\"HORECA PROLAB SRL\"},\"image\":{\"@id\":\"https:\\\/\\\/prolab.ro\\\/ro\\\/#\\\/schema\\\/logo\\\/image\\\/\"},\"sameAs\":[\"https:\\\/\\\/www.facebook.com\\\/profile.php?id=100063772800673\"]}]}<\/script>\n<!-- \/ Yoast SEO plugin. -->","yoast_head_json":{"title":"Mareno M1-70 BV78H - Corp\/baz\u0103 neutr\u0103 profesional\u0103 pe modul - PROLAB","robots":{"index":"index","follow":"follow","max-snippet":"max-snippet:-1","max-image-preview":"max-image-preview:large","max-video-preview":"max-video-preview:-1"},"canonical":"https:\/\/prolab.ro\/ro\/produs\/mareno-m1-70-bv78h-corp-baza-neutra-profesionala-pe-modul\/","og_locale":"ro_RO","og_type":"article","og_title":"Mareno M1-70 BV78H - Corp\/baz\u0103 neutr\u0103 profesional\u0103 pe modul - PROLAB","og_description":"Acest tip de modul nu g\u0103te\u0219te \u0219i nu \u00eenc\u0103lze\u0219te, \u00eens\u0103 ofer\u0103 un spa\u021biu robust de sprijin \u0219i depozitare pentru alte echipamente sau pentru ustensile \u00een buc\u0103t\u0103rii comerciale.","og_url":"https:\/\/prolab.ro\/ro\/produs\/mareno-m1-70-bv78h-corp-baza-neutra-profesionala-pe-modul\/","og_site_name":"PROLAB","article_publisher":"https:\/\/www.facebook.com\/profile.php?id=100063772800673","article_modified_time":"2026-03-12T12:24:13+00:00","og_image":[{"width":1920,"height":1920,"url":"https:\/\/prolab.ro\/wp-content\/uploads\/2026\/03\/HandlerTreeThumb-13.jpg","type":"image\/jpeg"}],"twitter_card":"summary_large_image","twitter_misc":{"Timp estimat pentru citire":"1 minut"},"schema":{"@context":"https:\/\/schema.org","@graph":[{"@type":"WebPage","@id":"https:\/\/prolab.ro\/product\/mareno-m1-70-bv78h-corp-baza-neutra-profesionala-pe-modul\/","url":"https:\/\/prolab.ro\/product\/mareno-m1-70-bv78h-corp-baza-neutra-profesionala-pe-modul\/","name":"Mareno M1-70 BV78H - Corp\/baz\u0103 neutr\u0103 profesional\u0103 pe modul - PROLAB","isPartOf":{"@id":"https:\/\/prolab.ro\/ro\/#website"},"primaryImageOfPage":{"@id":"https:\/\/prolab.ro\/product\/mareno-m1-70-bv78h-corp-baza-neutra-profesionala-pe-modul\/#primaryimage"},"image":{"@id":"https:\/\/prolab.ro\/product\/mareno-m1-70-bv78h-corp-baza-neutra-profesionala-pe-modul\/#primaryimage"},"thumbnailUrl":"https:\/\/prolab.ro\/wp-content\/uploads\/2026\/03\/HandlerTreeThumb-13.jpg","datePublished":"2026-03-12T12:24:12+00:00","dateModified":"2026-03-12T12:24:13+00:00","breadcrumb":{"@id":"https:\/\/prolab.ro\/product\/mareno-m1-70-bv78h-corp-baza-neutra-profesionala-pe-modul\/#breadcrumb"},"inLanguage":"ro-RO","potentialAction":[{"@type":"ReadAction","target":["https:\/\/prolab.ro\/product\/mareno-m1-70-bv78h-corp-baza-neutra-profesionala-pe-modul\/"]}]},{"@type":"ImageObject","inLanguage":"ro-RO","@id":"https:\/\/prolab.ro\/product\/mareno-m1-70-bv78h-corp-baza-neutra-profesionala-pe-modul\/#primaryimage","url":"https:\/\/prolab.ro\/wp-content\/uploads\/2026\/03\/HandlerTreeThumb-13.jpg","contentUrl":"https:\/\/prolab.ro\/wp-content\/uploads\/2026\/03\/HandlerTreeThumb-13.jpg","width":1920,"height":1920},{"@type":"BreadcrumbList","@id":"https:\/\/prolab.ro\/product\/mareno-m1-70-bv78h-corp-baza-neutra-profesionala-pe-modul\/#breadcrumb","itemListElement":[{"@type":"ListItem","position":1,"name":"Home","item":"https:\/\/prolab.ro\/"},{"@type":"ListItem","position":2,"name":"Shop","item":"https:\/\/prolab.ro\/shop\/"},{"@type":"ListItem","position":3,"name":"Mareno M1-70 BV78H &#8211; Corp\/baz\u0103 neutr\u0103 profesional\u0103 pe modul"}]},{"@type":"WebSite","@id":"https:\/\/prolab.ro\/ro\/#website","url":"https:\/\/prolab.ro\/ro\/","name":"www.prolab.ro","description":"Echipamente profesionale HORECA","publisher":{"@id":"https:\/\/prolab.ro\/ro\/#organization"},"potentialAction":[{"@type":"SearchAction","target":{"@type":"EntryPoint","urlTemplate":"https:\/\/prolab.ro\/ro\/?s={search_term_string}"},"query-input":{"@type":"PropertyValueSpecification","valueRequired":true,"valueName":"search_term_string"}}],"inLanguage":"ro-RO"},{"@type":"Organization","@id":"https:\/\/prolab.ro\/ro\/#organization","name":"HORECA PROLAB SRL","url":"https:\/\/prolab.ro\/ro\/","logo":{"@type":"ImageObject","inLanguage":"ro-RO","@id":"https:\/\/prolab.ro\/ro\/#\/schema\/logo\/image\/","url":"https:\/\/prolab.ro\/wp-content\/uploads\/2020\/10\/cropped-2019-06-21-logos-03-B-red.png","contentUrl":"https:\/\/prolab.ro\/wp-content\/uploads\/2020\/10\/cropped-2019-06-21-logos-03-B-red.png","width":1963,"height":546,"caption":"HORECA PROLAB SRL"},"image":{"@id":"https:\/\/prolab.ro\/ro\/#\/schema\/logo\/image\/"},"sameAs":["https:\/\/www.facebook.com\/profile.php?id=100063772800673"]}]}},"_links":{"self":[{"href":"https:\/\/prolab.ro\/ro\/wp-json\/wp\/v2\/product\/3104","targetHints":{"allow":["GET"]}}],"collection":[{"href":"https:\/\/prolab.ro\/ro\/wp-json\/wp\/v2\/product"}],"about":[{"href":"https:\/\/prolab.ro\/ro\/wp-json\/wp\/v2\/types\/product"}],"replies":[{"embeddable":true,"href":"https:\/\/prolab.ro\/ro\/wp-json\/wp\/v2\/comments?post=3104"}],"wp:featuredmedia":[{"embeddable":true,"href":"https:\/\/prolab.ro\/ro\/wp-json\/wp\/v2\/media\/3105"}],"wp:attachment":[{"href":"https:\/\/prolab.ro\/ro\/wp-json\/wp\/v2\/media?parent=3104"}],"wp:term":[{"taxonomy":"product_brand","embeddable":true,"href":"https:\/\/prolab.ro\/ro\/wp-json\/wp\/v2\/product_brand?post=3104"},{"taxonomy":"product_cat","embeddable":true,"href":"https:\/\/prolab.ro\/ro\/wp-json\/wp\/v2\/product_cat?post=3104"},{"taxonomy":"product_tag","embeddable":true,"href":"https:\/\/prolab.ro\/ro\/wp-json\/wp\/v2\/product_tag?post=3104"}],"curies":[{"name":"wp","href":"https:\/\/api.w.org\/{rel}","templated":true}]}}