{"id":3091,"date":"2026-03-12T10:27:39","date_gmt":"2026-03-12T07:27:39","guid":{"rendered":"https:\/\/prolab.ro\/?post_type=product&#038;p=3091"},"modified":"2026-03-12T10:27:40","modified_gmt":"2026-03-12T07:27:40","slug":"mareno-m1-70-cp76g-echipament-pentru-fierberea-pastelor","status":"publish","type":"product","link":"https:\/\/prolab.ro\/ro\/produs\/mareno-m1-70-cp76g-echipament-pentru-fierberea-pastelor\/","title":{"rendered":"Mareno M1-70  CP76G &#8211; Echipament pentru fierberea pastelor"},"content":{"rendered":"<ul>\n<li data-start=\"1109\" data-end=\"1180\"><strong data-start=\"1109\" data-end=\"1128\">Tip echipament:<\/strong> fierb\u0103tor profesional pentru paste (pasta cooker)<\/li>\n<li data-start=\"1183\" data-end=\"1204\"><strong data-start=\"1183\" data-end=\"1198\">Alimentare:<\/strong> gaz<\/li>\n<li data-start=\"1207\" data-end=\"1226\"><strong data-start=\"1207\" data-end=\"1222\">Num\u0103r cuve:<\/strong> 1 <strong>(poate fi si cu 2 cuve)<\/strong><\/li>\n<li data-start=\"1229\" data-end=\"1276\"><strong data-start=\"1229\" data-end=\"1249\">Capacitate cuv\u0103:<\/strong> aproximativ <strong data-start=\"1262\" data-end=\"1274\">42 litri<\/strong><\/li>\n<li data-start=\"1279\" data-end=\"1336\"><strong data-start=\"1279\" data-end=\"1299\">Dimensiuni cuv\u0103:<\/strong> aproximativ <strong data-start=\"1312\" data-end=\"1334\">510 \u00d7 310 \u00d7 275 mm<\/strong><\/li>\n<li data-start=\"1339\" data-end=\"1391\"><strong data-start=\"1339\" data-end=\"1353\">Aprindere:<\/strong> <strong data-start=\"1354\" data-end=\"1372\">piezoelectric\u0103<\/strong> cu flac\u0103r\u0103 pilot<\/li>\n<li data-start=\"1394\" data-end=\"1477\"><strong data-start=\"1394\" data-end=\"1408\">Siguran\u021b\u0103:<\/strong> termocuplu + presostat care opre\u0219te \u00eenc\u0103lzirea dac\u0103 vasul este gol<\/li>\n<li data-start=\"1480\" data-end=\"1542\"><strong data-start=\"1480\" data-end=\"1504\">Control temperatur\u0103:<\/strong> reglaj continuu al puterii fl\u0103c\u0103rii<\/li>\n<li data-start=\"1545\" data-end=\"1613\"><strong data-start=\"1545\" data-end=\"1558\">Picioare:<\/strong> inox reglabile<\/li>\n<li data-start=\"1655\" data-end=\"1702\"><strong data-start=\"1655\" data-end=\"1677\">Dimensiuni aparat:<\/strong> <strong data-start=\"1678\" data-end=\"1700\">600 \u00d7 750 \u00d7 900 mm<\/strong><\/li>\n<li data-start=\"1705\" data-end=\"1734\"><strong data-start=\"1705\" data-end=\"1718\">Material:<\/strong> inox AISI 304<\/li>\n<li data-start=\"1737\" data-end=\"1846\"><strong data-start=\"1737\" data-end=\"1747\">Serie:<\/strong> M1-70 (echipamente modulare pentru buc\u0103t\u0103rii profesionale)<\/li>\n<\/ul>\n<p>&nbsp;<\/p>\n<p data-start=\"1883\" data-end=\"1929\">Acest tip de echipament este folosit pentru:<\/p>\n<ul>\n<li data-start=\"1932\" data-end=\"1972\">paste (spaghetti, penne, fusilli etc.)<\/li>\n<li data-start=\"1975\" data-end=\"1981\">orez<\/li>\n<li data-start=\"1984\" data-end=\"1993\">gnocchi<\/li>\n<li data-start=\"1996\" data-end=\"2047\">legume sau produse care necesit\u0103 fierbere rapid\u0103.<\/li>\n<\/ul>","protected":false},"excerpt":{"rendered":"<p data-start=\"74\" data-end=\"384\">Aparatul este proiectat pentru <strong data-start=\"273\" data-end=\"343\">g\u0103tirea rapid\u0103 a pastelor, orezului sau legumelor \u00een ap\u0103 clocotit\u0103<\/strong>.<\/p>\n<p data-start=\"417\" data-end=\"614\">Echipamentul este construit din <strong data-start=\"449\" data-end=\"477\">o\u021bel inoxidabil AISI 304<\/strong> \u0219i este montat pe <strong data-start=\"496\" data-end=\"521\">baz\u0103 cu dulap deschis<\/strong> pentru acces la instala\u021bii \u0219i pentru scurgerea apei.<\/p>\n<p data-start=\"616\" data-end=\"910\">Cuva este realizat\u0103 din <strong data-start=\"640\" data-end=\"666\">inox AISI 316 lustruit<\/strong>, cu fund rotunjit pentru cur\u0103\u021bare u\u0219oar\u0103 \u0219i rezisten\u021b\u0103 la coroziune. Sistemul de \u00eenc\u0103lzire utilizeaz\u0103 <strong data-start=\"769\" data-end=\"812\">arz\u0103toare pe gaz cu flac\u0103r\u0103 stabilizat\u0103<\/strong>, controlate prin valv\u0103 de gaz cu termocuplu de siguran\u021b\u0103.<\/p>\n<p data-start=\"912\" data-end=\"1067\">Aparatul include <strong data-start=\"929\" data-end=\"963\">robinet pentru umplerea cu ap\u0103<\/strong> \u0219i <strong data-start=\"967\" data-end=\"990\">robinet de scurgere<\/strong> pentru golirea cuvei dup\u0103 utilizare.<\/p>","protected":false},"featured_media":3092,"comment_status":"open","ping_status":"closed","template":"","meta":{"ocean_post_layout":"","ocean_both_sidebars_style":"","ocean_both_sidebars_content_width":0,"ocean_both_sidebars_sidebars_width":0,"ocean_sidebar":"0","ocean_second_sidebar":"0","ocean_disable_margins":"enable","ocean_add_body_class":"","ocean_shortcode_before_top_bar":"","ocean_shortcode_after_top_bar":"","ocean_shortcode_before_header":"","ocean_shortcode_after_header":"","ocean_has_shortcode":"","ocean_shortcode_after_title":"","ocean_shortcode_before_footer_widgets":"","ocean_shortcode_after_footer_widgets":"","ocean_shortcode_before_footer_bottom":"","ocean_shortcode_after_footer_bottom":"","ocean_display_top_bar":"default","ocean_display_header":"default","ocean_header_style":"","ocean_center_header_left_menu":"0","ocean_custom_header_template":"0","ocean_custom_logo":0,"ocean_custom_retina_logo":0,"ocean_custom_logo_max_width":0,"ocean_custom_logo_tablet_max_width":0,"ocean_custom_logo_mobile_max_width":0,"ocean_custom_logo_max_height":0,"ocean_custom_logo_tablet_max_height":0,"ocean_custom_logo_mobile_max_height":0,"ocean_header_custom_menu":"0","ocean_menu_typo_font_family":"0","ocean_menu_typo_font_subset":"","ocean_menu_typo_font_size":0,"ocean_menu_typo_font_size_tablet":0,"ocean_menu_typo_font_size_mobile":0,"ocean_menu_typo_font_size_unit":"px","ocean_menu_typo_font_weight":"","ocean_menu_typo_font_weight_tablet":"","ocean_menu_typo_font_weight_mobile":"","ocean_menu_typo_transform":"","ocean_menu_typo_transform_tablet":"","ocean_menu_typo_transform_mobile":"","ocean_menu_typo_line_height":0,"ocean_menu_typo_line_height_tablet":0,"ocean_menu_typo_line_height_mobile":0,"ocean_menu_typo_line_height_unit":"","ocean_menu_typo_spacing":0,"ocean_menu_typo_spacing_tablet":0,"ocean_menu_typo_spacing_mobile":0,"ocean_menu_typo_spacing_unit":"","ocean_menu_link_color":"","ocean_menu_link_color_hover":"","ocean_menu_link_color_active":"","ocean_menu_link_background":"","ocean_menu_link_hover_background":"","ocean_menu_link_active_background":"","ocean_menu_social_links_bg":"","ocean_menu_social_hover_links_bg":"","ocean_menu_social_links_color":"","ocean_menu_social_hover_links_color":"","ocean_disable_title":"default","ocean_disable_heading":"default","ocean_post_title":"","ocean_post_subheading":"","ocean_post_title_style":"","ocean_post_title_background_color":"","ocean_post_title_background":0,"ocean_post_title_bg_image_position":"","ocean_post_title_bg_image_attachment":"","ocean_post_title_bg_image_repeat":"","ocean_post_title_bg_image_size":"","ocean_post_title_height":0,"ocean_post_title_bg_overlay":0.5,"ocean_post_title_bg_overlay_color":"","ocean_disable_breadcrumbs":"default","ocean_breadcrumbs_color":"","ocean_breadcrumbs_separator_color":"","ocean_breadcrumbs_links_color":"","ocean_breadcrumbs_links_hover_color":"","ocean_display_footer_widgets":"default","ocean_display_footer_bottom":"default","ocean_custom_footer_template":"0"},"product_brand":[],"product_cat":[151],"product_tag":[],"class_list":{"0":"post-3091","1":"product","2":"type-product","3":"status-publish","4":"has-post-thumbnail","6":"product_cat-cuptor","8":"entry","9":"has-media","11":"first","12":"instock","13":"taxable","14":"shipping-taxable","15":"product-type-simple","16":"has-product-nav","17":"col","18":"span_1_of_2","19":"owp-content-center","20":"owp-thumbs-layout-horizontal","21":"owp-btn-normal","22":"owp-tabs-layout-horizontal","23":"has-no-thumbnails"},"yoast_head":"<!-- This site is optimized with the Yoast SEO plugin v27.4 - https:\/\/yoast.com\/product\/yoast-seo-wordpress\/ -->\n<title>Mareno M1-70 CP76G - Echipament pentru fierberea pastelor - PROLAB<\/title>\n<meta name=\"robots\" content=\"index, follow, max-snippet:-1, max-image-preview:large, max-video-preview:-1\" \/>\n<link rel=\"canonical\" href=\"https:\/\/prolab.ro\/ro\/produs\/mareno-m1-70-cp76g-echipament-pentru-fierberea-pastelor\/\" \/>\n<meta property=\"og:locale\" content=\"ro_RO\" \/>\n<meta property=\"og:type\" content=\"article\" \/>\n<meta property=\"og:title\" content=\"Mareno M1-70 CP76G - Echipament pentru fierberea pastelor - PROLAB\" \/>\n<meta property=\"og:description\" content=\"Aparatul este proiectat pentru g\u0103tirea rapid\u0103 a pastelor, orezului sau legumelor \u00een ap\u0103 clocotit\u0103. Echipamentul este construit din o\u021bel inoxidabil AISI 304 \u0219i este montat pe baz\u0103 cu dulap deschis pentru acces la instala\u021bii \u0219i pentru scurgerea apei. Cuva este realizat\u0103 din inox AISI 316 lustruit, cu fund rotunjit pentru cur\u0103\u021bare u\u0219oar\u0103 \u0219i rezisten\u021b\u0103 la coroziune. Sistemul de \u00eenc\u0103lzire utilizeaz\u0103 arz\u0103toare pe gaz cu flac\u0103r\u0103 stabilizat\u0103, controlate prin valv\u0103 de gaz cu termocuplu de siguran\u021b\u0103. Aparatul include robinet pentru umplerea cu ap\u0103 \u0219i robinet de scurgere pentru golirea cuvei dup\u0103 utilizare.\" \/>\n<meta property=\"og:url\" content=\"https:\/\/prolab.ro\/ro\/produs\/mareno-m1-70-cp76g-echipament-pentru-fierberea-pastelor\/\" \/>\n<meta property=\"og:site_name\" content=\"PROLAB\" \/>\n<meta property=\"article:publisher\" content=\"https:\/\/www.facebook.com\/profile.php?id=100063772800673\" \/>\n<meta property=\"article:modified_time\" content=\"2026-03-12T07:27:40+00:00\" \/>\n<meta property=\"og:image\" content=\"https:\/\/prolab.ro\/wp-content\/uploads\/2026\/03\/HandlerTreeThumb-9.jpg\" \/>\n\t<meta property=\"og:image:width\" content=\"1920\" \/>\n\t<meta property=\"og:image:height\" content=\"1920\" \/>\n\t<meta property=\"og:image:type\" content=\"image\/jpeg\" \/>\n<meta name=\"twitter:card\" content=\"summary_large_image\" \/>\n<meta name=\"twitter:label1\" content=\"Timp estimat pentru citire\" \/>\n\t<meta name=\"twitter:data1\" content=\"1 minut\" \/>\n<script type=\"application\/ld+json\" class=\"yoast-schema-graph\">{\"@context\":\"https:\\\/\\\/schema.org\",\"@graph\":[{\"@type\":\"WebPage\",\"@id\":\"https:\\\/\\\/prolab.ro\\\/product\\\/mareno-m1-70-cp76g-echipament-pentru-fierberea-pastelor\\\/\",\"url\":\"https:\\\/\\\/prolab.ro\\\/product\\\/mareno-m1-70-cp76g-echipament-pentru-fierberea-pastelor\\\/\",\"name\":\"Mareno M1-70 CP76G - Echipament pentru fierberea pastelor - PROLAB\",\"isPartOf\":{\"@id\":\"https:\\\/\\\/prolab.ro\\\/ro\\\/#website\"},\"primaryImageOfPage\":{\"@id\":\"https:\\\/\\\/prolab.ro\\\/product\\\/mareno-m1-70-cp76g-echipament-pentru-fierberea-pastelor\\\/#primaryimage\"},\"image\":{\"@id\":\"https:\\\/\\\/prolab.ro\\\/product\\\/mareno-m1-70-cp76g-echipament-pentru-fierberea-pastelor\\\/#primaryimage\"},\"thumbnailUrl\":\"https:\\\/\\\/prolab.ro\\\/wp-content\\\/uploads\\\/2026\\\/03\\\/HandlerTreeThumb-9.jpg\",\"datePublished\":\"2026-03-12T07:27:39+00:00\",\"dateModified\":\"2026-03-12T07:27:40+00:00\",\"breadcrumb\":{\"@id\":\"https:\\\/\\\/prolab.ro\\\/product\\\/mareno-m1-70-cp76g-echipament-pentru-fierberea-pastelor\\\/#breadcrumb\"},\"inLanguage\":\"ro-RO\",\"potentialAction\":[{\"@type\":\"ReadAction\",\"target\":[\"https:\\\/\\\/prolab.ro\\\/product\\\/mareno-m1-70-cp76g-echipament-pentru-fierberea-pastelor\\\/\"]}]},{\"@type\":\"ImageObject\",\"inLanguage\":\"ro-RO\",\"@id\":\"https:\\\/\\\/prolab.ro\\\/product\\\/mareno-m1-70-cp76g-echipament-pentru-fierberea-pastelor\\\/#primaryimage\",\"url\":\"https:\\\/\\\/prolab.ro\\\/wp-content\\\/uploads\\\/2026\\\/03\\\/HandlerTreeThumb-9.jpg\",\"contentUrl\":\"https:\\\/\\\/prolab.ro\\\/wp-content\\\/uploads\\\/2026\\\/03\\\/HandlerTreeThumb-9.jpg\",\"width\":1920,\"height\":1920},{\"@type\":\"BreadcrumbList\",\"@id\":\"https:\\\/\\\/prolab.ro\\\/product\\\/mareno-m1-70-cp76g-echipament-pentru-fierberea-pastelor\\\/#breadcrumb\",\"itemListElement\":[{\"@type\":\"ListItem\",\"position\":1,\"name\":\"Home\",\"item\":\"https:\\\/\\\/prolab.ro\\\/\"},{\"@type\":\"ListItem\",\"position\":2,\"name\":\"Shop\",\"item\":\"https:\\\/\\\/prolab.ro\\\/shop\\\/\"},{\"@type\":\"ListItem\",\"position\":3,\"name\":\"Mareno M1-70 CP76G &#8211; Echipament pentru fierberea pastelor\"}]},{\"@type\":\"WebSite\",\"@id\":\"https:\\\/\\\/prolab.ro\\\/ro\\\/#website\",\"url\":\"https:\\\/\\\/prolab.ro\\\/ro\\\/\",\"name\":\"www.prolab.ro\",\"description\":\"Echipamente profesionale HORECA\",\"publisher\":{\"@id\":\"https:\\\/\\\/prolab.ro\\\/ro\\\/#organization\"},\"potentialAction\":[{\"@type\":\"SearchAction\",\"target\":{\"@type\":\"EntryPoint\",\"urlTemplate\":\"https:\\\/\\\/prolab.ro\\\/ro\\\/?s={search_term_string}\"},\"query-input\":{\"@type\":\"PropertyValueSpecification\",\"valueRequired\":true,\"valueName\":\"search_term_string\"}}],\"inLanguage\":\"ro-RO\"},{\"@type\":\"Organization\",\"@id\":\"https:\\\/\\\/prolab.ro\\\/ro\\\/#organization\",\"name\":\"HORECA PROLAB SRL\",\"url\":\"https:\\\/\\\/prolab.ro\\\/ro\\\/\",\"logo\":{\"@type\":\"ImageObject\",\"inLanguage\":\"ro-RO\",\"@id\":\"https:\\\/\\\/prolab.ro\\\/ro\\\/#\\\/schema\\\/logo\\\/image\\\/\",\"url\":\"https:\\\/\\\/prolab.ro\\\/wp-content\\\/uploads\\\/2020\\\/10\\\/cropped-2019-06-21-logos-03-B-red.png\",\"contentUrl\":\"https:\\\/\\\/prolab.ro\\\/wp-content\\\/uploads\\\/2020\\\/10\\\/cropped-2019-06-21-logos-03-B-red.png\",\"width\":1963,\"height\":546,\"caption\":\"HORECA PROLAB SRL\"},\"image\":{\"@id\":\"https:\\\/\\\/prolab.ro\\\/ro\\\/#\\\/schema\\\/logo\\\/image\\\/\"},\"sameAs\":[\"https:\\\/\\\/www.facebook.com\\\/profile.php?id=100063772800673\"]}]}<\/script>\n<!-- \/ Yoast SEO plugin. -->","yoast_head_json":{"title":"Mareno M1-70 CP76G - Echipament pentru fierberea pastelor - PROLAB","robots":{"index":"index","follow":"follow","max-snippet":"max-snippet:-1","max-image-preview":"max-image-preview:large","max-video-preview":"max-video-preview:-1"},"canonical":"https:\/\/prolab.ro\/ro\/produs\/mareno-m1-70-cp76g-echipament-pentru-fierberea-pastelor\/","og_locale":"ro_RO","og_type":"article","og_title":"Mareno M1-70 CP76G - Echipament pentru fierberea pastelor - PROLAB","og_description":"Aparatul este proiectat pentru g\u0103tirea rapid\u0103 a pastelor, orezului sau legumelor \u00een ap\u0103 clocotit\u0103. Echipamentul este construit din o\u021bel inoxidabil AISI 304 \u0219i este montat pe baz\u0103 cu dulap deschis pentru acces la instala\u021bii \u0219i pentru scurgerea apei. Cuva este realizat\u0103 din inox AISI 316 lustruit, cu fund rotunjit pentru cur\u0103\u021bare u\u0219oar\u0103 \u0219i rezisten\u021b\u0103 la coroziune. Sistemul de \u00eenc\u0103lzire utilizeaz\u0103 arz\u0103toare pe gaz cu flac\u0103r\u0103 stabilizat\u0103, controlate prin valv\u0103 de gaz cu termocuplu de siguran\u021b\u0103. Aparatul include robinet pentru umplerea cu ap\u0103 \u0219i robinet de scurgere pentru golirea cuvei dup\u0103 utilizare.","og_url":"https:\/\/prolab.ro\/ro\/produs\/mareno-m1-70-cp76g-echipament-pentru-fierberea-pastelor\/","og_site_name":"PROLAB","article_publisher":"https:\/\/www.facebook.com\/profile.php?id=100063772800673","article_modified_time":"2026-03-12T07:27:40+00:00","og_image":[{"width":1920,"height":1920,"url":"https:\/\/prolab.ro\/wp-content\/uploads\/2026\/03\/HandlerTreeThumb-9.jpg","type":"image\/jpeg"}],"twitter_card":"summary_large_image","twitter_misc":{"Timp estimat pentru citire":"1 minut"},"schema":{"@context":"https:\/\/schema.org","@graph":[{"@type":"WebPage","@id":"https:\/\/prolab.ro\/product\/mareno-m1-70-cp76g-echipament-pentru-fierberea-pastelor\/","url":"https:\/\/prolab.ro\/product\/mareno-m1-70-cp76g-echipament-pentru-fierberea-pastelor\/","name":"Mareno M1-70 CP76G - Echipament pentru fierberea pastelor - PROLAB","isPartOf":{"@id":"https:\/\/prolab.ro\/ro\/#website"},"primaryImageOfPage":{"@id":"https:\/\/prolab.ro\/product\/mareno-m1-70-cp76g-echipament-pentru-fierberea-pastelor\/#primaryimage"},"image":{"@id":"https:\/\/prolab.ro\/product\/mareno-m1-70-cp76g-echipament-pentru-fierberea-pastelor\/#primaryimage"},"thumbnailUrl":"https:\/\/prolab.ro\/wp-content\/uploads\/2026\/03\/HandlerTreeThumb-9.jpg","datePublished":"2026-03-12T07:27:39+00:00","dateModified":"2026-03-12T07:27:40+00:00","breadcrumb":{"@id":"https:\/\/prolab.ro\/product\/mareno-m1-70-cp76g-echipament-pentru-fierberea-pastelor\/#breadcrumb"},"inLanguage":"ro-RO","potentialAction":[{"@type":"ReadAction","target":["https:\/\/prolab.ro\/product\/mareno-m1-70-cp76g-echipament-pentru-fierberea-pastelor\/"]}]},{"@type":"ImageObject","inLanguage":"ro-RO","@id":"https:\/\/prolab.ro\/product\/mareno-m1-70-cp76g-echipament-pentru-fierberea-pastelor\/#primaryimage","url":"https:\/\/prolab.ro\/wp-content\/uploads\/2026\/03\/HandlerTreeThumb-9.jpg","contentUrl":"https:\/\/prolab.ro\/wp-content\/uploads\/2026\/03\/HandlerTreeThumb-9.jpg","width":1920,"height":1920},{"@type":"BreadcrumbList","@id":"https:\/\/prolab.ro\/product\/mareno-m1-70-cp76g-echipament-pentru-fierberea-pastelor\/#breadcrumb","itemListElement":[{"@type":"ListItem","position":1,"name":"Home","item":"https:\/\/prolab.ro\/"},{"@type":"ListItem","position":2,"name":"Shop","item":"https:\/\/prolab.ro\/shop\/"},{"@type":"ListItem","position":3,"name":"Mareno M1-70 CP76G &#8211; Echipament pentru fierberea pastelor"}]},{"@type":"WebSite","@id":"https:\/\/prolab.ro\/ro\/#website","url":"https:\/\/prolab.ro\/ro\/","name":"www.prolab.ro","description":"Echipamente profesionale HORECA","publisher":{"@id":"https:\/\/prolab.ro\/ro\/#organization"},"potentialAction":[{"@type":"SearchAction","target":{"@type":"EntryPoint","urlTemplate":"https:\/\/prolab.ro\/ro\/?s={search_term_string}"},"query-input":{"@type":"PropertyValueSpecification","valueRequired":true,"valueName":"search_term_string"}}],"inLanguage":"ro-RO"},{"@type":"Organization","@id":"https:\/\/prolab.ro\/ro\/#organization","name":"HORECA PROLAB SRL","url":"https:\/\/prolab.ro\/ro\/","logo":{"@type":"ImageObject","inLanguage":"ro-RO","@id":"https:\/\/prolab.ro\/ro\/#\/schema\/logo\/image\/","url":"https:\/\/prolab.ro\/wp-content\/uploads\/2020\/10\/cropped-2019-06-21-logos-03-B-red.png","contentUrl":"https:\/\/prolab.ro\/wp-content\/uploads\/2020\/10\/cropped-2019-06-21-logos-03-B-red.png","width":1963,"height":546,"caption":"HORECA PROLAB SRL"},"image":{"@id":"https:\/\/prolab.ro\/ro\/#\/schema\/logo\/image\/"},"sameAs":["https:\/\/www.facebook.com\/profile.php?id=100063772800673"]}]}},"_links":{"self":[{"href":"https:\/\/prolab.ro\/ro\/wp-json\/wp\/v2\/product\/3091","targetHints":{"allow":["GET"]}}],"collection":[{"href":"https:\/\/prolab.ro\/ro\/wp-json\/wp\/v2\/product"}],"about":[{"href":"https:\/\/prolab.ro\/ro\/wp-json\/wp\/v2\/types\/product"}],"replies":[{"embeddable":true,"href":"https:\/\/prolab.ro\/ro\/wp-json\/wp\/v2\/comments?post=3091"}],"wp:featuredmedia":[{"embeddable":true,"href":"https:\/\/prolab.ro\/ro\/wp-json\/wp\/v2\/media\/3092"}],"wp:attachment":[{"href":"https:\/\/prolab.ro\/ro\/wp-json\/wp\/v2\/media?parent=3091"}],"wp:term":[{"taxonomy":"product_brand","embeddable":true,"href":"https:\/\/prolab.ro\/ro\/wp-json\/wp\/v2\/product_brand?post=3091"},{"taxonomy":"product_cat","embeddable":true,"href":"https:\/\/prolab.ro\/ro\/wp-json\/wp\/v2\/product_cat?post=3091"},{"taxonomy":"product_tag","embeddable":true,"href":"https:\/\/prolab.ro\/ro\/wp-json\/wp\/v2\/product_tag?post=3091"}],"curies":[{"name":"wp","href":"https:\/\/api.w.org\/{rel}","templated":true}]}}