{"id":3080,"date":"2026-03-11T16:45:49","date_gmt":"2026-03-11T13:45:49","guid":{"rendered":"https:\/\/prolab.ro\/?post_type=product&#038;p=3080"},"modified":"2026-03-11T16:45:49","modified_gmt":"2026-03-11T13:45:49","slug":"mareno-m1-70-gr78ga-grill-profesional-radiant-pe-gaz","status":"publish","type":"product","link":"https:\/\/prolab.ro\/ro\/produs\/mareno-m1-70-gr78ga-grill-profesional-radiant-pe-gaz\/","title":{"rendered":"Mareno M1-70 GR78GA &#8211; Grill profesional radiant pe gaz"},"content":{"rendered":"<ul>\n<li data-start=\"1204\" data-end=\"1246\"><strong data-start=\"1204\" data-end=\"1223\">Tip echipament:<\/strong> grill radiant pe gaz<\/li>\n<li data-start=\"1249\" data-end=\"1277\"><strong data-start=\"1249\" data-end=\"1273\">Num\u0103r zone de g\u0103tit:<\/strong> 2<\/li>\n<li data-start=\"1280\" data-end=\"1312\"><strong data-start=\"1280\" data-end=\"1292\">Gr\u0103tare:<\/strong> font\u0103 reversibil\u0103<\/li>\n<li data-start=\"1315\" data-end=\"1345\"><strong data-start=\"1315\" data-end=\"1333\">Putere total\u0103:<\/strong> <strong data-start=\"1334\" data-end=\"1343\">15 kW<\/strong><\/li>\n<li data-start=\"1348\" data-end=\"1379\"><strong data-start=\"1348\" data-end=\"1362\">Aprindere:<\/strong> piezoelectric\u0103<\/li>\n<li data-start=\"1382\" data-end=\"1425\"><strong data-start=\"1382\" data-end=\"1396\">Siguran\u021b\u0103:<\/strong> termocuplu + flac\u0103r\u0103 pilot<\/li>\n<li data-start=\"1428\" data-end=\"1473\"><strong data-start=\"1428\" data-end=\"1471\">Canal frontal de colectare a gr\u0103similor<\/strong><\/li>\n<li data-start=\"1476\" data-end=\"1567\"><strong data-start=\"1476\" data-end=\"1527\">Tav\u0103 cu ap\u0103 pentru r\u0103cirea gr\u0103similor \u0219i vapori<\/strong><\/li>\n<li data-start=\"1610\" data-end=\"1650\"><strong data-start=\"1610\" data-end=\"1625\">Dimensiuni:<\/strong> <strong data-start=\"1626\" data-end=\"1648\">800 \u00d7 750 \u00d7 900 mm<\/strong><\/li>\n<li data-start=\"1653\" data-end=\"1707\"><strong data-start=\"1653\" data-end=\"1676\">Suprafa\u021b\u0103 de g\u0103tit:<\/strong> aproximativ <strong data-start=\"1689\" data-end=\"1705\">712 \u00d7 466 mm<\/strong><\/li>\n<li data-start=\"1710\" data-end=\"1747\"><strong data-start=\"1710\" data-end=\"1723\">Greutate:<\/strong> aproximativ <strong data-start=\"1736\" data-end=\"1745\">79 kg<\/strong><\/li>\n<li data-start=\"1750\" data-end=\"1831\"><strong data-start=\"1750\" data-end=\"1765\">Alimentare:<\/strong> gaz (GPL sau gaz natural)<\/li>\n<\/ul>\n<p>&nbsp;<\/p>\n<p data-start=\"1855\" data-end=\"1894\">Acest tip de grill este folosit pentru:<\/p>\n<ul>\n<li data-start=\"1897\" data-end=\"1923\">steak \u0219i carne la gr\u0103tar<\/li>\n<li data-start=\"1926\" data-end=\"1935\">burgeri<\/li>\n<li data-start=\"1938\" data-end=\"1963\">pe\u0219te \u0219i fructe de mare<\/li>\n<li data-start=\"1966\" data-end=\"2023\">legume la gr\u0103tar.<\/li>\n<\/ul>","protected":false},"excerpt":{"rendered":"<p>Este un <strong data-start=\"90\" data-end=\"130\">grill profesional pe gaz tip radiant<\/strong>, montat pe <strong data-start=\"142\" data-end=\"161\">suport cu dulap, <\/strong>folosit pentru gr\u0103tar direct: carne, pe\u0219te, burgeri, legume sau fructe de mare.<\/p>\n<p data-start=\"394\" data-end=\"622\">Echipamentul este realizat din <strong data-start=\"425\" data-end=\"453\">o\u021bel inoxidabil AISI 304<\/strong> \u0219i are <strong data-start=\"461\" data-end=\"501\">gr\u0103tare solide din font\u0103 reversibile<\/strong>, care pot fi folosite \u00een dou\u0103 pozi\u021bii diferite pentru tipuri diferite de g\u0103tire.<\/p>\n<ul data-start=\"624\" data-end=\"785\">\n<li data-section-id=\"1ul9sn8\" data-start=\"624\" data-end=\"699\">\n<p data-start=\"626\" data-end=\"699\">o pozi\u021bie <strong data-start=\"636\" data-end=\"649\">\u00eenclinat\u0103<\/strong> pentru carne gras\u0103 (permite scurgerea gr\u0103simii)<\/p>\n<\/li>\n<li data-section-id=\"14kc6p5\" data-start=\"700\" data-end=\"785\">\n<p data-start=\"702\" data-end=\"785\">o pozi\u021bie <strong data-start=\"712\" data-end=\"721\">plan\u0103<\/strong> pentru pe\u0219te \u0219i legume.<\/p>\n<\/li>\n<\/ul>\n<p data-start=\"787\" data-end=\"986\">Sub gr\u0103tar exist\u0103 o <strong data-start=\"807\" data-end=\"845\">tav\u0103 cu ap\u0103 \u0219i colector de gr\u0103simi<\/strong>. Apa r\u0103ce\u0219te gr\u0103simile care cad \u0219i creeaz\u0103 un u\u0219or efect de vapori, ceea ce face carnea mai fraged\u0103.<\/p>\n<p data-start=\"988\" data-end=\"1162\">\u00cenc\u0103lzirea se face prin <strong data-start=\"1012\" data-end=\"1041\">arz\u0103toare pe gaz din inox<\/strong>, iar aprinderea este <strong data-start=\"1063\" data-end=\"1081\">piezoelectric\u0103<\/strong> cu <strong data-start=\"1085\" data-end=\"1121\">pilot \u0219i termocuplu de siguran\u021b\u0103.<\/strong><\/p>","protected":false},"featured_media":3081,"comment_status":"open","ping_status":"closed","template":"","meta":{"ocean_post_layout":"","ocean_both_sidebars_style":"","ocean_both_sidebars_content_width":0,"ocean_both_sidebars_sidebars_width":0,"ocean_sidebar":"0","ocean_second_sidebar":"0","ocean_disable_margins":"enable","ocean_add_body_class":"","ocean_shortcode_before_top_bar":"","ocean_shortcode_after_top_bar":"","ocean_shortcode_before_header":"","ocean_shortcode_after_header":"","ocean_has_shortcode":"","ocean_shortcode_after_title":"","ocean_shortcode_before_footer_widgets":"","ocean_shortcode_after_footer_widgets":"","ocean_shortcode_before_footer_bottom":"","ocean_shortcode_after_footer_bottom":"","ocean_display_top_bar":"default","ocean_display_header":"default","ocean_header_style":"","ocean_center_header_left_menu":"0","ocean_custom_header_template":"0","ocean_custom_logo":0,"ocean_custom_retina_logo":0,"ocean_custom_logo_max_width":0,"ocean_custom_logo_tablet_max_width":0,"ocean_custom_logo_mobile_max_width":0,"ocean_custom_logo_max_height":0,"ocean_custom_logo_tablet_max_height":0,"ocean_custom_logo_mobile_max_height":0,"ocean_header_custom_menu":"0","ocean_menu_typo_font_family":"0","ocean_menu_typo_font_subset":"","ocean_menu_typo_font_size":0,"ocean_menu_typo_font_size_tablet":0,"ocean_menu_typo_font_size_mobile":0,"ocean_menu_typo_font_size_unit":"px","ocean_menu_typo_font_weight":"","ocean_menu_typo_font_weight_tablet":"","ocean_menu_typo_font_weight_mobile":"","ocean_menu_typo_transform":"","ocean_menu_typo_transform_tablet":"","ocean_menu_typo_transform_mobile":"","ocean_menu_typo_line_height":0,"ocean_menu_typo_line_height_tablet":0,"ocean_menu_typo_line_height_mobile":0,"ocean_menu_typo_line_height_unit":"","ocean_menu_typo_spacing":0,"ocean_menu_typo_spacing_tablet":0,"ocean_menu_typo_spacing_mobile":0,"ocean_menu_typo_spacing_unit":"","ocean_menu_link_color":"","ocean_menu_link_color_hover":"","ocean_menu_link_color_active":"","ocean_menu_link_background":"","ocean_menu_link_hover_background":"","ocean_menu_link_active_background":"","ocean_menu_social_links_bg":"","ocean_menu_social_hover_links_bg":"","ocean_menu_social_links_color":"","ocean_menu_social_hover_links_color":"","ocean_disable_title":"default","ocean_disable_heading":"default","ocean_post_title":"","ocean_post_subheading":"","ocean_post_title_style":"","ocean_post_title_background_color":"","ocean_post_title_background":0,"ocean_post_title_bg_image_position":"","ocean_post_title_bg_image_attachment":"","ocean_post_title_bg_image_repeat":"","ocean_post_title_bg_image_size":"","ocean_post_title_height":0,"ocean_post_title_bg_overlay":0.5,"ocean_post_title_bg_overlay_color":"","ocean_disable_breadcrumbs":"default","ocean_breadcrumbs_color":"","ocean_breadcrumbs_separator_color":"","ocean_breadcrumbs_links_color":"","ocean_breadcrumbs_links_hover_color":"","ocean_display_footer_widgets":"default","ocean_display_footer_bottom":"default","ocean_custom_footer_template":"0"},"product_brand":[],"product_cat":[151],"product_tag":[],"class_list":{"0":"post-3080","1":"product","2":"type-product","3":"status-publish","4":"has-post-thumbnail","6":"product_cat-cuptor","8":"entry","9":"has-media","11":"first","12":"instock","13":"taxable","14":"shipping-taxable","15":"product-type-simple","16":"has-product-nav","17":"col","18":"span_1_of_2","19":"owp-content-center","20":"owp-thumbs-layout-horizontal","21":"owp-btn-normal","22":"owp-tabs-layout-horizontal","23":"has-no-thumbnails"},"yoast_head":"<!-- This site is optimized with the Yoast SEO plugin v27.4 - https:\/\/yoast.com\/product\/yoast-seo-wordpress\/ -->\n<title>Mareno M1-70 GR78GA - Grill profesional radiant pe gaz - PROLAB<\/title>\n<meta name=\"robots\" content=\"index, follow, max-snippet:-1, max-image-preview:large, max-video-preview:-1\" \/>\n<link rel=\"canonical\" href=\"https:\/\/prolab.ro\/ro\/produs\/mareno-m1-70-gr78ga-grill-profesional-radiant-pe-gaz\/\" \/>\n<meta property=\"og:locale\" content=\"ro_RO\" \/>\n<meta property=\"og:type\" content=\"article\" \/>\n<meta property=\"og:title\" content=\"Mareno M1-70 GR78GA - Grill profesional radiant pe gaz - PROLAB\" \/>\n<meta property=\"og:description\" content=\"Este un grill profesional pe gaz tip radiant, montat pe suport cu dulap, folosit pentru gr\u0103tar direct: carne, pe\u0219te, burgeri, legume sau fructe de mare. Echipamentul este realizat din o\u021bel inoxidabil AISI 304 \u0219i are gr\u0103tare solide din font\u0103 reversibile, care pot fi folosite \u00een dou\u0103 pozi\u021bii diferite pentru tipuri diferite de g\u0103tire.     o pozi\u021bie \u00eenclinat\u0103 pentru carne gras\u0103 (permite scurgerea gr\u0103simii)    o pozi\u021bie plan\u0103 pentru pe\u0219te \u0219i legume.   Sub gr\u0103tar exist\u0103 o tav\u0103 cu ap\u0103 \u0219i colector de gr\u0103simi. Apa r\u0103ce\u0219te gr\u0103simile care cad \u0219i creeaz\u0103 un u\u0219or efect de vapori, ceea ce face carnea mai fraged\u0103. \u00cenc\u0103lzirea se face prin arz\u0103toare pe gaz din inox, iar aprinderea este piezoelectric\u0103 cu pilot \u0219i termocuplu de siguran\u021b\u0103.\" \/>\n<meta property=\"og:url\" content=\"https:\/\/prolab.ro\/ro\/produs\/mareno-m1-70-gr78ga-grill-profesional-radiant-pe-gaz\/\" \/>\n<meta property=\"og:site_name\" content=\"PROLAB\" \/>\n<meta property=\"article:publisher\" content=\"https:\/\/www.facebook.com\/profile.php?id=100063772800673\" \/>\n<meta property=\"og:image\" content=\"https:\/\/prolab.ro\/wp-content\/uploads\/2026\/03\/HandlerTreeThumb-8.jpg\" \/>\n\t<meta property=\"og:image:width\" content=\"1920\" \/>\n\t<meta property=\"og:image:height\" content=\"1920\" \/>\n\t<meta property=\"og:image:type\" content=\"image\/jpeg\" \/>\n<meta name=\"twitter:card\" content=\"summary_large_image\" \/>\n<meta name=\"twitter:label1\" content=\"Timp estimat pentru citire\" \/>\n\t<meta name=\"twitter:data1\" content=\"1 minut\" \/>\n<script type=\"application\/ld+json\" class=\"yoast-schema-graph\">{\"@context\":\"https:\\\/\\\/schema.org\",\"@graph\":[{\"@type\":\"WebPage\",\"@id\":\"https:\\\/\\\/prolab.ro\\\/product\\\/mareno-m1-70-gr78ga-grill-profesional-radiant-pe-gaz\\\/\",\"url\":\"https:\\\/\\\/prolab.ro\\\/product\\\/mareno-m1-70-gr78ga-grill-profesional-radiant-pe-gaz\\\/\",\"name\":\"Mareno M1-70 GR78GA - Grill profesional radiant pe gaz - PROLAB\",\"isPartOf\":{\"@id\":\"https:\\\/\\\/prolab.ro\\\/ro\\\/#website\"},\"primaryImageOfPage\":{\"@id\":\"https:\\\/\\\/prolab.ro\\\/product\\\/mareno-m1-70-gr78ga-grill-profesional-radiant-pe-gaz\\\/#primaryimage\"},\"image\":{\"@id\":\"https:\\\/\\\/prolab.ro\\\/product\\\/mareno-m1-70-gr78ga-grill-profesional-radiant-pe-gaz\\\/#primaryimage\"},\"thumbnailUrl\":\"https:\\\/\\\/prolab.ro\\\/wp-content\\\/uploads\\\/2026\\\/03\\\/HandlerTreeThumb-8.jpg\",\"datePublished\":\"2026-03-11T13:45:49+00:00\",\"breadcrumb\":{\"@id\":\"https:\\\/\\\/prolab.ro\\\/product\\\/mareno-m1-70-gr78ga-grill-profesional-radiant-pe-gaz\\\/#breadcrumb\"},\"inLanguage\":\"ro-RO\",\"potentialAction\":[{\"@type\":\"ReadAction\",\"target\":[\"https:\\\/\\\/prolab.ro\\\/product\\\/mareno-m1-70-gr78ga-grill-profesional-radiant-pe-gaz\\\/\"]}]},{\"@type\":\"ImageObject\",\"inLanguage\":\"ro-RO\",\"@id\":\"https:\\\/\\\/prolab.ro\\\/product\\\/mareno-m1-70-gr78ga-grill-profesional-radiant-pe-gaz\\\/#primaryimage\",\"url\":\"https:\\\/\\\/prolab.ro\\\/wp-content\\\/uploads\\\/2026\\\/03\\\/HandlerTreeThumb-8.jpg\",\"contentUrl\":\"https:\\\/\\\/prolab.ro\\\/wp-content\\\/uploads\\\/2026\\\/03\\\/HandlerTreeThumb-8.jpg\",\"width\":1920,\"height\":1920},{\"@type\":\"BreadcrumbList\",\"@id\":\"https:\\\/\\\/prolab.ro\\\/product\\\/mareno-m1-70-gr78ga-grill-profesional-radiant-pe-gaz\\\/#breadcrumb\",\"itemListElement\":[{\"@type\":\"ListItem\",\"position\":1,\"name\":\"Home\",\"item\":\"https:\\\/\\\/prolab.ro\\\/\"},{\"@type\":\"ListItem\",\"position\":2,\"name\":\"Shop\",\"item\":\"https:\\\/\\\/prolab.ro\\\/shop\\\/\"},{\"@type\":\"ListItem\",\"position\":3,\"name\":\"Mareno M1-70 GR78GA &#8211; Grill profesional radiant pe gaz\"}]},{\"@type\":\"WebSite\",\"@id\":\"https:\\\/\\\/prolab.ro\\\/ro\\\/#website\",\"url\":\"https:\\\/\\\/prolab.ro\\\/ro\\\/\",\"name\":\"www.prolab.ro\",\"description\":\"Echipamente profesionale HORECA\",\"publisher\":{\"@id\":\"https:\\\/\\\/prolab.ro\\\/ro\\\/#organization\"},\"potentialAction\":[{\"@type\":\"SearchAction\",\"target\":{\"@type\":\"EntryPoint\",\"urlTemplate\":\"https:\\\/\\\/prolab.ro\\\/ro\\\/?s={search_term_string}\"},\"query-input\":{\"@type\":\"PropertyValueSpecification\",\"valueRequired\":true,\"valueName\":\"search_term_string\"}}],\"inLanguage\":\"ro-RO\"},{\"@type\":\"Organization\",\"@id\":\"https:\\\/\\\/prolab.ro\\\/ro\\\/#organization\",\"name\":\"HORECA PROLAB SRL\",\"url\":\"https:\\\/\\\/prolab.ro\\\/ro\\\/\",\"logo\":{\"@type\":\"ImageObject\",\"inLanguage\":\"ro-RO\",\"@id\":\"https:\\\/\\\/prolab.ro\\\/ro\\\/#\\\/schema\\\/logo\\\/image\\\/\",\"url\":\"https:\\\/\\\/prolab.ro\\\/wp-content\\\/uploads\\\/2020\\\/10\\\/cropped-2019-06-21-logos-03-B-red.png\",\"contentUrl\":\"https:\\\/\\\/prolab.ro\\\/wp-content\\\/uploads\\\/2020\\\/10\\\/cropped-2019-06-21-logos-03-B-red.png\",\"width\":1963,\"height\":546,\"caption\":\"HORECA PROLAB SRL\"},\"image\":{\"@id\":\"https:\\\/\\\/prolab.ro\\\/ro\\\/#\\\/schema\\\/logo\\\/image\\\/\"},\"sameAs\":[\"https:\\\/\\\/www.facebook.com\\\/profile.php?id=100063772800673\"]}]}<\/script>\n<!-- \/ Yoast SEO plugin. -->","yoast_head_json":{"title":"Mareno M1-70 GR78GA - Grill profesional radiant pe gaz - PROLAB","robots":{"index":"index","follow":"follow","max-snippet":"max-snippet:-1","max-image-preview":"max-image-preview:large","max-video-preview":"max-video-preview:-1"},"canonical":"https:\/\/prolab.ro\/ro\/produs\/mareno-m1-70-gr78ga-grill-profesional-radiant-pe-gaz\/","og_locale":"ro_RO","og_type":"article","og_title":"Mareno M1-70 GR78GA - Grill profesional radiant pe gaz - PROLAB","og_description":"Este un grill profesional pe gaz tip radiant, montat pe suport cu dulap, folosit pentru gr\u0103tar direct: carne, pe\u0219te, burgeri, legume sau fructe de mare. Echipamentul este realizat din o\u021bel inoxidabil AISI 304 \u0219i are gr\u0103tare solide din font\u0103 reversibile, care pot fi folosite \u00een dou\u0103 pozi\u021bii diferite pentru tipuri diferite de g\u0103tire.     o pozi\u021bie \u00eenclinat\u0103 pentru carne gras\u0103 (permite scurgerea gr\u0103simii)    o pozi\u021bie plan\u0103 pentru pe\u0219te \u0219i legume.   Sub gr\u0103tar exist\u0103 o tav\u0103 cu ap\u0103 \u0219i colector de gr\u0103simi. Apa r\u0103ce\u0219te gr\u0103simile care cad \u0219i creeaz\u0103 un u\u0219or efect de vapori, ceea ce face carnea mai fraged\u0103. \u00cenc\u0103lzirea se face prin arz\u0103toare pe gaz din inox, iar aprinderea este piezoelectric\u0103 cu pilot \u0219i termocuplu de siguran\u021b\u0103.","og_url":"https:\/\/prolab.ro\/ro\/produs\/mareno-m1-70-gr78ga-grill-profesional-radiant-pe-gaz\/","og_site_name":"PROLAB","article_publisher":"https:\/\/www.facebook.com\/profile.php?id=100063772800673","og_image":[{"width":1920,"height":1920,"url":"https:\/\/prolab.ro\/wp-content\/uploads\/2026\/03\/HandlerTreeThumb-8.jpg","type":"image\/jpeg"}],"twitter_card":"summary_large_image","twitter_misc":{"Timp estimat pentru citire":"1 minut"},"schema":{"@context":"https:\/\/schema.org","@graph":[{"@type":"WebPage","@id":"https:\/\/prolab.ro\/product\/mareno-m1-70-gr78ga-grill-profesional-radiant-pe-gaz\/","url":"https:\/\/prolab.ro\/product\/mareno-m1-70-gr78ga-grill-profesional-radiant-pe-gaz\/","name":"Mareno M1-70 GR78GA - Grill profesional radiant pe gaz - PROLAB","isPartOf":{"@id":"https:\/\/prolab.ro\/ro\/#website"},"primaryImageOfPage":{"@id":"https:\/\/prolab.ro\/product\/mareno-m1-70-gr78ga-grill-profesional-radiant-pe-gaz\/#primaryimage"},"image":{"@id":"https:\/\/prolab.ro\/product\/mareno-m1-70-gr78ga-grill-profesional-radiant-pe-gaz\/#primaryimage"},"thumbnailUrl":"https:\/\/prolab.ro\/wp-content\/uploads\/2026\/03\/HandlerTreeThumb-8.jpg","datePublished":"2026-03-11T13:45:49+00:00","breadcrumb":{"@id":"https:\/\/prolab.ro\/product\/mareno-m1-70-gr78ga-grill-profesional-radiant-pe-gaz\/#breadcrumb"},"inLanguage":"ro-RO","potentialAction":[{"@type":"ReadAction","target":["https:\/\/prolab.ro\/product\/mareno-m1-70-gr78ga-grill-profesional-radiant-pe-gaz\/"]}]},{"@type":"ImageObject","inLanguage":"ro-RO","@id":"https:\/\/prolab.ro\/product\/mareno-m1-70-gr78ga-grill-profesional-radiant-pe-gaz\/#primaryimage","url":"https:\/\/prolab.ro\/wp-content\/uploads\/2026\/03\/HandlerTreeThumb-8.jpg","contentUrl":"https:\/\/prolab.ro\/wp-content\/uploads\/2026\/03\/HandlerTreeThumb-8.jpg","width":1920,"height":1920},{"@type":"BreadcrumbList","@id":"https:\/\/prolab.ro\/product\/mareno-m1-70-gr78ga-grill-profesional-radiant-pe-gaz\/#breadcrumb","itemListElement":[{"@type":"ListItem","position":1,"name":"Home","item":"https:\/\/prolab.ro\/"},{"@type":"ListItem","position":2,"name":"Shop","item":"https:\/\/prolab.ro\/shop\/"},{"@type":"ListItem","position":3,"name":"Mareno M1-70 GR78GA &#8211; Grill profesional radiant pe gaz"}]},{"@type":"WebSite","@id":"https:\/\/prolab.ro\/ro\/#website","url":"https:\/\/prolab.ro\/ro\/","name":"www.prolab.ro","description":"Echipamente profesionale HORECA","publisher":{"@id":"https:\/\/prolab.ro\/ro\/#organization"},"potentialAction":[{"@type":"SearchAction","target":{"@type":"EntryPoint","urlTemplate":"https:\/\/prolab.ro\/ro\/?s={search_term_string}"},"query-input":{"@type":"PropertyValueSpecification","valueRequired":true,"valueName":"search_term_string"}}],"inLanguage":"ro-RO"},{"@type":"Organization","@id":"https:\/\/prolab.ro\/ro\/#organization","name":"HORECA PROLAB SRL","url":"https:\/\/prolab.ro\/ro\/","logo":{"@type":"ImageObject","inLanguage":"ro-RO","@id":"https:\/\/prolab.ro\/ro\/#\/schema\/logo\/image\/","url":"https:\/\/prolab.ro\/wp-content\/uploads\/2020\/10\/cropped-2019-06-21-logos-03-B-red.png","contentUrl":"https:\/\/prolab.ro\/wp-content\/uploads\/2020\/10\/cropped-2019-06-21-logos-03-B-red.png","width":1963,"height":546,"caption":"HORECA PROLAB SRL"},"image":{"@id":"https:\/\/prolab.ro\/ro\/#\/schema\/logo\/image\/"},"sameAs":["https:\/\/www.facebook.com\/profile.php?id=100063772800673"]}]}},"_links":{"self":[{"href":"https:\/\/prolab.ro\/ro\/wp-json\/wp\/v2\/product\/3080","targetHints":{"allow":["GET"]}}],"collection":[{"href":"https:\/\/prolab.ro\/ro\/wp-json\/wp\/v2\/product"}],"about":[{"href":"https:\/\/prolab.ro\/ro\/wp-json\/wp\/v2\/types\/product"}],"replies":[{"embeddable":true,"href":"https:\/\/prolab.ro\/ro\/wp-json\/wp\/v2\/comments?post=3080"}],"wp:featuredmedia":[{"embeddable":true,"href":"https:\/\/prolab.ro\/ro\/wp-json\/wp\/v2\/media\/3081"}],"wp:attachment":[{"href":"https:\/\/prolab.ro\/ro\/wp-json\/wp\/v2\/media?parent=3080"}],"wp:term":[{"taxonomy":"product_brand","embeddable":true,"href":"https:\/\/prolab.ro\/ro\/wp-json\/wp\/v2\/product_brand?post=3080"},{"taxonomy":"product_cat","embeddable":true,"href":"https:\/\/prolab.ro\/ro\/wp-json\/wp\/v2\/product_cat?post=3080"},{"taxonomy":"product_tag","embeddable":true,"href":"https:\/\/prolab.ro\/ro\/wp-json\/wp\/v2\/product_tag?post=3080"}],"curies":[{"name":"wp","href":"https:\/\/api.w.org\/{rel}","templated":true}]}}