{"id":3075,"date":"2026-03-11T15:59:49","date_gmt":"2026-03-11T12:59:49","guid":{"rendered":"https:\/\/prolab.ro\/?post_type=product&#038;p=3075"},"modified":"2026-03-11T16:11:37","modified_gmt":"2026-03-11T13:11:37","slug":"mareno-e1-70-ft712glcsg-fry-top-profesional-pe-gaz-placa-de-prajit","status":"publish","type":"product","link":"https:\/\/prolab.ro\/ro\/produs\/mareno-e1-70-ft712glcsg-fry-top-profesional-pe-gaz-placa-de-prajit\/","title":{"rendered":"Mareno M1-70 FT712GLCSG &#8211; Fry-top profesional pe gaz (plac\u0103 de pr\u0103jit)"},"content":{"rendered":"<ul>\n<li data-start=\"1115\" data-end=\"1169\"><strong data-start=\"1115\" data-end=\"1134\">Tip echipament:<\/strong> fry-top (plac\u0103 de pr\u0103jit) pe gaz<\/li>\n<li data-start=\"1172\" data-end=\"1229\"><strong data-start=\"1172\" data-end=\"1195\">Suprafa\u021b\u0103 de g\u0103tit:<\/strong> plac\u0103 cromat\u0103 neted\u0103 ChromePlus<\/li>\n<li data-start=\"1232\" data-end=\"1284\"><strong data-start=\"1232\" data-end=\"1252\">Suprafa\u021b\u0103 util\u0103:<\/strong> aproximativ <strong data-start=\"1265\" data-end=\"1282\">1135 \u00d7 530 mm<\/strong><\/li>\n<li data-start=\"1287\" data-end=\"1333\"><strong data-start=\"1287\" data-end=\"1312\">Temperatur\u0103 de lucru:<\/strong> <strong data-start=\"1313\" data-end=\"1331\">90 \u00b0C \u2013 280 \u00b0C<\/strong><\/li>\n<li data-start=\"1336\" data-end=\"1394\"><strong data-start=\"1336\" data-end=\"1350\">Arz\u0103toare:<\/strong> arz\u0103toare din o\u021bel cu flac\u0103r\u0103 stabilizat\u0103<\/li>\n<li data-start=\"1397\" data-end=\"1432\"><strong data-start=\"1397\" data-end=\"1411\">Aprindere:<\/strong> <strong data-start=\"1412\" data-end=\"1430\">piezoelectric\u0103<\/strong><\/li>\n<li data-start=\"1435\" data-end=\"1478\"><strong data-start=\"1435\" data-end=\"1449\">Siguran\u021b\u0103:<\/strong> termocuplu + flac\u0103r\u0103 pilot<\/li>\n<li data-start=\"1481\" data-end=\"1524\"><strong data-start=\"1481\" data-end=\"1514\">Orificiu de scurgere gr\u0103simi:<\/strong> \u00d8 40 mm<\/li>\n<li data-start=\"1527\" data-end=\"1633\"><strong data-start=\"1527\" data-end=\"1572\">Recipient GN pentru colectarea gr\u0103similor<\/strong> \u00een partea inferioar\u0103<\/li>\n<li data-start=\"1676\" data-end=\"1713\"><strong data-start=\"1676\" data-end=\"1691\">Dimensiuni:<\/strong> 1200 \u00d7 750 \u00d7 900 mm<\/li>\n<li data-start=\"1716\" data-end=\"1748\"><strong data-start=\"1716\" data-end=\"1732\">Construc\u021bie:<\/strong> inox AISI 304<\/li>\n<li data-start=\"1751\" data-end=\"1785\"><strong data-start=\"1751\" data-end=\"1764\">Picioare:<\/strong> reglabile din inox<\/li>\n<li data-start=\"1788\" data-end=\"1856\"><strong data-start=\"1788\" data-end=\"1811\">Grad protec\u021bie ap\u0103:<\/strong> IPX5<\/li>\n<\/ul>","protected":false},"excerpt":{"rendered":"<p data-start=\"457\" data-end=\"788\">Construit din <strong data-start=\"489\" data-end=\"517\">o\u021bel inoxidabil AISI 304<\/strong>, rezistent la uzur\u0103 \u0219i u\u0219or de cur\u0103\u021bat. Suprafa\u021ba de g\u0103tit este o <strong data-start=\"584\" data-end=\"619\">plac\u0103 cromat\u0103 neted\u0103 ChromePlus<\/strong>, foarte rezistent\u0103 \u0219i u\u0219or de \u00eentre\u021binut. Placa este <strong data-start=\"673\" data-end=\"719\">\u00eenclinat\u0103 u\u0219or pentru scurgerea gr\u0103similor<\/strong> c\u0103tre orificiul de evacuare.<\/p>\n<p data-start=\"790\" data-end=\"1073\">Placa de g\u0103tit este montat\u0103 <strong data-start=\"818\" data-end=\"851\">cu 40 mm mai jos dec\u00e2t blatul<\/strong>, pentru a preveni stropirea \u0219i pentru a facilita cur\u0103\u021barea. \u00cen partea frontal\u0103 exist\u0103 o <strong data-start=\"940\" data-end=\"974\">zon\u0103 rece de aproximativ 65 mm<\/strong>, unde alimentele pot fi p\u0103strate temporar f\u0103r\u0103 s\u0103 se ard\u0103.<\/p>\n<h4 data-start=\"790\" data-end=\"1073\">Poate fi si electrica.<\/h4>","protected":false},"featured_media":3076,"comment_status":"open","ping_status":"closed","template":"","meta":{"ocean_post_layout":"","ocean_both_sidebars_style":"","ocean_both_sidebars_content_width":0,"ocean_both_sidebars_sidebars_width":0,"ocean_sidebar":"0","ocean_second_sidebar":"0","ocean_disable_margins":"enable","ocean_add_body_class":"","ocean_shortcode_before_top_bar":"","ocean_shortcode_after_top_bar":"","ocean_shortcode_before_header":"","ocean_shortcode_after_header":"","ocean_has_shortcode":"","ocean_shortcode_after_title":"","ocean_shortcode_before_footer_widgets":"","ocean_shortcode_after_footer_widgets":"","ocean_shortcode_before_footer_bottom":"","ocean_shortcode_after_footer_bottom":"","ocean_display_top_bar":"default","ocean_display_header":"default","ocean_header_style":"","ocean_center_header_left_menu":"0","ocean_custom_header_template":"0","ocean_custom_logo":0,"ocean_custom_retina_logo":0,"ocean_custom_logo_max_width":0,"ocean_custom_logo_tablet_max_width":0,"ocean_custom_logo_mobile_max_width":0,"ocean_custom_logo_max_height":0,"ocean_custom_logo_tablet_max_height":0,"ocean_custom_logo_mobile_max_height":0,"ocean_header_custom_menu":"0","ocean_menu_typo_font_family":"0","ocean_menu_typo_font_subset":"","ocean_menu_typo_font_size":0,"ocean_menu_typo_font_size_tablet":0,"ocean_menu_typo_font_size_mobile":0,"ocean_menu_typo_font_size_unit":"px","ocean_menu_typo_font_weight":"","ocean_menu_typo_font_weight_tablet":"","ocean_menu_typo_font_weight_mobile":"","ocean_menu_typo_transform":"","ocean_menu_typo_transform_tablet":"","ocean_menu_typo_transform_mobile":"","ocean_menu_typo_line_height":0,"ocean_menu_typo_line_height_tablet":0,"ocean_menu_typo_line_height_mobile":0,"ocean_menu_typo_line_height_unit":"","ocean_menu_typo_spacing":0,"ocean_menu_typo_spacing_tablet":0,"ocean_menu_typo_spacing_mobile":0,"ocean_menu_typo_spacing_unit":"","ocean_menu_link_color":"","ocean_menu_link_color_hover":"","ocean_menu_link_color_active":"","ocean_menu_link_background":"","ocean_menu_link_hover_background":"","ocean_menu_link_active_background":"","ocean_menu_social_links_bg":"","ocean_menu_social_hover_links_bg":"","ocean_menu_social_links_color":"","ocean_menu_social_hover_links_color":"","ocean_disable_title":"default","ocean_disable_heading":"default","ocean_post_title":"","ocean_post_subheading":"","ocean_post_title_style":"","ocean_post_title_background_color":"","ocean_post_title_background":0,"ocean_post_title_bg_image_position":"","ocean_post_title_bg_image_attachment":"","ocean_post_title_bg_image_repeat":"","ocean_post_title_bg_image_size":"","ocean_post_title_height":0,"ocean_post_title_bg_overlay":0.5,"ocean_post_title_bg_overlay_color":"","ocean_disable_breadcrumbs":"default","ocean_breadcrumbs_color":"","ocean_breadcrumbs_separator_color":"","ocean_breadcrumbs_links_color":"","ocean_breadcrumbs_links_hover_color":"","ocean_display_footer_widgets":"default","ocean_display_footer_bottom":"default","ocean_custom_footer_template":"0"},"product_brand":[],"product_cat":[151],"product_tag":[],"class_list":{"0":"post-3075","1":"product","2":"type-product","3":"status-publish","4":"has-post-thumbnail","6":"product_cat-cuptor","8":"entry","9":"has-media","11":"first","12":"instock","13":"taxable","14":"shipping-taxable","15":"product-type-simple","16":"has-product-nav","17":"col","18":"span_1_of_2","19":"owp-content-center","20":"owp-thumbs-layout-horizontal","21":"owp-btn-normal","22":"owp-tabs-layout-horizontal","23":"has-no-thumbnails"},"yoast_head":"<!-- This site is optimized with the Yoast SEO plugin v27.4 - https:\/\/yoast.com\/product\/yoast-seo-wordpress\/ -->\n<title>Mareno M1-70 FT712GLCSG - Fry-top profesional pe gaz (plac\u0103 de pr\u0103jit) - PROLAB<\/title>\n<meta name=\"robots\" content=\"index, follow, max-snippet:-1, max-image-preview:large, max-video-preview:-1\" \/>\n<link rel=\"canonical\" href=\"https:\/\/prolab.ro\/ro\/produs\/mareno-e1-70-ft712glcsg-fry-top-profesional-pe-gaz-placa-de-prajit\/\" \/>\n<meta property=\"og:locale\" content=\"ro_RO\" \/>\n<meta property=\"og:type\" content=\"article\" \/>\n<meta property=\"og:title\" content=\"Mareno M1-70 FT712GLCSG - Fry-top profesional pe gaz (plac\u0103 de pr\u0103jit) - PROLAB\" \/>\n<meta property=\"og:description\" content=\"Construit din o\u021bel inoxidabil AISI 304, rezistent la uzur\u0103 \u0219i u\u0219or de cur\u0103\u021bat. Suprafa\u021ba de g\u0103tit este o plac\u0103 cromat\u0103 neted\u0103 ChromePlus, foarte rezistent\u0103 \u0219i u\u0219or de \u00eentre\u021binut. Placa este \u00eenclinat\u0103 u\u0219or pentru scurgerea gr\u0103similor c\u0103tre orificiul de evacuare. Placa de g\u0103tit este montat\u0103 cu 40 mm mai jos dec\u00e2t blatul, pentru a preveni stropirea \u0219i pentru a facilita cur\u0103\u021barea. \u00cen partea frontal\u0103 exist\u0103 o zon\u0103 rece de aproximativ 65 mm, unde alimentele pot fi p\u0103strate temporar f\u0103r\u0103 s\u0103 se ard\u0103.  Poate fi si electrica.\" \/>\n<meta property=\"og:url\" content=\"https:\/\/prolab.ro\/ro\/produs\/mareno-e1-70-ft712glcsg-fry-top-profesional-pe-gaz-placa-de-prajit\/\" \/>\n<meta property=\"og:site_name\" content=\"PROLAB\" \/>\n<meta property=\"article:publisher\" content=\"https:\/\/www.facebook.com\/profile.php?id=100063772800673\" \/>\n<meta property=\"article:modified_time\" content=\"2026-03-11T13:11:37+00:00\" \/>\n<meta property=\"og:image\" content=\"https:\/\/prolab.ro\/wp-content\/uploads\/2026\/03\/HandlerTreeThumb-6.jpg\" \/>\n\t<meta property=\"og:image:width\" content=\"1920\" \/>\n\t<meta property=\"og:image:height\" content=\"1920\" \/>\n\t<meta property=\"og:image:type\" content=\"image\/jpeg\" \/>\n<meta name=\"twitter:card\" content=\"summary_large_image\" \/>\n<meta name=\"twitter:label1\" content=\"Timp estimat pentru citire\" \/>\n\t<meta name=\"twitter:data1\" content=\"1 minut\" \/>\n<script type=\"application\/ld+json\" class=\"yoast-schema-graph\">{\"@context\":\"https:\\\/\\\/schema.org\",\"@graph\":[{\"@type\":\"WebPage\",\"@id\":\"https:\\\/\\\/prolab.ro\\\/product\\\/mareno-e1-70-ft712glcsg-fry-top-profesional-pe-gaz-placa-de-prajit\\\/\",\"url\":\"https:\\\/\\\/prolab.ro\\\/product\\\/mareno-e1-70-ft712glcsg-fry-top-profesional-pe-gaz-placa-de-prajit\\\/\",\"name\":\"Mareno M1-70 FT712GLCSG - Fry-top profesional pe gaz (plac\u0103 de pr\u0103jit) - PROLAB\",\"isPartOf\":{\"@id\":\"https:\\\/\\\/prolab.ro\\\/ro\\\/#website\"},\"primaryImageOfPage\":{\"@id\":\"https:\\\/\\\/prolab.ro\\\/product\\\/mareno-e1-70-ft712glcsg-fry-top-profesional-pe-gaz-placa-de-prajit\\\/#primaryimage\"},\"image\":{\"@id\":\"https:\\\/\\\/prolab.ro\\\/product\\\/mareno-e1-70-ft712glcsg-fry-top-profesional-pe-gaz-placa-de-prajit\\\/#primaryimage\"},\"thumbnailUrl\":\"https:\\\/\\\/prolab.ro\\\/wp-content\\\/uploads\\\/2026\\\/03\\\/HandlerTreeThumb-6.jpg\",\"datePublished\":\"2026-03-11T12:59:49+00:00\",\"dateModified\":\"2026-03-11T13:11:37+00:00\",\"breadcrumb\":{\"@id\":\"https:\\\/\\\/prolab.ro\\\/product\\\/mareno-e1-70-ft712glcsg-fry-top-profesional-pe-gaz-placa-de-prajit\\\/#breadcrumb\"},\"inLanguage\":\"ro-RO\",\"potentialAction\":[{\"@type\":\"ReadAction\",\"target\":[\"https:\\\/\\\/prolab.ro\\\/product\\\/mareno-e1-70-ft712glcsg-fry-top-profesional-pe-gaz-placa-de-prajit\\\/\"]}]},{\"@type\":\"ImageObject\",\"inLanguage\":\"ro-RO\",\"@id\":\"https:\\\/\\\/prolab.ro\\\/product\\\/mareno-e1-70-ft712glcsg-fry-top-profesional-pe-gaz-placa-de-prajit\\\/#primaryimage\",\"url\":\"https:\\\/\\\/prolab.ro\\\/wp-content\\\/uploads\\\/2026\\\/03\\\/HandlerTreeThumb-6.jpg\",\"contentUrl\":\"https:\\\/\\\/prolab.ro\\\/wp-content\\\/uploads\\\/2026\\\/03\\\/HandlerTreeThumb-6.jpg\",\"width\":1920,\"height\":1920},{\"@type\":\"BreadcrumbList\",\"@id\":\"https:\\\/\\\/prolab.ro\\\/product\\\/mareno-e1-70-ft712glcsg-fry-top-profesional-pe-gaz-placa-de-prajit\\\/#breadcrumb\",\"itemListElement\":[{\"@type\":\"ListItem\",\"position\":1,\"name\":\"Home\",\"item\":\"https:\\\/\\\/prolab.ro\\\/\"},{\"@type\":\"ListItem\",\"position\":2,\"name\":\"Shop\",\"item\":\"https:\\\/\\\/prolab.ro\\\/shop\\\/\"},{\"@type\":\"ListItem\",\"position\":3,\"name\":\"Mareno M1-70 FT712GLCSG &#8211; Fry-top profesional pe gaz (plac\u0103 de pr\u0103jit)\"}]},{\"@type\":\"WebSite\",\"@id\":\"https:\\\/\\\/prolab.ro\\\/ro\\\/#website\",\"url\":\"https:\\\/\\\/prolab.ro\\\/ro\\\/\",\"name\":\"www.prolab.ro\",\"description\":\"Echipamente profesionale HORECA\",\"publisher\":{\"@id\":\"https:\\\/\\\/prolab.ro\\\/ro\\\/#organization\"},\"potentialAction\":[{\"@type\":\"SearchAction\",\"target\":{\"@type\":\"EntryPoint\",\"urlTemplate\":\"https:\\\/\\\/prolab.ro\\\/ro\\\/?s={search_term_string}\"},\"query-input\":{\"@type\":\"PropertyValueSpecification\",\"valueRequired\":true,\"valueName\":\"search_term_string\"}}],\"inLanguage\":\"ro-RO\"},{\"@type\":\"Organization\",\"@id\":\"https:\\\/\\\/prolab.ro\\\/ro\\\/#organization\",\"name\":\"HORECA PROLAB SRL\",\"url\":\"https:\\\/\\\/prolab.ro\\\/ro\\\/\",\"logo\":{\"@type\":\"ImageObject\",\"inLanguage\":\"ro-RO\",\"@id\":\"https:\\\/\\\/prolab.ro\\\/ro\\\/#\\\/schema\\\/logo\\\/image\\\/\",\"url\":\"https:\\\/\\\/prolab.ro\\\/wp-content\\\/uploads\\\/2020\\\/10\\\/cropped-2019-06-21-logos-03-B-red.png\",\"contentUrl\":\"https:\\\/\\\/prolab.ro\\\/wp-content\\\/uploads\\\/2020\\\/10\\\/cropped-2019-06-21-logos-03-B-red.png\",\"width\":1963,\"height\":546,\"caption\":\"HORECA PROLAB SRL\"},\"image\":{\"@id\":\"https:\\\/\\\/prolab.ro\\\/ro\\\/#\\\/schema\\\/logo\\\/image\\\/\"},\"sameAs\":[\"https:\\\/\\\/www.facebook.com\\\/profile.php?id=100063772800673\"]}]}<\/script>\n<!-- \/ Yoast SEO plugin. -->","yoast_head_json":{"title":"Mareno M1-70 FT712GLCSG - Fry-top profesional pe gaz (plac\u0103 de pr\u0103jit) - PROLAB","robots":{"index":"index","follow":"follow","max-snippet":"max-snippet:-1","max-image-preview":"max-image-preview:large","max-video-preview":"max-video-preview:-1"},"canonical":"https:\/\/prolab.ro\/ro\/produs\/mareno-e1-70-ft712glcsg-fry-top-profesional-pe-gaz-placa-de-prajit\/","og_locale":"ro_RO","og_type":"article","og_title":"Mareno M1-70 FT712GLCSG - Fry-top profesional pe gaz (plac\u0103 de pr\u0103jit) - PROLAB","og_description":"Construit din o\u021bel inoxidabil AISI 304, rezistent la uzur\u0103 \u0219i u\u0219or de cur\u0103\u021bat. Suprafa\u021ba de g\u0103tit este o plac\u0103 cromat\u0103 neted\u0103 ChromePlus, foarte rezistent\u0103 \u0219i u\u0219or de \u00eentre\u021binut. Placa este \u00eenclinat\u0103 u\u0219or pentru scurgerea gr\u0103similor c\u0103tre orificiul de evacuare. Placa de g\u0103tit este montat\u0103 cu 40 mm mai jos dec\u00e2t blatul, pentru a preveni stropirea \u0219i pentru a facilita cur\u0103\u021barea. \u00cen partea frontal\u0103 exist\u0103 o zon\u0103 rece de aproximativ 65 mm, unde alimentele pot fi p\u0103strate temporar f\u0103r\u0103 s\u0103 se ard\u0103.  Poate fi si electrica.","og_url":"https:\/\/prolab.ro\/ro\/produs\/mareno-e1-70-ft712glcsg-fry-top-profesional-pe-gaz-placa-de-prajit\/","og_site_name":"PROLAB","article_publisher":"https:\/\/www.facebook.com\/profile.php?id=100063772800673","article_modified_time":"2026-03-11T13:11:37+00:00","og_image":[{"width":1920,"height":1920,"url":"https:\/\/prolab.ro\/wp-content\/uploads\/2026\/03\/HandlerTreeThumb-6.jpg","type":"image\/jpeg"}],"twitter_card":"summary_large_image","twitter_misc":{"Timp estimat pentru citire":"1 minut"},"schema":{"@context":"https:\/\/schema.org","@graph":[{"@type":"WebPage","@id":"https:\/\/prolab.ro\/product\/mareno-e1-70-ft712glcsg-fry-top-profesional-pe-gaz-placa-de-prajit\/","url":"https:\/\/prolab.ro\/product\/mareno-e1-70-ft712glcsg-fry-top-profesional-pe-gaz-placa-de-prajit\/","name":"Mareno M1-70 FT712GLCSG - Fry-top profesional pe gaz (plac\u0103 de pr\u0103jit) - PROLAB","isPartOf":{"@id":"https:\/\/prolab.ro\/ro\/#website"},"primaryImageOfPage":{"@id":"https:\/\/prolab.ro\/product\/mareno-e1-70-ft712glcsg-fry-top-profesional-pe-gaz-placa-de-prajit\/#primaryimage"},"image":{"@id":"https:\/\/prolab.ro\/product\/mareno-e1-70-ft712glcsg-fry-top-profesional-pe-gaz-placa-de-prajit\/#primaryimage"},"thumbnailUrl":"https:\/\/prolab.ro\/wp-content\/uploads\/2026\/03\/HandlerTreeThumb-6.jpg","datePublished":"2026-03-11T12:59:49+00:00","dateModified":"2026-03-11T13:11:37+00:00","breadcrumb":{"@id":"https:\/\/prolab.ro\/product\/mareno-e1-70-ft712glcsg-fry-top-profesional-pe-gaz-placa-de-prajit\/#breadcrumb"},"inLanguage":"ro-RO","potentialAction":[{"@type":"ReadAction","target":["https:\/\/prolab.ro\/product\/mareno-e1-70-ft712glcsg-fry-top-profesional-pe-gaz-placa-de-prajit\/"]}]},{"@type":"ImageObject","inLanguage":"ro-RO","@id":"https:\/\/prolab.ro\/product\/mareno-e1-70-ft712glcsg-fry-top-profesional-pe-gaz-placa-de-prajit\/#primaryimage","url":"https:\/\/prolab.ro\/wp-content\/uploads\/2026\/03\/HandlerTreeThumb-6.jpg","contentUrl":"https:\/\/prolab.ro\/wp-content\/uploads\/2026\/03\/HandlerTreeThumb-6.jpg","width":1920,"height":1920},{"@type":"BreadcrumbList","@id":"https:\/\/prolab.ro\/product\/mareno-e1-70-ft712glcsg-fry-top-profesional-pe-gaz-placa-de-prajit\/#breadcrumb","itemListElement":[{"@type":"ListItem","position":1,"name":"Home","item":"https:\/\/prolab.ro\/"},{"@type":"ListItem","position":2,"name":"Shop","item":"https:\/\/prolab.ro\/shop\/"},{"@type":"ListItem","position":3,"name":"Mareno M1-70 FT712GLCSG &#8211; Fry-top profesional pe gaz (plac\u0103 de pr\u0103jit)"}]},{"@type":"WebSite","@id":"https:\/\/prolab.ro\/ro\/#website","url":"https:\/\/prolab.ro\/ro\/","name":"www.prolab.ro","description":"Echipamente profesionale HORECA","publisher":{"@id":"https:\/\/prolab.ro\/ro\/#organization"},"potentialAction":[{"@type":"SearchAction","target":{"@type":"EntryPoint","urlTemplate":"https:\/\/prolab.ro\/ro\/?s={search_term_string}"},"query-input":{"@type":"PropertyValueSpecification","valueRequired":true,"valueName":"search_term_string"}}],"inLanguage":"ro-RO"},{"@type":"Organization","@id":"https:\/\/prolab.ro\/ro\/#organization","name":"HORECA PROLAB SRL","url":"https:\/\/prolab.ro\/ro\/","logo":{"@type":"ImageObject","inLanguage":"ro-RO","@id":"https:\/\/prolab.ro\/ro\/#\/schema\/logo\/image\/","url":"https:\/\/prolab.ro\/wp-content\/uploads\/2020\/10\/cropped-2019-06-21-logos-03-B-red.png","contentUrl":"https:\/\/prolab.ro\/wp-content\/uploads\/2020\/10\/cropped-2019-06-21-logos-03-B-red.png","width":1963,"height":546,"caption":"HORECA PROLAB SRL"},"image":{"@id":"https:\/\/prolab.ro\/ro\/#\/schema\/logo\/image\/"},"sameAs":["https:\/\/www.facebook.com\/profile.php?id=100063772800673"]}]}},"_links":{"self":[{"href":"https:\/\/prolab.ro\/ro\/wp-json\/wp\/v2\/product\/3075","targetHints":{"allow":["GET"]}}],"collection":[{"href":"https:\/\/prolab.ro\/ro\/wp-json\/wp\/v2\/product"}],"about":[{"href":"https:\/\/prolab.ro\/ro\/wp-json\/wp\/v2\/types\/product"}],"replies":[{"embeddable":true,"href":"https:\/\/prolab.ro\/ro\/wp-json\/wp\/v2\/comments?post=3075"}],"wp:featuredmedia":[{"embeddable":true,"href":"https:\/\/prolab.ro\/ro\/wp-json\/wp\/v2\/media\/3076"}],"wp:attachment":[{"href":"https:\/\/prolab.ro\/ro\/wp-json\/wp\/v2\/media?parent=3075"}],"wp:term":[{"taxonomy":"product_brand","embeddable":true,"href":"https:\/\/prolab.ro\/ro\/wp-json\/wp\/v2\/product_brand?post=3075"},{"taxonomy":"product_cat","embeddable":true,"href":"https:\/\/prolab.ro\/ro\/wp-json\/wp\/v2\/product_cat?post=3075"},{"taxonomy":"product_tag","embeddable":true,"href":"https:\/\/prolab.ro\/ro\/wp-json\/wp\/v2\/product_tag?post=3075"}],"curies":[{"name":"wp","href":"https:\/\/api.w.org\/{rel}","templated":true}]}}