{"id":3071,"date":"2026-03-11T15:33:15","date_gmt":"2026-03-11T12:33:15","guid":{"rendered":"https:\/\/prolab.ro\/?post_type=product&#038;p=3071"},"modified":"2026-03-11T15:33:15","modified_gmt":"2026-03-11T12:33:15","slug":"mareno-m1-70-wi74eg-wok-profesional-cu-inductie","status":"publish","type":"product","link":"https:\/\/prolab.ro\/ro\/produs\/mareno-m1-70-wi74eg-wok-profesional-cu-inductie\/","title":{"rendered":"Mareno M1-70 WI74EG- Wok profesional cu induc\u021bie"},"content":{"rendered":"<ul>\n<li data-start=\"1090\" data-end=\"1139\"><strong data-start=\"1090\" data-end=\"1109\">Tip echipament:<\/strong> wok profesional cu induc\u021bie<\/li>\n<li data-start=\"1142\" data-end=\"1170\"><strong data-start=\"1142\" data-end=\"1157\">Num\u0103r zone:<\/strong> 1 zon\u0103 wok<\/li>\n<li data-start=\"1173\" data-end=\"1195\"><strong data-start=\"1173\" data-end=\"1184\">Putere:<\/strong> <strong data-start=\"1185\" data-end=\"1193\">5 kW<\/strong><\/li>\n<li data-start=\"1198\" data-end=\"1244\"><strong data-start=\"1198\" data-end=\"1217\">Control putere:<\/strong> selector cu <strong data-start=\"1230\" data-end=\"1242\">6 trepte<\/strong><\/li>\n<li data-start=\"1247\" data-end=\"1289\"><strong data-start=\"1247\" data-end=\"1268\">Indicator luminos<\/strong> pentru func\u021bionare<\/li>\n<li data-start=\"1292\" data-end=\"1346\"><strong data-start=\"1292\" data-end=\"1328\">Sistem de recunoa\u0219tere a vasului<\/strong> (pan detection)<\/li>\n<li data-start=\"1349\" data-end=\"1403\"><strong data-start=\"1349\" data-end=\"1401\">Cutie electric\u0103 integrat\u0103 cu senzor de siguran\u021b\u0103<\/strong><\/li>\n<li data-start=\"1406\" data-end=\"1474\"><strong data-start=\"1406\" data-end=\"1429\">Grad protec\u021bie ap\u0103:<\/strong> IPX5<\/li>\n<li data-start=\"1517\" data-end=\"1553\"><strong data-start=\"1517\" data-end=\"1532\">Dimensiuni:<\/strong> 400 \u00d7 750 \u00d7 900 mm<\/li>\n<li data-start=\"1556\" data-end=\"1593\"><strong data-start=\"1556\" data-end=\"1569\">Greutate:<\/strong> aproximativ <strong data-start=\"1582\" data-end=\"1591\">42 kg<\/strong><\/li>\n<li data-start=\"1596\" data-end=\"1634\"><strong data-start=\"1596\" data-end=\"1611\">Alimentare:<\/strong> <strong data-start=\"1612\" data-end=\"1632\">400 V \/ trifazic<\/strong><\/li>\n<li data-start=\"1637\" data-end=\"1669\"><strong data-start=\"1637\" data-end=\"1653\">Construc\u021bie:<\/strong> inox AISI 304<\/li>\n<li data-start=\"1672\" data-end=\"1744\"><strong data-start=\"1672\" data-end=\"1685\">Picioare:<\/strong> reglabile din inox<\/li>\n<\/ul>","protected":false},"excerpt":{"rendered":"<p data-start=\"468\" data-end=\"849\">Echipamentul este realizat din <strong data-start=\"499\" data-end=\"527\">o\u021bel inoxidabil AISI 304<\/strong>, rezistent la utilizare intensiv\u0103 \u0219i u\u0219or de cur\u0103\u021bat. Suprafa\u021ba de g\u0103tit este <strong data-start=\"606\" data-end=\"632\">vitroceramic\u0103 sigilat\u0103<\/strong>, special conceput\u0103 pentru utilizarea cu tig\u0103i wok. Sistemul de induc\u021bie include <strong data-start=\"713\" data-end=\"744\">detec\u021bie automat\u0103 a vasului<\/strong>, astfel \u00eenc\u00e2t \u00eenc\u0103lzirea porne\u0219te doar c\u00e2nd wok-ul este pe zon\u0103.<\/p>\n<p data-start=\"851\" data-end=\"1048\">Arz\u0103torul de induc\u021bie are <strong data-start=\"877\" data-end=\"919\">o singur\u0103 zon\u0103 de g\u0103tit de mare putere<\/strong>, ideal\u0103 pentru g\u0103tire rapid\u0103 (stir-fry), iar puterea poate fi reglat\u0103 \u00een <strong data-start=\"993\" data-end=\"1007\">6 niveluri<\/strong>.<\/p>","protected":false},"featured_media":3072,"comment_status":"open","ping_status":"closed","template":"","meta":{"ocean_post_layout":"","ocean_both_sidebars_style":"","ocean_both_sidebars_content_width":0,"ocean_both_sidebars_sidebars_width":0,"ocean_sidebar":"0","ocean_second_sidebar":"0","ocean_disable_margins":"enable","ocean_add_body_class":"","ocean_shortcode_before_top_bar":"","ocean_shortcode_after_top_bar":"","ocean_shortcode_before_header":"","ocean_shortcode_after_header":"","ocean_has_shortcode":"","ocean_shortcode_after_title":"","ocean_shortcode_before_footer_widgets":"","ocean_shortcode_after_footer_widgets":"","ocean_shortcode_before_footer_bottom":"","ocean_shortcode_after_footer_bottom":"","ocean_display_top_bar":"default","ocean_display_header":"default","ocean_header_style":"","ocean_center_header_left_menu":"0","ocean_custom_header_template":"0","ocean_custom_logo":0,"ocean_custom_retina_logo":0,"ocean_custom_logo_max_width":0,"ocean_custom_logo_tablet_max_width":0,"ocean_custom_logo_mobile_max_width":0,"ocean_custom_logo_max_height":0,"ocean_custom_logo_tablet_max_height":0,"ocean_custom_logo_mobile_max_height":0,"ocean_header_custom_menu":"0","ocean_menu_typo_font_family":"0","ocean_menu_typo_font_subset":"","ocean_menu_typo_font_size":0,"ocean_menu_typo_font_size_tablet":0,"ocean_menu_typo_font_size_mobile":0,"ocean_menu_typo_font_size_unit":"px","ocean_menu_typo_font_weight":"","ocean_menu_typo_font_weight_tablet":"","ocean_menu_typo_font_weight_mobile":"","ocean_menu_typo_transform":"","ocean_menu_typo_transform_tablet":"","ocean_menu_typo_transform_mobile":"","ocean_menu_typo_line_height":0,"ocean_menu_typo_line_height_tablet":0,"ocean_menu_typo_line_height_mobile":0,"ocean_menu_typo_line_height_unit":"","ocean_menu_typo_spacing":0,"ocean_menu_typo_spacing_tablet":0,"ocean_menu_typo_spacing_mobile":0,"ocean_menu_typo_spacing_unit":"","ocean_menu_link_color":"","ocean_menu_link_color_hover":"","ocean_menu_link_color_active":"","ocean_menu_link_background":"","ocean_menu_link_hover_background":"","ocean_menu_link_active_background":"","ocean_menu_social_links_bg":"","ocean_menu_social_hover_links_bg":"","ocean_menu_social_links_color":"","ocean_menu_social_hover_links_color":"","ocean_disable_title":"default","ocean_disable_heading":"default","ocean_post_title":"","ocean_post_subheading":"","ocean_post_title_style":"","ocean_post_title_background_color":"","ocean_post_title_background":0,"ocean_post_title_bg_image_position":"","ocean_post_title_bg_image_attachment":"","ocean_post_title_bg_image_repeat":"","ocean_post_title_bg_image_size":"","ocean_post_title_height":0,"ocean_post_title_bg_overlay":0.5,"ocean_post_title_bg_overlay_color":"","ocean_disable_breadcrumbs":"default","ocean_breadcrumbs_color":"","ocean_breadcrumbs_separator_color":"","ocean_breadcrumbs_links_color":"","ocean_breadcrumbs_links_hover_color":"","ocean_display_footer_widgets":"default","ocean_display_footer_bottom":"default","ocean_custom_footer_template":"0"},"product_brand":[],"product_cat":[151],"product_tag":[],"class_list":{"0":"post-3071","1":"product","2":"type-product","3":"status-publish","4":"has-post-thumbnail","6":"product_cat-cuptor","8":"entry","9":"has-media","11":"first","12":"instock","13":"taxable","14":"shipping-taxable","15":"product-type-simple","16":"has-product-nav","17":"col","18":"span_1_of_2","19":"owp-content-center","20":"owp-thumbs-layout-horizontal","21":"owp-btn-normal","22":"owp-tabs-layout-horizontal","23":"has-no-thumbnails"},"yoast_head":"<!-- This site is optimized with the Yoast SEO plugin v27.4 - https:\/\/yoast.com\/product\/yoast-seo-wordpress\/ -->\n<title>Mareno M1-70 WI74EG- Wok profesional cu induc\u021bie - PROLAB<\/title>\n<meta name=\"robots\" content=\"index, follow, max-snippet:-1, max-image-preview:large, max-video-preview:-1\" \/>\n<link rel=\"canonical\" href=\"https:\/\/prolab.ro\/ro\/produs\/mareno-m1-70-wi74eg-wok-profesional-cu-inductie\/\" \/>\n<meta property=\"og:locale\" content=\"ro_RO\" \/>\n<meta property=\"og:type\" content=\"article\" \/>\n<meta property=\"og:title\" content=\"Mareno M1-70 WI74EG- Wok profesional cu induc\u021bie - PROLAB\" \/>\n<meta property=\"og:description\" content=\"Echipamentul este realizat din o\u021bel inoxidabil AISI 304, rezistent la utilizare intensiv\u0103 \u0219i u\u0219or de cur\u0103\u021bat. Suprafa\u021ba de g\u0103tit este vitroceramic\u0103 sigilat\u0103, special conceput\u0103 pentru utilizarea cu tig\u0103i wok. Sistemul de induc\u021bie include detec\u021bie automat\u0103 a vasului, astfel \u00eenc\u00e2t \u00eenc\u0103lzirea porne\u0219te doar c\u00e2nd wok-ul este pe zon\u0103. Arz\u0103torul de induc\u021bie are o singur\u0103 zon\u0103 de g\u0103tit de mare putere, ideal\u0103 pentru g\u0103tire rapid\u0103 (stir-fry), iar puterea poate fi reglat\u0103 \u00een 6 niveluri.\" \/>\n<meta property=\"og:url\" content=\"https:\/\/prolab.ro\/ro\/produs\/mareno-m1-70-wi74eg-wok-profesional-cu-inductie\/\" \/>\n<meta property=\"og:site_name\" content=\"PROLAB\" \/>\n<meta property=\"article:publisher\" content=\"https:\/\/www.facebook.com\/profile.php?id=100063772800673\" \/>\n<meta property=\"og:image\" content=\"https:\/\/prolab.ro\/wp-content\/uploads\/2026\/03\/HandlerTreeThumb-5.jpg\" \/>\n\t<meta property=\"og:image:width\" content=\"1920\" \/>\n\t<meta property=\"og:image:height\" content=\"1920\" \/>\n\t<meta property=\"og:image:type\" content=\"image\/jpeg\" \/>\n<meta name=\"twitter:card\" content=\"summary_large_image\" \/>\n<meta name=\"twitter:label1\" content=\"Timp estimat pentru citire\" \/>\n\t<meta name=\"twitter:data1\" content=\"1 minut\" \/>\n<script type=\"application\/ld+json\" class=\"yoast-schema-graph\">{\"@context\":\"https:\\\/\\\/schema.org\",\"@graph\":[{\"@type\":\"WebPage\",\"@id\":\"https:\\\/\\\/prolab.ro\\\/product\\\/mareno-m1-70-wi74eg-wok-profesional-cu-inductie\\\/\",\"url\":\"https:\\\/\\\/prolab.ro\\\/product\\\/mareno-m1-70-wi74eg-wok-profesional-cu-inductie\\\/\",\"name\":\"Mareno M1-70 WI74EG- Wok profesional cu induc\u021bie - PROLAB\",\"isPartOf\":{\"@id\":\"https:\\\/\\\/prolab.ro\\\/ro\\\/#website\"},\"primaryImageOfPage\":{\"@id\":\"https:\\\/\\\/prolab.ro\\\/product\\\/mareno-m1-70-wi74eg-wok-profesional-cu-inductie\\\/#primaryimage\"},\"image\":{\"@id\":\"https:\\\/\\\/prolab.ro\\\/product\\\/mareno-m1-70-wi74eg-wok-profesional-cu-inductie\\\/#primaryimage\"},\"thumbnailUrl\":\"https:\\\/\\\/prolab.ro\\\/wp-content\\\/uploads\\\/2026\\\/03\\\/HandlerTreeThumb-5.jpg\",\"datePublished\":\"2026-03-11T12:33:15+00:00\",\"breadcrumb\":{\"@id\":\"https:\\\/\\\/prolab.ro\\\/product\\\/mareno-m1-70-wi74eg-wok-profesional-cu-inductie\\\/#breadcrumb\"},\"inLanguage\":\"ro-RO\",\"potentialAction\":[{\"@type\":\"ReadAction\",\"target\":[\"https:\\\/\\\/prolab.ro\\\/product\\\/mareno-m1-70-wi74eg-wok-profesional-cu-inductie\\\/\"]}]},{\"@type\":\"ImageObject\",\"inLanguage\":\"ro-RO\",\"@id\":\"https:\\\/\\\/prolab.ro\\\/product\\\/mareno-m1-70-wi74eg-wok-profesional-cu-inductie\\\/#primaryimage\",\"url\":\"https:\\\/\\\/prolab.ro\\\/wp-content\\\/uploads\\\/2026\\\/03\\\/HandlerTreeThumb-5.jpg\",\"contentUrl\":\"https:\\\/\\\/prolab.ro\\\/wp-content\\\/uploads\\\/2026\\\/03\\\/HandlerTreeThumb-5.jpg\",\"width\":1920,\"height\":1920},{\"@type\":\"BreadcrumbList\",\"@id\":\"https:\\\/\\\/prolab.ro\\\/product\\\/mareno-m1-70-wi74eg-wok-profesional-cu-inductie\\\/#breadcrumb\",\"itemListElement\":[{\"@type\":\"ListItem\",\"position\":1,\"name\":\"Home\",\"item\":\"https:\\\/\\\/prolab.ro\\\/\"},{\"@type\":\"ListItem\",\"position\":2,\"name\":\"Shop\",\"item\":\"https:\\\/\\\/prolab.ro\\\/shop\\\/\"},{\"@type\":\"ListItem\",\"position\":3,\"name\":\"Mareno M1-70 WI74EG- Wok profesional cu induc\u021bie\"}]},{\"@type\":\"WebSite\",\"@id\":\"https:\\\/\\\/prolab.ro\\\/ro\\\/#website\",\"url\":\"https:\\\/\\\/prolab.ro\\\/ro\\\/\",\"name\":\"www.prolab.ro\",\"description\":\"Echipamente profesionale HORECA\",\"publisher\":{\"@id\":\"https:\\\/\\\/prolab.ro\\\/ro\\\/#organization\"},\"potentialAction\":[{\"@type\":\"SearchAction\",\"target\":{\"@type\":\"EntryPoint\",\"urlTemplate\":\"https:\\\/\\\/prolab.ro\\\/ro\\\/?s={search_term_string}\"},\"query-input\":{\"@type\":\"PropertyValueSpecification\",\"valueRequired\":true,\"valueName\":\"search_term_string\"}}],\"inLanguage\":\"ro-RO\"},{\"@type\":\"Organization\",\"@id\":\"https:\\\/\\\/prolab.ro\\\/ro\\\/#organization\",\"name\":\"HORECA PROLAB SRL\",\"url\":\"https:\\\/\\\/prolab.ro\\\/ro\\\/\",\"logo\":{\"@type\":\"ImageObject\",\"inLanguage\":\"ro-RO\",\"@id\":\"https:\\\/\\\/prolab.ro\\\/ro\\\/#\\\/schema\\\/logo\\\/image\\\/\",\"url\":\"https:\\\/\\\/prolab.ro\\\/wp-content\\\/uploads\\\/2020\\\/10\\\/cropped-2019-06-21-logos-03-B-red.png\",\"contentUrl\":\"https:\\\/\\\/prolab.ro\\\/wp-content\\\/uploads\\\/2020\\\/10\\\/cropped-2019-06-21-logos-03-B-red.png\",\"width\":1963,\"height\":546,\"caption\":\"HORECA PROLAB SRL\"},\"image\":{\"@id\":\"https:\\\/\\\/prolab.ro\\\/ro\\\/#\\\/schema\\\/logo\\\/image\\\/\"},\"sameAs\":[\"https:\\\/\\\/www.facebook.com\\\/profile.php?id=100063772800673\"]}]}<\/script>\n<!-- \/ Yoast SEO plugin. -->","yoast_head_json":{"title":"Mareno M1-70 WI74EG- Wok profesional cu induc\u021bie - PROLAB","robots":{"index":"index","follow":"follow","max-snippet":"max-snippet:-1","max-image-preview":"max-image-preview:large","max-video-preview":"max-video-preview:-1"},"canonical":"https:\/\/prolab.ro\/ro\/produs\/mareno-m1-70-wi74eg-wok-profesional-cu-inductie\/","og_locale":"ro_RO","og_type":"article","og_title":"Mareno M1-70 WI74EG- Wok profesional cu induc\u021bie - PROLAB","og_description":"Echipamentul este realizat din o\u021bel inoxidabil AISI 304, rezistent la utilizare intensiv\u0103 \u0219i u\u0219or de cur\u0103\u021bat. Suprafa\u021ba de g\u0103tit este vitroceramic\u0103 sigilat\u0103, special conceput\u0103 pentru utilizarea cu tig\u0103i wok. Sistemul de induc\u021bie include detec\u021bie automat\u0103 a vasului, astfel \u00eenc\u00e2t \u00eenc\u0103lzirea porne\u0219te doar c\u00e2nd wok-ul este pe zon\u0103. Arz\u0103torul de induc\u021bie are o singur\u0103 zon\u0103 de g\u0103tit de mare putere, ideal\u0103 pentru g\u0103tire rapid\u0103 (stir-fry), iar puterea poate fi reglat\u0103 \u00een 6 niveluri.","og_url":"https:\/\/prolab.ro\/ro\/produs\/mareno-m1-70-wi74eg-wok-profesional-cu-inductie\/","og_site_name":"PROLAB","article_publisher":"https:\/\/www.facebook.com\/profile.php?id=100063772800673","og_image":[{"width":1920,"height":1920,"url":"https:\/\/prolab.ro\/wp-content\/uploads\/2026\/03\/HandlerTreeThumb-5.jpg","type":"image\/jpeg"}],"twitter_card":"summary_large_image","twitter_misc":{"Timp estimat pentru citire":"1 minut"},"schema":{"@context":"https:\/\/schema.org","@graph":[{"@type":"WebPage","@id":"https:\/\/prolab.ro\/product\/mareno-m1-70-wi74eg-wok-profesional-cu-inductie\/","url":"https:\/\/prolab.ro\/product\/mareno-m1-70-wi74eg-wok-profesional-cu-inductie\/","name":"Mareno M1-70 WI74EG- Wok profesional cu induc\u021bie - PROLAB","isPartOf":{"@id":"https:\/\/prolab.ro\/ro\/#website"},"primaryImageOfPage":{"@id":"https:\/\/prolab.ro\/product\/mareno-m1-70-wi74eg-wok-profesional-cu-inductie\/#primaryimage"},"image":{"@id":"https:\/\/prolab.ro\/product\/mareno-m1-70-wi74eg-wok-profesional-cu-inductie\/#primaryimage"},"thumbnailUrl":"https:\/\/prolab.ro\/wp-content\/uploads\/2026\/03\/HandlerTreeThumb-5.jpg","datePublished":"2026-03-11T12:33:15+00:00","breadcrumb":{"@id":"https:\/\/prolab.ro\/product\/mareno-m1-70-wi74eg-wok-profesional-cu-inductie\/#breadcrumb"},"inLanguage":"ro-RO","potentialAction":[{"@type":"ReadAction","target":["https:\/\/prolab.ro\/product\/mareno-m1-70-wi74eg-wok-profesional-cu-inductie\/"]}]},{"@type":"ImageObject","inLanguage":"ro-RO","@id":"https:\/\/prolab.ro\/product\/mareno-m1-70-wi74eg-wok-profesional-cu-inductie\/#primaryimage","url":"https:\/\/prolab.ro\/wp-content\/uploads\/2026\/03\/HandlerTreeThumb-5.jpg","contentUrl":"https:\/\/prolab.ro\/wp-content\/uploads\/2026\/03\/HandlerTreeThumb-5.jpg","width":1920,"height":1920},{"@type":"BreadcrumbList","@id":"https:\/\/prolab.ro\/product\/mareno-m1-70-wi74eg-wok-profesional-cu-inductie\/#breadcrumb","itemListElement":[{"@type":"ListItem","position":1,"name":"Home","item":"https:\/\/prolab.ro\/"},{"@type":"ListItem","position":2,"name":"Shop","item":"https:\/\/prolab.ro\/shop\/"},{"@type":"ListItem","position":3,"name":"Mareno M1-70 WI74EG- Wok profesional cu induc\u021bie"}]},{"@type":"WebSite","@id":"https:\/\/prolab.ro\/ro\/#website","url":"https:\/\/prolab.ro\/ro\/","name":"www.prolab.ro","description":"Echipamente profesionale HORECA","publisher":{"@id":"https:\/\/prolab.ro\/ro\/#organization"},"potentialAction":[{"@type":"SearchAction","target":{"@type":"EntryPoint","urlTemplate":"https:\/\/prolab.ro\/ro\/?s={search_term_string}"},"query-input":{"@type":"PropertyValueSpecification","valueRequired":true,"valueName":"search_term_string"}}],"inLanguage":"ro-RO"},{"@type":"Organization","@id":"https:\/\/prolab.ro\/ro\/#organization","name":"HORECA PROLAB SRL","url":"https:\/\/prolab.ro\/ro\/","logo":{"@type":"ImageObject","inLanguage":"ro-RO","@id":"https:\/\/prolab.ro\/ro\/#\/schema\/logo\/image\/","url":"https:\/\/prolab.ro\/wp-content\/uploads\/2020\/10\/cropped-2019-06-21-logos-03-B-red.png","contentUrl":"https:\/\/prolab.ro\/wp-content\/uploads\/2020\/10\/cropped-2019-06-21-logos-03-B-red.png","width":1963,"height":546,"caption":"HORECA PROLAB SRL"},"image":{"@id":"https:\/\/prolab.ro\/ro\/#\/schema\/logo\/image\/"},"sameAs":["https:\/\/www.facebook.com\/profile.php?id=100063772800673"]}]}},"_links":{"self":[{"href":"https:\/\/prolab.ro\/ro\/wp-json\/wp\/v2\/product\/3071","targetHints":{"allow":["GET"]}}],"collection":[{"href":"https:\/\/prolab.ro\/ro\/wp-json\/wp\/v2\/product"}],"about":[{"href":"https:\/\/prolab.ro\/ro\/wp-json\/wp\/v2\/types\/product"}],"replies":[{"embeddable":true,"href":"https:\/\/prolab.ro\/ro\/wp-json\/wp\/v2\/comments?post=3071"}],"wp:featuredmedia":[{"embeddable":true,"href":"https:\/\/prolab.ro\/ro\/wp-json\/wp\/v2\/media\/3072"}],"wp:attachment":[{"href":"https:\/\/prolab.ro\/ro\/wp-json\/wp\/v2\/media?parent=3071"}],"wp:term":[{"taxonomy":"product_brand","embeddable":true,"href":"https:\/\/prolab.ro\/ro\/wp-json\/wp\/v2\/product_brand?post=3071"},{"taxonomy":"product_cat","embeddable":true,"href":"https:\/\/prolab.ro\/ro\/wp-json\/wp\/v2\/product_cat?post=3071"},{"taxonomy":"product_tag","embeddable":true,"href":"https:\/\/prolab.ro\/ro\/wp-json\/wp\/v2\/product_tag?post=3071"}],"curies":[{"name":"wp","href":"https:\/\/api.w.org\/{rel}","templated":true}]}}