{"id":3068,"date":"2026-03-11T15:22:22","date_gmt":"2026-03-11T12:22:22","guid":{"rendered":"https:\/\/prolab.ro\/?post_type=product&#038;p=3068"},"modified":"2026-03-11T15:22:22","modified_gmt":"2026-03-11T12:22:22","slug":"mareno-m1-70-cv78efe-plita-vitroceramica-profesionala-si-cuptor-electric","status":"publish","type":"product","link":"https:\/\/prolab.ro\/ro\/produs\/mareno-m1-70-cv78efe-plita-vitroceramica-profesionala-si-cuptor-electric\/","title":{"rendered":"Mareno M1-70 CV78EFE &#8211; Plit\u0103 vitroceramic\u0103 profesional\u0103 si cuptor electric"},"content":{"rendered":"<ul>\n<li data-start=\"1296\" data-end=\"1344\"><strong data-start=\"1296\" data-end=\"1342\">4 zone de g\u0103tit vitroceramice independente<\/strong><\/li>\n<li data-start=\"1347\" data-end=\"1380\"><strong data-start=\"1347\" data-end=\"1363\">Putere zon\u0103:<\/strong> 2,5 kW fiecare<\/li>\n<li data-start=\"1383\" data-end=\"1422\"><strong data-start=\"1383\" data-end=\"1412\">Temperatur\u0103 maxim\u0103 plit\u0103:<\/strong> ~400 \u00b0C<\/li>\n<li data-start=\"1425\" data-end=\"1477\"><strong data-start=\"1425\" data-end=\"1459\">Indicator de c\u0103ldur\u0103 rezidual\u0103<\/strong> pe fiecare zon\u0103<\/li>\n<li data-start=\"1480\" data-end=\"1548\"><strong data-start=\"1480\" data-end=\"1506\">Termostat de siguran\u021b\u0103<\/strong> dac\u0103 vasul lipse\u0219te sau este nepotrivit<\/li>\n<li data-start=\"1551\" data-end=\"1586\"><strong data-start=\"1551\" data-end=\"1584\">Cuptor electric static GN 2\/1<\/strong><\/li>\n<li data-start=\"1589\" data-end=\"1641\"><strong data-start=\"1589\" data-end=\"1612\">Temperatur\u0103 cuptor:<\/strong> aprox. <strong data-start=\"1620\" data-end=\"1639\">110 \u00b0C \u2013 280 \u00b0C<\/strong><\/li>\n<li data-start=\"1644\" data-end=\"1669\"><strong data-start=\"1644\" data-end=\"1662\">Putere cuptor:<\/strong> 6 kW<\/li>\n<li data-start=\"1672\" data-end=\"1740\"><strong data-start=\"1672\" data-end=\"1695\">Grad protec\u021bie ap\u0103:<\/strong> IPX5<\/li>\n<li data-start=\"1783\" data-end=\"1819\"><strong data-start=\"1783\" data-end=\"1798\">Dimensiuni:<\/strong> 800 \u00d7 750 \u00d7 900 mm<\/li>\n<li data-start=\"1822\" data-end=\"1860\"><strong data-start=\"1822\" data-end=\"1835\">Greutate:<\/strong> aproximativ <strong data-start=\"1848\" data-end=\"1858\">106 kg<\/strong><\/li>\n<li data-start=\"1863\" data-end=\"1900\"><strong data-start=\"1863\" data-end=\"1878\">Alimentare:<\/strong> <strong data-start=\"1879\" data-end=\"1898\">400 V, trifazic<\/strong><\/li>\n<li data-start=\"1903\" data-end=\"1940\"><strong data-start=\"1903\" data-end=\"1921\">Putere total\u0103:<\/strong> aprox. <strong data-start=\"1929\" data-end=\"1938\">16 kW<\/strong><\/li>\n<li data-start=\"1943\" data-end=\"2031\"><strong data-start=\"1943\" data-end=\"1972\">Dimensiuni camer\u0103 cuptor:<\/strong> 575 \u00d7 654 \u00d7 300 mm<\/li>\n<\/ul>","protected":false},"excerpt":{"rendered":"<p>Echipamentul este realizat din <strong data-start=\"476\" data-end=\"504\">o\u021bel inoxidabil AISI 304<\/strong> \u0219i are o <strong data-start=\"514\" data-end=\"553\">plat\u0103 vitroceramic\u0103 de 6 mm grosime<\/strong>, etan\u0219at\u0103 pentru cur\u0103\u021bare u\u0219oar\u0103 \u0219i igien\u0103 ridicat\u0103. Plita include <strong data-start=\"621\" data-end=\"653\">4 zone de g\u0103tit independente<\/strong> cu elemente radiante circulare care se \u00eenc\u0103lzesc foarte rapid.<\/p>\n<p>Fiecare zon\u0103 de g\u0103tit are <strong data-start=\"784\" data-end=\"804\">putere de 2,5 kW<\/strong> \u0219i poate ajunge p\u00e2n\u0103 la <strong data-start=\"829\" data-end=\"863\">400 \u00b0C \u00een aproximativ 3 minute<\/strong>, ceea ce permite g\u0103tirea rapid\u0103 \u0219i controlat\u0103. Zonele sunt marcate pe suprafa\u021ba sticlei \u0219i au <strong data-start=\"958\" data-end=\"992\">indicator de c\u0103ldur\u0103 rezidual\u0103<\/strong> pentru siguran\u021b\u0103.<\/p>\n<p>Sub plit\u0103 este integrat un <strong data-start=\"1079\" data-end=\"1112\">cuptor electric static GN 2\/1<\/strong>, \u00eenc\u0103lzit prin rezisten\u021be separate sus \u0219i jos, potrivit pentru coacere, gratinare \u0219i g\u0103tire uniform\u0103.<\/p>","protected":false},"featured_media":3070,"comment_status":"open","ping_status":"closed","template":"","meta":{"ocean_post_layout":"","ocean_both_sidebars_style":"","ocean_both_sidebars_content_width":0,"ocean_both_sidebars_sidebars_width":0,"ocean_sidebar":"0","ocean_second_sidebar":"0","ocean_disable_margins":"enable","ocean_add_body_class":"","ocean_shortcode_before_top_bar":"","ocean_shortcode_after_top_bar":"","ocean_shortcode_before_header":"","ocean_shortcode_after_header":"","ocean_has_shortcode":"","ocean_shortcode_after_title":"","ocean_shortcode_before_footer_widgets":"","ocean_shortcode_after_footer_widgets":"","ocean_shortcode_before_footer_bottom":"","ocean_shortcode_after_footer_bottom":"","ocean_display_top_bar":"default","ocean_display_header":"default","ocean_header_style":"","ocean_center_header_left_menu":"0","ocean_custom_header_template":"0","ocean_custom_logo":0,"ocean_custom_retina_logo":0,"ocean_custom_logo_max_width":0,"ocean_custom_logo_tablet_max_width":0,"ocean_custom_logo_mobile_max_width":0,"ocean_custom_logo_max_height":0,"ocean_custom_logo_tablet_max_height":0,"ocean_custom_logo_mobile_max_height":0,"ocean_header_custom_menu":"0","ocean_menu_typo_font_family":"0","ocean_menu_typo_font_subset":"","ocean_menu_typo_font_size":0,"ocean_menu_typo_font_size_tablet":0,"ocean_menu_typo_font_size_mobile":0,"ocean_menu_typo_font_size_unit":"px","ocean_menu_typo_font_weight":"","ocean_menu_typo_font_weight_tablet":"","ocean_menu_typo_font_weight_mobile":"","ocean_menu_typo_transform":"","ocean_menu_typo_transform_tablet":"","ocean_menu_typo_transform_mobile":"","ocean_menu_typo_line_height":0,"ocean_menu_typo_line_height_tablet":0,"ocean_menu_typo_line_height_mobile":0,"ocean_menu_typo_line_height_unit":"","ocean_menu_typo_spacing":0,"ocean_menu_typo_spacing_tablet":0,"ocean_menu_typo_spacing_mobile":0,"ocean_menu_typo_spacing_unit":"","ocean_menu_link_color":"","ocean_menu_link_color_hover":"","ocean_menu_link_color_active":"","ocean_menu_link_background":"","ocean_menu_link_hover_background":"","ocean_menu_link_active_background":"","ocean_menu_social_links_bg":"","ocean_menu_social_hover_links_bg":"","ocean_menu_social_links_color":"","ocean_menu_social_hover_links_color":"","ocean_disable_title":"default","ocean_disable_heading":"default","ocean_post_title":"","ocean_post_subheading":"","ocean_post_title_style":"","ocean_post_title_background_color":"","ocean_post_title_background":0,"ocean_post_title_bg_image_position":"","ocean_post_title_bg_image_attachment":"","ocean_post_title_bg_image_repeat":"","ocean_post_title_bg_image_size":"","ocean_post_title_height":0,"ocean_post_title_bg_overlay":0.5,"ocean_post_title_bg_overlay_color":"","ocean_disable_breadcrumbs":"default","ocean_breadcrumbs_color":"","ocean_breadcrumbs_separator_color":"","ocean_breadcrumbs_links_color":"","ocean_breadcrumbs_links_hover_color":"","ocean_display_footer_widgets":"default","ocean_display_footer_bottom":"default","ocean_custom_footer_template":"0"},"product_brand":[],"product_cat":[151],"product_tag":[],"class_list":{"0":"post-3068","1":"product","2":"type-product","3":"status-publish","4":"has-post-thumbnail","6":"product_cat-cuptor","8":"entry","9":"has-media","11":"first","12":"instock","13":"taxable","14":"shipping-taxable","15":"product-type-simple","16":"has-product-nav","17":"col","18":"span_1_of_2","19":"owp-content-center","20":"owp-thumbs-layout-horizontal","21":"owp-btn-normal","22":"owp-tabs-layout-horizontal","23":"has-no-thumbnails"},"yoast_head":"<!-- This site is optimized with the Yoast SEO plugin v27.5 - https:\/\/yoast.com\/product\/yoast-seo-wordpress\/ -->\n<title>Mareno M1-70 CV78EFE - Plit\u0103 vitroceramic\u0103 profesional\u0103 si cuptor electric - PROLAB<\/title>\n<meta name=\"robots\" content=\"index, follow, max-snippet:-1, max-image-preview:large, max-video-preview:-1\" \/>\n<link rel=\"canonical\" href=\"https:\/\/prolab.ro\/ro\/produs\/mareno-m1-70-cv78efe-plita-vitroceramica-profesionala-si-cuptor-electric\/\" \/>\n<meta property=\"og:locale\" content=\"ro_RO\" \/>\n<meta property=\"og:type\" content=\"article\" \/>\n<meta property=\"og:title\" content=\"Mareno M1-70 CV78EFE - Plit\u0103 vitroceramic\u0103 profesional\u0103 si cuptor electric - PROLAB\" \/>\n<meta property=\"og:description\" content=\"Echipamentul este realizat din o\u021bel inoxidabil AISI 304 \u0219i are o plat\u0103 vitroceramic\u0103 de 6 mm grosime, etan\u0219at\u0103 pentru cur\u0103\u021bare u\u0219oar\u0103 \u0219i igien\u0103 ridicat\u0103. Plita include 4 zone de g\u0103tit independente cu elemente radiante circulare care se \u00eenc\u0103lzesc foarte rapid.  Fiecare zon\u0103 de g\u0103tit are putere de 2,5 kW \u0219i poate ajunge p\u00e2n\u0103 la 400 \u00b0C \u00een aproximativ 3 minute, ceea ce permite g\u0103tirea rapid\u0103 \u0219i controlat\u0103. Zonele sunt marcate pe suprafa\u021ba sticlei \u0219i au indicator de c\u0103ldur\u0103 rezidual\u0103 pentru siguran\u021b\u0103.  Sub plit\u0103 este integrat un cuptor electric static GN 2\/1, \u00eenc\u0103lzit prin rezisten\u021be separate sus \u0219i jos, potrivit pentru coacere, gratinare \u0219i g\u0103tire uniform\u0103.\" \/>\n<meta property=\"og:url\" content=\"https:\/\/prolab.ro\/ro\/produs\/mareno-m1-70-cv78efe-plita-vitroceramica-profesionala-si-cuptor-electric\/\" \/>\n<meta property=\"og:site_name\" content=\"PROLAB\" \/>\n<meta property=\"article:publisher\" content=\"https:\/\/www.facebook.com\/profile.php?id=100063772800673\" \/>\n<meta property=\"og:image\" content=\"https:\/\/prolab.ro\/wp-content\/uploads\/2026\/03\/HandlerTreeThumb-4.jpg\" \/>\n\t<meta property=\"og:image:width\" content=\"1920\" \/>\n\t<meta property=\"og:image:height\" content=\"1920\" \/>\n\t<meta property=\"og:image:type\" content=\"image\/jpeg\" \/>\n<meta name=\"twitter:card\" content=\"summary_large_image\" \/>\n<meta name=\"twitter:label1\" content=\"Timp estimat pentru citire\" \/>\n\t<meta name=\"twitter:data1\" content=\"1 minut\" \/>\n<script type=\"application\/ld+json\" class=\"yoast-schema-graph\">{\"@context\":\"https:\\\/\\\/schema.org\",\"@graph\":[{\"@type\":\"WebPage\",\"@id\":\"https:\\\/\\\/prolab.ro\\\/product\\\/mareno-m1-70-cv78efe-plita-vitroceramica-profesionala-si-cuptor-electric\\\/\",\"url\":\"https:\\\/\\\/prolab.ro\\\/product\\\/mareno-m1-70-cv78efe-plita-vitroceramica-profesionala-si-cuptor-electric\\\/\",\"name\":\"Mareno M1-70 CV78EFE - Plit\u0103 vitroceramic\u0103 profesional\u0103 si cuptor electric - PROLAB\",\"isPartOf\":{\"@id\":\"https:\\\/\\\/prolab.ro\\\/ro\\\/#website\"},\"primaryImageOfPage\":{\"@id\":\"https:\\\/\\\/prolab.ro\\\/product\\\/mareno-m1-70-cv78efe-plita-vitroceramica-profesionala-si-cuptor-electric\\\/#primaryimage\"},\"image\":{\"@id\":\"https:\\\/\\\/prolab.ro\\\/product\\\/mareno-m1-70-cv78efe-plita-vitroceramica-profesionala-si-cuptor-electric\\\/#primaryimage\"},\"thumbnailUrl\":\"https:\\\/\\\/prolab.ro\\\/wp-content\\\/uploads\\\/2026\\\/03\\\/HandlerTreeThumb-4.jpg\",\"datePublished\":\"2026-03-11T12:22:22+00:00\",\"breadcrumb\":{\"@id\":\"https:\\\/\\\/prolab.ro\\\/product\\\/mareno-m1-70-cv78efe-plita-vitroceramica-profesionala-si-cuptor-electric\\\/#breadcrumb\"},\"inLanguage\":\"ro-RO\",\"potentialAction\":[{\"@type\":\"ReadAction\",\"target\":[\"https:\\\/\\\/prolab.ro\\\/product\\\/mareno-m1-70-cv78efe-plita-vitroceramica-profesionala-si-cuptor-electric\\\/\"]}]},{\"@type\":\"ImageObject\",\"inLanguage\":\"ro-RO\",\"@id\":\"https:\\\/\\\/prolab.ro\\\/product\\\/mareno-m1-70-cv78efe-plita-vitroceramica-profesionala-si-cuptor-electric\\\/#primaryimage\",\"url\":\"https:\\\/\\\/prolab.ro\\\/wp-content\\\/uploads\\\/2026\\\/03\\\/HandlerTreeThumb-4.jpg\",\"contentUrl\":\"https:\\\/\\\/prolab.ro\\\/wp-content\\\/uploads\\\/2026\\\/03\\\/HandlerTreeThumb-4.jpg\",\"width\":1920,\"height\":1920},{\"@type\":\"BreadcrumbList\",\"@id\":\"https:\\\/\\\/prolab.ro\\\/product\\\/mareno-m1-70-cv78efe-plita-vitroceramica-profesionala-si-cuptor-electric\\\/#breadcrumb\",\"itemListElement\":[{\"@type\":\"ListItem\",\"position\":1,\"name\":\"Home\",\"item\":\"https:\\\/\\\/prolab.ro\\\/\"},{\"@type\":\"ListItem\",\"position\":2,\"name\":\"Shop\",\"item\":\"https:\\\/\\\/prolab.ro\\\/shop\\\/\"},{\"@type\":\"ListItem\",\"position\":3,\"name\":\"Mareno M1-70 CV78EFE &#8211; Plit\u0103 vitroceramic\u0103 profesional\u0103 si cuptor electric\"}]},{\"@type\":\"WebSite\",\"@id\":\"https:\\\/\\\/prolab.ro\\\/ro\\\/#website\",\"url\":\"https:\\\/\\\/prolab.ro\\\/ro\\\/\",\"name\":\"www.prolab.ro\",\"description\":\"Echipamente profesionale HORECA\",\"publisher\":{\"@id\":\"https:\\\/\\\/prolab.ro\\\/ro\\\/#organization\"},\"potentialAction\":[{\"@type\":\"SearchAction\",\"target\":{\"@type\":\"EntryPoint\",\"urlTemplate\":\"https:\\\/\\\/prolab.ro\\\/ro\\\/?s={search_term_string}\"},\"query-input\":{\"@type\":\"PropertyValueSpecification\",\"valueRequired\":true,\"valueName\":\"search_term_string\"}}],\"inLanguage\":\"ro-RO\"},{\"@type\":\"Organization\",\"@id\":\"https:\\\/\\\/prolab.ro\\\/ro\\\/#organization\",\"name\":\"HORECA PROLAB SRL\",\"url\":\"https:\\\/\\\/prolab.ro\\\/ro\\\/\",\"logo\":{\"@type\":\"ImageObject\",\"inLanguage\":\"ro-RO\",\"@id\":\"https:\\\/\\\/prolab.ro\\\/ro\\\/#\\\/schema\\\/logo\\\/image\\\/\",\"url\":\"https:\\\/\\\/prolab.ro\\\/wp-content\\\/uploads\\\/2020\\\/10\\\/cropped-2019-06-21-logos-03-B-red.png\",\"contentUrl\":\"https:\\\/\\\/prolab.ro\\\/wp-content\\\/uploads\\\/2020\\\/10\\\/cropped-2019-06-21-logos-03-B-red.png\",\"width\":1963,\"height\":546,\"caption\":\"HORECA PROLAB SRL\"},\"image\":{\"@id\":\"https:\\\/\\\/prolab.ro\\\/ro\\\/#\\\/schema\\\/logo\\\/image\\\/\"},\"sameAs\":[\"https:\\\/\\\/www.facebook.com\\\/profile.php?id=100063772800673\"]}]}<\/script>\n<!-- \/ Yoast SEO plugin. -->","yoast_head_json":{"title":"Mareno M1-70 CV78EFE - Plit\u0103 vitroceramic\u0103 profesional\u0103 si cuptor electric - PROLAB","robots":{"index":"index","follow":"follow","max-snippet":"max-snippet:-1","max-image-preview":"max-image-preview:large","max-video-preview":"max-video-preview:-1"},"canonical":"https:\/\/prolab.ro\/ro\/produs\/mareno-m1-70-cv78efe-plita-vitroceramica-profesionala-si-cuptor-electric\/","og_locale":"ro_RO","og_type":"article","og_title":"Mareno M1-70 CV78EFE - Plit\u0103 vitroceramic\u0103 profesional\u0103 si cuptor electric - PROLAB","og_description":"Echipamentul este realizat din o\u021bel inoxidabil AISI 304 \u0219i are o plat\u0103 vitroceramic\u0103 de 6 mm grosime, etan\u0219at\u0103 pentru cur\u0103\u021bare u\u0219oar\u0103 \u0219i igien\u0103 ridicat\u0103. Plita include 4 zone de g\u0103tit independente cu elemente radiante circulare care se \u00eenc\u0103lzesc foarte rapid.  Fiecare zon\u0103 de g\u0103tit are putere de 2,5 kW \u0219i poate ajunge p\u00e2n\u0103 la 400 \u00b0C \u00een aproximativ 3 minute, ceea ce permite g\u0103tirea rapid\u0103 \u0219i controlat\u0103. Zonele sunt marcate pe suprafa\u021ba sticlei \u0219i au indicator de c\u0103ldur\u0103 rezidual\u0103 pentru siguran\u021b\u0103.  Sub plit\u0103 este integrat un cuptor electric static GN 2\/1, \u00eenc\u0103lzit prin rezisten\u021be separate sus \u0219i jos, potrivit pentru coacere, gratinare \u0219i g\u0103tire uniform\u0103.","og_url":"https:\/\/prolab.ro\/ro\/produs\/mareno-m1-70-cv78efe-plita-vitroceramica-profesionala-si-cuptor-electric\/","og_site_name":"PROLAB","article_publisher":"https:\/\/www.facebook.com\/profile.php?id=100063772800673","og_image":[{"width":1920,"height":1920,"url":"https:\/\/prolab.ro\/wp-content\/uploads\/2026\/03\/HandlerTreeThumb-4.jpg","type":"image\/jpeg"}],"twitter_card":"summary_large_image","twitter_misc":{"Timp estimat pentru citire":"1 minut"},"schema":{"@context":"https:\/\/schema.org","@graph":[{"@type":"WebPage","@id":"https:\/\/prolab.ro\/product\/mareno-m1-70-cv78efe-plita-vitroceramica-profesionala-si-cuptor-electric\/","url":"https:\/\/prolab.ro\/product\/mareno-m1-70-cv78efe-plita-vitroceramica-profesionala-si-cuptor-electric\/","name":"Mareno M1-70 CV78EFE - Plit\u0103 vitroceramic\u0103 profesional\u0103 si cuptor electric - PROLAB","isPartOf":{"@id":"https:\/\/prolab.ro\/ro\/#website"},"primaryImageOfPage":{"@id":"https:\/\/prolab.ro\/product\/mareno-m1-70-cv78efe-plita-vitroceramica-profesionala-si-cuptor-electric\/#primaryimage"},"image":{"@id":"https:\/\/prolab.ro\/product\/mareno-m1-70-cv78efe-plita-vitroceramica-profesionala-si-cuptor-electric\/#primaryimage"},"thumbnailUrl":"https:\/\/prolab.ro\/wp-content\/uploads\/2026\/03\/HandlerTreeThumb-4.jpg","datePublished":"2026-03-11T12:22:22+00:00","breadcrumb":{"@id":"https:\/\/prolab.ro\/product\/mareno-m1-70-cv78efe-plita-vitroceramica-profesionala-si-cuptor-electric\/#breadcrumb"},"inLanguage":"ro-RO","potentialAction":[{"@type":"ReadAction","target":["https:\/\/prolab.ro\/product\/mareno-m1-70-cv78efe-plita-vitroceramica-profesionala-si-cuptor-electric\/"]}]},{"@type":"ImageObject","inLanguage":"ro-RO","@id":"https:\/\/prolab.ro\/product\/mareno-m1-70-cv78efe-plita-vitroceramica-profesionala-si-cuptor-electric\/#primaryimage","url":"https:\/\/prolab.ro\/wp-content\/uploads\/2026\/03\/HandlerTreeThumb-4.jpg","contentUrl":"https:\/\/prolab.ro\/wp-content\/uploads\/2026\/03\/HandlerTreeThumb-4.jpg","width":1920,"height":1920},{"@type":"BreadcrumbList","@id":"https:\/\/prolab.ro\/product\/mareno-m1-70-cv78efe-plita-vitroceramica-profesionala-si-cuptor-electric\/#breadcrumb","itemListElement":[{"@type":"ListItem","position":1,"name":"Home","item":"https:\/\/prolab.ro\/"},{"@type":"ListItem","position":2,"name":"Shop","item":"https:\/\/prolab.ro\/shop\/"},{"@type":"ListItem","position":3,"name":"Mareno M1-70 CV78EFE &#8211; Plit\u0103 vitroceramic\u0103 profesional\u0103 si cuptor electric"}]},{"@type":"WebSite","@id":"https:\/\/prolab.ro\/ro\/#website","url":"https:\/\/prolab.ro\/ro\/","name":"www.prolab.ro","description":"Echipamente profesionale HORECA","publisher":{"@id":"https:\/\/prolab.ro\/ro\/#organization"},"potentialAction":[{"@type":"SearchAction","target":{"@type":"EntryPoint","urlTemplate":"https:\/\/prolab.ro\/ro\/?s={search_term_string}"},"query-input":{"@type":"PropertyValueSpecification","valueRequired":true,"valueName":"search_term_string"}}],"inLanguage":"ro-RO"},{"@type":"Organization","@id":"https:\/\/prolab.ro\/ro\/#organization","name":"HORECA PROLAB SRL","url":"https:\/\/prolab.ro\/ro\/","logo":{"@type":"ImageObject","inLanguage":"ro-RO","@id":"https:\/\/prolab.ro\/ro\/#\/schema\/logo\/image\/","url":"https:\/\/prolab.ro\/wp-content\/uploads\/2020\/10\/cropped-2019-06-21-logos-03-B-red.png","contentUrl":"https:\/\/prolab.ro\/wp-content\/uploads\/2020\/10\/cropped-2019-06-21-logos-03-B-red.png","width":1963,"height":546,"caption":"HORECA PROLAB SRL"},"image":{"@id":"https:\/\/prolab.ro\/ro\/#\/schema\/logo\/image\/"},"sameAs":["https:\/\/www.facebook.com\/profile.php?id=100063772800673"]}]}},"_links":{"self":[{"href":"https:\/\/prolab.ro\/ro\/wp-json\/wp\/v2\/product\/3068","targetHints":{"allow":["GET"]}}],"collection":[{"href":"https:\/\/prolab.ro\/ro\/wp-json\/wp\/v2\/product"}],"about":[{"href":"https:\/\/prolab.ro\/ro\/wp-json\/wp\/v2\/types\/product"}],"replies":[{"embeddable":true,"href":"https:\/\/prolab.ro\/ro\/wp-json\/wp\/v2\/comments?post=3068"}],"wp:featuredmedia":[{"embeddable":true,"href":"https:\/\/prolab.ro\/ro\/wp-json\/wp\/v2\/media\/3070"}],"wp:attachment":[{"href":"https:\/\/prolab.ro\/ro\/wp-json\/wp\/v2\/media?parent=3068"}],"wp:term":[{"taxonomy":"product_brand","embeddable":true,"href":"https:\/\/prolab.ro\/ro\/wp-json\/wp\/v2\/product_brand?post=3068"},{"taxonomy":"product_cat","embeddable":true,"href":"https:\/\/prolab.ro\/ro\/wp-json\/wp\/v2\/product_cat?post=3068"},{"taxonomy":"product_tag","embeddable":true,"href":"https:\/\/prolab.ro\/ro\/wp-json\/wp\/v2\/product_tag?post=3068"}],"curies":[{"name":"wp","href":"https:\/\/api.w.org\/{rel}","templated":true}]}}