{"id":3066,"date":"2026-03-11T15:09:12","date_gmt":"2026-03-11T12:09:12","guid":{"rendered":"https:\/\/prolab.ro\/?post_type=product&#038;p=3066"},"modified":"2026-03-11T15:09:12","modified_gmt":"2026-03-11T12:09:12","slug":"mareno-m1-70-pc78efept-aragaz-profesional-electric-cu-4-plite-si-cuptor","status":"publish","type":"product","link":"https:\/\/prolab.ro\/ro\/produs\/mareno-m1-70-pc78efept-aragaz-profesional-electric-cu-4-plite-si-cuptor\/","title":{"rendered":"Mareno M1-70 PC78EFEPT- Aragaz profesional electric cu 4 plite si cuptor"},"content":{"rendered":"<h3 data-section-id=\"gk9x2z\" data-start=\"1225\" data-end=\"1257\">Caracteristici principale<\/h3>\n<ul>\n<li data-start=\"1260\" data-end=\"1301\"><strong data-start=\"1260\" data-end=\"1299\">4 plite electrice din font\u0103 \u00d8220 mm<\/strong><\/li>\n<li data-start=\"1304\" data-end=\"1334\"><strong data-start=\"1304\" data-end=\"1321\">Putere plit\u0103:<\/strong> 4 \u00d7 2,6 kW<\/li>\n<li data-start=\"1337\" data-end=\"1365\"><strong data-start=\"1337\" data-end=\"1355\">Putere total\u0103:<\/strong> 16,4 kW<\/li>\n<li data-start=\"1368\" data-end=\"1403\"><strong data-start=\"1368\" data-end=\"1401\">Cuptor electric static GN 2\/1<\/strong><\/li>\n<li data-start=\"1406\" data-end=\"1431\"><strong data-start=\"1406\" data-end=\"1424\">Putere cuptor:<\/strong> 6 kW<\/li>\n<li data-start=\"1434\" data-end=\"1498\"><strong data-start=\"1434\" data-end=\"1464\">Reglaj temperatur\u0103 cuptor:<\/strong> aproximativ <strong data-start=\"1477\" data-end=\"1496\">110 \u00b0C \u2013 280 \u00b0C<\/strong><\/li>\n<li data-start=\"1501\" data-end=\"1558\"><strong data-start=\"1501\" data-end=\"1531\">Control temperatur\u0103 plite:<\/strong> selector \u00een <strong data-start=\"1544\" data-end=\"1556\">7 trepte<\/strong><\/li>\n<li data-start=\"1561\" data-end=\"1639\"><strong data-start=\"1561\" data-end=\"1587\">Termostat de siguran\u021b\u0103<\/strong> pentru protec\u021bie dac\u0103 plita este pornit\u0103 f\u0103r\u0103 vas<\/li>\n<li data-start=\"1642\" data-end=\"1684\"><strong data-start=\"1642\" data-end=\"1663\">Indicator luminos<\/strong> pentru func\u021bionare<\/li>\n<li data-start=\"1687\" data-end=\"1755\"><strong data-start=\"1687\" data-end=\"1710\">Grad protec\u021bie ap\u0103:<\/strong> IPX5<\/li>\n<\/ul>\n<h3 data-section-id=\"1vhkxl7\" data-start=\"1762\" data-end=\"1795\">Dimensiuni \u0219i date tehnice<\/h3>\n<ul>\n<li data-start=\"1798\" data-end=\"1834\"><strong data-start=\"1798\" data-end=\"1813\">Dimensiuni:<\/strong> 800 \u00d7 750 \u00d7 900 mm<\/li>\n<li data-start=\"1837\" data-end=\"1870\"><strong data-start=\"1837\" data-end=\"1850\">Greutate:<\/strong> aprox. <strong data-start=\"1858\" data-end=\"1868\">106 kg<\/strong><\/li>\n<li data-start=\"1873\" data-end=\"1904\"><strong data-start=\"1873\" data-end=\"1888\">Alimentare:<\/strong> 400 V, 3 faze<\/li>\n<li data-start=\"1907\" data-end=\"1961\"><strong data-start=\"1907\" data-end=\"1929\">Dimensiuni cuptor:<\/strong> aprox. <strong data-start=\"1937\" data-end=\"1959\">575 \u00d7 654 \u00d7 300 mm<\/strong><\/li>\n<li data-start=\"1964\" data-end=\"2052\"><strong data-start=\"1964\" data-end=\"1986\">Capacitate cuptor:<\/strong> p\u00e2n\u0103 la <strong data-start=\"1995\" data-end=\"2012\">3 t\u0103vi GN 2\/1<\/strong><\/li>\n<\/ul>","protected":false},"excerpt":{"rendered":"<p>Aragazul are o structur\u0103 robust\u0103 din <strong data-start=\"552\" data-end=\"580\">o\u021bel inoxidabil AISI 304<\/strong>, rezistent\u0103 la utilizare intensiv\u0103 \u0219i u\u0219or de cur\u0103\u021bat. Plitele electrice sunt <strong data-start=\"659\" data-end=\"680\">din font\u0103 \u00d8220 mm<\/strong>, etan\u0219ate \u00een blat pentru a preveni infiltrarea lichidelor \u0219i pentru o igien\u0103 mai bun\u0103.<\/p>\n<p>Fiecare plit\u0103 are <strong data-start=\"827\" data-end=\"847\">putere de 2,6 kW<\/strong> \u0219i poate fi reglat\u0103 individual printr-un selector cu <strong data-start=\"901\" data-end=\"928\">7 trepte de temperatur\u0103<\/strong>, ceea ce permite controlul precis al g\u0103titului.<\/p>\n<p>Cuptorul electric integrat este de tip <strong data-start=\"1057\" data-end=\"1074\">static GN 2\/1<\/strong>, \u00eenc\u0103lzit prin <strong data-start=\"1090\" data-end=\"1124\">rezisten\u021be separate sus \u0219i jos<\/strong>, ideal pentru coacere, gratinare sau g\u0103tire uniform\u0103.<\/p>","protected":false},"featured_media":3067,"comment_status":"open","ping_status":"closed","template":"","meta":{"ocean_post_layout":"","ocean_both_sidebars_style":"","ocean_both_sidebars_content_width":0,"ocean_both_sidebars_sidebars_width":0,"ocean_sidebar":"0","ocean_second_sidebar":"0","ocean_disable_margins":"enable","ocean_add_body_class":"","ocean_shortcode_before_top_bar":"","ocean_shortcode_after_top_bar":"","ocean_shortcode_before_header":"","ocean_shortcode_after_header":"","ocean_has_shortcode":"","ocean_shortcode_after_title":"","ocean_shortcode_before_footer_widgets":"","ocean_shortcode_after_footer_widgets":"","ocean_shortcode_before_footer_bottom":"","ocean_shortcode_after_footer_bottom":"","ocean_display_top_bar":"default","ocean_display_header":"default","ocean_header_style":"","ocean_center_header_left_menu":"0","ocean_custom_header_template":"0","ocean_custom_logo":0,"ocean_custom_retina_logo":0,"ocean_custom_logo_max_width":0,"ocean_custom_logo_tablet_max_width":0,"ocean_custom_logo_mobile_max_width":0,"ocean_custom_logo_max_height":0,"ocean_custom_logo_tablet_max_height":0,"ocean_custom_logo_mobile_max_height":0,"ocean_header_custom_menu":"0","ocean_menu_typo_font_family":"0","ocean_menu_typo_font_subset":"","ocean_menu_typo_font_size":0,"ocean_menu_typo_font_size_tablet":0,"ocean_menu_typo_font_size_mobile":0,"ocean_menu_typo_font_size_unit":"px","ocean_menu_typo_font_weight":"","ocean_menu_typo_font_weight_tablet":"","ocean_menu_typo_font_weight_mobile":"","ocean_menu_typo_transform":"","ocean_menu_typo_transform_tablet":"","ocean_menu_typo_transform_mobile":"","ocean_menu_typo_line_height":0,"ocean_menu_typo_line_height_tablet":0,"ocean_menu_typo_line_height_mobile":0,"ocean_menu_typo_line_height_unit":"","ocean_menu_typo_spacing":0,"ocean_menu_typo_spacing_tablet":0,"ocean_menu_typo_spacing_mobile":0,"ocean_menu_typo_spacing_unit":"","ocean_menu_link_color":"","ocean_menu_link_color_hover":"","ocean_menu_link_color_active":"","ocean_menu_link_background":"","ocean_menu_link_hover_background":"","ocean_menu_link_active_background":"","ocean_menu_social_links_bg":"","ocean_menu_social_hover_links_bg":"","ocean_menu_social_links_color":"","ocean_menu_social_hover_links_color":"","ocean_disable_title":"default","ocean_disable_heading":"default","ocean_post_title":"","ocean_post_subheading":"","ocean_post_title_style":"","ocean_post_title_background_color":"","ocean_post_title_background":0,"ocean_post_title_bg_image_position":"","ocean_post_title_bg_image_attachment":"","ocean_post_title_bg_image_repeat":"","ocean_post_title_bg_image_size":"","ocean_post_title_height":0,"ocean_post_title_bg_overlay":0.5,"ocean_post_title_bg_overlay_color":"","ocean_disable_breadcrumbs":"default","ocean_breadcrumbs_color":"","ocean_breadcrumbs_separator_color":"","ocean_breadcrumbs_links_color":"","ocean_breadcrumbs_links_hover_color":"","ocean_display_footer_widgets":"default","ocean_display_footer_bottom":"default","ocean_custom_footer_template":"0"},"product_brand":[],"product_cat":[151],"product_tag":[],"class_list":{"0":"post-3066","1":"product","2":"type-product","3":"status-publish","4":"has-post-thumbnail","6":"product_cat-cuptor","8":"entry","9":"has-media","11":"first","12":"instock","13":"taxable","14":"shipping-taxable","15":"product-type-simple","16":"has-product-nav","17":"col","18":"span_1_of_2","19":"owp-content-center","20":"owp-thumbs-layout-horizontal","21":"owp-btn-normal","22":"owp-tabs-layout-horizontal","23":"has-no-thumbnails"},"yoast_head":"<!-- This site is optimized with the Yoast SEO plugin v27.4 - https:\/\/yoast.com\/product\/yoast-seo-wordpress\/ -->\n<title>Mareno M1-70 PC78EFEPT- Aragaz profesional electric cu 4 plite si cuptor - PROLAB<\/title>\n<meta name=\"robots\" content=\"index, follow, max-snippet:-1, max-image-preview:large, max-video-preview:-1\" \/>\n<link rel=\"canonical\" href=\"https:\/\/prolab.ro\/ro\/produs\/mareno-m1-70-pc78efept-aragaz-profesional-electric-cu-4-plite-si-cuptor\/\" \/>\n<meta property=\"og:locale\" content=\"ro_RO\" \/>\n<meta property=\"og:type\" content=\"article\" \/>\n<meta property=\"og:title\" content=\"Mareno M1-70 PC78EFEPT- Aragaz profesional electric cu 4 plite si cuptor - PROLAB\" \/>\n<meta property=\"og:description\" content=\"Aragazul are o structur\u0103 robust\u0103 din o\u021bel inoxidabil AISI 304, rezistent\u0103 la utilizare intensiv\u0103 \u0219i u\u0219or de cur\u0103\u021bat. Plitele electrice sunt din font\u0103 \u00d8220 mm, etan\u0219ate \u00een blat pentru a preveni infiltrarea lichidelor \u0219i pentru o igien\u0103 mai bun\u0103.  Fiecare plit\u0103 are putere de 2,6 kW \u0219i poate fi reglat\u0103 individual printr-un selector cu 7 trepte de temperatur\u0103, ceea ce permite controlul precis al g\u0103titului.  Cuptorul electric integrat este de tip static GN 2\/1, \u00eenc\u0103lzit prin rezisten\u021be separate sus \u0219i jos, ideal pentru coacere, gratinare sau g\u0103tire uniform\u0103.\" \/>\n<meta property=\"og:url\" content=\"https:\/\/prolab.ro\/ro\/produs\/mareno-m1-70-pc78efept-aragaz-profesional-electric-cu-4-plite-si-cuptor\/\" \/>\n<meta property=\"og:site_name\" content=\"PROLAB\" \/>\n<meta property=\"article:publisher\" content=\"https:\/\/www.facebook.com\/profile.php?id=100063772800673\" \/>\n<meta property=\"og:image\" content=\"https:\/\/prolab.ro\/wp-content\/uploads\/2026\/03\/HandlerTreeThumb-3.jpg\" \/>\n\t<meta property=\"og:image:width\" content=\"1920\" \/>\n\t<meta property=\"og:image:height\" content=\"1920\" \/>\n\t<meta property=\"og:image:type\" content=\"image\/jpeg\" \/>\n<meta name=\"twitter:card\" content=\"summary_large_image\" \/>\n<meta name=\"twitter:label1\" content=\"Timp estimat pentru citire\" \/>\n\t<meta name=\"twitter:data1\" content=\"1 minut\" \/>\n<script type=\"application\/ld+json\" class=\"yoast-schema-graph\">{\"@context\":\"https:\\\/\\\/schema.org\",\"@graph\":[{\"@type\":\"WebPage\",\"@id\":\"https:\\\/\\\/prolab.ro\\\/product\\\/mareno-m1-70-pc78efept-aragaz-profesional-electric-cu-4-plite-si-cuptor\\\/\",\"url\":\"https:\\\/\\\/prolab.ro\\\/product\\\/mareno-m1-70-pc78efept-aragaz-profesional-electric-cu-4-plite-si-cuptor\\\/\",\"name\":\"Mareno M1-70 PC78EFEPT- Aragaz profesional electric cu 4 plite si cuptor - PROLAB\",\"isPartOf\":{\"@id\":\"https:\\\/\\\/prolab.ro\\\/ro\\\/#website\"},\"primaryImageOfPage\":{\"@id\":\"https:\\\/\\\/prolab.ro\\\/product\\\/mareno-m1-70-pc78efept-aragaz-profesional-electric-cu-4-plite-si-cuptor\\\/#primaryimage\"},\"image\":{\"@id\":\"https:\\\/\\\/prolab.ro\\\/product\\\/mareno-m1-70-pc78efept-aragaz-profesional-electric-cu-4-plite-si-cuptor\\\/#primaryimage\"},\"thumbnailUrl\":\"https:\\\/\\\/prolab.ro\\\/wp-content\\\/uploads\\\/2026\\\/03\\\/HandlerTreeThumb-3.jpg\",\"datePublished\":\"2026-03-11T12:09:12+00:00\",\"breadcrumb\":{\"@id\":\"https:\\\/\\\/prolab.ro\\\/product\\\/mareno-m1-70-pc78efept-aragaz-profesional-electric-cu-4-plite-si-cuptor\\\/#breadcrumb\"},\"inLanguage\":\"ro-RO\",\"potentialAction\":[{\"@type\":\"ReadAction\",\"target\":[\"https:\\\/\\\/prolab.ro\\\/product\\\/mareno-m1-70-pc78efept-aragaz-profesional-electric-cu-4-plite-si-cuptor\\\/\"]}]},{\"@type\":\"ImageObject\",\"inLanguage\":\"ro-RO\",\"@id\":\"https:\\\/\\\/prolab.ro\\\/product\\\/mareno-m1-70-pc78efept-aragaz-profesional-electric-cu-4-plite-si-cuptor\\\/#primaryimage\",\"url\":\"https:\\\/\\\/prolab.ro\\\/wp-content\\\/uploads\\\/2026\\\/03\\\/HandlerTreeThumb-3.jpg\",\"contentUrl\":\"https:\\\/\\\/prolab.ro\\\/wp-content\\\/uploads\\\/2026\\\/03\\\/HandlerTreeThumb-3.jpg\",\"width\":1920,\"height\":1920},{\"@type\":\"BreadcrumbList\",\"@id\":\"https:\\\/\\\/prolab.ro\\\/product\\\/mareno-m1-70-pc78efept-aragaz-profesional-electric-cu-4-plite-si-cuptor\\\/#breadcrumb\",\"itemListElement\":[{\"@type\":\"ListItem\",\"position\":1,\"name\":\"Home\",\"item\":\"https:\\\/\\\/prolab.ro\\\/\"},{\"@type\":\"ListItem\",\"position\":2,\"name\":\"Shop\",\"item\":\"https:\\\/\\\/prolab.ro\\\/shop\\\/\"},{\"@type\":\"ListItem\",\"position\":3,\"name\":\"Mareno M1-70 PC78EFEPT- Aragaz profesional electric cu 4 plite si cuptor\"}]},{\"@type\":\"WebSite\",\"@id\":\"https:\\\/\\\/prolab.ro\\\/ro\\\/#website\",\"url\":\"https:\\\/\\\/prolab.ro\\\/ro\\\/\",\"name\":\"www.prolab.ro\",\"description\":\"Echipamente profesionale HORECA\",\"publisher\":{\"@id\":\"https:\\\/\\\/prolab.ro\\\/ro\\\/#organization\"},\"potentialAction\":[{\"@type\":\"SearchAction\",\"target\":{\"@type\":\"EntryPoint\",\"urlTemplate\":\"https:\\\/\\\/prolab.ro\\\/ro\\\/?s={search_term_string}\"},\"query-input\":{\"@type\":\"PropertyValueSpecification\",\"valueRequired\":true,\"valueName\":\"search_term_string\"}}],\"inLanguage\":\"ro-RO\"},{\"@type\":\"Organization\",\"@id\":\"https:\\\/\\\/prolab.ro\\\/ro\\\/#organization\",\"name\":\"HORECA PROLAB SRL\",\"url\":\"https:\\\/\\\/prolab.ro\\\/ro\\\/\",\"logo\":{\"@type\":\"ImageObject\",\"inLanguage\":\"ro-RO\",\"@id\":\"https:\\\/\\\/prolab.ro\\\/ro\\\/#\\\/schema\\\/logo\\\/image\\\/\",\"url\":\"https:\\\/\\\/prolab.ro\\\/wp-content\\\/uploads\\\/2020\\\/10\\\/cropped-2019-06-21-logos-03-B-red.png\",\"contentUrl\":\"https:\\\/\\\/prolab.ro\\\/wp-content\\\/uploads\\\/2020\\\/10\\\/cropped-2019-06-21-logos-03-B-red.png\",\"width\":1963,\"height\":546,\"caption\":\"HORECA PROLAB SRL\"},\"image\":{\"@id\":\"https:\\\/\\\/prolab.ro\\\/ro\\\/#\\\/schema\\\/logo\\\/image\\\/\"},\"sameAs\":[\"https:\\\/\\\/www.facebook.com\\\/profile.php?id=100063772800673\"]}]}<\/script>\n<!-- \/ Yoast SEO plugin. -->","yoast_head_json":{"title":"Mareno M1-70 PC78EFEPT- Aragaz profesional electric cu 4 plite si cuptor - PROLAB","robots":{"index":"index","follow":"follow","max-snippet":"max-snippet:-1","max-image-preview":"max-image-preview:large","max-video-preview":"max-video-preview:-1"},"canonical":"https:\/\/prolab.ro\/ro\/produs\/mareno-m1-70-pc78efept-aragaz-profesional-electric-cu-4-plite-si-cuptor\/","og_locale":"ro_RO","og_type":"article","og_title":"Mareno M1-70 PC78EFEPT- Aragaz profesional electric cu 4 plite si cuptor - PROLAB","og_description":"Aragazul are o structur\u0103 robust\u0103 din o\u021bel inoxidabil AISI 304, rezistent\u0103 la utilizare intensiv\u0103 \u0219i u\u0219or de cur\u0103\u021bat. Plitele electrice sunt din font\u0103 \u00d8220 mm, etan\u0219ate \u00een blat pentru a preveni infiltrarea lichidelor \u0219i pentru o igien\u0103 mai bun\u0103.  Fiecare plit\u0103 are putere de 2,6 kW \u0219i poate fi reglat\u0103 individual printr-un selector cu 7 trepte de temperatur\u0103, ceea ce permite controlul precis al g\u0103titului.  Cuptorul electric integrat este de tip static GN 2\/1, \u00eenc\u0103lzit prin rezisten\u021be separate sus \u0219i jos, ideal pentru coacere, gratinare sau g\u0103tire uniform\u0103.","og_url":"https:\/\/prolab.ro\/ro\/produs\/mareno-m1-70-pc78efept-aragaz-profesional-electric-cu-4-plite-si-cuptor\/","og_site_name":"PROLAB","article_publisher":"https:\/\/www.facebook.com\/profile.php?id=100063772800673","og_image":[{"width":1920,"height":1920,"url":"https:\/\/prolab.ro\/wp-content\/uploads\/2026\/03\/HandlerTreeThumb-3.jpg","type":"image\/jpeg"}],"twitter_card":"summary_large_image","twitter_misc":{"Timp estimat pentru citire":"1 minut"},"schema":{"@context":"https:\/\/schema.org","@graph":[{"@type":"WebPage","@id":"https:\/\/prolab.ro\/product\/mareno-m1-70-pc78efept-aragaz-profesional-electric-cu-4-plite-si-cuptor\/","url":"https:\/\/prolab.ro\/product\/mareno-m1-70-pc78efept-aragaz-profesional-electric-cu-4-plite-si-cuptor\/","name":"Mareno M1-70 PC78EFEPT- Aragaz profesional electric cu 4 plite si cuptor - PROLAB","isPartOf":{"@id":"https:\/\/prolab.ro\/ro\/#website"},"primaryImageOfPage":{"@id":"https:\/\/prolab.ro\/product\/mareno-m1-70-pc78efept-aragaz-profesional-electric-cu-4-plite-si-cuptor\/#primaryimage"},"image":{"@id":"https:\/\/prolab.ro\/product\/mareno-m1-70-pc78efept-aragaz-profesional-electric-cu-4-plite-si-cuptor\/#primaryimage"},"thumbnailUrl":"https:\/\/prolab.ro\/wp-content\/uploads\/2026\/03\/HandlerTreeThumb-3.jpg","datePublished":"2026-03-11T12:09:12+00:00","breadcrumb":{"@id":"https:\/\/prolab.ro\/product\/mareno-m1-70-pc78efept-aragaz-profesional-electric-cu-4-plite-si-cuptor\/#breadcrumb"},"inLanguage":"ro-RO","potentialAction":[{"@type":"ReadAction","target":["https:\/\/prolab.ro\/product\/mareno-m1-70-pc78efept-aragaz-profesional-electric-cu-4-plite-si-cuptor\/"]}]},{"@type":"ImageObject","inLanguage":"ro-RO","@id":"https:\/\/prolab.ro\/product\/mareno-m1-70-pc78efept-aragaz-profesional-electric-cu-4-plite-si-cuptor\/#primaryimage","url":"https:\/\/prolab.ro\/wp-content\/uploads\/2026\/03\/HandlerTreeThumb-3.jpg","contentUrl":"https:\/\/prolab.ro\/wp-content\/uploads\/2026\/03\/HandlerTreeThumb-3.jpg","width":1920,"height":1920},{"@type":"BreadcrumbList","@id":"https:\/\/prolab.ro\/product\/mareno-m1-70-pc78efept-aragaz-profesional-electric-cu-4-plite-si-cuptor\/#breadcrumb","itemListElement":[{"@type":"ListItem","position":1,"name":"Home","item":"https:\/\/prolab.ro\/"},{"@type":"ListItem","position":2,"name":"Shop","item":"https:\/\/prolab.ro\/shop\/"},{"@type":"ListItem","position":3,"name":"Mareno M1-70 PC78EFEPT- Aragaz profesional electric cu 4 plite si cuptor"}]},{"@type":"WebSite","@id":"https:\/\/prolab.ro\/ro\/#website","url":"https:\/\/prolab.ro\/ro\/","name":"www.prolab.ro","description":"Echipamente profesionale HORECA","publisher":{"@id":"https:\/\/prolab.ro\/ro\/#organization"},"potentialAction":[{"@type":"SearchAction","target":{"@type":"EntryPoint","urlTemplate":"https:\/\/prolab.ro\/ro\/?s={search_term_string}"},"query-input":{"@type":"PropertyValueSpecification","valueRequired":true,"valueName":"search_term_string"}}],"inLanguage":"ro-RO"},{"@type":"Organization","@id":"https:\/\/prolab.ro\/ro\/#organization","name":"HORECA PROLAB SRL","url":"https:\/\/prolab.ro\/ro\/","logo":{"@type":"ImageObject","inLanguage":"ro-RO","@id":"https:\/\/prolab.ro\/ro\/#\/schema\/logo\/image\/","url":"https:\/\/prolab.ro\/wp-content\/uploads\/2020\/10\/cropped-2019-06-21-logos-03-B-red.png","contentUrl":"https:\/\/prolab.ro\/wp-content\/uploads\/2020\/10\/cropped-2019-06-21-logos-03-B-red.png","width":1963,"height":546,"caption":"HORECA PROLAB SRL"},"image":{"@id":"https:\/\/prolab.ro\/ro\/#\/schema\/logo\/image\/"},"sameAs":["https:\/\/www.facebook.com\/profile.php?id=100063772800673"]}]}},"_links":{"self":[{"href":"https:\/\/prolab.ro\/ro\/wp-json\/wp\/v2\/product\/3066","targetHints":{"allow":["GET"]}}],"collection":[{"href":"https:\/\/prolab.ro\/ro\/wp-json\/wp\/v2\/product"}],"about":[{"href":"https:\/\/prolab.ro\/ro\/wp-json\/wp\/v2\/types\/product"}],"replies":[{"embeddable":true,"href":"https:\/\/prolab.ro\/ro\/wp-json\/wp\/v2\/comments?post=3066"}],"wp:featuredmedia":[{"embeddable":true,"href":"https:\/\/prolab.ro\/ro\/wp-json\/wp\/v2\/media\/3067"}],"wp:attachment":[{"href":"https:\/\/prolab.ro\/ro\/wp-json\/wp\/v2\/media?parent=3066"}],"wp:term":[{"taxonomy":"product_brand","embeddable":true,"href":"https:\/\/prolab.ro\/ro\/wp-json\/wp\/v2\/product_brand?post=3066"},{"taxonomy":"product_cat","embeddable":true,"href":"https:\/\/prolab.ro\/ro\/wp-json\/wp\/v2\/product_cat?post=3066"},{"taxonomy":"product_tag","embeddable":true,"href":"https:\/\/prolab.ro\/ro\/wp-json\/wp\/v2\/product_tag?post=3066"}],"curies":[{"name":"wp","href":"https:\/\/api.w.org\/{rel}","templated":true}]}}