{"id":3053,"date":"2026-03-11T12:22:34","date_gmt":"2026-03-11T09:22:34","guid":{"rendered":"https:\/\/prolab.ro\/?post_type=product&#038;p=3053"},"modified":"2026-03-11T14:57:44","modified_gmt":"2026-03-11T11:57:44","slug":"mareno-pc712gfg","status":"publish","type":"product","link":"https:\/\/prolab.ro\/ro\/produs\/mareno-pc712gfg\/","title":{"rendered":"Mareno M1-70 PC712GFG- Aragaz profesional cu 6 arzatoare si cuptor pe gaz"},"content":{"rendered":"<h3 data-section-id=\"qsuy26\" data-start=\"1000\" data-end=\"1028\">Caracteristici principale<\/h3>\n<ul>\n<li data-start=\"1031\" data-end=\"1078\"><strong data-start=\"1031\" data-end=\"1053\">6 arz\u0103toare pe gaz<\/strong> (3 \u00d7 6 kW \u0219i 3 \u00d7 9 kW)<\/li>\n<li data-start=\"1081\" data-end=\"1122\"><strong data-start=\"1081\" data-end=\"1103\">Putere total\u0103 gaz:<\/strong> aprox. <strong data-start=\"1111\" data-end=\"1120\">53 kW<\/strong><\/li>\n<li data-start=\"1125\" data-end=\"1186\"><strong data-start=\"1125\" data-end=\"1149\">Cuptor pe gaz GN 2\/1<\/strong> cu capacitate pentru 3 t\u0103vi GN 2\/1<\/li>\n<li data-start=\"1189\" data-end=\"1214\"><strong data-start=\"1189\" data-end=\"1207\">Putere cuptor:<\/strong> 8 kW<\/li>\n<li data-start=\"1217\" data-end=\"1254\"><strong data-start=\"1217\" data-end=\"1240\">Temperatur\u0103 cuptor:<\/strong> 50 \u2013 300 \u00b0C<\/li>\n<li data-start=\"1257\" data-end=\"1299\"><strong data-start=\"1257\" data-end=\"1297\">Aprindere cu arz\u0103tor pilot permanent<\/strong><\/li>\n<li data-start=\"1302\" data-end=\"1340\"><strong data-start=\"1302\" data-end=\"1338\">Valv\u0103 cu termocuplu de siguran\u021b\u0103<\/strong><\/li>\n<li data-start=\"1343\" data-end=\"1386\"><strong data-start=\"1343\" data-end=\"1384\">Gr\u0103tare din font\u0103 emailat\u0103 rezistente<\/strong><\/li>\n<li data-start=\"1389\" data-end=\"1422\"><strong data-start=\"1389\" data-end=\"1420\">Picioare reglabile din inox<\/strong><\/li>\n<li data-start=\"1425\" data-end=\"1488\"><strong data-start=\"1425\" data-end=\"1443\">Protec\u021bie ap\u0103:<\/strong> IPX5<\/li>\n<\/ul>\n<h3 data-section-id=\"u4cwyi\" data-start=\"1495\" data-end=\"1524\">Dimensiuni \u0219i date tehnice<\/h3>\n<ul>\n<li data-start=\"1527\" data-end=\"1564\"><strong data-start=\"1527\" data-end=\"1542\">Dimensiuni:<\/strong> 1200 \u00d7 750 \u00d7 900 mm<\/li>\n<li data-start=\"1567\" data-end=\"1601\"><strong data-start=\"1567\" data-end=\"1580\">Greutate:<\/strong> aproximativ 180 kg<\/li>\n<li data-start=\"1604\" data-end=\"1633\"><strong data-start=\"1604\" data-end=\"1617\">Material:<\/strong> inox AISI 304<\/li>\n<li data-start=\"1636\" data-end=\"1731\"><strong data-start=\"1636\" data-end=\"1665\">Dimensiuni camer\u0103 cuptor:<\/strong> aprox. 575 \u00d7 654 \u00d7 300 mm<\/li>\n<\/ul>\n<p><a href=\"https:\/\/prolab.ro\/wp-content\/uploads\/2026\/03\/MANUAL.pdf\">MANUAL<\/a><\/p>","protected":false},"excerpt":{"rendered":"<p>Aragaz profesional monobloc pe gaz, realizat din o\u021bel inoxidabil AISI 304, echipat cu 6 arz\u0103toare puternice \u0219i cuptor pe gaz GN 2\/1.<\/p>","protected":false},"featured_media":3055,"comment_status":"open","ping_status":"closed","template":"","meta":{"ocean_post_layout":"","ocean_both_sidebars_style":"","ocean_both_sidebars_content_width":0,"ocean_both_sidebars_sidebars_width":0,"ocean_sidebar":"0","ocean_second_sidebar":"0","ocean_disable_margins":"enable","ocean_add_body_class":"","ocean_shortcode_before_top_bar":"","ocean_shortcode_after_top_bar":"","ocean_shortcode_before_header":"","ocean_shortcode_after_header":"","ocean_has_shortcode":"","ocean_shortcode_after_title":"","ocean_shortcode_before_footer_widgets":"","ocean_shortcode_after_footer_widgets":"","ocean_shortcode_before_footer_bottom":"","ocean_shortcode_after_footer_bottom":"","ocean_display_top_bar":"default","ocean_display_header":"default","ocean_header_style":"","ocean_center_header_left_menu":"0","ocean_custom_header_template":"0","ocean_custom_logo":0,"ocean_custom_retina_logo":0,"ocean_custom_logo_max_width":0,"ocean_custom_logo_tablet_max_width":0,"ocean_custom_logo_mobile_max_width":0,"ocean_custom_logo_max_height":0,"ocean_custom_logo_tablet_max_height":0,"ocean_custom_logo_mobile_max_height":0,"ocean_header_custom_menu":"0","ocean_menu_typo_font_family":"0","ocean_menu_typo_font_subset":"","ocean_menu_typo_font_size":0,"ocean_menu_typo_font_size_tablet":0,"ocean_menu_typo_font_size_mobile":0,"ocean_menu_typo_font_size_unit":"px","ocean_menu_typo_font_weight":"","ocean_menu_typo_font_weight_tablet":"","ocean_menu_typo_font_weight_mobile":"","ocean_menu_typo_transform":"","ocean_menu_typo_transform_tablet":"","ocean_menu_typo_transform_mobile":"","ocean_menu_typo_line_height":0,"ocean_menu_typo_line_height_tablet":0,"ocean_menu_typo_line_height_mobile":0,"ocean_menu_typo_line_height_unit":"","ocean_menu_typo_spacing":0,"ocean_menu_typo_spacing_tablet":0,"ocean_menu_typo_spacing_mobile":0,"ocean_menu_typo_spacing_unit":"","ocean_menu_link_color":"","ocean_menu_link_color_hover":"","ocean_menu_link_color_active":"","ocean_menu_link_background":"","ocean_menu_link_hover_background":"","ocean_menu_link_active_background":"","ocean_menu_social_links_bg":"","ocean_menu_social_hover_links_bg":"","ocean_menu_social_links_color":"","ocean_menu_social_hover_links_color":"","ocean_disable_title":"default","ocean_disable_heading":"default","ocean_post_title":"","ocean_post_subheading":"","ocean_post_title_style":"","ocean_post_title_background_color":"","ocean_post_title_background":0,"ocean_post_title_bg_image_position":"","ocean_post_title_bg_image_attachment":"","ocean_post_title_bg_image_repeat":"","ocean_post_title_bg_image_size":"","ocean_post_title_height":0,"ocean_post_title_bg_overlay":0.5,"ocean_post_title_bg_overlay_color":"","ocean_disable_breadcrumbs":"default","ocean_breadcrumbs_color":"","ocean_breadcrumbs_separator_color":"","ocean_breadcrumbs_links_color":"","ocean_breadcrumbs_links_hover_color":"","ocean_display_footer_widgets":"default","ocean_display_footer_bottom":"default","ocean_custom_footer_template":"0"},"product_brand":[],"product_cat":[151],"product_tag":[],"class_list":{"0":"post-3053","1":"product","2":"type-product","3":"status-publish","4":"has-post-thumbnail","6":"product_cat-cuptor","8":"entry","9":"has-media","11":"first","12":"instock","13":"taxable","14":"shipping-taxable","15":"product-type-simple","16":"has-product-nav","17":"col","18":"span_1_of_2","19":"owp-content-center","20":"owp-thumbs-layout-horizontal","21":"owp-btn-normal","22":"owp-tabs-layout-horizontal","23":"has-no-thumbnails"},"yoast_head":"<!-- This site is optimized with the Yoast SEO plugin v27.5 - https:\/\/yoast.com\/product\/yoast-seo-wordpress\/ -->\n<title>Mareno M1-70 PC712GFG- Aragaz profesional cu 6 arzatoare si cuptor pe gaz - PROLAB<\/title>\n<meta name=\"robots\" content=\"index, follow, max-snippet:-1, max-image-preview:large, max-video-preview:-1\" \/>\n<link rel=\"canonical\" href=\"https:\/\/prolab.ro\/ro\/produs\/mareno-pc712gfg\/\" \/>\n<meta property=\"og:locale\" content=\"ro_RO\" \/>\n<meta property=\"og:type\" content=\"article\" \/>\n<meta property=\"og:title\" content=\"Mareno M1-70 PC712GFG- Aragaz profesional cu 6 arzatoare si cuptor pe gaz - PROLAB\" \/>\n<meta property=\"og:description\" content=\"Aragaz profesional monobloc pe gaz, realizat din o\u021bel inoxidabil AISI 304, echipat cu 6 arz\u0103toare puternice \u0219i cuptor pe gaz GN 2\/1.\" \/>\n<meta property=\"og:url\" content=\"https:\/\/prolab.ro\/ro\/produs\/mareno-pc712gfg\/\" \/>\n<meta property=\"og:site_name\" content=\"PROLAB\" \/>\n<meta property=\"article:publisher\" content=\"https:\/\/www.facebook.com\/profile.php?id=100063772800673\" \/>\n<meta property=\"article:modified_time\" content=\"2026-03-11T11:57:44+00:00\" \/>\n<meta property=\"og:image\" content=\"https:\/\/prolab.ro\/wp-content\/uploads\/2026\/03\/HandlerTreeThumb.jpg\" \/>\n\t<meta property=\"og:image:width\" content=\"1920\" \/>\n\t<meta property=\"og:image:height\" content=\"1920\" \/>\n\t<meta property=\"og:image:type\" content=\"image\/jpeg\" \/>\n<meta name=\"twitter:card\" content=\"summary_large_image\" \/>\n<meta name=\"twitter:label1\" content=\"Timp estimat pentru citire\" \/>\n\t<meta name=\"twitter:data1\" content=\"1 minut\" \/>\n<script type=\"application\/ld+json\" class=\"yoast-schema-graph\">{\"@context\":\"https:\\\/\\\/schema.org\",\"@graph\":[{\"@type\":\"WebPage\",\"@id\":\"https:\\\/\\\/prolab.ro\\\/product\\\/mareno-pc712gfg\\\/\",\"url\":\"https:\\\/\\\/prolab.ro\\\/product\\\/mareno-pc712gfg\\\/\",\"name\":\"Mareno M1-70 PC712GFG- Aragaz profesional cu 6 arzatoare si cuptor pe gaz - PROLAB\",\"isPartOf\":{\"@id\":\"https:\\\/\\\/prolab.ro\\\/ro\\\/#website\"},\"primaryImageOfPage\":{\"@id\":\"https:\\\/\\\/prolab.ro\\\/product\\\/mareno-pc712gfg\\\/#primaryimage\"},\"image\":{\"@id\":\"https:\\\/\\\/prolab.ro\\\/product\\\/mareno-pc712gfg\\\/#primaryimage\"},\"thumbnailUrl\":\"https:\\\/\\\/prolab.ro\\\/wp-content\\\/uploads\\\/2026\\\/03\\\/HandlerTreeThumb.jpg\",\"datePublished\":\"2026-03-11T09:22:34+00:00\",\"dateModified\":\"2026-03-11T11:57:44+00:00\",\"breadcrumb\":{\"@id\":\"https:\\\/\\\/prolab.ro\\\/product\\\/mareno-pc712gfg\\\/#breadcrumb\"},\"inLanguage\":\"ro-RO\",\"potentialAction\":[{\"@type\":\"ReadAction\",\"target\":[\"https:\\\/\\\/prolab.ro\\\/product\\\/mareno-pc712gfg\\\/\"]}]},{\"@type\":\"ImageObject\",\"inLanguage\":\"ro-RO\",\"@id\":\"https:\\\/\\\/prolab.ro\\\/product\\\/mareno-pc712gfg\\\/#primaryimage\",\"url\":\"https:\\\/\\\/prolab.ro\\\/wp-content\\\/uploads\\\/2026\\\/03\\\/HandlerTreeThumb.jpg\",\"contentUrl\":\"https:\\\/\\\/prolab.ro\\\/wp-content\\\/uploads\\\/2026\\\/03\\\/HandlerTreeThumb.jpg\",\"width\":1920,\"height\":1920},{\"@type\":\"BreadcrumbList\",\"@id\":\"https:\\\/\\\/prolab.ro\\\/product\\\/mareno-pc712gfg\\\/#breadcrumb\",\"itemListElement\":[{\"@type\":\"ListItem\",\"position\":1,\"name\":\"Home\",\"item\":\"https:\\\/\\\/prolab.ro\\\/\"},{\"@type\":\"ListItem\",\"position\":2,\"name\":\"Shop\",\"item\":\"https:\\\/\\\/prolab.ro\\\/shop\\\/\"},{\"@type\":\"ListItem\",\"position\":3,\"name\":\"Mareno M1-70 PC712GFG- Aragaz profesional cu 6 arzatoare si cuptor pe gaz\"}]},{\"@type\":\"WebSite\",\"@id\":\"https:\\\/\\\/prolab.ro\\\/ro\\\/#website\",\"url\":\"https:\\\/\\\/prolab.ro\\\/ro\\\/\",\"name\":\"www.prolab.ro\",\"description\":\"Echipamente profesionale HORECA\",\"publisher\":{\"@id\":\"https:\\\/\\\/prolab.ro\\\/ro\\\/#organization\"},\"potentialAction\":[{\"@type\":\"SearchAction\",\"target\":{\"@type\":\"EntryPoint\",\"urlTemplate\":\"https:\\\/\\\/prolab.ro\\\/ro\\\/?s={search_term_string}\"},\"query-input\":{\"@type\":\"PropertyValueSpecification\",\"valueRequired\":true,\"valueName\":\"search_term_string\"}}],\"inLanguage\":\"ro-RO\"},{\"@type\":\"Organization\",\"@id\":\"https:\\\/\\\/prolab.ro\\\/ro\\\/#organization\",\"name\":\"HORECA PROLAB SRL\",\"url\":\"https:\\\/\\\/prolab.ro\\\/ro\\\/\",\"logo\":{\"@type\":\"ImageObject\",\"inLanguage\":\"ro-RO\",\"@id\":\"https:\\\/\\\/prolab.ro\\\/ro\\\/#\\\/schema\\\/logo\\\/image\\\/\",\"url\":\"https:\\\/\\\/prolab.ro\\\/wp-content\\\/uploads\\\/2020\\\/10\\\/cropped-2019-06-21-logos-03-B-red.png\",\"contentUrl\":\"https:\\\/\\\/prolab.ro\\\/wp-content\\\/uploads\\\/2020\\\/10\\\/cropped-2019-06-21-logos-03-B-red.png\",\"width\":1963,\"height\":546,\"caption\":\"HORECA PROLAB SRL\"},\"image\":{\"@id\":\"https:\\\/\\\/prolab.ro\\\/ro\\\/#\\\/schema\\\/logo\\\/image\\\/\"},\"sameAs\":[\"https:\\\/\\\/www.facebook.com\\\/profile.php?id=100063772800673\"]}]}<\/script>\n<!-- \/ Yoast SEO plugin. -->","yoast_head_json":{"title":"Mareno M1-70 PC712GFG- Aragaz profesional cu 6 arzatoare si cuptor pe gaz - PROLAB","robots":{"index":"index","follow":"follow","max-snippet":"max-snippet:-1","max-image-preview":"max-image-preview:large","max-video-preview":"max-video-preview:-1"},"canonical":"https:\/\/prolab.ro\/ro\/produs\/mareno-pc712gfg\/","og_locale":"ro_RO","og_type":"article","og_title":"Mareno M1-70 PC712GFG- Aragaz profesional cu 6 arzatoare si cuptor pe gaz - PROLAB","og_description":"Aragaz profesional monobloc pe gaz, realizat din o\u021bel inoxidabil AISI 304, echipat cu 6 arz\u0103toare puternice \u0219i cuptor pe gaz GN 2\/1.","og_url":"https:\/\/prolab.ro\/ro\/produs\/mareno-pc712gfg\/","og_site_name":"PROLAB","article_publisher":"https:\/\/www.facebook.com\/profile.php?id=100063772800673","article_modified_time":"2026-03-11T11:57:44+00:00","og_image":[{"width":1920,"height":1920,"url":"https:\/\/prolab.ro\/wp-content\/uploads\/2026\/03\/HandlerTreeThumb.jpg","type":"image\/jpeg"}],"twitter_card":"summary_large_image","twitter_misc":{"Timp estimat pentru citire":"1 minut"},"schema":{"@context":"https:\/\/schema.org","@graph":[{"@type":"WebPage","@id":"https:\/\/prolab.ro\/product\/mareno-pc712gfg\/","url":"https:\/\/prolab.ro\/product\/mareno-pc712gfg\/","name":"Mareno M1-70 PC712GFG- Aragaz profesional cu 6 arzatoare si cuptor pe gaz - PROLAB","isPartOf":{"@id":"https:\/\/prolab.ro\/ro\/#website"},"primaryImageOfPage":{"@id":"https:\/\/prolab.ro\/product\/mareno-pc712gfg\/#primaryimage"},"image":{"@id":"https:\/\/prolab.ro\/product\/mareno-pc712gfg\/#primaryimage"},"thumbnailUrl":"https:\/\/prolab.ro\/wp-content\/uploads\/2026\/03\/HandlerTreeThumb.jpg","datePublished":"2026-03-11T09:22:34+00:00","dateModified":"2026-03-11T11:57:44+00:00","breadcrumb":{"@id":"https:\/\/prolab.ro\/product\/mareno-pc712gfg\/#breadcrumb"},"inLanguage":"ro-RO","potentialAction":[{"@type":"ReadAction","target":["https:\/\/prolab.ro\/product\/mareno-pc712gfg\/"]}]},{"@type":"ImageObject","inLanguage":"ro-RO","@id":"https:\/\/prolab.ro\/product\/mareno-pc712gfg\/#primaryimage","url":"https:\/\/prolab.ro\/wp-content\/uploads\/2026\/03\/HandlerTreeThumb.jpg","contentUrl":"https:\/\/prolab.ro\/wp-content\/uploads\/2026\/03\/HandlerTreeThumb.jpg","width":1920,"height":1920},{"@type":"BreadcrumbList","@id":"https:\/\/prolab.ro\/product\/mareno-pc712gfg\/#breadcrumb","itemListElement":[{"@type":"ListItem","position":1,"name":"Home","item":"https:\/\/prolab.ro\/"},{"@type":"ListItem","position":2,"name":"Shop","item":"https:\/\/prolab.ro\/shop\/"},{"@type":"ListItem","position":3,"name":"Mareno M1-70 PC712GFG- Aragaz profesional cu 6 arzatoare si cuptor pe gaz"}]},{"@type":"WebSite","@id":"https:\/\/prolab.ro\/ro\/#website","url":"https:\/\/prolab.ro\/ro\/","name":"www.prolab.ro","description":"Echipamente profesionale HORECA","publisher":{"@id":"https:\/\/prolab.ro\/ro\/#organization"},"potentialAction":[{"@type":"SearchAction","target":{"@type":"EntryPoint","urlTemplate":"https:\/\/prolab.ro\/ro\/?s={search_term_string}"},"query-input":{"@type":"PropertyValueSpecification","valueRequired":true,"valueName":"search_term_string"}}],"inLanguage":"ro-RO"},{"@type":"Organization","@id":"https:\/\/prolab.ro\/ro\/#organization","name":"HORECA PROLAB SRL","url":"https:\/\/prolab.ro\/ro\/","logo":{"@type":"ImageObject","inLanguage":"ro-RO","@id":"https:\/\/prolab.ro\/ro\/#\/schema\/logo\/image\/","url":"https:\/\/prolab.ro\/wp-content\/uploads\/2020\/10\/cropped-2019-06-21-logos-03-B-red.png","contentUrl":"https:\/\/prolab.ro\/wp-content\/uploads\/2020\/10\/cropped-2019-06-21-logos-03-B-red.png","width":1963,"height":546,"caption":"HORECA PROLAB SRL"},"image":{"@id":"https:\/\/prolab.ro\/ro\/#\/schema\/logo\/image\/"},"sameAs":["https:\/\/www.facebook.com\/profile.php?id=100063772800673"]}]}},"_links":{"self":[{"href":"https:\/\/prolab.ro\/ro\/wp-json\/wp\/v2\/product\/3053","targetHints":{"allow":["GET"]}}],"collection":[{"href":"https:\/\/prolab.ro\/ro\/wp-json\/wp\/v2\/product"}],"about":[{"href":"https:\/\/prolab.ro\/ro\/wp-json\/wp\/v2\/types\/product"}],"replies":[{"embeddable":true,"href":"https:\/\/prolab.ro\/ro\/wp-json\/wp\/v2\/comments?post=3053"}],"wp:featuredmedia":[{"embeddable":true,"href":"https:\/\/prolab.ro\/ro\/wp-json\/wp\/v2\/media\/3055"}],"wp:attachment":[{"href":"https:\/\/prolab.ro\/ro\/wp-json\/wp\/v2\/media?parent=3053"}],"wp:term":[{"taxonomy":"product_brand","embeddable":true,"href":"https:\/\/prolab.ro\/ro\/wp-json\/wp\/v2\/product_brand?post=3053"},{"taxonomy":"product_cat","embeddable":true,"href":"https:\/\/prolab.ro\/ro\/wp-json\/wp\/v2\/product_cat?post=3053"},{"taxonomy":"product_tag","embeddable":true,"href":"https:\/\/prolab.ro\/ro\/wp-json\/wp\/v2\/product_tag?post=3053"}],"curies":[{"name":"wp","href":"https:\/\/api.w.org\/{rel}","templated":true}]}}