{"id":2996,"date":"2026-03-06T17:42:02","date_gmt":"2026-03-06T14:42:02","guid":{"rendered":"https:\/\/prolab.ro\/?post_type=product&#038;p=2996"},"modified":"2026-03-06T17:42:02","modified_gmt":"2026-03-06T14:42:02","slug":"zumex-speed-s-plus","status":"publish","type":"product","link":"https:\/\/prolab.ro\/ro\/produs\/zumex-speed-s-plus\/","title":{"rendered":"ZUMEX SPEED S+ PLUS"},"content":{"rendered":"<ul>\n<li data-start=\"515\" data-end=\"573\"><strong data-start=\"515\" data-end=\"543\">Capacitate de stoarcere:<\/strong> p\u00e2n\u0103 la <strong data-start=\"552\" data-end=\"571\">40 fructe\/minut<\/strong><\/li>\n<li data-start=\"576\" data-end=\"645\"><strong data-start=\"576\" data-end=\"590\">Produc\u021bie:<\/strong> aproximativ <strong data-start=\"603\" data-end=\"643\">1 pahar de suc (250 ml) \u00een 5 secunde<\/strong><\/li>\n<li>Compatibilotate fructe: portocale, mandarine, lamai, lime, grapfuit<\/li>\n<li>Diametrul fructelor: <strong data-start=\"944\" data-end=\"954\">S Kit:<\/strong> 45\u201367 mm\/<strong data-start=\"968\" data-end=\"989\">M Kit (standard):<\/strong> 65\u201381 mm\/ <strong data-start=\"1003\" data-end=\"1013\">L Kit:<\/strong> 75\u201395 mm<\/li>\n<li data-start=\"1088\" data-end=\"1129\"><strong data-start=\"1088\" data-end=\"1114\">Capacitate alimentare:<\/strong> 20 kg fructe<\/li>\n<li data-start=\"1132\" data-end=\"1169\"><strong data-start=\"1132\" data-end=\"1157\">Capacitate reziduuri:<\/strong> 2 \u00d7 7,5 L<\/li>\n<li data-start=\"1291\" data-end=\"1343\"><strong data-start=\"1291\" data-end=\"1304\">Tensiune:<\/strong> 220\u2013240 V \/ 50\u201360 Hz (sau 100\u2013120 V)<\/li>\n<li data-start=\"1346\" data-end=\"1377\"><strong data-start=\"1346\" data-end=\"1363\">Putere motor:<\/strong> 320 \u2013 460 W<\/li>\n<li data-start=\"1380\" data-end=\"1443\"><strong data-start=\"1380\" data-end=\"1391\">Consum:<\/strong> 1.9 \u2013 3.5 A<\/li>\n<li data-start=\"1530\" data-end=\"1560\"><strong data-start=\"1530\" data-end=\"1558\">Dimensiuni aproximative: <\/strong>~593 \u00d7 665 \u00d7 1050 mm (model de baz\u0103)<\/li>\n<li data-start=\"1606\" data-end=\"1711\"><strong data-start=\"1606\" data-end=\"1619\">Greutate:<\/strong> aproximativ <strong data-start=\"1632\" data-end=\"1646\">83 \u2013 97 kg<\/strong> pentru unitatea standard<\/li>\n<li data-start=\"1747\" data-end=\"1863\"><strong data-start=\"1747\" data-end=\"1771\">1Step Extraction Kit<\/strong> \u2013 sistem de stoarcere care se demonteaz\u0103 \u00een aproximativ 10 secunde pentru cur\u0103\u021bare rapid\u0103<\/li>\n<li data-start=\"1866\" data-end=\"1945\"><strong data-start=\"1866\" data-end=\"1894\">Automatic PulpOut System<\/strong> \u2013 eliminare automat\u0103 a pulpei \u0219i filtrare tripl\u0103<\/li>\n<li data-start=\"1948\" data-end=\"2040\"><strong data-start=\"1948\" data-end=\"1988\">Conical System\u00ae + ASP\u00ae antibacterian<\/strong> \u2013 tehnologie care maximizeaz\u0103 extrac\u021bia \u0219i igiena<\/li>\n<li data-start=\"2043\" data-end=\"2113\"><strong data-start=\"2043\" data-end=\"2069\">Triple safety detector<\/strong> \u2013 protec\u021bie motor \u0219i senzori de siguran\u021b\u0103<\/li>\n<li data-start=\"2116\" data-end=\"2188\"><strong data-start=\"2116\" data-end=\"2143\">Protec\u021bie la umiditate:<\/strong> IPX4<\/li>\n<li>Nivel de zgomot redus (sub ~65 dB)<\/li>\n<\/ul>\n<p class=\"responsive-video-wrap clr\"><iframe title=\"Speed S +plus Commercial Juicer [Complete Video]\" width=\"1200\" height=\"675\" src=\"https:\/\/www.youtube.com\/embed\/nCs_FLVNhgA?feature=oembed\" frameborder=\"0\" allow=\"accelerometer; autoplay; clipboard-write; encrypted-media; gyroscope; picture-in-picture; web-share\" referrerpolicy=\"strict-origin-when-cross-origin\" allowfullscreen><\/iframe><\/p>\n","protected":false},"excerpt":{"rendered":"<p><strong data-start=\"2499\" data-end=\"2522\">Zumex Speed S+ Plus<\/strong> este un storc\u0103tor profesional de mare capacitate, capabil s\u0103 proceseze <strong data-start=\"2594\" data-end=\"2620\">40 de citrice pe minut<\/strong>, cu sistem automat de filtrare \u0219i cur\u0103\u021bare rapid\u0103, fiind ideal pentru <strong data-start=\"2691\" data-end=\"2771\">supermarketuri, hoteluri \u0219i loca\u021bii cu volum mare de v\u00e2nz\u0103ri de suc proasp\u0103t<\/strong>.<\/p>","protected":false},"featured_media":2998,"comment_status":"open","ping_status":"closed","template":"","meta":{"ocean_post_layout":"","ocean_both_sidebars_style":"","ocean_both_sidebars_content_width":0,"ocean_both_sidebars_sidebars_width":0,"ocean_sidebar":"0","ocean_second_sidebar":"0","ocean_disable_margins":"enable","ocean_add_body_class":"","ocean_shortcode_before_top_bar":"","ocean_shortcode_after_top_bar":"","ocean_shortcode_before_header":"","ocean_shortcode_after_header":"","ocean_has_shortcode":"","ocean_shortcode_after_title":"","ocean_shortcode_before_footer_widgets":"","ocean_shortcode_after_footer_widgets":"","ocean_shortcode_before_footer_bottom":"","ocean_shortcode_after_footer_bottom":"","ocean_display_top_bar":"default","ocean_display_header":"default","ocean_header_style":"","ocean_center_header_left_menu":"0","ocean_custom_header_template":"0","ocean_custom_logo":0,"ocean_custom_retina_logo":0,"ocean_custom_logo_max_width":0,"ocean_custom_logo_tablet_max_width":0,"ocean_custom_logo_mobile_max_width":0,"ocean_custom_logo_max_height":0,"ocean_custom_logo_tablet_max_height":0,"ocean_custom_logo_mobile_max_height":0,"ocean_header_custom_menu":"0","ocean_menu_typo_font_family":"0","ocean_menu_typo_font_subset":"","ocean_menu_typo_font_size":0,"ocean_menu_typo_font_size_tablet":0,"ocean_menu_typo_font_size_mobile":0,"ocean_menu_typo_font_size_unit":"px","ocean_menu_typo_font_weight":"","ocean_menu_typo_font_weight_tablet":"","ocean_menu_typo_font_weight_mobile":"","ocean_menu_typo_transform":"","ocean_menu_typo_transform_tablet":"","ocean_menu_typo_transform_mobile":"","ocean_menu_typo_line_height":0,"ocean_menu_typo_line_height_tablet":0,"ocean_menu_typo_line_height_mobile":0,"ocean_menu_typo_line_height_unit":"","ocean_menu_typo_spacing":0,"ocean_menu_typo_spacing_tablet":0,"ocean_menu_typo_spacing_mobile":0,"ocean_menu_typo_spacing_unit":"","ocean_menu_link_color":"","ocean_menu_link_color_hover":"","ocean_menu_link_color_active":"","ocean_menu_link_background":"","ocean_menu_link_hover_background":"","ocean_menu_link_active_background":"","ocean_menu_social_links_bg":"","ocean_menu_social_hover_links_bg":"","ocean_menu_social_links_color":"","ocean_menu_social_hover_links_color":"","ocean_disable_title":"default","ocean_disable_heading":"default","ocean_post_title":"","ocean_post_subheading":"","ocean_post_title_style":"","ocean_post_title_background_color":"","ocean_post_title_background":0,"ocean_post_title_bg_image_position":"","ocean_post_title_bg_image_attachment":"","ocean_post_title_bg_image_repeat":"","ocean_post_title_bg_image_size":"","ocean_post_title_height":0,"ocean_post_title_bg_overlay":0.5,"ocean_post_title_bg_overlay_color":"","ocean_disable_breadcrumbs":"default","ocean_breadcrumbs_color":"","ocean_breadcrumbs_separator_color":"","ocean_breadcrumbs_links_color":"","ocean_breadcrumbs_links_hover_color":"","ocean_display_footer_widgets":"default","ocean_display_footer_bottom":"default","ocean_custom_footer_template":"0"},"product_brand":[],"product_cat":[154],"product_tag":[],"class_list":{"0":"post-2996","1":"product","2":"type-product","3":"status-publish","4":"has-post-thumbnail","6":"product_cat-juicer","8":"entry","9":"has-media","11":"first","12":"instock","13":"taxable","14":"shipping-taxable","15":"product-type-simple","16":"has-product-nav","17":"col","18":"span_1_of_2","19":"owp-content-center","20":"owp-thumbs-layout-horizontal","21":"owp-btn-normal","22":"owp-tabs-layout-horizontal"},"yoast_head":"<!-- This site is optimized with the Yoast SEO plugin v27.5 - https:\/\/yoast.com\/product\/yoast-seo-wordpress\/ -->\n<title>ZUMEX SPEED S+ PLUS - PROLAB<\/title>\n<meta name=\"robots\" content=\"index, follow, max-snippet:-1, max-image-preview:large, max-video-preview:-1\" \/>\n<link rel=\"canonical\" href=\"https:\/\/prolab.ro\/ro\/produs\/zumex-speed-s-plus\/\" \/>\n<meta property=\"og:locale\" content=\"ro_RO\" \/>\n<meta property=\"og:type\" content=\"article\" \/>\n<meta property=\"og:title\" content=\"ZUMEX SPEED S+ PLUS - PROLAB\" \/>\n<meta property=\"og:description\" content=\"Zumex Speed S+ Plus este un storc\u0103tor profesional de mare capacitate, capabil s\u0103 proceseze 40 de citrice pe minut, cu sistem automat de filtrare \u0219i cur\u0103\u021bare rapid\u0103, fiind ideal pentru supermarketuri, hoteluri \u0219i loca\u021bii cu volum mare de v\u00e2nz\u0103ri de suc proasp\u0103t.\" \/>\n<meta property=\"og:url\" content=\"https:\/\/prolab.ro\/ro\/produs\/zumex-speed-s-plus\/\" \/>\n<meta property=\"og:site_name\" content=\"PROLAB\" \/>\n<meta property=\"article:publisher\" content=\"https:\/\/www.facebook.com\/profile.php?id=100063772800673\" \/>\n<meta property=\"og:image\" content=\"https:\/\/prolab.ro\/wp-content\/uploads\/2026\/03\/3089230.webp\" \/>\n\t<meta property=\"og:image:width\" content=\"600\" \/>\n\t<meta property=\"og:image:height\" content=\"600\" \/>\n\t<meta property=\"og:image:type\" content=\"image\/webp\" \/>\n<meta name=\"twitter:card\" content=\"summary_large_image\" \/>\n<meta name=\"twitter:label1\" content=\"Timp estimat pentru citire\" \/>\n\t<meta name=\"twitter:data1\" content=\"1 minut\" \/>\n<script type=\"application\/ld+json\" class=\"yoast-schema-graph\">{\"@context\":\"https:\\\/\\\/schema.org\",\"@graph\":[{\"@type\":\"WebPage\",\"@id\":\"https:\\\/\\\/prolab.ro\\\/product\\\/zumex-speed-s-plus\\\/\",\"url\":\"https:\\\/\\\/prolab.ro\\\/product\\\/zumex-speed-s-plus\\\/\",\"name\":\"ZUMEX SPEED S+ PLUS - PROLAB\",\"isPartOf\":{\"@id\":\"https:\\\/\\\/prolab.ro\\\/ro\\\/#website\"},\"primaryImageOfPage\":{\"@id\":\"https:\\\/\\\/prolab.ro\\\/product\\\/zumex-speed-s-plus\\\/#primaryimage\"},\"image\":{\"@id\":\"https:\\\/\\\/prolab.ro\\\/product\\\/zumex-speed-s-plus\\\/#primaryimage\"},\"thumbnailUrl\":\"https:\\\/\\\/prolab.ro\\\/wp-content\\\/uploads\\\/2026\\\/03\\\/3089230.webp\",\"datePublished\":\"2026-03-06T14:42:02+00:00\",\"breadcrumb\":{\"@id\":\"https:\\\/\\\/prolab.ro\\\/product\\\/zumex-speed-s-plus\\\/#breadcrumb\"},\"inLanguage\":\"ro-RO\",\"potentialAction\":[{\"@type\":\"ReadAction\",\"target\":[\"https:\\\/\\\/prolab.ro\\\/product\\\/zumex-speed-s-plus\\\/\"]}]},{\"@type\":\"ImageObject\",\"inLanguage\":\"ro-RO\",\"@id\":\"https:\\\/\\\/prolab.ro\\\/product\\\/zumex-speed-s-plus\\\/#primaryimage\",\"url\":\"https:\\\/\\\/prolab.ro\\\/wp-content\\\/uploads\\\/2026\\\/03\\\/3089230.webp\",\"contentUrl\":\"https:\\\/\\\/prolab.ro\\\/wp-content\\\/uploads\\\/2026\\\/03\\\/3089230.webp\",\"width\":600,\"height\":600},{\"@type\":\"BreadcrumbList\",\"@id\":\"https:\\\/\\\/prolab.ro\\\/product\\\/zumex-speed-s-plus\\\/#breadcrumb\",\"itemListElement\":[{\"@type\":\"ListItem\",\"position\":1,\"name\":\"Home\",\"item\":\"https:\\\/\\\/prolab.ro\\\/\"},{\"@type\":\"ListItem\",\"position\":2,\"name\":\"Shop\",\"item\":\"https:\\\/\\\/prolab.ro\\\/shop\\\/\"},{\"@type\":\"ListItem\",\"position\":3,\"name\":\"ZUMEX SPEED S+ PLUS\"}]},{\"@type\":\"WebSite\",\"@id\":\"https:\\\/\\\/prolab.ro\\\/ro\\\/#website\",\"url\":\"https:\\\/\\\/prolab.ro\\\/ro\\\/\",\"name\":\"www.prolab.ro\",\"description\":\"Echipamente profesionale HORECA\",\"publisher\":{\"@id\":\"https:\\\/\\\/prolab.ro\\\/ro\\\/#organization\"},\"potentialAction\":[{\"@type\":\"SearchAction\",\"target\":{\"@type\":\"EntryPoint\",\"urlTemplate\":\"https:\\\/\\\/prolab.ro\\\/ro\\\/?s={search_term_string}\"},\"query-input\":{\"@type\":\"PropertyValueSpecification\",\"valueRequired\":true,\"valueName\":\"search_term_string\"}}],\"inLanguage\":\"ro-RO\"},{\"@type\":\"Organization\",\"@id\":\"https:\\\/\\\/prolab.ro\\\/ro\\\/#organization\",\"name\":\"HORECA PROLAB SRL\",\"url\":\"https:\\\/\\\/prolab.ro\\\/ro\\\/\",\"logo\":{\"@type\":\"ImageObject\",\"inLanguage\":\"ro-RO\",\"@id\":\"https:\\\/\\\/prolab.ro\\\/ro\\\/#\\\/schema\\\/logo\\\/image\\\/\",\"url\":\"https:\\\/\\\/prolab.ro\\\/wp-content\\\/uploads\\\/2020\\\/10\\\/cropped-2019-06-21-logos-03-B-red.png\",\"contentUrl\":\"https:\\\/\\\/prolab.ro\\\/wp-content\\\/uploads\\\/2020\\\/10\\\/cropped-2019-06-21-logos-03-B-red.png\",\"width\":1963,\"height\":546,\"caption\":\"HORECA PROLAB SRL\"},\"image\":{\"@id\":\"https:\\\/\\\/prolab.ro\\\/ro\\\/#\\\/schema\\\/logo\\\/image\\\/\"},\"sameAs\":[\"https:\\\/\\\/www.facebook.com\\\/profile.php?id=100063772800673\"]}]}<\/script>\n<!-- \/ Yoast SEO plugin. -->","yoast_head_json":{"title":"ZUMEX SPEED S+ PLUS - PROLAB","robots":{"index":"index","follow":"follow","max-snippet":"max-snippet:-1","max-image-preview":"max-image-preview:large","max-video-preview":"max-video-preview:-1"},"canonical":"https:\/\/prolab.ro\/ro\/produs\/zumex-speed-s-plus\/","og_locale":"ro_RO","og_type":"article","og_title":"ZUMEX SPEED S+ PLUS - PROLAB","og_description":"Zumex Speed S+ Plus este un storc\u0103tor profesional de mare capacitate, capabil s\u0103 proceseze 40 de citrice pe minut, cu sistem automat de filtrare \u0219i cur\u0103\u021bare rapid\u0103, fiind ideal pentru supermarketuri, hoteluri \u0219i loca\u021bii cu volum mare de v\u00e2nz\u0103ri de suc proasp\u0103t.","og_url":"https:\/\/prolab.ro\/ro\/produs\/zumex-speed-s-plus\/","og_site_name":"PROLAB","article_publisher":"https:\/\/www.facebook.com\/profile.php?id=100063772800673","og_image":[{"width":600,"height":600,"url":"https:\/\/prolab.ro\/wp-content\/uploads\/2026\/03\/3089230.webp","type":"image\/webp"}],"twitter_card":"summary_large_image","twitter_misc":{"Timp estimat pentru citire":"1 minut"},"schema":{"@context":"https:\/\/schema.org","@graph":[{"@type":"WebPage","@id":"https:\/\/prolab.ro\/product\/zumex-speed-s-plus\/","url":"https:\/\/prolab.ro\/product\/zumex-speed-s-plus\/","name":"ZUMEX SPEED S+ PLUS - PROLAB","isPartOf":{"@id":"https:\/\/prolab.ro\/ro\/#website"},"primaryImageOfPage":{"@id":"https:\/\/prolab.ro\/product\/zumex-speed-s-plus\/#primaryimage"},"image":{"@id":"https:\/\/prolab.ro\/product\/zumex-speed-s-plus\/#primaryimage"},"thumbnailUrl":"https:\/\/prolab.ro\/wp-content\/uploads\/2026\/03\/3089230.webp","datePublished":"2026-03-06T14:42:02+00:00","breadcrumb":{"@id":"https:\/\/prolab.ro\/product\/zumex-speed-s-plus\/#breadcrumb"},"inLanguage":"ro-RO","potentialAction":[{"@type":"ReadAction","target":["https:\/\/prolab.ro\/product\/zumex-speed-s-plus\/"]}]},{"@type":"ImageObject","inLanguage":"ro-RO","@id":"https:\/\/prolab.ro\/product\/zumex-speed-s-plus\/#primaryimage","url":"https:\/\/prolab.ro\/wp-content\/uploads\/2026\/03\/3089230.webp","contentUrl":"https:\/\/prolab.ro\/wp-content\/uploads\/2026\/03\/3089230.webp","width":600,"height":600},{"@type":"BreadcrumbList","@id":"https:\/\/prolab.ro\/product\/zumex-speed-s-plus\/#breadcrumb","itemListElement":[{"@type":"ListItem","position":1,"name":"Home","item":"https:\/\/prolab.ro\/"},{"@type":"ListItem","position":2,"name":"Shop","item":"https:\/\/prolab.ro\/shop\/"},{"@type":"ListItem","position":3,"name":"ZUMEX SPEED S+ PLUS"}]},{"@type":"WebSite","@id":"https:\/\/prolab.ro\/ro\/#website","url":"https:\/\/prolab.ro\/ro\/","name":"www.prolab.ro","description":"Echipamente profesionale HORECA","publisher":{"@id":"https:\/\/prolab.ro\/ro\/#organization"},"potentialAction":[{"@type":"SearchAction","target":{"@type":"EntryPoint","urlTemplate":"https:\/\/prolab.ro\/ro\/?s={search_term_string}"},"query-input":{"@type":"PropertyValueSpecification","valueRequired":true,"valueName":"search_term_string"}}],"inLanguage":"ro-RO"},{"@type":"Organization","@id":"https:\/\/prolab.ro\/ro\/#organization","name":"HORECA PROLAB SRL","url":"https:\/\/prolab.ro\/ro\/","logo":{"@type":"ImageObject","inLanguage":"ro-RO","@id":"https:\/\/prolab.ro\/ro\/#\/schema\/logo\/image\/","url":"https:\/\/prolab.ro\/wp-content\/uploads\/2020\/10\/cropped-2019-06-21-logos-03-B-red.png","contentUrl":"https:\/\/prolab.ro\/wp-content\/uploads\/2020\/10\/cropped-2019-06-21-logos-03-B-red.png","width":1963,"height":546,"caption":"HORECA PROLAB SRL"},"image":{"@id":"https:\/\/prolab.ro\/ro\/#\/schema\/logo\/image\/"},"sameAs":["https:\/\/www.facebook.com\/profile.php?id=100063772800673"]}]}},"_links":{"self":[{"href":"https:\/\/prolab.ro\/ro\/wp-json\/wp\/v2\/product\/2996","targetHints":{"allow":["GET"]}}],"collection":[{"href":"https:\/\/prolab.ro\/ro\/wp-json\/wp\/v2\/product"}],"about":[{"href":"https:\/\/prolab.ro\/ro\/wp-json\/wp\/v2\/types\/product"}],"replies":[{"embeddable":true,"href":"https:\/\/prolab.ro\/ro\/wp-json\/wp\/v2\/comments?post=2996"}],"wp:featuredmedia":[{"embeddable":true,"href":"https:\/\/prolab.ro\/ro\/wp-json\/wp\/v2\/media\/2998"}],"wp:attachment":[{"href":"https:\/\/prolab.ro\/ro\/wp-json\/wp\/v2\/media?parent=2996"}],"wp:term":[{"taxonomy":"product_brand","embeddable":true,"href":"https:\/\/prolab.ro\/ro\/wp-json\/wp\/v2\/product_brand?post=2996"},{"taxonomy":"product_cat","embeddable":true,"href":"https:\/\/prolab.ro\/ro\/wp-json\/wp\/v2\/product_cat?post=2996"},{"taxonomy":"product_tag","embeddable":true,"href":"https:\/\/prolab.ro\/ro\/wp-json\/wp\/v2\/product_tag?post=2996"}],"curies":[{"name":"wp","href":"https:\/\/api.w.org\/{rel}","templated":true}]}}