{"id":2982,"date":"2026-03-06T12:31:47","date_gmt":"2026-03-06T09:31:47","guid":{"rendered":"https:\/\/prolab.ro\/?post_type=product&#038;p=2982"},"modified":"2026-03-06T12:31:47","modified_gmt":"2026-03-06T09:31:47","slug":"zumex-zitrux-compact","status":"publish","type":"product","link":"https:\/\/prolab.ro\/ro\/produs\/zumex-zitrux-compact\/","title":{"rendered":"ZUMEX ZITRUX COMPACT"},"content":{"rendered":"<ul>\n<li data-start=\"334\" data-end=\"431\">Capacitate de stoarcere: p\u00e2n\u0103 la 40 fructe\/minut.<\/li>\n<li data-start=\"434\" data-end=\"536\">Timp pentru un pahar (~250 ml): aproximativ 5 secunde.<\/li>\n<li data-start=\"539\" data-end=\"648\">Proiectat pentru utilizare intensiv\u0103 \u00een retail \u0219i supermarketuri.<\/li>\n<li data-start=\"539\" data-end=\"648\">Diametru fruct: 64\u201381 mm.<\/li>\n<li data-start=\"880\" data-end=\"972\">Capacitate alimentare fructe: p\u00e2n\u0103 la 30 kg.<\/li>\n<li data-start=\"975\" data-end=\"1065\">Capacitate container de de\u0219euri: 52 litri.<\/li>\n<li data-start=\"1199\" data-end=\"1274\">Tensiune: 208\u2013240 V \/ 50\u201360 Hz.<\/li>\n<li data-start=\"1277\" data-end=\"1363\">Putere stoarcere: aproximativ 260 W.<\/li>\n<li data-start=\"1366\" data-end=\"1455\">Putere sistem cur\u0103\u021bare: p\u00e2n\u0103 la 2300 W.<\/li>\n<li data-start=\"1491\" data-end=\"1614\">Sistem automat de cur\u0103\u021bare \u0219i dezinfectare (self-cleaning \/ self-sanitising).<\/li>\n<li data-start=\"1617\" data-end=\"1728\">Robinet volumetric contactless pentru servire rapid\u0103 \u0219i igienic\u0103.<\/li>\n<li data-start=\"1731\" data-end=\"1846\">Sistem de stoarcere Conical System\u00ae + tehnologie antibacterian\u0103 ASP\u00ae.<\/li>\n<li data-start=\"1849\" data-end=\"1967\">Monitorizare \u0219i control de la distan\u021b\u0103 prin Zumex Connect (Wi-Fi \/ GSM).<\/li>\n<li>Nivel de zgomot: sub 70 dB.<\/li>\n<li data-start=\"2322\" data-end=\"2428\">Dimensiuni: aproximativ 631 \u00d7 736 \u00d7 1772 mm (L \u00d7 A \u00d7 \u00ce).<\/li>\n<li data-start=\"2431\" data-end=\"2510\">Greutate: aproximativ 183 kg.<\/li>\n<li data-start=\"2513\" data-end=\"2598\">Spa\u021biu ocupat: aproximativ 0,46 m\u00b2.<\/li>\n<\/ul>\n<p class=\"responsive-video-wrap clr\"><iframe title=\"New Zitrux Compact | | \ud835\udde7\ud835\uddf5\ud835\uddf2 \ud835\udde5\ud835\uddf2\ud835\ude03\ud835\uddfc\ud835\uddf9\ud835\ude02\ud835\ude01\ud835\uddf6\ud835\uddfc\ud835\uddfb \ud835\udde2\ud835\uddfd\ud835\ude01\ud835\uddf6\ud835\uddfa\ud835\uddf6\ud835\ude07\ud835\uddf2\ud835\uddf1\" width=\"1200\" height=\"675\" src=\"https:\/\/www.youtube.com\/embed\/i6YESp00GYI?feature=oembed\" frameborder=\"0\" allow=\"accelerometer; autoplay; clipboard-write; encrypted-media; gyroscope; picture-in-picture; web-share\" referrerpolicy=\"strict-origin-when-cross-origin\" allowfullscreen><\/iframe><\/p>\n<p>&nbsp;<\/p>","protected":false},"excerpt":{"rendered":"<p><strong data-start=\"296\" data-end=\"314\">Zitrux Compact<\/strong> este un stoarc\u0103tor profesional de citrice de \u00eenalt\u0103 performan\u021b\u0103 \u2014 conceput pentru a oferi suc proasp\u0103t, igienizat \u0219i gata de servit, \u00eentr-un format compact pentru spa\u021bii comerciale cu trafic mare (de exemplu supermarketuri, magazine de proximitate sau zone self-service).<\/p>","protected":false},"featured_media":2983,"comment_status":"open","ping_status":"closed","template":"","meta":{"ocean_post_layout":"","ocean_both_sidebars_style":"","ocean_both_sidebars_content_width":0,"ocean_both_sidebars_sidebars_width":0,"ocean_sidebar":"0","ocean_second_sidebar":"0","ocean_disable_margins":"enable","ocean_add_body_class":"","ocean_shortcode_before_top_bar":"","ocean_shortcode_after_top_bar":"","ocean_shortcode_before_header":"","ocean_shortcode_after_header":"","ocean_has_shortcode":"","ocean_shortcode_after_title":"","ocean_shortcode_before_footer_widgets":"","ocean_shortcode_after_footer_widgets":"","ocean_shortcode_before_footer_bottom":"","ocean_shortcode_after_footer_bottom":"","ocean_display_top_bar":"default","ocean_display_header":"default","ocean_header_style":"","ocean_center_header_left_menu":"0","ocean_custom_header_template":"0","ocean_custom_logo":0,"ocean_custom_retina_logo":0,"ocean_custom_logo_max_width":0,"ocean_custom_logo_tablet_max_width":0,"ocean_custom_logo_mobile_max_width":0,"ocean_custom_logo_max_height":0,"ocean_custom_logo_tablet_max_height":0,"ocean_custom_logo_mobile_max_height":0,"ocean_header_custom_menu":"0","ocean_menu_typo_font_family":"0","ocean_menu_typo_font_subset":"","ocean_menu_typo_font_size":0,"ocean_menu_typo_font_size_tablet":0,"ocean_menu_typo_font_size_mobile":0,"ocean_menu_typo_font_size_unit":"px","ocean_menu_typo_font_weight":"","ocean_menu_typo_font_weight_tablet":"","ocean_menu_typo_font_weight_mobile":"","ocean_menu_typo_transform":"","ocean_menu_typo_transform_tablet":"","ocean_menu_typo_transform_mobile":"","ocean_menu_typo_line_height":0,"ocean_menu_typo_line_height_tablet":0,"ocean_menu_typo_line_height_mobile":0,"ocean_menu_typo_line_height_unit":"","ocean_menu_typo_spacing":0,"ocean_menu_typo_spacing_tablet":0,"ocean_menu_typo_spacing_mobile":0,"ocean_menu_typo_spacing_unit":"","ocean_menu_link_color":"","ocean_menu_link_color_hover":"","ocean_menu_link_color_active":"","ocean_menu_link_background":"","ocean_menu_link_hover_background":"","ocean_menu_link_active_background":"","ocean_menu_social_links_bg":"","ocean_menu_social_hover_links_bg":"","ocean_menu_social_links_color":"","ocean_menu_social_hover_links_color":"","ocean_disable_title":"default","ocean_disable_heading":"default","ocean_post_title":"","ocean_post_subheading":"","ocean_post_title_style":"","ocean_post_title_background_color":"","ocean_post_title_background":0,"ocean_post_title_bg_image_position":"","ocean_post_title_bg_image_attachment":"","ocean_post_title_bg_image_repeat":"","ocean_post_title_bg_image_size":"","ocean_post_title_height":0,"ocean_post_title_bg_overlay":0.5,"ocean_post_title_bg_overlay_color":"","ocean_disable_breadcrumbs":"default","ocean_breadcrumbs_color":"","ocean_breadcrumbs_separator_color":"","ocean_breadcrumbs_links_color":"","ocean_breadcrumbs_links_hover_color":"","ocean_display_footer_widgets":"default","ocean_display_footer_bottom":"default","ocean_custom_footer_template":"0"},"product_brand":[],"product_cat":[154],"product_tag":[],"class_list":{"0":"post-2982","1":"product","2":"type-product","3":"status-publish","4":"has-post-thumbnail","6":"product_cat-juicer","8":"entry","9":"has-media","11":"first","12":"instock","13":"taxable","14":"shipping-taxable","15":"product-type-simple","16":"has-product-nav","17":"col","18":"span_1_of_2","19":"owp-content-center","20":"owp-thumbs-layout-horizontal","21":"owp-btn-normal","22":"owp-tabs-layout-horizontal"},"yoast_head":"<!-- This site is optimized with the Yoast SEO plugin v27.5 - https:\/\/yoast.com\/product\/yoast-seo-wordpress\/ -->\n<title>ZUMEX ZITRUX COMPACT - PROLAB<\/title>\n<meta name=\"robots\" content=\"index, follow, max-snippet:-1, max-image-preview:large, max-video-preview:-1\" \/>\n<link rel=\"canonical\" href=\"https:\/\/prolab.ro\/ro\/produs\/zumex-zitrux-compact\/\" \/>\n<meta property=\"og:locale\" content=\"ro_RO\" \/>\n<meta property=\"og:type\" content=\"article\" \/>\n<meta property=\"og:title\" content=\"ZUMEX ZITRUX COMPACT - PROLAB\" \/>\n<meta property=\"og:description\" content=\"Zitrux Compact este un stoarc\u0103tor profesional de citrice de \u00eenalt\u0103 performan\u021b\u0103 \u2014 conceput pentru a oferi suc proasp\u0103t, igienizat \u0219i gata de servit, \u00eentr-un format compact pentru spa\u021bii comerciale cu trafic mare (de exemplu supermarketuri, magazine de proximitate sau zone self-service).\" \/>\n<meta property=\"og:url\" content=\"https:\/\/prolab.ro\/ro\/produs\/zumex-zitrux-compact\/\" \/>\n<meta property=\"og:site_name\" content=\"PROLAB\" \/>\n<meta property=\"article:publisher\" content=\"https:\/\/www.facebook.com\/profile.php?id=100063772800673\" \/>\n<meta property=\"og:image\" content=\"https:\/\/prolab.ro\/wp-content\/uploads\/2026\/03\/group-185-1.png\" \/>\n\t<meta property=\"og:image:width\" content=\"500\" \/>\n\t<meta property=\"og:image:height\" content=\"500\" \/>\n\t<meta property=\"og:image:type\" content=\"image\/png\" \/>\n<meta name=\"twitter:card\" content=\"summary_large_image\" \/>\n<meta name=\"twitter:label1\" content=\"Timp estimat pentru citire\" \/>\n\t<meta name=\"twitter:data1\" content=\"1 minut\" \/>\n<script type=\"application\/ld+json\" class=\"yoast-schema-graph\">{\"@context\":\"https:\\\/\\\/schema.org\",\"@graph\":[{\"@type\":\"WebPage\",\"@id\":\"https:\\\/\\\/prolab.ro\\\/product\\\/zumex-zitrux-compact\\\/\",\"url\":\"https:\\\/\\\/prolab.ro\\\/product\\\/zumex-zitrux-compact\\\/\",\"name\":\"ZUMEX ZITRUX COMPACT - PROLAB\",\"isPartOf\":{\"@id\":\"https:\\\/\\\/prolab.ro\\\/ro\\\/#website\"},\"primaryImageOfPage\":{\"@id\":\"https:\\\/\\\/prolab.ro\\\/product\\\/zumex-zitrux-compact\\\/#primaryimage\"},\"image\":{\"@id\":\"https:\\\/\\\/prolab.ro\\\/product\\\/zumex-zitrux-compact\\\/#primaryimage\"},\"thumbnailUrl\":\"https:\\\/\\\/prolab.ro\\\/wp-content\\\/uploads\\\/2026\\\/03\\\/group-185-1.png\",\"datePublished\":\"2026-03-06T09:31:47+00:00\",\"breadcrumb\":{\"@id\":\"https:\\\/\\\/prolab.ro\\\/product\\\/zumex-zitrux-compact\\\/#breadcrumb\"},\"inLanguage\":\"ro-RO\",\"potentialAction\":[{\"@type\":\"ReadAction\",\"target\":[\"https:\\\/\\\/prolab.ro\\\/product\\\/zumex-zitrux-compact\\\/\"]}]},{\"@type\":\"ImageObject\",\"inLanguage\":\"ro-RO\",\"@id\":\"https:\\\/\\\/prolab.ro\\\/product\\\/zumex-zitrux-compact\\\/#primaryimage\",\"url\":\"https:\\\/\\\/prolab.ro\\\/wp-content\\\/uploads\\\/2026\\\/03\\\/group-185-1.png\",\"contentUrl\":\"https:\\\/\\\/prolab.ro\\\/wp-content\\\/uploads\\\/2026\\\/03\\\/group-185-1.png\",\"width\":500,\"height\":500},{\"@type\":\"BreadcrumbList\",\"@id\":\"https:\\\/\\\/prolab.ro\\\/product\\\/zumex-zitrux-compact\\\/#breadcrumb\",\"itemListElement\":[{\"@type\":\"ListItem\",\"position\":1,\"name\":\"Home\",\"item\":\"https:\\\/\\\/prolab.ro\\\/\"},{\"@type\":\"ListItem\",\"position\":2,\"name\":\"Shop\",\"item\":\"https:\\\/\\\/prolab.ro\\\/shop\\\/\"},{\"@type\":\"ListItem\",\"position\":3,\"name\":\"ZUMEX ZITRUX COMPACT\"}]},{\"@type\":\"WebSite\",\"@id\":\"https:\\\/\\\/prolab.ro\\\/ro\\\/#website\",\"url\":\"https:\\\/\\\/prolab.ro\\\/ro\\\/\",\"name\":\"www.prolab.ro\",\"description\":\"Echipamente profesionale HORECA\",\"publisher\":{\"@id\":\"https:\\\/\\\/prolab.ro\\\/ro\\\/#organization\"},\"potentialAction\":[{\"@type\":\"SearchAction\",\"target\":{\"@type\":\"EntryPoint\",\"urlTemplate\":\"https:\\\/\\\/prolab.ro\\\/ro\\\/?s={search_term_string}\"},\"query-input\":{\"@type\":\"PropertyValueSpecification\",\"valueRequired\":true,\"valueName\":\"search_term_string\"}}],\"inLanguage\":\"ro-RO\"},{\"@type\":\"Organization\",\"@id\":\"https:\\\/\\\/prolab.ro\\\/ro\\\/#organization\",\"name\":\"HORECA PROLAB SRL\",\"url\":\"https:\\\/\\\/prolab.ro\\\/ro\\\/\",\"logo\":{\"@type\":\"ImageObject\",\"inLanguage\":\"ro-RO\",\"@id\":\"https:\\\/\\\/prolab.ro\\\/ro\\\/#\\\/schema\\\/logo\\\/image\\\/\",\"url\":\"https:\\\/\\\/prolab.ro\\\/wp-content\\\/uploads\\\/2020\\\/10\\\/cropped-2019-06-21-logos-03-B-red.png\",\"contentUrl\":\"https:\\\/\\\/prolab.ro\\\/wp-content\\\/uploads\\\/2020\\\/10\\\/cropped-2019-06-21-logos-03-B-red.png\",\"width\":1963,\"height\":546,\"caption\":\"HORECA PROLAB SRL\"},\"image\":{\"@id\":\"https:\\\/\\\/prolab.ro\\\/ro\\\/#\\\/schema\\\/logo\\\/image\\\/\"},\"sameAs\":[\"https:\\\/\\\/www.facebook.com\\\/profile.php?id=100063772800673\"]}]}<\/script>\n<!-- \/ Yoast SEO plugin. -->","yoast_head_json":{"title":"ZUMEX ZITRUX COMPACT - PROLAB","robots":{"index":"index","follow":"follow","max-snippet":"max-snippet:-1","max-image-preview":"max-image-preview:large","max-video-preview":"max-video-preview:-1"},"canonical":"https:\/\/prolab.ro\/ro\/produs\/zumex-zitrux-compact\/","og_locale":"ro_RO","og_type":"article","og_title":"ZUMEX ZITRUX COMPACT - PROLAB","og_description":"Zitrux Compact este un stoarc\u0103tor profesional de citrice de \u00eenalt\u0103 performan\u021b\u0103 \u2014 conceput pentru a oferi suc proasp\u0103t, igienizat \u0219i gata de servit, \u00eentr-un format compact pentru spa\u021bii comerciale cu trafic mare (de exemplu supermarketuri, magazine de proximitate sau zone self-service).","og_url":"https:\/\/prolab.ro\/ro\/produs\/zumex-zitrux-compact\/","og_site_name":"PROLAB","article_publisher":"https:\/\/www.facebook.com\/profile.php?id=100063772800673","og_image":[{"width":500,"height":500,"url":"https:\/\/prolab.ro\/wp-content\/uploads\/2026\/03\/group-185-1.png","type":"image\/png"}],"twitter_card":"summary_large_image","twitter_misc":{"Timp estimat pentru citire":"1 minut"},"schema":{"@context":"https:\/\/schema.org","@graph":[{"@type":"WebPage","@id":"https:\/\/prolab.ro\/product\/zumex-zitrux-compact\/","url":"https:\/\/prolab.ro\/product\/zumex-zitrux-compact\/","name":"ZUMEX ZITRUX COMPACT - PROLAB","isPartOf":{"@id":"https:\/\/prolab.ro\/ro\/#website"},"primaryImageOfPage":{"@id":"https:\/\/prolab.ro\/product\/zumex-zitrux-compact\/#primaryimage"},"image":{"@id":"https:\/\/prolab.ro\/product\/zumex-zitrux-compact\/#primaryimage"},"thumbnailUrl":"https:\/\/prolab.ro\/wp-content\/uploads\/2026\/03\/group-185-1.png","datePublished":"2026-03-06T09:31:47+00:00","breadcrumb":{"@id":"https:\/\/prolab.ro\/product\/zumex-zitrux-compact\/#breadcrumb"},"inLanguage":"ro-RO","potentialAction":[{"@type":"ReadAction","target":["https:\/\/prolab.ro\/product\/zumex-zitrux-compact\/"]}]},{"@type":"ImageObject","inLanguage":"ro-RO","@id":"https:\/\/prolab.ro\/product\/zumex-zitrux-compact\/#primaryimage","url":"https:\/\/prolab.ro\/wp-content\/uploads\/2026\/03\/group-185-1.png","contentUrl":"https:\/\/prolab.ro\/wp-content\/uploads\/2026\/03\/group-185-1.png","width":500,"height":500},{"@type":"BreadcrumbList","@id":"https:\/\/prolab.ro\/product\/zumex-zitrux-compact\/#breadcrumb","itemListElement":[{"@type":"ListItem","position":1,"name":"Home","item":"https:\/\/prolab.ro\/"},{"@type":"ListItem","position":2,"name":"Shop","item":"https:\/\/prolab.ro\/shop\/"},{"@type":"ListItem","position":3,"name":"ZUMEX ZITRUX COMPACT"}]},{"@type":"WebSite","@id":"https:\/\/prolab.ro\/ro\/#website","url":"https:\/\/prolab.ro\/ro\/","name":"www.prolab.ro","description":"Echipamente profesionale HORECA","publisher":{"@id":"https:\/\/prolab.ro\/ro\/#organization"},"potentialAction":[{"@type":"SearchAction","target":{"@type":"EntryPoint","urlTemplate":"https:\/\/prolab.ro\/ro\/?s={search_term_string}"},"query-input":{"@type":"PropertyValueSpecification","valueRequired":true,"valueName":"search_term_string"}}],"inLanguage":"ro-RO"},{"@type":"Organization","@id":"https:\/\/prolab.ro\/ro\/#organization","name":"HORECA PROLAB SRL","url":"https:\/\/prolab.ro\/ro\/","logo":{"@type":"ImageObject","inLanguage":"ro-RO","@id":"https:\/\/prolab.ro\/ro\/#\/schema\/logo\/image\/","url":"https:\/\/prolab.ro\/wp-content\/uploads\/2020\/10\/cropped-2019-06-21-logos-03-B-red.png","contentUrl":"https:\/\/prolab.ro\/wp-content\/uploads\/2020\/10\/cropped-2019-06-21-logos-03-B-red.png","width":1963,"height":546,"caption":"HORECA PROLAB SRL"},"image":{"@id":"https:\/\/prolab.ro\/ro\/#\/schema\/logo\/image\/"},"sameAs":["https:\/\/www.facebook.com\/profile.php?id=100063772800673"]}]}},"_links":{"self":[{"href":"https:\/\/prolab.ro\/ro\/wp-json\/wp\/v2\/product\/2982","targetHints":{"allow":["GET"]}}],"collection":[{"href":"https:\/\/prolab.ro\/ro\/wp-json\/wp\/v2\/product"}],"about":[{"href":"https:\/\/prolab.ro\/ro\/wp-json\/wp\/v2\/types\/product"}],"replies":[{"embeddable":true,"href":"https:\/\/prolab.ro\/ro\/wp-json\/wp\/v2\/comments?post=2982"}],"wp:featuredmedia":[{"embeddable":true,"href":"https:\/\/prolab.ro\/ro\/wp-json\/wp\/v2\/media\/2983"}],"wp:attachment":[{"href":"https:\/\/prolab.ro\/ro\/wp-json\/wp\/v2\/media?parent=2982"}],"wp:term":[{"taxonomy":"product_brand","embeddable":true,"href":"https:\/\/prolab.ro\/ro\/wp-json\/wp\/v2\/product_brand?post=2982"},{"taxonomy":"product_cat","embeddable":true,"href":"https:\/\/prolab.ro\/ro\/wp-json\/wp\/v2\/product_cat?post=2982"},{"taxonomy":"product_tag","embeddable":true,"href":"https:\/\/prolab.ro\/ro\/wp-json\/wp\/v2\/product_tag?post=2982"}],"curies":[{"name":"wp","href":"https:\/\/api.w.org\/{rel}","templated":true}]}}