{"id":2800,"date":"2025-08-31T15:37:25","date_gmt":"2025-08-31T12:37:25","guid":{"rendered":"https:\/\/prolab.ro\/?post_type=product&#038;p=2800"},"modified":"2025-08-31T15:38:36","modified_gmt":"2025-08-31T12:38:36","slug":"cana-to-go-portelan-seltmann-420-ml-cu-banda-protectie","status":"publish","type":"product","link":"https:\/\/prolab.ro\/ro\/produs\/cana-to-go-portelan-seltmann-420-ml-cu-banda-protectie\/","title":{"rendered":"Can\u0103 To Go por\u021belan Seltmann 420 ml cu band\u0103 protec\u021bie"},"content":{"rendered":"<p>Ready To Go \u2013 alter ego-ul lui \u201eMug To Go\u201c al lui SELTMANN WEIDEN.<\/p>\n<p>Av\u00e2nd un design robust, aceast\u0103 cea\u0219c\u0103 popular\u0103 de b\u0103ut este acum echipat\u0103 cu un capac de b\u0103ut solid \u0219i o band\u0103 eficient\u0103 de protec\u021bie \u00eempotriva c\u0103ldurii. Perfect pentru via\u021ba de zi cu zi!<\/p>\n<p>Arat\u0103 c\u0103 \u00ee\u021bi pas\u0103 de mediul \u00eenconjur\u0103tor prin aceste ce\u0219ti To Go- fundul finisat cu diamante ca s\u0103 \u00ee\u021bi protejezi hainele favorite!<\/p>\n<p>Volum: 420 ml<\/p>\n<p>Materiale: 100% portelan Germania, banda siliconizata, capac plastic BPA free<\/p>","protected":false},"excerpt":{"rendered":"<p>Mug To Go Portzelan Germania<\/p>","protected":false},"featured_media":2893,"comment_status":"closed","ping_status":"closed","template":"","meta":{"ocean_post_layout":"","ocean_both_sidebars_style":"","ocean_both_sidebars_content_width":0,"ocean_both_sidebars_sidebars_width":0,"ocean_sidebar":"","ocean_second_sidebar":"","ocean_disable_margins":"enable","ocean_add_body_class":"","ocean_shortcode_before_top_bar":"","ocean_shortcode_after_top_bar":"","ocean_shortcode_before_header":"","ocean_shortcode_after_header":"","ocean_has_shortcode":"","ocean_shortcode_after_title":"","ocean_shortcode_before_footer_widgets":"","ocean_shortcode_after_footer_widgets":"","ocean_shortcode_before_footer_bottom":"","ocean_shortcode_after_footer_bottom":"","ocean_display_top_bar":"default","ocean_display_header":"default","ocean_header_style":"","ocean_center_header_left_menu":"","ocean_custom_header_template":"","ocean_custom_logo":0,"ocean_custom_retina_logo":0,"ocean_custom_logo_max_width":0,"ocean_custom_logo_tablet_max_width":0,"ocean_custom_logo_mobile_max_width":0,"ocean_custom_logo_max_height":0,"ocean_custom_logo_tablet_max_height":0,"ocean_custom_logo_mobile_max_height":0,"ocean_header_custom_menu":"","ocean_menu_typo_font_family":"","ocean_menu_typo_font_subset":"","ocean_menu_typo_font_size":0,"ocean_menu_typo_font_size_tablet":0,"ocean_menu_typo_font_size_mobile":0,"ocean_menu_typo_font_size_unit":"px","ocean_menu_typo_font_weight":"","ocean_menu_typo_font_weight_tablet":"","ocean_menu_typo_font_weight_mobile":"","ocean_menu_typo_transform":"","ocean_menu_typo_transform_tablet":"","ocean_menu_typo_transform_mobile":"","ocean_menu_typo_line_height":0,"ocean_menu_typo_line_height_tablet":0,"ocean_menu_typo_line_height_mobile":0,"ocean_menu_typo_line_height_unit":"","ocean_menu_typo_spacing":0,"ocean_menu_typo_spacing_tablet":0,"ocean_menu_typo_spacing_mobile":0,"ocean_menu_typo_spacing_unit":"","ocean_menu_link_color":"","ocean_menu_link_color_hover":"","ocean_menu_link_color_active":"","ocean_menu_link_background":"","ocean_menu_link_hover_background":"","ocean_menu_link_active_background":"","ocean_menu_social_links_bg":"","ocean_menu_social_hover_links_bg":"","ocean_menu_social_links_color":"","ocean_menu_social_hover_links_color":"","ocean_disable_title":"default","ocean_disable_heading":"default","ocean_post_title":"","ocean_post_subheading":"","ocean_post_title_style":"","ocean_post_title_background_color":"","ocean_post_title_background":0,"ocean_post_title_bg_image_position":"","ocean_post_title_bg_image_attachment":"","ocean_post_title_bg_image_repeat":"","ocean_post_title_bg_image_size":"","ocean_post_title_height":0,"ocean_post_title_bg_overlay":0.5,"ocean_post_title_bg_overlay_color":"","ocean_disable_breadcrumbs":"default","ocean_breadcrumbs_color":"","ocean_breadcrumbs_separator_color":"","ocean_breadcrumbs_links_color":"","ocean_breadcrumbs_links_hover_color":"","ocean_display_footer_widgets":"default","ocean_display_footer_bottom":"default","ocean_custom_footer_template":""},"product_brand":[],"product_cat":[656],"product_tag":[667,668,669,670,671,672],"class_list":{"0":"post-2800","1":"product","2":"type-product","3":"status-publish","4":"has-post-thumbnail","6":"product_cat-echipamente-si-accesorii-bar","7":"product_tag-banda-protectie","8":"product_tag-capac-solid","9":"product_tag-eco-friendly","10":"product_tag-portelan","11":"product_tag-rezistent","12":"product_tag-seltmann","14":"entry","15":"has-media","17":"first","18":"onbackorder","19":"taxable","20":"shipping-taxable","21":"purchasable","22":"product-type-simple","23":"has-product-nav","24":"col","25":"span_1_of_2","26":"owp-content-center","27":"owp-thumbs-layout-horizontal","28":"owp-btn-normal","29":"owp-tabs-layout-horizontal"},"yoast_head":"<!-- This site is optimized with the Yoast SEO plugin v27.4 - https:\/\/yoast.com\/product\/yoast-seo-wordpress\/ -->\n<title>Can\u0103 To Go por\u021belan Seltmann 420 ml cu band\u0103 protec\u021bie - PROLAB<\/title>\n<meta name=\"description\" content=\"Fii recunosc\u0103tor pentru frumuse\u021bea mediului \u00eenconjur\u0103tor \u0219i savureaz\u0103 b\u0103uturile preferate din aceast\u0103 can\u0103 din por\u021belan cu protec\u021bie siliconizat\u0103, BPA free\" \/>\n<meta name=\"robots\" content=\"index, follow, max-snippet:-1, max-image-preview:large, max-video-preview:-1\" \/>\n<link rel=\"canonical\" href=\"https:\/\/prolab.ro\/ro\/produs\/cana-to-go-portelan-seltmann-420-ml-cu-banda-protectie\/\" \/>\n<meta property=\"og:locale\" content=\"ro_RO\" \/>\n<meta property=\"og:type\" content=\"article\" \/>\n<meta property=\"og:title\" content=\"Can\u0103 To Go por\u021belan Seltmann 420 ml cu band\u0103 protec\u021bie - PROLAB\" \/>\n<meta property=\"og:description\" content=\"Fii recunosc\u0103tor pentru frumuse\u021bea mediului \u00eenconjur\u0103tor \u0219i savureaz\u0103 b\u0103uturile preferate din aceast\u0103 can\u0103 din por\u021belan cu protec\u021bie siliconizat\u0103, BPA free\" \/>\n<meta property=\"og:url\" content=\"https:\/\/prolab.ro\/ro\/produs\/cana-to-go-portelan-seltmann-420-ml-cu-banda-protectie\/\" \/>\n<meta property=\"og:site_name\" content=\"PROLAB\" \/>\n<meta property=\"article:publisher\" content=\"https:\/\/www.facebook.com\/profile.php?id=100063772800673\" \/>\n<meta property=\"article:modified_time\" content=\"2025-08-31T12:38:36+00:00\" \/>\n<meta property=\"og:image\" content=\"https:\/\/prolab.ro\/wp-content\/uploads\/2025\/08\/1__5103__01_02.t66b66f4d.m800.psd.pv_.xB1fbq_8RrPsOGbu9.jpg\" \/>\n\t<meta property=\"og:image:width\" content=\"800\" \/>\n\t<meta property=\"og:image:height\" content=\"785\" \/>\n\t<meta property=\"og:image:type\" content=\"image\/jpeg\" \/>\n<meta name=\"twitter:card\" content=\"summary_large_image\" \/>\n<meta name=\"twitter:label1\" content=\"Timp estimat pentru citire\" \/>\n\t<meta name=\"twitter:data1\" content=\"1 minut\" \/>\n<script type=\"application\/ld+json\" class=\"yoast-schema-graph\">{\"@context\":\"https:\\\/\\\/schema.org\",\"@graph\":[{\"@type\":\"WebPage\",\"@id\":\"https:\\\/\\\/prolab.ro\\\/product\\\/cana-to-go-portelan-seltmann-420-ml-cu-banda-protectie\\\/\",\"url\":\"https:\\\/\\\/prolab.ro\\\/product\\\/cana-to-go-portelan-seltmann-420-ml-cu-banda-protectie\\\/\",\"name\":\"Can\u0103 To Go por\u021belan Seltmann 420 ml cu band\u0103 protec\u021bie - PROLAB\",\"isPartOf\":{\"@id\":\"https:\\\/\\\/prolab.ro\\\/ro\\\/#website\"},\"primaryImageOfPage\":{\"@id\":\"https:\\\/\\\/prolab.ro\\\/product\\\/cana-to-go-portelan-seltmann-420-ml-cu-banda-protectie\\\/#primaryimage\"},\"image\":{\"@id\":\"https:\\\/\\\/prolab.ro\\\/product\\\/cana-to-go-portelan-seltmann-420-ml-cu-banda-protectie\\\/#primaryimage\"},\"thumbnailUrl\":\"https:\\\/\\\/prolab.ro\\\/wp-content\\\/uploads\\\/2025\\\/08\\\/1__5103__01_02.t66b66f4d.m800.psd.pv_.xB1fbq_8RrPsOGbu9.jpg\",\"datePublished\":\"2025-08-31T12:37:25+00:00\",\"dateModified\":\"2025-08-31T12:38:36+00:00\",\"description\":\"Fii recunosc\u0103tor pentru frumuse\u021bea mediului \u00eenconjur\u0103tor \u0219i savureaz\u0103 b\u0103uturile preferate din aceast\u0103 can\u0103 din por\u021belan cu protec\u021bie siliconizat\u0103, BPA free\",\"breadcrumb\":{\"@id\":\"https:\\\/\\\/prolab.ro\\\/product\\\/cana-to-go-portelan-seltmann-420-ml-cu-banda-protectie\\\/#breadcrumb\"},\"inLanguage\":\"ro-RO\",\"potentialAction\":[{\"@type\":\"ReadAction\",\"target\":[\"https:\\\/\\\/prolab.ro\\\/product\\\/cana-to-go-portelan-seltmann-420-ml-cu-banda-protectie\\\/\"]}]},{\"@type\":\"ImageObject\",\"inLanguage\":\"ro-RO\",\"@id\":\"https:\\\/\\\/prolab.ro\\\/product\\\/cana-to-go-portelan-seltmann-420-ml-cu-banda-protectie\\\/#primaryimage\",\"url\":\"https:\\\/\\\/prolab.ro\\\/wp-content\\\/uploads\\\/2025\\\/08\\\/1__5103__01_02.t66b66f4d.m800.psd.pv_.xB1fbq_8RrPsOGbu9.jpg\",\"contentUrl\":\"https:\\\/\\\/prolab.ro\\\/wp-content\\\/uploads\\\/2025\\\/08\\\/1__5103__01_02.t66b66f4d.m800.psd.pv_.xB1fbq_8RrPsOGbu9.jpg\",\"width\":800,\"height\":785},{\"@type\":\"BreadcrumbList\",\"@id\":\"https:\\\/\\\/prolab.ro\\\/product\\\/cana-to-go-portelan-seltmann-420-ml-cu-banda-protectie\\\/#breadcrumb\",\"itemListElement\":[{\"@type\":\"ListItem\",\"position\":1,\"name\":\"Home\",\"item\":\"https:\\\/\\\/prolab.ro\\\/\"},{\"@type\":\"ListItem\",\"position\":2,\"name\":\"Shop\",\"item\":\"https:\\\/\\\/prolab.ro\\\/shop\\\/\"},{\"@type\":\"ListItem\",\"position\":3,\"name\":\"Can\u0103 To Go por\u021belan Seltmann 420 ml cu band\u0103 protec\u021bie\"}]},{\"@type\":\"WebSite\",\"@id\":\"https:\\\/\\\/prolab.ro\\\/ro\\\/#website\",\"url\":\"https:\\\/\\\/prolab.ro\\\/ro\\\/\",\"name\":\"www.prolab.ro\",\"description\":\"Echipamente profesionale HORECA\",\"publisher\":{\"@id\":\"https:\\\/\\\/prolab.ro\\\/ro\\\/#organization\"},\"potentialAction\":[{\"@type\":\"SearchAction\",\"target\":{\"@type\":\"EntryPoint\",\"urlTemplate\":\"https:\\\/\\\/prolab.ro\\\/ro\\\/?s={search_term_string}\"},\"query-input\":{\"@type\":\"PropertyValueSpecification\",\"valueRequired\":true,\"valueName\":\"search_term_string\"}}],\"inLanguage\":\"ro-RO\"},{\"@type\":\"Organization\",\"@id\":\"https:\\\/\\\/prolab.ro\\\/ro\\\/#organization\",\"name\":\"HORECA PROLAB SRL\",\"url\":\"https:\\\/\\\/prolab.ro\\\/ro\\\/\",\"logo\":{\"@type\":\"ImageObject\",\"inLanguage\":\"ro-RO\",\"@id\":\"https:\\\/\\\/prolab.ro\\\/ro\\\/#\\\/schema\\\/logo\\\/image\\\/\",\"url\":\"https:\\\/\\\/prolab.ro\\\/wp-content\\\/uploads\\\/2020\\\/10\\\/cropped-2019-06-21-logos-03-B-red.png\",\"contentUrl\":\"https:\\\/\\\/prolab.ro\\\/wp-content\\\/uploads\\\/2020\\\/10\\\/cropped-2019-06-21-logos-03-B-red.png\",\"width\":1963,\"height\":546,\"caption\":\"HORECA PROLAB SRL\"},\"image\":{\"@id\":\"https:\\\/\\\/prolab.ro\\\/ro\\\/#\\\/schema\\\/logo\\\/image\\\/\"},\"sameAs\":[\"https:\\\/\\\/www.facebook.com\\\/profile.php?id=100063772800673\"]}]}<\/script>\n<!-- \/ Yoast SEO plugin. -->","yoast_head_json":{"title":"Can\u0103 To Go por\u021belan Seltmann 420 ml cu band\u0103 protec\u021bie - PROLAB","description":"Fii recunosc\u0103tor pentru frumuse\u021bea mediului \u00eenconjur\u0103tor \u0219i savureaz\u0103 b\u0103uturile preferate din aceast\u0103 can\u0103 din por\u021belan cu protec\u021bie siliconizat\u0103, BPA free","robots":{"index":"index","follow":"follow","max-snippet":"max-snippet:-1","max-image-preview":"max-image-preview:large","max-video-preview":"max-video-preview:-1"},"canonical":"https:\/\/prolab.ro\/ro\/produs\/cana-to-go-portelan-seltmann-420-ml-cu-banda-protectie\/","og_locale":"ro_RO","og_type":"article","og_title":"Can\u0103 To Go por\u021belan Seltmann 420 ml cu band\u0103 protec\u021bie - PROLAB","og_description":"Fii recunosc\u0103tor pentru frumuse\u021bea mediului \u00eenconjur\u0103tor \u0219i savureaz\u0103 b\u0103uturile preferate din aceast\u0103 can\u0103 din por\u021belan cu protec\u021bie siliconizat\u0103, BPA free","og_url":"https:\/\/prolab.ro\/ro\/produs\/cana-to-go-portelan-seltmann-420-ml-cu-banda-protectie\/","og_site_name":"PROLAB","article_publisher":"https:\/\/www.facebook.com\/profile.php?id=100063772800673","article_modified_time":"2025-08-31T12:38:36+00:00","og_image":[{"width":800,"height":785,"url":"https:\/\/prolab.ro\/wp-content\/uploads\/2025\/08\/1__5103__01_02.t66b66f4d.m800.psd.pv_.xB1fbq_8RrPsOGbu9.jpg","type":"image\/jpeg"}],"twitter_card":"summary_large_image","twitter_misc":{"Timp estimat pentru citire":"1 minut"},"schema":{"@context":"https:\/\/schema.org","@graph":[{"@type":"WebPage","@id":"https:\/\/prolab.ro\/product\/cana-to-go-portelan-seltmann-420-ml-cu-banda-protectie\/","url":"https:\/\/prolab.ro\/product\/cana-to-go-portelan-seltmann-420-ml-cu-banda-protectie\/","name":"Can\u0103 To Go por\u021belan Seltmann 420 ml cu band\u0103 protec\u021bie - PROLAB","isPartOf":{"@id":"https:\/\/prolab.ro\/ro\/#website"},"primaryImageOfPage":{"@id":"https:\/\/prolab.ro\/product\/cana-to-go-portelan-seltmann-420-ml-cu-banda-protectie\/#primaryimage"},"image":{"@id":"https:\/\/prolab.ro\/product\/cana-to-go-portelan-seltmann-420-ml-cu-banda-protectie\/#primaryimage"},"thumbnailUrl":"https:\/\/prolab.ro\/wp-content\/uploads\/2025\/08\/1__5103__01_02.t66b66f4d.m800.psd.pv_.xB1fbq_8RrPsOGbu9.jpg","datePublished":"2025-08-31T12:37:25+00:00","dateModified":"2025-08-31T12:38:36+00:00","description":"Fii recunosc\u0103tor pentru frumuse\u021bea mediului \u00eenconjur\u0103tor \u0219i savureaz\u0103 b\u0103uturile preferate din aceast\u0103 can\u0103 din por\u021belan cu protec\u021bie siliconizat\u0103, BPA free","breadcrumb":{"@id":"https:\/\/prolab.ro\/product\/cana-to-go-portelan-seltmann-420-ml-cu-banda-protectie\/#breadcrumb"},"inLanguage":"ro-RO","potentialAction":[{"@type":"ReadAction","target":["https:\/\/prolab.ro\/product\/cana-to-go-portelan-seltmann-420-ml-cu-banda-protectie\/"]}]},{"@type":"ImageObject","inLanguage":"ro-RO","@id":"https:\/\/prolab.ro\/product\/cana-to-go-portelan-seltmann-420-ml-cu-banda-protectie\/#primaryimage","url":"https:\/\/prolab.ro\/wp-content\/uploads\/2025\/08\/1__5103__01_02.t66b66f4d.m800.psd.pv_.xB1fbq_8RrPsOGbu9.jpg","contentUrl":"https:\/\/prolab.ro\/wp-content\/uploads\/2025\/08\/1__5103__01_02.t66b66f4d.m800.psd.pv_.xB1fbq_8RrPsOGbu9.jpg","width":800,"height":785},{"@type":"BreadcrumbList","@id":"https:\/\/prolab.ro\/product\/cana-to-go-portelan-seltmann-420-ml-cu-banda-protectie\/#breadcrumb","itemListElement":[{"@type":"ListItem","position":1,"name":"Home","item":"https:\/\/prolab.ro\/"},{"@type":"ListItem","position":2,"name":"Shop","item":"https:\/\/prolab.ro\/shop\/"},{"@type":"ListItem","position":3,"name":"Can\u0103 To Go por\u021belan Seltmann 420 ml cu band\u0103 protec\u021bie"}]},{"@type":"WebSite","@id":"https:\/\/prolab.ro\/ro\/#website","url":"https:\/\/prolab.ro\/ro\/","name":"www.prolab.ro","description":"Echipamente profesionale HORECA","publisher":{"@id":"https:\/\/prolab.ro\/ro\/#organization"},"potentialAction":[{"@type":"SearchAction","target":{"@type":"EntryPoint","urlTemplate":"https:\/\/prolab.ro\/ro\/?s={search_term_string}"},"query-input":{"@type":"PropertyValueSpecification","valueRequired":true,"valueName":"search_term_string"}}],"inLanguage":"ro-RO"},{"@type":"Organization","@id":"https:\/\/prolab.ro\/ro\/#organization","name":"HORECA PROLAB SRL","url":"https:\/\/prolab.ro\/ro\/","logo":{"@type":"ImageObject","inLanguage":"ro-RO","@id":"https:\/\/prolab.ro\/ro\/#\/schema\/logo\/image\/","url":"https:\/\/prolab.ro\/wp-content\/uploads\/2020\/10\/cropped-2019-06-21-logos-03-B-red.png","contentUrl":"https:\/\/prolab.ro\/wp-content\/uploads\/2020\/10\/cropped-2019-06-21-logos-03-B-red.png","width":1963,"height":546,"caption":"HORECA PROLAB SRL"},"image":{"@id":"https:\/\/prolab.ro\/ro\/#\/schema\/logo\/image\/"},"sameAs":["https:\/\/www.facebook.com\/profile.php?id=100063772800673"]}]}},"_links":{"self":[{"href":"https:\/\/prolab.ro\/ro\/wp-json\/wp\/v2\/product\/2800","targetHints":{"allow":["GET"]}}],"collection":[{"href":"https:\/\/prolab.ro\/ro\/wp-json\/wp\/v2\/product"}],"about":[{"href":"https:\/\/prolab.ro\/ro\/wp-json\/wp\/v2\/types\/product"}],"replies":[{"embeddable":true,"href":"https:\/\/prolab.ro\/ro\/wp-json\/wp\/v2\/comments?post=2800"}],"wp:featuredmedia":[{"embeddable":true,"href":"https:\/\/prolab.ro\/ro\/wp-json\/wp\/v2\/media\/2893"}],"wp:attachment":[{"href":"https:\/\/prolab.ro\/ro\/wp-json\/wp\/v2\/media?parent=2800"}],"wp:term":[{"taxonomy":"product_brand","embeddable":true,"href":"https:\/\/prolab.ro\/ro\/wp-json\/wp\/v2\/product_brand?post=2800"},{"taxonomy":"product_cat","embeddable":true,"href":"https:\/\/prolab.ro\/ro\/wp-json\/wp\/v2\/product_cat?post=2800"},{"taxonomy":"product_tag","embeddable":true,"href":"https:\/\/prolab.ro\/ro\/wp-json\/wp\/v2\/product_tag?post=2800"}],"curies":[{"name":"wp","href":"https:\/\/api.w.org\/{rel}","templated":true}]}}