{"id":2679,"date":"2025-08-31T15:35:45","date_gmt":"2025-08-31T12:35:45","guid":{"rendered":"https:\/\/prolab.ro\/?post_type=product&#038;p=2679"},"modified":"2025-08-31T15:37:13","modified_gmt":"2025-08-31T12:37:13","slug":"tacamuri-salvinelli-model-flow-icepvd-18-10-inox-25-mm","status":"publish","type":"product","link":"https:\/\/prolab.ro\/ro\/produs\/tacamuri-salvinelli-model-flow-icepvd-18-10-inox-25-mm\/","title":{"rendered":"Tac\u00e2muri Salvinelli, Model Flow Ice+Pvd, 18-10 inox, 2,5 mm"},"content":{"rendered":"<p>Tac\u00e2murile Salvinelli, cu sediu \u0219i produc\u021bie Italia, sunt mult apreciate la nivel interna\u021bional. De mai bine de 60 de ani, Salvinelli dedic\u0103 energie creativ\u0103 \u0219i productiv\u0103 cre\u0103rii de tac\u00e2muri de mare valoare, acord\u00e2nd o aten\u021bie constant\u0103 cercet\u0103rii designului \u0219i stilului.<\/p>\n<p>Acest model este executat din inox de cea mai buna calitate, rezista la ma\u0219in\u0103 de sp\u0103lat ani la r\u00e2nd.<\/p>\n<p><em><strong>Modelul Flow Ice+Pvd<\/strong><\/em><\/p>\n<p>Acest model poate fi finisat \u0219i cu tehnica ICE+Pvd pe urm\u0103toarele culori:<\/p>\n<p><img fetchpriority=\"high\" decoding=\"async\" class=\"alignnone size-medium wp-image-903\" src=\"https:\/\/veganbarista.com\/wp-content\/uploads\/2024\/07\/Fast-IcePvd-Salvinelli-mod2-300x211.png\" sizes=\"(max-width: 300px) 100vw, 300px\" srcset=\"https:\/\/veganbarista.com\/wp-content\/uploads\/2024\/07\/Fast-IcePvd-Salvinelli-mod2-300x211.png 300w, https:\/\/veganbarista.com\/wp-content\/uploads\/2024\/07\/Fast-IcePvd-Salvinelli-mod2-600x421.png 600w, https:\/\/veganbarista.com\/wp-content\/uploads\/2024\/07\/Fast-IcePvd-Salvinelli-mod2.png 644w\" alt=\"\" width=\"300\" height=\"211\" \/><\/p>\n<p><strong>Tehnica ICE<\/strong>: Prin microsfere ceramice, suprafa\u021ba o\u021belului este \u00eendep\u0103rtat\u0103, cre\u00e2nd un finisaj omogen \u0219i decorativ. Acest tratament de microfinisare are avantajul de a permite sp\u0103larea cu detergen\u021bi fara nici o contraindicatie, intr-adevar cur\u0103\u021barea este superioara fata de suprafe\u021bele satinate sau lucioase. Amprentele nu r\u0103m\u00e2n pe suprafa\u021b\u0103.<\/p>\n<p><img decoding=\"async\" class=\"alignnone size-medium wp-image-886\" src=\"https:\/\/veganbarista.com\/wp-content\/uploads\/2024\/07\/Screenshot-2024-07-03-at-11.31.38-300x123.png\" sizes=\"(max-width: 300px) 100vw, 300px\" srcset=\"https:\/\/veganbarista.com\/wp-content\/uploads\/2024\/07\/Screenshot-2024-07-03-at-11.31.38-300x123.png 300w, https:\/\/veganbarista.com\/wp-content\/uploads\/2024\/07\/Screenshot-2024-07-03-at-11.31.38-768x315.png 768w, https:\/\/veganbarista.com\/wp-content\/uploads\/2024\/07\/Screenshot-2024-07-03-at-11.31.38-600x246.png 600w, https:\/\/veganbarista.com\/wp-content\/uploads\/2024\/07\/Screenshot-2024-07-03-at-11.31.38.png 888w\" alt=\"\" width=\"300\" height=\"123\" \/><\/p>\n<p><strong>Tehnica PVD<\/strong>: Luciu \u00een nuan\u021b\u0103 negru metalic, aur \u0219i cupru.<br \/>\nO culoare str\u0103lucitoare pentru a oferi mesei tale o not\u0103 de originalitate. Str\u0103lucirea o\u021belului inoxidabil este combinat\u0103 cu culorile la mod\u0103, d\u00e2nd tac\u00e2mului vigoare \u0219i nuan\u021be pre\u021bioase.<\/p>\n<p>Tratamentul PVD, spre deosebire de argint, nu este o pelicul\u0103 care acoper\u0103 articolul ci este un proces galvanic special realizat \u00eentr-un mediu cu atmosfer\u0103 controlat\u0103 care permite culorii s\u0103 p\u0103trund\u0103 \u00een microporozitatea o\u021belului.<\/p>\n<p><img decoding=\"async\" class=\"alignnone size-medium wp-image-908\" src=\"https:\/\/veganbarista.com\/wp-content\/uploads\/2024\/07\/Screenshot-2024-07-03-at-12.06.51-300x164.png\" sizes=\"(max-width: 300px) 100vw, 300px\" srcset=\"https:\/\/veganbarista.com\/wp-content\/uploads\/2024\/07\/Screenshot-2024-07-03-at-12.06.51-300x164.png 300w, https:\/\/veganbarista.com\/wp-content\/uploads\/2024\/07\/Screenshot-2024-07-03-at-12.06.51-768x420.png 768w, https:\/\/veganbarista.com\/wp-content\/uploads\/2024\/07\/Screenshot-2024-07-03-at-12.06.51-600x328.png 600w, https:\/\/veganbarista.com\/wp-content\/uploads\/2024\/07\/Screenshot-2024-07-03-at-12.06.51.png 874w\" alt=\"\" width=\"300\" height=\"164\" \/><\/p>\n<p>Tratament la cerere, aplicabil tuturor seriei noastre Inox 18-10.<\/p>\n<p>Material: inox 18-10<\/p>\n<p>Grosime tacam: 2,5 mm<\/p>\n<p>Produs \u00een Italia, cu materie prima din Europa<\/p>","protected":false},"excerpt":{"rendered":"<p>Modelul Flow Ice+Pvd<\/p>","protected":false},"featured_media":2777,"comment_status":"closed","ping_status":"closed","template":"","meta":{"ocean_post_layout":"","ocean_both_sidebars_style":"","ocean_both_sidebars_content_width":0,"ocean_both_sidebars_sidebars_width":0,"ocean_sidebar":"","ocean_second_sidebar":"","ocean_disable_margins":"enable","ocean_add_body_class":"","ocean_shortcode_before_top_bar":"","ocean_shortcode_after_top_bar":"","ocean_shortcode_before_header":"","ocean_shortcode_after_header":"","ocean_has_shortcode":"","ocean_shortcode_after_title":"","ocean_shortcode_before_footer_widgets":"","ocean_shortcode_after_footer_widgets":"","ocean_shortcode_before_footer_bottom":"","ocean_shortcode_after_footer_bottom":"","ocean_display_top_bar":"default","ocean_display_header":"default","ocean_header_style":"","ocean_center_header_left_menu":"","ocean_custom_header_template":"","ocean_custom_logo":0,"ocean_custom_retina_logo":0,"ocean_custom_logo_max_width":0,"ocean_custom_logo_tablet_max_width":0,"ocean_custom_logo_mobile_max_width":0,"ocean_custom_logo_max_height":0,"ocean_custom_logo_tablet_max_height":0,"ocean_custom_logo_mobile_max_height":0,"ocean_header_custom_menu":"","ocean_menu_typo_font_family":"","ocean_menu_typo_font_subset":"","ocean_menu_typo_font_size":0,"ocean_menu_typo_font_size_tablet":0,"ocean_menu_typo_font_size_mobile":0,"ocean_menu_typo_font_size_unit":"px","ocean_menu_typo_font_weight":"","ocean_menu_typo_font_weight_tablet":"","ocean_menu_typo_font_weight_mobile":"","ocean_menu_typo_transform":"","ocean_menu_typo_transform_tablet":"","ocean_menu_typo_transform_mobile":"","ocean_menu_typo_line_height":0,"ocean_menu_typo_line_height_tablet":0,"ocean_menu_typo_line_height_mobile":0,"ocean_menu_typo_line_height_unit":"","ocean_menu_typo_spacing":0,"ocean_menu_typo_spacing_tablet":0,"ocean_menu_typo_spacing_mobile":0,"ocean_menu_typo_spacing_unit":"","ocean_menu_link_color":"","ocean_menu_link_color_hover":"","ocean_menu_link_color_active":"","ocean_menu_link_background":"","ocean_menu_link_hover_background":"","ocean_menu_link_active_background":"","ocean_menu_social_links_bg":"","ocean_menu_social_hover_links_bg":"","ocean_menu_social_links_color":"","ocean_menu_social_hover_links_color":"","ocean_disable_title":"default","ocean_disable_heading":"default","ocean_post_title":"","ocean_post_subheading":"","ocean_post_title_style":"","ocean_post_title_background_color":"","ocean_post_title_background":0,"ocean_post_title_bg_image_position":"","ocean_post_title_bg_image_attachment":"","ocean_post_title_bg_image_repeat":"","ocean_post_title_bg_image_size":"","ocean_post_title_height":0,"ocean_post_title_bg_overlay":0.5,"ocean_post_title_bg_overlay_color":"","ocean_disable_breadcrumbs":"default","ocean_breadcrumbs_color":"","ocean_breadcrumbs_separator_color":"","ocean_breadcrumbs_links_color":"","ocean_breadcrumbs_links_hover_color":"","ocean_display_footer_widgets":"default","ocean_display_footer_bottom":"default","ocean_custom_footer_template":""},"product_brand":[],"product_cat":[658],"product_tag":[],"class_list":{"0":"post-2679","1":"product","2":"type-product","3":"status-publish","4":"has-post-thumbnail","6":"product_cat-tacamuri-inox-18-10","8":"entry","9":"has-media","11":"first","12":"onbackorder","13":"taxable","14":"shipping-taxable","15":"product-type-simple","16":"has-product-nav","17":"col","18":"span_1_of_2","19":"owp-content-center","20":"owp-thumbs-layout-horizontal","21":"owp-btn-normal","22":"owp-tabs-layout-horizontal"},"yoast_head":"<!-- This site is optimized with the Yoast SEO plugin v27.4 - https:\/\/yoast.com\/product\/yoast-seo-wordpress\/ -->\n<title>Tac\u00e2muri Salvinelli, Model Flow Ice+Pvd, 18-10 inox, 2,5 mm - PROLAB<\/title>\n<meta name=\"description\" content=\"Tac\u00e2murile Salvinelli sunt produse \u00een Italia cu materie prima Europa. Acest model este executat din inox 18\/10 de cea mai buna calitate.\" \/>\n<meta name=\"robots\" content=\"index, follow, max-snippet:-1, max-image-preview:large, max-video-preview:-1\" \/>\n<link rel=\"canonical\" href=\"https:\/\/prolab.ro\/ro\/produs\/tacamuri-salvinelli-model-flow-icepvd-18-10-inox-25-mm\/\" \/>\n<meta property=\"og:locale\" content=\"ro_RO\" \/>\n<meta property=\"og:type\" content=\"article\" \/>\n<meta property=\"og:title\" content=\"Tac\u00e2muri Salvinelli, Model Flow Ice+Pvd, 18-10 inox, 2,5 mm - PROLAB\" \/>\n<meta property=\"og:description\" content=\"Tac\u00e2murile Salvinelli sunt produse \u00een Italia cu materie prima Europa. Acest model este executat din inox 18\/10 de cea mai buna calitate.\" \/>\n<meta property=\"og:url\" content=\"https:\/\/prolab.ro\/ro\/produs\/tacamuri-salvinelli-model-flow-icepvd-18-10-inox-25-mm\/\" \/>\n<meta property=\"og:site_name\" content=\"PROLAB\" \/>\n<meta property=\"article:publisher\" content=\"https:\/\/www.facebook.com\/profile.php?id=100063772800673\" \/>\n<meta property=\"article:modified_time\" content=\"2025-08-31T12:37:13+00:00\" \/>\n<meta property=\"og:image\" content=\"https:\/\/prolab.ro\/wp-content\/uploads\/2025\/08\/Flow-IcePvd-Salvinelli.jpg\" \/>\n\t<meta property=\"og:image:width\" content=\"1028\" \/>\n\t<meta property=\"og:image:height\" content=\"1024\" \/>\n\t<meta property=\"og:image:type\" content=\"image\/jpeg\" \/>\n<meta name=\"twitter:card\" content=\"summary_large_image\" \/>\n<meta name=\"twitter:label1\" content=\"Timp estimat pentru citire\" \/>\n\t<meta name=\"twitter:data1\" content=\"2 minute\" \/>\n<script type=\"application\/ld+json\" class=\"yoast-schema-graph\">{\"@context\":\"https:\\\/\\\/schema.org\",\"@graph\":[{\"@type\":\"WebPage\",\"@id\":\"https:\\\/\\\/prolab.ro\\\/product\\\/tacamuri-salvinelli-model-flow-icepvd-18-10-inox-25-mm\\\/\",\"url\":\"https:\\\/\\\/prolab.ro\\\/product\\\/tacamuri-salvinelli-model-flow-icepvd-18-10-inox-25-mm\\\/\",\"name\":\"Tac\u00e2muri Salvinelli, Model Flow Ice+Pvd, 18-10 inox, 2,5 mm - PROLAB\",\"isPartOf\":{\"@id\":\"https:\\\/\\\/prolab.ro\\\/ro\\\/#website\"},\"primaryImageOfPage\":{\"@id\":\"https:\\\/\\\/prolab.ro\\\/product\\\/tacamuri-salvinelli-model-flow-icepvd-18-10-inox-25-mm\\\/#primaryimage\"},\"image\":{\"@id\":\"https:\\\/\\\/prolab.ro\\\/product\\\/tacamuri-salvinelli-model-flow-icepvd-18-10-inox-25-mm\\\/#primaryimage\"},\"thumbnailUrl\":\"https:\\\/\\\/prolab.ro\\\/wp-content\\\/uploads\\\/2025\\\/08\\\/Flow-IcePvd-Salvinelli.jpg\",\"datePublished\":\"2025-08-31T12:35:45+00:00\",\"dateModified\":\"2025-08-31T12:37:13+00:00\",\"description\":\"Tac\u00e2murile Salvinelli sunt produse \u00een Italia cu materie prima Europa. Acest model este executat din inox 18\\\/10 de cea mai buna calitate.\",\"breadcrumb\":{\"@id\":\"https:\\\/\\\/prolab.ro\\\/product\\\/tacamuri-salvinelli-model-flow-icepvd-18-10-inox-25-mm\\\/#breadcrumb\"},\"inLanguage\":\"ro-RO\",\"potentialAction\":[{\"@type\":\"ReadAction\",\"target\":[\"https:\\\/\\\/prolab.ro\\\/product\\\/tacamuri-salvinelli-model-flow-icepvd-18-10-inox-25-mm\\\/\"]}]},{\"@type\":\"ImageObject\",\"inLanguage\":\"ro-RO\",\"@id\":\"https:\\\/\\\/prolab.ro\\\/product\\\/tacamuri-salvinelli-model-flow-icepvd-18-10-inox-25-mm\\\/#primaryimage\",\"url\":\"https:\\\/\\\/prolab.ro\\\/wp-content\\\/uploads\\\/2025\\\/08\\\/Flow-IcePvd-Salvinelli.jpg\",\"contentUrl\":\"https:\\\/\\\/prolab.ro\\\/wp-content\\\/uploads\\\/2025\\\/08\\\/Flow-IcePvd-Salvinelli.jpg\",\"width\":1028,\"height\":1024},{\"@type\":\"BreadcrumbList\",\"@id\":\"https:\\\/\\\/prolab.ro\\\/product\\\/tacamuri-salvinelli-model-flow-icepvd-18-10-inox-25-mm\\\/#breadcrumb\",\"itemListElement\":[{\"@type\":\"ListItem\",\"position\":1,\"name\":\"Home\",\"item\":\"https:\\\/\\\/prolab.ro\\\/\"},{\"@type\":\"ListItem\",\"position\":2,\"name\":\"Shop\",\"item\":\"https:\\\/\\\/prolab.ro\\\/shop\\\/\"},{\"@type\":\"ListItem\",\"position\":3,\"name\":\"Tac\u00e2muri Salvinelli, Model Flow Ice+Pvd, 18-10 inox, 2,5 mm\"}]},{\"@type\":\"WebSite\",\"@id\":\"https:\\\/\\\/prolab.ro\\\/ro\\\/#website\",\"url\":\"https:\\\/\\\/prolab.ro\\\/ro\\\/\",\"name\":\"www.prolab.ro\",\"description\":\"Echipamente profesionale HORECA\",\"publisher\":{\"@id\":\"https:\\\/\\\/prolab.ro\\\/ro\\\/#organization\"},\"potentialAction\":[{\"@type\":\"SearchAction\",\"target\":{\"@type\":\"EntryPoint\",\"urlTemplate\":\"https:\\\/\\\/prolab.ro\\\/ro\\\/?s={search_term_string}\"},\"query-input\":{\"@type\":\"PropertyValueSpecification\",\"valueRequired\":true,\"valueName\":\"search_term_string\"}}],\"inLanguage\":\"ro-RO\"},{\"@type\":\"Organization\",\"@id\":\"https:\\\/\\\/prolab.ro\\\/ro\\\/#organization\",\"name\":\"HORECA PROLAB SRL\",\"url\":\"https:\\\/\\\/prolab.ro\\\/ro\\\/\",\"logo\":{\"@type\":\"ImageObject\",\"inLanguage\":\"ro-RO\",\"@id\":\"https:\\\/\\\/prolab.ro\\\/ro\\\/#\\\/schema\\\/logo\\\/image\\\/\",\"url\":\"https:\\\/\\\/prolab.ro\\\/wp-content\\\/uploads\\\/2020\\\/10\\\/cropped-2019-06-21-logos-03-B-red.png\",\"contentUrl\":\"https:\\\/\\\/prolab.ro\\\/wp-content\\\/uploads\\\/2020\\\/10\\\/cropped-2019-06-21-logos-03-B-red.png\",\"width\":1963,\"height\":546,\"caption\":\"HORECA PROLAB SRL\"},\"image\":{\"@id\":\"https:\\\/\\\/prolab.ro\\\/ro\\\/#\\\/schema\\\/logo\\\/image\\\/\"},\"sameAs\":[\"https:\\\/\\\/www.facebook.com\\\/profile.php?id=100063772800673\"]}]}<\/script>\n<!-- \/ Yoast SEO plugin. -->","yoast_head_json":{"title":"Tac\u00e2muri Salvinelli, Model Flow Ice+Pvd, 18-10 inox, 2,5 mm - PROLAB","description":"Tac\u00e2murile Salvinelli sunt produse \u00een Italia cu materie prima Europa. Acest model este executat din inox 18\/10 de cea mai buna calitate.","robots":{"index":"index","follow":"follow","max-snippet":"max-snippet:-1","max-image-preview":"max-image-preview:large","max-video-preview":"max-video-preview:-1"},"canonical":"https:\/\/prolab.ro\/ro\/produs\/tacamuri-salvinelli-model-flow-icepvd-18-10-inox-25-mm\/","og_locale":"ro_RO","og_type":"article","og_title":"Tac\u00e2muri Salvinelli, Model Flow Ice+Pvd, 18-10 inox, 2,5 mm - PROLAB","og_description":"Tac\u00e2murile Salvinelli sunt produse \u00een Italia cu materie prima Europa. Acest model este executat din inox 18\/10 de cea mai buna calitate.","og_url":"https:\/\/prolab.ro\/ro\/produs\/tacamuri-salvinelli-model-flow-icepvd-18-10-inox-25-mm\/","og_site_name":"PROLAB","article_publisher":"https:\/\/www.facebook.com\/profile.php?id=100063772800673","article_modified_time":"2025-08-31T12:37:13+00:00","og_image":[{"width":1028,"height":1024,"url":"https:\/\/prolab.ro\/wp-content\/uploads\/2025\/08\/Flow-IcePvd-Salvinelli.jpg","type":"image\/jpeg"}],"twitter_card":"summary_large_image","twitter_misc":{"Timp estimat pentru citire":"2 minute"},"schema":{"@context":"https:\/\/schema.org","@graph":[{"@type":"WebPage","@id":"https:\/\/prolab.ro\/product\/tacamuri-salvinelli-model-flow-icepvd-18-10-inox-25-mm\/","url":"https:\/\/prolab.ro\/product\/tacamuri-salvinelli-model-flow-icepvd-18-10-inox-25-mm\/","name":"Tac\u00e2muri Salvinelli, Model Flow Ice+Pvd, 18-10 inox, 2,5 mm - PROLAB","isPartOf":{"@id":"https:\/\/prolab.ro\/ro\/#website"},"primaryImageOfPage":{"@id":"https:\/\/prolab.ro\/product\/tacamuri-salvinelli-model-flow-icepvd-18-10-inox-25-mm\/#primaryimage"},"image":{"@id":"https:\/\/prolab.ro\/product\/tacamuri-salvinelli-model-flow-icepvd-18-10-inox-25-mm\/#primaryimage"},"thumbnailUrl":"https:\/\/prolab.ro\/wp-content\/uploads\/2025\/08\/Flow-IcePvd-Salvinelli.jpg","datePublished":"2025-08-31T12:35:45+00:00","dateModified":"2025-08-31T12:37:13+00:00","description":"Tac\u00e2murile Salvinelli sunt produse \u00een Italia cu materie prima Europa. Acest model este executat din inox 18\/10 de cea mai buna calitate.","breadcrumb":{"@id":"https:\/\/prolab.ro\/product\/tacamuri-salvinelli-model-flow-icepvd-18-10-inox-25-mm\/#breadcrumb"},"inLanguage":"ro-RO","potentialAction":[{"@type":"ReadAction","target":["https:\/\/prolab.ro\/product\/tacamuri-salvinelli-model-flow-icepvd-18-10-inox-25-mm\/"]}]},{"@type":"ImageObject","inLanguage":"ro-RO","@id":"https:\/\/prolab.ro\/product\/tacamuri-salvinelli-model-flow-icepvd-18-10-inox-25-mm\/#primaryimage","url":"https:\/\/prolab.ro\/wp-content\/uploads\/2025\/08\/Flow-IcePvd-Salvinelli.jpg","contentUrl":"https:\/\/prolab.ro\/wp-content\/uploads\/2025\/08\/Flow-IcePvd-Salvinelli.jpg","width":1028,"height":1024},{"@type":"BreadcrumbList","@id":"https:\/\/prolab.ro\/product\/tacamuri-salvinelli-model-flow-icepvd-18-10-inox-25-mm\/#breadcrumb","itemListElement":[{"@type":"ListItem","position":1,"name":"Home","item":"https:\/\/prolab.ro\/"},{"@type":"ListItem","position":2,"name":"Shop","item":"https:\/\/prolab.ro\/shop\/"},{"@type":"ListItem","position":3,"name":"Tac\u00e2muri Salvinelli, Model Flow Ice+Pvd, 18-10 inox, 2,5 mm"}]},{"@type":"WebSite","@id":"https:\/\/prolab.ro\/ro\/#website","url":"https:\/\/prolab.ro\/ro\/","name":"www.prolab.ro","description":"Echipamente profesionale HORECA","publisher":{"@id":"https:\/\/prolab.ro\/ro\/#organization"},"potentialAction":[{"@type":"SearchAction","target":{"@type":"EntryPoint","urlTemplate":"https:\/\/prolab.ro\/ro\/?s={search_term_string}"},"query-input":{"@type":"PropertyValueSpecification","valueRequired":true,"valueName":"search_term_string"}}],"inLanguage":"ro-RO"},{"@type":"Organization","@id":"https:\/\/prolab.ro\/ro\/#organization","name":"HORECA PROLAB SRL","url":"https:\/\/prolab.ro\/ro\/","logo":{"@type":"ImageObject","inLanguage":"ro-RO","@id":"https:\/\/prolab.ro\/ro\/#\/schema\/logo\/image\/","url":"https:\/\/prolab.ro\/wp-content\/uploads\/2020\/10\/cropped-2019-06-21-logos-03-B-red.png","contentUrl":"https:\/\/prolab.ro\/wp-content\/uploads\/2020\/10\/cropped-2019-06-21-logos-03-B-red.png","width":1963,"height":546,"caption":"HORECA PROLAB SRL"},"image":{"@id":"https:\/\/prolab.ro\/ro\/#\/schema\/logo\/image\/"},"sameAs":["https:\/\/www.facebook.com\/profile.php?id=100063772800673"]}]}},"_links":{"self":[{"href":"https:\/\/prolab.ro\/ro\/wp-json\/wp\/v2\/product\/2679","targetHints":{"allow":["GET"]}}],"collection":[{"href":"https:\/\/prolab.ro\/ro\/wp-json\/wp\/v2\/product"}],"about":[{"href":"https:\/\/prolab.ro\/ro\/wp-json\/wp\/v2\/types\/product"}],"replies":[{"embeddable":true,"href":"https:\/\/prolab.ro\/ro\/wp-json\/wp\/v2\/comments?post=2679"}],"wp:featuredmedia":[{"embeddable":true,"href":"https:\/\/prolab.ro\/ro\/wp-json\/wp\/v2\/media\/2777"}],"wp:attachment":[{"href":"https:\/\/prolab.ro\/ro\/wp-json\/wp\/v2\/media?parent=2679"}],"wp:term":[{"taxonomy":"product_brand","embeddable":true,"href":"https:\/\/prolab.ro\/ro\/wp-json\/wp\/v2\/product_brand?post=2679"},{"taxonomy":"product_cat","embeddable":true,"href":"https:\/\/prolab.ro\/ro\/wp-json\/wp\/v2\/product_cat?post=2679"},{"taxonomy":"product_tag","embeddable":true,"href":"https:\/\/prolab.ro\/ro\/wp-json\/wp\/v2\/product_tag?post=2679"}],"curies":[{"name":"wp","href":"https:\/\/api.w.org\/{rel}","templated":true}]}}