{"id":2578,"date":"2025-08-31T15:32:06","date_gmt":"2025-08-31T12:32:06","guid":{"rendered":"https:\/\/prolab.ro\/?post_type=product&#038;p=2578"},"modified":"2025-08-31T15:35:32","modified_gmt":"2025-08-31T12:35:32","slug":"strecuratoare-ceai-hendi-cu-maner-agatabil-inox","status":"publish","type":"product","link":"https:\/\/prolab.ro\/ro\/produs\/strecuratoare-ceai-hendi-cu-maner-agatabil-inox\/","title":{"rendered":"Strecuratoare ceai Hendi &#8211; cu maner agatabil, inox"},"content":{"rendered":"<p>Strecuratoarea Hendi pentru ceai este un accesoriu practic \u0219i durabil, ideal pentru infuzarea plantelor \u0219i ceaiurilor \u00eentr-un mod simplu \u0219i eficient. Fabricat\u0103 din o\u021bel inoxidabil de \u00eenalt\u0103 calitate, aceasta asigur\u0103 rezisten\u021b\u0103 \u0219i igien\u0103 \u00een utilizare.<\/p>\n<p>Manerul s\u0103u este prev\u0103zut cu un design ce permite ag\u0103\u021barea u\u0219oar\u0103, facilit\u00e2nd manipularea \u00een timpul folosirii \u0219i depozit\u0103rii.<\/p>\n<p>Este un instrument indispensabil \u00een buc\u0103t\u0103ria de acas\u0103 sau \u00een mediile comerciale, fiind u\u0219or de cur\u0103\u021bat \u0219i de \u00eentre\u021binut datorit\u0103 materialului rezistent din care este fabricat\u0103.<\/p>","protected":false},"excerpt":{"rendered":"<p>Strecuratoarea Hendi pentru ceai este un accesoriu practic \u0219i durabil, ideal pentru infuzarea plantelor \u0219i ceaiurilor \u00eentr-un mod simplu \u0219i eficient. Fabricat\u0103 din o\u021bel inoxidabil de \u00eenalt\u0103 calitate, aceasta asigur\u0103 rezisten\u021b\u0103 \u0219i igien\u0103 \u00een utilizare. Manerul s\u0103u este prev\u0103zut cu un design ce permite ag\u0103\u021barea u\u0219oar\u0103, facilit\u00e2nd manipularea \u00een timpul folosirii \u0219i depozit\u0103rii. Este un [&hellip;]<\/p>\n","protected":false},"featured_media":2656,"comment_status":"closed","ping_status":"closed","template":"","meta":{"ocean_post_layout":"","ocean_both_sidebars_style":"","ocean_both_sidebars_content_width":0,"ocean_both_sidebars_sidebars_width":0,"ocean_sidebar":"","ocean_second_sidebar":"","ocean_disable_margins":"enable","ocean_add_body_class":"","ocean_shortcode_before_top_bar":"","ocean_shortcode_after_top_bar":"","ocean_shortcode_before_header":"","ocean_shortcode_after_header":"","ocean_has_shortcode":"","ocean_shortcode_after_title":"","ocean_shortcode_before_footer_widgets":"","ocean_shortcode_after_footer_widgets":"","ocean_shortcode_before_footer_bottom":"","ocean_shortcode_after_footer_bottom":"","ocean_display_top_bar":"default","ocean_display_header":"default","ocean_header_style":"","ocean_center_header_left_menu":"","ocean_custom_header_template":"","ocean_custom_logo":0,"ocean_custom_retina_logo":0,"ocean_custom_logo_max_width":0,"ocean_custom_logo_tablet_max_width":0,"ocean_custom_logo_mobile_max_width":0,"ocean_custom_logo_max_height":0,"ocean_custom_logo_tablet_max_height":0,"ocean_custom_logo_mobile_max_height":0,"ocean_header_custom_menu":"","ocean_menu_typo_font_family":"","ocean_menu_typo_font_subset":"","ocean_menu_typo_font_size":0,"ocean_menu_typo_font_size_tablet":0,"ocean_menu_typo_font_size_mobile":0,"ocean_menu_typo_font_size_unit":"px","ocean_menu_typo_font_weight":"","ocean_menu_typo_font_weight_tablet":"","ocean_menu_typo_font_weight_mobile":"","ocean_menu_typo_transform":"","ocean_menu_typo_transform_tablet":"","ocean_menu_typo_transform_mobile":"","ocean_menu_typo_line_height":0,"ocean_menu_typo_line_height_tablet":0,"ocean_menu_typo_line_height_mobile":0,"ocean_menu_typo_line_height_unit":"","ocean_menu_typo_spacing":0,"ocean_menu_typo_spacing_tablet":0,"ocean_menu_typo_spacing_mobile":0,"ocean_menu_typo_spacing_unit":"","ocean_menu_link_color":"","ocean_menu_link_color_hover":"","ocean_menu_link_color_active":"","ocean_menu_link_background":"","ocean_menu_link_hover_background":"","ocean_menu_link_active_background":"","ocean_menu_social_links_bg":"","ocean_menu_social_hover_links_bg":"","ocean_menu_social_links_color":"","ocean_menu_social_hover_links_color":"","ocean_disable_title":"default","ocean_disable_heading":"default","ocean_post_title":"","ocean_post_subheading":"","ocean_post_title_style":"","ocean_post_title_background_color":"","ocean_post_title_background":0,"ocean_post_title_bg_image_position":"","ocean_post_title_bg_image_attachment":"","ocean_post_title_bg_image_repeat":"","ocean_post_title_bg_image_size":"","ocean_post_title_height":0,"ocean_post_title_bg_overlay":0.5,"ocean_post_title_bg_overlay_color":"","ocean_disable_breadcrumbs":"default","ocean_breadcrumbs_color":"","ocean_breadcrumbs_separator_color":"","ocean_breadcrumbs_links_color":"","ocean_breadcrumbs_links_hover_color":"","ocean_display_footer_widgets":"default","ocean_display_footer_bottom":"default","ocean_custom_footer_template":""},"product_brand":[],"product_cat":[656],"product_tag":[],"class_list":{"0":"post-2578","1":"product","2":"type-product","3":"status-publish","4":"has-post-thumbnail","6":"product_cat-echipamente-si-accesorii-bar","8":"entry","9":"has-media","11":"first","12":"onbackorder","13":"taxable","14":"shipping-taxable","15":"purchasable","16":"product-type-simple","17":"has-product-nav","18":"col","19":"span_1_of_2","20":"owp-content-center","21":"owp-thumbs-layout-horizontal","22":"owp-btn-normal","23":"owp-tabs-layout-horizontal","24":"has-no-thumbnails"},"yoast_head":"<!-- This site is optimized with the Yoast SEO plugin v27.3 - https:\/\/yoast.com\/product\/yoast-seo-wordpress\/ -->\n<title>Strecuratoare ceai Hendi - cu maner agatabil, inox - PROLAB<\/title>\n<meta name=\"description\" content=\"Strecuratoare Hendi pentru ceai din o\u021bel inoxidabil, cu maner agatabil. Perfect\u0103 pentru infuzarea rapid\u0103 \u0219i curat\u0103 a ceaiurilor \u0219i plantelor\" \/>\n<meta name=\"robots\" content=\"index, follow, max-snippet:-1, max-image-preview:large, max-video-preview:-1\" \/>\n<link rel=\"canonical\" href=\"https:\/\/prolab.ro\/ro\/produs\/strecuratoare-ceai-hendi-cu-maner-agatabil-inox\/\" \/>\n<meta property=\"og:locale\" content=\"ro_RO\" \/>\n<meta property=\"og:type\" content=\"article\" \/>\n<meta property=\"og:title\" content=\"Strecuratoare ceai Hendi - cu maner agatabil, inox - PROLAB\" \/>\n<meta property=\"og:description\" content=\"Strecuratoare Hendi pentru ceai din o\u021bel inoxidabil, cu maner agatabil. Perfect\u0103 pentru infuzarea rapid\u0103 \u0219i curat\u0103 a ceaiurilor \u0219i plantelor\" \/>\n<meta property=\"og:url\" content=\"https:\/\/prolab.ro\/ro\/produs\/strecuratoare-ceai-hendi-cu-maner-agatabil-inox\/\" \/>\n<meta property=\"og:site_name\" content=\"PROLAB\" \/>\n<meta property=\"article:publisher\" content=\"https:\/\/www.facebook.com\/profile.php?id=100063772800673\" \/>\n<meta property=\"article:modified_time\" content=\"2025-08-31T12:35:32+00:00\" \/>\n<meta property=\"og:image\" content=\"https:\/\/prolab.ro\/wp-content\/uploads\/2025\/08\/ceai1.jpeg\" \/>\n\t<meta property=\"og:image:width\" content=\"550\" \/>\n\t<meta property=\"og:image:height\" content=\"550\" \/>\n\t<meta property=\"og:image:type\" content=\"image\/jpeg\" \/>\n<meta name=\"twitter:card\" content=\"summary_large_image\" \/>\n<meta name=\"twitter:label1\" content=\"Timp estimat pentru citire\" \/>\n\t<meta name=\"twitter:data1\" content=\"1 minut\" \/>\n<script type=\"application\/ld+json\" class=\"yoast-schema-graph\">{\"@context\":\"https:\\\/\\\/schema.org\",\"@graph\":[{\"@type\":\"WebPage\",\"@id\":\"https:\\\/\\\/prolab.ro\\\/product\\\/strecuratoare-ceai-hendi-cu-maner-agatabil-inox\\\/\",\"url\":\"https:\\\/\\\/prolab.ro\\\/product\\\/strecuratoare-ceai-hendi-cu-maner-agatabil-inox\\\/\",\"name\":\"Strecuratoare ceai Hendi - cu maner agatabil, inox - PROLAB\",\"isPartOf\":{\"@id\":\"https:\\\/\\\/prolab.ro\\\/ro\\\/#website\"},\"primaryImageOfPage\":{\"@id\":\"https:\\\/\\\/prolab.ro\\\/product\\\/strecuratoare-ceai-hendi-cu-maner-agatabil-inox\\\/#primaryimage\"},\"image\":{\"@id\":\"https:\\\/\\\/prolab.ro\\\/product\\\/strecuratoare-ceai-hendi-cu-maner-agatabil-inox\\\/#primaryimage\"},\"thumbnailUrl\":\"https:\\\/\\\/prolab.ro\\\/wp-content\\\/uploads\\\/2025\\\/08\\\/ceai1.jpeg\",\"datePublished\":\"2025-08-31T12:32:06+00:00\",\"dateModified\":\"2025-08-31T12:35:32+00:00\",\"description\":\"Strecuratoare Hendi pentru ceai din o\u021bel inoxidabil, cu maner agatabil. Perfect\u0103 pentru infuzarea rapid\u0103 \u0219i curat\u0103 a ceaiurilor \u0219i plantelor\",\"breadcrumb\":{\"@id\":\"https:\\\/\\\/prolab.ro\\\/product\\\/strecuratoare-ceai-hendi-cu-maner-agatabil-inox\\\/#breadcrumb\"},\"inLanguage\":\"ro-RO\",\"potentialAction\":[{\"@type\":\"ReadAction\",\"target\":[\"https:\\\/\\\/prolab.ro\\\/product\\\/strecuratoare-ceai-hendi-cu-maner-agatabil-inox\\\/\"]}]},{\"@type\":\"ImageObject\",\"inLanguage\":\"ro-RO\",\"@id\":\"https:\\\/\\\/prolab.ro\\\/product\\\/strecuratoare-ceai-hendi-cu-maner-agatabil-inox\\\/#primaryimage\",\"url\":\"https:\\\/\\\/prolab.ro\\\/wp-content\\\/uploads\\\/2025\\\/08\\\/ceai1.jpeg\",\"contentUrl\":\"https:\\\/\\\/prolab.ro\\\/wp-content\\\/uploads\\\/2025\\\/08\\\/ceai1.jpeg\",\"width\":550,\"height\":550},{\"@type\":\"BreadcrumbList\",\"@id\":\"https:\\\/\\\/prolab.ro\\\/product\\\/strecuratoare-ceai-hendi-cu-maner-agatabil-inox\\\/#breadcrumb\",\"itemListElement\":[{\"@type\":\"ListItem\",\"position\":1,\"name\":\"Home\",\"item\":\"https:\\\/\\\/prolab.ro\\\/\"},{\"@type\":\"ListItem\",\"position\":2,\"name\":\"Shop\",\"item\":\"https:\\\/\\\/prolab.ro\\\/shop\\\/\"},{\"@type\":\"ListItem\",\"position\":3,\"name\":\"Strecuratoare ceai Hendi &#8211; cu maner agatabil, inox\"}]},{\"@type\":\"WebSite\",\"@id\":\"https:\\\/\\\/prolab.ro\\\/ro\\\/#website\",\"url\":\"https:\\\/\\\/prolab.ro\\\/ro\\\/\",\"name\":\"www.prolab.ro\",\"description\":\"Echipamente profesionale HORECA\",\"publisher\":{\"@id\":\"https:\\\/\\\/prolab.ro\\\/ro\\\/#organization\"},\"potentialAction\":[{\"@type\":\"SearchAction\",\"target\":{\"@type\":\"EntryPoint\",\"urlTemplate\":\"https:\\\/\\\/prolab.ro\\\/ro\\\/?s={search_term_string}\"},\"query-input\":{\"@type\":\"PropertyValueSpecification\",\"valueRequired\":true,\"valueName\":\"search_term_string\"}}],\"inLanguage\":\"ro-RO\"},{\"@type\":\"Organization\",\"@id\":\"https:\\\/\\\/prolab.ro\\\/ro\\\/#organization\",\"name\":\"HORECA PROLAB SRL\",\"url\":\"https:\\\/\\\/prolab.ro\\\/ro\\\/\",\"logo\":{\"@type\":\"ImageObject\",\"inLanguage\":\"ro-RO\",\"@id\":\"https:\\\/\\\/prolab.ro\\\/ro\\\/#\\\/schema\\\/logo\\\/image\\\/\",\"url\":\"https:\\\/\\\/prolab.ro\\\/wp-content\\\/uploads\\\/2020\\\/10\\\/cropped-2019-06-21-logos-03-B-red.png\",\"contentUrl\":\"https:\\\/\\\/prolab.ro\\\/wp-content\\\/uploads\\\/2020\\\/10\\\/cropped-2019-06-21-logos-03-B-red.png\",\"width\":1963,\"height\":546,\"caption\":\"HORECA PROLAB SRL\"},\"image\":{\"@id\":\"https:\\\/\\\/prolab.ro\\\/ro\\\/#\\\/schema\\\/logo\\\/image\\\/\"},\"sameAs\":[\"https:\\\/\\\/www.facebook.com\\\/profile.php?id=100063772800673\"]}]}<\/script>\n<!-- \/ Yoast SEO plugin. -->","yoast_head_json":{"title":"Strecuratoare ceai Hendi - cu maner agatabil, inox - PROLAB","description":"Strecuratoare Hendi pentru ceai din o\u021bel inoxidabil, cu maner agatabil. Perfect\u0103 pentru infuzarea rapid\u0103 \u0219i curat\u0103 a ceaiurilor \u0219i plantelor","robots":{"index":"index","follow":"follow","max-snippet":"max-snippet:-1","max-image-preview":"max-image-preview:large","max-video-preview":"max-video-preview:-1"},"canonical":"https:\/\/prolab.ro\/ro\/produs\/strecuratoare-ceai-hendi-cu-maner-agatabil-inox\/","og_locale":"ro_RO","og_type":"article","og_title":"Strecuratoare ceai Hendi - cu maner agatabil, inox - PROLAB","og_description":"Strecuratoare Hendi pentru ceai din o\u021bel inoxidabil, cu maner agatabil. Perfect\u0103 pentru infuzarea rapid\u0103 \u0219i curat\u0103 a ceaiurilor \u0219i plantelor","og_url":"https:\/\/prolab.ro\/ro\/produs\/strecuratoare-ceai-hendi-cu-maner-agatabil-inox\/","og_site_name":"PROLAB","article_publisher":"https:\/\/www.facebook.com\/profile.php?id=100063772800673","article_modified_time":"2025-08-31T12:35:32+00:00","og_image":[{"width":550,"height":550,"url":"https:\/\/prolab.ro\/wp-content\/uploads\/2025\/08\/ceai1.jpeg","type":"image\/jpeg"}],"twitter_card":"summary_large_image","twitter_misc":{"Timp estimat pentru citire":"1 minut"},"schema":{"@context":"https:\/\/schema.org","@graph":[{"@type":"WebPage","@id":"https:\/\/prolab.ro\/product\/strecuratoare-ceai-hendi-cu-maner-agatabil-inox\/","url":"https:\/\/prolab.ro\/product\/strecuratoare-ceai-hendi-cu-maner-agatabil-inox\/","name":"Strecuratoare ceai Hendi - cu maner agatabil, inox - PROLAB","isPartOf":{"@id":"https:\/\/prolab.ro\/ro\/#website"},"primaryImageOfPage":{"@id":"https:\/\/prolab.ro\/product\/strecuratoare-ceai-hendi-cu-maner-agatabil-inox\/#primaryimage"},"image":{"@id":"https:\/\/prolab.ro\/product\/strecuratoare-ceai-hendi-cu-maner-agatabil-inox\/#primaryimage"},"thumbnailUrl":"https:\/\/prolab.ro\/wp-content\/uploads\/2025\/08\/ceai1.jpeg","datePublished":"2025-08-31T12:32:06+00:00","dateModified":"2025-08-31T12:35:32+00:00","description":"Strecuratoare Hendi pentru ceai din o\u021bel inoxidabil, cu maner agatabil. Perfect\u0103 pentru infuzarea rapid\u0103 \u0219i curat\u0103 a ceaiurilor \u0219i plantelor","breadcrumb":{"@id":"https:\/\/prolab.ro\/product\/strecuratoare-ceai-hendi-cu-maner-agatabil-inox\/#breadcrumb"},"inLanguage":"ro-RO","potentialAction":[{"@type":"ReadAction","target":["https:\/\/prolab.ro\/product\/strecuratoare-ceai-hendi-cu-maner-agatabil-inox\/"]}]},{"@type":"ImageObject","inLanguage":"ro-RO","@id":"https:\/\/prolab.ro\/product\/strecuratoare-ceai-hendi-cu-maner-agatabil-inox\/#primaryimage","url":"https:\/\/prolab.ro\/wp-content\/uploads\/2025\/08\/ceai1.jpeg","contentUrl":"https:\/\/prolab.ro\/wp-content\/uploads\/2025\/08\/ceai1.jpeg","width":550,"height":550},{"@type":"BreadcrumbList","@id":"https:\/\/prolab.ro\/product\/strecuratoare-ceai-hendi-cu-maner-agatabil-inox\/#breadcrumb","itemListElement":[{"@type":"ListItem","position":1,"name":"Home","item":"https:\/\/prolab.ro\/"},{"@type":"ListItem","position":2,"name":"Shop","item":"https:\/\/prolab.ro\/shop\/"},{"@type":"ListItem","position":3,"name":"Strecuratoare ceai Hendi &#8211; cu maner agatabil, inox"}]},{"@type":"WebSite","@id":"https:\/\/prolab.ro\/ro\/#website","url":"https:\/\/prolab.ro\/ro\/","name":"www.prolab.ro","description":"Echipamente profesionale HORECA","publisher":{"@id":"https:\/\/prolab.ro\/ro\/#organization"},"potentialAction":[{"@type":"SearchAction","target":{"@type":"EntryPoint","urlTemplate":"https:\/\/prolab.ro\/ro\/?s={search_term_string}"},"query-input":{"@type":"PropertyValueSpecification","valueRequired":true,"valueName":"search_term_string"}}],"inLanguage":"ro-RO"},{"@type":"Organization","@id":"https:\/\/prolab.ro\/ro\/#organization","name":"HORECA PROLAB SRL","url":"https:\/\/prolab.ro\/ro\/","logo":{"@type":"ImageObject","inLanguage":"ro-RO","@id":"https:\/\/prolab.ro\/ro\/#\/schema\/logo\/image\/","url":"https:\/\/prolab.ro\/wp-content\/uploads\/2020\/10\/cropped-2019-06-21-logos-03-B-red.png","contentUrl":"https:\/\/prolab.ro\/wp-content\/uploads\/2020\/10\/cropped-2019-06-21-logos-03-B-red.png","width":1963,"height":546,"caption":"HORECA PROLAB SRL"},"image":{"@id":"https:\/\/prolab.ro\/ro\/#\/schema\/logo\/image\/"},"sameAs":["https:\/\/www.facebook.com\/profile.php?id=100063772800673"]}]}},"_links":{"self":[{"href":"https:\/\/prolab.ro\/ro\/wp-json\/wp\/v2\/product\/2578","targetHints":{"allow":["GET"]}}],"collection":[{"href":"https:\/\/prolab.ro\/ro\/wp-json\/wp\/v2\/product"}],"about":[{"href":"https:\/\/prolab.ro\/ro\/wp-json\/wp\/v2\/types\/product"}],"replies":[{"embeddable":true,"href":"https:\/\/prolab.ro\/ro\/wp-json\/wp\/v2\/comments?post=2578"}],"wp:featuredmedia":[{"embeddable":true,"href":"https:\/\/prolab.ro\/ro\/wp-json\/wp\/v2\/media\/2656"}],"wp:attachment":[{"href":"https:\/\/prolab.ro\/ro\/wp-json\/wp\/v2\/media?parent=2578"}],"wp:term":[{"taxonomy":"product_brand","embeddable":true,"href":"https:\/\/prolab.ro\/ro\/wp-json\/wp\/v2\/product_brand?post=2578"},{"taxonomy":"product_cat","embeddable":true,"href":"https:\/\/prolab.ro\/ro\/wp-json\/wp\/v2\/product_cat?post=2578"},{"taxonomy":"product_tag","embeddable":true,"href":"https:\/\/prolab.ro\/ro\/wp-json\/wp\/v2\/product_tag?post=2578"}],"curies":[{"name":"wp","href":"https:\/\/api.w.org\/{rel}","templated":true}]}}