{"id":2568,"date":"2025-08-31T15:31:12","date_gmt":"2025-08-31T12:31:12","guid":{"rendered":"https:\/\/prolab.ro\/?post_type=product&#038;p=2568"},"modified":"2025-08-31T15:35:10","modified_gmt":"2025-08-31T12:35:10","slug":"vanilla-chai-fonte-2-kg-2","status":"publish","type":"product","link":"https:\/\/prolab.ro\/ro\/produs\/vanilla-chai-fonte-2-kg-2\/","title":{"rendered":"Vanilla Chai Fonte 2 kg"},"content":{"rendered":"<p>O bautura originara din sudul Asiei, con\u021bine ceai negru, vanilie, scor\u021bi\u0219oara \u0219i ghimbir. Consum\u00e2nd Vanilla Chai poate fi o modalitate de a aprecia \u0219i a te bucura de o b\u0103utur\u0103 cu o istorie cultural\u0103 bogata. Po\u021bi sa \u00eel faci cald sau cu gheata, decizia e la tine.<\/p>\n<p><strong>Mod de preparare:<\/strong> Se dizolva 30 gr. de produs intr-o cea\u0219c\u0103 cu putina apa fierbinte. Se adaug\u0103 250 ml lapte fierbinte de vaca sau vegetal. Aplicand metoda de latte art, se pot obtine forme si desene frumoase. Dar la fel de delicios iese \u0219i cu gheata \u00een varianta de vara.<\/p>\n<p><strong>Cantitate:<\/strong> Pentru 66 de portii.<\/p>\n<p><strong>Gramaj:<\/strong> 2 kg.<\/p>\n<p><strong>Ingrediente<\/strong>: zahar, maltodextrin\u0103, scortisoara, ghimbir, pudra ceai negru, amidon de porumb, condimente, aroma.<\/p>\n<p>Valori nutritionale per 20g: Energie 1515kj\/365kcal, Grasimi 0,5g (din care saturate 0,1g), Carbohidrati 91,4g, Zahar 76,5g, Proteina 0,4g, Sare 0,1g.<\/p>\n<p><strong>Produs in Germania.<\/strong><\/p>","protected":false},"excerpt":{"rendered":"<p>B\u0103utur\u0103 cremoas\u0103 de vanilie cu aroma subtila de condimente<\/p>","protected":false},"featured_media":2646,"comment_status":"closed","ping_status":"closed","template":"","meta":{"ocean_post_layout":"","ocean_both_sidebars_style":"","ocean_both_sidebars_content_width":0,"ocean_both_sidebars_sidebars_width":0,"ocean_sidebar":"","ocean_second_sidebar":"","ocean_disable_margins":"enable","ocean_add_body_class":"","ocean_shortcode_before_top_bar":"","ocean_shortcode_after_top_bar":"","ocean_shortcode_before_header":"","ocean_shortcode_after_header":"","ocean_has_shortcode":"","ocean_shortcode_after_title":"","ocean_shortcode_before_footer_widgets":"","ocean_shortcode_after_footer_widgets":"","ocean_shortcode_before_footer_bottom":"","ocean_shortcode_after_footer_bottom":"","ocean_display_top_bar":"default","ocean_display_header":"default","ocean_header_style":"","ocean_center_header_left_menu":"","ocean_custom_header_template":"","ocean_custom_logo":0,"ocean_custom_retina_logo":0,"ocean_custom_logo_max_width":0,"ocean_custom_logo_tablet_max_width":0,"ocean_custom_logo_mobile_max_width":0,"ocean_custom_logo_max_height":0,"ocean_custom_logo_tablet_max_height":0,"ocean_custom_logo_mobile_max_height":0,"ocean_header_custom_menu":"","ocean_menu_typo_font_family":"","ocean_menu_typo_font_subset":"","ocean_menu_typo_font_size":0,"ocean_menu_typo_font_size_tablet":0,"ocean_menu_typo_font_size_mobile":0,"ocean_menu_typo_font_size_unit":"px","ocean_menu_typo_font_weight":"","ocean_menu_typo_font_weight_tablet":"","ocean_menu_typo_font_weight_mobile":"","ocean_menu_typo_transform":"","ocean_menu_typo_transform_tablet":"","ocean_menu_typo_transform_mobile":"","ocean_menu_typo_line_height":0,"ocean_menu_typo_line_height_tablet":0,"ocean_menu_typo_line_height_mobile":0,"ocean_menu_typo_line_height_unit":"","ocean_menu_typo_spacing":0,"ocean_menu_typo_spacing_tablet":0,"ocean_menu_typo_spacing_mobile":0,"ocean_menu_typo_spacing_unit":"","ocean_menu_link_color":"","ocean_menu_link_color_hover":"","ocean_menu_link_color_active":"","ocean_menu_link_background":"","ocean_menu_link_hover_background":"","ocean_menu_link_active_background":"","ocean_menu_social_links_bg":"","ocean_menu_social_hover_links_bg":"","ocean_menu_social_links_color":"","ocean_menu_social_hover_links_color":"","ocean_disable_title":"default","ocean_disable_heading":"default","ocean_post_title":"","ocean_post_subheading":"","ocean_post_title_style":"","ocean_post_title_background_color":"","ocean_post_title_background":0,"ocean_post_title_bg_image_position":"","ocean_post_title_bg_image_attachment":"","ocean_post_title_bg_image_repeat":"","ocean_post_title_bg_image_size":"","ocean_post_title_height":0,"ocean_post_title_bg_overlay":0.5,"ocean_post_title_bg_overlay_color":"","ocean_disable_breadcrumbs":"default","ocean_breadcrumbs_color":"","ocean_breadcrumbs_separator_color":"","ocean_breadcrumbs_links_color":"","ocean_breadcrumbs_links_hover_color":"","ocean_display_footer_widgets":"default","ocean_display_footer_bottom":"default","ocean_custom_footer_template":""},"product_brand":[],"product_cat":[483],"product_tag":[249,484,200,487,655,196],"class_list":{"0":"post-2568","1":"product","2":"type-product","3":"status-publish","4":"has-post-thumbnail","6":"product_cat-vegan-chai-latte","7":"product_tag-bautura-calda","8":"product_tag-chai-latte","9":"product_tag-fonte","10":"product_tag-vanilla-chai","11":"product_tag-vanilla-vegan-beverage","12":"product_tag-vegan","14":"entry","15":"has-media","17":"first","18":"instock","19":"taxable","20":"shipping-taxable","21":"purchasable","22":"product-type-simple","23":"has-product-nav","24":"col","25":"span_1_of_2","26":"owp-content-center","27":"owp-thumbs-layout-horizontal","28":"owp-btn-normal","29":"owp-tabs-layout-horizontal"},"yoast_head":"<!-- This site is optimized with the Yoast SEO plugin v27.5 - https:\/\/yoast.com\/product\/yoast-seo-wordpress\/ -->\n<title>Vanilla Chai Fonte 2 kg - PROLAB<\/title>\n<meta name=\"description\" content=\"Amestec unic care te poart\u0103 \u00eentr-o c\u0103l\u0103torie senzorial\u0103 a condimentelor precum scor\u021bi\u0219oara si ghimbirul, iar la final se \u00eent\u00e2lne\u0219te cu dulcea\u021ba vaniliei.\" \/>\n<meta name=\"robots\" content=\"index, follow, max-snippet:-1, max-image-preview:large, max-video-preview:-1\" \/>\n<link rel=\"canonical\" href=\"https:\/\/prolab.ro\/ro\/produs\/vanilla-chai-fonte-2-kg-2\/\" \/>\n<meta property=\"og:locale\" content=\"ro_RO\" \/>\n<meta property=\"og:type\" content=\"article\" \/>\n<meta property=\"og:title\" content=\"Vanilla Chai Fonte 2 kg - PROLAB\" \/>\n<meta property=\"og:description\" content=\"Amestec unic care te poart\u0103 \u00eentr-o c\u0103l\u0103torie senzorial\u0103 a condimentelor precum scor\u021bi\u0219oara si ghimbirul, iar la final se \u00eent\u00e2lne\u0219te cu dulcea\u021ba vaniliei.\" \/>\n<meta property=\"og:url\" content=\"https:\/\/prolab.ro\/ro\/produs\/vanilla-chai-fonte-2-kg-2\/\" \/>\n<meta property=\"og:site_name\" content=\"PROLAB\" \/>\n<meta property=\"article:publisher\" content=\"https:\/\/www.facebook.com\/profile.php?id=100063772800673\" \/>\n<meta property=\"article:modified_time\" content=\"2025-08-31T12:35:10+00:00\" \/>\n<meta property=\"og:image\" content=\"https:\/\/prolab.ro\/wp-content\/uploads\/2025\/08\/Fonte-Vanilla-Chai-scaled-1.jpg\" \/>\n\t<meta property=\"og:image:width\" content=\"2151\" \/>\n\t<meta property=\"og:image:height\" content=\"2560\" \/>\n\t<meta property=\"og:image:type\" content=\"image\/jpeg\" \/>\n<meta name=\"twitter:card\" content=\"summary_large_image\" \/>\n<meta name=\"twitter:label1\" content=\"Timp estimat pentru citire\" \/>\n\t<meta name=\"twitter:data1\" content=\"1 minut\" \/>\n<script type=\"application\/ld+json\" class=\"yoast-schema-graph\">{\"@context\":\"https:\\\/\\\/schema.org\",\"@graph\":[{\"@type\":\"WebPage\",\"@id\":\"https:\\\/\\\/prolab.ro\\\/product\\\/vanilla-chai-fonte-2-kg-2\\\/\",\"url\":\"https:\\\/\\\/prolab.ro\\\/product\\\/vanilla-chai-fonte-2-kg-2\\\/\",\"name\":\"Vanilla Chai Fonte 2 kg - PROLAB\",\"isPartOf\":{\"@id\":\"https:\\\/\\\/prolab.ro\\\/ro\\\/#website\"},\"primaryImageOfPage\":{\"@id\":\"https:\\\/\\\/prolab.ro\\\/product\\\/vanilla-chai-fonte-2-kg-2\\\/#primaryimage\"},\"image\":{\"@id\":\"https:\\\/\\\/prolab.ro\\\/product\\\/vanilla-chai-fonte-2-kg-2\\\/#primaryimage\"},\"thumbnailUrl\":\"https:\\\/\\\/prolab.ro\\\/wp-content\\\/uploads\\\/2025\\\/08\\\/Fonte-Vanilla-Chai-scaled-1.jpg\",\"datePublished\":\"2025-08-31T12:31:12+00:00\",\"dateModified\":\"2025-08-31T12:35:10+00:00\",\"description\":\"Amestec unic care te poart\u0103 \u00eentr-o c\u0103l\u0103torie senzorial\u0103 a condimentelor precum scor\u021bi\u0219oara si ghimbirul, iar la final se \u00eent\u00e2lne\u0219te cu dulcea\u021ba vaniliei.\",\"breadcrumb\":{\"@id\":\"https:\\\/\\\/prolab.ro\\\/product\\\/vanilla-chai-fonte-2-kg-2\\\/#breadcrumb\"},\"inLanguage\":\"ro-RO\",\"potentialAction\":[{\"@type\":\"ReadAction\",\"target\":[\"https:\\\/\\\/prolab.ro\\\/product\\\/vanilla-chai-fonte-2-kg-2\\\/\"]}]},{\"@type\":\"ImageObject\",\"inLanguage\":\"ro-RO\",\"@id\":\"https:\\\/\\\/prolab.ro\\\/product\\\/vanilla-chai-fonte-2-kg-2\\\/#primaryimage\",\"url\":\"https:\\\/\\\/prolab.ro\\\/wp-content\\\/uploads\\\/2025\\\/08\\\/Fonte-Vanilla-Chai-scaled-1.jpg\",\"contentUrl\":\"https:\\\/\\\/prolab.ro\\\/wp-content\\\/uploads\\\/2025\\\/08\\\/Fonte-Vanilla-Chai-scaled-1.jpg\",\"width\":2151,\"height\":2560},{\"@type\":\"BreadcrumbList\",\"@id\":\"https:\\\/\\\/prolab.ro\\\/product\\\/vanilla-chai-fonte-2-kg-2\\\/#breadcrumb\",\"itemListElement\":[{\"@type\":\"ListItem\",\"position\":1,\"name\":\"Home\",\"item\":\"https:\\\/\\\/prolab.ro\\\/\"},{\"@type\":\"ListItem\",\"position\":2,\"name\":\"Shop\",\"item\":\"https:\\\/\\\/prolab.ro\\\/shop\\\/\"},{\"@type\":\"ListItem\",\"position\":3,\"name\":\"Vanilla Chai Fonte 2 kg\"}]},{\"@type\":\"WebSite\",\"@id\":\"https:\\\/\\\/prolab.ro\\\/ro\\\/#website\",\"url\":\"https:\\\/\\\/prolab.ro\\\/ro\\\/\",\"name\":\"www.prolab.ro\",\"description\":\"Echipamente profesionale HORECA\",\"publisher\":{\"@id\":\"https:\\\/\\\/prolab.ro\\\/ro\\\/#organization\"},\"potentialAction\":[{\"@type\":\"SearchAction\",\"target\":{\"@type\":\"EntryPoint\",\"urlTemplate\":\"https:\\\/\\\/prolab.ro\\\/ro\\\/?s={search_term_string}\"},\"query-input\":{\"@type\":\"PropertyValueSpecification\",\"valueRequired\":true,\"valueName\":\"search_term_string\"}}],\"inLanguage\":\"ro-RO\"},{\"@type\":\"Organization\",\"@id\":\"https:\\\/\\\/prolab.ro\\\/ro\\\/#organization\",\"name\":\"HORECA PROLAB SRL\",\"url\":\"https:\\\/\\\/prolab.ro\\\/ro\\\/\",\"logo\":{\"@type\":\"ImageObject\",\"inLanguage\":\"ro-RO\",\"@id\":\"https:\\\/\\\/prolab.ro\\\/ro\\\/#\\\/schema\\\/logo\\\/image\\\/\",\"url\":\"https:\\\/\\\/prolab.ro\\\/wp-content\\\/uploads\\\/2020\\\/10\\\/cropped-2019-06-21-logos-03-B-red.png\",\"contentUrl\":\"https:\\\/\\\/prolab.ro\\\/wp-content\\\/uploads\\\/2020\\\/10\\\/cropped-2019-06-21-logos-03-B-red.png\",\"width\":1963,\"height\":546,\"caption\":\"HORECA PROLAB SRL\"},\"image\":{\"@id\":\"https:\\\/\\\/prolab.ro\\\/ro\\\/#\\\/schema\\\/logo\\\/image\\\/\"},\"sameAs\":[\"https:\\\/\\\/www.facebook.com\\\/profile.php?id=100063772800673\"]}]}<\/script>\n<!-- \/ Yoast SEO plugin. -->","yoast_head_json":{"title":"Vanilla Chai Fonte 2 kg - PROLAB","description":"Amestec unic care te poart\u0103 \u00eentr-o c\u0103l\u0103torie senzorial\u0103 a condimentelor precum scor\u021bi\u0219oara si ghimbirul, iar la final se \u00eent\u00e2lne\u0219te cu dulcea\u021ba vaniliei.","robots":{"index":"index","follow":"follow","max-snippet":"max-snippet:-1","max-image-preview":"max-image-preview:large","max-video-preview":"max-video-preview:-1"},"canonical":"https:\/\/prolab.ro\/ro\/produs\/vanilla-chai-fonte-2-kg-2\/","og_locale":"ro_RO","og_type":"article","og_title":"Vanilla Chai Fonte 2 kg - PROLAB","og_description":"Amestec unic care te poart\u0103 \u00eentr-o c\u0103l\u0103torie senzorial\u0103 a condimentelor precum scor\u021bi\u0219oara si ghimbirul, iar la final se \u00eent\u00e2lne\u0219te cu dulcea\u021ba vaniliei.","og_url":"https:\/\/prolab.ro\/ro\/produs\/vanilla-chai-fonte-2-kg-2\/","og_site_name":"PROLAB","article_publisher":"https:\/\/www.facebook.com\/profile.php?id=100063772800673","article_modified_time":"2025-08-31T12:35:10+00:00","og_image":[{"width":2151,"height":2560,"url":"https:\/\/prolab.ro\/wp-content\/uploads\/2025\/08\/Fonte-Vanilla-Chai-scaled-1.jpg","type":"image\/jpeg"}],"twitter_card":"summary_large_image","twitter_misc":{"Timp estimat pentru citire":"1 minut"},"schema":{"@context":"https:\/\/schema.org","@graph":[{"@type":"WebPage","@id":"https:\/\/prolab.ro\/product\/vanilla-chai-fonte-2-kg-2\/","url":"https:\/\/prolab.ro\/product\/vanilla-chai-fonte-2-kg-2\/","name":"Vanilla Chai Fonte 2 kg - PROLAB","isPartOf":{"@id":"https:\/\/prolab.ro\/ro\/#website"},"primaryImageOfPage":{"@id":"https:\/\/prolab.ro\/product\/vanilla-chai-fonte-2-kg-2\/#primaryimage"},"image":{"@id":"https:\/\/prolab.ro\/product\/vanilla-chai-fonte-2-kg-2\/#primaryimage"},"thumbnailUrl":"https:\/\/prolab.ro\/wp-content\/uploads\/2025\/08\/Fonte-Vanilla-Chai-scaled-1.jpg","datePublished":"2025-08-31T12:31:12+00:00","dateModified":"2025-08-31T12:35:10+00:00","description":"Amestec unic care te poart\u0103 \u00eentr-o c\u0103l\u0103torie senzorial\u0103 a condimentelor precum scor\u021bi\u0219oara si ghimbirul, iar la final se \u00eent\u00e2lne\u0219te cu dulcea\u021ba vaniliei.","breadcrumb":{"@id":"https:\/\/prolab.ro\/product\/vanilla-chai-fonte-2-kg-2\/#breadcrumb"},"inLanguage":"ro-RO","potentialAction":[{"@type":"ReadAction","target":["https:\/\/prolab.ro\/product\/vanilla-chai-fonte-2-kg-2\/"]}]},{"@type":"ImageObject","inLanguage":"ro-RO","@id":"https:\/\/prolab.ro\/product\/vanilla-chai-fonte-2-kg-2\/#primaryimage","url":"https:\/\/prolab.ro\/wp-content\/uploads\/2025\/08\/Fonte-Vanilla-Chai-scaled-1.jpg","contentUrl":"https:\/\/prolab.ro\/wp-content\/uploads\/2025\/08\/Fonte-Vanilla-Chai-scaled-1.jpg","width":2151,"height":2560},{"@type":"BreadcrumbList","@id":"https:\/\/prolab.ro\/product\/vanilla-chai-fonte-2-kg-2\/#breadcrumb","itemListElement":[{"@type":"ListItem","position":1,"name":"Home","item":"https:\/\/prolab.ro\/"},{"@type":"ListItem","position":2,"name":"Shop","item":"https:\/\/prolab.ro\/shop\/"},{"@type":"ListItem","position":3,"name":"Vanilla Chai Fonte 2 kg"}]},{"@type":"WebSite","@id":"https:\/\/prolab.ro\/ro\/#website","url":"https:\/\/prolab.ro\/ro\/","name":"www.prolab.ro","description":"Echipamente profesionale HORECA","publisher":{"@id":"https:\/\/prolab.ro\/ro\/#organization"},"potentialAction":[{"@type":"SearchAction","target":{"@type":"EntryPoint","urlTemplate":"https:\/\/prolab.ro\/ro\/?s={search_term_string}"},"query-input":{"@type":"PropertyValueSpecification","valueRequired":true,"valueName":"search_term_string"}}],"inLanguage":"ro-RO"},{"@type":"Organization","@id":"https:\/\/prolab.ro\/ro\/#organization","name":"HORECA PROLAB SRL","url":"https:\/\/prolab.ro\/ro\/","logo":{"@type":"ImageObject","inLanguage":"ro-RO","@id":"https:\/\/prolab.ro\/ro\/#\/schema\/logo\/image\/","url":"https:\/\/prolab.ro\/wp-content\/uploads\/2020\/10\/cropped-2019-06-21-logos-03-B-red.png","contentUrl":"https:\/\/prolab.ro\/wp-content\/uploads\/2020\/10\/cropped-2019-06-21-logos-03-B-red.png","width":1963,"height":546,"caption":"HORECA PROLAB SRL"},"image":{"@id":"https:\/\/prolab.ro\/ro\/#\/schema\/logo\/image\/"},"sameAs":["https:\/\/www.facebook.com\/profile.php?id=100063772800673"]}]}},"_links":{"self":[{"href":"https:\/\/prolab.ro\/ro\/wp-json\/wp\/v2\/product\/2568","targetHints":{"allow":["GET"]}}],"collection":[{"href":"https:\/\/prolab.ro\/ro\/wp-json\/wp\/v2\/product"}],"about":[{"href":"https:\/\/prolab.ro\/ro\/wp-json\/wp\/v2\/types\/product"}],"replies":[{"embeddable":true,"href":"https:\/\/prolab.ro\/ro\/wp-json\/wp\/v2\/comments?post=2568"}],"wp:featuredmedia":[{"embeddable":true,"href":"https:\/\/prolab.ro\/ro\/wp-json\/wp\/v2\/media\/2646"}],"wp:attachment":[{"href":"https:\/\/prolab.ro\/ro\/wp-json\/wp\/v2\/media?parent=2568"}],"wp:term":[{"taxonomy":"product_brand","embeddable":true,"href":"https:\/\/prolab.ro\/ro\/wp-json\/wp\/v2\/product_brand?post=2568"},{"taxonomy":"product_cat","embeddable":true,"href":"https:\/\/prolab.ro\/ro\/wp-json\/wp\/v2\/product_cat?post=2568"},{"taxonomy":"product_tag","embeddable":true,"href":"https:\/\/prolab.ro\/ro\/wp-json\/wp\/v2\/product_tag?post=2568"}],"curies":[{"name":"wp","href":"https:\/\/api.w.org\/{rel}","templated":true}]}}