{"id":2558,"date":"2025-08-31T15:29:16","date_gmt":"2025-08-31T12:29:16","guid":{"rendered":"https:\/\/prolab.ro\/?post_type=product&#038;p=2558"},"modified":"2025-08-31T15:34:47","modified_gmt":"2025-08-31T12:34:47","slug":"raspberry-chai-fonte-250g-2","status":"publish","type":"product","link":"https:\/\/prolab.ro\/ro\/produs\/raspberry-chai-fonte-250g-2\/","title":{"rendered":"Raspberry Chai Fonte 250g"},"content":{"rendered":"<p>Acest chai de zmeura te va incanta cu aromele proaspete de fructe. Contine ceai negru, scortisoara, sfecla si ghimbir. Po\u021bi sa \u00eel faci cald sau cu gheata, decizia e la tine.<\/p>\n<p><strong>Mod de preparare:<\/strong> Se dizolva 20 gr. de produs intr-o cea\u0219c\u0103 cu putina apa fierbinte. Se adaug\u0103 200 ml lapte fierbinte de vaca sau vegetal. Aplicand metoda de latte art, se pot obtine forme si desene frumoase. Dar la fel de delicios iese \u0219i cu gheata \u00een varianta de vara.<\/p>\n<p><strong>Cantitate:<\/strong> Pentru 12 de portii.<\/p>\n<p><strong>Gramaj:<\/strong> 250 g.<\/p>\n<p><strong>Ingrediente<\/strong>: zahar, maltodextrin\u0103, scortisoara, ghimbir, pudra ceai negru, amidon de porumb, pudra de sfecla, aroma.<\/p>\n<p>Valori nutritionale per 20g: Energie 309,4kj\/73,8kcal, Grasimi 0,08g (din care saturate 0,02g), Carbohidrati 15,3g, Zahar 14,5g, Proteina 0,1g, Sare 0,02g.<\/p>\n<p><strong>Produs in Germania.<\/strong><\/p>","protected":false},"excerpt":{"rendered":"<p>Zmeura, scortisoara, sfecla si ghimbir<\/p>","protected":false},"featured_media":2625,"comment_status":"closed","ping_status":"closed","template":"","meta":{"ocean_post_layout":"","ocean_both_sidebars_style":"","ocean_both_sidebars_content_width":0,"ocean_both_sidebars_sidebars_width":0,"ocean_sidebar":"","ocean_second_sidebar":"","ocean_disable_margins":"enable","ocean_add_body_class":"","ocean_shortcode_before_top_bar":"","ocean_shortcode_after_top_bar":"","ocean_shortcode_before_header":"","ocean_shortcode_after_header":"","ocean_has_shortcode":"","ocean_shortcode_after_title":"","ocean_shortcode_before_footer_widgets":"","ocean_shortcode_after_footer_widgets":"","ocean_shortcode_before_footer_bottom":"","ocean_shortcode_after_footer_bottom":"","ocean_display_top_bar":"default","ocean_display_header":"default","ocean_header_style":"","ocean_center_header_left_menu":"","ocean_custom_header_template":"","ocean_custom_logo":0,"ocean_custom_retina_logo":0,"ocean_custom_logo_max_width":0,"ocean_custom_logo_tablet_max_width":0,"ocean_custom_logo_mobile_max_width":0,"ocean_custom_logo_max_height":0,"ocean_custom_logo_tablet_max_height":0,"ocean_custom_logo_mobile_max_height":0,"ocean_header_custom_menu":"","ocean_menu_typo_font_family":"","ocean_menu_typo_font_subset":"","ocean_menu_typo_font_size":0,"ocean_menu_typo_font_size_tablet":0,"ocean_menu_typo_font_size_mobile":0,"ocean_menu_typo_font_size_unit":"px","ocean_menu_typo_font_weight":"","ocean_menu_typo_font_weight_tablet":"","ocean_menu_typo_font_weight_mobile":"","ocean_menu_typo_transform":"","ocean_menu_typo_transform_tablet":"","ocean_menu_typo_transform_mobile":"","ocean_menu_typo_line_height":0,"ocean_menu_typo_line_height_tablet":0,"ocean_menu_typo_line_height_mobile":0,"ocean_menu_typo_line_height_unit":"","ocean_menu_typo_spacing":0,"ocean_menu_typo_spacing_tablet":0,"ocean_menu_typo_spacing_mobile":0,"ocean_menu_typo_spacing_unit":"","ocean_menu_link_color":"","ocean_menu_link_color_hover":"","ocean_menu_link_color_active":"","ocean_menu_link_background":"","ocean_menu_link_hover_background":"","ocean_menu_link_active_background":"","ocean_menu_social_links_bg":"","ocean_menu_social_hover_links_bg":"","ocean_menu_social_links_color":"","ocean_menu_social_hover_links_color":"","ocean_disable_title":"default","ocean_disable_heading":"default","ocean_post_title":"","ocean_post_subheading":"","ocean_post_title_style":"","ocean_post_title_background_color":"","ocean_post_title_background":0,"ocean_post_title_bg_image_position":"","ocean_post_title_bg_image_attachment":"","ocean_post_title_bg_image_repeat":"","ocean_post_title_bg_image_size":"","ocean_post_title_height":0,"ocean_post_title_bg_overlay":0.5,"ocean_post_title_bg_overlay_color":"","ocean_disable_breadcrumbs":"default","ocean_breadcrumbs_color":"","ocean_breadcrumbs_separator_color":"","ocean_breadcrumbs_links_color":"","ocean_breadcrumbs_links_hover_color":"","ocean_display_footer_widgets":"default","ocean_display_footer_bottom":"default","ocean_custom_footer_template":""},"product_brand":[],"product_cat":[483],"product_tag":[485,267,484,200,650,217,196],"class_list":{"0":"post-2558","1":"product","2":"type-product","3":"status-publish","4":"has-post-thumbnail","6":"product_cat-vegan-chai-latte","7":"product_tag-bautura-zmeura","8":"product_tag-ceai-negru","9":"product_tag-chai-latte","10":"product_tag-fonte","11":"product_tag-roz","12":"product_tag-sfecla","13":"product_tag-vegan","15":"entry","16":"has-media","18":"first","19":"instock","20":"taxable","21":"shipping-taxable","22":"purchasable","23":"product-type-simple","24":"has-product-nav","25":"col","26":"span_1_of_2","27":"owp-content-center","28":"owp-thumbs-layout-horizontal","29":"owp-btn-normal","30":"owp-tabs-layout-horizontal"},"yoast_head":"<!-- This site is optimized with the Yoast SEO plugin v27.4 - https:\/\/yoast.com\/product\/yoast-seo-wordpress\/ -->\n<title>Raspberry Chai Fonte 250g - PROLAB<\/title>\n<meta name=\"description\" content=\"Raspberry Chai, un ceai unic ce \u00eembin\u0103 aromele intense de Chai cu dulcea\u021ba zmeurei, o experien\u021b\u0103 gustativ\u0103 deosebit\u0103, sanatos si perfect pentru relaxare\" \/>\n<meta name=\"robots\" content=\"index, follow, max-snippet:-1, max-image-preview:large, max-video-preview:-1\" \/>\n<link rel=\"canonical\" href=\"https:\/\/prolab.ro\/ro\/produs\/raspberry-chai-fonte-250g-2\/\" \/>\n<meta property=\"og:locale\" content=\"ro_RO\" \/>\n<meta property=\"og:type\" content=\"article\" \/>\n<meta property=\"og:title\" content=\"Raspberry Chai Fonte 250g - PROLAB\" \/>\n<meta property=\"og:description\" content=\"Raspberry Chai, un ceai unic ce \u00eembin\u0103 aromele intense de Chai cu dulcea\u021ba zmeurei, o experien\u021b\u0103 gustativ\u0103 deosebit\u0103, sanatos si perfect pentru relaxare\" \/>\n<meta property=\"og:url\" content=\"https:\/\/prolab.ro\/ro\/produs\/raspberry-chai-fonte-250g-2\/\" \/>\n<meta property=\"og:site_name\" content=\"PROLAB\" \/>\n<meta property=\"article:publisher\" content=\"https:\/\/www.facebook.com\/profile.php?id=100063772800673\" \/>\n<meta property=\"article:modified_time\" content=\"2025-08-31T12:34:47+00:00\" \/>\n<meta property=\"og:image\" content=\"https:\/\/prolab.ro\/wp-content\/uploads\/2025\/08\/Fonte-Raspberry-Chai-250g-scaled-1.jpg\" \/>\n\t<meta property=\"og:image:width\" content=\"2560\" \/>\n\t<meta property=\"og:image:height\" content=\"1707\" \/>\n\t<meta property=\"og:image:type\" content=\"image\/jpeg\" \/>\n<meta name=\"twitter:card\" content=\"summary_large_image\" \/>\n<meta name=\"twitter:label1\" content=\"Timp estimat pentru citire\" \/>\n\t<meta name=\"twitter:data1\" content=\"1 minut\" \/>\n<script type=\"application\/ld+json\" class=\"yoast-schema-graph\">{\"@context\":\"https:\\\/\\\/schema.org\",\"@graph\":[{\"@type\":\"WebPage\",\"@id\":\"https:\\\/\\\/prolab.ro\\\/product\\\/raspberry-chai-fonte-250g-2\\\/\",\"url\":\"https:\\\/\\\/prolab.ro\\\/product\\\/raspberry-chai-fonte-250g-2\\\/\",\"name\":\"Raspberry Chai Fonte 250g - PROLAB\",\"isPartOf\":{\"@id\":\"https:\\\/\\\/prolab.ro\\\/ro\\\/#website\"},\"primaryImageOfPage\":{\"@id\":\"https:\\\/\\\/prolab.ro\\\/product\\\/raspberry-chai-fonte-250g-2\\\/#primaryimage\"},\"image\":{\"@id\":\"https:\\\/\\\/prolab.ro\\\/product\\\/raspberry-chai-fonte-250g-2\\\/#primaryimage\"},\"thumbnailUrl\":\"https:\\\/\\\/prolab.ro\\\/wp-content\\\/uploads\\\/2025\\\/08\\\/Fonte-Raspberry-Chai-250g-scaled-1.jpg\",\"datePublished\":\"2025-08-31T12:29:16+00:00\",\"dateModified\":\"2025-08-31T12:34:47+00:00\",\"description\":\"Raspberry Chai, un ceai unic ce \u00eembin\u0103 aromele intense de Chai cu dulcea\u021ba zmeurei, o experien\u021b\u0103 gustativ\u0103 deosebit\u0103, sanatos si perfect pentru relaxare\",\"breadcrumb\":{\"@id\":\"https:\\\/\\\/prolab.ro\\\/product\\\/raspberry-chai-fonte-250g-2\\\/#breadcrumb\"},\"inLanguage\":\"ro-RO\",\"potentialAction\":[{\"@type\":\"ReadAction\",\"target\":[\"https:\\\/\\\/prolab.ro\\\/product\\\/raspberry-chai-fonte-250g-2\\\/\"]}]},{\"@type\":\"ImageObject\",\"inLanguage\":\"ro-RO\",\"@id\":\"https:\\\/\\\/prolab.ro\\\/product\\\/raspberry-chai-fonte-250g-2\\\/#primaryimage\",\"url\":\"https:\\\/\\\/prolab.ro\\\/wp-content\\\/uploads\\\/2025\\\/08\\\/Fonte-Raspberry-Chai-250g-scaled-1.jpg\",\"contentUrl\":\"https:\\\/\\\/prolab.ro\\\/wp-content\\\/uploads\\\/2025\\\/08\\\/Fonte-Raspberry-Chai-250g-scaled-1.jpg\",\"width\":2560,\"height\":1707},{\"@type\":\"BreadcrumbList\",\"@id\":\"https:\\\/\\\/prolab.ro\\\/product\\\/raspberry-chai-fonte-250g-2\\\/#breadcrumb\",\"itemListElement\":[{\"@type\":\"ListItem\",\"position\":1,\"name\":\"Home\",\"item\":\"https:\\\/\\\/prolab.ro\\\/\"},{\"@type\":\"ListItem\",\"position\":2,\"name\":\"Shop\",\"item\":\"https:\\\/\\\/prolab.ro\\\/shop\\\/\"},{\"@type\":\"ListItem\",\"position\":3,\"name\":\"Raspberry Chai Fonte 250g\"}]},{\"@type\":\"WebSite\",\"@id\":\"https:\\\/\\\/prolab.ro\\\/ro\\\/#website\",\"url\":\"https:\\\/\\\/prolab.ro\\\/ro\\\/\",\"name\":\"www.prolab.ro\",\"description\":\"Echipamente profesionale HORECA\",\"publisher\":{\"@id\":\"https:\\\/\\\/prolab.ro\\\/ro\\\/#organization\"},\"potentialAction\":[{\"@type\":\"SearchAction\",\"target\":{\"@type\":\"EntryPoint\",\"urlTemplate\":\"https:\\\/\\\/prolab.ro\\\/ro\\\/?s={search_term_string}\"},\"query-input\":{\"@type\":\"PropertyValueSpecification\",\"valueRequired\":true,\"valueName\":\"search_term_string\"}}],\"inLanguage\":\"ro-RO\"},{\"@type\":\"Organization\",\"@id\":\"https:\\\/\\\/prolab.ro\\\/ro\\\/#organization\",\"name\":\"HORECA PROLAB SRL\",\"url\":\"https:\\\/\\\/prolab.ro\\\/ro\\\/\",\"logo\":{\"@type\":\"ImageObject\",\"inLanguage\":\"ro-RO\",\"@id\":\"https:\\\/\\\/prolab.ro\\\/ro\\\/#\\\/schema\\\/logo\\\/image\\\/\",\"url\":\"https:\\\/\\\/prolab.ro\\\/wp-content\\\/uploads\\\/2020\\\/10\\\/cropped-2019-06-21-logos-03-B-red.png\",\"contentUrl\":\"https:\\\/\\\/prolab.ro\\\/wp-content\\\/uploads\\\/2020\\\/10\\\/cropped-2019-06-21-logos-03-B-red.png\",\"width\":1963,\"height\":546,\"caption\":\"HORECA PROLAB SRL\"},\"image\":{\"@id\":\"https:\\\/\\\/prolab.ro\\\/ro\\\/#\\\/schema\\\/logo\\\/image\\\/\"},\"sameAs\":[\"https:\\\/\\\/www.facebook.com\\\/profile.php?id=100063772800673\"]}]}<\/script>\n<!-- \/ Yoast SEO plugin. -->","yoast_head_json":{"title":"Raspberry Chai Fonte 250g - PROLAB","description":"Raspberry Chai, un ceai unic ce \u00eembin\u0103 aromele intense de Chai cu dulcea\u021ba zmeurei, o experien\u021b\u0103 gustativ\u0103 deosebit\u0103, sanatos si perfect pentru relaxare","robots":{"index":"index","follow":"follow","max-snippet":"max-snippet:-1","max-image-preview":"max-image-preview:large","max-video-preview":"max-video-preview:-1"},"canonical":"https:\/\/prolab.ro\/ro\/produs\/raspberry-chai-fonte-250g-2\/","og_locale":"ro_RO","og_type":"article","og_title":"Raspberry Chai Fonte 250g - PROLAB","og_description":"Raspberry Chai, un ceai unic ce \u00eembin\u0103 aromele intense de Chai cu dulcea\u021ba zmeurei, o experien\u021b\u0103 gustativ\u0103 deosebit\u0103, sanatos si perfect pentru relaxare","og_url":"https:\/\/prolab.ro\/ro\/produs\/raspberry-chai-fonte-250g-2\/","og_site_name":"PROLAB","article_publisher":"https:\/\/www.facebook.com\/profile.php?id=100063772800673","article_modified_time":"2025-08-31T12:34:47+00:00","og_image":[{"width":2560,"height":1707,"url":"https:\/\/prolab.ro\/wp-content\/uploads\/2025\/08\/Fonte-Raspberry-Chai-250g-scaled-1.jpg","type":"image\/jpeg"}],"twitter_card":"summary_large_image","twitter_misc":{"Timp estimat pentru citire":"1 minut"},"schema":{"@context":"https:\/\/schema.org","@graph":[{"@type":"WebPage","@id":"https:\/\/prolab.ro\/product\/raspberry-chai-fonte-250g-2\/","url":"https:\/\/prolab.ro\/product\/raspberry-chai-fonte-250g-2\/","name":"Raspberry Chai Fonte 250g - PROLAB","isPartOf":{"@id":"https:\/\/prolab.ro\/ro\/#website"},"primaryImageOfPage":{"@id":"https:\/\/prolab.ro\/product\/raspberry-chai-fonte-250g-2\/#primaryimage"},"image":{"@id":"https:\/\/prolab.ro\/product\/raspberry-chai-fonte-250g-2\/#primaryimage"},"thumbnailUrl":"https:\/\/prolab.ro\/wp-content\/uploads\/2025\/08\/Fonte-Raspberry-Chai-250g-scaled-1.jpg","datePublished":"2025-08-31T12:29:16+00:00","dateModified":"2025-08-31T12:34:47+00:00","description":"Raspberry Chai, un ceai unic ce \u00eembin\u0103 aromele intense de Chai cu dulcea\u021ba zmeurei, o experien\u021b\u0103 gustativ\u0103 deosebit\u0103, sanatos si perfect pentru relaxare","breadcrumb":{"@id":"https:\/\/prolab.ro\/product\/raspberry-chai-fonte-250g-2\/#breadcrumb"},"inLanguage":"ro-RO","potentialAction":[{"@type":"ReadAction","target":["https:\/\/prolab.ro\/product\/raspberry-chai-fonte-250g-2\/"]}]},{"@type":"ImageObject","inLanguage":"ro-RO","@id":"https:\/\/prolab.ro\/product\/raspberry-chai-fonte-250g-2\/#primaryimage","url":"https:\/\/prolab.ro\/wp-content\/uploads\/2025\/08\/Fonte-Raspberry-Chai-250g-scaled-1.jpg","contentUrl":"https:\/\/prolab.ro\/wp-content\/uploads\/2025\/08\/Fonte-Raspberry-Chai-250g-scaled-1.jpg","width":2560,"height":1707},{"@type":"BreadcrumbList","@id":"https:\/\/prolab.ro\/product\/raspberry-chai-fonte-250g-2\/#breadcrumb","itemListElement":[{"@type":"ListItem","position":1,"name":"Home","item":"https:\/\/prolab.ro\/"},{"@type":"ListItem","position":2,"name":"Shop","item":"https:\/\/prolab.ro\/shop\/"},{"@type":"ListItem","position":3,"name":"Raspberry Chai Fonte 250g"}]},{"@type":"WebSite","@id":"https:\/\/prolab.ro\/ro\/#website","url":"https:\/\/prolab.ro\/ro\/","name":"www.prolab.ro","description":"Echipamente profesionale HORECA","publisher":{"@id":"https:\/\/prolab.ro\/ro\/#organization"},"potentialAction":[{"@type":"SearchAction","target":{"@type":"EntryPoint","urlTemplate":"https:\/\/prolab.ro\/ro\/?s={search_term_string}"},"query-input":{"@type":"PropertyValueSpecification","valueRequired":true,"valueName":"search_term_string"}}],"inLanguage":"ro-RO"},{"@type":"Organization","@id":"https:\/\/prolab.ro\/ro\/#organization","name":"HORECA PROLAB SRL","url":"https:\/\/prolab.ro\/ro\/","logo":{"@type":"ImageObject","inLanguage":"ro-RO","@id":"https:\/\/prolab.ro\/ro\/#\/schema\/logo\/image\/","url":"https:\/\/prolab.ro\/wp-content\/uploads\/2020\/10\/cropped-2019-06-21-logos-03-B-red.png","contentUrl":"https:\/\/prolab.ro\/wp-content\/uploads\/2020\/10\/cropped-2019-06-21-logos-03-B-red.png","width":1963,"height":546,"caption":"HORECA PROLAB SRL"},"image":{"@id":"https:\/\/prolab.ro\/ro\/#\/schema\/logo\/image\/"},"sameAs":["https:\/\/www.facebook.com\/profile.php?id=100063772800673"]}]}},"_links":{"self":[{"href":"https:\/\/prolab.ro\/ro\/wp-json\/wp\/v2\/product\/2558","targetHints":{"allow":["GET"]}}],"collection":[{"href":"https:\/\/prolab.ro\/ro\/wp-json\/wp\/v2\/product"}],"about":[{"href":"https:\/\/prolab.ro\/ro\/wp-json\/wp\/v2\/types\/product"}],"replies":[{"embeddable":true,"href":"https:\/\/prolab.ro\/ro\/wp-json\/wp\/v2\/comments?post=2558"}],"wp:featuredmedia":[{"embeddable":true,"href":"https:\/\/prolab.ro\/ro\/wp-json\/wp\/v2\/media\/2625"}],"wp:attachment":[{"href":"https:\/\/prolab.ro\/ro\/wp-json\/wp\/v2\/media?parent=2558"}],"wp:term":[{"taxonomy":"product_brand","embeddable":true,"href":"https:\/\/prolab.ro\/ro\/wp-json\/wp\/v2\/product_brand?post=2558"},{"taxonomy":"product_cat","embeddable":true,"href":"https:\/\/prolab.ro\/ro\/wp-json\/wp\/v2\/product_cat?post=2558"},{"taxonomy":"product_tag","embeddable":true,"href":"https:\/\/prolab.ro\/ro\/wp-json\/wp\/v2\/product_tag?post=2558"}],"curies":[{"name":"wp","href":"https:\/\/api.w.org\/{rel}","templated":true}]}}