{"id":2453,"date":"2025-08-31T15:17:58","date_gmt":"2025-08-31T12:17:58","guid":{"rendered":"https:\/\/prolab.ro\/?post_type=product&#038;p=2453"},"modified":"2025-08-31T15:21:18","modified_gmt":"2025-08-31T12:21:18","slug":"beetroot-cacao-latte-fonte-300g","status":"publish","type":"product","link":"https:\/\/prolab.ro\/ro\/produs\/beetroot-cacao-latte-fonte-300g\/","title":{"rendered":"Beetroot Cacao Latte Fonte 300g"},"content":{"rendered":"<p>Sfecla con\u021bine multe vitamine, minerale \u0219i substan\u021be nutritive, \u00een special importante pentru tensiunea arterial\u0103 \u0219i detoxifiere. \u00cen combina\u021bie cu cacao ajuta la decretarea hormonului de fericire. De aceea aceasta b\u0103utur\u0103 este mereu o alegere potrivit\u0103.<\/p>\n<p><strong>Mod de preparare:<\/strong> Se dizolva 2 linguri\u021be (10gr.) de produs intr-o cea\u0219c\u0103 cu putina apa fierbinte. Se adaug\u0103 200 ml lapte fierbinte de vaca sau vegetal. Aplicand metoda de latte art, se pot obtine forme si desene frumoase.<\/p>\n<p>Con\u021bine doar\u00a0<strong>ingrediente<\/strong>\u00a0naturale: pudra de sfecla, zah\u0103r din floare de cocos, pudra de cacao (15%), ghimbir.<\/p>\n<p><strong>Cantitate:<\/strong>Pentru aproximativ 30 de portii.<\/p>\n<p><strong>Gramaj:<\/strong> 300 grame<\/p>\n<p>Valori nutritionale per 100g: Energie 995,36kj\/245,2kcal, Grasimi 1,5g (din care saturate 0,8g), Carbohidrati 55,3g, Zahar 52,3g , Proteina 3,95g, Sare 0,5g.<\/p>\n<p><strong>Produs in Germania<\/strong><\/p>","protected":false},"excerpt":{"rendered":"<p>Vitaminizeaza-te cu aceasta bautura delicioasa si bucura-te de un latte art<\/p>","protected":false},"featured_media":2502,"comment_status":"closed","ping_status":"closed","template":"","meta":{"ocean_post_layout":"","ocean_both_sidebars_style":"","ocean_both_sidebars_content_width":0,"ocean_both_sidebars_sidebars_width":0,"ocean_sidebar":"","ocean_second_sidebar":"","ocean_disable_margins":"enable","ocean_add_body_class":"","ocean_shortcode_before_top_bar":"","ocean_shortcode_after_top_bar":"","ocean_shortcode_before_header":"","ocean_shortcode_after_header":"","ocean_has_shortcode":"","ocean_shortcode_after_title":"","ocean_shortcode_before_footer_widgets":"","ocean_shortcode_after_footer_widgets":"","ocean_shortcode_before_footer_bottom":"","ocean_shortcode_after_footer_bottom":"","ocean_display_top_bar":"default","ocean_display_header":"default","ocean_header_style":"","ocean_center_header_left_menu":"","ocean_custom_header_template":"","ocean_custom_logo":0,"ocean_custom_retina_logo":0,"ocean_custom_logo_max_width":0,"ocean_custom_logo_tablet_max_width":0,"ocean_custom_logo_mobile_max_width":0,"ocean_custom_logo_max_height":0,"ocean_custom_logo_tablet_max_height":0,"ocean_custom_logo_mobile_max_height":0,"ocean_header_custom_menu":"","ocean_menu_typo_font_family":"","ocean_menu_typo_font_subset":"","ocean_menu_typo_font_size":0,"ocean_menu_typo_font_size_tablet":0,"ocean_menu_typo_font_size_mobile":0,"ocean_menu_typo_font_size_unit":"px","ocean_menu_typo_font_weight":"","ocean_menu_typo_font_weight_tablet":"","ocean_menu_typo_font_weight_mobile":"","ocean_menu_typo_transform":"","ocean_menu_typo_transform_tablet":"","ocean_menu_typo_transform_mobile":"","ocean_menu_typo_line_height":0,"ocean_menu_typo_line_height_tablet":0,"ocean_menu_typo_line_height_mobile":0,"ocean_menu_typo_line_height_unit":"","ocean_menu_typo_spacing":0,"ocean_menu_typo_spacing_tablet":0,"ocean_menu_typo_spacing_mobile":0,"ocean_menu_typo_spacing_unit":"","ocean_menu_link_color":"","ocean_menu_link_color_hover":"","ocean_menu_link_color_active":"","ocean_menu_link_background":"","ocean_menu_link_hover_background":"","ocean_menu_link_active_background":"","ocean_menu_social_links_bg":"","ocean_menu_social_hover_links_bg":"","ocean_menu_social_links_color":"","ocean_menu_social_hover_links_color":"","ocean_disable_title":"default","ocean_disable_heading":"default","ocean_post_title":"","ocean_post_subheading":"","ocean_post_title_style":"","ocean_post_title_background_color":"","ocean_post_title_background":0,"ocean_post_title_bg_image_position":"","ocean_post_title_bg_image_attachment":"","ocean_post_title_bg_image_repeat":"","ocean_post_title_bg_image_size":"","ocean_post_title_height":0,"ocean_post_title_bg_overlay":0.5,"ocean_post_title_bg_overlay_color":"","ocean_disable_breadcrumbs":"default","ocean_breadcrumbs_color":"","ocean_breadcrumbs_separator_color":"","ocean_breadcrumbs_links_color":"","ocean_breadcrumbs_links_hover_color":"","ocean_display_footer_widgets":"default","ocean_display_footer_bottom":"default","ocean_custom_footer_template":""},"product_brand":[],"product_cat":[58],"product_tag":[510,511,186,225,200,512,357,513,514,124,356,196,222,247],"class_list":{"0":"post-2453","1":"product","2":"type-product","3":"status-publish","4":"has-post-thumbnail","6":"product_cat-superlatte","7":"product_tag-anotimpuri","8":"product_tag-beetroot-drink","9":"product_tag-cafenea","10":"product_tag-detox","11":"product_tag-fonte","12":"product_tag-hormon-fericire","13":"product_tag-nutritiv","14":"product_tag-sezon-tot-anul","15":"product_tag-sfecla-si-cacao","16":"product_tag-specialty","17":"product_tag-tensiune-arteriala","18":"product_tag-vegan","19":"product_tag-vitamine","20":"product_tag-winter-season","22":"entry","23":"has-media","25":"first","26":"instock","27":"taxable","28":"shipping-taxable","29":"purchasable","30":"product-type-simple","31":"has-product-nav","32":"col","33":"span_1_of_2","34":"owp-content-center","35":"owp-thumbs-layout-horizontal","36":"owp-btn-normal","37":"owp-tabs-layout-horizontal"},"yoast_head":"<!-- This site is optimized with the Yoast SEO plugin v27.5 - https:\/\/yoast.com\/product\/yoast-seo-wordpress\/ -->\n<title>Beetroot Cacao Latte Fonte 300g - PROLAB<\/title>\n<meta name=\"description\" content=\"\u00cenc\u00e2nt\u0103-\u021bi gusturile cu Beetroot Cacao Latte - o b\u0103utur\u0103 delicioas\u0103 \u0219i s\u0103n\u0103toas\u0103, cu cacao \u0219i sfecl\u0103 ro\u0219ie, perfect\u0103 pentru revitalizare.\" \/>\n<meta name=\"robots\" content=\"index, follow, max-snippet:-1, max-image-preview:large, max-video-preview:-1\" \/>\n<link rel=\"canonical\" href=\"https:\/\/prolab.ro\/ro\/produs\/beetroot-cacao-latte-fonte-300g\/\" \/>\n<meta property=\"og:locale\" content=\"ro_RO\" \/>\n<meta property=\"og:type\" content=\"article\" \/>\n<meta property=\"og:title\" content=\"Beetroot Cacao Latte Fonte 300g - PROLAB\" \/>\n<meta property=\"og:description\" content=\"\u00cenc\u00e2nt\u0103-\u021bi gusturile cu Beetroot Cacao Latte - o b\u0103utur\u0103 delicioas\u0103 \u0219i s\u0103n\u0103toas\u0103, cu cacao \u0219i sfecl\u0103 ro\u0219ie, perfect\u0103 pentru revitalizare.\" \/>\n<meta property=\"og:url\" content=\"https:\/\/prolab.ro\/ro\/produs\/beetroot-cacao-latte-fonte-300g\/\" \/>\n<meta property=\"og:site_name\" content=\"PROLAB\" \/>\n<meta property=\"article:publisher\" content=\"https:\/\/www.facebook.com\/profile.php?id=100063772800673\" \/>\n<meta property=\"article:modified_time\" content=\"2025-08-31T12:21:18+00:00\" \/>\n<meta property=\"og:image\" content=\"https:\/\/prolab.ro\/wp-content\/uploads\/2025\/08\/Fonte-Beetroot-Cacao-Latte-scaled-1.jpg\" \/>\n\t<meta property=\"og:image:width\" content=\"2560\" \/>\n\t<meta property=\"og:image:height\" content=\"1707\" \/>\n\t<meta property=\"og:image:type\" content=\"image\/jpeg\" \/>\n<meta name=\"twitter:card\" content=\"summary_large_image\" \/>\n<meta name=\"twitter:label1\" content=\"Timp estimat pentru citire\" \/>\n\t<meta name=\"twitter:data1\" content=\"1 minut\" \/>\n<script type=\"application\/ld+json\" class=\"yoast-schema-graph\">{\"@context\":\"https:\\\/\\\/schema.org\",\"@graph\":[{\"@type\":\"WebPage\",\"@id\":\"https:\\\/\\\/prolab.ro\\\/product\\\/beetroot-cacao-latte-fonte-300g\\\/\",\"url\":\"https:\\\/\\\/prolab.ro\\\/product\\\/beetroot-cacao-latte-fonte-300g\\\/\",\"name\":\"Beetroot Cacao Latte Fonte 300g - PROLAB\",\"isPartOf\":{\"@id\":\"https:\\\/\\\/prolab.ro\\\/ro\\\/#website\"},\"primaryImageOfPage\":{\"@id\":\"https:\\\/\\\/prolab.ro\\\/product\\\/beetroot-cacao-latte-fonte-300g\\\/#primaryimage\"},\"image\":{\"@id\":\"https:\\\/\\\/prolab.ro\\\/product\\\/beetroot-cacao-latte-fonte-300g\\\/#primaryimage\"},\"thumbnailUrl\":\"https:\\\/\\\/prolab.ro\\\/wp-content\\\/uploads\\\/2025\\\/08\\\/Fonte-Beetroot-Cacao-Latte-scaled-1.jpg\",\"datePublished\":\"2025-08-31T12:17:58+00:00\",\"dateModified\":\"2025-08-31T12:21:18+00:00\",\"description\":\"\u00cenc\u00e2nt\u0103-\u021bi gusturile cu Beetroot Cacao Latte - o b\u0103utur\u0103 delicioas\u0103 \u0219i s\u0103n\u0103toas\u0103, cu cacao \u0219i sfecl\u0103 ro\u0219ie, perfect\u0103 pentru revitalizare.\",\"breadcrumb\":{\"@id\":\"https:\\\/\\\/prolab.ro\\\/product\\\/beetroot-cacao-latte-fonte-300g\\\/#breadcrumb\"},\"inLanguage\":\"ro-RO\",\"potentialAction\":[{\"@type\":\"ReadAction\",\"target\":[\"https:\\\/\\\/prolab.ro\\\/product\\\/beetroot-cacao-latte-fonte-300g\\\/\"]}]},{\"@type\":\"ImageObject\",\"inLanguage\":\"ro-RO\",\"@id\":\"https:\\\/\\\/prolab.ro\\\/product\\\/beetroot-cacao-latte-fonte-300g\\\/#primaryimage\",\"url\":\"https:\\\/\\\/prolab.ro\\\/wp-content\\\/uploads\\\/2025\\\/08\\\/Fonte-Beetroot-Cacao-Latte-scaled-1.jpg\",\"contentUrl\":\"https:\\\/\\\/prolab.ro\\\/wp-content\\\/uploads\\\/2025\\\/08\\\/Fonte-Beetroot-Cacao-Latte-scaled-1.jpg\",\"width\":2560,\"height\":1707},{\"@type\":\"BreadcrumbList\",\"@id\":\"https:\\\/\\\/prolab.ro\\\/product\\\/beetroot-cacao-latte-fonte-300g\\\/#breadcrumb\",\"itemListElement\":[{\"@type\":\"ListItem\",\"position\":1,\"name\":\"Home\",\"item\":\"https:\\\/\\\/prolab.ro\\\/\"},{\"@type\":\"ListItem\",\"position\":2,\"name\":\"Shop\",\"item\":\"https:\\\/\\\/prolab.ro\\\/shop\\\/\"},{\"@type\":\"ListItem\",\"position\":3,\"name\":\"Beetroot Cacao Latte Fonte 300g\"}]},{\"@type\":\"WebSite\",\"@id\":\"https:\\\/\\\/prolab.ro\\\/ro\\\/#website\",\"url\":\"https:\\\/\\\/prolab.ro\\\/ro\\\/\",\"name\":\"www.prolab.ro\",\"description\":\"Echipamente profesionale HORECA\",\"publisher\":{\"@id\":\"https:\\\/\\\/prolab.ro\\\/ro\\\/#organization\"},\"potentialAction\":[{\"@type\":\"SearchAction\",\"target\":{\"@type\":\"EntryPoint\",\"urlTemplate\":\"https:\\\/\\\/prolab.ro\\\/ro\\\/?s={search_term_string}\"},\"query-input\":{\"@type\":\"PropertyValueSpecification\",\"valueRequired\":true,\"valueName\":\"search_term_string\"}}],\"inLanguage\":\"ro-RO\"},{\"@type\":\"Organization\",\"@id\":\"https:\\\/\\\/prolab.ro\\\/ro\\\/#organization\",\"name\":\"HORECA PROLAB SRL\",\"url\":\"https:\\\/\\\/prolab.ro\\\/ro\\\/\",\"logo\":{\"@type\":\"ImageObject\",\"inLanguage\":\"ro-RO\",\"@id\":\"https:\\\/\\\/prolab.ro\\\/ro\\\/#\\\/schema\\\/logo\\\/image\\\/\",\"url\":\"https:\\\/\\\/prolab.ro\\\/wp-content\\\/uploads\\\/2020\\\/10\\\/cropped-2019-06-21-logos-03-B-red.png\",\"contentUrl\":\"https:\\\/\\\/prolab.ro\\\/wp-content\\\/uploads\\\/2020\\\/10\\\/cropped-2019-06-21-logos-03-B-red.png\",\"width\":1963,\"height\":546,\"caption\":\"HORECA PROLAB SRL\"},\"image\":{\"@id\":\"https:\\\/\\\/prolab.ro\\\/ro\\\/#\\\/schema\\\/logo\\\/image\\\/\"},\"sameAs\":[\"https:\\\/\\\/www.facebook.com\\\/profile.php?id=100063772800673\"]}]}<\/script>\n<!-- \/ Yoast SEO plugin. -->","yoast_head_json":{"title":"Beetroot Cacao Latte Fonte 300g - PROLAB","description":"\u00cenc\u00e2nt\u0103-\u021bi gusturile cu Beetroot Cacao Latte - o b\u0103utur\u0103 delicioas\u0103 \u0219i s\u0103n\u0103toas\u0103, cu cacao \u0219i sfecl\u0103 ro\u0219ie, perfect\u0103 pentru revitalizare.","robots":{"index":"index","follow":"follow","max-snippet":"max-snippet:-1","max-image-preview":"max-image-preview:large","max-video-preview":"max-video-preview:-1"},"canonical":"https:\/\/prolab.ro\/ro\/produs\/beetroot-cacao-latte-fonte-300g\/","og_locale":"ro_RO","og_type":"article","og_title":"Beetroot Cacao Latte Fonte 300g - PROLAB","og_description":"\u00cenc\u00e2nt\u0103-\u021bi gusturile cu Beetroot Cacao Latte - o b\u0103utur\u0103 delicioas\u0103 \u0219i s\u0103n\u0103toas\u0103, cu cacao \u0219i sfecl\u0103 ro\u0219ie, perfect\u0103 pentru revitalizare.","og_url":"https:\/\/prolab.ro\/ro\/produs\/beetroot-cacao-latte-fonte-300g\/","og_site_name":"PROLAB","article_publisher":"https:\/\/www.facebook.com\/profile.php?id=100063772800673","article_modified_time":"2025-08-31T12:21:18+00:00","og_image":[{"width":2560,"height":1707,"url":"https:\/\/prolab.ro\/wp-content\/uploads\/2025\/08\/Fonte-Beetroot-Cacao-Latte-scaled-1.jpg","type":"image\/jpeg"}],"twitter_card":"summary_large_image","twitter_misc":{"Timp estimat pentru citire":"1 minut"},"schema":{"@context":"https:\/\/schema.org","@graph":[{"@type":"WebPage","@id":"https:\/\/prolab.ro\/product\/beetroot-cacao-latte-fonte-300g\/","url":"https:\/\/prolab.ro\/product\/beetroot-cacao-latte-fonte-300g\/","name":"Beetroot Cacao Latte Fonte 300g - PROLAB","isPartOf":{"@id":"https:\/\/prolab.ro\/ro\/#website"},"primaryImageOfPage":{"@id":"https:\/\/prolab.ro\/product\/beetroot-cacao-latte-fonte-300g\/#primaryimage"},"image":{"@id":"https:\/\/prolab.ro\/product\/beetroot-cacao-latte-fonte-300g\/#primaryimage"},"thumbnailUrl":"https:\/\/prolab.ro\/wp-content\/uploads\/2025\/08\/Fonte-Beetroot-Cacao-Latte-scaled-1.jpg","datePublished":"2025-08-31T12:17:58+00:00","dateModified":"2025-08-31T12:21:18+00:00","description":"\u00cenc\u00e2nt\u0103-\u021bi gusturile cu Beetroot Cacao Latte - o b\u0103utur\u0103 delicioas\u0103 \u0219i s\u0103n\u0103toas\u0103, cu cacao \u0219i sfecl\u0103 ro\u0219ie, perfect\u0103 pentru revitalizare.","breadcrumb":{"@id":"https:\/\/prolab.ro\/product\/beetroot-cacao-latte-fonte-300g\/#breadcrumb"},"inLanguage":"ro-RO","potentialAction":[{"@type":"ReadAction","target":["https:\/\/prolab.ro\/product\/beetroot-cacao-latte-fonte-300g\/"]}]},{"@type":"ImageObject","inLanguage":"ro-RO","@id":"https:\/\/prolab.ro\/product\/beetroot-cacao-latte-fonte-300g\/#primaryimage","url":"https:\/\/prolab.ro\/wp-content\/uploads\/2025\/08\/Fonte-Beetroot-Cacao-Latte-scaled-1.jpg","contentUrl":"https:\/\/prolab.ro\/wp-content\/uploads\/2025\/08\/Fonte-Beetroot-Cacao-Latte-scaled-1.jpg","width":2560,"height":1707},{"@type":"BreadcrumbList","@id":"https:\/\/prolab.ro\/product\/beetroot-cacao-latte-fonte-300g\/#breadcrumb","itemListElement":[{"@type":"ListItem","position":1,"name":"Home","item":"https:\/\/prolab.ro\/"},{"@type":"ListItem","position":2,"name":"Shop","item":"https:\/\/prolab.ro\/shop\/"},{"@type":"ListItem","position":3,"name":"Beetroot Cacao Latte Fonte 300g"}]},{"@type":"WebSite","@id":"https:\/\/prolab.ro\/ro\/#website","url":"https:\/\/prolab.ro\/ro\/","name":"www.prolab.ro","description":"Echipamente profesionale HORECA","publisher":{"@id":"https:\/\/prolab.ro\/ro\/#organization"},"potentialAction":[{"@type":"SearchAction","target":{"@type":"EntryPoint","urlTemplate":"https:\/\/prolab.ro\/ro\/?s={search_term_string}"},"query-input":{"@type":"PropertyValueSpecification","valueRequired":true,"valueName":"search_term_string"}}],"inLanguage":"ro-RO"},{"@type":"Organization","@id":"https:\/\/prolab.ro\/ro\/#organization","name":"HORECA PROLAB SRL","url":"https:\/\/prolab.ro\/ro\/","logo":{"@type":"ImageObject","inLanguage":"ro-RO","@id":"https:\/\/prolab.ro\/ro\/#\/schema\/logo\/image\/","url":"https:\/\/prolab.ro\/wp-content\/uploads\/2020\/10\/cropped-2019-06-21-logos-03-B-red.png","contentUrl":"https:\/\/prolab.ro\/wp-content\/uploads\/2020\/10\/cropped-2019-06-21-logos-03-B-red.png","width":1963,"height":546,"caption":"HORECA PROLAB SRL"},"image":{"@id":"https:\/\/prolab.ro\/ro\/#\/schema\/logo\/image\/"},"sameAs":["https:\/\/www.facebook.com\/profile.php?id=100063772800673"]}]}},"_links":{"self":[{"href":"https:\/\/prolab.ro\/ro\/wp-json\/wp\/v2\/product\/2453","targetHints":{"allow":["GET"]}}],"collection":[{"href":"https:\/\/prolab.ro\/ro\/wp-json\/wp\/v2\/product"}],"about":[{"href":"https:\/\/prolab.ro\/ro\/wp-json\/wp\/v2\/types\/product"}],"replies":[{"embeddable":true,"href":"https:\/\/prolab.ro\/ro\/wp-json\/wp\/v2\/comments?post=2453"}],"wp:featuredmedia":[{"embeddable":true,"href":"https:\/\/prolab.ro\/ro\/wp-json\/wp\/v2\/media\/2502"}],"wp:attachment":[{"href":"https:\/\/prolab.ro\/ro\/wp-json\/wp\/v2\/media?parent=2453"}],"wp:term":[{"taxonomy":"product_brand","embeddable":true,"href":"https:\/\/prolab.ro\/ro\/wp-json\/wp\/v2\/product_brand?post=2453"},{"taxonomy":"product_cat","embeddable":true,"href":"https:\/\/prolab.ro\/ro\/wp-json\/wp\/v2\/product_cat?post=2453"},{"taxonomy":"product_tag","embeddable":true,"href":"https:\/\/prolab.ro\/ro\/wp-json\/wp\/v2\/product_tag?post=2453"}],"curies":[{"name":"wp","href":"https:\/\/api.w.org\/{rel}","templated":true}]}}