{"id":2234,"date":"2024-02-07T15:26:25","date_gmt":"2024-02-07T12:26:25","guid":{"rendered":"https:\/\/prolab.ro\/?post_type=product&#038;p=2234"},"modified":"2025-05-03T11:31:45","modified_gmt":"2025-05-03T08:31:45","slug":"sistem-de-filtrare-a-apei-mijar-ap-400-complet-3600l","status":"publish","type":"product","link":"https:\/\/prolab.ro\/ro\/produs\/sistem-de-filtrare-a-apei-mijar-ap-400-complet-3600l\/","title":{"rendered":"Sistem de filtrare a apei Mijar AP 400 complet -3600L"},"content":{"rendered":"<p>Sistem de filtrare a apei Mijar AP 400 complet(cartus+cap+sistem prindere) pentru apa cu duritate mare.<\/p>\n<p>Sistemul Aqua Purion este o solu\u021bie foarte bun\u0103 de filtrare a apei pentru toate tipurile de aparate de cafea \u0219i cuptoare cu convectie.<br \/>\nAqua Purion combin\u0103 dedurizarea, purificarea, demineralizarea par\u021bial\u0103 \u0219i filtrarea apei. \u00cendep\u0103rteaz\u0103 duritatea carbonatic\u0103 (responsabil\u0103 de formarea depunerilor) \u0219i unele s\u0103ruri minerale.<br \/>\nDatorit\u0103 filtr\u0103rii pe c\u0103rbune activ din coaja de nuc\u0103 de cocos, toate substan\u021bele chimice \u0219i organice care provoac\u0103 gust nepl\u0103cut sau miros de ap\u0103 sunt \u00eendep\u0103rtate.<\/p>\n<p>Aqua Purion difer\u0103 prin faptul c\u0103, indiferent de calitatea apei de intrare, garanteaz\u0103 \u00eentotdeauna valoarea corect\u0103 a durit\u0103\u021bii carbonatice, f\u0103r\u0103 utilizarea mixerului.<br \/>\nCalitatea apei \u00eembun\u0103t\u0103\u021bit\u0103:<br \/>\n&#8211; ph neutru<br \/>\n&#8211; reduce duritatea carbonatului la 4-7 odh.<br \/>\n&#8211; reducerea TDS<br \/>\n&#8211; elimina clorul si alte impuritati care afecteaza gustul si mirosul apei<\/p>\n<p>U\u0219or de utilizat:<br \/>\n&#8211; \u00cenlocuire simpl\u0103 a cartu\u015fului<br \/>\n&#8211; blocare automata a fluxului la schimbarea filtrului<br \/>\nSe poate folosi debitmetrul de ap\u0103 <strong>DigiFlow 0.2<\/strong> &#8211; apometru extern (debit 0.2-5.0 litri\/min)<\/p>\n<p><strong>Informatii extra<\/strong>: \u00cen filtrele similare cunoscute pe pia\u021b\u0103, duritatea carbonatului este controlat\u0103 de un mixer cu ap\u0103 (amestec\u00e2nd ap\u0103 dur\u0103 \u0219i moale), al c\u0103rui efect este introducerea \u00een ap\u0103 a compu\u0219ilor de calciu \u0219i magneziu, care creeaz\u0103 depuneri de calcar. \u00cen plus la filtrele din piata, \u00een func\u021bie de duritatea apei de intrare, la fiecare instalare a filtrului trebuie reglat un bypass\/mixer; ceea ce nu este cazul in filtrele Mijar.<\/p>\n<p>Debitul filtrului: 0-3 litri\/minut<\/p>\n<p>Dimensiuni: 13,2x15x43,2 cm<\/p>\n<p>Produs in Polonia.<\/p>","protected":false},"excerpt":{"rendered":"<p>Sistem de filtrare a apei Mijar AP 400 complet(cartus+cap+sistem prindere) pentru apa cu duritate mare. Sistemul Aqua Purion este o solu\u021bie foarte bun\u0103 de filtrare a apei pentru toate tipurile de aparate de cafea \u0219i cuptoare cu convectie. Aqua Purion combin\u0103 dedurizarea, purificarea, demineralizarea par\u021bial\u0103 \u0219i filtrarea apei. \u00cendep\u0103rteaz\u0103 duritatea carbonatic\u0103 (responsabil\u0103 de formarea depunerilor) [&hellip;]<\/p>\n","protected":false},"featured_media":2235,"comment_status":"open","ping_status":"closed","template":"","meta":{"ocean_post_layout":"","ocean_both_sidebars_style":"","ocean_both_sidebars_content_width":0,"ocean_both_sidebars_sidebars_width":0,"ocean_sidebar":"0","ocean_second_sidebar":"0","ocean_disable_margins":"enable","ocean_add_body_class":"","ocean_shortcode_before_top_bar":"","ocean_shortcode_after_top_bar":"","ocean_shortcode_before_header":"","ocean_shortcode_after_header":"","ocean_has_shortcode":"","ocean_shortcode_after_title":"","ocean_shortcode_before_footer_widgets":"","ocean_shortcode_after_footer_widgets":"","ocean_shortcode_before_footer_bottom":"","ocean_shortcode_after_footer_bottom":"","ocean_display_top_bar":"default","ocean_display_header":"default","ocean_header_style":"","ocean_center_header_left_menu":"0","ocean_custom_header_template":"0","ocean_custom_logo":0,"ocean_custom_retina_logo":0,"ocean_custom_logo_max_width":0,"ocean_custom_logo_tablet_max_width":0,"ocean_custom_logo_mobile_max_width":0,"ocean_custom_logo_max_height":0,"ocean_custom_logo_tablet_max_height":0,"ocean_custom_logo_mobile_max_height":0,"ocean_header_custom_menu":"0","ocean_menu_typo_font_family":"0","ocean_menu_typo_font_subset":"","ocean_menu_typo_font_size":0,"ocean_menu_typo_font_size_tablet":0,"ocean_menu_typo_font_size_mobile":0,"ocean_menu_typo_font_size_unit":"px","ocean_menu_typo_font_weight":"","ocean_menu_typo_font_weight_tablet":"","ocean_menu_typo_font_weight_mobile":"","ocean_menu_typo_transform":"","ocean_menu_typo_transform_tablet":"","ocean_menu_typo_transform_mobile":"","ocean_menu_typo_line_height":0,"ocean_menu_typo_line_height_tablet":0,"ocean_menu_typo_line_height_mobile":0,"ocean_menu_typo_line_height_unit":"","ocean_menu_typo_spacing":0,"ocean_menu_typo_spacing_tablet":0,"ocean_menu_typo_spacing_mobile":0,"ocean_menu_typo_spacing_unit":"","ocean_menu_link_color":"","ocean_menu_link_color_hover":"","ocean_menu_link_color_active":"","ocean_menu_link_background":"","ocean_menu_link_hover_background":"","ocean_menu_link_active_background":"","ocean_menu_social_links_bg":"","ocean_menu_social_hover_links_bg":"","ocean_menu_social_links_color":"","ocean_menu_social_hover_links_color":"","ocean_disable_title":"default","ocean_disable_heading":"default","ocean_post_title":"","ocean_post_subheading":"","ocean_post_title_style":"","ocean_post_title_background_color":"","ocean_post_title_background":0,"ocean_post_title_bg_image_position":"","ocean_post_title_bg_image_attachment":"","ocean_post_title_bg_image_repeat":"","ocean_post_title_bg_image_size":"","ocean_post_title_height":0,"ocean_post_title_bg_overlay":0.5,"ocean_post_title_bg_overlay_color":"","ocean_disable_breadcrumbs":"default","ocean_breadcrumbs_color":"","ocean_breadcrumbs_separator_color":"","ocean_breadcrumbs_links_color":"","ocean_breadcrumbs_links_hover_color":"","ocean_display_footer_widgets":"default","ocean_display_footer_bottom":"default","ocean_custom_footer_template":"0"},"product_brand":[],"product_cat":[464],"product_tag":[462,466,467,472,474,471,465],"class_list":{"0":"post-2234","1":"product","2":"type-product","3":"status-publish","4":"has-post-thumbnail","6":"product_cat-sisteme-de-filtrare","7":"product_tag-anticalcar","8":"product_tag-antimagneziu","9":"product_tag-aparat-de-cafea","10":"product_tag-cuptor-convectie","11":"product_tag-duritate-mare","12":"product_tag-filtru-ap400","13":"product_tag-sistem-filtrare-mijar","15":"entry","16":"has-media","18":"first","19":"instock","20":"taxable","21":"shipping-taxable","22":"purchasable","23":"product-type-simple","24":"has-product-nav","25":"col","26":"span_1_of_2","27":"owp-content-center","28":"owp-thumbs-layout-horizontal","29":"owp-btn-normal","30":"owp-tabs-layout-horizontal","31":"has-no-thumbnails"},"yoast_head":"<!-- This site is optimized with the Yoast SEO plugin v27.4 - https:\/\/yoast.com\/product\/yoast-seo-wordpress\/ -->\n<title>Sistem de filtrare a apei Mijar AP 400 complet -3600L - PROLAB<\/title>\n<meta name=\"robots\" content=\"index, follow, max-snippet:-1, max-image-preview:large, max-video-preview:-1\" \/>\n<link rel=\"canonical\" href=\"https:\/\/prolab.ro\/ro\/produs\/sistem-de-filtrare-a-apei-mijar-ap-400-complet-3600l\/\" \/>\n<meta property=\"og:locale\" content=\"ro_RO\" \/>\n<meta property=\"og:type\" content=\"article\" \/>\n<meta property=\"og:title\" content=\"Sistem de filtrare a apei Mijar AP 400 complet -3600L - PROLAB\" \/>\n<meta property=\"og:description\" content=\"Sistem de filtrare a apei Mijar AP 400 complet(cartus+cap+sistem prindere) pentru apa cu duritate mare. Sistemul Aqua Purion este o solu\u021bie foarte bun\u0103 de filtrare a apei pentru toate tipurile de aparate de cafea \u0219i cuptoare cu convectie. Aqua Purion combin\u0103 dedurizarea, purificarea, demineralizarea par\u021bial\u0103 \u0219i filtrarea apei. \u00cendep\u0103rteaz\u0103 duritatea carbonatic\u0103 (responsabil\u0103 de formarea depunerilor) [&hellip;]\" \/>\n<meta property=\"og:url\" content=\"https:\/\/prolab.ro\/ro\/produs\/sistem-de-filtrare-a-apei-mijar-ap-400-complet-3600l\/\" \/>\n<meta property=\"og:site_name\" content=\"PROLAB\" \/>\n<meta property=\"article:publisher\" content=\"https:\/\/www.facebook.com\/profile.php?id=100063772800673\" \/>\n<meta property=\"article:modified_time\" content=\"2025-05-03T08:31:45+00:00\" \/>\n<meta property=\"og:image\" content=\"https:\/\/prolab.ro\/wp-content\/uploads\/2024\/02\/AP-400-cartridge-scaled.jpg\" \/>\n\t<meta property=\"og:image:width\" content=\"1707\" \/>\n\t<meta property=\"og:image:height\" content=\"2560\" \/>\n\t<meta property=\"og:image:type\" content=\"image\/jpeg\" \/>\n<meta name=\"twitter:card\" content=\"summary_large_image\" \/>\n<meta name=\"twitter:label1\" content=\"Timp estimat pentru citire\" \/>\n\t<meta name=\"twitter:data1\" content=\"1 minut\" \/>\n<script type=\"application\/ld+json\" class=\"yoast-schema-graph\">{\"@context\":\"https:\\\/\\\/schema.org\",\"@graph\":[{\"@type\":\"WebPage\",\"@id\":\"https:\\\/\\\/prolab.ro\\\/product\\\/sistem-de-filtrare-a-apei-mijar-ap-400-complet-3600l\\\/\",\"url\":\"https:\\\/\\\/prolab.ro\\\/product\\\/sistem-de-filtrare-a-apei-mijar-ap-400-complet-3600l\\\/\",\"name\":\"Sistem de filtrare a apei Mijar AP 400 complet -3600L - PROLAB\",\"isPartOf\":{\"@id\":\"https:\\\/\\\/prolab.ro\\\/ro\\\/#website\"},\"primaryImageOfPage\":{\"@id\":\"https:\\\/\\\/prolab.ro\\\/product\\\/sistem-de-filtrare-a-apei-mijar-ap-400-complet-3600l\\\/#primaryimage\"},\"image\":{\"@id\":\"https:\\\/\\\/prolab.ro\\\/product\\\/sistem-de-filtrare-a-apei-mijar-ap-400-complet-3600l\\\/#primaryimage\"},\"thumbnailUrl\":\"https:\\\/\\\/prolab.ro\\\/wp-content\\\/uploads\\\/2024\\\/02\\\/AP-400-cartridge-scaled.jpg\",\"datePublished\":\"2024-02-07T12:26:25+00:00\",\"dateModified\":\"2025-05-03T08:31:45+00:00\",\"breadcrumb\":{\"@id\":\"https:\\\/\\\/prolab.ro\\\/product\\\/sistem-de-filtrare-a-apei-mijar-ap-400-complet-3600l\\\/#breadcrumb\"},\"inLanguage\":\"ro-RO\",\"potentialAction\":[{\"@type\":\"ReadAction\",\"target\":[\"https:\\\/\\\/prolab.ro\\\/product\\\/sistem-de-filtrare-a-apei-mijar-ap-400-complet-3600l\\\/\"]}]},{\"@type\":\"ImageObject\",\"inLanguage\":\"ro-RO\",\"@id\":\"https:\\\/\\\/prolab.ro\\\/product\\\/sistem-de-filtrare-a-apei-mijar-ap-400-complet-3600l\\\/#primaryimage\",\"url\":\"https:\\\/\\\/prolab.ro\\\/wp-content\\\/uploads\\\/2024\\\/02\\\/AP-400-cartridge-scaled.jpg\",\"contentUrl\":\"https:\\\/\\\/prolab.ro\\\/wp-content\\\/uploads\\\/2024\\\/02\\\/AP-400-cartridge-scaled.jpg\",\"width\":1707,\"height\":2560,\"caption\":\"SONY DSC\"},{\"@type\":\"BreadcrumbList\",\"@id\":\"https:\\\/\\\/prolab.ro\\\/product\\\/sistem-de-filtrare-a-apei-mijar-ap-400-complet-3600l\\\/#breadcrumb\",\"itemListElement\":[{\"@type\":\"ListItem\",\"position\":1,\"name\":\"Home\",\"item\":\"https:\\\/\\\/prolab.ro\\\/\"},{\"@type\":\"ListItem\",\"position\":2,\"name\":\"Shop\",\"item\":\"https:\\\/\\\/prolab.ro\\\/shop\\\/\"},{\"@type\":\"ListItem\",\"position\":3,\"name\":\"Sistem de filtrare a apei Mijar AP 400 complet -3600L\"}]},{\"@type\":\"WebSite\",\"@id\":\"https:\\\/\\\/prolab.ro\\\/ro\\\/#website\",\"url\":\"https:\\\/\\\/prolab.ro\\\/ro\\\/\",\"name\":\"www.prolab.ro\",\"description\":\"Echipamente profesionale HORECA\",\"publisher\":{\"@id\":\"https:\\\/\\\/prolab.ro\\\/ro\\\/#organization\"},\"potentialAction\":[{\"@type\":\"SearchAction\",\"target\":{\"@type\":\"EntryPoint\",\"urlTemplate\":\"https:\\\/\\\/prolab.ro\\\/ro\\\/?s={search_term_string}\"},\"query-input\":{\"@type\":\"PropertyValueSpecification\",\"valueRequired\":true,\"valueName\":\"search_term_string\"}}],\"inLanguage\":\"ro-RO\"},{\"@type\":\"Organization\",\"@id\":\"https:\\\/\\\/prolab.ro\\\/ro\\\/#organization\",\"name\":\"HORECA PROLAB SRL\",\"url\":\"https:\\\/\\\/prolab.ro\\\/ro\\\/\",\"logo\":{\"@type\":\"ImageObject\",\"inLanguage\":\"ro-RO\",\"@id\":\"https:\\\/\\\/prolab.ro\\\/ro\\\/#\\\/schema\\\/logo\\\/image\\\/\",\"url\":\"https:\\\/\\\/prolab.ro\\\/wp-content\\\/uploads\\\/2020\\\/10\\\/cropped-2019-06-21-logos-03-B-red.png\",\"contentUrl\":\"https:\\\/\\\/prolab.ro\\\/wp-content\\\/uploads\\\/2020\\\/10\\\/cropped-2019-06-21-logos-03-B-red.png\",\"width\":1963,\"height\":546,\"caption\":\"HORECA PROLAB SRL\"},\"image\":{\"@id\":\"https:\\\/\\\/prolab.ro\\\/ro\\\/#\\\/schema\\\/logo\\\/image\\\/\"},\"sameAs\":[\"https:\\\/\\\/www.facebook.com\\\/profile.php?id=100063772800673\"]}]}<\/script>\n<!-- \/ Yoast SEO plugin. -->","yoast_head_json":{"title":"Sistem de filtrare a apei Mijar AP 400 complet -3600L - PROLAB","robots":{"index":"index","follow":"follow","max-snippet":"max-snippet:-1","max-image-preview":"max-image-preview:large","max-video-preview":"max-video-preview:-1"},"canonical":"https:\/\/prolab.ro\/ro\/produs\/sistem-de-filtrare-a-apei-mijar-ap-400-complet-3600l\/","og_locale":"ro_RO","og_type":"article","og_title":"Sistem de filtrare a apei Mijar AP 400 complet -3600L - PROLAB","og_description":"Sistem de filtrare a apei Mijar AP 400 complet(cartus+cap+sistem prindere) pentru apa cu duritate mare. Sistemul Aqua Purion este o solu\u021bie foarte bun\u0103 de filtrare a apei pentru toate tipurile de aparate de cafea \u0219i cuptoare cu convectie. Aqua Purion combin\u0103 dedurizarea, purificarea, demineralizarea par\u021bial\u0103 \u0219i filtrarea apei. \u00cendep\u0103rteaz\u0103 duritatea carbonatic\u0103 (responsabil\u0103 de formarea depunerilor) [&hellip;]","og_url":"https:\/\/prolab.ro\/ro\/produs\/sistem-de-filtrare-a-apei-mijar-ap-400-complet-3600l\/","og_site_name":"PROLAB","article_publisher":"https:\/\/www.facebook.com\/profile.php?id=100063772800673","article_modified_time":"2025-05-03T08:31:45+00:00","og_image":[{"width":1707,"height":2560,"url":"https:\/\/prolab.ro\/wp-content\/uploads\/2024\/02\/AP-400-cartridge-scaled.jpg","type":"image\/jpeg"}],"twitter_card":"summary_large_image","twitter_misc":{"Timp estimat pentru citire":"1 minut"},"schema":{"@context":"https:\/\/schema.org","@graph":[{"@type":"WebPage","@id":"https:\/\/prolab.ro\/product\/sistem-de-filtrare-a-apei-mijar-ap-400-complet-3600l\/","url":"https:\/\/prolab.ro\/product\/sistem-de-filtrare-a-apei-mijar-ap-400-complet-3600l\/","name":"Sistem de filtrare a apei Mijar AP 400 complet -3600L - PROLAB","isPartOf":{"@id":"https:\/\/prolab.ro\/ro\/#website"},"primaryImageOfPage":{"@id":"https:\/\/prolab.ro\/product\/sistem-de-filtrare-a-apei-mijar-ap-400-complet-3600l\/#primaryimage"},"image":{"@id":"https:\/\/prolab.ro\/product\/sistem-de-filtrare-a-apei-mijar-ap-400-complet-3600l\/#primaryimage"},"thumbnailUrl":"https:\/\/prolab.ro\/wp-content\/uploads\/2024\/02\/AP-400-cartridge-scaled.jpg","datePublished":"2024-02-07T12:26:25+00:00","dateModified":"2025-05-03T08:31:45+00:00","breadcrumb":{"@id":"https:\/\/prolab.ro\/product\/sistem-de-filtrare-a-apei-mijar-ap-400-complet-3600l\/#breadcrumb"},"inLanguage":"ro-RO","potentialAction":[{"@type":"ReadAction","target":["https:\/\/prolab.ro\/product\/sistem-de-filtrare-a-apei-mijar-ap-400-complet-3600l\/"]}]},{"@type":"ImageObject","inLanguage":"ro-RO","@id":"https:\/\/prolab.ro\/product\/sistem-de-filtrare-a-apei-mijar-ap-400-complet-3600l\/#primaryimage","url":"https:\/\/prolab.ro\/wp-content\/uploads\/2024\/02\/AP-400-cartridge-scaled.jpg","contentUrl":"https:\/\/prolab.ro\/wp-content\/uploads\/2024\/02\/AP-400-cartridge-scaled.jpg","width":1707,"height":2560,"caption":"SONY DSC"},{"@type":"BreadcrumbList","@id":"https:\/\/prolab.ro\/product\/sistem-de-filtrare-a-apei-mijar-ap-400-complet-3600l\/#breadcrumb","itemListElement":[{"@type":"ListItem","position":1,"name":"Home","item":"https:\/\/prolab.ro\/"},{"@type":"ListItem","position":2,"name":"Shop","item":"https:\/\/prolab.ro\/shop\/"},{"@type":"ListItem","position":3,"name":"Sistem de filtrare a apei Mijar AP 400 complet -3600L"}]},{"@type":"WebSite","@id":"https:\/\/prolab.ro\/ro\/#website","url":"https:\/\/prolab.ro\/ro\/","name":"www.prolab.ro","description":"Echipamente profesionale HORECA","publisher":{"@id":"https:\/\/prolab.ro\/ro\/#organization"},"potentialAction":[{"@type":"SearchAction","target":{"@type":"EntryPoint","urlTemplate":"https:\/\/prolab.ro\/ro\/?s={search_term_string}"},"query-input":{"@type":"PropertyValueSpecification","valueRequired":true,"valueName":"search_term_string"}}],"inLanguage":"ro-RO"},{"@type":"Organization","@id":"https:\/\/prolab.ro\/ro\/#organization","name":"HORECA PROLAB SRL","url":"https:\/\/prolab.ro\/ro\/","logo":{"@type":"ImageObject","inLanguage":"ro-RO","@id":"https:\/\/prolab.ro\/ro\/#\/schema\/logo\/image\/","url":"https:\/\/prolab.ro\/wp-content\/uploads\/2020\/10\/cropped-2019-06-21-logos-03-B-red.png","contentUrl":"https:\/\/prolab.ro\/wp-content\/uploads\/2020\/10\/cropped-2019-06-21-logos-03-B-red.png","width":1963,"height":546,"caption":"HORECA PROLAB SRL"},"image":{"@id":"https:\/\/prolab.ro\/ro\/#\/schema\/logo\/image\/"},"sameAs":["https:\/\/www.facebook.com\/profile.php?id=100063772800673"]}]}},"_links":{"self":[{"href":"https:\/\/prolab.ro\/ro\/wp-json\/wp\/v2\/product\/2234","targetHints":{"allow":["GET"]}}],"collection":[{"href":"https:\/\/prolab.ro\/ro\/wp-json\/wp\/v2\/product"}],"about":[{"href":"https:\/\/prolab.ro\/ro\/wp-json\/wp\/v2\/types\/product"}],"replies":[{"embeddable":true,"href":"https:\/\/prolab.ro\/ro\/wp-json\/wp\/v2\/comments?post=2234"}],"wp:featuredmedia":[{"embeddable":true,"href":"https:\/\/prolab.ro\/ro\/wp-json\/wp\/v2\/media\/2235"}],"wp:attachment":[{"href":"https:\/\/prolab.ro\/ro\/wp-json\/wp\/v2\/media?parent=2234"}],"wp:term":[{"taxonomy":"product_brand","embeddable":true,"href":"https:\/\/prolab.ro\/ro\/wp-json\/wp\/v2\/product_brand?post=2234"},{"taxonomy":"product_cat","embeddable":true,"href":"https:\/\/prolab.ro\/ro\/wp-json\/wp\/v2\/product_cat?post=2234"},{"taxonomy":"product_tag","embeddable":true,"href":"https:\/\/prolab.ro\/ro\/wp-json\/wp\/v2\/product_tag?post=2234"}],"curies":[{"name":"wp","href":"https:\/\/api.w.org\/{rel}","templated":true}]}}