{"id":2231,"date":"2024-02-07T15:09:34","date_gmt":"2024-02-07T12:09:34","guid":{"rendered":"https:\/\/prolab.ro\/?post_type=product&#038;p=2231"},"modified":"2025-05-03T11:32:33","modified_gmt":"2025-05-03T08:32:33","slug":"sistem-de-filtrare-a-apei-mijar-blue-line-160-1600l","status":"publish","type":"product","link":"https:\/\/prolab.ro\/ro\/produs\/sistem-de-filtrare-a-apei-mijar-blue-line-160-1600l\/","title":{"rendered":"Sistem de filtrare a apei Mijar Blue Line 160- 1600L"},"content":{"rendered":"<p>Sistem de filtrare a apei Mijar Blue Line 160 pentru aparate de cafea.<\/p>\n<p>FILTRE INOVATOARE<br \/>\nDatorit\u0103 cooper\u0103rii dintre speciali\u0219tii \u00een filtrarea apei \u0219i exper\u021bii \u00een aparatele de cafea, a fost inventat\u0103 o linie special\u0103 de produse concepute pentru aparate de cafea, tonomate cafea; \u0219i cuptoare mici combi-abur:<\/p>\n<p>-Tehnologie inovatoare<br \/>\n&#8211; Potrivit pentru fiecare tip de dispozitiv de vending(tonomate) \u0219i aparate de cafea<br \/>\n&#8211; Fabricat cu atentie la fiecare detaliu<\/p>\n<p>BENEFICII:<br \/>\n&#8211; Cre\u0219te durata de via\u021b\u0103 a dispozitivului<br \/>\n-Protejeaza echipamentul de calcar<br \/>\n-Costuri mai mici de service<br \/>\n-Eficien\u021b\u0103 mai mare<br \/>\n<strong>M\u0103re\u0219te durata de via\u021b\u0103 a dispozitivului!<\/strong><\/p>\n<p>\u00ceNTRE\u021aINERE U\u0218OAR\u0102.<br \/>\n&#8211; Instalare \u0219i utilizare rapid\u0103 \u0219i u\u0219oar\u0103<br \/>\n&#8211; Proces de \u00eenlocuire sigur \u0219i u\u0219or<br \/>\n&#8211; Poate fi echipat cu debitmetru de apa (optional) care va arata ca capacitatea filtrului este depasita si trebuie inlocuit (Digiflow 0,2 &#8211; debit : 0,2-5,0 litri)<\/p>\n<p>\u00ceMBUN\u0102T\u0102\u021aAREA CALIT\u0102\u021aII APEI<br \/>\n-elimin\u0103 compu\u0219ii de calciu \u0219i magneziu prevenind sedimentarea de calcar care poate deteriora dispozitivele sau poate degrada calitatea b\u0103uturilor<br \/>\n-asigura o calitate constanta a apei filtrate pe toata durata de viata<br \/>\n-imbunatateste calitatea bauturilor<br \/>\n-indepartarea compusilor chimici si organici<br \/>\n-nu necesita folosirea mixerului\/bypass-ului<br \/>\n-ofera duritate stabila a carbonatului intre 5-7\u00b0dh<\/p>\n<p>Debitul filtrului: 0-5 litri\/minut<\/p>\n<p>Dimensiuni: 13x21x31 cm<\/p>\n<p>Produs in Polonia.<\/p>","protected":false},"excerpt":{"rendered":"<p>Sistem de filtrare a apei Mijar Blue Line 160 pentru aparate de cafea. FILTRE INOVATOARE Datorit\u0103 cooper\u0103rii dintre speciali\u0219tii \u00een filtrarea apei \u0219i exper\u021bii \u00een aparatele de cafea, a fost inventat\u0103 o linie special\u0103 de produse concepute pentru aparate de cafea, tonomate cafea; \u0219i cuptoare mici combi-abur: -Tehnologie inovatoare &#8211; Potrivit pentru fiecare tip de [&hellip;]<\/p>\n","protected":false},"featured_media":2232,"comment_status":"open","ping_status":"closed","template":"","meta":{"ocean_post_layout":"","ocean_both_sidebars_style":"","ocean_both_sidebars_content_width":0,"ocean_both_sidebars_sidebars_width":0,"ocean_sidebar":"0","ocean_second_sidebar":"0","ocean_disable_margins":"enable","ocean_add_body_class":"","ocean_shortcode_before_top_bar":"","ocean_shortcode_after_top_bar":"","ocean_shortcode_before_header":"","ocean_shortcode_after_header":"","ocean_has_shortcode":"","ocean_shortcode_after_title":"","ocean_shortcode_before_footer_widgets":"","ocean_shortcode_after_footer_widgets":"","ocean_shortcode_before_footer_bottom":"","ocean_shortcode_after_footer_bottom":"","ocean_display_top_bar":"default","ocean_display_header":"default","ocean_header_style":"","ocean_center_header_left_menu":"0","ocean_custom_header_template":"0","ocean_custom_logo":0,"ocean_custom_retina_logo":0,"ocean_custom_logo_max_width":0,"ocean_custom_logo_tablet_max_width":0,"ocean_custom_logo_mobile_max_width":0,"ocean_custom_logo_max_height":0,"ocean_custom_logo_tablet_max_height":0,"ocean_custom_logo_mobile_max_height":0,"ocean_header_custom_menu":"0","ocean_menu_typo_font_family":"0","ocean_menu_typo_font_subset":"","ocean_menu_typo_font_size":0,"ocean_menu_typo_font_size_tablet":0,"ocean_menu_typo_font_size_mobile":0,"ocean_menu_typo_font_size_unit":"px","ocean_menu_typo_font_weight":"","ocean_menu_typo_font_weight_tablet":"","ocean_menu_typo_font_weight_mobile":"","ocean_menu_typo_transform":"","ocean_menu_typo_transform_tablet":"","ocean_menu_typo_transform_mobile":"","ocean_menu_typo_line_height":0,"ocean_menu_typo_line_height_tablet":0,"ocean_menu_typo_line_height_mobile":0,"ocean_menu_typo_line_height_unit":"","ocean_menu_typo_spacing":0,"ocean_menu_typo_spacing_tablet":0,"ocean_menu_typo_spacing_mobile":0,"ocean_menu_typo_spacing_unit":"","ocean_menu_link_color":"","ocean_menu_link_color_hover":"","ocean_menu_link_color_active":"","ocean_menu_link_background":"","ocean_menu_link_hover_background":"","ocean_menu_link_active_background":"","ocean_menu_social_links_bg":"","ocean_menu_social_hover_links_bg":"","ocean_menu_social_links_color":"","ocean_menu_social_hover_links_color":"","ocean_disable_title":"default","ocean_disable_heading":"default","ocean_post_title":"","ocean_post_subheading":"","ocean_post_title_style":"","ocean_post_title_background_color":"","ocean_post_title_background":0,"ocean_post_title_bg_image_position":"","ocean_post_title_bg_image_attachment":"","ocean_post_title_bg_image_repeat":"","ocean_post_title_bg_image_size":"","ocean_post_title_height":0,"ocean_post_title_bg_overlay":0.5,"ocean_post_title_bg_overlay_color":"","ocean_disable_breadcrumbs":"default","ocean_breadcrumbs_color":"","ocean_breadcrumbs_separator_color":"","ocean_breadcrumbs_links_color":"","ocean_breadcrumbs_links_hover_color":"","ocean_display_footer_widgets":"default","ocean_display_footer_bottom":"default","ocean_custom_footer_template":"0"},"product_brand":[],"product_cat":[464],"product_tag":[462,466,467,170,470,465,468,469],"class_list":{"0":"post-2231","1":"product","2":"type-product","3":"status-publish","4":"has-post-thumbnail","6":"product_cat-sisteme-de-filtrare","7":"product_tag-anticalcar","8":"product_tag-antimagneziu","9":"product_tag-aparat-de-cafea","10":"product_tag-cuptor","11":"product_tag-filtru-de-apa","12":"product_tag-sistem-filtrare-mijar","13":"product_tag-tonomat","14":"product_tag-vending-machine","16":"entry","17":"has-media","19":"first","20":"instock","21":"taxable","22":"shipping-taxable","23":"purchasable","24":"product-type-simple","25":"has-product-nav","26":"col","27":"span_1_of_2","28":"owp-content-center","29":"owp-thumbs-layout-horizontal","30":"owp-btn-normal","31":"owp-tabs-layout-horizontal"},"yoast_head":"<!-- This site is optimized with the Yoast SEO plugin v27.3 - https:\/\/yoast.com\/product\/yoast-seo-wordpress\/ -->\n<title>Sistem de filtrare a apei Mijar Blue Line 160- 1600L - PROLAB<\/title>\n<meta name=\"robots\" content=\"index, follow, max-snippet:-1, max-image-preview:large, max-video-preview:-1\" \/>\n<link rel=\"canonical\" href=\"https:\/\/prolab.ro\/ro\/produs\/sistem-de-filtrare-a-apei-mijar-blue-line-160-1600l\/\" \/>\n<meta property=\"og:locale\" content=\"ro_RO\" \/>\n<meta property=\"og:type\" content=\"article\" \/>\n<meta property=\"og:title\" content=\"Sistem de filtrare a apei Mijar Blue Line 160- 1600L - PROLAB\" \/>\n<meta property=\"og:description\" content=\"Sistem de filtrare a apei Mijar Blue Line 160 pentru aparate de cafea. FILTRE INOVATOARE Datorit\u0103 cooper\u0103rii dintre speciali\u0219tii \u00een filtrarea apei \u0219i exper\u021bii \u00een aparatele de cafea, a fost inventat\u0103 o linie special\u0103 de produse concepute pentru aparate de cafea, tonomate cafea; \u0219i cuptoare mici combi-abur: -Tehnologie inovatoare &#8211; Potrivit pentru fiecare tip de [&hellip;]\" \/>\n<meta property=\"og:url\" content=\"https:\/\/prolab.ro\/ro\/produs\/sistem-de-filtrare-a-apei-mijar-blue-line-160-1600l\/\" \/>\n<meta property=\"og:site_name\" content=\"PROLAB\" \/>\n<meta property=\"article:publisher\" content=\"https:\/\/www.facebook.com\/profile.php?id=100063772800673\" \/>\n<meta property=\"article:modified_time\" content=\"2025-05-03T08:32:33+00:00\" \/>\n<meta property=\"og:image\" content=\"https:\/\/prolab.ro\/wp-content\/uploads\/2024\/02\/Blue-Line-scaled.jpg\" \/>\n\t<meta property=\"og:image:width\" content=\"1734\" \/>\n\t<meta property=\"og:image:height\" content=\"2560\" \/>\n\t<meta property=\"og:image:type\" content=\"image\/jpeg\" \/>\n<meta name=\"twitter:card\" content=\"summary_large_image\" \/>\n<meta name=\"twitter:label1\" content=\"Timp estimat pentru citire\" \/>\n\t<meta name=\"twitter:data1\" content=\"1 minut\" \/>\n<script type=\"application\/ld+json\" class=\"yoast-schema-graph\">{\"@context\":\"https:\\\/\\\/schema.org\",\"@graph\":[{\"@type\":\"WebPage\",\"@id\":\"https:\\\/\\\/prolab.ro\\\/product\\\/sistem-de-filtrare-a-apei-mijar-blue-line-160-1600l\\\/\",\"url\":\"https:\\\/\\\/prolab.ro\\\/product\\\/sistem-de-filtrare-a-apei-mijar-blue-line-160-1600l\\\/\",\"name\":\"Sistem de filtrare a apei Mijar Blue Line 160- 1600L - PROLAB\",\"isPartOf\":{\"@id\":\"https:\\\/\\\/prolab.ro\\\/ro\\\/#website\"},\"primaryImageOfPage\":{\"@id\":\"https:\\\/\\\/prolab.ro\\\/product\\\/sistem-de-filtrare-a-apei-mijar-blue-line-160-1600l\\\/#primaryimage\"},\"image\":{\"@id\":\"https:\\\/\\\/prolab.ro\\\/product\\\/sistem-de-filtrare-a-apei-mijar-blue-line-160-1600l\\\/#primaryimage\"},\"thumbnailUrl\":\"https:\\\/\\\/prolab.ro\\\/wp-content\\\/uploads\\\/2024\\\/02\\\/Blue-Line-scaled.jpg\",\"datePublished\":\"2024-02-07T12:09:34+00:00\",\"dateModified\":\"2025-05-03T08:32:33+00:00\",\"breadcrumb\":{\"@id\":\"https:\\\/\\\/prolab.ro\\\/product\\\/sistem-de-filtrare-a-apei-mijar-blue-line-160-1600l\\\/#breadcrumb\"},\"inLanguage\":\"ro-RO\",\"potentialAction\":[{\"@type\":\"ReadAction\",\"target\":[\"https:\\\/\\\/prolab.ro\\\/product\\\/sistem-de-filtrare-a-apei-mijar-blue-line-160-1600l\\\/\"]}]},{\"@type\":\"ImageObject\",\"inLanguage\":\"ro-RO\",\"@id\":\"https:\\\/\\\/prolab.ro\\\/product\\\/sistem-de-filtrare-a-apei-mijar-blue-line-160-1600l\\\/#primaryimage\",\"url\":\"https:\\\/\\\/prolab.ro\\\/wp-content\\\/uploads\\\/2024\\\/02\\\/Blue-Line-scaled.jpg\",\"contentUrl\":\"https:\\\/\\\/prolab.ro\\\/wp-content\\\/uploads\\\/2024\\\/02\\\/Blue-Line-scaled.jpg\",\"width\":1734,\"height\":2560},{\"@type\":\"BreadcrumbList\",\"@id\":\"https:\\\/\\\/prolab.ro\\\/product\\\/sistem-de-filtrare-a-apei-mijar-blue-line-160-1600l\\\/#breadcrumb\",\"itemListElement\":[{\"@type\":\"ListItem\",\"position\":1,\"name\":\"Home\",\"item\":\"https:\\\/\\\/prolab.ro\\\/\"},{\"@type\":\"ListItem\",\"position\":2,\"name\":\"Shop\",\"item\":\"https:\\\/\\\/prolab.ro\\\/shop\\\/\"},{\"@type\":\"ListItem\",\"position\":3,\"name\":\"Sistem de filtrare a apei Mijar Blue Line 160- 1600L\"}]},{\"@type\":\"WebSite\",\"@id\":\"https:\\\/\\\/prolab.ro\\\/ro\\\/#website\",\"url\":\"https:\\\/\\\/prolab.ro\\\/ro\\\/\",\"name\":\"www.prolab.ro\",\"description\":\"Echipamente profesionale HORECA\",\"publisher\":{\"@id\":\"https:\\\/\\\/prolab.ro\\\/ro\\\/#organization\"},\"potentialAction\":[{\"@type\":\"SearchAction\",\"target\":{\"@type\":\"EntryPoint\",\"urlTemplate\":\"https:\\\/\\\/prolab.ro\\\/ro\\\/?s={search_term_string}\"},\"query-input\":{\"@type\":\"PropertyValueSpecification\",\"valueRequired\":true,\"valueName\":\"search_term_string\"}}],\"inLanguage\":\"ro-RO\"},{\"@type\":\"Organization\",\"@id\":\"https:\\\/\\\/prolab.ro\\\/ro\\\/#organization\",\"name\":\"HORECA PROLAB SRL\",\"url\":\"https:\\\/\\\/prolab.ro\\\/ro\\\/\",\"logo\":{\"@type\":\"ImageObject\",\"inLanguage\":\"ro-RO\",\"@id\":\"https:\\\/\\\/prolab.ro\\\/ro\\\/#\\\/schema\\\/logo\\\/image\\\/\",\"url\":\"https:\\\/\\\/prolab.ro\\\/wp-content\\\/uploads\\\/2020\\\/10\\\/cropped-2019-06-21-logos-03-B-red.png\",\"contentUrl\":\"https:\\\/\\\/prolab.ro\\\/wp-content\\\/uploads\\\/2020\\\/10\\\/cropped-2019-06-21-logos-03-B-red.png\",\"width\":1963,\"height\":546,\"caption\":\"HORECA PROLAB SRL\"},\"image\":{\"@id\":\"https:\\\/\\\/prolab.ro\\\/ro\\\/#\\\/schema\\\/logo\\\/image\\\/\"},\"sameAs\":[\"https:\\\/\\\/www.facebook.com\\\/profile.php?id=100063772800673\"]}]}<\/script>\n<!-- \/ Yoast SEO plugin. -->","yoast_head_json":{"title":"Sistem de filtrare a apei Mijar Blue Line 160- 1600L - PROLAB","robots":{"index":"index","follow":"follow","max-snippet":"max-snippet:-1","max-image-preview":"max-image-preview:large","max-video-preview":"max-video-preview:-1"},"canonical":"https:\/\/prolab.ro\/ro\/produs\/sistem-de-filtrare-a-apei-mijar-blue-line-160-1600l\/","og_locale":"ro_RO","og_type":"article","og_title":"Sistem de filtrare a apei Mijar Blue Line 160- 1600L - PROLAB","og_description":"Sistem de filtrare a apei Mijar Blue Line 160 pentru aparate de cafea. FILTRE INOVATOARE Datorit\u0103 cooper\u0103rii dintre speciali\u0219tii \u00een filtrarea apei \u0219i exper\u021bii \u00een aparatele de cafea, a fost inventat\u0103 o linie special\u0103 de produse concepute pentru aparate de cafea, tonomate cafea; \u0219i cuptoare mici combi-abur: -Tehnologie inovatoare &#8211; Potrivit pentru fiecare tip de [&hellip;]","og_url":"https:\/\/prolab.ro\/ro\/produs\/sistem-de-filtrare-a-apei-mijar-blue-line-160-1600l\/","og_site_name":"PROLAB","article_publisher":"https:\/\/www.facebook.com\/profile.php?id=100063772800673","article_modified_time":"2025-05-03T08:32:33+00:00","og_image":[{"width":1734,"height":2560,"url":"https:\/\/prolab.ro\/wp-content\/uploads\/2024\/02\/Blue-Line-scaled.jpg","type":"image\/jpeg"}],"twitter_card":"summary_large_image","twitter_misc":{"Timp estimat pentru citire":"1 minut"},"schema":{"@context":"https:\/\/schema.org","@graph":[{"@type":"WebPage","@id":"https:\/\/prolab.ro\/product\/sistem-de-filtrare-a-apei-mijar-blue-line-160-1600l\/","url":"https:\/\/prolab.ro\/product\/sistem-de-filtrare-a-apei-mijar-blue-line-160-1600l\/","name":"Sistem de filtrare a apei Mijar Blue Line 160- 1600L - PROLAB","isPartOf":{"@id":"https:\/\/prolab.ro\/ro\/#website"},"primaryImageOfPage":{"@id":"https:\/\/prolab.ro\/product\/sistem-de-filtrare-a-apei-mijar-blue-line-160-1600l\/#primaryimage"},"image":{"@id":"https:\/\/prolab.ro\/product\/sistem-de-filtrare-a-apei-mijar-blue-line-160-1600l\/#primaryimage"},"thumbnailUrl":"https:\/\/prolab.ro\/wp-content\/uploads\/2024\/02\/Blue-Line-scaled.jpg","datePublished":"2024-02-07T12:09:34+00:00","dateModified":"2025-05-03T08:32:33+00:00","breadcrumb":{"@id":"https:\/\/prolab.ro\/product\/sistem-de-filtrare-a-apei-mijar-blue-line-160-1600l\/#breadcrumb"},"inLanguage":"ro-RO","potentialAction":[{"@type":"ReadAction","target":["https:\/\/prolab.ro\/product\/sistem-de-filtrare-a-apei-mijar-blue-line-160-1600l\/"]}]},{"@type":"ImageObject","inLanguage":"ro-RO","@id":"https:\/\/prolab.ro\/product\/sistem-de-filtrare-a-apei-mijar-blue-line-160-1600l\/#primaryimage","url":"https:\/\/prolab.ro\/wp-content\/uploads\/2024\/02\/Blue-Line-scaled.jpg","contentUrl":"https:\/\/prolab.ro\/wp-content\/uploads\/2024\/02\/Blue-Line-scaled.jpg","width":1734,"height":2560},{"@type":"BreadcrumbList","@id":"https:\/\/prolab.ro\/product\/sistem-de-filtrare-a-apei-mijar-blue-line-160-1600l\/#breadcrumb","itemListElement":[{"@type":"ListItem","position":1,"name":"Home","item":"https:\/\/prolab.ro\/"},{"@type":"ListItem","position":2,"name":"Shop","item":"https:\/\/prolab.ro\/shop\/"},{"@type":"ListItem","position":3,"name":"Sistem de filtrare a apei Mijar Blue Line 160- 1600L"}]},{"@type":"WebSite","@id":"https:\/\/prolab.ro\/ro\/#website","url":"https:\/\/prolab.ro\/ro\/","name":"www.prolab.ro","description":"Echipamente profesionale HORECA","publisher":{"@id":"https:\/\/prolab.ro\/ro\/#organization"},"potentialAction":[{"@type":"SearchAction","target":{"@type":"EntryPoint","urlTemplate":"https:\/\/prolab.ro\/ro\/?s={search_term_string}"},"query-input":{"@type":"PropertyValueSpecification","valueRequired":true,"valueName":"search_term_string"}}],"inLanguage":"ro-RO"},{"@type":"Organization","@id":"https:\/\/prolab.ro\/ro\/#organization","name":"HORECA PROLAB SRL","url":"https:\/\/prolab.ro\/ro\/","logo":{"@type":"ImageObject","inLanguage":"ro-RO","@id":"https:\/\/prolab.ro\/ro\/#\/schema\/logo\/image\/","url":"https:\/\/prolab.ro\/wp-content\/uploads\/2020\/10\/cropped-2019-06-21-logos-03-B-red.png","contentUrl":"https:\/\/prolab.ro\/wp-content\/uploads\/2020\/10\/cropped-2019-06-21-logos-03-B-red.png","width":1963,"height":546,"caption":"HORECA PROLAB SRL"},"image":{"@id":"https:\/\/prolab.ro\/ro\/#\/schema\/logo\/image\/"},"sameAs":["https:\/\/www.facebook.com\/profile.php?id=100063772800673"]}]}},"_links":{"self":[{"href":"https:\/\/prolab.ro\/ro\/wp-json\/wp\/v2\/product\/2231","targetHints":{"allow":["GET"]}}],"collection":[{"href":"https:\/\/prolab.ro\/ro\/wp-json\/wp\/v2\/product"}],"about":[{"href":"https:\/\/prolab.ro\/ro\/wp-json\/wp\/v2\/types\/product"}],"replies":[{"embeddable":true,"href":"https:\/\/prolab.ro\/ro\/wp-json\/wp\/v2\/comments?post=2231"}],"wp:featuredmedia":[{"embeddable":true,"href":"https:\/\/prolab.ro\/ro\/wp-json\/wp\/v2\/media\/2232"}],"wp:attachment":[{"href":"https:\/\/prolab.ro\/ro\/wp-json\/wp\/v2\/media?parent=2231"}],"wp:term":[{"taxonomy":"product_brand","embeddable":true,"href":"https:\/\/prolab.ro\/ro\/wp-json\/wp\/v2\/product_brand?post=2231"},{"taxonomy":"product_cat","embeddable":true,"href":"https:\/\/prolab.ro\/ro\/wp-json\/wp\/v2\/product_cat?post=2231"},{"taxonomy":"product_tag","embeddable":true,"href":"https:\/\/prolab.ro\/ro\/wp-json\/wp\/v2\/product_tag?post=2231"}],"curies":[{"name":"wp","href":"https:\/\/api.w.org\/{rel}","templated":true}]}}