{"id":2224,"date":"2024-02-07T12:32:55","date_gmt":"2024-02-07T09:32:55","guid":{"rendered":"https:\/\/prolab.ro\/?post_type=product&#038;p=2224"},"modified":"2026-03-24T22:03:00","modified_gmt":"2026-03-24T19:03:00","slug":"sistem-de-filtrare-a-apei-mijar-cube-line-60-000l","status":"publish","type":"product","link":"https:\/\/prolab.ro\/ro\/produs\/sistem-de-filtrare-a-apei-mijar-cube-line-60-000l\/","title":{"rendered":"Sistem de filtrare a apei Mijar Cube Line 60.000L"},"content":{"rendered":"<p>Sistem de filtrare a apei Mijar Cube Line 60.000L pentru masini de gheata sau apa potabila.<\/p>\n<p>Acest filtru este conceput \u00een principal pentru tratarea apei pentru producerea de cuburi de ghea\u021b\u0103. Procesul \u00een patru etape confer\u0103 apei propriet\u0103\u021bi unice \u0219i un gust pl\u0103cut, p\u0103str\u00e2nd \u00een acela\u0219i timp mineralele necesare.<br \/>\nProcesul de purificare a apei \u00een patru etape implic\u0103:<br \/>\n&#8211; \u00eendep\u0103rtarea sedimentelor mecanice<br \/>\n&#8211; reducerea form\u0103rii de calcar prin utilizarea unui agent anticalcar<br \/>\n&#8211; reducerea gustului si mirosului de clor<br \/>\n&#8211; formula antibacteriana<\/p>\n<p>Linia Filter Cube este conectat\u0103 la sistemul de ap\u0103 cu terminale push-in. \u00cenlocuirea filtrelor uzate este foarte simpl\u0103. Filtrul este \u00eendep\u0103rtat \u0219i cel nou este plasat f\u0103r\u0103 unelte suplimentare necesare.<br \/>\nPrincipalul avantaj al seriei Cube Line este durata de via\u021b\u0103 lung\u0103, \u00een ciuda dimensiunilor mici. \u00cen plus, pre\u021bul s\u0103u sc\u0103zut face ca sistemul s\u0103 fie foarte economic \u00een func\u021bionare. Filtrul trebuie \u00eenlocuit dup\u0103 1 an de func\u021bionare.<br \/>\n<strong>Aten\u0163ie!<\/strong><br \/>\nAgentul anticalcar functioneaza numai atunci cand apa nu trece de 60\u00b0C.<\/p>\n<p>Debitul filtrului: 0-8 litri\/minut<\/p>\n<p>Dimensiuni: 31&#215;18 cm<\/p>\n<p>Produs in Polonia.<\/p>","protected":false},"excerpt":{"rendered":"<p>Sistem de filtrare a apei Mijar Cube Line 60.000L pentru masini de gheata sau apa potabila. Acest filtru este conceput \u00een principal pentru tratarea apei pentru producerea de cuburi de ghea\u021b\u0103. Procesul \u00een patru etape confer\u0103 apei propriet\u0103\u021bi unice \u0219i un gust pl\u0103cut, p\u0103str\u00e2nd \u00een acela\u0219i timp mineralele necesare. Procesul de purificare a apei \u00een [&hellip;]<\/p>\n","protected":false},"featured_media":2225,"comment_status":"open","ping_status":"closed","template":"","meta":{"ocean_post_layout":"","ocean_both_sidebars_style":"","ocean_both_sidebars_content_width":0,"ocean_both_sidebars_sidebars_width":0,"ocean_sidebar":"0","ocean_second_sidebar":"0","ocean_disable_margins":"enable","ocean_add_body_class":"","ocean_shortcode_before_top_bar":"","ocean_shortcode_after_top_bar":"","ocean_shortcode_before_header":"","ocean_shortcode_after_header":"","ocean_has_shortcode":"","ocean_shortcode_after_title":"","ocean_shortcode_before_footer_widgets":"","ocean_shortcode_after_footer_widgets":"","ocean_shortcode_before_footer_bottom":"","ocean_shortcode_after_footer_bottom":"","ocean_display_top_bar":"default","ocean_display_header":"default","ocean_header_style":"","ocean_center_header_left_menu":"0","ocean_custom_header_template":"0","ocean_custom_logo":0,"ocean_custom_retina_logo":0,"ocean_custom_logo_max_width":0,"ocean_custom_logo_tablet_max_width":0,"ocean_custom_logo_mobile_max_width":0,"ocean_custom_logo_max_height":0,"ocean_custom_logo_tablet_max_height":0,"ocean_custom_logo_mobile_max_height":0,"ocean_header_custom_menu":"0","ocean_menu_typo_font_family":"0","ocean_menu_typo_font_subset":"","ocean_menu_typo_font_size":0,"ocean_menu_typo_font_size_tablet":0,"ocean_menu_typo_font_size_mobile":0,"ocean_menu_typo_font_size_unit":"px","ocean_menu_typo_font_weight":"","ocean_menu_typo_font_weight_tablet":"","ocean_menu_typo_font_weight_mobile":"","ocean_menu_typo_transform":"","ocean_menu_typo_transform_tablet":"","ocean_menu_typo_transform_mobile":"","ocean_menu_typo_line_height":0,"ocean_menu_typo_line_height_tablet":0,"ocean_menu_typo_line_height_mobile":0,"ocean_menu_typo_line_height_unit":"","ocean_menu_typo_spacing":0,"ocean_menu_typo_spacing_tablet":0,"ocean_menu_typo_spacing_mobile":0,"ocean_menu_typo_spacing_unit":"","ocean_menu_link_color":"","ocean_menu_link_color_hover":"","ocean_menu_link_color_active":"","ocean_menu_link_background":"","ocean_menu_link_hover_background":"","ocean_menu_link_active_background":"","ocean_menu_social_links_bg":"","ocean_menu_social_hover_links_bg":"","ocean_menu_social_links_color":"","ocean_menu_social_hover_links_color":"","ocean_disable_title":"default","ocean_disable_heading":"default","ocean_post_title":"","ocean_post_subheading":"","ocean_post_title_style":"","ocean_post_title_background_color":"","ocean_post_title_background":0,"ocean_post_title_bg_image_position":"","ocean_post_title_bg_image_attachment":"","ocean_post_title_bg_image_repeat":"","ocean_post_title_bg_image_size":"","ocean_post_title_height":0,"ocean_post_title_bg_overlay":0.5,"ocean_post_title_bg_overlay_color":"","ocean_disable_breadcrumbs":"default","ocean_breadcrumbs_color":"","ocean_breadcrumbs_separator_color":"","ocean_breadcrumbs_links_color":"","ocean_breadcrumbs_links_hover_color":"","ocean_display_footer_widgets":"default","ocean_display_footer_bottom":"default","ocean_custom_footer_template":"0"},"product_brand":[],"product_cat":[464],"product_tag":[462,463,461,460,459,458],"class_list":{"0":"post-2224","1":"product","2":"type-product","3":"status-publish","4":"has-post-thumbnail","6":"product_cat-sisteme-de-filtrare","7":"product_tag-anticalcar","8":"product_tag-cube-line","9":"product_tag-ice-machine","10":"product_tag-masina-de-gheata","11":"product_tag-mijar-filtru","12":"product_tag-sistem-filtrare-apa","14":"entry","15":"has-media","17":"first","18":"instock","19":"taxable","20":"shipping-taxable","21":"purchasable","22":"product-type-simple","23":"has-product-nav","24":"col","25":"span_1_of_2","26":"owp-content-center","27":"owp-thumbs-layout-horizontal","28":"owp-btn-normal","29":"owp-tabs-layout-horizontal"},"yoast_head":"<!-- This site is optimized with the Yoast SEO plugin v27.4 - https:\/\/yoast.com\/product\/yoast-seo-wordpress\/ -->\n<title>Sistem de filtrare a apei Mijar Cube Line 60.000L - PROLAB<\/title>\n<meta name=\"robots\" content=\"index, follow, max-snippet:-1, max-image-preview:large, max-video-preview:-1\" \/>\n<link rel=\"canonical\" href=\"https:\/\/prolab.ro\/ro\/produs\/sistem-de-filtrare-a-apei-mijar-cube-line-60-000l\/\" \/>\n<meta property=\"og:locale\" content=\"ro_RO\" \/>\n<meta property=\"og:type\" content=\"article\" \/>\n<meta property=\"og:title\" content=\"Sistem de filtrare a apei Mijar Cube Line 60.000L - PROLAB\" \/>\n<meta property=\"og:description\" content=\"Sistem de filtrare a apei Mijar Cube Line 60.000L pentru masini de gheata sau apa potabila. Acest filtru este conceput \u00een principal pentru tratarea apei pentru producerea de cuburi de ghea\u021b\u0103. Procesul \u00een patru etape confer\u0103 apei propriet\u0103\u021bi unice \u0219i un gust pl\u0103cut, p\u0103str\u00e2nd \u00een acela\u0219i timp mineralele necesare. Procesul de purificare a apei \u00een [&hellip;]\" \/>\n<meta property=\"og:url\" content=\"https:\/\/prolab.ro\/ro\/produs\/sistem-de-filtrare-a-apei-mijar-cube-line-60-000l\/\" \/>\n<meta property=\"og:site_name\" content=\"PROLAB\" \/>\n<meta property=\"article:publisher\" content=\"https:\/\/www.facebook.com\/profile.php?id=100063772800673\" \/>\n<meta property=\"article:modified_time\" content=\"2026-03-24T19:03:00+00:00\" \/>\n<meta property=\"og:image\" content=\"https:\/\/prolab.ro\/wp-content\/uploads\/2024\/02\/CUBE-LINE-scaled.jpg\" \/>\n\t<meta property=\"og:image:width\" content=\"2560\" \/>\n\t<meta property=\"og:image:height\" content=\"1920\" \/>\n\t<meta property=\"og:image:type\" content=\"image\/jpeg\" \/>\n<meta name=\"twitter:card\" content=\"summary_large_image\" \/>\n<meta name=\"twitter:label1\" content=\"Timp estimat pentru citire\" \/>\n\t<meta name=\"twitter:data1\" content=\"1 minut\" \/>\n<script type=\"application\/ld+json\" class=\"yoast-schema-graph\">{\"@context\":\"https:\\\/\\\/schema.org\",\"@graph\":[{\"@type\":\"WebPage\",\"@id\":\"https:\\\/\\\/prolab.ro\\\/product\\\/sistem-de-filtrare-a-apei-mijar-cube-line-60-000l\\\/\",\"url\":\"https:\\\/\\\/prolab.ro\\\/product\\\/sistem-de-filtrare-a-apei-mijar-cube-line-60-000l\\\/\",\"name\":\"Sistem de filtrare a apei Mijar Cube Line 60.000L - PROLAB\",\"isPartOf\":{\"@id\":\"https:\\\/\\\/prolab.ro\\\/ro\\\/#website\"},\"primaryImageOfPage\":{\"@id\":\"https:\\\/\\\/prolab.ro\\\/product\\\/sistem-de-filtrare-a-apei-mijar-cube-line-60-000l\\\/#primaryimage\"},\"image\":{\"@id\":\"https:\\\/\\\/prolab.ro\\\/product\\\/sistem-de-filtrare-a-apei-mijar-cube-line-60-000l\\\/#primaryimage\"},\"thumbnailUrl\":\"https:\\\/\\\/prolab.ro\\\/wp-content\\\/uploads\\\/2024\\\/02\\\/CUBE-LINE-scaled.jpg\",\"datePublished\":\"2024-02-07T09:32:55+00:00\",\"dateModified\":\"2026-03-24T19:03:00+00:00\",\"breadcrumb\":{\"@id\":\"https:\\\/\\\/prolab.ro\\\/product\\\/sistem-de-filtrare-a-apei-mijar-cube-line-60-000l\\\/#breadcrumb\"},\"inLanguage\":\"ro-RO\",\"potentialAction\":[{\"@type\":\"ReadAction\",\"target\":[\"https:\\\/\\\/prolab.ro\\\/product\\\/sistem-de-filtrare-a-apei-mijar-cube-line-60-000l\\\/\"]}]},{\"@type\":\"ImageObject\",\"inLanguage\":\"ro-RO\",\"@id\":\"https:\\\/\\\/prolab.ro\\\/product\\\/sistem-de-filtrare-a-apei-mijar-cube-line-60-000l\\\/#primaryimage\",\"url\":\"https:\\\/\\\/prolab.ro\\\/wp-content\\\/uploads\\\/2024\\\/02\\\/CUBE-LINE-scaled.jpg\",\"contentUrl\":\"https:\\\/\\\/prolab.ro\\\/wp-content\\\/uploads\\\/2024\\\/02\\\/CUBE-LINE-scaled.jpg\",\"width\":2560,\"height\":1920},{\"@type\":\"BreadcrumbList\",\"@id\":\"https:\\\/\\\/prolab.ro\\\/product\\\/sistem-de-filtrare-a-apei-mijar-cube-line-60-000l\\\/#breadcrumb\",\"itemListElement\":[{\"@type\":\"ListItem\",\"position\":1,\"name\":\"Home\",\"item\":\"https:\\\/\\\/prolab.ro\\\/\"},{\"@type\":\"ListItem\",\"position\":2,\"name\":\"Shop\",\"item\":\"https:\\\/\\\/prolab.ro\\\/shop\\\/\"},{\"@type\":\"ListItem\",\"position\":3,\"name\":\"Sistem de filtrare a apei Mijar Cube Line 60.000L\"}]},{\"@type\":\"WebSite\",\"@id\":\"https:\\\/\\\/prolab.ro\\\/ro\\\/#website\",\"url\":\"https:\\\/\\\/prolab.ro\\\/ro\\\/\",\"name\":\"www.prolab.ro\",\"description\":\"Echipamente profesionale HORECA\",\"publisher\":{\"@id\":\"https:\\\/\\\/prolab.ro\\\/ro\\\/#organization\"},\"potentialAction\":[{\"@type\":\"SearchAction\",\"target\":{\"@type\":\"EntryPoint\",\"urlTemplate\":\"https:\\\/\\\/prolab.ro\\\/ro\\\/?s={search_term_string}\"},\"query-input\":{\"@type\":\"PropertyValueSpecification\",\"valueRequired\":true,\"valueName\":\"search_term_string\"}}],\"inLanguage\":\"ro-RO\"},{\"@type\":\"Organization\",\"@id\":\"https:\\\/\\\/prolab.ro\\\/ro\\\/#organization\",\"name\":\"HORECA PROLAB SRL\",\"url\":\"https:\\\/\\\/prolab.ro\\\/ro\\\/\",\"logo\":{\"@type\":\"ImageObject\",\"inLanguage\":\"ro-RO\",\"@id\":\"https:\\\/\\\/prolab.ro\\\/ro\\\/#\\\/schema\\\/logo\\\/image\\\/\",\"url\":\"https:\\\/\\\/prolab.ro\\\/wp-content\\\/uploads\\\/2020\\\/10\\\/cropped-2019-06-21-logos-03-B-red.png\",\"contentUrl\":\"https:\\\/\\\/prolab.ro\\\/wp-content\\\/uploads\\\/2020\\\/10\\\/cropped-2019-06-21-logos-03-B-red.png\",\"width\":1963,\"height\":546,\"caption\":\"HORECA PROLAB SRL\"},\"image\":{\"@id\":\"https:\\\/\\\/prolab.ro\\\/ro\\\/#\\\/schema\\\/logo\\\/image\\\/\"},\"sameAs\":[\"https:\\\/\\\/www.facebook.com\\\/profile.php?id=100063772800673\"]}]}<\/script>\n<!-- \/ Yoast SEO plugin. -->","yoast_head_json":{"title":"Sistem de filtrare a apei Mijar Cube Line 60.000L - PROLAB","robots":{"index":"index","follow":"follow","max-snippet":"max-snippet:-1","max-image-preview":"max-image-preview:large","max-video-preview":"max-video-preview:-1"},"canonical":"https:\/\/prolab.ro\/ro\/produs\/sistem-de-filtrare-a-apei-mijar-cube-line-60-000l\/","og_locale":"ro_RO","og_type":"article","og_title":"Sistem de filtrare a apei Mijar Cube Line 60.000L - PROLAB","og_description":"Sistem de filtrare a apei Mijar Cube Line 60.000L pentru masini de gheata sau apa potabila. Acest filtru este conceput \u00een principal pentru tratarea apei pentru producerea de cuburi de ghea\u021b\u0103. Procesul \u00een patru etape confer\u0103 apei propriet\u0103\u021bi unice \u0219i un gust pl\u0103cut, p\u0103str\u00e2nd \u00een acela\u0219i timp mineralele necesare. Procesul de purificare a apei \u00een [&hellip;]","og_url":"https:\/\/prolab.ro\/ro\/produs\/sistem-de-filtrare-a-apei-mijar-cube-line-60-000l\/","og_site_name":"PROLAB","article_publisher":"https:\/\/www.facebook.com\/profile.php?id=100063772800673","article_modified_time":"2026-03-24T19:03:00+00:00","og_image":[{"width":2560,"height":1920,"url":"https:\/\/prolab.ro\/wp-content\/uploads\/2024\/02\/CUBE-LINE-scaled.jpg","type":"image\/jpeg"}],"twitter_card":"summary_large_image","twitter_misc":{"Timp estimat pentru citire":"1 minut"},"schema":{"@context":"https:\/\/schema.org","@graph":[{"@type":"WebPage","@id":"https:\/\/prolab.ro\/product\/sistem-de-filtrare-a-apei-mijar-cube-line-60-000l\/","url":"https:\/\/prolab.ro\/product\/sistem-de-filtrare-a-apei-mijar-cube-line-60-000l\/","name":"Sistem de filtrare a apei Mijar Cube Line 60.000L - PROLAB","isPartOf":{"@id":"https:\/\/prolab.ro\/ro\/#website"},"primaryImageOfPage":{"@id":"https:\/\/prolab.ro\/product\/sistem-de-filtrare-a-apei-mijar-cube-line-60-000l\/#primaryimage"},"image":{"@id":"https:\/\/prolab.ro\/product\/sistem-de-filtrare-a-apei-mijar-cube-line-60-000l\/#primaryimage"},"thumbnailUrl":"https:\/\/prolab.ro\/wp-content\/uploads\/2024\/02\/CUBE-LINE-scaled.jpg","datePublished":"2024-02-07T09:32:55+00:00","dateModified":"2026-03-24T19:03:00+00:00","breadcrumb":{"@id":"https:\/\/prolab.ro\/product\/sistem-de-filtrare-a-apei-mijar-cube-line-60-000l\/#breadcrumb"},"inLanguage":"ro-RO","potentialAction":[{"@type":"ReadAction","target":["https:\/\/prolab.ro\/product\/sistem-de-filtrare-a-apei-mijar-cube-line-60-000l\/"]}]},{"@type":"ImageObject","inLanguage":"ro-RO","@id":"https:\/\/prolab.ro\/product\/sistem-de-filtrare-a-apei-mijar-cube-line-60-000l\/#primaryimage","url":"https:\/\/prolab.ro\/wp-content\/uploads\/2024\/02\/CUBE-LINE-scaled.jpg","contentUrl":"https:\/\/prolab.ro\/wp-content\/uploads\/2024\/02\/CUBE-LINE-scaled.jpg","width":2560,"height":1920},{"@type":"BreadcrumbList","@id":"https:\/\/prolab.ro\/product\/sistem-de-filtrare-a-apei-mijar-cube-line-60-000l\/#breadcrumb","itemListElement":[{"@type":"ListItem","position":1,"name":"Home","item":"https:\/\/prolab.ro\/"},{"@type":"ListItem","position":2,"name":"Shop","item":"https:\/\/prolab.ro\/shop\/"},{"@type":"ListItem","position":3,"name":"Sistem de filtrare a apei Mijar Cube Line 60.000L"}]},{"@type":"WebSite","@id":"https:\/\/prolab.ro\/ro\/#website","url":"https:\/\/prolab.ro\/ro\/","name":"www.prolab.ro","description":"Echipamente profesionale HORECA","publisher":{"@id":"https:\/\/prolab.ro\/ro\/#organization"},"potentialAction":[{"@type":"SearchAction","target":{"@type":"EntryPoint","urlTemplate":"https:\/\/prolab.ro\/ro\/?s={search_term_string}"},"query-input":{"@type":"PropertyValueSpecification","valueRequired":true,"valueName":"search_term_string"}}],"inLanguage":"ro-RO"},{"@type":"Organization","@id":"https:\/\/prolab.ro\/ro\/#organization","name":"HORECA PROLAB SRL","url":"https:\/\/prolab.ro\/ro\/","logo":{"@type":"ImageObject","inLanguage":"ro-RO","@id":"https:\/\/prolab.ro\/ro\/#\/schema\/logo\/image\/","url":"https:\/\/prolab.ro\/wp-content\/uploads\/2020\/10\/cropped-2019-06-21-logos-03-B-red.png","contentUrl":"https:\/\/prolab.ro\/wp-content\/uploads\/2020\/10\/cropped-2019-06-21-logos-03-B-red.png","width":1963,"height":546,"caption":"HORECA PROLAB SRL"},"image":{"@id":"https:\/\/prolab.ro\/ro\/#\/schema\/logo\/image\/"},"sameAs":["https:\/\/www.facebook.com\/profile.php?id=100063772800673"]}]}},"_links":{"self":[{"href":"https:\/\/prolab.ro\/ro\/wp-json\/wp\/v2\/product\/2224","targetHints":{"allow":["GET"]}}],"collection":[{"href":"https:\/\/prolab.ro\/ro\/wp-json\/wp\/v2\/product"}],"about":[{"href":"https:\/\/prolab.ro\/ro\/wp-json\/wp\/v2\/types\/product"}],"replies":[{"embeddable":true,"href":"https:\/\/prolab.ro\/ro\/wp-json\/wp\/v2\/comments?post=2224"}],"wp:featuredmedia":[{"embeddable":true,"href":"https:\/\/prolab.ro\/ro\/wp-json\/wp\/v2\/media\/2225"}],"wp:attachment":[{"href":"https:\/\/prolab.ro\/ro\/wp-json\/wp\/v2\/media?parent=2224"}],"wp:term":[{"taxonomy":"product_brand","embeddable":true,"href":"https:\/\/prolab.ro\/ro\/wp-json\/wp\/v2\/product_brand?post=2224"},{"taxonomy":"product_cat","embeddable":true,"href":"https:\/\/prolab.ro\/ro\/wp-json\/wp\/v2\/product_cat?post=2224"},{"taxonomy":"product_tag","embeddable":true,"href":"https:\/\/prolab.ro\/ro\/wp-json\/wp\/v2\/product_tag?post=2224"}],"curies":[{"name":"wp","href":"https:\/\/api.w.org\/{rel}","templated":true}]}}