{"id":2029,"date":"2023-04-28T10:42:32","date_gmt":"2023-04-28T07:42:32","guid":{"rendered":"https:\/\/prolab.ro\/?post_type=product&#038;p=2029"},"modified":"2023-10-06T11:46:18","modified_gmt":"2023-10-06T08:46:18","slug":"detergent-ecologic-sanet-perfect-detartrant-pentru-spatii-sanitare","status":"publish","type":"product","link":"https:\/\/prolab.ro\/ro\/produs\/detergent-ecologic-sanet-perfect-detartrant-pentru-spatii-sanitare\/","title":{"rendered":"Detergent ecologic Sanet Perfect, detartrant pentru spatii sanitare, 1L\/5L"},"content":{"rendered":"<p><strong>Profilul produsului<\/strong><\/p>\n<p>\u25a0 SANET perfect este un detergent \u0219i detartrant de \u00eentre\u021binere \u0219i cur\u0103\u021bare de mare randament, cu propriet\u0103\u021bi ecologice excep\u021bionale. Prin respectarea ciclurilor biologice, sunt protejate s\u0103n\u0103tatea \u0219i siguran\u021ba personalului.<\/p>\n<p>\u25a0 Pe l\u00e2ng\u0103 faptul c\u0103 face s\u0103 creasc\u0103 siguran\u021ba muncii, puterea extraordinar\u0103 a produsului SANET perfect \u00eei d\u0103 un mare randament de cur\u0103\u021bare, cu un minimum de efort.<\/p>\n<p>\u25a0 Combina\u021bia de surfactan\u021bi \u0219i de acizi care intr\u0103 \u00een noul patent face s\u0103 scad\u0103 cantitatea de produs consumat\u0103 \u0219i face s\u0103 creasc\u0103 productivitatea. Formula produsului a fost creat\u0103 pentru a da cele mai bune rezultate la sp\u0103lare din prima aplicare \u0219i reduce timpul \u0219i costurile de cur\u0103\u021bare.<\/p>\n<p>\u25a0 Prin faptul c\u0103 este compus mai ales din materiale regenerabile, SANET perfect este un semn al respectului fa\u021b\u0103 de genera\u021biile urm\u0103toare.<\/p>\n<p><strong>Domeniul de aplicare<\/strong><\/p>\n<p>\u25a0 SANET perfect poate fi folosit pe suprafe\u021bele rezistente la acizi din spa\u021biile sanitare.<\/p>\n<p>\u25a0 Nu se va folosi pe marmur\u0103 sau alte suprafe\u021be sensibile la acizi.<\/p>\n<p>\u25a0 Produsul concentrat nu se va folosi pe plastic.<\/p>\n<p>Disponibil la 1\u00a0 sau 5 litri.<\/p>\n<p><a href=\"https:\/\/prolab.ro\/wp-content\/uploads\/2023\/04\/Fisa-tehnica-Tana-Sanet-Perfect.pdf\">Fisa tehnica Tana Sanet Perfect<\/a><\/p>","protected":false},"excerpt":{"rendered":"<p>Curatare spatii sanitare<\/p>\n<p>Reduce costurile si timpul de curatare<\/p>\n<p>Detergent si detartrant<\/p>","protected":false},"featured_media":2030,"comment_status":"open","ping_status":"closed","template":"","meta":{"ocean_post_layout":"","ocean_both_sidebars_style":"","ocean_both_sidebars_content_width":0,"ocean_both_sidebars_sidebars_width":0,"ocean_sidebar":"0","ocean_second_sidebar":"0","ocean_disable_margins":"enable","ocean_add_body_class":"","ocean_shortcode_before_top_bar":"","ocean_shortcode_after_top_bar":"","ocean_shortcode_before_header":"","ocean_shortcode_after_header":"","ocean_has_shortcode":"","ocean_shortcode_after_title":"","ocean_shortcode_before_footer_widgets":"","ocean_shortcode_after_footer_widgets":"","ocean_shortcode_before_footer_bottom":"","ocean_shortcode_after_footer_bottom":"","ocean_display_top_bar":"default","ocean_display_header":"default","ocean_header_style":"","ocean_center_header_left_menu":"0","ocean_custom_header_template":"0","ocean_custom_logo":0,"ocean_custom_retina_logo":0,"ocean_custom_logo_max_width":0,"ocean_custom_logo_tablet_max_width":0,"ocean_custom_logo_mobile_max_width":0,"ocean_custom_logo_max_height":0,"ocean_custom_logo_tablet_max_height":0,"ocean_custom_logo_mobile_max_height":0,"ocean_header_custom_menu":"0","ocean_menu_typo_font_family":"0","ocean_menu_typo_font_subset":"","ocean_menu_typo_font_size":0,"ocean_menu_typo_font_size_tablet":0,"ocean_menu_typo_font_size_mobile":0,"ocean_menu_typo_font_size_unit":"px","ocean_menu_typo_font_weight":"","ocean_menu_typo_font_weight_tablet":"","ocean_menu_typo_font_weight_mobile":"","ocean_menu_typo_transform":"","ocean_menu_typo_transform_tablet":"","ocean_menu_typo_transform_mobile":"","ocean_menu_typo_line_height":0,"ocean_menu_typo_line_height_tablet":0,"ocean_menu_typo_line_height_mobile":0,"ocean_menu_typo_line_height_unit":"","ocean_menu_typo_spacing":0,"ocean_menu_typo_spacing_tablet":0,"ocean_menu_typo_spacing_mobile":0,"ocean_menu_typo_spacing_unit":"","ocean_menu_link_color":"","ocean_menu_link_color_hover":"","ocean_menu_link_color_active":"","ocean_menu_link_background":"","ocean_menu_link_hover_background":"","ocean_menu_link_active_background":"","ocean_menu_social_links_bg":"","ocean_menu_social_hover_links_bg":"","ocean_menu_social_links_color":"","ocean_menu_social_hover_links_color":"","ocean_disable_title":"default","ocean_disable_heading":"default","ocean_post_title":"","ocean_post_subheading":"","ocean_post_title_style":"","ocean_post_title_background_color":"","ocean_post_title_background":0,"ocean_post_title_bg_image_position":"","ocean_post_title_bg_image_attachment":"","ocean_post_title_bg_image_repeat":"","ocean_post_title_bg_image_size":"","ocean_post_title_height":0,"ocean_post_title_bg_overlay":0.5,"ocean_post_title_bg_overlay_color":"","ocean_disable_breadcrumbs":"default","ocean_breadcrumbs_color":"","ocean_breadcrumbs_separator_color":"","ocean_breadcrumbs_links_color":"","ocean_breadcrumbs_links_hover_color":"","ocean_display_footer_widgets":"default","ocean_display_footer_bottom":"default","ocean_custom_footer_template":"0"},"product_brand":[],"product_cat":[418],"product_tag":[433,432,431],"class_list":{"0":"post-2029","1":"product","2":"type-product","3":"status-publish","4":"has-post-thumbnail","6":"product_cat-sanitary-group-supplies","7":"product_tag-detartrant","8":"product_tag-suprafete-sanitare","9":"product_tag-tana-sanet-perfect","11":"entry","12":"has-media","14":"first","15":"onbackorder","16":"taxable","17":"shipping-taxable","18":"purchasable","19":"product-type-variable","20":"has-product-nav","21":"col","22":"span_1_of_2","23":"owp-content-center","24":"owp-thumbs-layout-horizontal","25":"owp-btn-normal","26":"owp-tabs-layout-horizontal","27":"has-no-thumbnails"},"yoast_head":"<!-- This site is optimized with the Yoast SEO plugin v27.5 - https:\/\/yoast.com\/product\/yoast-seo-wordpress\/ -->\n<title>Detergent ecologic Sanet Perfect, detartrant pentru spatii sanitare, 1L\/5L - PROLAB<\/title>\n<meta name=\"robots\" content=\"index, follow, max-snippet:-1, max-image-preview:large, max-video-preview:-1\" \/>\n<link rel=\"canonical\" href=\"https:\/\/prolab.ro\/ro\/produs\/detergent-ecologic-sanet-perfect-detartrant-pentru-spatii-sanitare\/\" \/>\n<meta property=\"og:locale\" content=\"ro_RO\" \/>\n<meta property=\"og:type\" content=\"article\" \/>\n<meta property=\"og:title\" content=\"Detergent ecologic Sanet Perfect, detartrant pentru spatii sanitare, 1L\/5L - PROLAB\" \/>\n<meta property=\"og:description\" content=\"Curatare spatii sanitare  Reduce costurile si timpul de curatare  Detergent si detartrant\" \/>\n<meta property=\"og:url\" content=\"https:\/\/prolab.ro\/ro\/produs\/detergent-ecologic-sanet-perfect-detartrant-pentru-spatii-sanitare\/\" \/>\n<meta property=\"og:site_name\" content=\"PROLAB\" \/>\n<meta property=\"article:publisher\" content=\"https:\/\/www.facebook.com\/profile.php?id=100063772800673\" \/>\n<meta property=\"article:modified_time\" content=\"2023-10-06T08:46:18+00:00\" \/>\n<meta property=\"og:image\" content=\"https:\/\/prolab.ro\/wp-content\/uploads\/2023\/04\/solutie-pentru-curatarea-si-detartrarea-2483.jpg\" \/>\n\t<meta property=\"og:image:width\" content=\"590\" \/>\n\t<meta property=\"og:image:height\" content=\"590\" \/>\n\t<meta property=\"og:image:type\" content=\"image\/jpeg\" \/>\n<meta name=\"twitter:card\" content=\"summary_large_image\" \/>\n<meta name=\"twitter:label1\" content=\"Timp estimat pentru citire\" \/>\n\t<meta name=\"twitter:data1\" content=\"1 minut\" \/>\n<script type=\"application\/ld+json\" class=\"yoast-schema-graph\">{\"@context\":\"https:\\\/\\\/schema.org\",\"@graph\":[{\"@type\":\"WebPage\",\"@id\":\"https:\\\/\\\/prolab.ro\\\/product\\\/detergent-ecologic-sanet-perfect-detartrant-pentru-spatii-sanitare\\\/\",\"url\":\"https:\\\/\\\/prolab.ro\\\/product\\\/detergent-ecologic-sanet-perfect-detartrant-pentru-spatii-sanitare\\\/\",\"name\":\"Detergent ecologic Sanet Perfect, detartrant pentru spatii sanitare, 1L\\\/5L - PROLAB\",\"isPartOf\":{\"@id\":\"https:\\\/\\\/prolab.ro\\\/ro\\\/#website\"},\"primaryImageOfPage\":{\"@id\":\"https:\\\/\\\/prolab.ro\\\/product\\\/detergent-ecologic-sanet-perfect-detartrant-pentru-spatii-sanitare\\\/#primaryimage\"},\"image\":{\"@id\":\"https:\\\/\\\/prolab.ro\\\/product\\\/detergent-ecologic-sanet-perfect-detartrant-pentru-spatii-sanitare\\\/#primaryimage\"},\"thumbnailUrl\":\"https:\\\/\\\/prolab.ro\\\/wp-content\\\/uploads\\\/2023\\\/04\\\/solutie-pentru-curatarea-si-detartrarea-2483.jpg\",\"datePublished\":\"2023-04-28T07:42:32+00:00\",\"dateModified\":\"2023-10-06T08:46:18+00:00\",\"breadcrumb\":{\"@id\":\"https:\\\/\\\/prolab.ro\\\/product\\\/detergent-ecologic-sanet-perfect-detartrant-pentru-spatii-sanitare\\\/#breadcrumb\"},\"inLanguage\":\"ro-RO\",\"potentialAction\":[{\"@type\":\"ReadAction\",\"target\":[\"https:\\\/\\\/prolab.ro\\\/product\\\/detergent-ecologic-sanet-perfect-detartrant-pentru-spatii-sanitare\\\/\"]}]},{\"@type\":\"ImageObject\",\"inLanguage\":\"ro-RO\",\"@id\":\"https:\\\/\\\/prolab.ro\\\/product\\\/detergent-ecologic-sanet-perfect-detartrant-pentru-spatii-sanitare\\\/#primaryimage\",\"url\":\"https:\\\/\\\/prolab.ro\\\/wp-content\\\/uploads\\\/2023\\\/04\\\/solutie-pentru-curatarea-si-detartrarea-2483.jpg\",\"contentUrl\":\"https:\\\/\\\/prolab.ro\\\/wp-content\\\/uploads\\\/2023\\\/04\\\/solutie-pentru-curatarea-si-detartrarea-2483.jpg\",\"width\":590,\"height\":590},{\"@type\":\"BreadcrumbList\",\"@id\":\"https:\\\/\\\/prolab.ro\\\/product\\\/detergent-ecologic-sanet-perfect-detartrant-pentru-spatii-sanitare\\\/#breadcrumb\",\"itemListElement\":[{\"@type\":\"ListItem\",\"position\":1,\"name\":\"Home\",\"item\":\"https:\\\/\\\/prolab.ro\\\/\"},{\"@type\":\"ListItem\",\"position\":2,\"name\":\"Shop\",\"item\":\"https:\\\/\\\/prolab.ro\\\/shop\\\/\"},{\"@type\":\"ListItem\",\"position\":3,\"name\":\"Detergent ecologic Sanet Perfect, detartrant pentru spatii sanitare, 1L\\\/5L\"}]},{\"@type\":\"WebSite\",\"@id\":\"https:\\\/\\\/prolab.ro\\\/ro\\\/#website\",\"url\":\"https:\\\/\\\/prolab.ro\\\/ro\\\/\",\"name\":\"www.prolab.ro\",\"description\":\"Echipamente profesionale HORECA\",\"publisher\":{\"@id\":\"https:\\\/\\\/prolab.ro\\\/ro\\\/#organization\"},\"potentialAction\":[{\"@type\":\"SearchAction\",\"target\":{\"@type\":\"EntryPoint\",\"urlTemplate\":\"https:\\\/\\\/prolab.ro\\\/ro\\\/?s={search_term_string}\"},\"query-input\":{\"@type\":\"PropertyValueSpecification\",\"valueRequired\":true,\"valueName\":\"search_term_string\"}}],\"inLanguage\":\"ro-RO\"},{\"@type\":\"Organization\",\"@id\":\"https:\\\/\\\/prolab.ro\\\/ro\\\/#organization\",\"name\":\"HORECA PROLAB SRL\",\"url\":\"https:\\\/\\\/prolab.ro\\\/ro\\\/\",\"logo\":{\"@type\":\"ImageObject\",\"inLanguage\":\"ro-RO\",\"@id\":\"https:\\\/\\\/prolab.ro\\\/ro\\\/#\\\/schema\\\/logo\\\/image\\\/\",\"url\":\"https:\\\/\\\/prolab.ro\\\/wp-content\\\/uploads\\\/2020\\\/10\\\/cropped-2019-06-21-logos-03-B-red.png\",\"contentUrl\":\"https:\\\/\\\/prolab.ro\\\/wp-content\\\/uploads\\\/2020\\\/10\\\/cropped-2019-06-21-logos-03-B-red.png\",\"width\":1963,\"height\":546,\"caption\":\"HORECA PROLAB SRL\"},\"image\":{\"@id\":\"https:\\\/\\\/prolab.ro\\\/ro\\\/#\\\/schema\\\/logo\\\/image\\\/\"},\"sameAs\":[\"https:\\\/\\\/www.facebook.com\\\/profile.php?id=100063772800673\"]}]}<\/script>\n<!-- \/ Yoast SEO plugin. -->","yoast_head_json":{"title":"Detergent ecologic Sanet Perfect, detartrant pentru spatii sanitare, 1L\/5L - PROLAB","robots":{"index":"index","follow":"follow","max-snippet":"max-snippet:-1","max-image-preview":"max-image-preview:large","max-video-preview":"max-video-preview:-1"},"canonical":"https:\/\/prolab.ro\/ro\/produs\/detergent-ecologic-sanet-perfect-detartrant-pentru-spatii-sanitare\/","og_locale":"ro_RO","og_type":"article","og_title":"Detergent ecologic Sanet Perfect, detartrant pentru spatii sanitare, 1L\/5L - PROLAB","og_description":"Curatare spatii sanitare  Reduce costurile si timpul de curatare  Detergent si detartrant","og_url":"https:\/\/prolab.ro\/ro\/produs\/detergent-ecologic-sanet-perfect-detartrant-pentru-spatii-sanitare\/","og_site_name":"PROLAB","article_publisher":"https:\/\/www.facebook.com\/profile.php?id=100063772800673","article_modified_time":"2023-10-06T08:46:18+00:00","og_image":[{"width":590,"height":590,"url":"https:\/\/prolab.ro\/wp-content\/uploads\/2023\/04\/solutie-pentru-curatarea-si-detartrarea-2483.jpg","type":"image\/jpeg"}],"twitter_card":"summary_large_image","twitter_misc":{"Timp estimat pentru citire":"1 minut"},"schema":{"@context":"https:\/\/schema.org","@graph":[{"@type":"WebPage","@id":"https:\/\/prolab.ro\/product\/detergent-ecologic-sanet-perfect-detartrant-pentru-spatii-sanitare\/","url":"https:\/\/prolab.ro\/product\/detergent-ecologic-sanet-perfect-detartrant-pentru-spatii-sanitare\/","name":"Detergent ecologic Sanet Perfect, detartrant pentru spatii sanitare, 1L\/5L - PROLAB","isPartOf":{"@id":"https:\/\/prolab.ro\/ro\/#website"},"primaryImageOfPage":{"@id":"https:\/\/prolab.ro\/product\/detergent-ecologic-sanet-perfect-detartrant-pentru-spatii-sanitare\/#primaryimage"},"image":{"@id":"https:\/\/prolab.ro\/product\/detergent-ecologic-sanet-perfect-detartrant-pentru-spatii-sanitare\/#primaryimage"},"thumbnailUrl":"https:\/\/prolab.ro\/wp-content\/uploads\/2023\/04\/solutie-pentru-curatarea-si-detartrarea-2483.jpg","datePublished":"2023-04-28T07:42:32+00:00","dateModified":"2023-10-06T08:46:18+00:00","breadcrumb":{"@id":"https:\/\/prolab.ro\/product\/detergent-ecologic-sanet-perfect-detartrant-pentru-spatii-sanitare\/#breadcrumb"},"inLanguage":"ro-RO","potentialAction":[{"@type":"ReadAction","target":["https:\/\/prolab.ro\/product\/detergent-ecologic-sanet-perfect-detartrant-pentru-spatii-sanitare\/"]}]},{"@type":"ImageObject","inLanguage":"ro-RO","@id":"https:\/\/prolab.ro\/product\/detergent-ecologic-sanet-perfect-detartrant-pentru-spatii-sanitare\/#primaryimage","url":"https:\/\/prolab.ro\/wp-content\/uploads\/2023\/04\/solutie-pentru-curatarea-si-detartrarea-2483.jpg","contentUrl":"https:\/\/prolab.ro\/wp-content\/uploads\/2023\/04\/solutie-pentru-curatarea-si-detartrarea-2483.jpg","width":590,"height":590},{"@type":"BreadcrumbList","@id":"https:\/\/prolab.ro\/product\/detergent-ecologic-sanet-perfect-detartrant-pentru-spatii-sanitare\/#breadcrumb","itemListElement":[{"@type":"ListItem","position":1,"name":"Home","item":"https:\/\/prolab.ro\/"},{"@type":"ListItem","position":2,"name":"Shop","item":"https:\/\/prolab.ro\/shop\/"},{"@type":"ListItem","position":3,"name":"Detergent ecologic Sanet Perfect, detartrant pentru spatii sanitare, 1L\/5L"}]},{"@type":"WebSite","@id":"https:\/\/prolab.ro\/ro\/#website","url":"https:\/\/prolab.ro\/ro\/","name":"www.prolab.ro","description":"Echipamente profesionale HORECA","publisher":{"@id":"https:\/\/prolab.ro\/ro\/#organization"},"potentialAction":[{"@type":"SearchAction","target":{"@type":"EntryPoint","urlTemplate":"https:\/\/prolab.ro\/ro\/?s={search_term_string}"},"query-input":{"@type":"PropertyValueSpecification","valueRequired":true,"valueName":"search_term_string"}}],"inLanguage":"ro-RO"},{"@type":"Organization","@id":"https:\/\/prolab.ro\/ro\/#organization","name":"HORECA PROLAB SRL","url":"https:\/\/prolab.ro\/ro\/","logo":{"@type":"ImageObject","inLanguage":"ro-RO","@id":"https:\/\/prolab.ro\/ro\/#\/schema\/logo\/image\/","url":"https:\/\/prolab.ro\/wp-content\/uploads\/2020\/10\/cropped-2019-06-21-logos-03-B-red.png","contentUrl":"https:\/\/prolab.ro\/wp-content\/uploads\/2020\/10\/cropped-2019-06-21-logos-03-B-red.png","width":1963,"height":546,"caption":"HORECA PROLAB SRL"},"image":{"@id":"https:\/\/prolab.ro\/ro\/#\/schema\/logo\/image\/"},"sameAs":["https:\/\/www.facebook.com\/profile.php?id=100063772800673"]}]}},"_links":{"self":[{"href":"https:\/\/prolab.ro\/ro\/wp-json\/wp\/v2\/product\/2029","targetHints":{"allow":["GET"]}}],"collection":[{"href":"https:\/\/prolab.ro\/ro\/wp-json\/wp\/v2\/product"}],"about":[{"href":"https:\/\/prolab.ro\/ro\/wp-json\/wp\/v2\/types\/product"}],"replies":[{"embeddable":true,"href":"https:\/\/prolab.ro\/ro\/wp-json\/wp\/v2\/comments?post=2029"}],"wp:featuredmedia":[{"embeddable":true,"href":"https:\/\/prolab.ro\/ro\/wp-json\/wp\/v2\/media\/2030"}],"wp:attachment":[{"href":"https:\/\/prolab.ro\/ro\/wp-json\/wp\/v2\/media?parent=2029"}],"wp:term":[{"taxonomy":"product_brand","embeddable":true,"href":"https:\/\/prolab.ro\/ro\/wp-json\/wp\/v2\/product_brand?post=2029"},{"taxonomy":"product_cat","embeddable":true,"href":"https:\/\/prolab.ro\/ro\/wp-json\/wp\/v2\/product_cat?post=2029"},{"taxonomy":"product_tag","embeddable":true,"href":"https:\/\/prolab.ro\/ro\/wp-json\/wp\/v2\/product_tag?post=2029"}],"curies":[{"name":"wp","href":"https:\/\/api.w.org\/{rel}","templated":true}]}}