{"id":1970,"date":"2023-04-13T09:40:30","date_gmt":"2023-04-13T06:40:30","guid":{"rendered":"https:\/\/prolab.ro\/?post_type=product&#038;p=1970"},"modified":"2023-09-27T17:36:28","modified_gmt":"2023-09-27T14:36:28","slug":"manusi-alimentare-de-unica-folosinta-nepudrate-din-elastomer-tpe-200-buc-cutie","status":"publish","type":"product","link":"https:\/\/prolab.ro\/ro\/produs\/manusi-alimentare-de-unica-folosinta-nepudrate-din-elastomer-tpe-200-buc-cutie\/","title":{"rendered":"Manusi alimentare de unica folosinta nepudrate, din elastomer TPE, 200 buc\/cutie"},"content":{"rendered":"<p>Noile m\u0103nu\u0219i Reflexx T22 potrivite pentru manipularea tuturor alimentelor.<\/p>\n<p>Sunt m\u0103nu\u0219i mai rezistente \u0219i mai elastice dec\u00e2t cele din polietilen\u0103 (HDPE \u0219i CPE), datorit\u0103 unei grosimi mai mari \u0219i utiliz\u0103rii unui material mai flexibil: elastomer (TPE).<\/p>\n<p>Nu contin latex.<\/p>\n<p>Cantitate: 200 bucati\/cutie.<\/p>\n<p>Marimi disponibile: S\/M\/L<\/p>\n<ul>\n<li>100% pentru industria alimentara<\/li>\n<li>M\u0103nu\u0219i din polietilen\u0103 TPE nepudrate, de unic\u0103 folosin\u021b\u0103, ambidextre.<\/li>\n<li>Au o suprafa\u021b\u0103 aspr\u0103 pentru a cre\u0219te aderen\u021ba \u0219i sensibilitatea.<\/li>\n<li>Rezisten\u021b\u0103 bun\u0103 \u00een compara\u021bie cu m\u0103nu\u0219ile normale din polietilen\u0103 datorit\u0103 unei grosimi mai mari.<\/li>\n<li>PPE Cat. 1 pentru utilizare \u00een domeniul profesional (Reg UE 2016\/425).<\/li>\n<li>FCM Potrivit pentru contactul cu diferite tipuri de alimente (\u00een conformitate cu Directiva 2002\/72 \/ CEE, UE Reg.10 \/ 2011 \u0219i actualiz\u0103rile ulterioare).<\/li>\n<li>Disponibil \u00een trei dimensiuni pentru flexibilitate \u0219i dexteritate.<\/li>\n<\/ul>","protected":false},"excerpt":{"rendered":"<p>Noile m\u0103nu\u0219i Reflexx T22 potrivite pentru manipularea tuturor alimentelor. Sunt m\u0103nu\u0219i mai rezistente \u0219i mai elastice dec\u00e2t cele din polietilen\u0103 (HDPE \u0219i CPE), datorit\u0103 unei grosimi mai mari \u0219i utiliz\u0103rii unui material mai flexibil: elastomer (TPE). Nu contin latex. Cantitate: 200 bucati\/cutie. Marimi disponibile: S\/M\/L 100% pentru industria alimentara M\u0103nu\u0219i din polietilen\u0103 TPE nepudrate, de [&hellip;]<\/p>\n","protected":false},"featured_media":1972,"comment_status":"open","ping_status":"closed","template":"","meta":{"ocean_post_layout":"","ocean_both_sidebars_style":"","ocean_both_sidebars_content_width":0,"ocean_both_sidebars_sidebars_width":0,"ocean_sidebar":"0","ocean_second_sidebar":"0","ocean_disable_margins":"enable","ocean_add_body_class":"","ocean_shortcode_before_top_bar":"","ocean_shortcode_after_top_bar":"","ocean_shortcode_before_header":"","ocean_shortcode_after_header":"","ocean_has_shortcode":"","ocean_shortcode_after_title":"","ocean_shortcode_before_footer_widgets":"","ocean_shortcode_after_footer_widgets":"","ocean_shortcode_before_footer_bottom":"","ocean_shortcode_after_footer_bottom":"","ocean_display_top_bar":"default","ocean_display_header":"default","ocean_header_style":"","ocean_center_header_left_menu":"0","ocean_custom_header_template":"0","ocean_custom_logo":0,"ocean_custom_retina_logo":0,"ocean_custom_logo_max_width":0,"ocean_custom_logo_tablet_max_width":0,"ocean_custom_logo_mobile_max_width":0,"ocean_custom_logo_max_height":0,"ocean_custom_logo_tablet_max_height":0,"ocean_custom_logo_mobile_max_height":0,"ocean_header_custom_menu":"0","ocean_menu_typo_font_family":"0","ocean_menu_typo_font_subset":"","ocean_menu_typo_font_size":0,"ocean_menu_typo_font_size_tablet":0,"ocean_menu_typo_font_size_mobile":0,"ocean_menu_typo_font_size_unit":"px","ocean_menu_typo_font_weight":"","ocean_menu_typo_font_weight_tablet":"","ocean_menu_typo_font_weight_mobile":"","ocean_menu_typo_transform":"","ocean_menu_typo_transform_tablet":"","ocean_menu_typo_transform_mobile":"","ocean_menu_typo_line_height":0,"ocean_menu_typo_line_height_tablet":0,"ocean_menu_typo_line_height_mobile":0,"ocean_menu_typo_line_height_unit":"","ocean_menu_typo_spacing":0,"ocean_menu_typo_spacing_tablet":0,"ocean_menu_typo_spacing_mobile":0,"ocean_menu_typo_spacing_unit":"","ocean_menu_link_color":"","ocean_menu_link_color_hover":"","ocean_menu_link_color_active":"","ocean_menu_link_background":"","ocean_menu_link_hover_background":"","ocean_menu_link_active_background":"","ocean_menu_social_links_bg":"","ocean_menu_social_hover_links_bg":"","ocean_menu_social_links_color":"","ocean_menu_social_hover_links_color":"","ocean_disable_title":"default","ocean_disable_heading":"default","ocean_post_title":"","ocean_post_subheading":"","ocean_post_title_style":"","ocean_post_title_background_color":"","ocean_post_title_background":0,"ocean_post_title_bg_image_position":"","ocean_post_title_bg_image_attachment":"","ocean_post_title_bg_image_repeat":"","ocean_post_title_bg_image_size":"","ocean_post_title_height":0,"ocean_post_title_bg_overlay":0.5,"ocean_post_title_bg_overlay_color":"","ocean_disable_breadcrumbs":"default","ocean_breadcrumbs_color":"","ocean_breadcrumbs_separator_color":"","ocean_breadcrumbs_links_color":"","ocean_breadcrumbs_links_hover_color":"","ocean_display_footer_widgets":"default","ocean_display_footer_bottom":"default","ocean_custom_footer_template":"0"},"product_brand":[],"product_cat":[411],"product_tag":[],"class_list":{"0":"post-1970","1":"product","2":"type-product","3":"status-publish","4":"has-post-thumbnail","6":"product_cat-disposable-products","8":"entry","9":"has-media","11":"first","12":"onbackorder","13":"taxable","14":"shipping-taxable","15":"purchasable","16":"product-type-simple","17":"has-product-nav","18":"col","19":"span_1_of_2","20":"owp-content-center","21":"owp-thumbs-layout-horizontal","22":"owp-btn-normal","23":"owp-tabs-layout-horizontal"},"yoast_head":"<!-- This site is optimized with the Yoast SEO plugin v27.4 - https:\/\/yoast.com\/product\/yoast-seo-wordpress\/ -->\n<title>Manusi alimentare de unica folosinta nepudrate, din elastomer TPE, 200 buc\/cutie - PROLAB<\/title>\n<meta name=\"robots\" content=\"index, follow, max-snippet:-1, max-image-preview:large, max-video-preview:-1\" \/>\n<link rel=\"canonical\" href=\"https:\/\/prolab.ro\/ro\/produs\/manusi-alimentare-de-unica-folosinta-nepudrate-din-elastomer-tpe-200-buc-cutie\/\" \/>\n<meta property=\"og:locale\" content=\"ro_RO\" \/>\n<meta property=\"og:type\" content=\"article\" \/>\n<meta property=\"og:title\" content=\"Manusi alimentare de unica folosinta nepudrate, din elastomer TPE, 200 buc\/cutie - PROLAB\" \/>\n<meta property=\"og:description\" content=\"Noile m\u0103nu\u0219i Reflexx T22 potrivite pentru manipularea tuturor alimentelor. Sunt m\u0103nu\u0219i mai rezistente \u0219i mai elastice dec\u00e2t cele din polietilen\u0103 (HDPE \u0219i CPE), datorit\u0103 unei grosimi mai mari \u0219i utiliz\u0103rii unui material mai flexibil: elastomer (TPE). Nu contin latex. Cantitate: 200 bucati\/cutie. Marimi disponibile: S\/M\/L 100% pentru industria alimentara M\u0103nu\u0219i din polietilen\u0103 TPE nepudrate, de [&hellip;]\" \/>\n<meta property=\"og:url\" content=\"https:\/\/prolab.ro\/ro\/produs\/manusi-alimentare-de-unica-folosinta-nepudrate-din-elastomer-tpe-200-buc-cutie\/\" \/>\n<meta property=\"og:site_name\" content=\"PROLAB\" \/>\n<meta property=\"article:publisher\" content=\"https:\/\/www.facebook.com\/profile.php?id=100063772800673\" \/>\n<meta property=\"article:modified_time\" content=\"2023-09-27T14:36:28+00:00\" \/>\n<meta property=\"og:image\" content=\"https:\/\/prolab.ro\/wp-content\/uploads\/2023\/04\/manusi-nitril-nepudrate-reflexx-n80-100manusi-cutie9.jpg\" \/>\n\t<meta property=\"og:image:width\" content=\"500\" \/>\n\t<meta property=\"og:image:height\" content=\"500\" \/>\n\t<meta property=\"og:image:type\" content=\"image\/jpeg\" \/>\n<meta name=\"twitter:card\" content=\"summary_large_image\" \/>\n<meta name=\"twitter:label1\" content=\"Timp estimat pentru citire\" \/>\n\t<meta name=\"twitter:data1\" content=\"1 minut\" \/>\n<script type=\"application\/ld+json\" class=\"yoast-schema-graph\">{\"@context\":\"https:\\\/\\\/schema.org\",\"@graph\":[{\"@type\":\"WebPage\",\"@id\":\"https:\\\/\\\/prolab.ro\\\/product\\\/manusi-alimentare-de-unica-folosinta-nepudrate-din-elastomer-tpe-200-buc-cutie\\\/\",\"url\":\"https:\\\/\\\/prolab.ro\\\/product\\\/manusi-alimentare-de-unica-folosinta-nepudrate-din-elastomer-tpe-200-buc-cutie\\\/\",\"name\":\"Manusi alimentare de unica folosinta nepudrate, din elastomer TPE, 200 buc\\\/cutie - PROLAB\",\"isPartOf\":{\"@id\":\"https:\\\/\\\/prolab.ro\\\/ro\\\/#website\"},\"primaryImageOfPage\":{\"@id\":\"https:\\\/\\\/prolab.ro\\\/product\\\/manusi-alimentare-de-unica-folosinta-nepudrate-din-elastomer-tpe-200-buc-cutie\\\/#primaryimage\"},\"image\":{\"@id\":\"https:\\\/\\\/prolab.ro\\\/product\\\/manusi-alimentare-de-unica-folosinta-nepudrate-din-elastomer-tpe-200-buc-cutie\\\/#primaryimage\"},\"thumbnailUrl\":\"https:\\\/\\\/prolab.ro\\\/wp-content\\\/uploads\\\/2023\\\/04\\\/manusi-nitril-nepudrate-reflexx-n80-100manusi-cutie9.jpg\",\"datePublished\":\"2023-04-13T06:40:30+00:00\",\"dateModified\":\"2023-09-27T14:36:28+00:00\",\"breadcrumb\":{\"@id\":\"https:\\\/\\\/prolab.ro\\\/product\\\/manusi-alimentare-de-unica-folosinta-nepudrate-din-elastomer-tpe-200-buc-cutie\\\/#breadcrumb\"},\"inLanguage\":\"ro-RO\",\"potentialAction\":[{\"@type\":\"ReadAction\",\"target\":[\"https:\\\/\\\/prolab.ro\\\/product\\\/manusi-alimentare-de-unica-folosinta-nepudrate-din-elastomer-tpe-200-buc-cutie\\\/\"]}]},{\"@type\":\"ImageObject\",\"inLanguage\":\"ro-RO\",\"@id\":\"https:\\\/\\\/prolab.ro\\\/product\\\/manusi-alimentare-de-unica-folosinta-nepudrate-din-elastomer-tpe-200-buc-cutie\\\/#primaryimage\",\"url\":\"https:\\\/\\\/prolab.ro\\\/wp-content\\\/uploads\\\/2023\\\/04\\\/manusi-nitril-nepudrate-reflexx-n80-100manusi-cutie9.jpg\",\"contentUrl\":\"https:\\\/\\\/prolab.ro\\\/wp-content\\\/uploads\\\/2023\\\/04\\\/manusi-nitril-nepudrate-reflexx-n80-100manusi-cutie9.jpg\",\"width\":500,\"height\":500},{\"@type\":\"BreadcrumbList\",\"@id\":\"https:\\\/\\\/prolab.ro\\\/product\\\/manusi-alimentare-de-unica-folosinta-nepudrate-din-elastomer-tpe-200-buc-cutie\\\/#breadcrumb\",\"itemListElement\":[{\"@type\":\"ListItem\",\"position\":1,\"name\":\"Home\",\"item\":\"https:\\\/\\\/prolab.ro\\\/\"},{\"@type\":\"ListItem\",\"position\":2,\"name\":\"Shop\",\"item\":\"https:\\\/\\\/prolab.ro\\\/shop\\\/\"},{\"@type\":\"ListItem\",\"position\":3,\"name\":\"Manusi alimentare de unica folosinta nepudrate, din elastomer TPE, 200 buc\\\/cutie\"}]},{\"@type\":\"WebSite\",\"@id\":\"https:\\\/\\\/prolab.ro\\\/ro\\\/#website\",\"url\":\"https:\\\/\\\/prolab.ro\\\/ro\\\/\",\"name\":\"www.prolab.ro\",\"description\":\"Echipamente profesionale HORECA\",\"publisher\":{\"@id\":\"https:\\\/\\\/prolab.ro\\\/ro\\\/#organization\"},\"potentialAction\":[{\"@type\":\"SearchAction\",\"target\":{\"@type\":\"EntryPoint\",\"urlTemplate\":\"https:\\\/\\\/prolab.ro\\\/ro\\\/?s={search_term_string}\"},\"query-input\":{\"@type\":\"PropertyValueSpecification\",\"valueRequired\":true,\"valueName\":\"search_term_string\"}}],\"inLanguage\":\"ro-RO\"},{\"@type\":\"Organization\",\"@id\":\"https:\\\/\\\/prolab.ro\\\/ro\\\/#organization\",\"name\":\"HORECA PROLAB SRL\",\"url\":\"https:\\\/\\\/prolab.ro\\\/ro\\\/\",\"logo\":{\"@type\":\"ImageObject\",\"inLanguage\":\"ro-RO\",\"@id\":\"https:\\\/\\\/prolab.ro\\\/ro\\\/#\\\/schema\\\/logo\\\/image\\\/\",\"url\":\"https:\\\/\\\/prolab.ro\\\/wp-content\\\/uploads\\\/2020\\\/10\\\/cropped-2019-06-21-logos-03-B-red.png\",\"contentUrl\":\"https:\\\/\\\/prolab.ro\\\/wp-content\\\/uploads\\\/2020\\\/10\\\/cropped-2019-06-21-logos-03-B-red.png\",\"width\":1963,\"height\":546,\"caption\":\"HORECA PROLAB SRL\"},\"image\":{\"@id\":\"https:\\\/\\\/prolab.ro\\\/ro\\\/#\\\/schema\\\/logo\\\/image\\\/\"},\"sameAs\":[\"https:\\\/\\\/www.facebook.com\\\/profile.php?id=100063772800673\"]}]}<\/script>\n<!-- \/ Yoast SEO plugin. -->","yoast_head_json":{"title":"Manusi alimentare de unica folosinta nepudrate, din elastomer TPE, 200 buc\/cutie - PROLAB","robots":{"index":"index","follow":"follow","max-snippet":"max-snippet:-1","max-image-preview":"max-image-preview:large","max-video-preview":"max-video-preview:-1"},"canonical":"https:\/\/prolab.ro\/ro\/produs\/manusi-alimentare-de-unica-folosinta-nepudrate-din-elastomer-tpe-200-buc-cutie\/","og_locale":"ro_RO","og_type":"article","og_title":"Manusi alimentare de unica folosinta nepudrate, din elastomer TPE, 200 buc\/cutie - PROLAB","og_description":"Noile m\u0103nu\u0219i Reflexx T22 potrivite pentru manipularea tuturor alimentelor. Sunt m\u0103nu\u0219i mai rezistente \u0219i mai elastice dec\u00e2t cele din polietilen\u0103 (HDPE \u0219i CPE), datorit\u0103 unei grosimi mai mari \u0219i utiliz\u0103rii unui material mai flexibil: elastomer (TPE). Nu contin latex. Cantitate: 200 bucati\/cutie. Marimi disponibile: S\/M\/L 100% pentru industria alimentara M\u0103nu\u0219i din polietilen\u0103 TPE nepudrate, de [&hellip;]","og_url":"https:\/\/prolab.ro\/ro\/produs\/manusi-alimentare-de-unica-folosinta-nepudrate-din-elastomer-tpe-200-buc-cutie\/","og_site_name":"PROLAB","article_publisher":"https:\/\/www.facebook.com\/profile.php?id=100063772800673","article_modified_time":"2023-09-27T14:36:28+00:00","og_image":[{"width":500,"height":500,"url":"https:\/\/prolab.ro\/wp-content\/uploads\/2023\/04\/manusi-nitril-nepudrate-reflexx-n80-100manusi-cutie9.jpg","type":"image\/jpeg"}],"twitter_card":"summary_large_image","twitter_misc":{"Timp estimat pentru citire":"1 minut"},"schema":{"@context":"https:\/\/schema.org","@graph":[{"@type":"WebPage","@id":"https:\/\/prolab.ro\/product\/manusi-alimentare-de-unica-folosinta-nepudrate-din-elastomer-tpe-200-buc-cutie\/","url":"https:\/\/prolab.ro\/product\/manusi-alimentare-de-unica-folosinta-nepudrate-din-elastomer-tpe-200-buc-cutie\/","name":"Manusi alimentare de unica folosinta nepudrate, din elastomer TPE, 200 buc\/cutie - PROLAB","isPartOf":{"@id":"https:\/\/prolab.ro\/ro\/#website"},"primaryImageOfPage":{"@id":"https:\/\/prolab.ro\/product\/manusi-alimentare-de-unica-folosinta-nepudrate-din-elastomer-tpe-200-buc-cutie\/#primaryimage"},"image":{"@id":"https:\/\/prolab.ro\/product\/manusi-alimentare-de-unica-folosinta-nepudrate-din-elastomer-tpe-200-buc-cutie\/#primaryimage"},"thumbnailUrl":"https:\/\/prolab.ro\/wp-content\/uploads\/2023\/04\/manusi-nitril-nepudrate-reflexx-n80-100manusi-cutie9.jpg","datePublished":"2023-04-13T06:40:30+00:00","dateModified":"2023-09-27T14:36:28+00:00","breadcrumb":{"@id":"https:\/\/prolab.ro\/product\/manusi-alimentare-de-unica-folosinta-nepudrate-din-elastomer-tpe-200-buc-cutie\/#breadcrumb"},"inLanguage":"ro-RO","potentialAction":[{"@type":"ReadAction","target":["https:\/\/prolab.ro\/product\/manusi-alimentare-de-unica-folosinta-nepudrate-din-elastomer-tpe-200-buc-cutie\/"]}]},{"@type":"ImageObject","inLanguage":"ro-RO","@id":"https:\/\/prolab.ro\/product\/manusi-alimentare-de-unica-folosinta-nepudrate-din-elastomer-tpe-200-buc-cutie\/#primaryimage","url":"https:\/\/prolab.ro\/wp-content\/uploads\/2023\/04\/manusi-nitril-nepudrate-reflexx-n80-100manusi-cutie9.jpg","contentUrl":"https:\/\/prolab.ro\/wp-content\/uploads\/2023\/04\/manusi-nitril-nepudrate-reflexx-n80-100manusi-cutie9.jpg","width":500,"height":500},{"@type":"BreadcrumbList","@id":"https:\/\/prolab.ro\/product\/manusi-alimentare-de-unica-folosinta-nepudrate-din-elastomer-tpe-200-buc-cutie\/#breadcrumb","itemListElement":[{"@type":"ListItem","position":1,"name":"Home","item":"https:\/\/prolab.ro\/"},{"@type":"ListItem","position":2,"name":"Shop","item":"https:\/\/prolab.ro\/shop\/"},{"@type":"ListItem","position":3,"name":"Manusi alimentare de unica folosinta nepudrate, din elastomer TPE, 200 buc\/cutie"}]},{"@type":"WebSite","@id":"https:\/\/prolab.ro\/ro\/#website","url":"https:\/\/prolab.ro\/ro\/","name":"www.prolab.ro","description":"Echipamente profesionale HORECA","publisher":{"@id":"https:\/\/prolab.ro\/ro\/#organization"},"potentialAction":[{"@type":"SearchAction","target":{"@type":"EntryPoint","urlTemplate":"https:\/\/prolab.ro\/ro\/?s={search_term_string}"},"query-input":{"@type":"PropertyValueSpecification","valueRequired":true,"valueName":"search_term_string"}}],"inLanguage":"ro-RO"},{"@type":"Organization","@id":"https:\/\/prolab.ro\/ro\/#organization","name":"HORECA PROLAB SRL","url":"https:\/\/prolab.ro\/ro\/","logo":{"@type":"ImageObject","inLanguage":"ro-RO","@id":"https:\/\/prolab.ro\/ro\/#\/schema\/logo\/image\/","url":"https:\/\/prolab.ro\/wp-content\/uploads\/2020\/10\/cropped-2019-06-21-logos-03-B-red.png","contentUrl":"https:\/\/prolab.ro\/wp-content\/uploads\/2020\/10\/cropped-2019-06-21-logos-03-B-red.png","width":1963,"height":546,"caption":"HORECA PROLAB SRL"},"image":{"@id":"https:\/\/prolab.ro\/ro\/#\/schema\/logo\/image\/"},"sameAs":["https:\/\/www.facebook.com\/profile.php?id=100063772800673"]}]}},"_links":{"self":[{"href":"https:\/\/prolab.ro\/ro\/wp-json\/wp\/v2\/product\/1970","targetHints":{"allow":["GET"]}}],"collection":[{"href":"https:\/\/prolab.ro\/ro\/wp-json\/wp\/v2\/product"}],"about":[{"href":"https:\/\/prolab.ro\/ro\/wp-json\/wp\/v2\/types\/product"}],"replies":[{"embeddable":true,"href":"https:\/\/prolab.ro\/ro\/wp-json\/wp\/v2\/comments?post=1970"}],"wp:featuredmedia":[{"embeddable":true,"href":"https:\/\/prolab.ro\/ro\/wp-json\/wp\/v2\/media\/1972"}],"wp:attachment":[{"href":"https:\/\/prolab.ro\/ro\/wp-json\/wp\/v2\/media?parent=1970"}],"wp:term":[{"taxonomy":"product_brand","embeddable":true,"href":"https:\/\/prolab.ro\/ro\/wp-json\/wp\/v2\/product_brand?post=1970"},{"taxonomy":"product_cat","embeddable":true,"href":"https:\/\/prolab.ro\/ro\/wp-json\/wp\/v2\/product_cat?post=1970"},{"taxonomy":"product_tag","embeddable":true,"href":"https:\/\/prolab.ro\/ro\/wp-json\/wp\/v2\/product_tag?post=1970"}],"curies":[{"name":"wp","href":"https:\/\/api.w.org\/{rel}","templated":true}]}}