{"id":1390,"date":"2021-01-21T20:38:29","date_gmt":"2021-01-21T17:38:29","guid":{"rendered":"https:\/\/prolab.ro\/?post_type=product&#038;p=1390"},"modified":"2025-05-03T11:42:18","modified_gmt":"2025-05-03T08:42:18","slug":"cuptor-rapid-cibo","status":"publish","type":"product","link":"https:\/\/prolab.ro\/ro\/produs\/cuptor-rapid-cibo\/","title":{"rendered":"Lincat CiBO+ High Speed Oven"},"content":{"rendered":"<table class=\"theSpecifications\">\n<tbody>\n<tr class=\"theSpecifications-rowHeader trans-in\">\n<th colspan=\"2\">Power and Performance<\/th>\n<\/tr>\n<tr class=\"theSpecifications-dataRow trans-in\">\n<td>Total Power kW<\/td>\n<td>3<\/td>\n<\/tr>\n<tr class=\"theSpecifications-dataRow trans-in\">\n<td>Temperature Range \u00b0C<\/td>\n<td>30-280<\/td>\n<\/tr>\n<tr class=\"theSpecifications-dataRow trans-in\">\n<td>IP Rating<\/td>\n<td>IP23<\/td>\n<\/tr>\n<tr class=\"theSpecifications-dataRow trans-in\">\n<td>Cooking Area (Width x Depth) mm<\/td>\n<td>340 x 340<\/td>\n<\/tr>\n<tr class=\"theSpecifications-dataRow trans-in\">\n<td>Temperature Control<\/td>\n<td>Electronic<\/td>\n<\/tr>\n<tr class=\"theSpecifications-dataRow trans-in\">\n<td>Oven Rating kW<\/td>\n<td>2.7<\/td>\n<\/tr>\n<tr class=\"theSpecifications-dataRow trans-in\">\n<td>Microwave Power Watts<\/td>\n<td>1,000<\/td>\n<\/tr>\n<tr class=\"theSpecifications-dataRow trans-in\">\n<td><\/td>\n<td><\/td>\n<\/tr>\n<tr class=\"theSpecifications-rowHeader trans-in\">\n<th colspan=\"2\">Key Specifications<\/th>\n<\/tr>\n<tr class=\"theSpecifications-dataRow trans-in\">\n<td>Heated Base<\/td>\n<td>Yes<\/td>\n<\/tr>\n<tr class=\"theSpecifications-dataRow trans-in\">\n<td><\/td>\n<td><\/td>\n<\/tr>\n<tr class=\"theSpecifications-rowHeader trans-in\">\n<th colspan=\"2\">Capacity<\/th>\n<\/tr>\n<tr class=\"theSpecifications-dataRow trans-in\">\n<td>Gastronorm Capacity<\/td>\n<td>GN2\/3<\/td>\n<\/tr>\n<tr class=\"theSpecifications-dataRow trans-in\">\n<td>Pizza Capacity<\/td>\n<td>1 x 12&#8243;<\/td>\n<\/tr>\n<tr class=\"theSpecifications-dataRow trans-in\">\n<td>Capacity Litres<\/td>\n<td>23<\/td>\n<\/tr>\n<tr class=\"theSpecifications-dataRow trans-in\">\n<td><\/td>\n<td><\/td>\n<\/tr>\n<tr class=\"theSpecifications-rowHeader trans-in\">\n<th colspan=\"2\">Weights and Dimensions<\/th>\n<\/tr>\n<tr class=\"theSpecifications-dataRow trans-in\">\n<td>Unit Height (External) mm<\/td>\n<td>640<\/td>\n<\/tr>\n<tr class=\"theSpecifications-dataRow trans-in\">\n<td>Unit Width (External) mm<\/td>\n<td>395<\/td>\n<\/tr>\n<tr class=\"theSpecifications-dataRow trans-in\">\n<td>Unit Depth (External) mm<\/td>\n<td>728<\/td>\n<\/tr>\n<tr class=\"theSpecifications-dataRow trans-in\">\n<td>Height (Internal) mm<\/td>\n<td>195<\/td>\n<\/tr>\n<tr class=\"theSpecifications-dataRow trans-in\">\n<td>Width (Internal) mm<\/td>\n<td>340<\/td>\n<\/tr>\n<tr class=\"theSpecifications-dataRow trans-in\">\n<td>Depth (Internal) mm<\/td>\n<td>340<\/td>\n<\/tr>\n<tr class=\"theSpecifications-dataRow trans-in\">\n<td>Net Weight Kg<\/td>\n<td>52<\/td>\n<\/tr>\n<tr class=\"theSpecifications-dataRow trans-in\">\n<td><\/td>\n<td><\/td>\n<\/tr>\n<tr class=\"theSpecifications-rowHeader trans-in\">\n<th colspan=\"2\">Supply Connections<\/th>\n<\/tr>\n<tr class=\"theSpecifications-dataRow trans-in\">\n<td>Requires Installation<\/td>\n<td>No<\/td>\n<\/tr>\n<tr class=\"theSpecifications-dataRow trans-in\">\n<td>Requires Electrical Supply<\/td>\n<td>Yes<\/td>\n<\/tr>\n<tr class=\"theSpecifications-dataRow trans-in\">\n<td>UK 3 Pin Plug<\/td>\n<td>Yes<\/td>\n<\/tr>\n<tr class=\"theSpecifications-dataRow trans-in\">\n<td>Requires Hardwiring<\/td>\n<td>No<\/td>\n<\/tr>\n<tr class=\"theSpecifications-dataRow trans-in\">\n<td>Electrical Supply Rating Watts<\/td>\n<td>3,000<\/td>\n<\/tr>\n<tr class=\"theSpecifications-dataRow trans-in\">\n<td>Single Phase Amps<\/td>\n<td>13<\/td>\n<\/tr>\n<tr class=\"theSpecifications-dataRow trans-in\">\n<td>Single Phase Voltage<\/td>\n<td>230<\/td>\n<\/tr>\n<\/tbody>\n<\/table>\n<p class=\"responsive-video-wrap clr\"><iframe title=\"CiBO+\" width=\"1200\" height=\"675\" src=\"https:\/\/www.youtube.com\/embed\/ybf0_hJ0J7I?start=63&#038;feature=oembed\" frameborder=\"0\" allow=\"accelerometer; autoplay; clipboard-write; encrypted-media; gyroscope; picture-in-picture; web-share\" allowfullscreen><\/iframe><\/p>","protected":false},"excerpt":{"rendered":"<p>CiBO+ utilizeaz\u0103 o tehnologie unic\u0103 tri-heat. Cuptorul cu microunde, TurboAir \u0219i ContactBase, combinate ofer\u0103 calitate, vitez\u0103 \u0219i consisten\u021b\u0103 de neegalat. G\u0103ti\u021bi \u00een secunde, nu minute, f\u0103r\u0103 a face compromisuri cu privire la calitatea alimentelor livrate.<\/p>\n<p>CiBO+ utilizeaz\u0103 o tehnologie unic\u0103 tri-heat. Cuptorul cu microunde, TurboAir \u0219i ContactBase, combinate ofer\u0103 calitate, vitez\u0103 \u0219i consisten\u021b\u0103 de neegalat.<br \/>\nTurboAir distribuie fluxul de aer de mare vitez\u0103 \u00eentr-un model cilindric peste alimente pentru o colorare rapid\u0103 uniform\u0103.<br \/>\nControlul reglabil al temperaturii, \u00eenc\u0103lzirea rapid\u0103 \u0219i g\u0103tirea direct\u0103 pe neoceramul dur ContactBase ofer\u0103 o culoare perfect\u0103 de baz\u0103 \u0219i o culoare crocant\u0103 &#8211; nu exist\u0103 fundul umed cu CiBO+!<br \/>\nUn cuptor cu microunde pornit din spate cu un agitator aduce vitez\u0103 procesului de g\u0103tit.<br \/>\nOb\u021bine\u021bi acelea\u0219i rezultate de \u00eenalt\u0103 calitate pentru fiecare comand\u0103. Pur \u0219i simplu ap\u0103sa\u021bi pe oricare dintre cele 40 de elemente de meniu de pe ecranul tactil QPad \u0219i cuptorul se va ocupa de restul.<br \/>\nPersonaliza\u021bi cu u\u0219urin\u021b\u0103 pozi\u021bia elementelor de meniu sau set\u0103rile re\u021betei pentru a se potrivi afacerii dvs. cu Touch &amp; Change. Doar atinge\u021bi ceea ce dori\u021bi s\u0103 schimba\u021bi.<br \/>\nAmprent\u0103 compact\u0103 de 395 mm x 665 mm cu un cuptor de dimensiuni generoase. CiBO+ poate \u00eenc\u0103pea oriunde, dar totu\u0219i ofer\u0103 o pizza de 12 inchi.<br \/>\nNu necesit\u0103 instalare &#8211; conecta\u021bi \u0219i g\u0103ti\u021bi.<br \/>\nUtiliza\u021bi spa\u021bii netradi\u021bionale cu tehnologie f\u0103r\u0103 ventila\u021bie.<br \/>\nProtec\u021bia antimicrobian\u0103 reduce r\u0103sp\u00e2ndirea viru\u0219ilor pe punctele de contact.<\/p>","protected":false},"featured_media":2184,"comment_status":"open","ping_status":"closed","template":"","meta":{"ocean_post_layout":"","ocean_both_sidebars_style":"","ocean_both_sidebars_content_width":0,"ocean_both_sidebars_sidebars_width":0,"ocean_sidebar":"0","ocean_second_sidebar":"0","ocean_disable_margins":"enable","ocean_add_body_class":"","ocean_shortcode_before_top_bar":"","ocean_shortcode_after_top_bar":"","ocean_shortcode_before_header":"","ocean_shortcode_after_header":"","ocean_has_shortcode":"","ocean_shortcode_after_title":"","ocean_shortcode_before_footer_widgets":"","ocean_shortcode_after_footer_widgets":"","ocean_shortcode_before_footer_bottom":"","ocean_shortcode_after_footer_bottom":"","ocean_display_top_bar":"default","ocean_display_header":"default","ocean_header_style":"","ocean_center_header_left_menu":"0","ocean_custom_header_template":"0","ocean_custom_logo":1809,"ocean_custom_retina_logo":1809,"ocean_custom_logo_max_width":0,"ocean_custom_logo_tablet_max_width":0,"ocean_custom_logo_mobile_max_width":0,"ocean_custom_logo_max_height":0,"ocean_custom_logo_tablet_max_height":0,"ocean_custom_logo_mobile_max_height":0,"ocean_header_custom_menu":"0","ocean_menu_typo_font_family":"0","ocean_menu_typo_font_subset":"","ocean_menu_typo_font_size":0,"ocean_menu_typo_font_size_tablet":0,"ocean_menu_typo_font_size_mobile":0,"ocean_menu_typo_font_size_unit":"px","ocean_menu_typo_font_weight":"","ocean_menu_typo_font_weight_tablet":"","ocean_menu_typo_font_weight_mobile":"","ocean_menu_typo_transform":"","ocean_menu_typo_transform_tablet":"","ocean_menu_typo_transform_mobile":"","ocean_menu_typo_line_height":0,"ocean_menu_typo_line_height_tablet":0,"ocean_menu_typo_line_height_mobile":0,"ocean_menu_typo_line_height_unit":"","ocean_menu_typo_spacing":0,"ocean_menu_typo_spacing_tablet":0,"ocean_menu_typo_spacing_mobile":0,"ocean_menu_typo_spacing_unit":"","ocean_menu_link_color":"","ocean_menu_link_color_hover":"","ocean_menu_link_color_active":"","ocean_menu_link_background":"","ocean_menu_link_hover_background":"","ocean_menu_link_active_background":"","ocean_menu_social_links_bg":"","ocean_menu_social_hover_links_bg":"","ocean_menu_social_links_color":"","ocean_menu_social_hover_links_color":"","ocean_disable_title":"default","ocean_disable_heading":"default","ocean_post_title":"","ocean_post_subheading":"","ocean_post_title_style":"","ocean_post_title_background_color":"","ocean_post_title_background":0,"ocean_post_title_bg_image_position":"","ocean_post_title_bg_image_attachment":"","ocean_post_title_bg_image_repeat":"","ocean_post_title_bg_image_size":"","ocean_post_title_height":0,"ocean_post_title_bg_overlay":0.5,"ocean_post_title_bg_overlay_color":"","ocean_disable_breadcrumbs":"default","ocean_breadcrumbs_color":"","ocean_breadcrumbs_separator_color":"","ocean_breadcrumbs_links_color":"","ocean_breadcrumbs_links_hover_color":"","ocean_display_footer_widgets":"default","ocean_display_footer_bottom":"default","ocean_custom_footer_template":"0"},"product_brand":[],"product_cat":[149,151],"product_tag":[176,175,173,170,171,174,172],"class_list":{"0":"post-1390","1":"product","2":"type-product","3":"status-publish","4":"has-post-thumbnail","6":"product_cat-aparatura","7":"product_cat-cuptor","8":"product_tag-bistro","9":"product_tag-cafenele","10":"product_tag-convectie","11":"product_tag-cuptor","12":"product_tag-panino-press","13":"product_tag-programe","14":"product_tag-viteza","16":"entry","17":"has-media","19":"first","20":"onbackorder","21":"taxable","22":"shipping-taxable","23":"product-type-simple","24":"has-product-nav","25":"col","26":"span_1_of_2","27":"owp-content-center","28":"owp-thumbs-layout-horizontal","29":"owp-btn-normal","30":"owp-tabs-layout-horizontal"},"yoast_head":"<!-- This site is optimized with the Yoast SEO plugin v27.3 - https:\/\/yoast.com\/product\/yoast-seo-wordpress\/ -->\n<title>Lincat CiBO+ High Speed Oven - PROLAB<\/title>\n<meta name=\"robots\" content=\"index, follow, max-snippet:-1, max-image-preview:large, max-video-preview:-1\" \/>\n<link rel=\"canonical\" href=\"https:\/\/prolab.ro\/ro\/produs\/cuptor-rapid-cibo\/\" \/>\n<meta property=\"og:locale\" content=\"ro_RO\" \/>\n<meta property=\"og:type\" content=\"article\" \/>\n<meta property=\"og:title\" content=\"Lincat CiBO+ High Speed Oven - PROLAB\" \/>\n<meta property=\"og:description\" content=\"CiBO+ utilizeaz\u0103 o tehnologie unic\u0103 tri-heat. Cuptorul cu microunde, TurboAir \u0219i ContactBase, combinate ofer\u0103 calitate, vitez\u0103 \u0219i consisten\u021b\u0103 de neegalat. G\u0103ti\u021bi \u00een secunde, nu minute, f\u0103r\u0103 a face compromisuri cu privire la calitatea alimentelor livrate.  CiBO+ utilizeaz\u0103 o tehnologie unic\u0103 tri-heat. Cuptorul cu microunde, TurboAir \u0219i ContactBase, combinate ofer\u0103 calitate, vitez\u0103 \u0219i consisten\u021b\u0103 de neegalat. TurboAir distribuie fluxul de aer de mare vitez\u0103 \u00eentr-un model cilindric peste alimente pentru o colorare rapid\u0103 uniform\u0103. Controlul reglabil al temperaturii, \u00eenc\u0103lzirea rapid\u0103 \u0219i g\u0103tirea direct\u0103 pe neoceramul dur ContactBase ofer\u0103 o culoare perfect\u0103 de baz\u0103 \u0219i o culoare crocant\u0103 - nu exist\u0103 fundul umed cu CiBO+! Un cuptor cu microunde pornit din spate cu un agitator aduce vitez\u0103 procesului de g\u0103tit. Ob\u021bine\u021bi acelea\u0219i rezultate de \u00eenalt\u0103 calitate pentru fiecare comand\u0103. Pur \u0219i simplu ap\u0103sa\u021bi pe oricare dintre cele 40 de elemente de meniu de pe ecranul tactil QPad \u0219i cuptorul se va ocupa de restul. Personaliza\u021bi cu u\u0219urin\u021b\u0103 pozi\u021bia elementelor de meniu sau set\u0103rile re\u021betei pentru a se potrivi afacerii dvs. cu Touch &amp; Change. Doar atinge\u021bi ceea ce dori\u021bi s\u0103 schimba\u021bi. Amprent\u0103 compact\u0103 de 395 mm x 665 mm cu un cuptor de dimensiuni generoase. CiBO+ poate \u00eenc\u0103pea oriunde, dar totu\u0219i ofer\u0103 o pizza de 12 inchi. Nu necesit\u0103 instalare - conecta\u021bi \u0219i g\u0103ti\u021bi. Utiliza\u021bi spa\u021bii netradi\u021bionale cu tehnologie f\u0103r\u0103 ventila\u021bie. Protec\u021bia antimicrobian\u0103 reduce r\u0103sp\u00e2ndirea viru\u0219ilor pe punctele de contact.\" \/>\n<meta property=\"og:url\" content=\"https:\/\/prolab.ro\/ro\/produs\/cuptor-rapid-cibo\/\" \/>\n<meta property=\"og:site_name\" content=\"PROLAB\" \/>\n<meta property=\"article:publisher\" content=\"https:\/\/www.facebook.com\/profile.php?id=100063772800673\" \/>\n<meta property=\"article:modified_time\" content=\"2025-05-03T08:42:18+00:00\" \/>\n<meta property=\"og:image\" content=\"https:\/\/prolab.ro\/wp-content\/uploads\/2023\/11\/CIBOPLUS_R_02.jpg\" \/>\n\t<meta property=\"og:image:width\" content=\"1000\" \/>\n\t<meta property=\"og:image:height\" content=\"1000\" \/>\n\t<meta property=\"og:image:type\" content=\"image\/jpeg\" \/>\n<meta name=\"twitter:card\" content=\"summary_large_image\" \/>\n<meta name=\"twitter:label1\" content=\"Timp estimat pentru citire\" \/>\n\t<meta name=\"twitter:data1\" content=\"1 minut\" \/>\n<script type=\"application\/ld+json\" class=\"yoast-schema-graph\">{\"@context\":\"https:\\\/\\\/schema.org\",\"@graph\":[{\"@type\":\"WebPage\",\"@id\":\"https:\\\/\\\/prolab.ro\\\/product\\\/cuptor-rapid-cibo\\\/\",\"url\":\"https:\\\/\\\/prolab.ro\\\/product\\\/cuptor-rapid-cibo\\\/\",\"name\":\"Lincat CiBO+ High Speed Oven - PROLAB\",\"isPartOf\":{\"@id\":\"https:\\\/\\\/prolab.ro\\\/ro\\\/#website\"},\"primaryImageOfPage\":{\"@id\":\"https:\\\/\\\/prolab.ro\\\/product\\\/cuptor-rapid-cibo\\\/#primaryimage\"},\"image\":{\"@id\":\"https:\\\/\\\/prolab.ro\\\/product\\\/cuptor-rapid-cibo\\\/#primaryimage\"},\"thumbnailUrl\":\"https:\\\/\\\/prolab.ro\\\/wp-content\\\/uploads\\\/2023\\\/11\\\/CIBOPLUS_R_02.jpg\",\"datePublished\":\"2021-01-21T17:38:29+00:00\",\"dateModified\":\"2025-05-03T08:42:18+00:00\",\"breadcrumb\":{\"@id\":\"https:\\\/\\\/prolab.ro\\\/product\\\/cuptor-rapid-cibo\\\/#breadcrumb\"},\"inLanguage\":\"ro-RO\",\"potentialAction\":[{\"@type\":\"ReadAction\",\"target\":[\"https:\\\/\\\/prolab.ro\\\/product\\\/cuptor-rapid-cibo\\\/\"]}]},{\"@type\":\"ImageObject\",\"inLanguage\":\"ro-RO\",\"@id\":\"https:\\\/\\\/prolab.ro\\\/product\\\/cuptor-rapid-cibo\\\/#primaryimage\",\"url\":\"https:\\\/\\\/prolab.ro\\\/wp-content\\\/uploads\\\/2023\\\/11\\\/CIBOPLUS_R_02.jpg\",\"contentUrl\":\"https:\\\/\\\/prolab.ro\\\/wp-content\\\/uploads\\\/2023\\\/11\\\/CIBOPLUS_R_02.jpg\",\"width\":1000,\"height\":1000},{\"@type\":\"BreadcrumbList\",\"@id\":\"https:\\\/\\\/prolab.ro\\\/product\\\/cuptor-rapid-cibo\\\/#breadcrumb\",\"itemListElement\":[{\"@type\":\"ListItem\",\"position\":1,\"name\":\"Home\",\"item\":\"https:\\\/\\\/prolab.ro\\\/\"},{\"@type\":\"ListItem\",\"position\":2,\"name\":\"Shop\",\"item\":\"https:\\\/\\\/prolab.ro\\\/shop\\\/\"},{\"@type\":\"ListItem\",\"position\":3,\"name\":\"Lincat CiBO+ High Speed Oven\"}]},{\"@type\":\"WebSite\",\"@id\":\"https:\\\/\\\/prolab.ro\\\/ro\\\/#website\",\"url\":\"https:\\\/\\\/prolab.ro\\\/ro\\\/\",\"name\":\"www.prolab.ro\",\"description\":\"Echipamente profesionale HORECA\",\"publisher\":{\"@id\":\"https:\\\/\\\/prolab.ro\\\/ro\\\/#organization\"},\"potentialAction\":[{\"@type\":\"SearchAction\",\"target\":{\"@type\":\"EntryPoint\",\"urlTemplate\":\"https:\\\/\\\/prolab.ro\\\/ro\\\/?s={search_term_string}\"},\"query-input\":{\"@type\":\"PropertyValueSpecification\",\"valueRequired\":true,\"valueName\":\"search_term_string\"}}],\"inLanguage\":\"ro-RO\"},{\"@type\":\"Organization\",\"@id\":\"https:\\\/\\\/prolab.ro\\\/ro\\\/#organization\",\"name\":\"HORECA PROLAB SRL\",\"url\":\"https:\\\/\\\/prolab.ro\\\/ro\\\/\",\"logo\":{\"@type\":\"ImageObject\",\"inLanguage\":\"ro-RO\",\"@id\":\"https:\\\/\\\/prolab.ro\\\/ro\\\/#\\\/schema\\\/logo\\\/image\\\/\",\"url\":\"https:\\\/\\\/prolab.ro\\\/wp-content\\\/uploads\\\/2020\\\/10\\\/cropped-2019-06-21-logos-03-B-red.png\",\"contentUrl\":\"https:\\\/\\\/prolab.ro\\\/wp-content\\\/uploads\\\/2020\\\/10\\\/cropped-2019-06-21-logos-03-B-red.png\",\"width\":1963,\"height\":546,\"caption\":\"HORECA PROLAB SRL\"},\"image\":{\"@id\":\"https:\\\/\\\/prolab.ro\\\/ro\\\/#\\\/schema\\\/logo\\\/image\\\/\"},\"sameAs\":[\"https:\\\/\\\/www.facebook.com\\\/profile.php?id=100063772800673\"]}]}<\/script>\n<!-- \/ Yoast SEO plugin. -->","yoast_head_json":{"title":"Lincat CiBO+ High Speed Oven - PROLAB","robots":{"index":"index","follow":"follow","max-snippet":"max-snippet:-1","max-image-preview":"max-image-preview:large","max-video-preview":"max-video-preview:-1"},"canonical":"https:\/\/prolab.ro\/ro\/produs\/cuptor-rapid-cibo\/","og_locale":"ro_RO","og_type":"article","og_title":"Lincat CiBO+ High Speed Oven - PROLAB","og_description":"CiBO+ utilizeaz\u0103 o tehnologie unic\u0103 tri-heat. Cuptorul cu microunde, TurboAir \u0219i ContactBase, combinate ofer\u0103 calitate, vitez\u0103 \u0219i consisten\u021b\u0103 de neegalat. G\u0103ti\u021bi \u00een secunde, nu minute, f\u0103r\u0103 a face compromisuri cu privire la calitatea alimentelor livrate.  CiBO+ utilizeaz\u0103 o tehnologie unic\u0103 tri-heat. Cuptorul cu microunde, TurboAir \u0219i ContactBase, combinate ofer\u0103 calitate, vitez\u0103 \u0219i consisten\u021b\u0103 de neegalat. TurboAir distribuie fluxul de aer de mare vitez\u0103 \u00eentr-un model cilindric peste alimente pentru o colorare rapid\u0103 uniform\u0103. Controlul reglabil al temperaturii, \u00eenc\u0103lzirea rapid\u0103 \u0219i g\u0103tirea direct\u0103 pe neoceramul dur ContactBase ofer\u0103 o culoare perfect\u0103 de baz\u0103 \u0219i o culoare crocant\u0103 - nu exist\u0103 fundul umed cu CiBO+! Un cuptor cu microunde pornit din spate cu un agitator aduce vitez\u0103 procesului de g\u0103tit. Ob\u021bine\u021bi acelea\u0219i rezultate de \u00eenalt\u0103 calitate pentru fiecare comand\u0103. Pur \u0219i simplu ap\u0103sa\u021bi pe oricare dintre cele 40 de elemente de meniu de pe ecranul tactil QPad \u0219i cuptorul se va ocupa de restul. Personaliza\u021bi cu u\u0219urin\u021b\u0103 pozi\u021bia elementelor de meniu sau set\u0103rile re\u021betei pentru a se potrivi afacerii dvs. cu Touch &amp; Change. Doar atinge\u021bi ceea ce dori\u021bi s\u0103 schimba\u021bi. Amprent\u0103 compact\u0103 de 395 mm x 665 mm cu un cuptor de dimensiuni generoase. CiBO+ poate \u00eenc\u0103pea oriunde, dar totu\u0219i ofer\u0103 o pizza de 12 inchi. Nu necesit\u0103 instalare - conecta\u021bi \u0219i g\u0103ti\u021bi. Utiliza\u021bi spa\u021bii netradi\u021bionale cu tehnologie f\u0103r\u0103 ventila\u021bie. Protec\u021bia antimicrobian\u0103 reduce r\u0103sp\u00e2ndirea viru\u0219ilor pe punctele de contact.","og_url":"https:\/\/prolab.ro\/ro\/produs\/cuptor-rapid-cibo\/","og_site_name":"PROLAB","article_publisher":"https:\/\/www.facebook.com\/profile.php?id=100063772800673","article_modified_time":"2025-05-03T08:42:18+00:00","og_image":[{"width":1000,"height":1000,"url":"https:\/\/prolab.ro\/wp-content\/uploads\/2023\/11\/CIBOPLUS_R_02.jpg","type":"image\/jpeg"}],"twitter_card":"summary_large_image","twitter_misc":{"Timp estimat pentru citire":"1 minut"},"schema":{"@context":"https:\/\/schema.org","@graph":[{"@type":"WebPage","@id":"https:\/\/prolab.ro\/product\/cuptor-rapid-cibo\/","url":"https:\/\/prolab.ro\/product\/cuptor-rapid-cibo\/","name":"Lincat CiBO+ High Speed Oven - PROLAB","isPartOf":{"@id":"https:\/\/prolab.ro\/ro\/#website"},"primaryImageOfPage":{"@id":"https:\/\/prolab.ro\/product\/cuptor-rapid-cibo\/#primaryimage"},"image":{"@id":"https:\/\/prolab.ro\/product\/cuptor-rapid-cibo\/#primaryimage"},"thumbnailUrl":"https:\/\/prolab.ro\/wp-content\/uploads\/2023\/11\/CIBOPLUS_R_02.jpg","datePublished":"2021-01-21T17:38:29+00:00","dateModified":"2025-05-03T08:42:18+00:00","breadcrumb":{"@id":"https:\/\/prolab.ro\/product\/cuptor-rapid-cibo\/#breadcrumb"},"inLanguage":"ro-RO","potentialAction":[{"@type":"ReadAction","target":["https:\/\/prolab.ro\/product\/cuptor-rapid-cibo\/"]}]},{"@type":"ImageObject","inLanguage":"ro-RO","@id":"https:\/\/prolab.ro\/product\/cuptor-rapid-cibo\/#primaryimage","url":"https:\/\/prolab.ro\/wp-content\/uploads\/2023\/11\/CIBOPLUS_R_02.jpg","contentUrl":"https:\/\/prolab.ro\/wp-content\/uploads\/2023\/11\/CIBOPLUS_R_02.jpg","width":1000,"height":1000},{"@type":"BreadcrumbList","@id":"https:\/\/prolab.ro\/product\/cuptor-rapid-cibo\/#breadcrumb","itemListElement":[{"@type":"ListItem","position":1,"name":"Home","item":"https:\/\/prolab.ro\/"},{"@type":"ListItem","position":2,"name":"Shop","item":"https:\/\/prolab.ro\/shop\/"},{"@type":"ListItem","position":3,"name":"Lincat CiBO+ High Speed Oven"}]},{"@type":"WebSite","@id":"https:\/\/prolab.ro\/ro\/#website","url":"https:\/\/prolab.ro\/ro\/","name":"www.prolab.ro","description":"Echipamente profesionale HORECA","publisher":{"@id":"https:\/\/prolab.ro\/ro\/#organization"},"potentialAction":[{"@type":"SearchAction","target":{"@type":"EntryPoint","urlTemplate":"https:\/\/prolab.ro\/ro\/?s={search_term_string}"},"query-input":{"@type":"PropertyValueSpecification","valueRequired":true,"valueName":"search_term_string"}}],"inLanguage":"ro-RO"},{"@type":"Organization","@id":"https:\/\/prolab.ro\/ro\/#organization","name":"HORECA PROLAB SRL","url":"https:\/\/prolab.ro\/ro\/","logo":{"@type":"ImageObject","inLanguage":"ro-RO","@id":"https:\/\/prolab.ro\/ro\/#\/schema\/logo\/image\/","url":"https:\/\/prolab.ro\/wp-content\/uploads\/2020\/10\/cropped-2019-06-21-logos-03-B-red.png","contentUrl":"https:\/\/prolab.ro\/wp-content\/uploads\/2020\/10\/cropped-2019-06-21-logos-03-B-red.png","width":1963,"height":546,"caption":"HORECA PROLAB SRL"},"image":{"@id":"https:\/\/prolab.ro\/ro\/#\/schema\/logo\/image\/"},"sameAs":["https:\/\/www.facebook.com\/profile.php?id=100063772800673"]}]}},"_links":{"self":[{"href":"https:\/\/prolab.ro\/ro\/wp-json\/wp\/v2\/product\/1390","targetHints":{"allow":["GET"]}}],"collection":[{"href":"https:\/\/prolab.ro\/ro\/wp-json\/wp\/v2\/product"}],"about":[{"href":"https:\/\/prolab.ro\/ro\/wp-json\/wp\/v2\/types\/product"}],"replies":[{"embeddable":true,"href":"https:\/\/prolab.ro\/ro\/wp-json\/wp\/v2\/comments?post=1390"}],"wp:featuredmedia":[{"embeddable":true,"href":"https:\/\/prolab.ro\/ro\/wp-json\/wp\/v2\/media\/2184"}],"wp:attachment":[{"href":"https:\/\/prolab.ro\/ro\/wp-json\/wp\/v2\/media?parent=1390"}],"wp:term":[{"taxonomy":"product_brand","embeddable":true,"href":"https:\/\/prolab.ro\/ro\/wp-json\/wp\/v2\/product_brand?post=1390"},{"taxonomy":"product_cat","embeddable":true,"href":"https:\/\/prolab.ro\/ro\/wp-json\/wp\/v2\/product_cat?post=1390"},{"taxonomy":"product_tag","embeddable":true,"href":"https:\/\/prolab.ro\/ro\/wp-json\/wp\/v2\/product_tag?post=1390"}],"curies":[{"name":"wp","href":"https:\/\/api.w.org\/{rel}","templated":true}]}}