{"id":3,"date":"2020-10-06T16:53:54","date_gmt":"2020-10-06T13:53:54","guid":{"rendered":"https:\/\/prolab.ro\/?page_id=3"},"modified":"2022-01-26T11:28:28","modified_gmt":"2022-01-26T08:28:28","slug":"privacy-policy","status":"publish","type":"page","link":"https:\/\/prolab.ro\/ro\/privacy-policy\/","title":{"rendered":"Privacy policy"},"content":{"rendered":"<p>Nota de informare privind protec\u0163ia datelor personale<\/p>\n\n\n\n<p>SC HORECA PROLAB SRL denumit\u0103 mai departe HORECA PROLAB SRL, \u00een calitate de autor, proprietar, administrator al www.prolab.ro, respect\u0103 caracterul privat \u015fi securitatea prelucr\u0103rii datelor cu caracter personal ale fiec\u0103rei persoane care viziteaz\u0103 acest site \u00een vederea efectu\u0103rii de cumparaturi on-line.<\/p>\n\n\n\n<p>\u00cen conformitate cu dispozi\u0163iile Legii nr. 677\/2001 pentru protec\u0163ia persoanelor cu privire la prelucrarea datelor cu caracter personal \u015fi libera circula\u0163ie a acestor date \u015fi ale Legii nr. 506\/2004 privind prelucrarea datelor cu caracter personal \u015fi protec\u0163ia vie\u0163ii private, HORECA PROLAB SRL are obliga\u0163ia de a administra \u00een condi\u0163ii de siguran\u0163\u0103 \u015fi numai pentru scopurile specificate mai jos, datele personale pe care ni le furniza\u0163i despre dumneavoastr\u0103, un membru al familiei dumneavoastr\u0103 ori o alt\u0103 persoan\u0103.<\/p>\n\n\n\n<p>HORECA PROLAB SRL se oblig\u0103 s\u0103 p\u0103streze confiden\u0163ialitatea datelor personale furnizate de dumneavoastr\u0103 prin intermediul site-ului www.prolab.ro si serviciului de relatii cu clientii, asa cum prev\u0103d dispozi\u0163iile Legii 677\/2001 cu modific\u0103rile ulterioare privind protec\u0163ia datelor personale.<\/p>\n\n\n\n<p>\u00cen conformitate cu dispozi\u0163iile Legii nr. 677\/2001, persoanele \u00eenregistrate, \u00een calitate de persoane vizate, au urm\u0103toarele drepturi:<\/p>\n\n\n\n<p>&nbsp;&nbsp;&nbsp;&nbsp;&nbsp;&nbsp;&nbsp;&nbsp;&nbsp;&nbsp;&nbsp;&nbsp; dreptul la informare (art.12)<br>&nbsp;&nbsp;&nbsp;&nbsp;&nbsp;&nbsp;&nbsp;&nbsp;&nbsp;&nbsp;&nbsp;&nbsp; dreptul de acces la date cu caracter personal (art.13);<br>&nbsp;&nbsp;&nbsp;&nbsp;&nbsp;&nbsp;&nbsp;&nbsp;&nbsp;&nbsp;&nbsp;&nbsp; dreptul de interven\u0163ie asupra datelor cu caracter personal (art.14);<br>&nbsp;&nbsp;&nbsp;&nbsp;&nbsp;&nbsp;&nbsp;&nbsp;&nbsp;&nbsp;&nbsp;&nbsp; dreptul de opozi\u0163ie (art.15);<br>&nbsp;&nbsp;&nbsp;&nbsp;&nbsp;&nbsp;&nbsp;&nbsp;&nbsp;&nbsp;&nbsp;&nbsp; dreptul de a nu fi supus unei decizii individuale (art.17);<br>&nbsp;&nbsp;&nbsp;&nbsp;&nbsp;&nbsp;&nbsp;&nbsp;&nbsp;&nbsp;&nbsp;&nbsp; dreptul de a se adresa justi\u0163iei (art.18).<\/p>\n\n\n\n<p>Orice informa\u0163ie furnizat\u0103 de dumneavoastr\u0103 va fi considerat\u0103 \u015fi va reprezenta consim\u0163\u0103m\u00e2ntul dumneavoastr\u0103 expres ca datele dumneavoastr\u0103 personale s\u0103 fie folosite de HORECA PROLAB SRL \u00een conformitate cu scopurile men\u0163ionate mai jos.<\/p>\n\n\n\n<p>Dac\u0103 nu dori\u0163i ca datele dumneavoastr\u0103 s\u0103 fie colectate v\u0103 rug\u0103m s\u0103 nu ni le furniza\u0163i.<\/p>\n\n\n\n<p>Dac\u0103 dori\u0163i ca datele dumneavoastr\u0103 personale s\u0103 fie actualizate sau scoase din baza de date, ne pute\u0163i notifica oric\u00e2nd acest lucru la urm\u0103toarea adres\u0103 de email: paula@prolab.ro<\/p>\n\n\n\n<p>Scopul colect\u0103rii datelor<\/p>\n\n\n\n<p>Atunci c\u00e2nd ne furniza\u0163i datele cu caracter personal, HORECA PROLAB SRL le poate utiliza \u00een urm\u0103toarele scopuri declarate, dac\u0103 nu se specifica \u00een alt fel:<\/p>\n\n\n\n<p>&nbsp;&nbsp;&nbsp;&nbsp;&nbsp;&nbsp;&nbsp;&nbsp;&nbsp;&nbsp;&nbsp;&nbsp; pentru a ne asigura c\u0103 pagina de web este relevant\u0103 pentru nevoile dumneavoastr\u0103;<br>&nbsp;&nbsp;&nbsp;&nbsp;&nbsp;&nbsp;&nbsp;&nbsp;&nbsp;&nbsp;&nbsp;&nbsp; pentru a v\u0103 confirma serviciile pe care le-a\u0163i achizi\u0163ionat \u00een sistem on-line \u015fi a v\u0103 furniza informa\u0163ii suplimentare cu privire la aceste servicii;<br>&nbsp;&nbsp;&nbsp;&nbsp;&nbsp;&nbsp;&nbsp;&nbsp;&nbsp;&nbsp;&nbsp;&nbsp; transmiterii de oferte, mesaje publicitare \u015fi de marketing;<br>&nbsp;&nbsp;&nbsp;&nbsp;&nbsp;&nbsp;&nbsp;&nbsp;&nbsp;&nbsp;&nbsp;&nbsp; informa\u0163ii despre promo\u0163ii prin po\u015fta \u015fi telefon, SMS, sau alte mijloace de comunicare cu privire la produsele HORECA PROLAB SRL sau ale firmelor partenere;<\/p>\n\n\n\n<p>HORECA PROLAB SRL poate dezv\u0103lui datele cu caracter personal c\u0103tre ter\u0163i dac\u0103 acest lucru este cerut de lege sau \u00een cazurile de bun\u0103-credin\u0163\u0103 \u00een care aceste ac\u0163iuni sunt necesare pentru conformarea la dispozi\u0163iile legale; protejarea \u015fi ap\u0103rarea drepturilor de proprietate ale HORECA PROLAB SRL \u015fi ale site-ului www.prolab.ro; ac\u0163ionarea \u00een circumstan\u0163e de urgen\u0163\u0103 pentru protejarea siguran\u0163ei personale a angaja\u0163ilor, utilizatorilor de produse sau servicii.<\/p>\n\n\n\n<p>Atunci c\u00e2nd HORECA PROLAB SRL este solicitat s\u0103 furnizeze date cu caracter personal sau nu se permite acest lucru, vor fi dezv\u0103luite doar acele date necesare \u00eendeplinirii stricte a obiectului solicit\u0103rii.<\/p>\n\n\n\n<p>Colectarea de date cu caracter personal<\/p>\n\n\n\n<p>Suplimentar fa\u0163\u0103 de cele de mai sus, colectarea de date cu caracter personal pe site-ul www.prolab.ro implic\u0103: efectuarea de cumparari on-line pe site-ul www.prolab.ro, necesit\u0103 furnizarea informa\u0163iilor solicitate \u015fi marcate a fi obligatorii, inclusiv datele cu caracter personal.<\/p>\n\n\n\n<p>Folosim datele cu caracter personal colectate pe site-ul www.prolab.ro, \u00een urm\u0103toarele scopuri:<\/p>\n\n\n\n<p>&nbsp;&nbsp;&nbsp;&nbsp;&nbsp;&nbsp;&nbsp;&nbsp;&nbsp;&nbsp;&nbsp;&nbsp; asigurarea serviciilor de transport;<br>&nbsp;&nbsp;&nbsp;&nbsp;&nbsp;&nbsp;&nbsp;&nbsp;&nbsp;&nbsp;&nbsp;&nbsp; factur\u0103rii serviciilor comandate de dumneavoastr\u0103;<br>&nbsp;&nbsp;&nbsp;&nbsp;&nbsp;&nbsp;&nbsp;&nbsp;&nbsp;&nbsp;&nbsp;&nbsp; efectu\u0103rii pla\u0163ii on-line;<br>&nbsp;&nbsp;&nbsp;&nbsp;&nbsp;&nbsp;&nbsp;&nbsp;&nbsp;&nbsp;&nbsp;&nbsp; asigur\u0103rii securit\u0103\u0163ii tranzac\u0163iei \/ pl\u0103\u0163ii on-line \/ carte de credit prin aplicarea de filtre antifraude;<\/p>\n\n\n\n<p>Datele cu caracter personal vor putea fi dezv\u0103luite f\u0103r\u0103 consim\u0163\u0103m\u00e2ntul dumneavoastr\u0103 \u00een caz de litigii\/dispute privind fraudele institu\u0163iilor abilitate.<\/p>\n\n\n\n<p>Utilizarea datelor statistice \u015fi a datelor anonime<\/p>\n\n\n\n<p>HORECA PROLAB SRL poate folosi datele statistice sau datele anonime rezultate \u00een urma prelucr\u0103rii \u00een urm\u0103toarele scopuri:<\/p>\n\n\n\n<p>&nbsp;&nbsp;&nbsp;&nbsp;&nbsp;&nbsp;&nbsp;&nbsp;&nbsp;&nbsp;&nbsp;&nbsp; realiz\u0103rii de rapoarte \/ analize;<br>&nbsp;&nbsp;&nbsp;&nbsp;&nbsp;&nbsp;&nbsp;&nbsp;&nbsp;&nbsp;&nbsp;&nbsp; realiz\u0103rii de informari \u00een scopuri proprii;<br>&nbsp;&nbsp;&nbsp;&nbsp;&nbsp;&nbsp;&nbsp;&nbsp;&nbsp;&nbsp;&nbsp;&nbsp; public\u0103rii, promov\u0103rii, ofertarii serviciilor oferite de HORECA PROLAB SRL<\/p>\n\n\n\n<p>Utilizarea cookie-urilor<\/p>\n\n\n\n<p>Cookie-urile (terminologia include &#8220;Internet Cookie&#8221;, &#8220;browser cookie&#8221;, &#8220;HTTP cookie&#8221; sau pur \u0219i simplu &#8220;cookie&#8221; ) sunt fi\u015fiere sau informa\u0163ii care pot fi stocate pe calculatorul dumneavoastr\u0103 sau pe dispozitive mobile, cu acces la Internet (smartphone sau tableta) atunci c\u00e2nd accesa\u0163i Internetul. Cookie-ul este instalat prin solicitarea emis\u0103 de c\u0103tre un web-server unui browser (ex: Internet Explorer, Chrome) \u015fi nu poate accesa informa\u0163iile de pe calculatorul\/dispozitivul mobil al utilizatorului. Men\u0163ion\u0103m c\u0103 aceast\u0103 tehnologie nu con\u0163ine programe software, viru\u015fi sau spyware.<\/p>\n\n\n\n<p>Utiliz\u0103m cookie-urile pentru a face Site-ul mai u\u015for de utilizat \u015fi pentru a-l adapta mai bine, prin ofertele noastre, la interesele \u015fi necesit\u0103\u0163ile dumneavoastr\u0103. Cookie-urile sunt utilizate \u015fi pentru a m\u0103ri viteza viitoarelor dumneavoastr\u0103 activit\u0103\u0163i \u015fi experien\u0163e pe site-ul nostru. Acestea se refer\u0103 la preferin\u0163ele dvs. \u00een materie de confiden\u0163ialitate online sau publicitate relevant\u0103. De asemenea utiliz\u0103m cookie-uri pentru a compila statistici anonime, cumulate, care ne permit s\u0103 \u00een\u0163elegem cum utilizeaz\u0103 oamenii Site-ul \u015fi pentru a ne ajuta s\u0103 \u00eembun\u0103t\u0103\u0163im structura \u015fi con\u0163inutul lui, excluz\u00e2nd indentificarea personal\u0103 a utilizatorului.<\/p>\n\n\n\n<p>Cum pot s\u0103 controlez sau s\u0103 \u015fterg cookie-urile?<\/p>\n\n\n\n<p>Majoritatea browserelor de Internet sunt setate ini\u0163ial pentru a accepta automat cookie-uri. Pute\u0163i modifica set\u0103rile pentru a bloca cookie-urile sau pentru fi notificat \u00een momentul c\u00e2nd sunt trimise cookie-uri c\u0103tre calculatorul sau dispozitivul dumneavoastr\u0103 mobil (smartphone, tablet\u0103).<\/p>\n\n\n\n<p>\u00cen cazul \u00een care anula\u0163i cookie-urile pe care le utiliz\u0103m, nu ve\u0163i mai primi informa\u0163ii personalizate atunci c\u00e2nd vizita\u0163i Site-ul HORECA PROLAB SRL.<\/p>\n\n\n\n<p>Dac\u0103 utiliza\u0163i mai multe dispozitive pentru a vizualiza \u015fi a accesa Site-ul (de ex. calculatorul, smartphone, tableta, etc) va trebui s\u0103 v\u0103 asigura\u0163i c\u0103 fiecare browser de pe fiecare dispozitiv este setat astfel \u00eenc\u00e2t s\u0103 corespund\u0103 preferin\u0163elor dumneavoastr\u0103 de cookie.<\/p>\n\n\n\n<p>Mai jos ave\u0163i c\u00e2teva link-uri, care v\u0103 explic\u0103 cum pute\u0163i schimba set\u0103rile cookie-urilor. Aceste set\u0103ri se g\u0103sesc de regul\u0103 \u00een &#8220;op\u0163iuni&#8221; sau \u00een meniul de &#8220;preferin\u0163e&#8221; al browserului. Pentru mai multe detalii pute\u0163i folosi \u015fi op\u0163iunea &#8220;ajutor&#8221; a browserului dumneavoastr\u0103.<\/p>\n\n\n\n<p>&nbsp;&nbsp;&nbsp;&nbsp;&nbsp;&nbsp;&nbsp;&nbsp;&nbsp;&nbsp;&nbsp;&nbsp; Cookie settings \u00een Internet Explorer<br>&nbsp;&nbsp;&nbsp;&nbsp;&nbsp;&nbsp;&nbsp;&nbsp;&nbsp;&nbsp;&nbsp;&nbsp; Cookie settings \u00een Firefox<br>&nbsp;&nbsp;&nbsp;&nbsp;&nbsp;&nbsp;&nbsp;&nbsp;&nbsp;&nbsp;&nbsp;&nbsp; Cookie settings \u00een Chrome<br>&nbsp;&nbsp;&nbsp;&nbsp;&nbsp;&nbsp;&nbsp;&nbsp;&nbsp;&nbsp;&nbsp;&nbsp; Cookie settings \u00een Safari<\/p>\n\n\n\n<p>Acest site folose\u015fte tehnologie de profilare anonim\u0103 a traficului<\/p>\n\n\n\n<p>Pentru a \u00eembun\u0103t\u0103\u0163i experien\u0163a utilizatorilor s\u0103i, acest website folose\u015fte tehnologia de profilare anonim\u0103 a traficului web.<\/p>","protected":false},"excerpt":{"rendered":"<p>Nota de informare privind protec\u0163ia datelor personale SC HORECA PROLAB SRL denumit\u0103 mai departe HORECA PROLAB SRL, \u00een calitate de autor, proprietar, administrator al www.prolab.ro, respect\u0103 caracterul privat \u015fi securitatea prelucr\u0103rii datelor cu caracter personal ale fiec\u0103rei persoane care viziteaz\u0103 acest site \u00een vederea efectu\u0103rii de cumparaturi on-line. \u00cen conformitate cu dispozi\u0163iile Legii nr. 677\/2001 [&hellip;]<\/p>\n","protected":false},"author":1,"featured_media":0,"parent":0,"menu_order":0,"comment_status":"closed","ping_status":"closed","template":"","meta":{"ocean_post_layout":"","ocean_both_sidebars_style":"","ocean_both_sidebars_content_width":0,"ocean_both_sidebars_sidebars_width":0,"ocean_sidebar":"0","ocean_second_sidebar":"0","ocean_disable_margins":"enable","ocean_add_body_class":"","ocean_shortcode_before_top_bar":"","ocean_shortcode_after_top_bar":"","ocean_shortcode_before_header":"","ocean_shortcode_after_header":"","ocean_has_shortcode":"","ocean_shortcode_after_title":"","ocean_shortcode_before_footer_widgets":"","ocean_shortcode_after_footer_widgets":"","ocean_shortcode_before_footer_bottom":"","ocean_shortcode_after_footer_bottom":"","ocean_display_top_bar":"default","ocean_display_header":"default","ocean_header_style":"","ocean_center_header_left_menu":"0","ocean_custom_header_template":"0","ocean_custom_logo":0,"ocean_custom_retina_logo":0,"ocean_custom_logo_max_width":0,"ocean_custom_logo_tablet_max_width":0,"ocean_custom_logo_mobile_max_width":0,"ocean_custom_logo_max_height":0,"ocean_custom_logo_tablet_max_height":0,"ocean_custom_logo_mobile_max_height":0,"ocean_header_custom_menu":"0","ocean_menu_typo_font_family":"0","ocean_menu_typo_font_subset":"","ocean_menu_typo_font_size":0,"ocean_menu_typo_font_size_tablet":0,"ocean_menu_typo_font_size_mobile":0,"ocean_menu_typo_font_size_unit":"px","ocean_menu_typo_font_weight":"","ocean_menu_typo_font_weight_tablet":"","ocean_menu_typo_font_weight_mobile":"","ocean_menu_typo_transform":"","ocean_menu_typo_transform_tablet":"","ocean_menu_typo_transform_mobile":"","ocean_menu_typo_line_height":0,"ocean_menu_typo_line_height_tablet":0,"ocean_menu_typo_line_height_mobile":0,"ocean_menu_typo_line_height_unit":"","ocean_menu_typo_spacing":0,"ocean_menu_typo_spacing_tablet":0,"ocean_menu_typo_spacing_mobile":0,"ocean_menu_typo_spacing_unit":"","ocean_menu_link_color":"","ocean_menu_link_color_hover":"","ocean_menu_link_color_active":"","ocean_menu_link_background":"","ocean_menu_link_hover_background":"","ocean_menu_link_active_background":"","ocean_menu_social_links_bg":"","ocean_menu_social_hover_links_bg":"","ocean_menu_social_links_color":"","ocean_menu_social_hover_links_color":"","ocean_disable_title":"default","ocean_disable_heading":"default","ocean_post_title":"","ocean_post_subheading":"","ocean_post_title_style":"","ocean_post_title_background_color":"","ocean_post_title_background":0,"ocean_post_title_bg_image_position":"","ocean_post_title_bg_image_attachment":"","ocean_post_title_bg_image_repeat":"","ocean_post_title_bg_image_size":"","ocean_post_title_height":0,"ocean_post_title_bg_overlay":0.5,"ocean_post_title_bg_overlay_color":"","ocean_disable_breadcrumbs":"default","ocean_breadcrumbs_color":"","ocean_breadcrumbs_separator_color":"","ocean_breadcrumbs_links_color":"","ocean_breadcrumbs_links_hover_color":"","ocean_display_footer_widgets":"default","ocean_display_footer_bottom":"default","ocean_custom_footer_template":"0","footnotes":""},"class_list":["post-3","page","type-page","status-publish","hentry","entry","owp-thumbs-layout-horizontal","owp-btn-normal","owp-tabs-layout-horizontal","has-no-thumbnails","has-product-nav"],"yoast_head":"<!-- This site is optimized with the Yoast SEO plugin v27.5 - https:\/\/yoast.com\/product\/yoast-seo-wordpress\/ -->\n<title>Privacy policy - PROLAB<\/title>\n<meta name=\"robots\" content=\"index, follow, max-snippet:-1, max-image-preview:large, max-video-preview:-1\" \/>\n<link rel=\"canonical\" href=\"https:\/\/prolab.ro\/ro\/privacy-policy\/\" \/>\n<meta property=\"og:locale\" content=\"ro_RO\" \/>\n<meta property=\"og:type\" content=\"article\" \/>\n<meta property=\"og:title\" content=\"Privacy policy - PROLAB\" \/>\n<meta property=\"og:description\" content=\"Nota de informare privind protec\u0163ia datelor personale SC HORECA PROLAB SRL denumit\u0103 mai departe HORECA PROLAB SRL, \u00een calitate de autor, proprietar, administrator al www.prolab.ro, respect\u0103 caracterul privat \u015fi securitatea prelucr\u0103rii datelor cu caracter personal ale fiec\u0103rei persoane care viziteaz\u0103 acest site \u00een vederea efectu\u0103rii de cumparaturi on-line. \u00cen conformitate cu dispozi\u0163iile Legii nr. 677\/2001 [&hellip;]\" \/>\n<meta property=\"og:url\" content=\"https:\/\/prolab.ro\/ro\/privacy-policy\/\" \/>\n<meta property=\"og:site_name\" content=\"PROLAB\" \/>\n<meta property=\"article:publisher\" content=\"https:\/\/www.facebook.com\/profile.php?id=100063772800673\" \/>\n<meta property=\"article:modified_time\" content=\"2022-01-26T08:28:28+00:00\" \/>\n<meta name=\"twitter:card\" content=\"summary_large_image\" \/>\n<meta name=\"twitter:label1\" content=\"Timp estimat pentru citire\" \/>\n\t<meta name=\"twitter:data1\" content=\"7 minute\" \/>\n<script type=\"application\/ld+json\" class=\"yoast-schema-graph\">{\"@context\":\"https:\\\/\\\/schema.org\",\"@graph\":[{\"@type\":\"WebPage\",\"@id\":\"https:\\\/\\\/prolab.ro\\\/privacy-policy\\\/\",\"url\":\"https:\\\/\\\/prolab.ro\\\/privacy-policy\\\/\",\"name\":\"Privacy policy - PROLAB\",\"isPartOf\":{\"@id\":\"https:\\\/\\\/prolab.ro\\\/ro\\\/#website\"},\"datePublished\":\"2020-10-06T13:53:54+00:00\",\"dateModified\":\"2022-01-26T08:28:28+00:00\",\"breadcrumb\":{\"@id\":\"https:\\\/\\\/prolab.ro\\\/privacy-policy\\\/#breadcrumb\"},\"inLanguage\":\"ro-RO\",\"potentialAction\":[{\"@type\":\"ReadAction\",\"target\":[\"https:\\\/\\\/prolab.ro\\\/privacy-policy\\\/\"]}]},{\"@type\":\"BreadcrumbList\",\"@id\":\"https:\\\/\\\/prolab.ro\\\/privacy-policy\\\/#breadcrumb\",\"itemListElement\":[{\"@type\":\"ListItem\",\"position\":1,\"name\":\"Home\",\"item\":\"https:\\\/\\\/prolab.ro\\\/\"},{\"@type\":\"ListItem\",\"position\":2,\"name\":\"Privacy policy\"}]},{\"@type\":\"WebSite\",\"@id\":\"https:\\\/\\\/prolab.ro\\\/ro\\\/#website\",\"url\":\"https:\\\/\\\/prolab.ro\\\/ro\\\/\",\"name\":\"www.prolab.ro\",\"description\":\"Echipamente profesionale HORECA\",\"publisher\":{\"@id\":\"https:\\\/\\\/prolab.ro\\\/ro\\\/#organization\"},\"potentialAction\":[{\"@type\":\"SearchAction\",\"target\":{\"@type\":\"EntryPoint\",\"urlTemplate\":\"https:\\\/\\\/prolab.ro\\\/ro\\\/?s={search_term_string}\"},\"query-input\":{\"@type\":\"PropertyValueSpecification\",\"valueRequired\":true,\"valueName\":\"search_term_string\"}}],\"inLanguage\":\"ro-RO\"},{\"@type\":\"Organization\",\"@id\":\"https:\\\/\\\/prolab.ro\\\/ro\\\/#organization\",\"name\":\"HORECA PROLAB SRL\",\"url\":\"https:\\\/\\\/prolab.ro\\\/ro\\\/\",\"logo\":{\"@type\":\"ImageObject\",\"inLanguage\":\"ro-RO\",\"@id\":\"https:\\\/\\\/prolab.ro\\\/ro\\\/#\\\/schema\\\/logo\\\/image\\\/\",\"url\":\"https:\\\/\\\/prolab.ro\\\/wp-content\\\/uploads\\\/2020\\\/10\\\/cropped-2019-06-21-logos-03-B-red.png\",\"contentUrl\":\"https:\\\/\\\/prolab.ro\\\/wp-content\\\/uploads\\\/2020\\\/10\\\/cropped-2019-06-21-logos-03-B-red.png\",\"width\":1963,\"height\":546,\"caption\":\"HORECA PROLAB SRL\"},\"image\":{\"@id\":\"https:\\\/\\\/prolab.ro\\\/ro\\\/#\\\/schema\\\/logo\\\/image\\\/\"},\"sameAs\":[\"https:\\\/\\\/www.facebook.com\\\/profile.php?id=100063772800673\"]}]}<\/script>\n<!-- \/ Yoast SEO plugin. -->","yoast_head_json":{"title":"Privacy policy - PROLAB","robots":{"index":"index","follow":"follow","max-snippet":"max-snippet:-1","max-image-preview":"max-image-preview:large","max-video-preview":"max-video-preview:-1"},"canonical":"https:\/\/prolab.ro\/ro\/privacy-policy\/","og_locale":"ro_RO","og_type":"article","og_title":"Privacy policy - PROLAB","og_description":"Nota de informare privind protec\u0163ia datelor personale SC HORECA PROLAB SRL denumit\u0103 mai departe HORECA PROLAB SRL, \u00een calitate de autor, proprietar, administrator al www.prolab.ro, respect\u0103 caracterul privat \u015fi securitatea prelucr\u0103rii datelor cu caracter personal ale fiec\u0103rei persoane care viziteaz\u0103 acest site \u00een vederea efectu\u0103rii de cumparaturi on-line. \u00cen conformitate cu dispozi\u0163iile Legii nr. 677\/2001 [&hellip;]","og_url":"https:\/\/prolab.ro\/ro\/privacy-policy\/","og_site_name":"PROLAB","article_publisher":"https:\/\/www.facebook.com\/profile.php?id=100063772800673","article_modified_time":"2022-01-26T08:28:28+00:00","twitter_card":"summary_large_image","twitter_misc":{"Timp estimat pentru citire":"7 minute"},"schema":{"@context":"https:\/\/schema.org","@graph":[{"@type":"WebPage","@id":"https:\/\/prolab.ro\/privacy-policy\/","url":"https:\/\/prolab.ro\/privacy-policy\/","name":"Privacy policy - PROLAB","isPartOf":{"@id":"https:\/\/prolab.ro\/ro\/#website"},"datePublished":"2020-10-06T13:53:54+00:00","dateModified":"2022-01-26T08:28:28+00:00","breadcrumb":{"@id":"https:\/\/prolab.ro\/privacy-policy\/#breadcrumb"},"inLanguage":"ro-RO","potentialAction":[{"@type":"ReadAction","target":["https:\/\/prolab.ro\/privacy-policy\/"]}]},{"@type":"BreadcrumbList","@id":"https:\/\/prolab.ro\/privacy-policy\/#breadcrumb","itemListElement":[{"@type":"ListItem","position":1,"name":"Home","item":"https:\/\/prolab.ro\/"},{"@type":"ListItem","position":2,"name":"Privacy policy"}]},{"@type":"WebSite","@id":"https:\/\/prolab.ro\/ro\/#website","url":"https:\/\/prolab.ro\/ro\/","name":"www.prolab.ro","description":"Echipamente profesionale HORECA","publisher":{"@id":"https:\/\/prolab.ro\/ro\/#organization"},"potentialAction":[{"@type":"SearchAction","target":{"@type":"EntryPoint","urlTemplate":"https:\/\/prolab.ro\/ro\/?s={search_term_string}"},"query-input":{"@type":"PropertyValueSpecification","valueRequired":true,"valueName":"search_term_string"}}],"inLanguage":"ro-RO"},{"@type":"Organization","@id":"https:\/\/prolab.ro\/ro\/#organization","name":"HORECA PROLAB SRL","url":"https:\/\/prolab.ro\/ro\/","logo":{"@type":"ImageObject","inLanguage":"ro-RO","@id":"https:\/\/prolab.ro\/ro\/#\/schema\/logo\/image\/","url":"https:\/\/prolab.ro\/wp-content\/uploads\/2020\/10\/cropped-2019-06-21-logos-03-B-red.png","contentUrl":"https:\/\/prolab.ro\/wp-content\/uploads\/2020\/10\/cropped-2019-06-21-logos-03-B-red.png","width":1963,"height":546,"caption":"HORECA PROLAB SRL"},"image":{"@id":"https:\/\/prolab.ro\/ro\/#\/schema\/logo\/image\/"},"sameAs":["https:\/\/www.facebook.com\/profile.php?id=100063772800673"]}]}},"_links":{"self":[{"href":"https:\/\/prolab.ro\/ro\/wp-json\/wp\/v2\/pages\/3","targetHints":{"allow":["GET"]}}],"collection":[{"href":"https:\/\/prolab.ro\/ro\/wp-json\/wp\/v2\/pages"}],"about":[{"href":"https:\/\/prolab.ro\/ro\/wp-json\/wp\/v2\/types\/page"}],"author":[{"embeddable":true,"href":"https:\/\/prolab.ro\/ro\/wp-json\/wp\/v2\/users\/1"}],"replies":[{"embeddable":true,"href":"https:\/\/prolab.ro\/ro\/wp-json\/wp\/v2\/comments?post=3"}],"version-history":[{"count":4,"href":"https:\/\/prolab.ro\/ro\/wp-json\/wp\/v2\/pages\/3\/revisions"}],"predecessor-version":[{"id":1748,"href":"https:\/\/prolab.ro\/ro\/wp-json\/wp\/v2\/pages\/3\/revisions\/1748"}],"wp:attachment":[{"href":"https:\/\/prolab.ro\/ro\/wp-json\/wp\/v2\/media?parent=3"}],"curies":[{"name":"wp","href":"https:\/\/api.w.org\/{rel}","templated":true}]}}