{"id":1695,"date":"2022-01-19T12:45:59","date_gmt":"2022-01-19T09:45:59","guid":{"rendered":"https:\/\/prolab.ro\/?page_id=1695"},"modified":"2022-01-27T11:01:10","modified_gmt":"2022-01-27T08:01:10","slug":"interventie-service","status":"publish","type":"page","link":"https:\/\/prolab.ro\/ro\/interventie-service\/","title":{"rendered":"Interventie service"},"content":{"rendered":"<p style=\"font-size:18px\">Echipa de service Horeca Prolab pune la dispozi\u021bia clientului interven\u021bie service de urgen\u021b\u0103, contra cost \u00een maxim 48 ore, \u00een func\u021bie de defec\u021biunile constatate \u0219i piesele de schimb necesare interven\u021biei, \u00een urm\u0103toarele ora\u0219e: Oradea, Cluj-Napoca, Baia Mare, Satu Mare, Arad, Timi\u0219oara, Sibiu, Bucure\u0219ti \u0219i Ia\u0219i.<\/p>\n\n\n\n<p style=\"font-size:18px\">For additional information and\u00a0price\u00a0offer request, please write to us at service@prolab.ro, and one of our colleagues will\u00a0reply\u00a0your request.<\/p>\n\n\n\n<p><\/p>\n\n\n\n<p><\/p>\n\n\n\n<figure class=\"wp-block-image size-large\"><img fetchpriority=\"high\" decoding=\"async\" width=\"888\" height=\"1024\" src=\"https:\/\/prolab.ro\/wp-content\/uploads\/2022\/01\/WhatsApp-Image-2022-01-17-at-09.37.45-888x1024.jpeg\" alt=\"\" class=\"wp-image-1696\" srcset=\"https:\/\/prolab.ro\/wp-content\/uploads\/2022\/01\/WhatsApp-Image-2022-01-17-at-09.37.45-888x1024.jpeg 888w, https:\/\/prolab.ro\/wp-content\/uploads\/2022\/01\/WhatsApp-Image-2022-01-17-at-09.37.45-260x300.jpeg 260w, https:\/\/prolab.ro\/wp-content\/uploads\/2022\/01\/WhatsApp-Image-2022-01-17-at-09.37.45-768x886.jpeg 768w, https:\/\/prolab.ro\/wp-content\/uploads\/2022\/01\/WhatsApp-Image-2022-01-17-at-09.37.45-10x12.jpeg 10w, https:\/\/prolab.ro\/wp-content\/uploads\/2022\/01\/WhatsApp-Image-2022-01-17-at-09.37.45-504x581.jpeg 504w, https:\/\/prolab.ro\/wp-content\/uploads\/2022\/01\/WhatsApp-Image-2022-01-17-at-09.37.45.jpeg 1220w\" sizes=\"(max-width: 888px) 100vw, 888px\" \/><\/figure>","protected":false},"excerpt":{"rendered":"<p>The Horeca Prolab service team provides the customer with emergency service intervention, for a fee within 48 hours, depending on the faults found and the spare parts required for the intervention, in the following cities: Oradea, Cluj-Napoca, Baia Mare, Satu Mare, Arad , Timisoara, Sibiu, Bucharest and Iasi. For additional information and\u00a0price\u00a0offer request, please write [&hellip;]<\/p>\n","protected":false},"author":2,"featured_media":1696,"parent":0,"menu_order":0,"comment_status":"closed","ping_status":"closed","template":"","meta":{"ocean_post_layout":"","ocean_both_sidebars_style":"","ocean_both_sidebars_content_width":0,"ocean_both_sidebars_sidebars_width":0,"ocean_sidebar":"0","ocean_second_sidebar":"0","ocean_disable_margins":"enable","ocean_add_body_class":"","ocean_shortcode_before_top_bar":"","ocean_shortcode_after_top_bar":"","ocean_shortcode_before_header":"","ocean_shortcode_after_header":"","ocean_has_shortcode":"","ocean_shortcode_after_title":"","ocean_shortcode_before_footer_widgets":"","ocean_shortcode_after_footer_widgets":"","ocean_shortcode_before_footer_bottom":"","ocean_shortcode_after_footer_bottom":"","ocean_display_top_bar":"default","ocean_display_header":"default","ocean_header_style":"","ocean_center_header_left_menu":"0","ocean_custom_header_template":"0","ocean_custom_logo":0,"ocean_custom_retina_logo":0,"ocean_custom_logo_max_width":0,"ocean_custom_logo_tablet_max_width":0,"ocean_custom_logo_mobile_max_width":0,"ocean_custom_logo_max_height":0,"ocean_custom_logo_tablet_max_height":0,"ocean_custom_logo_mobile_max_height":0,"ocean_header_custom_menu":"0","ocean_menu_typo_font_family":"0","ocean_menu_typo_font_subset":"","ocean_menu_typo_font_size":0,"ocean_menu_typo_font_size_tablet":0,"ocean_menu_typo_font_size_mobile":0,"ocean_menu_typo_font_size_unit":"px","ocean_menu_typo_font_weight":"","ocean_menu_typo_font_weight_tablet":"","ocean_menu_typo_font_weight_mobile":"","ocean_menu_typo_transform":"","ocean_menu_typo_transform_tablet":"","ocean_menu_typo_transform_mobile":"","ocean_menu_typo_line_height":0,"ocean_menu_typo_line_height_tablet":0,"ocean_menu_typo_line_height_mobile":0,"ocean_menu_typo_line_height_unit":"","ocean_menu_typo_spacing":0,"ocean_menu_typo_spacing_tablet":0,"ocean_menu_typo_spacing_mobile":0,"ocean_menu_typo_spacing_unit":"","ocean_menu_link_color":"","ocean_menu_link_color_hover":"","ocean_menu_link_color_active":"","ocean_menu_link_background":"","ocean_menu_link_hover_background":"","ocean_menu_link_active_background":"","ocean_menu_social_links_bg":"","ocean_menu_social_hover_links_bg":"","ocean_menu_social_links_color":"","ocean_menu_social_hover_links_color":"","ocean_disable_title":"default","ocean_disable_heading":"default","ocean_post_title":"","ocean_post_subheading":"","ocean_post_title_style":"","ocean_post_title_background_color":"","ocean_post_title_background":0,"ocean_post_title_bg_image_position":"","ocean_post_title_bg_image_attachment":"","ocean_post_title_bg_image_repeat":"","ocean_post_title_bg_image_size":"","ocean_post_title_height":0,"ocean_post_title_bg_overlay":0.5,"ocean_post_title_bg_overlay_color":"","ocean_disable_breadcrumbs":"default","ocean_breadcrumbs_color":"","ocean_breadcrumbs_separator_color":"","ocean_breadcrumbs_links_color":"","ocean_breadcrumbs_links_hover_color":"","ocean_display_footer_widgets":"default","ocean_display_footer_bottom":"default","ocean_custom_footer_template":"0","footnotes":""},"class_list":["post-1695","page","type-page","status-publish","has-post-thumbnail","hentry","entry","has-media","owp-thumbs-layout-horizontal","owp-btn-normal","owp-tabs-layout-horizontal","has-no-thumbnails","has-product-nav"],"yoast_head":"<!-- This site is optimized with the Yoast SEO plugin v27.5 - https:\/\/yoast.com\/product\/yoast-seo-wordpress\/ -->\n<title>Service intervention - PROLAB<\/title>\n<meta name=\"robots\" content=\"index, follow, max-snippet:-1, max-image-preview:large, max-video-preview:-1\" \/>\n<link rel=\"canonical\" href=\"https:\/\/prolab.ro\/ro\/interventie-service\/\" \/>\n<meta property=\"og:locale\" content=\"ro_RO\" \/>\n<meta property=\"og:type\" content=\"article\" \/>\n<meta property=\"og:title\" content=\"Service intervention - PROLAB\" \/>\n<meta property=\"og:description\" content=\"The Horeca Prolab service team provides the customer with emergency service intervention, for a fee within 48 hours, depending on the faults found and the spare parts required for the intervention, in the following cities: Oradea, Cluj-Napoca, Baia Mare, Satu Mare, Arad , Timisoara, Sibiu, Bucharest and Iasi. For additional information and\u00a0price\u00a0offer request, please write [&hellip;]\" \/>\n<meta property=\"og:url\" content=\"https:\/\/prolab.ro\/ro\/interventie-service\/\" \/>\n<meta property=\"og:site_name\" content=\"PROLAB\" \/>\n<meta property=\"article:publisher\" content=\"https:\/\/www.facebook.com\/profile.php?id=100063772800673\" \/>\n<meta property=\"article:modified_time\" content=\"2022-01-27T08:01:10+00:00\" \/>\n<meta property=\"og:image\" content=\"https:\/\/prolab.ro\/wp-content\/uploads\/2022\/01\/WhatsApp-Image-2022-01-17-at-09.37.45.jpeg\" \/>\n\t<meta property=\"og:image:width\" content=\"1220\" \/>\n\t<meta property=\"og:image:height\" content=\"1407\" \/>\n\t<meta property=\"og:image:type\" content=\"image\/jpeg\" \/>\n<meta name=\"twitter:card\" content=\"summary_large_image\" \/>\n<script type=\"application\/ld+json\" class=\"yoast-schema-graph\">{\"@context\":\"https:\\\/\\\/schema.org\",\"@graph\":[{\"@type\":\"WebPage\",\"@id\":\"https:\\\/\\\/prolab.ro\\\/interventie-service\\\/\",\"url\":\"https:\\\/\\\/prolab.ro\\\/interventie-service\\\/\",\"name\":\"Service intervention - PROLAB\",\"isPartOf\":{\"@id\":\"https:\\\/\\\/prolab.ro\\\/ro\\\/#website\"},\"primaryImageOfPage\":{\"@id\":\"https:\\\/\\\/prolab.ro\\\/interventie-service\\\/#primaryimage\"},\"image\":{\"@id\":\"https:\\\/\\\/prolab.ro\\\/interventie-service\\\/#primaryimage\"},\"thumbnailUrl\":\"https:\\\/\\\/prolab.ro\\\/wp-content\\\/uploads\\\/2022\\\/01\\\/WhatsApp-Image-2022-01-17-at-09.37.45.jpeg\",\"datePublished\":\"2022-01-19T09:45:59+00:00\",\"dateModified\":\"2022-01-27T08:01:10+00:00\",\"breadcrumb\":{\"@id\":\"https:\\\/\\\/prolab.ro\\\/interventie-service\\\/#breadcrumb\"},\"inLanguage\":\"ro-RO\",\"potentialAction\":[{\"@type\":\"ReadAction\",\"target\":[\"https:\\\/\\\/prolab.ro\\\/interventie-service\\\/\"]}]},{\"@type\":\"ImageObject\",\"inLanguage\":\"ro-RO\",\"@id\":\"https:\\\/\\\/prolab.ro\\\/interventie-service\\\/#primaryimage\",\"url\":\"https:\\\/\\\/prolab.ro\\\/wp-content\\\/uploads\\\/2022\\\/01\\\/WhatsApp-Image-2022-01-17-at-09.37.45.jpeg\",\"contentUrl\":\"https:\\\/\\\/prolab.ro\\\/wp-content\\\/uploads\\\/2022\\\/01\\\/WhatsApp-Image-2022-01-17-at-09.37.45.jpeg\",\"width\":1220,\"height\":1407},{\"@type\":\"BreadcrumbList\",\"@id\":\"https:\\\/\\\/prolab.ro\\\/interventie-service\\\/#breadcrumb\",\"itemListElement\":[{\"@type\":\"ListItem\",\"position\":1,\"name\":\"Home\",\"item\":\"https:\\\/\\\/prolab.ro\\\/\"},{\"@type\":\"ListItem\",\"position\":2,\"name\":\"Service intervention\"}]},{\"@type\":\"WebSite\",\"@id\":\"https:\\\/\\\/prolab.ro\\\/ro\\\/#website\",\"url\":\"https:\\\/\\\/prolab.ro\\\/ro\\\/\",\"name\":\"www.prolab.ro\",\"description\":\"Echipamente profesionale HORECA\",\"publisher\":{\"@id\":\"https:\\\/\\\/prolab.ro\\\/ro\\\/#organization\"},\"potentialAction\":[{\"@type\":\"SearchAction\",\"target\":{\"@type\":\"EntryPoint\",\"urlTemplate\":\"https:\\\/\\\/prolab.ro\\\/ro\\\/?s={search_term_string}\"},\"query-input\":{\"@type\":\"PropertyValueSpecification\",\"valueRequired\":true,\"valueName\":\"search_term_string\"}}],\"inLanguage\":\"ro-RO\"},{\"@type\":\"Organization\",\"@id\":\"https:\\\/\\\/prolab.ro\\\/ro\\\/#organization\",\"name\":\"HORECA PROLAB SRL\",\"url\":\"https:\\\/\\\/prolab.ro\\\/ro\\\/\",\"logo\":{\"@type\":\"ImageObject\",\"inLanguage\":\"ro-RO\",\"@id\":\"https:\\\/\\\/prolab.ro\\\/ro\\\/#\\\/schema\\\/logo\\\/image\\\/\",\"url\":\"https:\\\/\\\/prolab.ro\\\/wp-content\\\/uploads\\\/2020\\\/10\\\/cropped-2019-06-21-logos-03-B-red.png\",\"contentUrl\":\"https:\\\/\\\/prolab.ro\\\/wp-content\\\/uploads\\\/2020\\\/10\\\/cropped-2019-06-21-logos-03-B-red.png\",\"width\":1963,\"height\":546,\"caption\":\"HORECA PROLAB SRL\"},\"image\":{\"@id\":\"https:\\\/\\\/prolab.ro\\\/ro\\\/#\\\/schema\\\/logo\\\/image\\\/\"},\"sameAs\":[\"https:\\\/\\\/www.facebook.com\\\/profile.php?id=100063772800673\"]}]}<\/script>\n<!-- \/ Yoast SEO plugin. -->","yoast_head_json":{"title":"Service intervention - PROLAB","robots":{"index":"index","follow":"follow","max-snippet":"max-snippet:-1","max-image-preview":"max-image-preview:large","max-video-preview":"max-video-preview:-1"},"canonical":"https:\/\/prolab.ro\/ro\/interventie-service\/","og_locale":"ro_RO","og_type":"article","og_title":"Service intervention - PROLAB","og_description":"The Horeca Prolab service team provides the customer with emergency service intervention, for a fee within 48 hours, depending on the faults found and the spare parts required for the intervention, in the following cities: Oradea, Cluj-Napoca, Baia Mare, Satu Mare, Arad , Timisoara, Sibiu, Bucharest and Iasi. For additional information and\u00a0price\u00a0offer request, please write [&hellip;]","og_url":"https:\/\/prolab.ro\/ro\/interventie-service\/","og_site_name":"PROLAB","article_publisher":"https:\/\/www.facebook.com\/profile.php?id=100063772800673","article_modified_time":"2022-01-27T08:01:10+00:00","og_image":[{"width":1220,"height":1407,"url":"https:\/\/prolab.ro\/wp-content\/uploads\/2022\/01\/WhatsApp-Image-2022-01-17-at-09.37.45.jpeg","type":"image\/jpeg"}],"twitter_card":"summary_large_image","schema":{"@context":"https:\/\/schema.org","@graph":[{"@type":"WebPage","@id":"https:\/\/prolab.ro\/interventie-service\/","url":"https:\/\/prolab.ro\/interventie-service\/","name":"Service intervention - PROLAB","isPartOf":{"@id":"https:\/\/prolab.ro\/ro\/#website"},"primaryImageOfPage":{"@id":"https:\/\/prolab.ro\/interventie-service\/#primaryimage"},"image":{"@id":"https:\/\/prolab.ro\/interventie-service\/#primaryimage"},"thumbnailUrl":"https:\/\/prolab.ro\/wp-content\/uploads\/2022\/01\/WhatsApp-Image-2022-01-17-at-09.37.45.jpeg","datePublished":"2022-01-19T09:45:59+00:00","dateModified":"2022-01-27T08:01:10+00:00","breadcrumb":{"@id":"https:\/\/prolab.ro\/interventie-service\/#breadcrumb"},"inLanguage":"ro-RO","potentialAction":[{"@type":"ReadAction","target":["https:\/\/prolab.ro\/interventie-service\/"]}]},{"@type":"ImageObject","inLanguage":"ro-RO","@id":"https:\/\/prolab.ro\/interventie-service\/#primaryimage","url":"https:\/\/prolab.ro\/wp-content\/uploads\/2022\/01\/WhatsApp-Image-2022-01-17-at-09.37.45.jpeg","contentUrl":"https:\/\/prolab.ro\/wp-content\/uploads\/2022\/01\/WhatsApp-Image-2022-01-17-at-09.37.45.jpeg","width":1220,"height":1407},{"@type":"BreadcrumbList","@id":"https:\/\/prolab.ro\/interventie-service\/#breadcrumb","itemListElement":[{"@type":"ListItem","position":1,"name":"Home","item":"https:\/\/prolab.ro\/"},{"@type":"ListItem","position":2,"name":"Service intervention"}]},{"@type":"WebSite","@id":"https:\/\/prolab.ro\/ro\/#website","url":"https:\/\/prolab.ro\/ro\/","name":"www.prolab.ro","description":"Echipamente profesionale HORECA","publisher":{"@id":"https:\/\/prolab.ro\/ro\/#organization"},"potentialAction":[{"@type":"SearchAction","target":{"@type":"EntryPoint","urlTemplate":"https:\/\/prolab.ro\/ro\/?s={search_term_string}"},"query-input":{"@type":"PropertyValueSpecification","valueRequired":true,"valueName":"search_term_string"}}],"inLanguage":"ro-RO"},{"@type":"Organization","@id":"https:\/\/prolab.ro\/ro\/#organization","name":"HORECA PROLAB SRL","url":"https:\/\/prolab.ro\/ro\/","logo":{"@type":"ImageObject","inLanguage":"ro-RO","@id":"https:\/\/prolab.ro\/ro\/#\/schema\/logo\/image\/","url":"https:\/\/prolab.ro\/wp-content\/uploads\/2020\/10\/cropped-2019-06-21-logos-03-B-red.png","contentUrl":"https:\/\/prolab.ro\/wp-content\/uploads\/2020\/10\/cropped-2019-06-21-logos-03-B-red.png","width":1963,"height":546,"caption":"HORECA PROLAB SRL"},"image":{"@id":"https:\/\/prolab.ro\/ro\/#\/schema\/logo\/image\/"},"sameAs":["https:\/\/www.facebook.com\/profile.php?id=100063772800673"]}]}},"_links":{"self":[{"href":"https:\/\/prolab.ro\/ro\/wp-json\/wp\/v2\/pages\/1695","targetHints":{"allow":["GET"]}}],"collection":[{"href":"https:\/\/prolab.ro\/ro\/wp-json\/wp\/v2\/pages"}],"about":[{"href":"https:\/\/prolab.ro\/ro\/wp-json\/wp\/v2\/types\/page"}],"author":[{"embeddable":true,"href":"https:\/\/prolab.ro\/ro\/wp-json\/wp\/v2\/users\/2"}],"replies":[{"embeddable":true,"href":"https:\/\/prolab.ro\/ro\/wp-json\/wp\/v2\/comments?post=1695"}],"version-history":[{"count":6,"href":"https:\/\/prolab.ro\/ro\/wp-json\/wp\/v2\/pages\/1695\/revisions"}],"predecessor-version":[{"id":1872,"href":"https:\/\/prolab.ro\/ro\/wp-json\/wp\/v2\/pages\/1695\/revisions\/1872"}],"wp:featuredmedia":[{"embeddable":true,"href":"https:\/\/prolab.ro\/ro\/wp-json\/wp\/v2\/media\/1696"}],"wp:attachment":[{"href":"https:\/\/prolab.ro\/ro\/wp-json\/wp\/v2\/media?parent=1695"}],"curies":[{"name":"wp","href":"https:\/\/api.w.org\/{rel}","templated":true}]}}