{"id":1663,"date":"2022-01-17T12:18:52","date_gmt":"2022-01-17T09:18:52","guid":{"rendered":"https:\/\/prolab.ro\/?page_id=1663"},"modified":"2026-03-17T16:51:36","modified_gmt":"2026-03-17T13:51:36","slug":"despre-noi","status":"publish","type":"page","link":"https:\/\/prolab.ro\/ro\/despre-noi\/","title":{"rendered":"Despre noi"},"content":{"rendered":"<p style=\"font-size:18px\">Activitatea companiei noastre \u00eencepe \u00een 2019, dar experienta \u00een domeniu \u00eencepe din 2009. De la proiectare, ofertare, pana la implementarea afacerii, personalul calificat de la Horeca Prolab iti este al\u0103turi \u00een finalizarea detaliata a proiectului t\u0103u.&nbsp;<\/p>\n\n\n\n<p style=\"font-size:18px\">\u00cen fiecare proiect, Horeca Prolab \u00een\u021belege nevoile clientului \u0219i ofer\u0103 echipamente profesionale de ultima genera\u021bie, care ajuta clientul \u00eentr-un mod inovator \u0219i practic, sa isi realizeze activitatea.&nbsp;<\/p>\n\n\n\n<p style=\"font-size:18px\">Printre clien\u021bii nostrii se num\u0103r\u0103 afaceri de succes, pe care ne bucur\u0103m ca le-am sus\u021binut prin serviciile noastre profesionale.&nbsp;<\/p>\n\n\n\n<p style=\"font-size:18px\">Din 2020 ne-am creat brand-ul nostru de cafea Extro Verti cu un singur g\u00e2nd \u00een minte: sa oferim cea mai buna cafea de specialitate.<\/p>\n\n\n\n<p style=\"font-size:18px\">Tot in magazinul nostru online, pe langa cafea de specialitate, se pot cumpara produsele vegane de la Fonte, care sunt f\u0103r\u0103 coloran\u021bi \u0219i arome artificiale sau poten\u021biatori de arome. Prin gama de produse Fonte propunem clientului o abordare noua stilului de via\u021b\u0103 at\u00e2t de obi\u0219nuit zilelor noastre.&nbsp;<\/p>\n\n\n\n<p style=\"font-size:19px\">Mai jos pute\u021bi vizualiza o prezentare cu proiectele finalizate de compania noastr\u0103, sau proiecte \u00een derulare.<\/p>\n\n\n\n<div data-wp-interactive=\"core\/file\" class=\"wp-block-file\"><object data-wp-bind--hidden=\"!state.hasPdfPreview\" hidden class=\"wp-block-file__embed\" data=\"https:\/\/prolab.ro\/wp-content\/uploads\/2026\/03\/HORECA-PROLAB.pdf\" type=\"application\/pdf\" style=\"width:100%;height:600px\" aria-label=\"\u00cenglobare pentru HORECA PROLAB.\"><\/object><a id=\"wp-block-file--media-977c70d7-949a-40fe-851c-3aab68bfb154\" href=\"https:\/\/prolab.ro\/wp-content\/uploads\/2026\/03\/HORECA-PROLAB.pdf\">HORECA PROLAB<\/a><a href=\"https:\/\/prolab.ro\/wp-content\/uploads\/2026\/03\/HORECA-PROLAB.pdf\" class=\"wp-block-file__button wp-element-button\" download aria-describedby=\"wp-block-file--media-977c70d7-949a-40fe-851c-3aab68bfb154\">Download<\/a><\/div>\n\n\n\n<div data-wp-interactive=\"core\/file\" class=\"wp-block-file\"><object data-wp-bind--hidden=\"!state.hasPdfPreview\" hidden class=\"wp-block-file__embed\" data=\"https:\/\/prolab.ro\/wp-content\/uploads\/2023\/03\/Prezentare-Horeca-Prolab-2.pdf\" type=\"application\/pdf\" style=\"width:100%;height:600px\" aria-label=\"\u00cenglobare pentru Prezentare-Horeca-Prolab-2.\"><\/object><a id=\"wp-block-file--media-22c64efc-4d89-4aec-a1a8-dc0392e7b7b5\" href=\"https:\/\/prolab.ro\/wp-content\/uploads\/2023\/03\/Prezentare-Horeca-Prolab-2.pdf\">Prezentare-Horeca-Prolab-2<\/a><a href=\"https:\/\/prolab.ro\/wp-content\/uploads\/2023\/03\/Prezentare-Horeca-Prolab-2.pdf\" class=\"wp-block-file__button wp-element-button\" download aria-describedby=\"wp-block-file--media-22c64efc-4d89-4aec-a1a8-dc0392e7b7b5\">Download<\/a><\/div>","protected":false},"excerpt":{"rendered":"<p>The activity of our company starts in 2019, but the experience in the field starts in 2009. From the technological flow layout, price offer, to the implementation of the business, the qualified staff from Horeca Prolab takes you step by step in&nbsp;&nbsp;completing your detailed project.&nbsp; In each project, Horeca Prolab understands the client&#8217;s needs and [&hellip;]<\/p>\n","protected":false},"author":2,"featured_media":0,"parent":0,"menu_order":0,"comment_status":"closed","ping_status":"closed","template":"","meta":{"ocean_post_layout":"","ocean_both_sidebars_style":"","ocean_both_sidebars_content_width":0,"ocean_both_sidebars_sidebars_width":0,"ocean_sidebar":"0","ocean_second_sidebar":"0","ocean_disable_margins":"enable","ocean_add_body_class":"","ocean_shortcode_before_top_bar":"","ocean_shortcode_after_top_bar":"","ocean_shortcode_before_header":"","ocean_shortcode_after_header":"","ocean_has_shortcode":"","ocean_shortcode_after_title":"","ocean_shortcode_before_footer_widgets":"","ocean_shortcode_after_footer_widgets":"","ocean_shortcode_before_footer_bottom":"","ocean_shortcode_after_footer_bottom":"","ocean_display_top_bar":"default","ocean_display_header":"default","ocean_header_style":"","ocean_center_header_left_menu":"0","ocean_custom_header_template":"0","ocean_custom_logo":0,"ocean_custom_retina_logo":0,"ocean_custom_logo_max_width":0,"ocean_custom_logo_tablet_max_width":0,"ocean_custom_logo_mobile_max_width":0,"ocean_custom_logo_max_height":0,"ocean_custom_logo_tablet_max_height":0,"ocean_custom_logo_mobile_max_height":0,"ocean_header_custom_menu":"0","ocean_menu_typo_font_family":"0","ocean_menu_typo_font_subset":"","ocean_menu_typo_font_size":0,"ocean_menu_typo_font_size_tablet":0,"ocean_menu_typo_font_size_mobile":0,"ocean_menu_typo_font_size_unit":"px","ocean_menu_typo_font_weight":"","ocean_menu_typo_font_weight_tablet":"","ocean_menu_typo_font_weight_mobile":"","ocean_menu_typo_transform":"","ocean_menu_typo_transform_tablet":"","ocean_menu_typo_transform_mobile":"","ocean_menu_typo_line_height":0,"ocean_menu_typo_line_height_tablet":0,"ocean_menu_typo_line_height_mobile":0,"ocean_menu_typo_line_height_unit":"","ocean_menu_typo_spacing":0,"ocean_menu_typo_spacing_tablet":0,"ocean_menu_typo_spacing_mobile":0,"ocean_menu_typo_spacing_unit":"","ocean_menu_link_color":"","ocean_menu_link_color_hover":"","ocean_menu_link_color_active":"","ocean_menu_link_background":"","ocean_menu_link_hover_background":"","ocean_menu_link_active_background":"","ocean_menu_social_links_bg":"","ocean_menu_social_hover_links_bg":"","ocean_menu_social_links_color":"","ocean_menu_social_hover_links_color":"","ocean_disable_title":"default","ocean_disable_heading":"default","ocean_post_title":"","ocean_post_subheading":"","ocean_post_title_style":"","ocean_post_title_background_color":"","ocean_post_title_background":0,"ocean_post_title_bg_image_position":"","ocean_post_title_bg_image_attachment":"","ocean_post_title_bg_image_repeat":"","ocean_post_title_bg_image_size":"","ocean_post_title_height":0,"ocean_post_title_bg_overlay":0.5,"ocean_post_title_bg_overlay_color":"","ocean_disable_breadcrumbs":"default","ocean_breadcrumbs_color":"","ocean_breadcrumbs_separator_color":"","ocean_breadcrumbs_links_color":"","ocean_breadcrumbs_links_hover_color":"","ocean_display_footer_widgets":"default","ocean_display_footer_bottom":"default","ocean_custom_footer_template":"0","footnotes":""},"class_list":["post-1663","page","type-page","status-publish","hentry","entry","owp-thumbs-layout-horizontal","owp-btn-normal","owp-tabs-layout-horizontal","has-no-thumbnails","has-product-nav"],"yoast_head":"<!-- This site is optimized with the Yoast SEO plugin v27.4 - https:\/\/yoast.com\/product\/yoast-seo-wordpress\/ -->\n<title>About us - PROLAB<\/title>\n<meta name=\"robots\" content=\"index, follow, max-snippet:-1, max-image-preview:large, max-video-preview:-1\" \/>\n<link rel=\"canonical\" href=\"https:\/\/prolab.ro\/ro\/despre-noi\/\" \/>\n<meta property=\"og:locale\" content=\"ro_RO\" \/>\n<meta property=\"og:type\" content=\"article\" \/>\n<meta property=\"og:title\" content=\"About us - PROLAB\" \/>\n<meta property=\"og:description\" content=\"The activity of our company starts in 2019, but the experience in the field starts in 2009. From the technological flow layout, price offer, to the implementation of the business, the qualified staff from Horeca Prolab takes you step by step in&nbsp;&nbsp;completing your detailed project.&nbsp; In each project, Horeca Prolab understands the client&#8217;s needs and [&hellip;]\" \/>\n<meta property=\"og:url\" content=\"https:\/\/prolab.ro\/ro\/despre-noi\/\" \/>\n<meta property=\"og:site_name\" content=\"PROLAB\" \/>\n<meta property=\"article:publisher\" content=\"https:\/\/www.facebook.com\/profile.php?id=100063772800673\" \/>\n<meta property=\"article:modified_time\" content=\"2026-03-17T13:51:36+00:00\" \/>\n<meta name=\"twitter:card\" content=\"summary_large_image\" \/>\n<meta name=\"twitter:label1\" content=\"Timp estimat pentru citire\" \/>\n\t<meta name=\"twitter:data1\" content=\"1 minut\" \/>\n<script type=\"application\/ld+json\" class=\"yoast-schema-graph\">{\"@context\":\"https:\\\/\\\/schema.org\",\"@graph\":[{\"@type\":\"WebPage\",\"@id\":\"https:\\\/\\\/prolab.ro\\\/despre-noi\\\/\",\"url\":\"https:\\\/\\\/prolab.ro\\\/despre-noi\\\/\",\"name\":\"About us - PROLAB\",\"isPartOf\":{\"@id\":\"https:\\\/\\\/prolab.ro\\\/ro\\\/#website\"},\"datePublished\":\"2022-01-17T09:18:52+00:00\",\"dateModified\":\"2026-03-17T13:51:36+00:00\",\"breadcrumb\":{\"@id\":\"https:\\\/\\\/prolab.ro\\\/despre-noi\\\/#breadcrumb\"},\"inLanguage\":\"ro-RO\",\"potentialAction\":[{\"@type\":\"ReadAction\",\"target\":[\"https:\\\/\\\/prolab.ro\\\/despre-noi\\\/\"]}]},{\"@type\":\"BreadcrumbList\",\"@id\":\"https:\\\/\\\/prolab.ro\\\/despre-noi\\\/#breadcrumb\",\"itemListElement\":[{\"@type\":\"ListItem\",\"position\":1,\"name\":\"Home\",\"item\":\"https:\\\/\\\/prolab.ro\\\/\"},{\"@type\":\"ListItem\",\"position\":2,\"name\":\"About us\"}]},{\"@type\":\"WebSite\",\"@id\":\"https:\\\/\\\/prolab.ro\\\/ro\\\/#website\",\"url\":\"https:\\\/\\\/prolab.ro\\\/ro\\\/\",\"name\":\"www.prolab.ro\",\"description\":\"Echipamente profesionale HORECA\",\"publisher\":{\"@id\":\"https:\\\/\\\/prolab.ro\\\/ro\\\/#organization\"},\"potentialAction\":[{\"@type\":\"SearchAction\",\"target\":{\"@type\":\"EntryPoint\",\"urlTemplate\":\"https:\\\/\\\/prolab.ro\\\/ro\\\/?s={search_term_string}\"},\"query-input\":{\"@type\":\"PropertyValueSpecification\",\"valueRequired\":true,\"valueName\":\"search_term_string\"}}],\"inLanguage\":\"ro-RO\"},{\"@type\":\"Organization\",\"@id\":\"https:\\\/\\\/prolab.ro\\\/ro\\\/#organization\",\"name\":\"HORECA PROLAB SRL\",\"url\":\"https:\\\/\\\/prolab.ro\\\/ro\\\/\",\"logo\":{\"@type\":\"ImageObject\",\"inLanguage\":\"ro-RO\",\"@id\":\"https:\\\/\\\/prolab.ro\\\/ro\\\/#\\\/schema\\\/logo\\\/image\\\/\",\"url\":\"https:\\\/\\\/prolab.ro\\\/wp-content\\\/uploads\\\/2020\\\/10\\\/cropped-2019-06-21-logos-03-B-red.png\",\"contentUrl\":\"https:\\\/\\\/prolab.ro\\\/wp-content\\\/uploads\\\/2020\\\/10\\\/cropped-2019-06-21-logos-03-B-red.png\",\"width\":1963,\"height\":546,\"caption\":\"HORECA PROLAB SRL\"},\"image\":{\"@id\":\"https:\\\/\\\/prolab.ro\\\/ro\\\/#\\\/schema\\\/logo\\\/image\\\/\"},\"sameAs\":[\"https:\\\/\\\/www.facebook.com\\\/profile.php?id=100063772800673\"]}]}<\/script>\n<!-- \/ Yoast SEO plugin. -->","yoast_head_json":{"title":"About us - PROLAB","robots":{"index":"index","follow":"follow","max-snippet":"max-snippet:-1","max-image-preview":"max-image-preview:large","max-video-preview":"max-video-preview:-1"},"canonical":"https:\/\/prolab.ro\/ro\/despre-noi\/","og_locale":"ro_RO","og_type":"article","og_title":"About us - PROLAB","og_description":"The activity of our company starts in 2019, but the experience in the field starts in 2009. From the technological flow layout, price offer, to the implementation of the business, the qualified staff from Horeca Prolab takes you step by step in&nbsp;&nbsp;completing your detailed project.&nbsp; In each project, Horeca Prolab understands the client&#8217;s needs and [&hellip;]","og_url":"https:\/\/prolab.ro\/ro\/despre-noi\/","og_site_name":"PROLAB","article_publisher":"https:\/\/www.facebook.com\/profile.php?id=100063772800673","article_modified_time":"2026-03-17T13:51:36+00:00","twitter_card":"summary_large_image","twitter_misc":{"Timp estimat pentru citire":"1 minut"},"schema":{"@context":"https:\/\/schema.org","@graph":[{"@type":"WebPage","@id":"https:\/\/prolab.ro\/despre-noi\/","url":"https:\/\/prolab.ro\/despre-noi\/","name":"About us - PROLAB","isPartOf":{"@id":"https:\/\/prolab.ro\/ro\/#website"},"datePublished":"2022-01-17T09:18:52+00:00","dateModified":"2026-03-17T13:51:36+00:00","breadcrumb":{"@id":"https:\/\/prolab.ro\/despre-noi\/#breadcrumb"},"inLanguage":"ro-RO","potentialAction":[{"@type":"ReadAction","target":["https:\/\/prolab.ro\/despre-noi\/"]}]},{"@type":"BreadcrumbList","@id":"https:\/\/prolab.ro\/despre-noi\/#breadcrumb","itemListElement":[{"@type":"ListItem","position":1,"name":"Home","item":"https:\/\/prolab.ro\/"},{"@type":"ListItem","position":2,"name":"About us"}]},{"@type":"WebSite","@id":"https:\/\/prolab.ro\/ro\/#website","url":"https:\/\/prolab.ro\/ro\/","name":"www.prolab.ro","description":"Echipamente profesionale HORECA","publisher":{"@id":"https:\/\/prolab.ro\/ro\/#organization"},"potentialAction":[{"@type":"SearchAction","target":{"@type":"EntryPoint","urlTemplate":"https:\/\/prolab.ro\/ro\/?s={search_term_string}"},"query-input":{"@type":"PropertyValueSpecification","valueRequired":true,"valueName":"search_term_string"}}],"inLanguage":"ro-RO"},{"@type":"Organization","@id":"https:\/\/prolab.ro\/ro\/#organization","name":"HORECA PROLAB SRL","url":"https:\/\/prolab.ro\/ro\/","logo":{"@type":"ImageObject","inLanguage":"ro-RO","@id":"https:\/\/prolab.ro\/ro\/#\/schema\/logo\/image\/","url":"https:\/\/prolab.ro\/wp-content\/uploads\/2020\/10\/cropped-2019-06-21-logos-03-B-red.png","contentUrl":"https:\/\/prolab.ro\/wp-content\/uploads\/2020\/10\/cropped-2019-06-21-logos-03-B-red.png","width":1963,"height":546,"caption":"HORECA PROLAB SRL"},"image":{"@id":"https:\/\/prolab.ro\/ro\/#\/schema\/logo\/image\/"},"sameAs":["https:\/\/www.facebook.com\/profile.php?id=100063772800673"]}]}},"_links":{"self":[{"href":"https:\/\/prolab.ro\/ro\/wp-json\/wp\/v2\/pages\/1663","targetHints":{"allow":["GET"]}}],"collection":[{"href":"https:\/\/prolab.ro\/ro\/wp-json\/wp\/v2\/pages"}],"about":[{"href":"https:\/\/prolab.ro\/ro\/wp-json\/wp\/v2\/types\/page"}],"author":[{"embeddable":true,"href":"https:\/\/prolab.ro\/ro\/wp-json\/wp\/v2\/users\/2"}],"replies":[{"embeddable":true,"href":"https:\/\/prolab.ro\/ro\/wp-json\/wp\/v2\/comments?post=1663"}],"version-history":[{"count":17,"href":"https:\/\/prolab.ro\/ro\/wp-json\/wp\/v2\/pages\/1663\/revisions"}],"predecessor-version":[{"id":3130,"href":"https:\/\/prolab.ro\/ro\/wp-json\/wp\/v2\/pages\/1663\/revisions\/3130"}],"wp:attachment":[{"href":"https:\/\/prolab.ro\/ro\/wp-json\/wp\/v2\/media?parent=1663"}],"curies":[{"name":"wp","href":"https:\/\/api.w.org\/{rel}","templated":true}]}}